{"id":179,"date":"2020-01-20T19:24:46","date_gmt":"2020-01-20T19:24:46","guid":{"rendered":"http:\/\/esta-officiel-usa.com\/?page_id=179"},"modified":"2020-02-01T13:30:36","modified_gmt":"2020-02-01T13:30:36","slug":"qu-est-ce-que-l-esta","status":"publish","type":"page","link":"https:\/\/www.esta-officiel-usa.com\/fr\/qu-est-ce-que-l-esta\/","title":{"rendered":"Qu&rsquo;est ce que l&rsquo;ESTA"},"content":{"rendered":"\n<h1 class=\"wp-block-heading\">ESTA : QU&rsquo;EST-CE QUE C&rsquo;EST ?<\/h1>\n\n\n\n<p>Les fronti\u00e8res des \u00c9tats-Unis sont parmi les plus surveill\u00e9es au monde. L\u2019acc\u00e8s au territoire am\u00e9ricain \u00e9tant extr\u00eamement contr\u00f4l\u00e9, le gouvernement veut s\u2019assurer avant de remettre l\u2019ESTA\u00a0<a href=\"https:\/\/www.esta-officiel-usa.com\/fr\/obtenir-un-esta-en-ligne\/\">en ligne<\/a>, que toute personne \u00e9trang\u00e8re souhaitant traverser la fronti\u00e8re ne projette pas de porter atteinte\u00a0\u00e0 cette nation et ne fasse pas l\u2019objet d\u2019une interdiction de territoire.<\/p>\n\n\n\n<p>\u00c0 la\u00a0<a href=\"https:\/\/www.esta-officiel-usa.com\/fr\/difference-entre-esta-et-demande-de-visa-usa\/\">diff\u00e9rence<\/a>\u00a0du visa classique, le syst\u00e8me \u00e9lectronique d&rsquo;autorisation de voyage ESTA (acronyme de Electronic System for Travel Authorization) est un formulaire que les ressortissants des 38 pays adh\u00e9rant au programme d\u2019exemption de visa (ou\u00a0<a href=\"https:\/\/www.esta-officiel-usa.com\/fr\/les-38-pays-partenaires-du-visa-waiver-program\/\">Visa\u00a0Waiver Program<\/a>) doivent compl\u00e9ter sur internet, s\u2019ils d\u00e9sirent se rendre aux USA pour une dur\u00e9e inf\u00e9rieure \u00e0 90 jours. Cr\u00e9\u00e9e\u00a0en 2009 par le gouvernement am\u00e9ricain, (plus r\u00e9cemment au\u00a0<a href=\"https:\/\/www.esta-officiel-usa.com\/fr\/lautorisation-de-voyage-esta-canada\/\">Canada<\/a>\u00a0et bient\u00f4t en Europe avec l&rsquo;<a href=\"https:\/\/www.esta-officiel-usa.com\/fr\/etias-lesta-europeen\/\">ETIAS<\/a>) cette autorisation pr\u00e9alable (g\u00e9r\u00e9e par le\u00a0<a href=\"https:\/\/www.esta-officiel-usa.com\/fr\/le-departement-de-la-securite-interieure-americain\/\">DHS<\/a>)\u00a0a pour but de renforcer\u00a0<a href=\"https:\/\/www.esta-officiel-usa.com\/fr\/les-mesures-de-securite-pour-entrer-aux-etats-unis\/\">la s\u00e9curit\u00e9<\/a>\u00a0du territoire ainsi que des a\u00e9roports.<\/p>\n\n\n\n<p>Ainsi, les fran\u00e7ais d\u00e9sirant passer la fronti\u00e8re am\u00e9ricaine pour un s\u00e9jour de courte dur\u00e9e ou un\u00a0<a href=\"https:\/\/www.esta-officiel-usa.com\/fr\/esta-pour-transit-aux-etats-unis\/\">transit<\/a>\u00a0ne doivent plus se lancer dans la proc\u00e9dure relativement longue d\u2019obtention d&rsquo;un\u00a0<a href=\"https:\/\/www.esta-officiel-usa.com\/fr\/les-conditions-a-respecter-pour-obtenir-le-visa-usa\/\">VISA USA<\/a>, mais doivent simplement compl\u00e9ter le\u00a0<a href=\"https:\/\/www.esta-officiel-usa.com\/fr\/formulaire-esta-a-qui-est-il-destine\/\">formulaire ESTA<\/a>\u00a0pour signaler leur arriv\u00e9e sur le territoire.<\/p>\n\n\n\n<p>Vous pouvez obtenir sans aucun souci l\u2019autorisation\u00a0<a href=\"https:\/\/www.esta-officiel-usa.com\/fr\/lautorisation-esta-france\/\">ESTA France<\/a>, destin\u00e9e uniquement aux individus se rendant aux USA dans le cadre d\u2019une\u00a0<a href=\"https:\/\/www.esta-officiel-usa.com\/fr\/les-demarches-pour-visiter-les-etats-unis\/\">visite<\/a>\u00a0touristique (pensez par exemple \u00e0 d\u00e9couvrir les\u00a0<a href=\"https:\/\/www.esta-officiel-usa.com\/fr\/visite-des-parcs-nationaux-aux-etats-unis\/\">parcs nationaux<\/a>\u00a0!), d\u2019un voyage d\u2019affaires ou d\u2019un simple transit.<\/p>\n\n\n\n<p>L&rsquo;ESTA dispose d&rsquo;une\u00a0<a href=\"https:\/\/www.esta-officiel-usa.com\/fr\/la-duree-de-validite-de-lesta\/\">dur\u00e9e de\u00a0validit\u00e9<\/a>\u00a0de deux ans \u00e0 compter de sa date de d\u00e9livrance, ou jusqu\u2019\u00e0 la date d\u2019expiration du passeport, si ce dernier est valide moins de 2 ans.<\/p>\n\n\n\n<p>Poss\u00e9der l\u2019un des deux types de passeports accept\u00e9s&nbsp;est une condition essentielle pour obtenir cette autorisation&nbsp;:<\/p>\n\n\n\n<ul class=\"wp-block-list\"><li>passeport biom\u00e9trique<\/li><li>passeport \u00e9lectronique<\/li><\/ul>\n\n\n\n<p><strong>\u00c0 noter\u00a0:\u00a0<\/strong>La\u00a0<a href=\"https:\/\/www.esta-officiel-usa.com\/fr\/\">demande d&rsquo;autorisation\u00a0de voyage ESTA<\/a>\u00a0doit \u00eatre compl\u00e9t\u00e9e en ligne au plus tard 72 heures avant le d\u00e9part. Pensez donc bien \u00e0\u00a0<a href=\"https:\/\/www.esta-officiel-usa.com\/fr\/remplir-le-formulaire-esta-en-ligne\/\">remplir le formulaire<\/a>\u00a0d\u00e8s que vous connaissez les dates de votre voyage.<\/p>\n","protected":false},"excerpt":{"rendered":"<p>ESTA : QU&rsquo;EST-CE QUE C&rsquo;EST ? Les fronti\u00e8res des \u00c9tats-Unis sont parmi les plus surveill\u00e9es au monde. L\u2019acc\u00e8s au territoire am\u00e9ricain \u00e9tant extr\u00eamement contr\u00f4l\u00e9, le gouvernement veut s\u2019assurer avant de remettre l\u2019ESTA\u00a0en ligne, que toute personne \u00e9trang\u00e8re souhaitant traverser la fronti\u00e8re ne projette pas de porter atteinte\u00a0\u00e0 cette nation et ne fasse pas l\u2019objet d\u2019une [&hellip;]<\/p>\n","protected":false},"author":1,"featured_media":0,"parent":0,"menu_order":0,"comment_status":"closed","ping_status":"closed","template":"","meta":{"footnotes":""},"class_list":["post-179","page","type-page","status-publish","hentry"],"yoast_head":"<!-- This site is optimized with the Yoast SEO plugin v26.2 - https:\/\/yoast.com\/wordpress\/plugins\/seo\/ -->\n<title>Qu&#039;est ce que l&#039;ESTA<\/title>\n<meta name=\"description\" content=\"Afin de renforcer la s\u00e9curit\u00e9 sur le sol Am\u00e9ricain, le gouvernement a mis en place l&#039;ESTA, nos experts vous expliquent ce que c&#039;est.\" \/>\n<meta name=\"robots\" content=\"index, follow, max-snippet:-1, max-image-preview:large, max-video-preview:-1\" \/>\n<link rel=\"canonical\" href=\"https:\/\/www.esta-officiel-usa.com\/fr\/qu-est-ce-que-l-esta\/\" \/>\n<meta property=\"og:locale\" content=\"fr_FR\" \/>\n<meta property=\"og:type\" content=\"article\" \/>\n<meta property=\"og:title\" content=\"Qu&#039;est ce que l&#039;ESTA\" \/>\n<meta property=\"og:description\" content=\"Afin de renforcer la s\u00e9curit\u00e9 sur le sol Am\u00e9ricain, le gouvernement a mis en place l&#039;ESTA, nos experts vous expliquent ce que c&#039;est.\" \/>\n<meta property=\"og:url\" content=\"https:\/\/www.esta-officiel-usa.com\/fr\/qu-est-ce-que-l-esta\/\" \/>\n<meta property=\"og:site_name\" content=\"ESTA - Etats-Unis\" \/>\n<meta property=\"article:modified_time\" content=\"2020-02-01T13:30:36+00:00\" \/>\n<meta name=\"twitter:card\" content=\"summary_large_image\" \/>\n<meta name=\"twitter:label1\" content=\"Dur\u00e9e de lecture estim\u00e9e\" \/>\n\t<meta name=\"twitter:data1\" content=\"2 minutes\" \/>\n<script type=\"application\/ld+json\" class=\"yoast-schema-graph\">{\"@context\":\"https:\/\/schema.org\",\"@graph\":[{\"@type\":\"WebPage\",\"@id\":\"https:\/\/www.esta-officiel-usa.com\/fr\/qu-est-ce-que-l-esta\/\",\"url\":\"https:\/\/www.esta-officiel-usa.com\/fr\/qu-est-ce-que-l-esta\/\",\"name\":\"Qu'est ce que l'ESTA\",\"isPartOf\":{\"@id\":\"https:\/\/www.esta-officiel-usa.com\/fr\/#website\"},\"datePublished\":\"2020-01-20T19:24:46+00:00\",\"dateModified\":\"2020-02-01T13:30:36+00:00\",\"description\":\"Afin de renforcer la s\u00e9curit\u00e9 sur le sol Am\u00e9ricain, le gouvernement a mis en place l'ESTA, nos experts vous expliquent ce que c'est.\",\"breadcrumb\":{\"@id\":\"https:\/\/www.esta-officiel-usa.com\/fr\/qu-est-ce-que-l-esta\/#breadcrumb\"},\"inLanguage\":\"fr-FR\",\"potentialAction\":[{\"@type\":\"ReadAction\",\"target\":[\"https:\/\/www.esta-officiel-usa.com\/fr\/qu-est-ce-que-l-esta\/\"]}]},{\"@type\":\"BreadcrumbList\",\"@id\":\"https:\/\/www.esta-officiel-usa.com\/fr\/qu-est-ce-que-l-esta\/#breadcrumb\",\"itemListElement\":[{\"@type\":\"ListItem\",\"position\":1,\"name\":\"Home\",\"item\":\"https:\/\/www.esta-officiel-usa.com\/fr\/\"},{\"@type\":\"ListItem\",\"position\":2,\"name\":\"Qu&rsquo;est ce que l&rsquo;ESTA\"}]},{\"@type\":\"WebSite\",\"@id\":\"https:\/\/www.esta-officiel-usa.com\/fr\/#website\",\"url\":\"https:\/\/www.esta-officiel-usa.com\/fr\/\",\"name\":\"ESTA - Etats-Unis\",\"description\":\"Formulaire de demande ESTA\",\"potentialAction\":[{\"@type\":\"SearchAction\",\"target\":{\"@type\":\"EntryPoint\",\"urlTemplate\":\"https:\/\/www.esta-officiel-usa.com\/fr\/?s={search_term_string}\"},\"query-input\":{\"@type\":\"PropertyValueSpecification\",\"valueRequired\":true,\"valueName\":\"search_term_string\"}}],\"inLanguage\":\"fr-FR\"}]}<\/script>\n<!-- \/ Yoast SEO plugin. -->","yoast_head_json":{"title":"Qu'est ce que l'ESTA","description":"Afin de renforcer la s\u00e9curit\u00e9 sur le sol Am\u00e9ricain, le gouvernement a mis en place l'ESTA, nos experts vous expliquent ce que c'est.","robots":{"index":"index","follow":"follow","max-snippet":"max-snippet:-1","max-image-preview":"max-image-preview:large","max-video-preview":"max-video-preview:-1"},"canonical":"https:\/\/www.esta-officiel-usa.com\/fr\/qu-est-ce-que-l-esta\/","og_locale":"fr_FR","og_type":"article","og_title":"Qu'est ce que l'ESTA","og_description":"Afin de renforcer la s\u00e9curit\u00e9 sur le sol Am\u00e9ricain, le gouvernement a mis en place l'ESTA, nos experts vous expliquent ce que c'est.","og_url":"https:\/\/www.esta-officiel-usa.com\/fr\/qu-est-ce-que-l-esta\/","og_site_name":"ESTA - Etats-Unis","article_modified_time":"2020-02-01T13:30:36+00:00","twitter_card":"summary_large_image","twitter_misc":{"Dur\u00e9e de lecture estim\u00e9e":"2 minutes"},"schema":{"@context":"https:\/\/schema.org","@graph":[{"@type":"WebPage","@id":"https:\/\/www.esta-officiel-usa.com\/fr\/qu-est-ce-que-l-esta\/","url":"https:\/\/www.esta-officiel-usa.com\/fr\/qu-est-ce-que-l-esta\/","name":"Qu'est ce que l'ESTA","isPartOf":{"@id":"https:\/\/www.esta-officiel-usa.com\/fr\/#website"},"datePublished":"2020-01-20T19:24:46+00:00","dateModified":"2020-02-01T13:30:36+00:00","description":"Afin de renforcer la s\u00e9curit\u00e9 sur le sol Am\u00e9ricain, le gouvernement a mis en place l'ESTA, nos experts vous expliquent ce que c'est.","breadcrumb":{"@id":"https:\/\/www.esta-officiel-usa.com\/fr\/qu-est-ce-que-l-esta\/#breadcrumb"},"inLanguage":"fr-FR","potentialAction":[{"@type":"ReadAction","target":["https:\/\/www.esta-officiel-usa.com\/fr\/qu-est-ce-que-l-esta\/"]}]},{"@type":"BreadcrumbList","@id":"https:\/\/www.esta-officiel-usa.com\/fr\/qu-est-ce-que-l-esta\/#breadcrumb","itemListElement":[{"@type":"ListItem","position":1,"name":"Home","item":"https:\/\/www.esta-officiel-usa.com\/fr\/"},{"@type":"ListItem","position":2,"name":"Qu&rsquo;est ce que l&rsquo;ESTA"}]},{"@type":"WebSite","@id":"https:\/\/www.esta-officiel-usa.com\/fr\/#website","url":"https:\/\/www.esta-officiel-usa.com\/fr\/","name":"ESTA - Etats-Unis","description":"Formulaire de demande ESTA","potentialAction":[{"@type":"SearchAction","target":{"@type":"EntryPoint","urlTemplate":"https:\/\/www.esta-officiel-usa.com\/fr\/?s={search_term_string}"},"query-input":{"@type":"PropertyValueSpecification","valueRequired":true,"valueName":"search_term_string"}}],"inLanguage":"fr-FR"}]}},"_links":{"self":[{"href":"https:\/\/www.esta-officiel-usa.com\/fr\/wp-json\/wp\/v2\/pages\/179","targetHints":{"allow":["GET"]}}],"collection":[{"href":"https:\/\/www.esta-officiel-usa.com\/fr\/wp-json\/wp\/v2\/pages"}],"about":[{"href":"https:\/\/www.esta-officiel-usa.com\/fr\/wp-json\/wp\/v2\/types\/page"}],"author":[{"embeddable":true,"href":"https:\/\/www.esta-officiel-usa.com\/fr\/wp-json\/wp\/v2\/users\/1"}],"replies":[{"embeddable":true,"href":"https:\/\/www.esta-officiel-usa.com\/fr\/wp-json\/wp\/v2\/comments?post=179"}],"version-history":[{"count":2,"href":"https:\/\/www.esta-officiel-usa.com\/fr\/wp-json\/wp\/v2\/pages\/179\/revisions"}],"predecessor-version":[{"id":496,"href":"https:\/\/www.esta-officiel-usa.com\/fr\/wp-json\/wp\/v2\/pages\/179\/revisions\/496"}],"wp:attachment":[{"href":"https:\/\/www.esta-officiel-usa.com\/fr\/wp-json\/wp\/v2\/media?parent=179"}],"curies":[{"name":"wp","href":"https:\/\/api.w.org\/{rel}","templated":true}]}}