{"id":181,"date":"2020-01-20T19:26:45","date_gmt":"2020-01-20T19:26:45","guid":{"rendered":"http:\/\/esta-officiel-usa.com\/?page_id=181"},"modified":"2024-04-12T09:42:44","modified_gmt":"2024-04-12T09:42:44","slug":"esta-usa-comment-obtenir-ce-document","status":"publish","type":"page","link":"https:\/\/www.esta-officiel-usa.com\/fr\/esta-usa-comment-obtenir-ce-document\/","title":{"rendered":"ESTA comment obtenir ce document"},"content":{"rendered":"\n<h1 class=\"wp-block-heading\">OBTENIR L&rsquo;ESTA USA<\/h1>\n\n\n\n<p>Si vous d\u00e9sirez&nbsp;effectuer un&nbsp;<a href=\"https:\/\/www.esta-officiel-usa.com\/fr\/esta-pour-transit-aux-etats-unis\/\">transit<\/a>&nbsp;aux USA, y faire un s\u00e9jour touristique ou un voyage d\u2019affaire d\u2019une dur\u00e9e inf\u00e9rieure \u00e0 90 jours, vous n\u2019\u00eates pas dans l&rsquo;obligation&nbsp;d&rsquo;obtenir un&nbsp;<a href=\"https:\/\/www.esta-officiel-usa.com\/fr\/pourquoi-mon-visa-tourisme-usa-est-il-refuse\/\">VISA tourisme USA<\/a>, car la France figure&nbsp;sur&nbsp;la liste des pays participant au VISA Waiver Program (programme d\u2019exemption de visa).<\/p>\n\n\n\n<p>Une simple autorisation de s\u00e9jour ESTA officielle est\u00a0en effet suffisante pour partir.\u00a0Pour compl\u00e9ter cette\u00a0<a href=\"https:\/\/www.esta-officiel-usa.com\/fr\/les-formalites-dentree-aux-etats-unis\/\">formalit\u00e9<\/a>\u00a0et obtenir une <a href=\"https:\/\/www.esta-officiel-usa.com\/fr\/obtenir-un-esta-en-ligne\/\">ESTA en ligne<\/a>, deux solutions s\u2019offrent \u00e0 vous.\u00a0<\/p>\n\n\n\n<h2 class=\"wp-block-heading\">OBTENIR L\u2019ESTA USA SUR LE SITE OFFICIEL<\/h2>\n\n\n\n<p>Les voyageurs voulant recevoir l\u2019ESTA USA peuvent acc\u00e9der au site web officiel.<\/p>\n\n\n\n<p>Ces derniers n\u2019ont donc qu\u2019\u00e0 compl\u00e9ter le\u00a0<a href=\"https:\/\/www.esta-officiel-usa.com\/fr\/\">formulaire de demande ESTA USA<\/a> et ils re\u00e7oivent l\u2019autorisation de voyage directement par e-mail.<\/p>\n\n\n\n<p>Le&nbsp;<a href=\"https:\/\/www.esta-officiel-usa.com\/fr\/formulaire-esta-a-qui-est-il-destine\/\">formulaire ESTA<\/a>&nbsp;est \u00e0&nbsp;<a href=\"https:\/\/www.esta-officiel-usa.com\/fr\/remplir-le-formulaire-esta-en-ligne\/\">remplir<\/a>&nbsp;directement en ligne. Si vous ne savez pas&nbsp;<a href=\"https:\/\/www.esta-officiel-usa.com\/fr\/quand-faire-la-demande-desta\/\">quand&nbsp;faire la demande d&rsquo;ESTA<\/a>, sachez qu&rsquo;elle&nbsp;doit \u00eatre communiqu\u00e9e au moins 72 heures avant le d\u00e9part.<\/p>\n","protected":false},"excerpt":{"rendered":"<p>OBTENIR L&rsquo;ESTA USA Si vous d\u00e9sirez&nbsp;effectuer un&nbsp;transit&nbsp;aux USA, y faire un s\u00e9jour touristique ou un voyage d\u2019affaire d\u2019une dur\u00e9e inf\u00e9rieure \u00e0 90 jours, vous n\u2019\u00eates pas dans l&rsquo;obligation&nbsp;d&rsquo;obtenir un&nbsp;VISA tourisme USA, car la France figure&nbsp;sur&nbsp;la liste des pays participant au VISA Waiver Program (programme d\u2019exemption de visa). Une simple autorisation de s\u00e9jour ESTA officielle est\u00a0en [&hellip;]<\/p>\n","protected":false},"author":1,"featured_media":0,"parent":0,"menu_order":0,"comment_status":"closed","ping_status":"closed","template":"","meta":{"footnotes":""},"class_list":["post-181","page","type-page","status-publish","hentry"],"yoast_head":"<!-- This site is optimized with the Yoast SEO plugin v26.2 - https:\/\/yoast.com\/wordpress\/plugins\/seo\/ -->\n<title>ESTA comment obtenir ce document<\/title>\n<meta name=\"description\" content=\"Vous envisagez de voyager ou de transiter par les Etats-Unis, d\u00e9couvrez sur notre page comment vous procurer une autorisation ESTA.\" \/>\n<meta name=\"robots\" content=\"index, follow, max-snippet:-1, max-image-preview:large, max-video-preview:-1\" \/>\n<link rel=\"canonical\" href=\"https:\/\/www.esta-officiel-usa.com\/fr\/esta-usa-comment-obtenir-ce-document\/\" \/>\n<meta property=\"og:locale\" content=\"fr_FR\" \/>\n<meta property=\"og:type\" content=\"article\" \/>\n<meta property=\"og:title\" content=\"ESTA comment obtenir ce document\" \/>\n<meta property=\"og:description\" content=\"Vous envisagez de voyager ou de transiter par les Etats-Unis, d\u00e9couvrez sur notre page comment vous procurer une autorisation ESTA.\" \/>\n<meta property=\"og:url\" content=\"https:\/\/www.esta-officiel-usa.com\/fr\/esta-usa-comment-obtenir-ce-document\/\" \/>\n<meta property=\"og:site_name\" content=\"ESTA - Etats-Unis\" \/>\n<meta property=\"article:modified_time\" content=\"2024-04-12T09:42:44+00:00\" \/>\n<meta name=\"twitter:card\" content=\"summary_large_image\" \/>\n<meta name=\"twitter:label1\" content=\"Dur\u00e9e de lecture estim\u00e9e\" \/>\n\t<meta name=\"twitter:data1\" content=\"1 minute\" \/>\n<script type=\"application\/ld+json\" class=\"yoast-schema-graph\">{\"@context\":\"https:\/\/schema.org\",\"@graph\":[{\"@type\":\"WebPage\",\"@id\":\"https:\/\/www.esta-officiel-usa.com\/fr\/esta-usa-comment-obtenir-ce-document\/\",\"url\":\"https:\/\/www.esta-officiel-usa.com\/fr\/esta-usa-comment-obtenir-ce-document\/\",\"name\":\"ESTA comment obtenir ce document\",\"isPartOf\":{\"@id\":\"https:\/\/www.esta-officiel-usa.com\/fr\/#website\"},\"datePublished\":\"2020-01-20T19:26:45+00:00\",\"dateModified\":\"2024-04-12T09:42:44+00:00\",\"description\":\"Vous envisagez de voyager ou de transiter par les Etats-Unis, d\u00e9couvrez sur notre page comment vous procurer une autorisation ESTA.\",\"breadcrumb\":{\"@id\":\"https:\/\/www.esta-officiel-usa.com\/fr\/esta-usa-comment-obtenir-ce-document\/#breadcrumb\"},\"inLanguage\":\"fr-FR\",\"potentialAction\":[{\"@type\":\"ReadAction\",\"target\":[\"https:\/\/www.esta-officiel-usa.com\/fr\/esta-usa-comment-obtenir-ce-document\/\"]}]},{\"@type\":\"BreadcrumbList\",\"@id\":\"https:\/\/www.esta-officiel-usa.com\/fr\/esta-usa-comment-obtenir-ce-document\/#breadcrumb\",\"itemListElement\":[{\"@type\":\"ListItem\",\"position\":1,\"name\":\"Home\",\"item\":\"https:\/\/www.esta-officiel-usa.com\/fr\/\"},{\"@type\":\"ListItem\",\"position\":2,\"name\":\"ESTA comment obtenir ce document\"}]},{\"@type\":\"WebSite\",\"@id\":\"https:\/\/www.esta-officiel-usa.com\/fr\/#website\",\"url\":\"https:\/\/www.esta-officiel-usa.com\/fr\/\",\"name\":\"ESTA - Etats-Unis\",\"description\":\"Formulaire de demande ESTA\",\"potentialAction\":[{\"@type\":\"SearchAction\",\"target\":{\"@type\":\"EntryPoint\",\"urlTemplate\":\"https:\/\/www.esta-officiel-usa.com\/fr\/?s={search_term_string}\"},\"query-input\":{\"@type\":\"PropertyValueSpecification\",\"valueRequired\":true,\"valueName\":\"search_term_string\"}}],\"inLanguage\":\"fr-FR\"}]}<\/script>\n<!-- \/ Yoast SEO plugin. -->","yoast_head_json":{"title":"ESTA comment obtenir ce document","description":"Vous envisagez de voyager ou de transiter par les Etats-Unis, d\u00e9couvrez sur notre page comment vous procurer une autorisation ESTA.","robots":{"index":"index","follow":"follow","max-snippet":"max-snippet:-1","max-image-preview":"max-image-preview:large","max-video-preview":"max-video-preview:-1"},"canonical":"https:\/\/www.esta-officiel-usa.com\/fr\/esta-usa-comment-obtenir-ce-document\/","og_locale":"fr_FR","og_type":"article","og_title":"ESTA comment obtenir ce document","og_description":"Vous envisagez de voyager ou de transiter par les Etats-Unis, d\u00e9couvrez sur notre page comment vous procurer une autorisation ESTA.","og_url":"https:\/\/www.esta-officiel-usa.com\/fr\/esta-usa-comment-obtenir-ce-document\/","og_site_name":"ESTA - Etats-Unis","article_modified_time":"2024-04-12T09:42:44+00:00","twitter_card":"summary_large_image","twitter_misc":{"Dur\u00e9e de lecture estim\u00e9e":"1 minute"},"schema":{"@context":"https:\/\/schema.org","@graph":[{"@type":"WebPage","@id":"https:\/\/www.esta-officiel-usa.com\/fr\/esta-usa-comment-obtenir-ce-document\/","url":"https:\/\/www.esta-officiel-usa.com\/fr\/esta-usa-comment-obtenir-ce-document\/","name":"ESTA comment obtenir ce document","isPartOf":{"@id":"https:\/\/www.esta-officiel-usa.com\/fr\/#website"},"datePublished":"2020-01-20T19:26:45+00:00","dateModified":"2024-04-12T09:42:44+00:00","description":"Vous envisagez de voyager ou de transiter par les Etats-Unis, d\u00e9couvrez sur notre page comment vous procurer une autorisation ESTA.","breadcrumb":{"@id":"https:\/\/www.esta-officiel-usa.com\/fr\/esta-usa-comment-obtenir-ce-document\/#breadcrumb"},"inLanguage":"fr-FR","potentialAction":[{"@type":"ReadAction","target":["https:\/\/www.esta-officiel-usa.com\/fr\/esta-usa-comment-obtenir-ce-document\/"]}]},{"@type":"BreadcrumbList","@id":"https:\/\/www.esta-officiel-usa.com\/fr\/esta-usa-comment-obtenir-ce-document\/#breadcrumb","itemListElement":[{"@type":"ListItem","position":1,"name":"Home","item":"https:\/\/www.esta-officiel-usa.com\/fr\/"},{"@type":"ListItem","position":2,"name":"ESTA comment obtenir ce document"}]},{"@type":"WebSite","@id":"https:\/\/www.esta-officiel-usa.com\/fr\/#website","url":"https:\/\/www.esta-officiel-usa.com\/fr\/","name":"ESTA - Etats-Unis","description":"Formulaire de demande ESTA","potentialAction":[{"@type":"SearchAction","target":{"@type":"EntryPoint","urlTemplate":"https:\/\/www.esta-officiel-usa.com\/fr\/?s={search_term_string}"},"query-input":{"@type":"PropertyValueSpecification","valueRequired":true,"valueName":"search_term_string"}}],"inLanguage":"fr-FR"}]}},"_links":{"self":[{"href":"https:\/\/www.esta-officiel-usa.com\/fr\/wp-json\/wp\/v2\/pages\/181","targetHints":{"allow":["GET"]}}],"collection":[{"href":"https:\/\/www.esta-officiel-usa.com\/fr\/wp-json\/wp\/v2\/pages"}],"about":[{"href":"https:\/\/www.esta-officiel-usa.com\/fr\/wp-json\/wp\/v2\/types\/page"}],"author":[{"embeddable":true,"href":"https:\/\/www.esta-officiel-usa.com\/fr\/wp-json\/wp\/v2\/users\/1"}],"replies":[{"embeddable":true,"href":"https:\/\/www.esta-officiel-usa.com\/fr\/wp-json\/wp\/v2\/comments?post=181"}],"version-history":[{"count":4,"href":"https:\/\/www.esta-officiel-usa.com\/fr\/wp-json\/wp\/v2\/pages\/181\/revisions"}],"predecessor-version":[{"id":814,"href":"https:\/\/www.esta-officiel-usa.com\/fr\/wp-json\/wp\/v2\/pages\/181\/revisions\/814"}],"wp:attachment":[{"href":"https:\/\/www.esta-officiel-usa.com\/fr\/wp-json\/wp\/v2\/media?parent=181"}],"curies":[{"name":"wp","href":"https:\/\/api.w.org\/{rel}","templated":true}]}}