{"id":183,"date":"2020-01-20T19:28:14","date_gmt":"2020-01-20T19:28:14","guid":{"rendered":"http:\/\/esta-officiel-usa.com\/?page_id=183"},"modified":"2020-02-01T16:59:46","modified_gmt":"2020-02-01T16:59:46","slug":"esta-pour-transit-aux-etats-unis","status":"publish","type":"page","link":"https:\/\/www.esta-officiel-usa.com\/fr\/esta-pour-transit-aux-etats-unis\/","title":{"rendered":"L&rsquo;ESTA est il obligatoire pour transiter aux Etats-Unis"},"content":{"rendered":"\n<h1 class=\"wp-block-heading\">ESTA OBLIGATOIRE POUR TRANSITER AUX \u00c9TATS-UNIS<\/h1>\n\n\n\n<p>Votre voyage comprend une escale aux \u00c9tats-Unis ? Vous devez imp\u00e9rativement pr\u00e9senter certains documents de voyage lors de votre transit. Vous trouverez dans cet article la liste des pi\u00e8ces que vous devez poss\u00e9der, dont l&rsquo;<a href=\"https:\/\/www.esta-officiel-usa.com\/fr\/\">ESTA<\/a>.<br>&nbsp;<\/p>\n\n\n\n<h2 class=\"wp-block-heading\">USA : PR\u00c9SENTER SON ESTA LORS D\u2019UN TRANSIT<\/h2>\n\n\n\n<p>Les autorit\u00e9s am\u00e9ricaines, tr\u00e8s impliqu\u00e9es dans la s\u00e9curit\u00e9 int\u00e9rieure de leur pays&nbsp;en raison notamment du risque terroriste, effectuent un pr\u00e9-contr\u00f4le des personnes autoris\u00e9es \u00e0 acc\u00e9der \u00e0 leur sol. Ainsi, tout voyageur (enfants y compris) doit obligatoirement \u00eatre muni : &nbsp;<\/p>\n\n\n\n<ul class=\"wp-block-list\"><li>d\u2019un passeport \u00e9lectronique ou biom\u00e9trique en cours de validit\u00e9 ;<\/li><li>d\u2019une autorisation de s\u00e9jour (visa,&nbsp;<a href=\"news:\/\/\/fr\/les-formalites-darrivee-aux-usa-par-voie-terrestre\/\">green card&nbsp;<\/a>ou&nbsp;<a href=\"https:\/\/www.esta-officiel-usa.com\/fr\/lautorisation-esta\/\">ESTA<\/a>).<\/li><\/ul>\n\n\n\n<p>Dans le cadre d\u2019un simple\u00a0<a href=\"https:\/\/www.esta-officiel-usa.com\/fr\/quels-sont-les-differents-visas-de-transit-pour-les-etats-unis\/\">transit aux \u00c9tats-Unis<\/a>, le\u00a0<a href=\"https:\/\/www.esta-officiel-usa.com\/fr\/liste-des-documents-de-voyage-pour-les-usa\/\">document de voyage<\/a>\u00a0le plus facile \u00e0 solliciter est l\u2019<a href=\"https:\/\/www.esta-officiel-usa.com\/fr\/\">ESTA USA<\/a>. Moins co\u00fbteux que le\u00a0<a href=\"https:\/\/www.esta-officiel-usa.com\/fr\/difference-entre-esta-et-demande-de-visa-usa\/\">visa<\/a>\u00a0ou la green card, c\u2019est \u00e9galement l\u2019autorisation la plus rapide \u00e0 obtenir. Vous la recevez en moins de 72 h, et dans la majorit\u00e9 des cas, le jour m\u00eame de votre demande.<\/p>\n\n\n\n<p>Les personnes ne disposant pas d\u2019autorisation de s\u00e9jour en cours de&nbsp;<a href=\"https:\/\/www.esta-officiel-usa.com\/fr\/la-duree-de-validite-de-lesta\/\">validit\u00e9<\/a>&nbsp;peuvent se voir refuser l\u2019acc\u00e8s \u00e0 bord des appareils desservant les \u00c9tats-Unis et donc manquer leur correspondance.<\/p>\n\n\n\n<p>Afin d\u2019\u00e9viter tout d\u00e9sagr\u00e9ment, il est donc imp\u00e9ratif que vous anticipiez cet al\u00e9as et que vous vous procuriez une autorisation pour transiter aux \u00c9tats-Unis.<\/p>\n\n\n\n<p>Note : si vous faites une escale sur le continent nord-am\u00e9ricain&nbsp;avant d&rsquo;aller passer des vacances \u00e0 Hawa\u00ef, votre motif d&rsquo;ESTA n&rsquo;est pas un transit mais bien le tourisme, puisque l&rsquo;archipel fait partie du territoire am\u00e9ricain.<br>&nbsp;<\/p>\n\n\n\n<h2 class=\"wp-block-heading\">USA : OBTENIR SON ESTA POUR UN TRANSIT<\/h2>\n\n\n\n<p>Les passagers ne disposant pas d\u2019autorisation de transit en cours de validit\u00e9 peuvent facilement obtenir un ESTA.&nbsp;Ce document poss\u00e8de une dur\u00e9e de validit\u00e9 de deux ans et pr\u00e9sente l\u2019avantage de pouvoir effectuer plusieurs s\u00e9jours aux \u00c9tats-Unis (en respectant une dur\u00e9e de 90 jours maximum sur le sol am\u00e9ricain pour chaque voyage).<\/p>\n\n\n\n<p>Il peut \u00eatre obtenu directement et simplement depuis notre site internet. Il vous suffit de cliquer sur notre plateforme : vous acc\u00e9dez alors \u00e0 un&nbsp;<a href=\"https:\/\/www.esta-officiel-usa.com\/fr\/le-formulaire-esta-pour-les-usa-a-completer\/\">formulaire<\/a>&nbsp;\u00e0 remplir. Une fois les informations d\u00fbment compl\u00e9t\u00e9es, nos experts prennent le relais et finalisent la proc\u00e9dure ! Ils proc\u00e8dent \u00e0 une v\u00e9rification de toutes les informations saisies puis adressent votre demande au service comp\u00e9tent \u00e0 la d\u00e9livrance d\u2019ESTA officiels. Vous recevez votre autorisation tr\u00e8s rapidement ! &nbsp;<\/p>\n\n\n\n<p>L\u2019int\u00e9r\u00eat de faire appel \u00e0 notre soci\u00e9t\u00e9 r\u00e9side \u00e9galement dans le fait que nos conseillers se tiennent \u00e0 votre enti\u00e8re disposition tout au long de la d\u00e9marche. Ils vous aiguillent en cas d\u2019h\u00e9sitation et r\u00e9pondent \u00e0 chacune de vos interrogations, sur simple demande. Gagnez du temps et transitez sereinement aux \u00c9tats-Unis gr\u00e2ce \u00e0 esta-officiel-usa.com.<\/p>\n","protected":false},"excerpt":{"rendered":"<p>ESTA OBLIGATOIRE POUR TRANSITER AUX \u00c9TATS-UNIS Votre voyage comprend une escale aux \u00c9tats-Unis ? Vous devez imp\u00e9rativement pr\u00e9senter certains documents de voyage lors de votre transit. Vous trouverez dans cet article la liste des pi\u00e8ces que vous devez poss\u00e9der, dont l&rsquo;ESTA.&nbsp; USA : PR\u00c9SENTER SON ESTA LORS D\u2019UN TRANSIT Les autorit\u00e9s am\u00e9ricaines, tr\u00e8s impliqu\u00e9es dans [&hellip;]<\/p>\n","protected":false},"author":1,"featured_media":0,"parent":0,"menu_order":0,"comment_status":"closed","ping_status":"closed","template":"","meta":{"footnotes":""},"class_list":["post-183","page","type-page","status-publish","hentry"],"yoast_head":"<!-- This site is optimized with the Yoast SEO plugin v26.2 - https:\/\/yoast.com\/wordpress\/plugins\/seo\/ -->\n<title>L&#039;ESTA est il obligatoire pour transiter aux Etats-Unis<\/title>\n<meta name=\"description\" content=\"Votre voyage comprend une escale aux \u00c9tats-Unis ? Vous devez imp\u00e9rativement pr\u00e9senter certains documents de voyage lors de votre transit.\" \/>\n<meta name=\"robots\" content=\"index, follow, max-snippet:-1, max-image-preview:large, max-video-preview:-1\" \/>\n<link rel=\"canonical\" href=\"https:\/\/www.esta-officiel-usa.com\/fr\/esta-pour-transit-aux-etats-unis\/\" \/>\n<meta property=\"og:locale\" content=\"fr_FR\" \/>\n<meta property=\"og:type\" content=\"article\" \/>\n<meta property=\"og:title\" content=\"L&#039;ESTA est il obligatoire pour transiter aux Etats-Unis\" \/>\n<meta property=\"og:description\" content=\"Votre voyage comprend une escale aux \u00c9tats-Unis ? Vous devez imp\u00e9rativement pr\u00e9senter certains documents de voyage lors de votre transit.\" \/>\n<meta property=\"og:url\" content=\"https:\/\/www.esta-officiel-usa.com\/fr\/esta-pour-transit-aux-etats-unis\/\" \/>\n<meta property=\"og:site_name\" content=\"ESTA - Etats-Unis\" \/>\n<meta property=\"article:modified_time\" content=\"2020-02-01T16:59:46+00:00\" \/>\n<meta name=\"twitter:card\" content=\"summary_large_image\" \/>\n<meta name=\"twitter:label1\" content=\"Dur\u00e9e de lecture estim\u00e9e\" \/>\n\t<meta name=\"twitter:data1\" content=\"2 minutes\" \/>\n<script type=\"application\/ld+json\" class=\"yoast-schema-graph\">{\"@context\":\"https:\/\/schema.org\",\"@graph\":[{\"@type\":\"WebPage\",\"@id\":\"https:\/\/www.esta-officiel-usa.com\/fr\/esta-pour-transit-aux-etats-unis\/\",\"url\":\"https:\/\/www.esta-officiel-usa.com\/fr\/esta-pour-transit-aux-etats-unis\/\",\"name\":\"L'ESTA est il obligatoire pour transiter aux Etats-Unis\",\"isPartOf\":{\"@id\":\"https:\/\/www.esta-officiel-usa.com\/fr\/#website\"},\"datePublished\":\"2020-01-20T19:28:14+00:00\",\"dateModified\":\"2020-02-01T16:59:46+00:00\",\"description\":\"Votre voyage comprend une escale aux \u00c9tats-Unis ? Vous devez imp\u00e9rativement pr\u00e9senter certains documents de voyage lors de votre transit.\",\"breadcrumb\":{\"@id\":\"https:\/\/www.esta-officiel-usa.com\/fr\/esta-pour-transit-aux-etats-unis\/#breadcrumb\"},\"inLanguage\":\"fr-FR\",\"potentialAction\":[{\"@type\":\"ReadAction\",\"target\":[\"https:\/\/www.esta-officiel-usa.com\/fr\/esta-pour-transit-aux-etats-unis\/\"]}]},{\"@type\":\"BreadcrumbList\",\"@id\":\"https:\/\/www.esta-officiel-usa.com\/fr\/esta-pour-transit-aux-etats-unis\/#breadcrumb\",\"itemListElement\":[{\"@type\":\"ListItem\",\"position\":1,\"name\":\"Home\",\"item\":\"https:\/\/www.esta-officiel-usa.com\/fr\/\"},{\"@type\":\"ListItem\",\"position\":2,\"name\":\"L&rsquo;ESTA est il obligatoire pour transiter aux Etats-Unis\"}]},{\"@type\":\"WebSite\",\"@id\":\"https:\/\/www.esta-officiel-usa.com\/fr\/#website\",\"url\":\"https:\/\/www.esta-officiel-usa.com\/fr\/\",\"name\":\"ESTA - Etats-Unis\",\"description\":\"Formulaire de demande ESTA\",\"potentialAction\":[{\"@type\":\"SearchAction\",\"target\":{\"@type\":\"EntryPoint\",\"urlTemplate\":\"https:\/\/www.esta-officiel-usa.com\/fr\/?s={search_term_string}\"},\"query-input\":{\"@type\":\"PropertyValueSpecification\",\"valueRequired\":true,\"valueName\":\"search_term_string\"}}],\"inLanguage\":\"fr-FR\"}]}<\/script>\n<!-- \/ Yoast SEO plugin. -->","yoast_head_json":{"title":"L'ESTA est il obligatoire pour transiter aux Etats-Unis","description":"Votre voyage comprend une escale aux \u00c9tats-Unis ? Vous devez imp\u00e9rativement pr\u00e9senter certains documents de voyage lors de votre transit.","robots":{"index":"index","follow":"follow","max-snippet":"max-snippet:-1","max-image-preview":"max-image-preview:large","max-video-preview":"max-video-preview:-1"},"canonical":"https:\/\/www.esta-officiel-usa.com\/fr\/esta-pour-transit-aux-etats-unis\/","og_locale":"fr_FR","og_type":"article","og_title":"L'ESTA est il obligatoire pour transiter aux Etats-Unis","og_description":"Votre voyage comprend une escale aux \u00c9tats-Unis ? Vous devez imp\u00e9rativement pr\u00e9senter certains documents de voyage lors de votre transit.","og_url":"https:\/\/www.esta-officiel-usa.com\/fr\/esta-pour-transit-aux-etats-unis\/","og_site_name":"ESTA - Etats-Unis","article_modified_time":"2020-02-01T16:59:46+00:00","twitter_card":"summary_large_image","twitter_misc":{"Dur\u00e9e de lecture estim\u00e9e":"2 minutes"},"schema":{"@context":"https:\/\/schema.org","@graph":[{"@type":"WebPage","@id":"https:\/\/www.esta-officiel-usa.com\/fr\/esta-pour-transit-aux-etats-unis\/","url":"https:\/\/www.esta-officiel-usa.com\/fr\/esta-pour-transit-aux-etats-unis\/","name":"L'ESTA est il obligatoire pour transiter aux Etats-Unis","isPartOf":{"@id":"https:\/\/www.esta-officiel-usa.com\/fr\/#website"},"datePublished":"2020-01-20T19:28:14+00:00","dateModified":"2020-02-01T16:59:46+00:00","description":"Votre voyage comprend une escale aux \u00c9tats-Unis ? Vous devez imp\u00e9rativement pr\u00e9senter certains documents de voyage lors de votre transit.","breadcrumb":{"@id":"https:\/\/www.esta-officiel-usa.com\/fr\/esta-pour-transit-aux-etats-unis\/#breadcrumb"},"inLanguage":"fr-FR","potentialAction":[{"@type":"ReadAction","target":["https:\/\/www.esta-officiel-usa.com\/fr\/esta-pour-transit-aux-etats-unis\/"]}]},{"@type":"BreadcrumbList","@id":"https:\/\/www.esta-officiel-usa.com\/fr\/esta-pour-transit-aux-etats-unis\/#breadcrumb","itemListElement":[{"@type":"ListItem","position":1,"name":"Home","item":"https:\/\/www.esta-officiel-usa.com\/fr\/"},{"@type":"ListItem","position":2,"name":"L&rsquo;ESTA est il obligatoire pour transiter aux Etats-Unis"}]},{"@type":"WebSite","@id":"https:\/\/www.esta-officiel-usa.com\/fr\/#website","url":"https:\/\/www.esta-officiel-usa.com\/fr\/","name":"ESTA - Etats-Unis","description":"Formulaire de demande ESTA","potentialAction":[{"@type":"SearchAction","target":{"@type":"EntryPoint","urlTemplate":"https:\/\/www.esta-officiel-usa.com\/fr\/?s={search_term_string}"},"query-input":{"@type":"PropertyValueSpecification","valueRequired":true,"valueName":"search_term_string"}}],"inLanguage":"fr-FR"}]}},"_links":{"self":[{"href":"https:\/\/www.esta-officiel-usa.com\/fr\/wp-json\/wp\/v2\/pages\/183","targetHints":{"allow":["GET"]}}],"collection":[{"href":"https:\/\/www.esta-officiel-usa.com\/fr\/wp-json\/wp\/v2\/pages"}],"about":[{"href":"https:\/\/www.esta-officiel-usa.com\/fr\/wp-json\/wp\/v2\/types\/page"}],"author":[{"embeddable":true,"href":"https:\/\/www.esta-officiel-usa.com\/fr\/wp-json\/wp\/v2\/users\/1"}],"replies":[{"embeddable":true,"href":"https:\/\/www.esta-officiel-usa.com\/fr\/wp-json\/wp\/v2\/comments?post=183"}],"version-history":[{"count":3,"href":"https:\/\/www.esta-officiel-usa.com\/fr\/wp-json\/wp\/v2\/pages\/183\/revisions"}],"predecessor-version":[{"id":511,"href":"https:\/\/www.esta-officiel-usa.com\/fr\/wp-json\/wp\/v2\/pages\/183\/revisions\/511"}],"wp:attachment":[{"href":"https:\/\/www.esta-officiel-usa.com\/fr\/wp-json\/wp\/v2\/media?parent=183"}],"curies":[{"name":"wp","href":"https:\/\/api.w.org\/{rel}","templated":true}]}}