{"id":186,"date":"2020-01-20T19:31:58","date_gmt":"2020-01-20T19:31:58","guid":{"rendered":"http:\/\/esta-officiel-usa.com\/?page_id=186"},"modified":"2024-04-12T09:49:40","modified_gmt":"2024-04-12T09:49:40","slug":"formulaire-esta-a-qui-est-il-destine","status":"publish","type":"page","link":"https:\/\/www.esta-officiel-usa.com\/fr\/formulaire-esta-a-qui-est-il-destine\/","title":{"rendered":"formulaire ESTA a qui est il destin\u00e9"},"content":{"rendered":"\n<h1 class=\"wp-block-heading\">\u00c0 QUI EST DESTIN\u00c9 LE FORMULAIRE ESTA ?<\/h1>\n\n\n\n<p>Si vous allez aux USA par voie a\u00e9rienne ou maritime, vous devez obligatoirement\u00a0<a href=\"https:\/\/www.esta-officiel-usa.com\/fr\/\">faire une demande ESTA<\/a>. Pour ce faire, vous devez\u00a0<a href=\"https:\/\/www.esta-officiel-usa.com\/fr\/remplir-le-formulaire-esta-en-ligne\/\">remplir<\/a>\u00a0le formulaire au moins 72 heures avant d\u2019embarquer, sous peine de vous voir refuser l\u2019embarquement.\u00a0Cette autorisation ne garantit cependant pas, une fois au poste-fronti\u00e8re, l\u2019admission sur le territoire am\u00e9ricain.<\/p>\n\n\n\n<p>La d\u00e9marche ainsi que l&rsquo;obtention du&nbsp;<a href=\"https:\/\/www.esta-officiel-usa.com\/fr\/obtenir-le-certificat-esta\/\">certificat ESTA<\/a>&nbsp;se font&nbsp;<a href=\"https:\/\/www.esta-officiel-usa.com\/fr\/obtenir-un-esta-en-ligne\/\">en ligne<\/a>&nbsp;; vous devez donc, pour ce faire, disposer d&rsquo;une connexion internet.<\/p>\n\n\n\n<p>Pour ceux voyageant ou effectuant un simple\u00a0<a href=\"https:\/\/www.esta-officiel-usa.com\/fr\/esta-pour-transit-aux-etats-unis\/\">transit<\/a>\u00a0via l\u2019un des deux moyens pr\u00e9c\u00e9demment cit\u00e9s (voie a\u00e9rienne ou maritime) n\u2019ayant pas rempli le formulaire\u00a0ESTA\u00a0se verront refus\u00e9 l&#8217;embarquement. L&rsquo;ESTA est obligatoire pour les transits, les voyages touristiques et les voyages d&rsquo;affaires de moins de 90 jours. Une\u00a0proc\u00e9dure\u00a0de s\u00e9curit\u00e9 similaire sera\u00a0implant\u00e9e\u00a0en Europe en 2025 :\u00a0l&rsquo;<a href=\"https:\/\/www.esta-officiel-usa.com\/fr\/etias-lesta-europeen\/\">ETIAS<\/a>.<\/p>\n\n\n\n<p>Gr\u00e2ce au Visa Waiver Program les ressortissants des pays n&rsquo;ont plus \u00e0 demander un\u00a0<a href=\"https:\/\/www.esta-officiel-usa.com\/fr\/pourquoi-mon-visa-tourisme-usa-est-il-refuse\/\">VISA tourisme USA<\/a>\u00a0pour s\u00e9journer moins de 90 jours aux USA.<\/p>\n\n\n\n<p>Les pays membres de ce programme sont les suivants\u00a0:<br>Allemagne,\u00a0Andorre, Australie,\u00a0Autriche, Belgique, Brunei, Croatie, Danemark, Espagne, Estonie, Finlande,\u00a0France,\u00a0Grande Bretagne, Gr\u00e8ce,\u00a0Hongrie, Irlande, Islande, Isra\u00ebl, Italie, Japon, Lettonie, Liechtenstein, Lituanie, Luxembourg, Malte, Monaco, Norv\u00e8ge, Nouvelle Z\u00e9lande, Pays-Bas, Pologne, Portugal, R\u00e9publique de Cor\u00e9e, R\u00e9publique tch\u00e8que, Saint Marin, Singapour, Slovaquie, Slov\u00e9nie, Su\u00e8de, Suisse et Taiwan.\u00a0<\/p>\n\n\n\n<p>Compl\u00e9ter le&nbsp;<a href=\"https:\/\/www.esta-officiel-usa.com\/fr\/qu-est-ce-que-l-esta\/\">formulaire ESTA<\/a>&nbsp;est une obligation depuis quelques ann\u00e9es pour tout passager (adultes et enfants de tout \u00e2ge) :&nbsp;<\/p>\n\n\n\n<ul class=\"wp-block-list\">\n<li>se rendant aux USA par voie a\u00e9rienne ou maritime,<\/li>\n\n\n\n<li>de nationalit\u00e9 fran\u00e7aise ou de l\u2019un des pays cit\u00e9s ci-dessus (non applicable pour les voyageurs \u00e0 double nationalit\u00e9 en provenance d&rsquo;Irak, Iran, Syrie et Soudan),<\/li>\n\n\n\n<li>se rendant aux USA pour du tourisme ou pour un voyage d\u2019affaires d\u2019une dur\u00e9e de moins de 90 jours,<\/li>\n\n\n\n<li>transitant par les \u00c9tats-Unis dans le cadre d\u2019un voyage effectu\u00e9 vers un autre pays.<\/li>\n<\/ul>\n\n\n\n<p>Si vous souhaitez en savoir plus, nous vous proposons de consulter notre\u00a0<a href=\"https:\/\/www.esta-officiel-usa.com\/fr\/faq\/\">foire aux questions<\/a>, notre page d&rsquo;<a href=\"https:\/\/www.esta-officiel-usa.com\/fr\/help\/\">aide<\/a>\u00a0pour\u00a0l&rsquo;utilisation de notre plateforme simplifi\u00e9e.<\/p>\n","protected":false},"excerpt":{"rendered":"<p>\u00c0 QUI EST DESTIN\u00c9 LE FORMULAIRE ESTA ? Si vous allez aux USA par voie a\u00e9rienne ou maritime, vous devez obligatoirement\u00a0faire une demande ESTA. Pour ce faire, vous devez\u00a0remplir\u00a0le formulaire au moins 72 heures avant d\u2019embarquer, sous peine de vous voir refuser l\u2019embarquement.\u00a0Cette autorisation ne garantit cependant pas, une fois au poste-fronti\u00e8re, l\u2019admission sur le [&hellip;]<\/p>\n","protected":false},"author":1,"featured_media":0,"parent":0,"menu_order":0,"comment_status":"closed","ping_status":"closed","template":"","meta":{"footnotes":""},"class_list":["post-186","page","type-page","status-publish","hentry"],"yoast_head":"<!-- This site is optimized with the Yoast SEO plugin v26.2 - https:\/\/yoast.com\/wordpress\/plugins\/seo\/ -->\n<title>formulaire ESTA a qui est il destin\u00e9<\/title>\n<meta name=\"description\" content=\"Le formulaire ESTA est une formalit\u00e9 administrative obligatoire pour entrer aux Etats-Unis, d\u00e9couvrez sur notre page a qui il est destin\u00e9.\" \/>\n<meta name=\"robots\" content=\"index, follow, max-snippet:-1, max-image-preview:large, max-video-preview:-1\" \/>\n<link rel=\"canonical\" href=\"https:\/\/www.esta-officiel-usa.com\/fr\/formulaire-esta-a-qui-est-il-destine\/\" \/>\n<meta property=\"og:locale\" content=\"fr_FR\" \/>\n<meta property=\"og:type\" content=\"article\" \/>\n<meta property=\"og:title\" content=\"formulaire ESTA a qui est il destin\u00e9\" \/>\n<meta property=\"og:description\" content=\"Le formulaire ESTA est une formalit\u00e9 administrative obligatoire pour entrer aux Etats-Unis, d\u00e9couvrez sur notre page a qui il est destin\u00e9.\" \/>\n<meta property=\"og:url\" content=\"https:\/\/www.esta-officiel-usa.com\/fr\/formulaire-esta-a-qui-est-il-destine\/\" \/>\n<meta property=\"og:site_name\" content=\"ESTA - Etats-Unis\" \/>\n<meta property=\"article:modified_time\" content=\"2024-04-12T09:49:40+00:00\" \/>\n<meta name=\"twitter:card\" content=\"summary_large_image\" \/>\n<meta name=\"twitter:label1\" content=\"Dur\u00e9e de lecture estim\u00e9e\" \/>\n\t<meta name=\"twitter:data1\" content=\"2 minutes\" \/>\n<script type=\"application\/ld+json\" class=\"yoast-schema-graph\">{\"@context\":\"https:\/\/schema.org\",\"@graph\":[{\"@type\":\"WebPage\",\"@id\":\"https:\/\/www.esta-officiel-usa.com\/fr\/formulaire-esta-a-qui-est-il-destine\/\",\"url\":\"https:\/\/www.esta-officiel-usa.com\/fr\/formulaire-esta-a-qui-est-il-destine\/\",\"name\":\"formulaire ESTA a qui est il destin\u00e9\",\"isPartOf\":{\"@id\":\"https:\/\/www.esta-officiel-usa.com\/fr\/#website\"},\"datePublished\":\"2020-01-20T19:31:58+00:00\",\"dateModified\":\"2024-04-12T09:49:40+00:00\",\"description\":\"Le formulaire ESTA est une formalit\u00e9 administrative obligatoire pour entrer aux Etats-Unis, d\u00e9couvrez sur notre page a qui il est destin\u00e9.\",\"breadcrumb\":{\"@id\":\"https:\/\/www.esta-officiel-usa.com\/fr\/formulaire-esta-a-qui-est-il-destine\/#breadcrumb\"},\"inLanguage\":\"fr-FR\",\"potentialAction\":[{\"@type\":\"ReadAction\",\"target\":[\"https:\/\/www.esta-officiel-usa.com\/fr\/formulaire-esta-a-qui-est-il-destine\/\"]}]},{\"@type\":\"BreadcrumbList\",\"@id\":\"https:\/\/www.esta-officiel-usa.com\/fr\/formulaire-esta-a-qui-est-il-destine\/#breadcrumb\",\"itemListElement\":[{\"@type\":\"ListItem\",\"position\":1,\"name\":\"Home\",\"item\":\"https:\/\/www.esta-officiel-usa.com\/fr\/\"},{\"@type\":\"ListItem\",\"position\":2,\"name\":\"formulaire ESTA a qui est il destin\u00e9\"}]},{\"@type\":\"WebSite\",\"@id\":\"https:\/\/www.esta-officiel-usa.com\/fr\/#website\",\"url\":\"https:\/\/www.esta-officiel-usa.com\/fr\/\",\"name\":\"ESTA - Etats-Unis\",\"description\":\"Formulaire de demande ESTA\",\"potentialAction\":[{\"@type\":\"SearchAction\",\"target\":{\"@type\":\"EntryPoint\",\"urlTemplate\":\"https:\/\/www.esta-officiel-usa.com\/fr\/?s={search_term_string}\"},\"query-input\":{\"@type\":\"PropertyValueSpecification\",\"valueRequired\":true,\"valueName\":\"search_term_string\"}}],\"inLanguage\":\"fr-FR\"}]}<\/script>\n<!-- \/ Yoast SEO plugin. -->","yoast_head_json":{"title":"formulaire ESTA a qui est il destin\u00e9","description":"Le formulaire ESTA est une formalit\u00e9 administrative obligatoire pour entrer aux Etats-Unis, d\u00e9couvrez sur notre page a qui il est destin\u00e9.","robots":{"index":"index","follow":"follow","max-snippet":"max-snippet:-1","max-image-preview":"max-image-preview:large","max-video-preview":"max-video-preview:-1"},"canonical":"https:\/\/www.esta-officiel-usa.com\/fr\/formulaire-esta-a-qui-est-il-destine\/","og_locale":"fr_FR","og_type":"article","og_title":"formulaire ESTA a qui est il destin\u00e9","og_description":"Le formulaire ESTA est une formalit\u00e9 administrative obligatoire pour entrer aux Etats-Unis, d\u00e9couvrez sur notre page a qui il est destin\u00e9.","og_url":"https:\/\/www.esta-officiel-usa.com\/fr\/formulaire-esta-a-qui-est-il-destine\/","og_site_name":"ESTA - Etats-Unis","article_modified_time":"2024-04-12T09:49:40+00:00","twitter_card":"summary_large_image","twitter_misc":{"Dur\u00e9e de lecture estim\u00e9e":"2 minutes"},"schema":{"@context":"https:\/\/schema.org","@graph":[{"@type":"WebPage","@id":"https:\/\/www.esta-officiel-usa.com\/fr\/formulaire-esta-a-qui-est-il-destine\/","url":"https:\/\/www.esta-officiel-usa.com\/fr\/formulaire-esta-a-qui-est-il-destine\/","name":"formulaire ESTA a qui est il destin\u00e9","isPartOf":{"@id":"https:\/\/www.esta-officiel-usa.com\/fr\/#website"},"datePublished":"2020-01-20T19:31:58+00:00","dateModified":"2024-04-12T09:49:40+00:00","description":"Le formulaire ESTA est une formalit\u00e9 administrative obligatoire pour entrer aux Etats-Unis, d\u00e9couvrez sur notre page a qui il est destin\u00e9.","breadcrumb":{"@id":"https:\/\/www.esta-officiel-usa.com\/fr\/formulaire-esta-a-qui-est-il-destine\/#breadcrumb"},"inLanguage":"fr-FR","potentialAction":[{"@type":"ReadAction","target":["https:\/\/www.esta-officiel-usa.com\/fr\/formulaire-esta-a-qui-est-il-destine\/"]}]},{"@type":"BreadcrumbList","@id":"https:\/\/www.esta-officiel-usa.com\/fr\/formulaire-esta-a-qui-est-il-destine\/#breadcrumb","itemListElement":[{"@type":"ListItem","position":1,"name":"Home","item":"https:\/\/www.esta-officiel-usa.com\/fr\/"},{"@type":"ListItem","position":2,"name":"formulaire ESTA a qui est il destin\u00e9"}]},{"@type":"WebSite","@id":"https:\/\/www.esta-officiel-usa.com\/fr\/#website","url":"https:\/\/www.esta-officiel-usa.com\/fr\/","name":"ESTA - Etats-Unis","description":"Formulaire de demande ESTA","potentialAction":[{"@type":"SearchAction","target":{"@type":"EntryPoint","urlTemplate":"https:\/\/www.esta-officiel-usa.com\/fr\/?s={search_term_string}"},"query-input":{"@type":"PropertyValueSpecification","valueRequired":true,"valueName":"search_term_string"}}],"inLanguage":"fr-FR"}]}},"_links":{"self":[{"href":"https:\/\/www.esta-officiel-usa.com\/fr\/wp-json\/wp\/v2\/pages\/186","targetHints":{"allow":["GET"]}}],"collection":[{"href":"https:\/\/www.esta-officiel-usa.com\/fr\/wp-json\/wp\/v2\/pages"}],"about":[{"href":"https:\/\/www.esta-officiel-usa.com\/fr\/wp-json\/wp\/v2\/types\/page"}],"author":[{"embeddable":true,"href":"https:\/\/www.esta-officiel-usa.com\/fr\/wp-json\/wp\/v2\/users\/1"}],"replies":[{"embeddable":true,"href":"https:\/\/www.esta-officiel-usa.com\/fr\/wp-json\/wp\/v2\/comments?post=186"}],"version-history":[{"count":4,"href":"https:\/\/www.esta-officiel-usa.com\/fr\/wp-json\/wp\/v2\/pages\/186\/revisions"}],"predecessor-version":[{"id":820,"href":"https:\/\/www.esta-officiel-usa.com\/fr\/wp-json\/wp\/v2\/pages\/186\/revisions\/820"}],"wp:attachment":[{"href":"https:\/\/www.esta-officiel-usa.com\/fr\/wp-json\/wp\/v2\/media?parent=186"}],"curies":[{"name":"wp","href":"https:\/\/api.w.org\/{rel}","templated":true}]}}