{"id":188,"date":"2020-01-20T19:34:32","date_gmt":"2020-01-20T19:34:32","guid":{"rendered":"http:\/\/esta-officiel-usa.com\/?page_id=188"},"modified":"2020-02-01T17:13:26","modified_gmt":"2020-02-01T17:13:26","slug":"les-conditions-a-respecter-pour-obtenir-le-visa-usa","status":"publish","type":"page","link":"https:\/\/www.esta-officiel-usa.com\/fr\/les-conditions-a-respecter-pour-obtenir-le-visa-usa\/","title":{"rendered":"Les conditions \u00e0 respecter pour obtenir l&rsquo;ESTA"},"content":{"rendered":"\n<h1 class=\"wp-block-heading\">ESTA USA : QUELLES CONDITIONS RESPECTER ?<\/h1>\n\n\n\n<p>Pour obtenir votre\u00a0<a href=\"https:\/\/www.esta-officiel-usa.com\/fr\/\">ESTA USA<\/a>, vous devez remplir le formulaire se trouvant sur notre site.\u00a0Le formulaire est constitu\u00e9 de trois sections diff\u00e9rentes relatives aux th\u00e8mes d\u00e9crits ci-dessous.<br>\u00a0<\/p>\n\n\n\n<h2 class=\"wp-block-heading\">ESTA USA&nbsp;: VOS ANT\u00c9C\u00c9DENTS M\u00c9DICAUX ET JURIDIQUES<\/h2>\n\n\n\n<p>Dans cette partie, vous devez r\u00e9pondre \u00e0 une s\u00e9rie de\u00a0<a href=\"https:\/\/www.esta-officiel-usa.com\/fr\/toutes-les-questions-posees-formulaire-esta-etats-unis\/\">questions<\/a>\u00a0(par \u00ab\u00a0oui\u00a0\u00bb ou \u00ab\u00a0non\u00a0\u00bb) relatives \u00e0 de possibles troubles de sant\u00e9 (probl\u00e8mes mentaux, maladies contagieuses, probl\u00e8mes de toxicomanie), activit\u00e9s illicites (participation \u00e0 un g\u00e9nocide, forte condamnation pass\u00e9e, fausse d\u00e9claration ESTA pour rentrer sur le territoire am\u00e9ricain, infraction au droit de garde d\u2019enfant\u2026).<\/p>\n\n\n\n<p>L\u2019obtention de votre\u00a0<a href=\"https:\/\/www.esta-officiel-usa.com\/fr\/esta-usa-comment-obtenir-ce-document\/\">ESTA USA<\/a>\u00a0sera conditionn\u00e9e par les r\u00e9ponses que vous fournissez dans cette cat\u00e9gorie.<\/p>\n\n\n\n<p>Si vous r\u00e9pondez \u00ab\u00a0Oui\u00a0\u00bb \u00e0 l\u2019une de ces questions, les autorit\u00e9s am\u00e9ricaines consid\u00e9rent que votre voyage pr\u00e9sente des risques pour la s\u00e9curit\u00e9 int\u00e9rieure du pays ou d\u2019infraction \u00e0 la loi am\u00e9ricaine, et vous ne pouvez pas\u00a0<a href=\"https:\/\/www.esta-officiel-usa.com\/fr\/comment-obtenir-un-visa-usa\/\">obtenir\u00a0<\/a>votre\u00a0<a href=\"https:\/\/www.esta-officiel-usa.com\/fr\/obtenir-un-esta-conditions-dadmission\/\">admission ESTA<\/a>\u00a0USA.<br>\u00a0<\/p>\n\n\n\n<h2 class=\"wp-block-heading\">ESTA USA&nbsp;:&nbsp;VOTRE IDENTIT\u00c9 ET PASSEPORT<\/h2>\n\n\n\n<p>Vous devez fournir des informations figurant sur votre\u00a0<a href=\"https:\/\/www.esta-officiel-usa.com\/fr\/quel-type-de-passeport-pour-les-usa\/\">passeport<\/a>\u00a0(votre \u00e9tat civil, num\u00e9ro de passeport, date de d\u00e9livrance, date d&rsquo;expiration, etc.), une adresse postale sur le territoire fran\u00e7ais, une adressee-mail valide et les donn\u00e9es relatives \u00e0\u00a0votre situation professionnelle actuelle.\u00a0L\u2019identit\u00e9 de vos parents sera \u00e9galement requise.<br>\u00a0<\/p>\n\n\n\n<h2 class=\"wp-block-heading\">ESTA USA&nbsp;:&nbsp;VOS&nbsp;INTENTIONS DE&nbsp;VOYAGE<\/h2>\n\n\n\n<p>Dans cette cat\u00e9gorie du questionnaire ESTA&nbsp;USA, il vous sera demand\u00e9 de fournir les informations concernant votre s\u00e9jour et notamment l&rsquo;adresse sur le territoire am\u00e9ricain ainsi qu&rsquo;un contact d&rsquo;urgence.<\/p>\n\n\n\n<p>Votre ESTA USA ne sera bien entendu pas d\u00e9livr\u00e9 si vous \u00eates interdit de territoire ou si vous projetez de rester plus de 90 jours aux \u00c9tats-Unis. Vous ne pourrez pas recevoir l&rsquo;ESTA USA si votre but est de travailler aux USA, si tel est votre\u00a0souhait, vous devez faire une demande\u00a0<a href=\"https:\/\/www.esta-officiel-usa.com\/fr\/la-demande-de-green-card-pour-le-travail\/\">green card travail<\/a>\u00a0qui est l&rsquo;un des\u00a0<a href=\"https:\/\/www.esta-officiel-usa.com\/fr\/la-liste-des-visas-pour-les-usa\/\">visas USA<\/a>\u00a0disponibles. Pour en savoir plus sur les\u00a0<a href=\"https:\/\/www.esta-officiel-usa.com\/fr\/quelle-est-la-duree-de-validite-dun-visa-usa\/\">visas USA<\/a>, d\u00e9couvrez\u00a0notre article d\u00e9di\u00e9 \u00e0 ce sujet. Cela vous aidera \u00e0 y voir plus clair dans\u00a0<a href=\"https:\/\/www.esta-officiel-usa.com\/fr\/quels-sont-les-differents-visas-pour-les-usa\/\">les diff\u00e9rents visas<\/a>\u00a0propos\u00e9s pas le gouvernement am\u00e9ricain.<\/p>\n\n\n\n<p>Nous vous invitons \u00e0 consulter notre page sur les\u00a0<a href=\"https:\/\/www.esta-officiel-usa.com\/fr\/quels-motifs-menent-a-un-refus-de-lesta\/\">motifs de refus d&rsquo;ESTA<\/a>\u00a0pour davantage de pr\u00e9cison.\u00a0<br>\u00a0<\/p>\n","protected":false},"excerpt":{"rendered":"<p>ESTA USA : QUELLES CONDITIONS RESPECTER ? Pour obtenir votre\u00a0ESTA USA, vous devez remplir le formulaire se trouvant sur notre site.\u00a0Le formulaire est constitu\u00e9 de trois sections diff\u00e9rentes relatives aux th\u00e8mes d\u00e9crits ci-dessous.\u00a0 ESTA USA&nbsp;: VOS ANT\u00c9C\u00c9DENTS M\u00c9DICAUX ET JURIDIQUES Dans cette partie, vous devez r\u00e9pondre \u00e0 une s\u00e9rie de\u00a0questions\u00a0(par \u00ab\u00a0oui\u00a0\u00bb ou \u00ab\u00a0non\u00a0\u00bb) relatives \u00e0 [&hellip;]<\/p>\n","protected":false},"author":1,"featured_media":0,"parent":0,"menu_order":0,"comment_status":"closed","ping_status":"closed","template":"","meta":{"footnotes":""},"class_list":["post-188","page","type-page","status-publish","hentry"],"yoast_head":"<!-- This site is optimized with the Yoast SEO plugin v26.2 - https:\/\/yoast.com\/wordpress\/plugins\/seo\/ -->\n<title>Les conditions \u00e0 respecter pour obtenir l&#039;ESTA<\/title>\n<meta name=\"description\" content=\"Vous envisagez de voyager aux Etats- Unis, nos experts vous expliquent sur cette page les 3 conditions \u00e0 respecter pour obtenir l&#039;ESTA.\" \/>\n<meta name=\"robots\" content=\"index, follow, max-snippet:-1, max-image-preview:large, max-video-preview:-1\" \/>\n<link rel=\"canonical\" href=\"https:\/\/www.esta-officiel-usa.com\/fr\/les-conditions-a-respecter-pour-obtenir-le-visa-usa\/\" \/>\n<meta property=\"og:locale\" content=\"fr_FR\" \/>\n<meta property=\"og:type\" content=\"article\" \/>\n<meta property=\"og:title\" content=\"Les conditions \u00e0 respecter pour obtenir l&#039;ESTA\" \/>\n<meta property=\"og:description\" content=\"Vous envisagez de voyager aux Etats- Unis, nos experts vous expliquent sur cette page les 3 conditions \u00e0 respecter pour obtenir l&#039;ESTA.\" \/>\n<meta property=\"og:url\" content=\"https:\/\/www.esta-officiel-usa.com\/fr\/les-conditions-a-respecter-pour-obtenir-le-visa-usa\/\" \/>\n<meta property=\"og:site_name\" content=\"ESTA - Etats-Unis\" \/>\n<meta property=\"article:modified_time\" content=\"2020-02-01T17:13:26+00:00\" \/>\n<meta name=\"twitter:card\" content=\"summary_large_image\" \/>\n<meta name=\"twitter:label1\" content=\"Dur\u00e9e de lecture estim\u00e9e\" \/>\n\t<meta name=\"twitter:data1\" content=\"2 minutes\" \/>\n<script type=\"application\/ld+json\" class=\"yoast-schema-graph\">{\"@context\":\"https:\/\/schema.org\",\"@graph\":[{\"@type\":\"WebPage\",\"@id\":\"https:\/\/www.esta-officiel-usa.com\/fr\/les-conditions-a-respecter-pour-obtenir-le-visa-usa\/\",\"url\":\"https:\/\/www.esta-officiel-usa.com\/fr\/les-conditions-a-respecter-pour-obtenir-le-visa-usa\/\",\"name\":\"Les conditions \u00e0 respecter pour obtenir l'ESTA\",\"isPartOf\":{\"@id\":\"https:\/\/www.esta-officiel-usa.com\/fr\/#website\"},\"datePublished\":\"2020-01-20T19:34:32+00:00\",\"dateModified\":\"2020-02-01T17:13:26+00:00\",\"description\":\"Vous envisagez de voyager aux Etats- Unis, nos experts vous expliquent sur cette page les 3 conditions \u00e0 respecter pour obtenir l'ESTA.\",\"breadcrumb\":{\"@id\":\"https:\/\/www.esta-officiel-usa.com\/fr\/les-conditions-a-respecter-pour-obtenir-le-visa-usa\/#breadcrumb\"},\"inLanguage\":\"fr-FR\",\"potentialAction\":[{\"@type\":\"ReadAction\",\"target\":[\"https:\/\/www.esta-officiel-usa.com\/fr\/les-conditions-a-respecter-pour-obtenir-le-visa-usa\/\"]}]},{\"@type\":\"BreadcrumbList\",\"@id\":\"https:\/\/www.esta-officiel-usa.com\/fr\/les-conditions-a-respecter-pour-obtenir-le-visa-usa\/#breadcrumb\",\"itemListElement\":[{\"@type\":\"ListItem\",\"position\":1,\"name\":\"Home\",\"item\":\"https:\/\/www.esta-officiel-usa.com\/fr\/\"},{\"@type\":\"ListItem\",\"position\":2,\"name\":\"Les conditions \u00e0 respecter pour obtenir l&rsquo;ESTA\"}]},{\"@type\":\"WebSite\",\"@id\":\"https:\/\/www.esta-officiel-usa.com\/fr\/#website\",\"url\":\"https:\/\/www.esta-officiel-usa.com\/fr\/\",\"name\":\"ESTA - Etats-Unis\",\"description\":\"Formulaire de demande ESTA\",\"potentialAction\":[{\"@type\":\"SearchAction\",\"target\":{\"@type\":\"EntryPoint\",\"urlTemplate\":\"https:\/\/www.esta-officiel-usa.com\/fr\/?s={search_term_string}\"},\"query-input\":{\"@type\":\"PropertyValueSpecification\",\"valueRequired\":true,\"valueName\":\"search_term_string\"}}],\"inLanguage\":\"fr-FR\"}]}<\/script>\n<!-- \/ Yoast SEO plugin. -->","yoast_head_json":{"title":"Les conditions \u00e0 respecter pour obtenir l'ESTA","description":"Vous envisagez de voyager aux Etats- Unis, nos experts vous expliquent sur cette page les 3 conditions \u00e0 respecter pour obtenir l'ESTA.","robots":{"index":"index","follow":"follow","max-snippet":"max-snippet:-1","max-image-preview":"max-image-preview:large","max-video-preview":"max-video-preview:-1"},"canonical":"https:\/\/www.esta-officiel-usa.com\/fr\/les-conditions-a-respecter-pour-obtenir-le-visa-usa\/","og_locale":"fr_FR","og_type":"article","og_title":"Les conditions \u00e0 respecter pour obtenir l'ESTA","og_description":"Vous envisagez de voyager aux Etats- Unis, nos experts vous expliquent sur cette page les 3 conditions \u00e0 respecter pour obtenir l'ESTA.","og_url":"https:\/\/www.esta-officiel-usa.com\/fr\/les-conditions-a-respecter-pour-obtenir-le-visa-usa\/","og_site_name":"ESTA - Etats-Unis","article_modified_time":"2020-02-01T17:13:26+00:00","twitter_card":"summary_large_image","twitter_misc":{"Dur\u00e9e de lecture estim\u00e9e":"2 minutes"},"schema":{"@context":"https:\/\/schema.org","@graph":[{"@type":"WebPage","@id":"https:\/\/www.esta-officiel-usa.com\/fr\/les-conditions-a-respecter-pour-obtenir-le-visa-usa\/","url":"https:\/\/www.esta-officiel-usa.com\/fr\/les-conditions-a-respecter-pour-obtenir-le-visa-usa\/","name":"Les conditions \u00e0 respecter pour obtenir l'ESTA","isPartOf":{"@id":"https:\/\/www.esta-officiel-usa.com\/fr\/#website"},"datePublished":"2020-01-20T19:34:32+00:00","dateModified":"2020-02-01T17:13:26+00:00","description":"Vous envisagez de voyager aux Etats- Unis, nos experts vous expliquent sur cette page les 3 conditions \u00e0 respecter pour obtenir l'ESTA.","breadcrumb":{"@id":"https:\/\/www.esta-officiel-usa.com\/fr\/les-conditions-a-respecter-pour-obtenir-le-visa-usa\/#breadcrumb"},"inLanguage":"fr-FR","potentialAction":[{"@type":"ReadAction","target":["https:\/\/www.esta-officiel-usa.com\/fr\/les-conditions-a-respecter-pour-obtenir-le-visa-usa\/"]}]},{"@type":"BreadcrumbList","@id":"https:\/\/www.esta-officiel-usa.com\/fr\/les-conditions-a-respecter-pour-obtenir-le-visa-usa\/#breadcrumb","itemListElement":[{"@type":"ListItem","position":1,"name":"Home","item":"https:\/\/www.esta-officiel-usa.com\/fr\/"},{"@type":"ListItem","position":2,"name":"Les conditions \u00e0 respecter pour obtenir l&rsquo;ESTA"}]},{"@type":"WebSite","@id":"https:\/\/www.esta-officiel-usa.com\/fr\/#website","url":"https:\/\/www.esta-officiel-usa.com\/fr\/","name":"ESTA - Etats-Unis","description":"Formulaire de demande ESTA","potentialAction":[{"@type":"SearchAction","target":{"@type":"EntryPoint","urlTemplate":"https:\/\/www.esta-officiel-usa.com\/fr\/?s={search_term_string}"},"query-input":{"@type":"PropertyValueSpecification","valueRequired":true,"valueName":"search_term_string"}}],"inLanguage":"fr-FR"}]}},"_links":{"self":[{"href":"https:\/\/www.esta-officiel-usa.com\/fr\/wp-json\/wp\/v2\/pages\/188","targetHints":{"allow":["GET"]}}],"collection":[{"href":"https:\/\/www.esta-officiel-usa.com\/fr\/wp-json\/wp\/v2\/pages"}],"about":[{"href":"https:\/\/www.esta-officiel-usa.com\/fr\/wp-json\/wp\/v2\/types\/page"}],"author":[{"embeddable":true,"href":"https:\/\/www.esta-officiel-usa.com\/fr\/wp-json\/wp\/v2\/users\/1"}],"replies":[{"embeddable":true,"href":"https:\/\/www.esta-officiel-usa.com\/fr\/wp-json\/wp\/v2\/comments?post=188"}],"version-history":[{"count":2,"href":"https:\/\/www.esta-officiel-usa.com\/fr\/wp-json\/wp\/v2\/pages\/188\/revisions"}],"predecessor-version":[{"id":521,"href":"https:\/\/www.esta-officiel-usa.com\/fr\/wp-json\/wp\/v2\/pages\/188\/revisions\/521"}],"wp:attachment":[{"href":"https:\/\/www.esta-officiel-usa.com\/fr\/wp-json\/wp\/v2\/media?parent=188"}],"curies":[{"name":"wp","href":"https:\/\/api.w.org\/{rel}","templated":true}]}}