{"id":190,"date":"2020-01-20T19:36:56","date_gmt":"2020-01-20T19:36:56","guid":{"rendered":"http:\/\/esta-officiel-usa.com\/?page_id=190"},"modified":"2025-09-13T11:49:32","modified_gmt":"2025-09-13T11:49:32","slug":"difference-entre-esta-et-demande-de-visa-usa","status":"publish","type":"page","link":"https:\/\/www.esta-officiel-usa.com\/fr\/difference-entre-esta-et-demande-de-visa-usa\/","title":{"rendered":"La diff\u00e9rence entre un ESTA et une demande de visa"},"content":{"rendered":"\n<h1 class=\"wp-block-heading\">QUELLE EST LA DIFF\u00c9RENCE ENTRE UNE DEMANDE DE VISA USA ET D&rsquo;ESTA ?<\/h1>\n\n\n\n<p>Pour vous rendre aux \u00c9tats-Unis pour une dur\u00e9e de moins de 90 jours, vous n\u2019avez pas besoin de faire une demande de visa USA, mais simplement d\u2019obtenir une&nbsp;<a href=\"https:\/\/www.esta-officiel-usa.com\/fr\/\">autorisation ESTA<\/a>&nbsp;officielle (autorisation de voyage).<\/p>\n\n\n\n<p>Gr\u00e2ce au contenu de cette page, vous allez mieux comprendre la diff\u00e9rence entre ces deux \u00e9l\u00e9ments.<\/p>\n\n\n\n<h2 class=\"wp-block-heading\">DEMANDE DE VISA USA&nbsp;: INFORMATIONS UTILES<\/h2>\n\n\n\n<p>Un\u00a0<a href=\"https:\/\/www.esta-officiel-usa.com\/fr\/les-conditions-a-respecter-pour-obtenir-le-visa-usa\/\">visa pour les USA<\/a>\u00a0est un document, d\u00e9livr\u00e9 par les autorit\u00e9s am\u00e9ricaines, qu&rsquo;un voyageur \u00e9tranger doit montrer lors de son entr\u00e9e sur le territoire am\u00e9ricain. La <a href=\"https:\/\/www.esta-officiel-usa.com\/fr\/quels-sont-les-differents-visas-pour-les-usa\/\">demande de visa<\/a> est \u00e0 adresser \u00e0 l&rsquo;Ambassade ou\u00a0au Consulat g\u00e9n\u00e9ral des \u00c9tats-Unis.<\/p>\n\n\n\n<p>Il n\u2019est pas \u00e9vident d\u2019<a href=\"https:\/\/www.esta-officiel-usa.com\/fr\/comment-obtenir-un-visa-usa\/\">obtenir un visa pour les USA<\/a>\u00a0car de nombreux documents sont \u00e0 fournir, ainsi que des preuves (de vos moyens financiers, que vous ne souhaitez pas rester pour une dur\u00e9e plus longue aux \u00c9tats-Unis\u2026). Un entretien conditionne \u00e9galement l\u2019obtention du visa.<\/p>\n\n\n\n<p>L&rsquo;intitul\u00e9 du visa d\u00e9pend de la nature du s\u00e9jour. Il existe en effet un visa am\u00e9ricain pour tous les cas de figure (visa B et\u00a0C pour les visiteurs, visa F, J, M pour les \u00e9tudiants,\u00a0<a href=\"https:\/\/www.esta-officiel-usa.com\/fr\/tout-savoir-sur-le-visa-l1-concernant-le-transfert-de-cadre-aux-usa\/\">visa L1<\/a>, H1b,\u00a0<a href=\"https:\/\/www.esta-officiel-usa.com\/fr\/comment-faire-pour-investir-aux-etats-unis-avec-le-visa-e1-e2\/\">visa E1\/E2<\/a>\u00a0pour les travailleurs&#8230;). Sa dur\u00e9e, ses conditions et son obtention d\u00e9pend du visa en question. La demande de VISA USA a un prix sup\u00e9rieur \u00e0 celui de l\u2019autorisation de voyage\u00a0<a href=\"https:\/\/www.esta-officiel-usa.com\/fr\/esta-usa-comment-obtenir-ce-document\/\">ESTA<\/a>.<\/p>\n\n\n\n<h2 class=\"wp-block-heading\">L\u2019ESTA&nbsp;: UNE DEMANDE D&rsquo;AUTORISATION SIMPLIFI\u00c9E<\/h2>\n\n\n\n<p>Vous souhaitez vous rendre aux \u00c9tats-Unis pour une dur\u00e9e inf\u00e9rieure \u00e0 90 jours&nbsp;? Vous n\u2019avez pas besoin de faire une demande de VISA USA, mais une demande ESTA&nbsp;!<\/p>\n\n\n\n<p>Le gouvernement am\u00e9ricain souhaitera simplement s\u2019assurer, avant votre d\u00e9part, que vous n\u2019\u00eates pas interdit de territoire et contr\u00f4lera vos ant\u00e9c\u00e9dents (comportement et sant\u00e9), avant de vous donner une r\u00e9ponse.<\/p>\n\n\n\n<p><a href=\"https:\/\/www.esta-officiel-usa.com\/fr\/etats-unis-demander-un-visa-ou-lesta\/\">L\u2019ESTA, contrairement au visa<\/a>, n\u2019est pas\u00a0un document \u00e0 proprement parler, et ne se demande pas \u00e0 l&rsquo;ambassade des \u00c9tats-Unis. Une simple requ\u00eate devra \u00eatre compl\u00e9t\u00e9e \u00e0 travers un\u00a0<a href=\"https:\/\/www.esta-officiel-usa.com\/fr\/formulaire-esta-a-qui-est-il-destine\/\">formulaire ESTA<\/a>\u00a0en ligne.<\/p>\n\n\n\n<p>Si vous d\u00e9sirez donc vous rendre aux USA dans le cadre d\u2019un s\u00e9jour touristique ou d\u2019affaires ne d\u00e9passant pas une dur\u00e9e de 90 jours, vous pouvez effectuer ce voyage sans demande de&nbsp;<a href=\"https:\/\/www.esta-officiel-usa.com\/fr\/quelle-est-la-duree-de-validite-dun-visa-usa\/\">visa<\/a>&nbsp;USA, une simple autorisation ESTA \u00e9tant d\u00e9sormais suffisante (b\u00e9n\u00e9ficiant d&rsquo;une validit\u00e9 de 2 ans). Gr\u00e2ce \u00e0 cette&nbsp;<a href=\"https:\/\/www.esta-officiel-usa.com\/fr\/la-procedure-esta-pour-etats-unis\/\">proc\u00e9dure<\/a>, les d\u00e9marches administratives que devaient effectuer les voyageurs se rendant aux \u00c9tats-Unis sont extr\u00eamement simplifi\u00e9es&nbsp;!<\/p>\n\n\n\n<p>Dans le cas o\u00f9 vous souhaitez vous rendre aux USA pour y travailler, il faudra faire une demande de&nbsp;<a href=\"https:\/\/www.esta-officiel-usa.com\/fr\/la-demande-de-green-card-pour-le-travail\/\">green card travail<\/a>.<\/p>\n","protected":false},"excerpt":{"rendered":"<p>QUELLE EST LA DIFF\u00c9RENCE ENTRE UNE DEMANDE DE VISA USA ET D&rsquo;ESTA ? Pour vous rendre aux \u00c9tats-Unis pour une dur\u00e9e de moins de 90 jours, vous n\u2019avez pas besoin de faire une demande de visa USA, mais simplement d\u2019obtenir une&nbsp;autorisation ESTA&nbsp;officielle (autorisation de voyage). Gr\u00e2ce au contenu de cette page, vous allez mieux comprendre [&hellip;]<\/p>\n","protected":false},"author":1,"featured_media":0,"parent":0,"menu_order":0,"comment_status":"closed","ping_status":"closed","template":"","meta":{"footnotes":""},"class_list":["post-190","page","type-page","status-publish","hentry"],"yoast_head":"<!-- This site is optimized with the Yoast SEO plugin v26.2 - https:\/\/yoast.com\/wordpress\/plugins\/seo\/ -->\n<title>La diff\u00e9rence entre un ESTA et une demande de visa<\/title>\n<meta name=\"description\" content=\"Pour vous rendre aux USA pour une dur\u00e9e de 90 jours, vous n\u2019avez pas besoin de faire une demande de visa, mais simplement obtenir une autorisation ESTA.\" \/>\n<meta name=\"robots\" content=\"index, follow, max-snippet:-1, max-image-preview:large, max-video-preview:-1\" \/>\n<link rel=\"canonical\" href=\"https:\/\/www.esta-officiel-usa.com\/fr\/difference-entre-esta-et-demande-de-visa-usa\/\" \/>\n<meta property=\"og:locale\" content=\"fr_FR\" \/>\n<meta property=\"og:type\" content=\"article\" \/>\n<meta property=\"og:title\" content=\"La diff\u00e9rence entre un ESTA et une demande de visa\" \/>\n<meta property=\"og:description\" content=\"Pour vous rendre aux USA pour une dur\u00e9e de 90 jours, vous n\u2019avez pas besoin de faire une demande de visa, mais simplement obtenir une autorisation ESTA.\" \/>\n<meta property=\"og:url\" content=\"https:\/\/www.esta-officiel-usa.com\/fr\/difference-entre-esta-et-demande-de-visa-usa\/\" \/>\n<meta property=\"og:site_name\" content=\"ESTA - Etats-Unis\" \/>\n<meta property=\"article:modified_time\" content=\"2025-09-13T11:49:32+00:00\" \/>\n<meta name=\"twitter:card\" content=\"summary_large_image\" \/>\n<meta name=\"twitter:label1\" content=\"Dur\u00e9e de lecture estim\u00e9e\" \/>\n\t<meta name=\"twitter:data1\" content=\"3 minutes\" \/>\n<script type=\"application\/ld+json\" class=\"yoast-schema-graph\">{\"@context\":\"https:\/\/schema.org\",\"@graph\":[{\"@type\":\"WebPage\",\"@id\":\"https:\/\/www.esta-officiel-usa.com\/fr\/difference-entre-esta-et-demande-de-visa-usa\/\",\"url\":\"https:\/\/www.esta-officiel-usa.com\/fr\/difference-entre-esta-et-demande-de-visa-usa\/\",\"name\":\"La diff\u00e9rence entre un ESTA et une demande de visa\",\"isPartOf\":{\"@id\":\"https:\/\/www.esta-officiel-usa.com\/fr\/#website\"},\"datePublished\":\"2020-01-20T19:36:56+00:00\",\"dateModified\":\"2025-09-13T11:49:32+00:00\",\"description\":\"Pour vous rendre aux USA pour une dur\u00e9e de 90 jours, vous n\u2019avez pas besoin de faire une demande de visa, mais simplement obtenir une autorisation ESTA.\",\"breadcrumb\":{\"@id\":\"https:\/\/www.esta-officiel-usa.com\/fr\/difference-entre-esta-et-demande-de-visa-usa\/#breadcrumb\"},\"inLanguage\":\"fr-FR\",\"potentialAction\":[{\"@type\":\"ReadAction\",\"target\":[\"https:\/\/www.esta-officiel-usa.com\/fr\/difference-entre-esta-et-demande-de-visa-usa\/\"]}]},{\"@type\":\"BreadcrumbList\",\"@id\":\"https:\/\/www.esta-officiel-usa.com\/fr\/difference-entre-esta-et-demande-de-visa-usa\/#breadcrumb\",\"itemListElement\":[{\"@type\":\"ListItem\",\"position\":1,\"name\":\"Home\",\"item\":\"https:\/\/www.esta-officiel-usa.com\/fr\/\"},{\"@type\":\"ListItem\",\"position\":2,\"name\":\"La diff\u00e9rence entre un ESTA et une demande de visa\"}]},{\"@type\":\"WebSite\",\"@id\":\"https:\/\/www.esta-officiel-usa.com\/fr\/#website\",\"url\":\"https:\/\/www.esta-officiel-usa.com\/fr\/\",\"name\":\"ESTA - Etats-Unis\",\"description\":\"Formulaire de demande ESTA\",\"potentialAction\":[{\"@type\":\"SearchAction\",\"target\":{\"@type\":\"EntryPoint\",\"urlTemplate\":\"https:\/\/www.esta-officiel-usa.com\/fr\/?s={search_term_string}\"},\"query-input\":{\"@type\":\"PropertyValueSpecification\",\"valueRequired\":true,\"valueName\":\"search_term_string\"}}],\"inLanguage\":\"fr-FR\"}]}<\/script>\n<!-- \/ Yoast SEO plugin. -->","yoast_head_json":{"title":"La diff\u00e9rence entre un ESTA et une demande de visa","description":"Pour vous rendre aux USA pour une dur\u00e9e de 90 jours, vous n\u2019avez pas besoin de faire une demande de visa, mais simplement obtenir une autorisation ESTA.","robots":{"index":"index","follow":"follow","max-snippet":"max-snippet:-1","max-image-preview":"max-image-preview:large","max-video-preview":"max-video-preview:-1"},"canonical":"https:\/\/www.esta-officiel-usa.com\/fr\/difference-entre-esta-et-demande-de-visa-usa\/","og_locale":"fr_FR","og_type":"article","og_title":"La diff\u00e9rence entre un ESTA et une demande de visa","og_description":"Pour vous rendre aux USA pour une dur\u00e9e de 90 jours, vous n\u2019avez pas besoin de faire une demande de visa, mais simplement obtenir une autorisation ESTA.","og_url":"https:\/\/www.esta-officiel-usa.com\/fr\/difference-entre-esta-et-demande-de-visa-usa\/","og_site_name":"ESTA - Etats-Unis","article_modified_time":"2025-09-13T11:49:32+00:00","twitter_card":"summary_large_image","twitter_misc":{"Dur\u00e9e de lecture estim\u00e9e":"3 minutes"},"schema":{"@context":"https:\/\/schema.org","@graph":[{"@type":"WebPage","@id":"https:\/\/www.esta-officiel-usa.com\/fr\/difference-entre-esta-et-demande-de-visa-usa\/","url":"https:\/\/www.esta-officiel-usa.com\/fr\/difference-entre-esta-et-demande-de-visa-usa\/","name":"La diff\u00e9rence entre un ESTA et une demande de visa","isPartOf":{"@id":"https:\/\/www.esta-officiel-usa.com\/fr\/#website"},"datePublished":"2020-01-20T19:36:56+00:00","dateModified":"2025-09-13T11:49:32+00:00","description":"Pour vous rendre aux USA pour une dur\u00e9e de 90 jours, vous n\u2019avez pas besoin de faire une demande de visa, mais simplement obtenir une autorisation ESTA.","breadcrumb":{"@id":"https:\/\/www.esta-officiel-usa.com\/fr\/difference-entre-esta-et-demande-de-visa-usa\/#breadcrumb"},"inLanguage":"fr-FR","potentialAction":[{"@type":"ReadAction","target":["https:\/\/www.esta-officiel-usa.com\/fr\/difference-entre-esta-et-demande-de-visa-usa\/"]}]},{"@type":"BreadcrumbList","@id":"https:\/\/www.esta-officiel-usa.com\/fr\/difference-entre-esta-et-demande-de-visa-usa\/#breadcrumb","itemListElement":[{"@type":"ListItem","position":1,"name":"Home","item":"https:\/\/www.esta-officiel-usa.com\/fr\/"},{"@type":"ListItem","position":2,"name":"La diff\u00e9rence entre un ESTA et une demande de visa"}]},{"@type":"WebSite","@id":"https:\/\/www.esta-officiel-usa.com\/fr\/#website","url":"https:\/\/www.esta-officiel-usa.com\/fr\/","name":"ESTA - Etats-Unis","description":"Formulaire de demande ESTA","potentialAction":[{"@type":"SearchAction","target":{"@type":"EntryPoint","urlTemplate":"https:\/\/www.esta-officiel-usa.com\/fr\/?s={search_term_string}"},"query-input":{"@type":"PropertyValueSpecification","valueRequired":true,"valueName":"search_term_string"}}],"inLanguage":"fr-FR"}]}},"_links":{"self":[{"href":"https:\/\/www.esta-officiel-usa.com\/fr\/wp-json\/wp\/v2\/pages\/190","targetHints":{"allow":["GET"]}}],"collection":[{"href":"https:\/\/www.esta-officiel-usa.com\/fr\/wp-json\/wp\/v2\/pages"}],"about":[{"href":"https:\/\/www.esta-officiel-usa.com\/fr\/wp-json\/wp\/v2\/types\/page"}],"author":[{"embeddable":true,"href":"https:\/\/www.esta-officiel-usa.com\/fr\/wp-json\/wp\/v2\/users\/1"}],"replies":[{"embeddable":true,"href":"https:\/\/www.esta-officiel-usa.com\/fr\/wp-json\/wp\/v2\/comments?post=190"}],"version-history":[{"count":3,"href":"https:\/\/www.esta-officiel-usa.com\/fr\/wp-json\/wp\/v2\/pages\/190\/revisions"}],"predecessor-version":[{"id":845,"href":"https:\/\/www.esta-officiel-usa.com\/fr\/wp-json\/wp\/v2\/pages\/190\/revisions\/845"}],"wp:attachment":[{"href":"https:\/\/www.esta-officiel-usa.com\/fr\/wp-json\/wp\/v2\/media?parent=190"}],"curies":[{"name":"wp","href":"https:\/\/api.w.org\/{rel}","templated":true}]}}