{"id":192,"date":"2020-01-20T19:39:00","date_gmt":"2020-01-20T19:39:00","guid":{"rendered":"http:\/\/esta-officiel-usa.com\/?page_id=192"},"modified":"2020-02-01T13:32:53","modified_gmt":"2020-02-01T13:32:53","slug":"pourquoi-mon-visa-tourisme-usa-est-il-refuse","status":"publish","type":"page","link":"https:\/\/www.esta-officiel-usa.com\/fr\/pourquoi-mon-visa-tourisme-usa-est-il-refuse\/","title":{"rendered":"Pourquoi mon ESTA est-il refus\u00e9"},"content":{"rendered":"\n<h1 class=\"wp-block-heading\">ESTA REFUS\u00c9<\/h1>\n\n\n\n<p>Depuis quelques ann\u00e9es, les \u00c9tats-Unis ont impos\u00e9 un ensemble de mesures s\u00e9curitaires et de contr\u00f4le en mati\u00e8re d\u2019immigration, notamment dans les a\u00e9roports.<\/p>\n\n\n\n<p>Le United States Department of Homeland Security (D\u00e9partement de la S\u00e9curit\u00e9 Int\u00e9rieure) a instaur\u00e9 le\u00a0<a href=\"https:\/\/www.esta-officiel-usa.com\/fr\/formulaire-esta-a-qui-est-il-destine\/\">formulaire ESTA<\/a>\u00a0afin de renforcer la s\u00e9curit\u00e9 int\u00e9rieure amricaine dans le cadre du programme d&rsquo;exemption de visa (Visa Waiver Program) permettant aux ressortissants de 38 pays de voyager aux \u00c9tats-Unis sans visa.<\/p>\n\n\n\n<p>Lorsque vous compl\u00e9tez un\u00a0<a href=\"https:\/\/www.esta-officiel-usa.com\/fr\/\">formulaire de demande<\/a>\u00a0d\u2019<a href=\"https:\/\/www.esta-officiel-usa.com\/fr\/qu-est-ce-que-l-esta\/\">ESTA<\/a>, il se peut que les autorit\u00e9s am\u00e9ricaines refusent d\u2019acc\u00e9der \u00e0 votre requ\u00eate, bloquant ainsi votre acc\u00e8s au territoire.\u00a0<\/p>\n\n\n\n<p>La premi\u00e8re chose\u00a0\u00e0 faire est de relire les informations transmises dans\u00a0<a href=\"https:\/\/www.esta-officiel-usa.com\/fr\/les-conditions-a-respecter-pour-obtenir-le-visa-usa\/\">les 3 sections du formulaire<\/a>\u00a0et de v\u00e9rifier qu\u2019elles sont toutes correctes (faute de frappe, inversion de chiffres ou lettres, nom d&rsquo;\u00e9pouse \u00e0 la place du nom de jeune fille, omission, etc.). Si tel est le cas, il vous faut v\u00e9rifier les conditions d&rsquo;\u00e9ligibilit\u00e9.\u00a0<\/p>\n\n\n\n<h2 class=\"wp-block-heading\">L\u2019A<a href=\"javascript:void('Noir')\"><\/a>LTERNATIVE&nbsp;: LE VISA TOURISME USA<\/h2>\n\n\n\n<p>Si vous obtenez la r\u00e9ponse \u00ab voyage non autoris\u00e9\u00a0\u00bb, mais souhaitez poursuivre votre projet de voyage d\u2019affaire ou touristique, vous pouvez consulter en ligne\u00a0les diff\u00e9rentes\u00a0<a href=\"https:\/\/www.esta-officiel-usa.com\/fr\/les-formalites-dentree-aux-etats-unis\/\">formalit\u00e9s<\/a>\u00a0\u00e0 suivre pour une demande de\u00a0<a href=\"https:\/\/www.esta-officiel-usa.com\/fr\/difference-entre-esta-et-demande-de-visa-usa\/\">visa tourisme USA.<\/a>\u00a0Le refus d\u2019une autorisation de voyage vous interdit de voyager dans le cadre du Programme d\u2019Exemption de Visa, mais n\u2019interf\u00e8re pas avec votre droit d\u2019obtention d\u2019un\u00a0<a href=\"https:\/\/www.esta-officiel-usa.com\/fr\/visa-b1-b2-pour-les-etats-unis\/\">visa tourisme<\/a>\u00a0USA (ou visa de type B).\u00a0<\/p>\n\n\n\n<p>Pour cela, il suffit de vous rendre sur le site du d\u00e9partement d\u2019\u00c9tat am\u00e9ricain \u00e0 l\u2019adresse\u00a0<a href=\"http:\/\/www.travel.state.gov\/\">www.travel.state.gov<\/a>. Vous y trouverez tous les d\u00e9tails sur la proc\u00e9dure d\u2019\u00e9tablissement de\u00a0<a href=\"https:\/\/www.esta-officiel-usa.com\/fr\/etats-unis-demander-un-visa-ou-lesta\/\">visa tourisme USA au lieu d&rsquo;un ESTA<\/a>.<\/p>\n\n\n\n<p>Une demande de visa exige un co\u00fbt plus important et un processus plus long avec notamment un rendez-vous avec un agent consulaire de l&rsquo;ambassade am\u00e9ricaine. Il est donc pr\u00e9f\u00e9rable de v\u00e9rifier d&rsquo;abord les raisons du refus de votre demande ESTA.&nbsp;<\/p>\n\n\n\n<p><strong>Attention\u00a0:\u00a0<\/strong>toute fausse\u00a0<a href=\"https:\/\/www.esta-officiel-usa.com\/fr\/la-declaration-esta\/\">d\u00e9claration ESTA<\/a>\u00a0dans le but de recevoir une r\u00e9ponse affirmative pourra engendrer une interdiction permanente de s\u00e9jour aux \u00c9tats-Unis.<\/p>\n","protected":false},"excerpt":{"rendered":"<p>ESTA REFUS\u00c9 Depuis quelques ann\u00e9es, les \u00c9tats-Unis ont impos\u00e9 un ensemble de mesures s\u00e9curitaires et de contr\u00f4le en mati\u00e8re d\u2019immigration, notamment dans les a\u00e9roports. Le United States Department of Homeland Security (D\u00e9partement de la S\u00e9curit\u00e9 Int\u00e9rieure) a instaur\u00e9 le\u00a0formulaire ESTA\u00a0afin de renforcer la s\u00e9curit\u00e9 int\u00e9rieure amricaine dans le cadre du programme d&rsquo;exemption de visa (Visa [&hellip;]<\/p>\n","protected":false},"author":1,"featured_media":0,"parent":0,"menu_order":0,"comment_status":"closed","ping_status":"closed","template":"","meta":{"footnotes":""},"class_list":["post-192","page","type-page","status-publish","hentry"],"yoast_head":"<!-- This site is optimized with the Yoast SEO plugin v26.2 - https:\/\/yoast.com\/wordpress\/plugins\/seo\/ -->\n<title>Pourquoi mon ESTA est-il refus\u00e9<\/title>\n<meta name=\"description\" content=\"Depuis quelques ann\u00e9es, les \u00c9tats-Unis ont impos\u00e9 un ensemble de mesures s\u00e9curitaires telles que l&#039;ESTA, d\u00e9couvrez les raisons de refus de l&#039;ESTA.\" \/>\n<meta name=\"robots\" content=\"index, follow, max-snippet:-1, max-image-preview:large, max-video-preview:-1\" \/>\n<link rel=\"canonical\" href=\"https:\/\/www.esta-officiel-usa.com\/fr\/pourquoi-mon-visa-tourisme-usa-est-il-refuse\/\" \/>\n<meta property=\"og:locale\" content=\"fr_FR\" \/>\n<meta property=\"og:type\" content=\"article\" \/>\n<meta property=\"og:title\" content=\"Pourquoi mon ESTA est-il refus\u00e9\" \/>\n<meta property=\"og:description\" content=\"Depuis quelques ann\u00e9es, les \u00c9tats-Unis ont impos\u00e9 un ensemble de mesures s\u00e9curitaires telles que l&#039;ESTA, d\u00e9couvrez les raisons de refus de l&#039;ESTA.\" \/>\n<meta property=\"og:url\" content=\"https:\/\/www.esta-officiel-usa.com\/fr\/pourquoi-mon-visa-tourisme-usa-est-il-refuse\/\" \/>\n<meta property=\"og:site_name\" content=\"ESTA - Etats-Unis\" \/>\n<meta property=\"article:modified_time\" content=\"2020-02-01T13:32:53+00:00\" \/>\n<meta name=\"twitter:card\" content=\"summary_large_image\" \/>\n<meta name=\"twitter:label1\" content=\"Dur\u00e9e de lecture estim\u00e9e\" \/>\n\t<meta name=\"twitter:data1\" content=\"2 minutes\" \/>\n<script type=\"application\/ld+json\" class=\"yoast-schema-graph\">{\"@context\":\"https:\/\/schema.org\",\"@graph\":[{\"@type\":\"WebPage\",\"@id\":\"https:\/\/www.esta-officiel-usa.com\/fr\/pourquoi-mon-visa-tourisme-usa-est-il-refuse\/\",\"url\":\"https:\/\/www.esta-officiel-usa.com\/fr\/pourquoi-mon-visa-tourisme-usa-est-il-refuse\/\",\"name\":\"Pourquoi mon ESTA est-il refus\u00e9\",\"isPartOf\":{\"@id\":\"https:\/\/www.esta-officiel-usa.com\/fr\/#website\"},\"datePublished\":\"2020-01-20T19:39:00+00:00\",\"dateModified\":\"2020-02-01T13:32:53+00:00\",\"description\":\"Depuis quelques ann\u00e9es, les \u00c9tats-Unis ont impos\u00e9 un ensemble de mesures s\u00e9curitaires telles que l'ESTA, d\u00e9couvrez les raisons de refus de l'ESTA.\",\"breadcrumb\":{\"@id\":\"https:\/\/www.esta-officiel-usa.com\/fr\/pourquoi-mon-visa-tourisme-usa-est-il-refuse\/#breadcrumb\"},\"inLanguage\":\"fr-FR\",\"potentialAction\":[{\"@type\":\"ReadAction\",\"target\":[\"https:\/\/www.esta-officiel-usa.com\/fr\/pourquoi-mon-visa-tourisme-usa-est-il-refuse\/\"]}]},{\"@type\":\"BreadcrumbList\",\"@id\":\"https:\/\/www.esta-officiel-usa.com\/fr\/pourquoi-mon-visa-tourisme-usa-est-il-refuse\/#breadcrumb\",\"itemListElement\":[{\"@type\":\"ListItem\",\"position\":1,\"name\":\"Home\",\"item\":\"https:\/\/www.esta-officiel-usa.com\/fr\/\"},{\"@type\":\"ListItem\",\"position\":2,\"name\":\"Pourquoi mon ESTA est-il refus\u00e9\"}]},{\"@type\":\"WebSite\",\"@id\":\"https:\/\/www.esta-officiel-usa.com\/fr\/#website\",\"url\":\"https:\/\/www.esta-officiel-usa.com\/fr\/\",\"name\":\"ESTA - Etats-Unis\",\"description\":\"Formulaire de demande ESTA\",\"potentialAction\":[{\"@type\":\"SearchAction\",\"target\":{\"@type\":\"EntryPoint\",\"urlTemplate\":\"https:\/\/www.esta-officiel-usa.com\/fr\/?s={search_term_string}\"},\"query-input\":{\"@type\":\"PropertyValueSpecification\",\"valueRequired\":true,\"valueName\":\"search_term_string\"}}],\"inLanguage\":\"fr-FR\"}]}<\/script>\n<!-- \/ Yoast SEO plugin. -->","yoast_head_json":{"title":"Pourquoi mon ESTA est-il refus\u00e9","description":"Depuis quelques ann\u00e9es, les \u00c9tats-Unis ont impos\u00e9 un ensemble de mesures s\u00e9curitaires telles que l'ESTA, d\u00e9couvrez les raisons de refus de l'ESTA.","robots":{"index":"index","follow":"follow","max-snippet":"max-snippet:-1","max-image-preview":"max-image-preview:large","max-video-preview":"max-video-preview:-1"},"canonical":"https:\/\/www.esta-officiel-usa.com\/fr\/pourquoi-mon-visa-tourisme-usa-est-il-refuse\/","og_locale":"fr_FR","og_type":"article","og_title":"Pourquoi mon ESTA est-il refus\u00e9","og_description":"Depuis quelques ann\u00e9es, les \u00c9tats-Unis ont impos\u00e9 un ensemble de mesures s\u00e9curitaires telles que l'ESTA, d\u00e9couvrez les raisons de refus de l'ESTA.","og_url":"https:\/\/www.esta-officiel-usa.com\/fr\/pourquoi-mon-visa-tourisme-usa-est-il-refuse\/","og_site_name":"ESTA - Etats-Unis","article_modified_time":"2020-02-01T13:32:53+00:00","twitter_card":"summary_large_image","twitter_misc":{"Dur\u00e9e de lecture estim\u00e9e":"2 minutes"},"schema":{"@context":"https:\/\/schema.org","@graph":[{"@type":"WebPage","@id":"https:\/\/www.esta-officiel-usa.com\/fr\/pourquoi-mon-visa-tourisme-usa-est-il-refuse\/","url":"https:\/\/www.esta-officiel-usa.com\/fr\/pourquoi-mon-visa-tourisme-usa-est-il-refuse\/","name":"Pourquoi mon ESTA est-il refus\u00e9","isPartOf":{"@id":"https:\/\/www.esta-officiel-usa.com\/fr\/#website"},"datePublished":"2020-01-20T19:39:00+00:00","dateModified":"2020-02-01T13:32:53+00:00","description":"Depuis quelques ann\u00e9es, les \u00c9tats-Unis ont impos\u00e9 un ensemble de mesures s\u00e9curitaires telles que l'ESTA, d\u00e9couvrez les raisons de refus de l'ESTA.","breadcrumb":{"@id":"https:\/\/www.esta-officiel-usa.com\/fr\/pourquoi-mon-visa-tourisme-usa-est-il-refuse\/#breadcrumb"},"inLanguage":"fr-FR","potentialAction":[{"@type":"ReadAction","target":["https:\/\/www.esta-officiel-usa.com\/fr\/pourquoi-mon-visa-tourisme-usa-est-il-refuse\/"]}]},{"@type":"BreadcrumbList","@id":"https:\/\/www.esta-officiel-usa.com\/fr\/pourquoi-mon-visa-tourisme-usa-est-il-refuse\/#breadcrumb","itemListElement":[{"@type":"ListItem","position":1,"name":"Home","item":"https:\/\/www.esta-officiel-usa.com\/fr\/"},{"@type":"ListItem","position":2,"name":"Pourquoi mon ESTA est-il refus\u00e9"}]},{"@type":"WebSite","@id":"https:\/\/www.esta-officiel-usa.com\/fr\/#website","url":"https:\/\/www.esta-officiel-usa.com\/fr\/","name":"ESTA - Etats-Unis","description":"Formulaire de demande ESTA","potentialAction":[{"@type":"SearchAction","target":{"@type":"EntryPoint","urlTemplate":"https:\/\/www.esta-officiel-usa.com\/fr\/?s={search_term_string}"},"query-input":{"@type":"PropertyValueSpecification","valueRequired":true,"valueName":"search_term_string"}}],"inLanguage":"fr-FR"}]}},"_links":{"self":[{"href":"https:\/\/www.esta-officiel-usa.com\/fr\/wp-json\/wp\/v2\/pages\/192","targetHints":{"allow":["GET"]}}],"collection":[{"href":"https:\/\/www.esta-officiel-usa.com\/fr\/wp-json\/wp\/v2\/pages"}],"about":[{"href":"https:\/\/www.esta-officiel-usa.com\/fr\/wp-json\/wp\/v2\/types\/page"}],"author":[{"embeddable":true,"href":"https:\/\/www.esta-officiel-usa.com\/fr\/wp-json\/wp\/v2\/users\/1"}],"replies":[{"embeddable":true,"href":"https:\/\/www.esta-officiel-usa.com\/fr\/wp-json\/wp\/v2\/comments?post=192"}],"version-history":[{"count":2,"href":"https:\/\/www.esta-officiel-usa.com\/fr\/wp-json\/wp\/v2\/pages\/192\/revisions"}],"predecessor-version":[{"id":497,"href":"https:\/\/www.esta-officiel-usa.com\/fr\/wp-json\/wp\/v2\/pages\/192\/revisions\/497"}],"wp:attachment":[{"href":"https:\/\/www.esta-officiel-usa.com\/fr\/wp-json\/wp\/v2\/media?parent=192"}],"curies":[{"name":"wp","href":"https:\/\/api.w.org\/{rel}","templated":true}]}}