{"id":194,"date":"2020-01-20T19:41:00","date_gmt":"2020-01-20T19:41:00","guid":{"rendered":"http:\/\/esta-officiel-usa.com\/?page_id=194"},"modified":"2024-04-12T09:59:35","modified_gmt":"2024-04-12T09:59:35","slug":"lautorisation-de-voyage-esta-canada","status":"publish","type":"page","link":"https:\/\/www.esta-officiel-usa.com\/fr\/lautorisation-de-voyage-esta-canada\/","title":{"rendered":"L&rsquo;autorisation de voyage ETA Canada"},"content":{"rendered":"\n<h1 class=\"wp-block-heading\">LE POINT SUR L\u2019AUTORISATION DE VOYAGE ETA CANADA<\/h1>\n\n\n\n<p>Le gouvernement canadien a mis en place un\u00a0processus d\u2019autorisation de voyage, similaire au syst\u00e8me d&rsquo;<a href=\"https:\/\/www.esta-officiel-usa.com\/fr\/lautorisation-esta\/\">autorisation ESTA<\/a>\u00a0instaur\u00e9 par les \u00c9tats-Unis il y a une dizaine d\u2019ann\u00e9es, afin de permettre aux voyageurs de visiter ou de transiter par le Canada. Lanc\u00e9 le 10 novembre 2016, l\u2019ETA Canada a pour but de renforcer la s\u00e9curit\u00e9 des fronti\u00e8res canadiennes tout en facilitant l\u2019entr\u00e9e des personnes souhaitant se rendre sur le territoire pour des raisons touristiques ou professionnelles.<\/p>\n\n\n\n<h2 class=\"wp-block-heading\">ETA CANADA : QUI EST CONCERN\u00c9 ?<\/h2>\n\n\n\n<p>Afin de pouvoir r\u00e9aliser la demande d\u2019ETA Canada, il est n\u00e9cessaire que les voyageurs soient ressortissants d\u2019un des pays ayant pass\u00e9 des accords avec le gouvernement canadien :<\/p>\n\n\n\n<figure class=\"wp-block-table\"><table><tbody><tr><td>Allemagne<\/td><td>Espagne<\/td><td>Islande<\/td><td>Pologne<\/td><td>Vatican<\/td><\/tr><tr><td>Andorre<\/td><td>Estonie<\/td><td>Italie<\/td><td>Portugal<\/td><td><strong><strong>Uruguay<\/strong><\/strong><\/td><\/tr><tr><td>Anguilla<\/td><td>Finlande<\/td><td>Japon<\/td><td>R\u00e9publique Tch\u00e8que<\/td><td><strong>Antigua-et-Barbuda<\/strong><\/td><\/tr><tr><td>Australie<\/td><td>France<\/td><td>Lettonie<\/td><td>R\u00e9publique de Cor\u00e9e<\/td><td><strong>Argentine<\/strong><\/td><\/tr><tr><td>Autriche<\/td><td>Gibraltar<\/td><td>Liechtenstein<\/td><td>Roumanie<\/td><td><strong>Costa Rica<\/strong><\/td><\/tr><tr><td>Bahamas<\/td><td>Gr\u00e8ce<\/td><td>Lituanie<\/td><td>Royaume-Uni<\/td><td><strong>Maroc<\/strong><\/td><\/tr><tr><td>Barbade<\/td><td>Hong Kong<\/td><td>Luxembourg<\/td><td>Sainte-H\u00e9l\u00e8ne<\/td><td><strong>Panama<\/strong><\/td><\/tr><tr><td>Belgique<\/td><td>Hongrie<\/td><td>Malte<\/td><td>Saint-Marin<\/td><td><strong>Philippines<\/strong><\/td><\/tr><tr><td>Bermudes<\/td><td>Iles Ca\u00efmans<\/td><td>Mexique<\/td><td>Samoa<\/td><td><strong>Saint-Kitts-et-Nevis<\/strong><\/td><\/tr><tr><td>Brun\u00e9i<\/td><td>Iles Falkland<\/td><td>Monaco<\/td><td>Singapour<\/td><td><strong>Sainte-Lucie<\/strong><\/td><\/tr><tr><td>Bulgarie<\/td><td>Iles Pitcairn<\/td><td>Montserrat<\/td><td>Slovaquie<\/td><td><strong>Saint-Vincent-et-les Grenadines<\/strong><\/td><\/tr><tr><td>Chili<\/td><td>Iles Salomon<\/td><td>Norv\u00e8ge<\/td><td>Slov\u00e9nie<\/td><td><strong>Seychelles<\/strong><\/td><\/tr><tr><td>Chypre<\/td><td>Iles Turcs et Ca\u00efques<\/td><td>Nouvelle-Z\u00e9lande<\/td><td>Su\u00e8de<\/td><td><strong>Tha\u00eflande<\/strong><\/td><\/tr><tr><td>Croatie<\/td><td>Iles Vierges britanniques<\/td><td>Papouasie-Nouvelle-Guin\u00e9e<\/td><td>Suisse<\/td><td><strong>Trinit\u00e9-et-Tobago<\/strong><\/td><\/tr><tr><td>Danemark<\/td><td>Irlande<\/td><td>Pays-Bas<\/td><td>Ta\u00efwan<\/td><td><\/td><\/tr><\/tbody><\/table><\/figure>\n\n\n\n<p>Les personnes concern\u00e9es peuvent effectuer la demande d\u2019ETA Canada \u00e0 l\u2019aide du formulaire t\u00e9l\u00e9chargeable disponible sur le site du\u00a0<a href=\"http:\/\/www.cic.gc.ca\/francais\/visiter\/ave-commencer.asp\">gouvernement canadien<\/a>. La d\u00e9marche est tr\u00e8s simple et requiert simplement quelques minutes de votre temps : munissez vous de votre passeport dont la date de validit\u00e9 doit suffire \u00e0 couvrir la p\u00e9riode de votre s\u00e9jour. Apr\u00e8s vous \u00eatre acquitt\u00e9 des 7 dollars de frais de dossier, vous recevrez une r\u00e9ponse par email dans un d\u00e9lai de 72 h maximum.<\/p>\n\n\n\n<p><strong>Important\u00a0<\/strong>: \u00a0dans le cadre d\u2019un voyage en famille, une demande group\u00e9e n\u2019est pas possible : il est n\u00e9cessaire de renseigner un formulaire <a href=\"https:\/\/ca-canada.net\/\">eTA Canada<\/a> pour chaque adulte et enfant.<\/p>\n\n\n\n<h2 class=\"wp-block-heading\">QUELS SONT LES ATOUTS D\u2019UN ETA CANADA ?<\/h2>\n\n\n\n<p>Tout comme son pr\u00e9curseur am\u00e9ricain, l\u2019autorisation de voyage permet aux voyageurs de se passer du visa classique, souvent \u00e0 un\u00a0<a href=\"https:\/\/www.esta-officiel-usa.com\/fr\/le-prix-dun-esta\/\">prix<\/a>\u00a0plus \u00e9lev\u00e9 et demandant un temps d\u2019attente tr\u00e8s long. Une fois l\u2019ETA Canada en poche, le document vous autorise \u00e0 voyager vers le Canada autant de fois que vous le souhaitez durant une p\u00e9riode de 5 ans. Dans le cas o\u00f9 votre demande est refus\u00e9e, cela ne signifie pas que vous soyez interdit de s\u00e9jour mais que vous devrez vous adresser \u00e0 l\u2019ambassade afin d\u2019obtenir un visa.<\/p>\n\n\n\n<p><strong>Remarque\u00a0<\/strong>: avec l\u2019ETA Canada, chaque s\u00e9jour que vous souhaitez entreprendre est limit\u00e9 \u00e0 une dur\u00e9e de 6 mois maximum. Il est possible cependant de renouveler vos s\u00e9jours plusieurs fois durant la validit\u00e9 de celui-ci.<\/p>\n\n\n\n<p>Avec la cr\u00e9ation r\u00e9cente de l\u2019ETA Canada, il semble que ce syst\u00e8me d\u2019autorisation de voyage informatis\u00e9 s\u00e9duit de plus en plus de pays ces derni\u00e8res ann\u00e9es. Inaugur\u00e9e par les \u00c9tats-Unis en 2009, la d\u00e9marche offre des avantages tant pour les voyageurs que pour les autorit\u00e9s du pays concern\u00e9 :<\/p>\n\n\n\n<ul class=\"wp-block-list\">\n<li>Contr\u00f4ler l\u2019identit\u00e9 et le motif du voyage des touristes ;<\/li>\n\n\n\n<li>Renforcer la s\u00e9curit\u00e9 des fronti\u00e8res et des a\u00e9roports ;<\/li>\n\n\n\n<li>Financer les campagnes promouvant le tourisme ;<\/li>\n\n\n\n<li>L\u2019exemption de visa pour les voyageurs ;<\/li>\n\n\n\n<li>Une obtention rapide et peu co\u00fbteuse.<\/li>\n<\/ul>\n\n\n\n<p>L\u2019Europe, qui semble \u00eatre aussi int\u00e9ress\u00e9e par le concept, a pour projet d&rsquo;impl\u00e9menter sa propre autorisation de voyage en 2025.<\/p>\n","protected":false},"excerpt":{"rendered":"<p>LE POINT SUR L\u2019AUTORISATION DE VOYAGE ETA CANADA Le gouvernement canadien a mis en place un\u00a0processus d\u2019autorisation de voyage, similaire au syst\u00e8me d&rsquo;autorisation ESTA\u00a0instaur\u00e9 par les \u00c9tats-Unis il y a une dizaine d\u2019ann\u00e9es, afin de permettre aux voyageurs de visiter ou de transiter par le Canada. Lanc\u00e9 le 10 novembre 2016, l\u2019ETA Canada a pour [&hellip;]<\/p>\n","protected":false},"author":1,"featured_media":0,"parent":0,"menu_order":0,"comment_status":"closed","ping_status":"closed","template":"","meta":{"footnotes":""},"class_list":["post-194","page","type-page","status-publish","hentry"],"yoast_head":"<!-- This site is optimized with the Yoast SEO plugin v26.2 - https:\/\/yoast.com\/wordpress\/plugins\/seo\/ -->\n<title>L&#039;autorisation de voyage ETA Canada<\/title>\n<meta name=\"description\" content=\"Le gouvernement canadien a mis en place un processus d\u2019autorisation de voyage, similaire au syst\u00e8me d&#039;autorisation ESTA.\" \/>\n<meta name=\"robots\" content=\"index, follow, max-snippet:-1, max-image-preview:large, max-video-preview:-1\" \/>\n<link rel=\"canonical\" href=\"https:\/\/www.esta-officiel-usa.com\/fr\/lautorisation-de-voyage-esta-canada\/\" \/>\n<meta property=\"og:locale\" content=\"fr_FR\" \/>\n<meta property=\"og:type\" content=\"article\" \/>\n<meta property=\"og:title\" content=\"L&#039;autorisation de voyage ETA Canada\" \/>\n<meta property=\"og:description\" content=\"Le gouvernement canadien a mis en place un processus d\u2019autorisation de voyage, similaire au syst\u00e8me d&#039;autorisation ESTA.\" \/>\n<meta property=\"og:url\" content=\"https:\/\/www.esta-officiel-usa.com\/fr\/lautorisation-de-voyage-esta-canada\/\" \/>\n<meta property=\"og:site_name\" content=\"ESTA - Etats-Unis\" \/>\n<meta property=\"article:modified_time\" content=\"2024-04-12T09:59:35+00:00\" \/>\n<meta name=\"twitter:card\" content=\"summary_large_image\" \/>\n<meta name=\"twitter:label1\" content=\"Dur\u00e9e de lecture estim\u00e9e\" \/>\n\t<meta name=\"twitter:data1\" content=\"3 minutes\" \/>\n<script type=\"application\/ld+json\" class=\"yoast-schema-graph\">{\"@context\":\"https:\/\/schema.org\",\"@graph\":[{\"@type\":\"WebPage\",\"@id\":\"https:\/\/www.esta-officiel-usa.com\/fr\/lautorisation-de-voyage-esta-canada\/\",\"url\":\"https:\/\/www.esta-officiel-usa.com\/fr\/lautorisation-de-voyage-esta-canada\/\",\"name\":\"L'autorisation de voyage ETA Canada\",\"isPartOf\":{\"@id\":\"https:\/\/www.esta-officiel-usa.com\/fr\/#website\"},\"datePublished\":\"2020-01-20T19:41:00+00:00\",\"dateModified\":\"2024-04-12T09:59:35+00:00\",\"description\":\"Le gouvernement canadien a mis en place un processus d\u2019autorisation de voyage, similaire au syst\u00e8me d'autorisation ESTA.\",\"breadcrumb\":{\"@id\":\"https:\/\/www.esta-officiel-usa.com\/fr\/lautorisation-de-voyage-esta-canada\/#breadcrumb\"},\"inLanguage\":\"fr-FR\",\"potentialAction\":[{\"@type\":\"ReadAction\",\"target\":[\"https:\/\/www.esta-officiel-usa.com\/fr\/lautorisation-de-voyage-esta-canada\/\"]}]},{\"@type\":\"BreadcrumbList\",\"@id\":\"https:\/\/www.esta-officiel-usa.com\/fr\/lautorisation-de-voyage-esta-canada\/#breadcrumb\",\"itemListElement\":[{\"@type\":\"ListItem\",\"position\":1,\"name\":\"Home\",\"item\":\"https:\/\/www.esta-officiel-usa.com\/fr\/\"},{\"@type\":\"ListItem\",\"position\":2,\"name\":\"L&rsquo;autorisation de voyage ETA Canada\"}]},{\"@type\":\"WebSite\",\"@id\":\"https:\/\/www.esta-officiel-usa.com\/fr\/#website\",\"url\":\"https:\/\/www.esta-officiel-usa.com\/fr\/\",\"name\":\"ESTA - Etats-Unis\",\"description\":\"Formulaire de demande ESTA\",\"potentialAction\":[{\"@type\":\"SearchAction\",\"target\":{\"@type\":\"EntryPoint\",\"urlTemplate\":\"https:\/\/www.esta-officiel-usa.com\/fr\/?s={search_term_string}\"},\"query-input\":{\"@type\":\"PropertyValueSpecification\",\"valueRequired\":true,\"valueName\":\"search_term_string\"}}],\"inLanguage\":\"fr-FR\"}]}<\/script>\n<!-- \/ Yoast SEO plugin. -->","yoast_head_json":{"title":"L'autorisation de voyage ETA Canada","description":"Le gouvernement canadien a mis en place un processus d\u2019autorisation de voyage, similaire au syst\u00e8me d'autorisation ESTA.","robots":{"index":"index","follow":"follow","max-snippet":"max-snippet:-1","max-image-preview":"max-image-preview:large","max-video-preview":"max-video-preview:-1"},"canonical":"https:\/\/www.esta-officiel-usa.com\/fr\/lautorisation-de-voyage-esta-canada\/","og_locale":"fr_FR","og_type":"article","og_title":"L'autorisation de voyage ETA Canada","og_description":"Le gouvernement canadien a mis en place un processus d\u2019autorisation de voyage, similaire au syst\u00e8me d'autorisation ESTA.","og_url":"https:\/\/www.esta-officiel-usa.com\/fr\/lautorisation-de-voyage-esta-canada\/","og_site_name":"ESTA - Etats-Unis","article_modified_time":"2024-04-12T09:59:35+00:00","twitter_card":"summary_large_image","twitter_misc":{"Dur\u00e9e de lecture estim\u00e9e":"3 minutes"},"schema":{"@context":"https:\/\/schema.org","@graph":[{"@type":"WebPage","@id":"https:\/\/www.esta-officiel-usa.com\/fr\/lautorisation-de-voyage-esta-canada\/","url":"https:\/\/www.esta-officiel-usa.com\/fr\/lautorisation-de-voyage-esta-canada\/","name":"L'autorisation de voyage ETA Canada","isPartOf":{"@id":"https:\/\/www.esta-officiel-usa.com\/fr\/#website"},"datePublished":"2020-01-20T19:41:00+00:00","dateModified":"2024-04-12T09:59:35+00:00","description":"Le gouvernement canadien a mis en place un processus d\u2019autorisation de voyage, similaire au syst\u00e8me d'autorisation ESTA.","breadcrumb":{"@id":"https:\/\/www.esta-officiel-usa.com\/fr\/lautorisation-de-voyage-esta-canada\/#breadcrumb"},"inLanguage":"fr-FR","potentialAction":[{"@type":"ReadAction","target":["https:\/\/www.esta-officiel-usa.com\/fr\/lautorisation-de-voyage-esta-canada\/"]}]},{"@type":"BreadcrumbList","@id":"https:\/\/www.esta-officiel-usa.com\/fr\/lautorisation-de-voyage-esta-canada\/#breadcrumb","itemListElement":[{"@type":"ListItem","position":1,"name":"Home","item":"https:\/\/www.esta-officiel-usa.com\/fr\/"},{"@type":"ListItem","position":2,"name":"L&rsquo;autorisation de voyage ETA Canada"}]},{"@type":"WebSite","@id":"https:\/\/www.esta-officiel-usa.com\/fr\/#website","url":"https:\/\/www.esta-officiel-usa.com\/fr\/","name":"ESTA - Etats-Unis","description":"Formulaire de demande ESTA","potentialAction":[{"@type":"SearchAction","target":{"@type":"EntryPoint","urlTemplate":"https:\/\/www.esta-officiel-usa.com\/fr\/?s={search_term_string}"},"query-input":{"@type":"PropertyValueSpecification","valueRequired":true,"valueName":"search_term_string"}}],"inLanguage":"fr-FR"}]}},"_links":{"self":[{"href":"https:\/\/www.esta-officiel-usa.com\/fr\/wp-json\/wp\/v2\/pages\/194","targetHints":{"allow":["GET"]}}],"collection":[{"href":"https:\/\/www.esta-officiel-usa.com\/fr\/wp-json\/wp\/v2\/pages"}],"about":[{"href":"https:\/\/www.esta-officiel-usa.com\/fr\/wp-json\/wp\/v2\/types\/page"}],"author":[{"embeddable":true,"href":"https:\/\/www.esta-officiel-usa.com\/fr\/wp-json\/wp\/v2\/users\/1"}],"replies":[{"embeddable":true,"href":"https:\/\/www.esta-officiel-usa.com\/fr\/wp-json\/wp\/v2\/comments?post=194"}],"version-history":[{"count":5,"href":"https:\/\/www.esta-officiel-usa.com\/fr\/wp-json\/wp\/v2\/pages\/194\/revisions"}],"predecessor-version":[{"id":825,"href":"https:\/\/www.esta-officiel-usa.com\/fr\/wp-json\/wp\/v2\/pages\/194\/revisions\/825"}],"wp:attachment":[{"href":"https:\/\/www.esta-officiel-usa.com\/fr\/wp-json\/wp\/v2\/media?parent=194"}],"curies":[{"name":"wp","href":"https:\/\/api.w.org\/{rel}","templated":true}]}}