{"id":196,"date":"2020-01-20T19:43:41","date_gmt":"2020-01-20T19:43:41","guid":{"rendered":"http:\/\/esta-officiel-usa.com\/?page_id=196"},"modified":"2021-11-25T00:10:15","modified_gmt":"2021-11-25T00:10:15","slug":"remplir-le-formulaire-esta-en-ligne","status":"publish","type":"page","link":"https:\/\/www.esta-officiel-usa.com\/fr\/remplir-le-formulaire-esta-en-ligne\/","title":{"rendered":"Remplir le formulaire ESTA en ligne"},"content":{"rendered":"\n<h1 class=\"wp-block-heading\">Comment remplir le formulaire ESTA<\/h1>\n\n\n\n<p>Partir en vacances est un projet qu\u2019il faut pr\u00e9parer, encore plus lorsque l\u2019on choisit comme destination les \u00c9tats-Unis d\u2019Am\u00e9rique ! Pour avoir le droit d\u2019y poser ses bagages, il va d\u2019abord falloir remplir votre\u00a0<a href=\"https:\/\/usa-esta.net\/fr\/formulaire-esta-en-francais\/\">formulaire ESTA<\/a>.<\/p>\n\n\n\n<h2 class=\"wp-block-heading\">Qu\u2019est-ce que le formulaire ESTA ?<\/h2>\n\n\n\n<p>Le formulaire\u00a0<a href=\"https:\/\/www.esta-officiel-usa.com\/fr\/lautorisation-esta-france\/\">ESTA France<\/a>\u00a0est une d\u00e9marche qui permet de faciliter votre d\u00e9part vers les USA. Il fait partie du programme d\u2019exemption de visa (VWP pour <a href=\"https:\/\/www.esta-officiel-usa.com\/fr\/a-propos-du-visa-waiver-program\/\">Visa Waiver Program<\/a>) mis en place par les autorit\u00e9s am\u00e9ricaines. Il autorise ainsi les ressortissants des\u00a0<a href=\"https:\/\/www.esta-officiel-usa.com\/fr\/les-pays-partenaires-du-visa-waiver-program\/\">39 pays\u00a0participants<\/a> de se passer d\u2019une\u00a0<a href=\"https:\/\/www.esta-officiel-usa.com\/fr\/difference-entre-esta-et-demande-de-visa-usa\/\">demande de visa<\/a>.<\/p>\n\n\n\n<p>Il faut remplir un formulaire en\u00a0ligne qui sera v\u00e9rifi\u00e9 et approuv\u00e9 par les agents administratifs du d\u00e9partement de la s\u00e9curit\u00e9 int\u00e9rieure am\u00e9ricain. Une fois obtenu, l\u2019ESTA reste\u00a0<a href=\"https:\/\/www.esta-officiel-usa.com\/fr\/la-duree-de-validite-de-lesta\/\">valide pendant 2 ans<\/a> et accorde le droit de rester sur le territoire pour une dur\u00e9e de 90 jours maximum.\u00a0<\/p>\n\n\n\n<h2 class=\"wp-block-heading\">Comment compl\u00e9ter le formulaire ESTA ?<\/h2>\n\n\n\n<p>Afin de remplir le formulaire ESTA, il est imp\u00e9ratif de se connecter \u00e0 internet car il est uniquement accessible en ligne. La fiche ESTA se pr\u00e9sente de la fa\u00e7on suivante :<\/p>\n\n\n\n<ul class=\"wp-block-list\"><li>Une premi\u00e8re partie o\u00f9 vous devez renseigner des informations concernant votre identit\u00e9 ;<\/li><li>Une deuxi\u00e8me partie o\u00f9 vous devrez renseigner des informations concernant votre passeport et votre s\u00e9jour\u00a0(pas d&rsquo;inqui\u00e9tude si votre programme est encore flou, la\u00a0<a href=\"https:\/\/www.esta-officiel-usa.com\/fr\/demander-un-esta-sans-projet-precis\/\">demande d&rsquo;ESTA s&rsquo;effectue m\u00eame sans projet pr\u00e9cis<\/a>)\u00a0;<\/li><li>Enfin, une troisi\u00e8me partie o\u00f9 vous devez r\u00e9pondre par oui ou non \u00e0 une\u00a0<a href=\"https:\/\/www.esta-officiel-usa.com\/fr\/toutes-les-questions-posees-formulaire-esta-etats-unis\/\">s\u00e9rie de questions<\/a>.<\/li><\/ul>\n\n\n\n<p>Vous devez aussi vous assurer que vous poss\u00e9dez bien un <a href=\"https:\/\/www.esta-officiel-usa.com\/fr\/quel-type-de-passeport-pour-les-usa\/\">passeport biom\u00e9trique<\/a> ou \u00e9lectronique. Sans cela, il vous sera impossible d\u2019obtenir votre s\u00e9same.<\/p>\n\n\n\n<p>Vous trouverez la\u00a0<a href=\"https:\/\/www.esta-officiel-usa.com\/fr\/la-declaration-esta\/\">d\u00e9claration ESTA<\/a>\u00a0en ligne, au choix, sur le site officiel am\u00e9ricain ou sur notre plateforme esta-officiel-usa.com. Nous offrons des prestations in\u00e9dites telles que la v\u00e9rification et correction (si n\u00e9cessaire) des informations que vous entrez (ce qui peut se r\u00e9v\u00e9ler tr\u00e8s utile\u00a0car en cas d\u2019erreur votre formulaire ESTA sera refus\u00e9), un formulaire simplifi\u00e9 et enti\u00e8rement traduit en fran\u00e7ais ainsi qu\u2019un service d\u2019assistance disponible pour r\u00e9pondre \u00e0 toutes vos questions en cas de doute. La demande n&rsquo;est pas\u00a0<a href=\"https:\/\/www.esta-officiel-usa.com\/fr\/lautorisation-esta-gratuit\/\">gratuite<\/a>, il faut\u00a0pr\u00e9voir un\u00a0<a href=\"https:\/\/www.esta-officiel-usa.com\/fr\/le-prix-dun-esta\/\">prix de $14<\/a>\u00a0pour pouvoir valider\u00a0votre formulaire ESTA. Ce montant correspond au tarif impos\u00e9 par les \u00c9tats-Unis : 10 $ sont destin\u00e9s aux organismes en charge de la promotion \u00e0 l\u2019international des USA et les 4 $ restant servent \u00e0 financer les administrations responsables du traitement des formulaires ESTA.<\/p>\n\n\n\n<p>NB : l&rsquo;ESTA ne vous permet pas de travailler ou d&rsquo;<a href=\"https:\/\/www.esta-officiel-usa.com\/fr\/comment-etudier-dans-une-universite-americaine\/\">\u00e9tudier dans une universit\u00e9 am\u00e9ricaine<\/a>.<\/p>\n","protected":false},"excerpt":{"rendered":"<p>Comment remplir le formulaire ESTA Partir en vacances est un projet qu\u2019il faut pr\u00e9parer, encore plus lorsque l\u2019on choisit comme destination les \u00c9tats-Unis d\u2019Am\u00e9rique ! Pour avoir le droit d\u2019y poser ses bagages, il va d\u2019abord falloir remplir votre\u00a0formulaire ESTA. Qu\u2019est-ce que le formulaire ESTA ? Le formulaire\u00a0ESTA France\u00a0est une d\u00e9marche qui permet de faciliter [&hellip;]<\/p>\n","protected":false},"author":1,"featured_media":0,"parent":0,"menu_order":0,"comment_status":"closed","ping_status":"closed","template":"","meta":{"footnotes":""},"class_list":["post-196","page","type-page","status-publish","hentry"],"yoast_head":"<!-- This site is optimized with the Yoast SEO plugin v26.2 - https:\/\/yoast.com\/wordpress\/plugins\/seo\/ -->\n<title>Remplir le formulaire ESTA en ligne<\/title>\n<meta name=\"description\" content=\"LLa demande ESTA est une formalit\u00e9 imp\u00e9rative pour entrer aux USA, disponible en quelques clics en ligne, d\u00e9couvrez sur notre page comment la remplir.\" \/>\n<meta name=\"robots\" content=\"index, follow, max-snippet:-1, max-image-preview:large, max-video-preview:-1\" \/>\n<link rel=\"canonical\" href=\"https:\/\/www.esta-officiel-usa.com\/fr\/remplir-le-formulaire-esta-en-ligne\/\" \/>\n<meta property=\"og:locale\" content=\"fr_FR\" \/>\n<meta property=\"og:type\" content=\"article\" \/>\n<meta property=\"og:title\" content=\"Remplir le formulaire ESTA en ligne\" \/>\n<meta property=\"og:description\" content=\"LLa demande ESTA est une formalit\u00e9 imp\u00e9rative pour entrer aux USA, disponible en quelques clics en ligne, d\u00e9couvrez sur notre page comment la remplir.\" \/>\n<meta property=\"og:url\" content=\"https:\/\/www.esta-officiel-usa.com\/fr\/remplir-le-formulaire-esta-en-ligne\/\" \/>\n<meta property=\"og:site_name\" content=\"ESTA - Etats-Unis\" \/>\n<meta property=\"article:modified_time\" content=\"2021-11-25T00:10:15+00:00\" \/>\n<meta name=\"twitter:card\" content=\"summary_large_image\" \/>\n<meta name=\"twitter:label1\" content=\"Dur\u00e9e de lecture estim\u00e9e\" \/>\n\t<meta name=\"twitter:data1\" content=\"2 minutes\" \/>\n<script type=\"application\/ld+json\" class=\"yoast-schema-graph\">{\"@context\":\"https:\/\/schema.org\",\"@graph\":[{\"@type\":\"WebPage\",\"@id\":\"https:\/\/www.esta-officiel-usa.com\/fr\/remplir-le-formulaire-esta-en-ligne\/\",\"url\":\"https:\/\/www.esta-officiel-usa.com\/fr\/remplir-le-formulaire-esta-en-ligne\/\",\"name\":\"Remplir le formulaire ESTA en ligne\",\"isPartOf\":{\"@id\":\"https:\/\/www.esta-officiel-usa.com\/fr\/#website\"},\"datePublished\":\"2020-01-20T19:43:41+00:00\",\"dateModified\":\"2021-11-25T00:10:15+00:00\",\"description\":\"LLa demande ESTA est une formalit\u00e9 imp\u00e9rative pour entrer aux USA, disponible en quelques clics en ligne, d\u00e9couvrez sur notre page comment la remplir.\",\"breadcrumb\":{\"@id\":\"https:\/\/www.esta-officiel-usa.com\/fr\/remplir-le-formulaire-esta-en-ligne\/#breadcrumb\"},\"inLanguage\":\"fr-FR\",\"potentialAction\":[{\"@type\":\"ReadAction\",\"target\":[\"https:\/\/www.esta-officiel-usa.com\/fr\/remplir-le-formulaire-esta-en-ligne\/\"]}]},{\"@type\":\"BreadcrumbList\",\"@id\":\"https:\/\/www.esta-officiel-usa.com\/fr\/remplir-le-formulaire-esta-en-ligne\/#breadcrumb\",\"itemListElement\":[{\"@type\":\"ListItem\",\"position\":1,\"name\":\"Home\",\"item\":\"https:\/\/www.esta-officiel-usa.com\/fr\/\"},{\"@type\":\"ListItem\",\"position\":2,\"name\":\"Remplir le formulaire ESTA en ligne\"}]},{\"@type\":\"WebSite\",\"@id\":\"https:\/\/www.esta-officiel-usa.com\/fr\/#website\",\"url\":\"https:\/\/www.esta-officiel-usa.com\/fr\/\",\"name\":\"ESTA - Etats-Unis\",\"description\":\"Formulaire de demande ESTA\",\"potentialAction\":[{\"@type\":\"SearchAction\",\"target\":{\"@type\":\"EntryPoint\",\"urlTemplate\":\"https:\/\/www.esta-officiel-usa.com\/fr\/?s={search_term_string}\"},\"query-input\":{\"@type\":\"PropertyValueSpecification\",\"valueRequired\":true,\"valueName\":\"search_term_string\"}}],\"inLanguage\":\"fr-FR\"}]}<\/script>\n<!-- \/ Yoast SEO plugin. -->","yoast_head_json":{"title":"Remplir le formulaire ESTA en ligne","description":"LLa demande ESTA est une formalit\u00e9 imp\u00e9rative pour entrer aux USA, disponible en quelques clics en ligne, d\u00e9couvrez sur notre page comment la remplir.","robots":{"index":"index","follow":"follow","max-snippet":"max-snippet:-1","max-image-preview":"max-image-preview:large","max-video-preview":"max-video-preview:-1"},"canonical":"https:\/\/www.esta-officiel-usa.com\/fr\/remplir-le-formulaire-esta-en-ligne\/","og_locale":"fr_FR","og_type":"article","og_title":"Remplir le formulaire ESTA en ligne","og_description":"LLa demande ESTA est une formalit\u00e9 imp\u00e9rative pour entrer aux USA, disponible en quelques clics en ligne, d\u00e9couvrez sur notre page comment la remplir.","og_url":"https:\/\/www.esta-officiel-usa.com\/fr\/remplir-le-formulaire-esta-en-ligne\/","og_site_name":"ESTA - Etats-Unis","article_modified_time":"2021-11-25T00:10:15+00:00","twitter_card":"summary_large_image","twitter_misc":{"Dur\u00e9e de lecture estim\u00e9e":"2 minutes"},"schema":{"@context":"https:\/\/schema.org","@graph":[{"@type":"WebPage","@id":"https:\/\/www.esta-officiel-usa.com\/fr\/remplir-le-formulaire-esta-en-ligne\/","url":"https:\/\/www.esta-officiel-usa.com\/fr\/remplir-le-formulaire-esta-en-ligne\/","name":"Remplir le formulaire ESTA en ligne","isPartOf":{"@id":"https:\/\/www.esta-officiel-usa.com\/fr\/#website"},"datePublished":"2020-01-20T19:43:41+00:00","dateModified":"2021-11-25T00:10:15+00:00","description":"LLa demande ESTA est une formalit\u00e9 imp\u00e9rative pour entrer aux USA, disponible en quelques clics en ligne, d\u00e9couvrez sur notre page comment la remplir.","breadcrumb":{"@id":"https:\/\/www.esta-officiel-usa.com\/fr\/remplir-le-formulaire-esta-en-ligne\/#breadcrumb"},"inLanguage":"fr-FR","potentialAction":[{"@type":"ReadAction","target":["https:\/\/www.esta-officiel-usa.com\/fr\/remplir-le-formulaire-esta-en-ligne\/"]}]},{"@type":"BreadcrumbList","@id":"https:\/\/www.esta-officiel-usa.com\/fr\/remplir-le-formulaire-esta-en-ligne\/#breadcrumb","itemListElement":[{"@type":"ListItem","position":1,"name":"Home","item":"https:\/\/www.esta-officiel-usa.com\/fr\/"},{"@type":"ListItem","position":2,"name":"Remplir le formulaire ESTA en ligne"}]},{"@type":"WebSite","@id":"https:\/\/www.esta-officiel-usa.com\/fr\/#website","url":"https:\/\/www.esta-officiel-usa.com\/fr\/","name":"ESTA - Etats-Unis","description":"Formulaire de demande ESTA","potentialAction":[{"@type":"SearchAction","target":{"@type":"EntryPoint","urlTemplate":"https:\/\/www.esta-officiel-usa.com\/fr\/?s={search_term_string}"},"query-input":{"@type":"PropertyValueSpecification","valueRequired":true,"valueName":"search_term_string"}}],"inLanguage":"fr-FR"}]}},"_links":{"self":[{"href":"https:\/\/www.esta-officiel-usa.com\/fr\/wp-json\/wp\/v2\/pages\/196","targetHints":{"allow":["GET"]}}],"collection":[{"href":"https:\/\/www.esta-officiel-usa.com\/fr\/wp-json\/wp\/v2\/pages"}],"about":[{"href":"https:\/\/www.esta-officiel-usa.com\/fr\/wp-json\/wp\/v2\/types\/page"}],"author":[{"embeddable":true,"href":"https:\/\/www.esta-officiel-usa.com\/fr\/wp-json\/wp\/v2\/users\/1"}],"replies":[{"embeddable":true,"href":"https:\/\/www.esta-officiel-usa.com\/fr\/wp-json\/wp\/v2\/comments?post=196"}],"version-history":[{"count":4,"href":"https:\/\/www.esta-officiel-usa.com\/fr\/wp-json\/wp\/v2\/pages\/196\/revisions"}],"predecessor-version":[{"id":709,"href":"https:\/\/www.esta-officiel-usa.com\/fr\/wp-json\/wp\/v2\/pages\/196\/revisions\/709"}],"wp:attachment":[{"href":"https:\/\/www.esta-officiel-usa.com\/fr\/wp-json\/wp\/v2\/media?parent=196"}],"curies":[{"name":"wp","href":"https:\/\/api.w.org\/{rel}","templated":true}]}}