{"id":200,"date":"2020-01-27T14:49:54","date_gmt":"2020-01-27T14:49:54","guid":{"rendered":"http:\/\/esta-officiel-usa.com\/?page_id=200"},"modified":"2025-09-13T15:54:53","modified_gmt":"2025-09-13T15:54:53","slug":"esta-usa-formulaire-esta","status":"publish","type":"page","link":"https:\/\/www.esta-officiel-usa.com\/fr\/","title":{"rendered":"ESTA &#8211; USA Formulaire ESTA"},"content":{"rendered":"\n<h1 class=\"wp-block-heading\">Qu&rsquo;est ce que l&rsquo;autorisation ESTA<\/h1>\n\n\n\n<p>Faites votre demande d&rsquo;ESTA en ligne en quelques minutes et recevez la  confirmation de l&rsquo;obtention par email sous 72 h. Si vous r\u00e9sidez dans l&rsquo;un des pays du <a href=\"https:\/\/www.esta-officiel-usa.com\/fr\/a-propos-du-visa-waiver-program\/\">Visa Waiver Program<\/a> vous n&rsquo;avez pas besoin de visa pour voyager aux \u00c9tats-Unis, il vous suffit d&rsquo;effectuer la d\u00e9marche d&rsquo;obtention de votre ESTA.<\/p>\n\n\n\n<h2 class=\"wp-block-heading\">Obtenez votre ESTA en toute facilit\u00e9<\/h2>\n\n\n\n<p>Autorisation de voyage indispensable depuis 2009, l\u2019<a href=\"https:\/\/www.esta-officiel-usa.com\/fr\/qu-est-ce-que-l-esta\/\">ESTA<\/a> (Electronic System for Travel Authorization) vous permet d\u2019obtenir le feu vert de la part des autorit\u00e9s am\u00e9ricaines afin de voyager aux  \u00c9tats-Unis. Ce document offre des avantages consid\u00e9rables comme  l\u2019exemption du visa classique, dont l\u2019obtention est souvent on\u00e9reuse et  parfois longue \u00e0 r\u00e9aliser.<\/p>\n\n\n\n<p>L\u2019ESTA permet aux voyageurs de s\u00e9journer aux USA pour une dur\u00e9e de 90 jours maximum, renouvelable plusieurs fois sur deux ans. Son obtention simple et rapide font de l\u2019ESTA un \u00e9l\u00e9ment incontournable pour toute personne d\u00e9sirant se rendre aux USA pour des raisons touristiques ou professionnelles.<\/p>\n\n\n\n<h2 class=\"wp-block-heading\">Les informations utiles concernant l\u2019ESTA<\/h2>\n\n\n\n<p>Ce syst\u00e8me \u00e9lectronique d\u2019autorisation de voyage est une d\u00e9marche prise en charge par le <a href=\"https:\/\/www.dhs.gov\/\">d\u00e9partement de la s\u00e9curit\u00e9 int\u00e9rieure am\u00e9ricaine<\/a>. L\u2019ESTA repr\u00e9sente une v\u00e9rification pr\u00e9alable de votre identit\u00e9 et du motif de votre voyage. Apr\u00e8s l\u2019acceptation de votre demande et le r\u00e8glement des frais de  dossier, vous obtiendrez votre document t\u00e9l\u00e9chargeable en ligne. <a href=\"https:\/\/www.esta-officiel-usa.com\/fr\/la-duree-de-validite-de-lesta\/\">La dur\u00e9e de validit\u00e9 de l&rsquo;ESTA<\/a>&nbsp;est de deux ans ou jusqu\u2019\u00e0 la date d\u2019expiration de votre passeport. Durant cette p\u00e9riode, vous aurez la possibilit\u00e9 d\u2019effectuer plusieurs s\u00e9jours aux \u00c9tats-Unis d\u2019une dur\u00e9e de 90 jours maximum. L\u2019ESTA fut mis en place pour faciliter l&rsquo;acc\u00e8s au sol am\u00e9ricain pour les ressortissants des pays participant au programme Visa Waiver Program.<\/p>\n\n\n\n<p><strong>\u00c0 noter :<\/strong>&nbsp;le prix d\u2019un formulaire ESTA de base est de 21 dollars.<\/p>\n\n\n\n<h2 class=\"wp-block-heading\">Les diff\u00e9rentes fa\u00e7ons d\u2019obtenir un ESTA<\/h2>\n\n\n\n<p>Cette formalit\u00e9 a pour but  de faciliter les voyages vers \u00c9tats-Unis. Pour r\u00e9aliser cette d\u00e9marche,  deux solutions s&rsquo;offrent \u00e0 vous pour <a href=\"https:\/\/www.esta-officiel-usa.com\/fr\/esta-usa-comment-obtenir-ce-document\/\">obtenir le document ESTA USA<\/a> :<\/p>\n\n\n\n<ul class=\"wp-block-list\">\n<li>En passant par une plateforme priv\u00e9e, vous aurez acc\u00e8s \u00e0 un formulaire simplifi\u00e9 pour obtenir votre ESTA pour les USA. Les prestations incluent une assistance en ligne disponible 7j\/7.<\/li>\n\n\n\n<li>En passant par le <a href=\"https:\/\/www.uscis.gov\/\">site officiel de la douane am\u00e9ricaine<\/a>, le formulaire en ligne vous permet de renseigner vos informations concernant votre identit\u00e9 ainsi que le motif de votre voyage. Une r\u00e9ponse \u00e0 votre demande vous parviendra dans un d\u00e9lai de 72 h maximum. <\/li>\n<\/ul>\n\n\n\n<p><a href=\"https:\/\/www.esta-officiel-usa.com\/fr\/formulaire-esta-a-qui-est-il-destine\/\">Le formulaire ESTA est destin\u00e9<\/a> aux ressortissants des pays participants au programme d&rsquo;exemption de visa.<\/p>\n\n\n\n<h2 class=\"wp-block-heading\">Qui est concern\u00e9 par le formulaire ESTA ?<\/h2>\n\n\n\n<p>Les USA n&rsquo;\u00e9tant pas dans la zone Europe, les voyageurs souhaitant se rendre aux \u00c9tats-Unis doivent obtenir un document officiel leur permettant d&rsquo;entrer sur le territoire. Cette autorisation administrative peut \u00eatre :<\/p>\n\n\n\n<ul class=\"wp-block-list\">\n<li>Une autorisation ESTA pour un s\u00e9jour de courte dur\u00e9e ;<\/li>\n\n\n\n<li>Un visa b2 pour un s\u00e9jour touristique plus long ;<\/li>\n\n\n\n<li>Une green card pour devenir r\u00e9sident permanent aux USA.<\/li>\n<\/ul>\n\n\n\n<p>L&rsquo;autorisation ESTA ne concerne que les ressortissants des pays participants au <a href=\"https:\/\/www.esta-officiel-usa.com\/fr\/a-propos-du-visa-waiver-program\/\">programme d\u2019exemption de visa<\/a> d\u00e9sirant se rendre aux \u00c9tats-Unis pour des raisons touristiques ou professionnelles. La liste des pays membres du programme est :<\/p>\n\n\n\n<p>Allemagne, Andorre, Australie, Autriche, Belgique, Brunei, Croatie, Danemark, Espagne, Estonie, Finlande, France, Grande Bretagne, Gr\u00e8ce, Hongrie, Irlande, Islande, Isra\u00ebl, Italie, Japon, Lettonie, Liechtenstein, Lituanie, Luxembourg, Malte, Monaco, Norv\u00e8ge, Nouvelle Z\u00e9lande, Pays-Bas, Portugal, Pologne, R\u00e9publique de Cor\u00e9e, R\u00e9publique tch\u00e8que, Saint Marin, Singapour, Slovaquie, Slov\u00e9nie, Su\u00e8de, Suisse et Taiwan. <\/p>\n","protected":false},"excerpt":{"rendered":"<p>Qu&rsquo;est ce que l&rsquo;autorisation ESTA Faites votre demande d&rsquo;ESTA en ligne en quelques minutes et recevez la confirmation de l&rsquo;obtention par email sous 72 h. Si vous r\u00e9sidez dans l&rsquo;un des pays du Visa Waiver Program vous n&rsquo;avez pas besoin de visa pour voyager aux \u00c9tats-Unis, il vous suffit d&rsquo;effectuer la d\u00e9marche d&rsquo;obtention de votre [&hellip;]<\/p>\n","protected":false},"author":1,"featured_media":0,"parent":0,"menu_order":0,"comment_status":"closed","ping_status":"closed","template":"","meta":{"footnotes":""},"class_list":["post-200","page","type-page","status-publish","hentry"],"yoast_head":"<!-- This site is optimized with the Yoast SEO plugin v26.2 - https:\/\/yoast.com\/wordpress\/plugins\/seo\/ -->\n<title>ESTA - USA Formulaire ESTA<\/title>\n<meta name=\"description\" content=\"Si vous r\u00e9sidez dans l&#039;un des pays du Visa Waiver Program vous n&#039;avez pas besoin de visa pour les \u00c9tats-Unis, vous devez obtenir un ESTA.\" \/>\n<meta name=\"robots\" content=\"index, follow, max-snippet:-1, max-image-preview:large, max-video-preview:-1\" \/>\n<link rel=\"canonical\" href=\"https:\/\/www.esta-officiel-usa.com\/fr\/\" \/>\n<meta property=\"og:locale\" content=\"fr_FR\" \/>\n<meta property=\"og:type\" content=\"article\" \/>\n<meta property=\"og:title\" content=\"ESTA - USA Formulaire ESTA\" \/>\n<meta property=\"og:description\" content=\"Si vous r\u00e9sidez dans l&#039;un des pays du Visa Waiver Program vous n&#039;avez pas besoin de visa pour les \u00c9tats-Unis, vous devez obtenir un ESTA.\" \/>\n<meta property=\"og:url\" content=\"https:\/\/www.esta-officiel-usa.com\/fr\/\" \/>\n<meta property=\"og:site_name\" content=\"ESTA - Etats-Unis\" \/>\n<meta property=\"article:modified_time\" content=\"2025-09-13T15:54:53+00:00\" \/>\n<meta name=\"twitter:card\" content=\"summary_large_image\" \/>\n<meta name=\"twitter:label1\" content=\"Dur\u00e9e de lecture estim\u00e9e\" \/>\n\t<meta name=\"twitter:data1\" content=\"3 minutes\" \/>\n<script type=\"application\/ld+json\" class=\"yoast-schema-graph\">{\"@context\":\"https:\/\/schema.org\",\"@graph\":[{\"@type\":\"WebPage\",\"@id\":\"https:\/\/www.esta-officiel-usa.com\/fr\/\",\"url\":\"https:\/\/www.esta-officiel-usa.com\/fr\/\",\"name\":\"ESTA - USA Formulaire ESTA\",\"isPartOf\":{\"@id\":\"https:\/\/www.esta-officiel-usa.com\/fr\/#website\"},\"datePublished\":\"2020-01-27T14:49:54+00:00\",\"dateModified\":\"2025-09-13T15:54:53+00:00\",\"description\":\"Si vous r\u00e9sidez dans l'un des pays du Visa Waiver Program vous n'avez pas besoin de visa pour les \u00c9tats-Unis, vous devez obtenir un ESTA.\",\"breadcrumb\":{\"@id\":\"https:\/\/www.esta-officiel-usa.com\/fr\/#breadcrumb\"},\"inLanguage\":\"fr-FR\",\"potentialAction\":[{\"@type\":\"ReadAction\",\"target\":[\"https:\/\/www.esta-officiel-usa.com\/fr\/\"]}]},{\"@type\":\"BreadcrumbList\",\"@id\":\"https:\/\/www.esta-officiel-usa.com\/fr\/#breadcrumb\",\"itemListElement\":[{\"@type\":\"ListItem\",\"position\":1,\"name\":\"Home\",\"item\":\"https:\/\/www.esta-officiel-usa.com\/fr\/\"},{\"@type\":\"ListItem\",\"position\":2,\"name\":\"ESTA &#8211; USA Formulaire ESTA\"}]},{\"@type\":\"WebSite\",\"@id\":\"https:\/\/www.esta-officiel-usa.com\/fr\/#website\",\"url\":\"https:\/\/www.esta-officiel-usa.com\/fr\/\",\"name\":\"ESTA - Etats-Unis\",\"description\":\"Formulaire de demande ESTA\",\"potentialAction\":[{\"@type\":\"SearchAction\",\"target\":{\"@type\":\"EntryPoint\",\"urlTemplate\":\"https:\/\/www.esta-officiel-usa.com\/fr\/?s={search_term_string}\"},\"query-input\":{\"@type\":\"PropertyValueSpecification\",\"valueRequired\":true,\"valueName\":\"search_term_string\"}}],\"inLanguage\":\"fr-FR\"}]}<\/script>\n<!-- \/ Yoast SEO plugin. -->","yoast_head_json":{"title":"ESTA - USA Formulaire ESTA","description":"Si vous r\u00e9sidez dans l'un des pays du Visa Waiver Program vous n'avez pas besoin de visa pour les \u00c9tats-Unis, vous devez obtenir un ESTA.","robots":{"index":"index","follow":"follow","max-snippet":"max-snippet:-1","max-image-preview":"max-image-preview:large","max-video-preview":"max-video-preview:-1"},"canonical":"https:\/\/www.esta-officiel-usa.com\/fr\/","og_locale":"fr_FR","og_type":"article","og_title":"ESTA - USA Formulaire ESTA","og_description":"Si vous r\u00e9sidez dans l'un des pays du Visa Waiver Program vous n'avez pas besoin de visa pour les \u00c9tats-Unis, vous devez obtenir un ESTA.","og_url":"https:\/\/www.esta-officiel-usa.com\/fr\/","og_site_name":"ESTA - Etats-Unis","article_modified_time":"2025-09-13T15:54:53+00:00","twitter_card":"summary_large_image","twitter_misc":{"Dur\u00e9e de lecture estim\u00e9e":"3 minutes"},"schema":{"@context":"https:\/\/schema.org","@graph":[{"@type":"WebPage","@id":"https:\/\/www.esta-officiel-usa.com\/fr\/","url":"https:\/\/www.esta-officiel-usa.com\/fr\/","name":"ESTA - USA Formulaire ESTA","isPartOf":{"@id":"https:\/\/www.esta-officiel-usa.com\/fr\/#website"},"datePublished":"2020-01-27T14:49:54+00:00","dateModified":"2025-09-13T15:54:53+00:00","description":"Si vous r\u00e9sidez dans l'un des pays du Visa Waiver Program vous n'avez pas besoin de visa pour les \u00c9tats-Unis, vous devez obtenir un ESTA.","breadcrumb":{"@id":"https:\/\/www.esta-officiel-usa.com\/fr\/#breadcrumb"},"inLanguage":"fr-FR","potentialAction":[{"@type":"ReadAction","target":["https:\/\/www.esta-officiel-usa.com\/fr\/"]}]},{"@type":"BreadcrumbList","@id":"https:\/\/www.esta-officiel-usa.com\/fr\/#breadcrumb","itemListElement":[{"@type":"ListItem","position":1,"name":"Home","item":"https:\/\/www.esta-officiel-usa.com\/fr\/"},{"@type":"ListItem","position":2,"name":"ESTA &#8211; USA Formulaire ESTA"}]},{"@type":"WebSite","@id":"https:\/\/www.esta-officiel-usa.com\/fr\/#website","url":"https:\/\/www.esta-officiel-usa.com\/fr\/","name":"ESTA - Etats-Unis","description":"Formulaire de demande ESTA","potentialAction":[{"@type":"SearchAction","target":{"@type":"EntryPoint","urlTemplate":"https:\/\/www.esta-officiel-usa.com\/fr\/?s={search_term_string}"},"query-input":{"@type":"PropertyValueSpecification","valueRequired":true,"valueName":"search_term_string"}}],"inLanguage":"fr-FR"}]}},"_links":{"self":[{"href":"https:\/\/www.esta-officiel-usa.com\/fr\/wp-json\/wp\/v2\/pages\/200","targetHints":{"allow":["GET"]}}],"collection":[{"href":"https:\/\/www.esta-officiel-usa.com\/fr\/wp-json\/wp\/v2\/pages"}],"about":[{"href":"https:\/\/www.esta-officiel-usa.com\/fr\/wp-json\/wp\/v2\/types\/page"}],"author":[{"embeddable":true,"href":"https:\/\/www.esta-officiel-usa.com\/fr\/wp-json\/wp\/v2\/users\/1"}],"replies":[{"embeddable":true,"href":"https:\/\/www.esta-officiel-usa.com\/fr\/wp-json\/wp\/v2\/comments?post=200"}],"version-history":[{"count":16,"href":"https:\/\/www.esta-officiel-usa.com\/fr\/wp-json\/wp\/v2\/pages\/200\/revisions"}],"predecessor-version":[{"id":2143,"href":"https:\/\/www.esta-officiel-usa.com\/fr\/wp-json\/wp\/v2\/pages\/200\/revisions\/2143"}],"wp:attachment":[{"href":"https:\/\/www.esta-officiel-usa.com\/fr\/wp-json\/wp\/v2\/media?parent=200"}],"curies":[{"name":"wp","href":"https:\/\/api.w.org\/{rel}","templated":true}]}}