{"id":21,"date":"2020-01-16T08:08:21","date_gmt":"2020-01-16T08:08:21","guid":{"rendered":"http:\/\/esta-officiel-usa.com\/?page_id=21"},"modified":"2025-09-13T10:38:37","modified_gmt":"2025-09-13T10:38:37","slug":"les-pays-partenaires-du-visa-waiver-program","status":"publish","type":"page","link":"https:\/\/www.esta-officiel-usa.com\/fr\/les-pays-partenaires-du-visa-waiver-program\/","title":{"rendered":"Quels sont les pays partenaires du Visa Waiver Program (VWP)"},"content":{"rendered":"\n<h1 class=\"wp-block-heading\">LES PAYS PARTENAIRES DU PROGRAMME VWP<\/h1>\n\n\n\n<p>L\u2019Electronic System for Travel Authorisation (ESTA) est n\u00e9 du programme d&rsquo;exemption de visa avec les&nbsp;pays partenaires aux \u00c9tats-Unis. Dans cet article, nous revenons sur les avantages que repr\u00e9sente ce programme pour les voyageurs \u00e9ligibles et sur les&nbsp;<a href=\"https:\/\/www.esta-officiel-usa.com\/fr\/les-formalites-dentree-aux-etats-unis\/\">formalit\u00e9s d&rsquo;entr\u00e9e<\/a>&nbsp;aux \u00c9tats-Unis.<\/p>\n\n\n\n<h2 class=\"wp-block-heading\">QUI PEUT B\u00c9N\u00c9FICIER DU VISA WAIVER PROGRAM ?<\/h2>\n\n\n\n<p>Le Visa Waiver Program est pris en charge par le Department of Homeland Security (<a href=\"https:\/\/www.esta-officiel-usa.com\/fr\/le-departement-de-la-securite-interieure-americain\/\">DHS<\/a>) et le Department of State (<a href=\"https:\/\/www.esta-officiel-usa.com\/fr\/quest-ce-que-le-dos-department-of-state\/\">DoS<\/a>) dans le cadre des r\u00e8glementations sur le tourisme et l\u2019immigration aux \u00c9tats-Unis. C\u2019est sous ce programme que fut cr\u00e9\u00e9 l\u2019<a href=\"https:\/\/www.esta-officiel-usa.com\/fr\/\">autorisation de voyage ESTA<\/a>. Celle-ci permet aux ressortissants des pays participants&nbsp;de voyager vers les \u00c9tats-Unis pour des motifs touristiques ou professionnels sans avoir besoin d\u2019un visa classique. En \u00e9change, ces pays partenaires appliquent la m\u00eame r\u00e8gle&nbsp;pour&nbsp;les ressortissants am\u00e9ricains.&nbsp;<\/p>\n\n\n\n<p>Voici la liste des pays participant au WVP :<\/p>\n\n\n\n<figure class=\"wp-block-table\"><table><tbody><tr><td>Allemagne<br>Andorre<br>Australie<br>Autriche<br>Belgique<br>Brunei<br>Chili<br>Cor\u00e9e du Sud<br>Croatie<br>Danemark<br>Espagne<br>Estonie <br>Finlande<br><a href=\"https:\/\/www.esta-officiel-usa.com\/fr\/lautorisation-esta-france\/\">France<\/a><\/td><td>Gr\u00e8ce<br>Hongrie<br>Irlande<br>Islande<br>Isra\u00ebl<br>Italie<br>Japon<br>Pays-Bas<br>Lettonie<br>Liechtenstein<br>Lituanie<br>Luxembourg<br>Malte<\/td><td>Monaco<br>Norv\u00e8ge<br>Nouvelle-Z\u00e9lande<br>Pologne<br>Portugal<br>R\u00e9publique tch\u00e8que<br>Royaume-Uni<br>Saint-Marin<br>Singapour<br>Slovaquie<br>Slov\u00e9nie<br>Su\u00e8de<br>Suisse<br>Ta\u00efwan<\/td><\/tr><\/tbody><\/table><\/figure>\n\n\n\n<p>Les missions de l&rsquo;ESTA, dans le cadre du&nbsp;Visa Waiver Program, sont les suivantes :<\/p>\n\n\n\n<ol class=\"wp-block-list\">\n<li>Renforcer la s\u00e9curit\u00e9 du territoire am\u00e9ricain et des a\u00e9roports\/ports en r\u00e9alisant une premi\u00e8re&nbsp;v\u00e9rification du profil des voyageurs avant leur mont\u00e9e dans l\u2019avion ou sur le navire ;<\/li>\n\n\n\n<li>Faciliter l&rsquo;acc\u00e8s des voyageurs au profil exemplaire pour des motifs touristiques ou professionnels ;<\/li>\n\n\n\n<li>Financer des projets visant \u00e0 promouvoir le tourisme vers les \u00c9tats-Unis gr\u00e2ce aux frais de dossier per\u00e7us lors de chaque demande d\u2019ESTA.<\/li>\n<\/ol>\n\n\n\n<h2 class=\"wp-block-heading\">QUELS SONT LES AVANTAGES DU VISA WAIVER PROGRAM ?<\/h2>\n\n\n\n<p>Le Visa Waiver Program est devenu tr\u00e8s populaire&nbsp;aupr\u00e8s des voyageurs internationaux ainsi des gouvernements d\u00e9sirant d\u00e9velopper leur tourisme tout en facilitant&nbsp;le commerce et les affaires pour faire fructifier leur \u00e9conomie. L\u2019ESTA repr\u00e9sente une formule tellement efficace que d\u2019autres pays comme le Canada ont instaur\u00e9 une d\u00e9marche similaire : l&rsquo;autorisation de voyage&nbsp;<a href=\"https:\/\/www.esta-officiel-usa.com\/fr\/lautorisation-de-voyage-esta-canada\/\">ESTA Canada<\/a>, suivie bient\u00f4t par l\u2019Europe (2025).<\/p>\n\n\n\n<p>L\u2019autorisation de voyage ESTA permet :<\/p>\n\n\n\n<ul class=\"wp-block-list\">\n<li>de voyager vers les \u00c9tats-Unis sans avoir besoin de visa classique ;<\/li>\n\n\n\n<li>faire des \u00e9conomies cons\u00e9quentes gr\u00e2ce \u00e0 des frais de dossier bien moindres que le visa ;<\/li>\n\n\n\n<li>de faire un gain de temps consid\u00e9rable gr\u00e2ce \u00e0 une d\u00e9marche d\u00e9mat\u00e9rialis\u00e9e r\u00e9alisable en quelques minutes, sans avoir \u00e0&nbsp;se rendre \u00e0 l\u2019ambassade ;<\/li>\n\n\n\n<li>de pouvoir s\u00e9journer sur le territoire am\u00e9ricain jusqu\u2019\u00e0 90 jours cons\u00e9cutifs maximum ;<\/li>\n\n\n\n<li>de pouvoir entreprendre des activit\u00e9s li\u00e9es aux affaires, telles que participer \u00e0 des r\u00e9unions ou encore signer des contrats avec des partenaires ;<\/li>\n\n\n\n<li>de faire plusieurs voyages en utilisant la m\u00eame autorisation gr\u00e2ce \u00e0 la&nbsp;<a href=\"https:\/\/www.esta-officiel-usa.com\/fr\/la-duree-de-validite-de-lesta\/\">dur\u00e9e de validit\u00e9<\/a>&nbsp;de l&rsquo;ESTA de deux ans.<\/li>\n<\/ul>\n\n\n\n<p>Si vous \u00eates ressortissant de l\u2019un des pays participants au Visa Waiver Program, f\u00e9licitations ! Vous pouvez faire une demande ESTA.<\/p>\n","protected":false},"excerpt":{"rendered":"<p>LES PAYS PARTENAIRES DU PROGRAMME VWP L\u2019Electronic System for Travel Authorisation (ESTA) est n\u00e9 du programme d&rsquo;exemption de visa avec les&nbsp;pays partenaires aux \u00c9tats-Unis. Dans cet article, nous revenons sur les avantages que repr\u00e9sente ce programme pour les voyageurs \u00e9ligibles et sur les&nbsp;formalit\u00e9s d&rsquo;entr\u00e9e&nbsp;aux \u00c9tats-Unis. QUI PEUT B\u00c9N\u00c9FICIER DU VISA WAIVER PROGRAM ? Le Visa [&hellip;]<\/p>\n","protected":false},"author":1,"featured_media":0,"parent":0,"menu_order":0,"comment_status":"closed","ping_status":"closed","template":"","meta":{"footnotes":""},"class_list":["post-21","page","type-page","status-publish","hentry"],"yoast_head":"<!-- This site is optimized with the Yoast SEO plugin v26.2 - https:\/\/yoast.com\/wordpress\/plugins\/seo\/ -->\n<title>Quels sont les pays partenaires du Visa Waiver Program (VWP)<\/title>\n<meta name=\"description\" content=\"Le VWP a \u00e9t\u00e9 mis en place dans le cadre des r\u00e8glementations sur le tourisme et l\u2019immigration aux USA, d\u00e9couvrez les pays partenaires.\" \/>\n<meta name=\"robots\" content=\"index, follow, max-snippet:-1, max-image-preview:large, max-video-preview:-1\" \/>\n<link rel=\"canonical\" href=\"https:\/\/www.esta-officiel-usa.com\/fr\/les-pays-partenaires-du-visa-waiver-program\/\" \/>\n<meta property=\"og:locale\" content=\"fr_FR\" \/>\n<meta property=\"og:type\" content=\"article\" \/>\n<meta property=\"og:title\" content=\"Quels sont les pays partenaires du Visa Waiver Program (VWP)\" \/>\n<meta property=\"og:description\" content=\"Le VWP a \u00e9t\u00e9 mis en place dans le cadre des r\u00e8glementations sur le tourisme et l\u2019immigration aux USA, d\u00e9couvrez les pays partenaires.\" \/>\n<meta property=\"og:url\" content=\"https:\/\/www.esta-officiel-usa.com\/fr\/les-pays-partenaires-du-visa-waiver-program\/\" \/>\n<meta property=\"og:site_name\" content=\"ESTA - Etats-Unis\" \/>\n<meta property=\"article:modified_time\" content=\"2025-09-13T10:38:37+00:00\" \/>\n<meta name=\"twitter:card\" content=\"summary_large_image\" \/>\n<meta name=\"twitter:label1\" content=\"Dur\u00e9e de lecture estim\u00e9e\" \/>\n\t<meta name=\"twitter:data1\" content=\"3 minutes\" \/>\n<script type=\"application\/ld+json\" class=\"yoast-schema-graph\">{\"@context\":\"https:\/\/schema.org\",\"@graph\":[{\"@type\":\"WebPage\",\"@id\":\"https:\/\/www.esta-officiel-usa.com\/fr\/les-pays-partenaires-du-visa-waiver-program\/\",\"url\":\"https:\/\/www.esta-officiel-usa.com\/fr\/les-pays-partenaires-du-visa-waiver-program\/\",\"name\":\"Quels sont les pays partenaires du Visa Waiver Program (VWP)\",\"isPartOf\":{\"@id\":\"https:\/\/www.esta-officiel-usa.com\/fr\/#website\"},\"datePublished\":\"2020-01-16T08:08:21+00:00\",\"dateModified\":\"2025-09-13T10:38:37+00:00\",\"description\":\"Le VWP a \u00e9t\u00e9 mis en place dans le cadre des r\u00e8glementations sur le tourisme et l\u2019immigration aux USA, d\u00e9couvrez les pays partenaires.\",\"breadcrumb\":{\"@id\":\"https:\/\/www.esta-officiel-usa.com\/fr\/les-pays-partenaires-du-visa-waiver-program\/#breadcrumb\"},\"inLanguage\":\"fr-FR\",\"potentialAction\":[{\"@type\":\"ReadAction\",\"target\":[\"https:\/\/www.esta-officiel-usa.com\/fr\/les-pays-partenaires-du-visa-waiver-program\/\"]}]},{\"@type\":\"BreadcrumbList\",\"@id\":\"https:\/\/www.esta-officiel-usa.com\/fr\/les-pays-partenaires-du-visa-waiver-program\/#breadcrumb\",\"itemListElement\":[{\"@type\":\"ListItem\",\"position\":1,\"name\":\"Home\",\"item\":\"https:\/\/www.esta-officiel-usa.com\/fr\/\"},{\"@type\":\"ListItem\",\"position\":2,\"name\":\"Quels sont les pays partenaires du Visa Waiver Program (VWP)\"}]},{\"@type\":\"WebSite\",\"@id\":\"https:\/\/www.esta-officiel-usa.com\/fr\/#website\",\"url\":\"https:\/\/www.esta-officiel-usa.com\/fr\/\",\"name\":\"ESTA - Etats-Unis\",\"description\":\"Formulaire de demande ESTA\",\"potentialAction\":[{\"@type\":\"SearchAction\",\"target\":{\"@type\":\"EntryPoint\",\"urlTemplate\":\"https:\/\/www.esta-officiel-usa.com\/fr\/?s={search_term_string}\"},\"query-input\":{\"@type\":\"PropertyValueSpecification\",\"valueRequired\":true,\"valueName\":\"search_term_string\"}}],\"inLanguage\":\"fr-FR\"}]}<\/script>\n<!-- \/ Yoast SEO plugin. -->","yoast_head_json":{"title":"Quels sont les pays partenaires du Visa Waiver Program (VWP)","description":"Le VWP a \u00e9t\u00e9 mis en place dans le cadre des r\u00e8glementations sur le tourisme et l\u2019immigration aux USA, d\u00e9couvrez les pays partenaires.","robots":{"index":"index","follow":"follow","max-snippet":"max-snippet:-1","max-image-preview":"max-image-preview:large","max-video-preview":"max-video-preview:-1"},"canonical":"https:\/\/www.esta-officiel-usa.com\/fr\/les-pays-partenaires-du-visa-waiver-program\/","og_locale":"fr_FR","og_type":"article","og_title":"Quels sont les pays partenaires du Visa Waiver Program (VWP)","og_description":"Le VWP a \u00e9t\u00e9 mis en place dans le cadre des r\u00e8glementations sur le tourisme et l\u2019immigration aux USA, d\u00e9couvrez les pays partenaires.","og_url":"https:\/\/www.esta-officiel-usa.com\/fr\/les-pays-partenaires-du-visa-waiver-program\/","og_site_name":"ESTA - Etats-Unis","article_modified_time":"2025-09-13T10:38:37+00:00","twitter_card":"summary_large_image","twitter_misc":{"Dur\u00e9e de lecture estim\u00e9e":"3 minutes"},"schema":{"@context":"https:\/\/schema.org","@graph":[{"@type":"WebPage","@id":"https:\/\/www.esta-officiel-usa.com\/fr\/les-pays-partenaires-du-visa-waiver-program\/","url":"https:\/\/www.esta-officiel-usa.com\/fr\/les-pays-partenaires-du-visa-waiver-program\/","name":"Quels sont les pays partenaires du Visa Waiver Program (VWP)","isPartOf":{"@id":"https:\/\/www.esta-officiel-usa.com\/fr\/#website"},"datePublished":"2020-01-16T08:08:21+00:00","dateModified":"2025-09-13T10:38:37+00:00","description":"Le VWP a \u00e9t\u00e9 mis en place dans le cadre des r\u00e8glementations sur le tourisme et l\u2019immigration aux USA, d\u00e9couvrez les pays partenaires.","breadcrumb":{"@id":"https:\/\/www.esta-officiel-usa.com\/fr\/les-pays-partenaires-du-visa-waiver-program\/#breadcrumb"},"inLanguage":"fr-FR","potentialAction":[{"@type":"ReadAction","target":["https:\/\/www.esta-officiel-usa.com\/fr\/les-pays-partenaires-du-visa-waiver-program\/"]}]},{"@type":"BreadcrumbList","@id":"https:\/\/www.esta-officiel-usa.com\/fr\/les-pays-partenaires-du-visa-waiver-program\/#breadcrumb","itemListElement":[{"@type":"ListItem","position":1,"name":"Home","item":"https:\/\/www.esta-officiel-usa.com\/fr\/"},{"@type":"ListItem","position":2,"name":"Quels sont les pays partenaires du Visa Waiver Program (VWP)"}]},{"@type":"WebSite","@id":"https:\/\/www.esta-officiel-usa.com\/fr\/#website","url":"https:\/\/www.esta-officiel-usa.com\/fr\/","name":"ESTA - Etats-Unis","description":"Formulaire de demande ESTA","potentialAction":[{"@type":"SearchAction","target":{"@type":"EntryPoint","urlTemplate":"https:\/\/www.esta-officiel-usa.com\/fr\/?s={search_term_string}"},"query-input":{"@type":"PropertyValueSpecification","valueRequired":true,"valueName":"search_term_string"}}],"inLanguage":"fr-FR"}]}},"_links":{"self":[{"href":"https:\/\/www.esta-officiel-usa.com\/fr\/wp-json\/wp\/v2\/pages\/21","targetHints":{"allow":["GET"]}}],"collection":[{"href":"https:\/\/www.esta-officiel-usa.com\/fr\/wp-json\/wp\/v2\/pages"}],"about":[{"href":"https:\/\/www.esta-officiel-usa.com\/fr\/wp-json\/wp\/v2\/types\/page"}],"author":[{"embeddable":true,"href":"https:\/\/www.esta-officiel-usa.com\/fr\/wp-json\/wp\/v2\/users\/1"}],"replies":[{"embeddable":true,"href":"https:\/\/www.esta-officiel-usa.com\/fr\/wp-json\/wp\/v2\/comments?post=21"}],"version-history":[{"count":6,"href":"https:\/\/www.esta-officiel-usa.com\/fr\/wp-json\/wp\/v2\/pages\/21\/revisions"}],"predecessor-version":[{"id":840,"href":"https:\/\/www.esta-officiel-usa.com\/fr\/wp-json\/wp\/v2\/pages\/21\/revisions\/840"}],"wp:attachment":[{"href":"https:\/\/www.esta-officiel-usa.com\/fr\/wp-json\/wp\/v2\/media?parent=21"}],"curies":[{"name":"wp","href":"https:\/\/api.w.org\/{rel}","templated":true}]}}