{"id":23,"date":"2020-01-16T08:10:44","date_gmt":"2020-01-16T08:10:44","guid":{"rendered":"http:\/\/esta-officiel-usa.com\/?page_id=23"},"modified":"2025-09-13T11:47:26","modified_gmt":"2025-09-13T11:47:26","slug":"lesta-pour-14","status":"publish","type":"page","link":"https:\/\/www.esta-officiel-usa.com\/fr\/lesta-pour-14\/","title":{"rendered":"L&rsquo;ESTA n&rsquo;est plus \u00e0 14$"},"content":{"rendered":"\n<h1 class=\"wp-block-heading\">Quel est le prix pour obtenir son ESTA<\/h1>\n\n\n\n<p>L\u2019ESTA est une autorisation obligatoire \u00e0 obtenir pour les personnes souhaitant se rendre aux \u00c9tats-Unis. Il est imp\u00e9ratif d\u2019en faire la demande au moins 72 h avant le d\u00e9part pr\u00e9vu et de s\u2019acquitter de 21$ de frais.<\/p>\n\n\n\n<h2 class=\"wp-block-heading\">Pourquoi payer 21$ pour l\u2019ESTA ?<\/h2>\n\n\n\n<p>Afin d\u2019\u00eatre autoris\u00e9 \u00e0 voyager vers les USA, il est n\u00e9cessaire d\u2019<a href=\"https:\/\/www.esta-officiel-usa.com\/fr\/\">obtenir un ESTA<\/a>. Ce dernier s\u2019acquiert&nbsp;en remplissant un formulaire o\u00f9 il est demand\u00e9 de renseigner plusieurs informations sur l\u2019identit\u00e9 du voyageur. L\u2019autorisation n\u2019est accessible&nbsp;qu\u2019aux citoyens des pays participant au programme d\u2019exemption de visa, dont la France.&nbsp;Il est \u00e9galement requis de poss\u00e9der un passeport biom\u00e9trique ou \u00e9lectronique. Sans cela, impossible de se voir remettre son ESTA.<\/p>\n\n\n\n<p>La proc\u00e9dure pour avoir son autorisation s\u2019effectue uniquement\u00a0<a href=\"https:\/\/www.esta-officiel-usa.com\/fr\/obtenir-le-formulaire-esta-en-ligne\/\">en ligne<\/a>. Il est donc indispensable de d\u00e9tenir un moyen de paiement utilisable sur internet. Le montant de 21$ est un prix fix\u00e9 par l\u2019administration am\u00e9ricaine dans le but de couvrir les frais de dossier. Ces\u00a0<a href=\"https:\/\/www.esta-officiel-usa.com\/fr\/lesta-pour-14\/\">frais \u00e0 payer<\/a>\u00a0sont ensuite redistribu\u00e9s comme suit :<\/p>\n\n\n\n<ul class=\"wp-block-list\">\n<li>17 $ vont aux diff\u00e9rents organismes travaillant avec l\u2019administration am\u00e9ricaine dans le but de promouvoir l\u2019aspect touristique du pays ;<\/li>\n\n\n\n<li>4 $ sont destin\u00e9s aux services en charge du programme ESTA.<\/li>\n<\/ul>\n","protected":false},"excerpt":{"rendered":"<p>Quel est le prix pour obtenir son ESTA L\u2019ESTA est une autorisation obligatoire \u00e0 obtenir pour les personnes souhaitant se rendre aux \u00c9tats-Unis. Il est imp\u00e9ratif d\u2019en faire la demande au moins 72 h avant le d\u00e9part pr\u00e9vu et de s\u2019acquitter de 21$ de frais. Pourquoi payer 21$ pour l\u2019ESTA ? Afin d\u2019\u00eatre autoris\u00e9 \u00e0 [&hellip;]<\/p>\n","protected":false},"author":1,"featured_media":0,"parent":0,"menu_order":0,"comment_status":"closed","ping_status":"closed","template":"","meta":{"footnotes":""},"class_list":["post-23","page","type-page","status-publish","hentry"],"yoast_head":"<!-- This site is optimized with the Yoast SEO plugin v26.2 - https:\/\/yoast.com\/wordpress\/plugins\/seo\/ -->\n<title>L&#039;ESTA n&#039;est plus \u00e0 14$<\/title>\n<meta name=\"description\" content=\"La demande ESTA est une formalit\u00e9 n\u00e9cessaire pour l&#039;entr\u00e9e aux USA, vous devrez payer 21 dollars pour l&#039;obtenir.\" \/>\n<meta name=\"robots\" content=\"index, follow, max-snippet:-1, max-image-preview:large, max-video-preview:-1\" \/>\n<link rel=\"canonical\" href=\"https:\/\/www.esta-officiel-usa.com\/fr\/lesta-pour-14\/\" \/>\n<meta property=\"og:locale\" content=\"fr_FR\" \/>\n<meta property=\"og:type\" content=\"article\" \/>\n<meta property=\"og:title\" content=\"L&#039;ESTA n&#039;est plus \u00e0 14$\" \/>\n<meta property=\"og:description\" content=\"La demande ESTA est une formalit\u00e9 n\u00e9cessaire pour l&#039;entr\u00e9e aux USA, vous devrez payer 21 dollars pour l&#039;obtenir.\" \/>\n<meta property=\"og:url\" content=\"https:\/\/www.esta-officiel-usa.com\/fr\/lesta-pour-14\/\" \/>\n<meta property=\"og:site_name\" content=\"ESTA - Etats-Unis\" \/>\n<meta property=\"article:modified_time\" content=\"2025-09-13T11:47:26+00:00\" \/>\n<meta name=\"twitter:card\" content=\"summary_large_image\" \/>\n<meta name=\"twitter:label1\" content=\"Dur\u00e9e de lecture estim\u00e9e\" \/>\n\t<meta name=\"twitter:data1\" content=\"2 minutes\" \/>\n<script type=\"application\/ld+json\" class=\"yoast-schema-graph\">{\"@context\":\"https:\/\/schema.org\",\"@graph\":[{\"@type\":\"WebPage\",\"@id\":\"https:\/\/www.esta-officiel-usa.com\/fr\/lesta-pour-14\/\",\"url\":\"https:\/\/www.esta-officiel-usa.com\/fr\/lesta-pour-14\/\",\"name\":\"L'ESTA n'est plus \u00e0 14$\",\"isPartOf\":{\"@id\":\"https:\/\/www.esta-officiel-usa.com\/fr\/#website\"},\"datePublished\":\"2020-01-16T08:10:44+00:00\",\"dateModified\":\"2025-09-13T11:47:26+00:00\",\"description\":\"La demande ESTA est une formalit\u00e9 n\u00e9cessaire pour l'entr\u00e9e aux USA, vous devrez payer 21 dollars pour l'obtenir.\",\"breadcrumb\":{\"@id\":\"https:\/\/www.esta-officiel-usa.com\/fr\/lesta-pour-14\/#breadcrumb\"},\"inLanguage\":\"fr-FR\",\"potentialAction\":[{\"@type\":\"ReadAction\",\"target\":[\"https:\/\/www.esta-officiel-usa.com\/fr\/lesta-pour-14\/\"]}]},{\"@type\":\"BreadcrumbList\",\"@id\":\"https:\/\/www.esta-officiel-usa.com\/fr\/lesta-pour-14\/#breadcrumb\",\"itemListElement\":[{\"@type\":\"ListItem\",\"position\":1,\"name\":\"Home\",\"item\":\"https:\/\/www.esta-officiel-usa.com\/fr\/\"},{\"@type\":\"ListItem\",\"position\":2,\"name\":\"L&rsquo;ESTA n&rsquo;est plus \u00e0 14$\"}]},{\"@type\":\"WebSite\",\"@id\":\"https:\/\/www.esta-officiel-usa.com\/fr\/#website\",\"url\":\"https:\/\/www.esta-officiel-usa.com\/fr\/\",\"name\":\"ESTA - Etats-Unis\",\"description\":\"Formulaire de demande ESTA\",\"potentialAction\":[{\"@type\":\"SearchAction\",\"target\":{\"@type\":\"EntryPoint\",\"urlTemplate\":\"https:\/\/www.esta-officiel-usa.com\/fr\/?s={search_term_string}\"},\"query-input\":{\"@type\":\"PropertyValueSpecification\",\"valueRequired\":true,\"valueName\":\"search_term_string\"}}],\"inLanguage\":\"fr-FR\"}]}<\/script>\n<!-- \/ Yoast SEO plugin. -->","yoast_head_json":{"title":"L'ESTA n'est plus \u00e0 14$","description":"La demande ESTA est une formalit\u00e9 n\u00e9cessaire pour l'entr\u00e9e aux USA, vous devrez payer 21 dollars pour l'obtenir.","robots":{"index":"index","follow":"follow","max-snippet":"max-snippet:-1","max-image-preview":"max-image-preview:large","max-video-preview":"max-video-preview:-1"},"canonical":"https:\/\/www.esta-officiel-usa.com\/fr\/lesta-pour-14\/","og_locale":"fr_FR","og_type":"article","og_title":"L'ESTA n'est plus \u00e0 14$","og_description":"La demande ESTA est une formalit\u00e9 n\u00e9cessaire pour l'entr\u00e9e aux USA, vous devrez payer 21 dollars pour l'obtenir.","og_url":"https:\/\/www.esta-officiel-usa.com\/fr\/lesta-pour-14\/","og_site_name":"ESTA - Etats-Unis","article_modified_time":"2025-09-13T11:47:26+00:00","twitter_card":"summary_large_image","twitter_misc":{"Dur\u00e9e de lecture estim\u00e9e":"2 minutes"},"schema":{"@context":"https:\/\/schema.org","@graph":[{"@type":"WebPage","@id":"https:\/\/www.esta-officiel-usa.com\/fr\/lesta-pour-14\/","url":"https:\/\/www.esta-officiel-usa.com\/fr\/lesta-pour-14\/","name":"L'ESTA n'est plus \u00e0 14$","isPartOf":{"@id":"https:\/\/www.esta-officiel-usa.com\/fr\/#website"},"datePublished":"2020-01-16T08:10:44+00:00","dateModified":"2025-09-13T11:47:26+00:00","description":"La demande ESTA est une formalit\u00e9 n\u00e9cessaire pour l'entr\u00e9e aux USA, vous devrez payer 21 dollars pour l'obtenir.","breadcrumb":{"@id":"https:\/\/www.esta-officiel-usa.com\/fr\/lesta-pour-14\/#breadcrumb"},"inLanguage":"fr-FR","potentialAction":[{"@type":"ReadAction","target":["https:\/\/www.esta-officiel-usa.com\/fr\/lesta-pour-14\/"]}]},{"@type":"BreadcrumbList","@id":"https:\/\/www.esta-officiel-usa.com\/fr\/lesta-pour-14\/#breadcrumb","itemListElement":[{"@type":"ListItem","position":1,"name":"Home","item":"https:\/\/www.esta-officiel-usa.com\/fr\/"},{"@type":"ListItem","position":2,"name":"L&rsquo;ESTA n&rsquo;est plus \u00e0 14$"}]},{"@type":"WebSite","@id":"https:\/\/www.esta-officiel-usa.com\/fr\/#website","url":"https:\/\/www.esta-officiel-usa.com\/fr\/","name":"ESTA - Etats-Unis","description":"Formulaire de demande ESTA","potentialAction":[{"@type":"SearchAction","target":{"@type":"EntryPoint","urlTemplate":"https:\/\/www.esta-officiel-usa.com\/fr\/?s={search_term_string}"},"query-input":{"@type":"PropertyValueSpecification","valueRequired":true,"valueName":"search_term_string"}}],"inLanguage":"fr-FR"}]}},"_links":{"self":[{"href":"https:\/\/www.esta-officiel-usa.com\/fr\/wp-json\/wp\/v2\/pages\/23","targetHints":{"allow":["GET"]}}],"collection":[{"href":"https:\/\/www.esta-officiel-usa.com\/fr\/wp-json\/wp\/v2\/pages"}],"about":[{"href":"https:\/\/www.esta-officiel-usa.com\/fr\/wp-json\/wp\/v2\/types\/page"}],"author":[{"embeddable":true,"href":"https:\/\/www.esta-officiel-usa.com\/fr\/wp-json\/wp\/v2\/users\/1"}],"replies":[{"embeddable":true,"href":"https:\/\/www.esta-officiel-usa.com\/fr\/wp-json\/wp\/v2\/comments?post=23"}],"version-history":[{"count":3,"href":"https:\/\/www.esta-officiel-usa.com\/fr\/wp-json\/wp\/v2\/pages\/23\/revisions"}],"predecessor-version":[{"id":843,"href":"https:\/\/www.esta-officiel-usa.com\/fr\/wp-json\/wp\/v2\/pages\/23\/revisions\/843"}],"wp:attachment":[{"href":"https:\/\/www.esta-officiel-usa.com\/fr\/wp-json\/wp\/v2\/media?parent=23"}],"curies":[{"name":"wp","href":"https:\/\/api.w.org\/{rel}","templated":true}]}}