{"id":25,"date":"2020-01-16T08:13:24","date_gmt":"2020-01-16T08:13:24","guid":{"rendered":"http:\/\/esta-officiel-usa.com\/?page_id=25"},"modified":"2020-02-01T12:18:02","modified_gmt":"2020-02-01T12:18:02","slug":"autorisation-esta-mise-a-jour","status":"publish","type":"page","link":"https:\/\/www.esta-officiel-usa.com\/fr\/autorisation-esta-mise-a-jour\/","title":{"rendered":"Comment mettre \u00e0 jour son autorisation ESTA"},"content":{"rendered":"\n<h1 class=\"wp-block-heading\">COMMENT FAIRE UNE MISE \u00c0 JOUR DE SON ESTA ?<\/h1>\n\n\n\n<p>Le formulaire \u00e0 remplir pour faire sa\u00a0<a href=\"https:\/\/www.esta-officiel-usa.com\/fr\/\">demande ESTA<\/a>\u00a0(New York, Los Angeles, Miami..) peut ressembler \u00e0 un vrai casse-t\u00eate avec ses nombreuses questions. Et il se peut parfois qu\u2019une erreur d\u2019inattention se glisse dans vos r\u00e9ponses et que vous ne vous en rendiez compte qu\u2019une fois votre requ\u00eate valid\u00e9e. Pas d\u2019inqui\u00e9tude, on vous explique comment modifier et mettre \u00e0 jour votre ESTA.<\/p>\n\n\n\n<h2 class=\"wp-block-heading\">COMMENT METTRE \u00c0 JOUR SON ESTA ?<\/h2>\n\n\n\n<p>Comme \u00e9voqu\u00e9 en introduction, il se peut qu\u2019une erreur s\u2019invite lorsque l\u2019on remplit le&nbsp;<a href=\"https:\/\/www.esta-officiel-usa.com\/fr\/remplir-le-questionnaire-est-en-francais\/\">questionnaire ESTA<\/a>&nbsp;obligatoire. Mais il est \u00e9galement possible que des informations changent entre le moment o\u00f9 l\u2019autorisation est valid\u00e9e et la date de d\u00e9part. En fonction du statut de votre demande et des informations \u00e0 modifier, une mise \u00e0 jour est impossible.<\/p>\n\n\n\n<p>Si vous venez de finir de remplir votre&nbsp;<a href=\"https:\/\/www.esta-officiel-usa.com\/fr\/le-formulaire-esta-pour-les-usa-a-completer\/\">formulaire ESTA<\/a>&nbsp;et n\u2019avez pas encore r\u00e9gl\u00e9 le paiement, vous pouvez modifier et mettre \u00e0 jour absolument tout ce que vous souhaitez. En effet, tant que la demande n\u2019a pas \u00e9t\u00e9 envoy\u00e9e pour validation aux autorit\u00e9s am\u00e9ricaines, vous \u00eates libre de la modifier.<\/p>\n\n\n\n<p>\u00c0 contrario, si vous avez confirm\u00e9 l\u2019envoi de votre formulaire et vous \u00eates acquitt\u00e9 des frais ou que votre autorisation a \u00e9t\u00e9 valid\u00e9e, vous n\u2019avez plus la possibilit\u00e9 de modifier vos informations \u00e0 l\u2019exception de 2 d\u2019entre elles :<\/p>\n\n\n\n<ul class=\"wp-block-list\"><li>Votre adresse e-mail : si un probl\u00e8me est survenu sur votre boite email ou en cas de changement, vous pouvez renseigner votre nouvelle adresse ;<\/li><li>L\u2019adresse de destination : si vous aviez renseign\u00e9 ce champ mais avez chang\u00e9 entre temps, il est toujours possible de mettre \u00e0 jour cette information.<\/li><\/ul>\n\n\n\n<h2 class=\"wp-block-heading\">LA MISE \u00c0 JOUR DE SON ESTA EST-ELLE PAYANTE ?<\/h2>\n\n\n\n<p>Mettre \u00e0 jour les informations de son&nbsp;<a href=\"https:\/\/www.esta-officiel-usa.com\/fr\/demander-un-esta-obligatoire-pour-les-usa-sur-internet\/\">ESTA obligatoire<\/a>&nbsp;(adresse email et adresse de destination) n\u2019entraine aucun frais suppl\u00e9mentaire : ces changements sont totalement&nbsp;<a href=\"https:\/\/www.esta-officiel-usa.com\/fr\/lautorisation-esta-gratuit\/\">gratuits<\/a>.<\/p>\n\n\n\n<p>Mis \u00e0 part ces modifications sp\u00e9cifiques, il va malheureusement vous falloir repayer une demande d\u2019autorisation pour tout autre changement&#8230; Dans le cas o\u00f9 votre ESTA a \u00e9t\u00e9 refus\u00e9 et que vous pensez que ce refus est d\u00fb \u00e0 une erreur de frappe ou d\u2019inattention, vous pouvez retenter votre chance et vous acquitter \u00e0&nbsp;nouveau du paiement des frais de dossier. De m\u00eame, si vous avez obtenu votre autorisation il y a un certain temps et que des informations importantes ont chang\u00e9 (votre passeport par exemple), ces changements rendent votre document nul. Il est alors n\u00e9cessaire de<a href=\"https:\/\/www.esta-officiel-usa.com\/fr\/renouveler-son-esta\/\">&nbsp;renouveler votre demande d&rsquo;ESTA<\/a>.<\/p>\n\n\n\n<p>Pour \u00e9viter ce type de d\u00e9sagr\u00e9ment, nous proposons sur esta-officiel-usa.com de prendre en charge toute la&nbsp;<a href=\"https:\/\/www.esta-officiel-usa.com\/fr\/la-procedure-esta-pour-etats-unis\/\">proc\u00e9dure ESTA<\/a>&nbsp;pour vous laisser vous concentrer sur l\u2019essentiel. Nous relisons et corrigeons (si n\u00e9cessaire) vos informations pour vous permettre d\u2019obtenir votre ESTA du premier coup et dans les plus brefs d\u00e9lais.<br><\/p>\n","protected":false},"excerpt":{"rendered":"<p>COMMENT FAIRE UNE MISE \u00c0 JOUR DE SON ESTA ? Le formulaire \u00e0 remplir pour faire sa\u00a0demande ESTA\u00a0(New York, Los Angeles, Miami..) peut ressembler \u00e0 un vrai casse-t\u00eate avec ses nombreuses questions. Et il se peut parfois qu\u2019une erreur d\u2019inattention se glisse dans vos r\u00e9ponses et que vous ne vous en rendiez compte qu\u2019une fois [&hellip;]<\/p>\n","protected":false},"author":1,"featured_media":0,"parent":0,"menu_order":0,"comment_status":"closed","ping_status":"closed","template":"","meta":{"footnotes":""},"class_list":["post-25","page","type-page","status-publish","hentry"],"yoast_head":"<!-- This site is optimized with the Yoast SEO plugin v26.2 - https:\/\/yoast.com\/wordpress\/plugins\/seo\/ -->\n<title>Comment mettre \u00e0 jour son autorisation ESTA<\/title>\n<meta name=\"description\" content=\"Il se peut qu\u2019une erreur d\u2019inattention se soit gliss\u00e9e dans le formulaire et vous vous en appercevez apr\u00e8s validation, nous vous expliquons comment faire.\" \/>\n<meta name=\"robots\" content=\"index, follow, max-snippet:-1, max-image-preview:large, max-video-preview:-1\" \/>\n<link rel=\"canonical\" href=\"https:\/\/www.esta-officiel-usa.com\/fr\/autorisation-esta-mise-a-jour\/\" \/>\n<meta property=\"og:locale\" content=\"fr_FR\" \/>\n<meta property=\"og:type\" content=\"article\" \/>\n<meta property=\"og:title\" content=\"Comment mettre \u00e0 jour son autorisation ESTA\" \/>\n<meta property=\"og:description\" content=\"Il se peut qu\u2019une erreur d\u2019inattention se soit gliss\u00e9e dans le formulaire et vous vous en appercevez apr\u00e8s validation, nous vous expliquons comment faire.\" \/>\n<meta property=\"og:url\" content=\"https:\/\/www.esta-officiel-usa.com\/fr\/autorisation-esta-mise-a-jour\/\" \/>\n<meta property=\"og:site_name\" content=\"ESTA - Etats-Unis\" \/>\n<meta property=\"article:modified_time\" content=\"2020-02-01T12:18:02+00:00\" \/>\n<meta name=\"twitter:card\" content=\"summary_large_image\" \/>\n<meta name=\"twitter:label1\" content=\"Dur\u00e9e de lecture estim\u00e9e\" \/>\n\t<meta name=\"twitter:data1\" content=\"2 minutes\" \/>\n<script type=\"application\/ld+json\" class=\"yoast-schema-graph\">{\"@context\":\"https:\/\/schema.org\",\"@graph\":[{\"@type\":\"WebPage\",\"@id\":\"https:\/\/www.esta-officiel-usa.com\/fr\/autorisation-esta-mise-a-jour\/\",\"url\":\"https:\/\/www.esta-officiel-usa.com\/fr\/autorisation-esta-mise-a-jour\/\",\"name\":\"Comment mettre \u00e0 jour son autorisation ESTA\",\"isPartOf\":{\"@id\":\"https:\/\/www.esta-officiel-usa.com\/fr\/#website\"},\"datePublished\":\"2020-01-16T08:13:24+00:00\",\"dateModified\":\"2020-02-01T12:18:02+00:00\",\"description\":\"Il se peut qu\u2019une erreur d\u2019inattention se soit gliss\u00e9e dans le formulaire et vous vous en appercevez apr\u00e8s validation, nous vous expliquons comment faire.\",\"breadcrumb\":{\"@id\":\"https:\/\/www.esta-officiel-usa.com\/fr\/autorisation-esta-mise-a-jour\/#breadcrumb\"},\"inLanguage\":\"fr-FR\",\"potentialAction\":[{\"@type\":\"ReadAction\",\"target\":[\"https:\/\/www.esta-officiel-usa.com\/fr\/autorisation-esta-mise-a-jour\/\"]}]},{\"@type\":\"BreadcrumbList\",\"@id\":\"https:\/\/www.esta-officiel-usa.com\/fr\/autorisation-esta-mise-a-jour\/#breadcrumb\",\"itemListElement\":[{\"@type\":\"ListItem\",\"position\":1,\"name\":\"Home\",\"item\":\"https:\/\/www.esta-officiel-usa.com\/fr\/\"},{\"@type\":\"ListItem\",\"position\":2,\"name\":\"Comment mettre \u00e0 jour son autorisation ESTA\"}]},{\"@type\":\"WebSite\",\"@id\":\"https:\/\/www.esta-officiel-usa.com\/fr\/#website\",\"url\":\"https:\/\/www.esta-officiel-usa.com\/fr\/\",\"name\":\"ESTA - Etats-Unis\",\"description\":\"Formulaire de demande ESTA\",\"potentialAction\":[{\"@type\":\"SearchAction\",\"target\":{\"@type\":\"EntryPoint\",\"urlTemplate\":\"https:\/\/www.esta-officiel-usa.com\/fr\/?s={search_term_string}\"},\"query-input\":{\"@type\":\"PropertyValueSpecification\",\"valueRequired\":true,\"valueName\":\"search_term_string\"}}],\"inLanguage\":\"fr-FR\"}]}<\/script>\n<!-- \/ Yoast SEO plugin. -->","yoast_head_json":{"title":"Comment mettre \u00e0 jour son autorisation ESTA","description":"Il se peut qu\u2019une erreur d\u2019inattention se soit gliss\u00e9e dans le formulaire et vous vous en appercevez apr\u00e8s validation, nous vous expliquons comment faire.","robots":{"index":"index","follow":"follow","max-snippet":"max-snippet:-1","max-image-preview":"max-image-preview:large","max-video-preview":"max-video-preview:-1"},"canonical":"https:\/\/www.esta-officiel-usa.com\/fr\/autorisation-esta-mise-a-jour\/","og_locale":"fr_FR","og_type":"article","og_title":"Comment mettre \u00e0 jour son autorisation ESTA","og_description":"Il se peut qu\u2019une erreur d\u2019inattention se soit gliss\u00e9e dans le formulaire et vous vous en appercevez apr\u00e8s validation, nous vous expliquons comment faire.","og_url":"https:\/\/www.esta-officiel-usa.com\/fr\/autorisation-esta-mise-a-jour\/","og_site_name":"ESTA - Etats-Unis","article_modified_time":"2020-02-01T12:18:02+00:00","twitter_card":"summary_large_image","twitter_misc":{"Dur\u00e9e de lecture estim\u00e9e":"2 minutes"},"schema":{"@context":"https:\/\/schema.org","@graph":[{"@type":"WebPage","@id":"https:\/\/www.esta-officiel-usa.com\/fr\/autorisation-esta-mise-a-jour\/","url":"https:\/\/www.esta-officiel-usa.com\/fr\/autorisation-esta-mise-a-jour\/","name":"Comment mettre \u00e0 jour son autorisation ESTA","isPartOf":{"@id":"https:\/\/www.esta-officiel-usa.com\/fr\/#website"},"datePublished":"2020-01-16T08:13:24+00:00","dateModified":"2020-02-01T12:18:02+00:00","description":"Il se peut qu\u2019une erreur d\u2019inattention se soit gliss\u00e9e dans le formulaire et vous vous en appercevez apr\u00e8s validation, nous vous expliquons comment faire.","breadcrumb":{"@id":"https:\/\/www.esta-officiel-usa.com\/fr\/autorisation-esta-mise-a-jour\/#breadcrumb"},"inLanguage":"fr-FR","potentialAction":[{"@type":"ReadAction","target":["https:\/\/www.esta-officiel-usa.com\/fr\/autorisation-esta-mise-a-jour\/"]}]},{"@type":"BreadcrumbList","@id":"https:\/\/www.esta-officiel-usa.com\/fr\/autorisation-esta-mise-a-jour\/#breadcrumb","itemListElement":[{"@type":"ListItem","position":1,"name":"Home","item":"https:\/\/www.esta-officiel-usa.com\/fr\/"},{"@type":"ListItem","position":2,"name":"Comment mettre \u00e0 jour son autorisation ESTA"}]},{"@type":"WebSite","@id":"https:\/\/www.esta-officiel-usa.com\/fr\/#website","url":"https:\/\/www.esta-officiel-usa.com\/fr\/","name":"ESTA - Etats-Unis","description":"Formulaire de demande ESTA","potentialAction":[{"@type":"SearchAction","target":{"@type":"EntryPoint","urlTemplate":"https:\/\/www.esta-officiel-usa.com\/fr\/?s={search_term_string}"},"query-input":{"@type":"PropertyValueSpecification","valueRequired":true,"valueName":"search_term_string"}}],"inLanguage":"fr-FR"}]}},"_links":{"self":[{"href":"https:\/\/www.esta-officiel-usa.com\/fr\/wp-json\/wp\/v2\/pages\/25","targetHints":{"allow":["GET"]}}],"collection":[{"href":"https:\/\/www.esta-officiel-usa.com\/fr\/wp-json\/wp\/v2\/pages"}],"about":[{"href":"https:\/\/www.esta-officiel-usa.com\/fr\/wp-json\/wp\/v2\/types\/page"}],"author":[{"embeddable":true,"href":"https:\/\/www.esta-officiel-usa.com\/fr\/wp-json\/wp\/v2\/users\/1"}],"replies":[{"embeddable":true,"href":"https:\/\/www.esta-officiel-usa.com\/fr\/wp-json\/wp\/v2\/comments?post=25"}],"version-history":[{"count":3,"href":"https:\/\/www.esta-officiel-usa.com\/fr\/wp-json\/wp\/v2\/pages\/25\/revisions"}],"predecessor-version":[{"id":453,"href":"https:\/\/www.esta-officiel-usa.com\/fr\/wp-json\/wp\/v2\/pages\/25\/revisions\/453"}],"wp:attachment":[{"href":"https:\/\/www.esta-officiel-usa.com\/fr\/wp-json\/wp\/v2\/media?parent=25"}],"curies":[{"name":"wp","href":"https:\/\/api.w.org\/{rel}","templated":true}]}}