{"id":29,"date":"2020-01-16T12:40:40","date_gmt":"2020-01-16T12:40:40","guid":{"rendered":"http:\/\/esta-officiel-usa.com\/?page_id=29"},"modified":"2024-04-12T08:06:05","modified_gmt":"2024-04-12T08:06:05","slug":"lesta-en-instance-dautorisation","status":"publish","type":"page","link":"https:\/\/www.esta-officiel-usa.com\/fr\/lesta-en-instance-dautorisation\/","title":{"rendered":"Demande d&rsquo;autorisation ESTA en instance"},"content":{"rendered":"\n<h1 class=\"wp-block-heading\">QU\u2019EST-CE QU\u2019UN ESTA EN INSTANCE D\u2019AUTORISATION ? &nbsp;<\/h1>\n\n\n\n<p>Vous envisagez de voyager aux USA et avez donc rempli votre\u00a0<a href=\"https:\/\/www.esta-officiel-usa.com\/fr\/\">formulaire ESTA<\/a>\u00a0en ligne. Probl\u00e8me, la r\u00e9ponse donn\u00e9e porte \u00e0 confusion : autorisation en instance. Qu\u2019est-ce que cela signifie ? Un ESTA en instance est-il syst\u00e9matiquement refus\u00e9 ? Nous vous aidons \u00e0 y voir plus clair.<\/p>\n\n\n\n<h2 class=\"wp-block-heading\">L\u2019ESTA EN INSTANCE, QU\u2019EST-CE DONC ?<\/h2>\n\n\n\n<p>La bonne nouvelle est qu\u2019un ESTA en instance n\u2019est pas forc\u00e9ment signe de refus. Il indique simplement que la r\u00e9ponse ne peut pas \u00eatre imm\u00e9diate, mais qu\u2019elle vous sera donn\u00e9e sous 72 h. Vous comprenez maintenant pourquoi il est recommand\u00e9 de ne pas faire une demande de derni\u00e8re minute !<\/p>\n\n\n\n<p>Un ESTA en instance peut s\u2019expliquer par trois facteurs :<\/p>\n\n\n\n<ul class=\"wp-block-list\"><li>le site officiel du gouvernement sur lequel les demandes d\u2019ESTA sont faites conna\u00eet une trop forte affluence et les autorit\u00e9s am\u00e9ricaines ont donc besoin de plus de temps pour \u00e9tudier les demandes ;<\/li><li>des contr\u00f4les plus pouss\u00e9s sont programm\u00e9s de temps \u00e0 autre et de mani\u00e8re compl\u00e8tement al\u00e9atoire ;<\/li><li>les r\u00e9ponses fournies dans votre formulaire ou au questionnaire requi\u00e8rent une plus grande attention et \u00e9ventuellement une v\u00e9rification.<\/li><\/ul>\n\n\n\n<p>\u00c0 ce stade, vous ne pouvez rien faire d\u2019autre que d\u2019attendre une r\u00e9ponse d\u00e9finitive. Il vous est demand\u00e9 de vous connecter, dans les 72 heures, sur le site du gouvernement et de cliquer sur l\u2019onglet \u201cv\u00e9rifier le statut &nbsp;ESTA\u201d. Pour proc\u00e9der, vous aurez besoin de votre num\u00e9ro de demande, votre num\u00e9ro de passeport et votre date de naissance.<\/p>\n\n\n\n<h2 class=\"wp-block-heading\">QUELLES SONT LES SUITES POSSIBLES \u00c0 UN ESTA EN INSTANCE ?<\/h2>\n\n\n\n<p>Si une demande d\u2019ESTA est en instance, deux voies sont possibles : l\u2019autorisation est accept\u00e9e ou elle est refus\u00e9e.<\/p>\n\n\n\n<p>Une autorisation accept\u00e9e vous donne ainsi l\u2019autorisation de voyager aux \u00c9tats-Unis et vous pouvez donc acheter votre billet d\u2019avion et organiser votre s\u00e9jour aux USA.<\/p>\n\n\n\n<p>Pr\u00e9cisons tout de m\u00eame que l\u2019ESTA est une autorisation de voyage et non une autorisation d\u2019entr\u00e9e sur le sol am\u00e9ricain. La d\u00e9cision de vous laisser entrer sur le territoire am\u00e9ricain revient \u00e0 l\u2019agent d\u2019immigration au point d\u2019entr\u00e9e. Pour prendre sa d\u00e9cision, il peut vous poser diverses questions quant \u00e0 la nature de votre voyage aux \u00c9tats-Unis ou v\u00e9rifier vos documents et notamment votre billet retour ou de continuation dans les 90 jours octroy\u00e9s par l\u2019autorisation ESTA.<\/p>\n\n\n\n<p>Une autorisation refus\u00e9e est bien entendu le pire sc\u00e9nario, mais elle peut ne pas \u00eatre d\u00e9finitive.<\/p>\n\n\n\n<p>Les autorit\u00e9s am\u00e9ricaines ne donnent pas les\u00a0<a href=\"https:\/\/www.esta-officiel-usa.com\/fr\/quels-motifs-menent-a-un-refus-de-lesta\/\">motifs de leur refus<\/a>, mais si vous apercevez que vous avez commis une erreur de saisie dans le formulaire ESTA (erreur de frappe ou donn\u00e9es diff\u00e9rentes de ce qui est inscrit sur le passeport tel le nom marital au lieu du nom de jeune fille), il vous est possible de faire une nouvelle demande.<\/p>\n\n\n\n<p>Faire une nouvelle demande revient \u00e0 suivre le m\u00eame proc\u00e9d\u00e9 (en v\u00e9rifiant soigneusement chacune des informations transmises) et de payer \u00e0 nouveau l\u2019ESTA.<\/p>\n\n\n\n<p>Attention de ne pas donner de fausses informations dans le seul but d\u2019obtenir l\u2019ESTA ! Le gouvernement am\u00e9ricain peut vous refuser l\u2019entr\u00e9e, mais aussi vous infliger des sanctions administratives et p\u00e9nales.<\/p>\n\n\n\n<p>Si un ESTA en instance se transforme en refus qui se justifie par le non-respect d\u2019une\u00a0<a href=\"https:\/\/www.esta-officiel-usa.com\/fr\/les-conditions-a-respecter-pour-obtenir-le-visa-usa\/\">condition d\u2019\u00e9ligibilit\u00e9<\/a>\u00a0(passeport biom\u00e9trique ou passeport \u00e9lectronique, ressortissant d\u2019un pays participant au Visa Waiver Program, la nationalit\u00e9 irakienne, syrienne ou soudanaise, la r\u00e9ponse oui \u00e0 une des questions ferm\u00e9es du questionnaire, etc.) alors la seule opportunit\u00e9 est de demander un visa \u00e0 l&rsquo;ambassade des \u00c9tats-Unis. La demande de visa est bien plus longue que l\u2019ESTA.<\/p>\n","protected":false},"excerpt":{"rendered":"<p>QU\u2019EST-CE QU\u2019UN ESTA EN INSTANCE D\u2019AUTORISATION ? &nbsp; Vous envisagez de voyager aux USA et avez donc rempli votre\u00a0formulaire ESTA\u00a0en ligne. Probl\u00e8me, la r\u00e9ponse donn\u00e9e porte \u00e0 confusion : autorisation en instance. Qu\u2019est-ce que cela signifie ? Un ESTA en instance est-il syst\u00e9matiquement refus\u00e9 ? Nous vous aidons \u00e0 y voir plus clair. L\u2019ESTA EN [&hellip;]<\/p>\n","protected":false},"author":1,"featured_media":0,"parent":0,"menu_order":0,"comment_status":"closed","ping_status":"closed","template":"","meta":{"footnotes":""},"class_list":["post-29","page","type-page","status-publish","hentry"],"yoast_head":"<!-- This site is optimized with the Yoast SEO plugin v26.2 - https:\/\/yoast.com\/wordpress\/plugins\/seo\/ -->\n<title>Demande d&#039;autorisation ESTA en instance<\/title>\n<meta name=\"description\" content=\"Vous voyagez prochainement aux Etats-Unis, vous avez rempli votre demande d&#039;ESTA en ligne, mais elle est en instance.\" \/>\n<meta name=\"robots\" content=\"index, follow, max-snippet:-1, max-image-preview:large, max-video-preview:-1\" \/>\n<link rel=\"canonical\" href=\"https:\/\/www.esta-officiel-usa.com\/fr\/lesta-en-instance-dautorisation\/\" \/>\n<meta property=\"og:locale\" content=\"fr_FR\" \/>\n<meta property=\"og:type\" content=\"article\" \/>\n<meta property=\"og:title\" content=\"Demande d&#039;autorisation ESTA en instance\" \/>\n<meta property=\"og:description\" content=\"Vous voyagez prochainement aux Etats-Unis, vous avez rempli votre demande d&#039;ESTA en ligne, mais elle est en instance.\" \/>\n<meta property=\"og:url\" content=\"https:\/\/www.esta-officiel-usa.com\/fr\/lesta-en-instance-dautorisation\/\" \/>\n<meta property=\"og:site_name\" content=\"ESTA - Etats-Unis\" \/>\n<meta property=\"article:modified_time\" content=\"2024-04-12T08:06:05+00:00\" \/>\n<meta name=\"twitter:card\" content=\"summary_large_image\" \/>\n<meta name=\"twitter:label1\" content=\"Dur\u00e9e de lecture estim\u00e9e\" \/>\n\t<meta name=\"twitter:data1\" content=\"3 minutes\" \/>\n<script type=\"application\/ld+json\" class=\"yoast-schema-graph\">{\"@context\":\"https:\/\/schema.org\",\"@graph\":[{\"@type\":\"WebPage\",\"@id\":\"https:\/\/www.esta-officiel-usa.com\/fr\/lesta-en-instance-dautorisation\/\",\"url\":\"https:\/\/www.esta-officiel-usa.com\/fr\/lesta-en-instance-dautorisation\/\",\"name\":\"Demande d'autorisation ESTA en instance\",\"isPartOf\":{\"@id\":\"https:\/\/www.esta-officiel-usa.com\/fr\/#website\"},\"datePublished\":\"2020-01-16T12:40:40+00:00\",\"dateModified\":\"2024-04-12T08:06:05+00:00\",\"description\":\"Vous voyagez prochainement aux Etats-Unis, vous avez rempli votre demande d'ESTA en ligne, mais elle est en instance.\",\"breadcrumb\":{\"@id\":\"https:\/\/www.esta-officiel-usa.com\/fr\/lesta-en-instance-dautorisation\/#breadcrumb\"},\"inLanguage\":\"fr-FR\",\"potentialAction\":[{\"@type\":\"ReadAction\",\"target\":[\"https:\/\/www.esta-officiel-usa.com\/fr\/lesta-en-instance-dautorisation\/\"]}]},{\"@type\":\"BreadcrumbList\",\"@id\":\"https:\/\/www.esta-officiel-usa.com\/fr\/lesta-en-instance-dautorisation\/#breadcrumb\",\"itemListElement\":[{\"@type\":\"ListItem\",\"position\":1,\"name\":\"Home\",\"item\":\"https:\/\/www.esta-officiel-usa.com\/fr\/\"},{\"@type\":\"ListItem\",\"position\":2,\"name\":\"Demande d&rsquo;autorisation ESTA en instance\"}]},{\"@type\":\"WebSite\",\"@id\":\"https:\/\/www.esta-officiel-usa.com\/fr\/#website\",\"url\":\"https:\/\/www.esta-officiel-usa.com\/fr\/\",\"name\":\"ESTA - Etats-Unis\",\"description\":\"Formulaire de demande ESTA\",\"potentialAction\":[{\"@type\":\"SearchAction\",\"target\":{\"@type\":\"EntryPoint\",\"urlTemplate\":\"https:\/\/www.esta-officiel-usa.com\/fr\/?s={search_term_string}\"},\"query-input\":{\"@type\":\"PropertyValueSpecification\",\"valueRequired\":true,\"valueName\":\"search_term_string\"}}],\"inLanguage\":\"fr-FR\"}]}<\/script>\n<!-- \/ Yoast SEO plugin. -->","yoast_head_json":{"title":"Demande d'autorisation ESTA en instance","description":"Vous voyagez prochainement aux Etats-Unis, vous avez rempli votre demande d'ESTA en ligne, mais elle est en instance.","robots":{"index":"index","follow":"follow","max-snippet":"max-snippet:-1","max-image-preview":"max-image-preview:large","max-video-preview":"max-video-preview:-1"},"canonical":"https:\/\/www.esta-officiel-usa.com\/fr\/lesta-en-instance-dautorisation\/","og_locale":"fr_FR","og_type":"article","og_title":"Demande d'autorisation ESTA en instance","og_description":"Vous voyagez prochainement aux Etats-Unis, vous avez rempli votre demande d'ESTA en ligne, mais elle est en instance.","og_url":"https:\/\/www.esta-officiel-usa.com\/fr\/lesta-en-instance-dautorisation\/","og_site_name":"ESTA - Etats-Unis","article_modified_time":"2024-04-12T08:06:05+00:00","twitter_card":"summary_large_image","twitter_misc":{"Dur\u00e9e de lecture estim\u00e9e":"3 minutes"},"schema":{"@context":"https:\/\/schema.org","@graph":[{"@type":"WebPage","@id":"https:\/\/www.esta-officiel-usa.com\/fr\/lesta-en-instance-dautorisation\/","url":"https:\/\/www.esta-officiel-usa.com\/fr\/lesta-en-instance-dautorisation\/","name":"Demande d'autorisation ESTA en instance","isPartOf":{"@id":"https:\/\/www.esta-officiel-usa.com\/fr\/#website"},"datePublished":"2020-01-16T12:40:40+00:00","dateModified":"2024-04-12T08:06:05+00:00","description":"Vous voyagez prochainement aux Etats-Unis, vous avez rempli votre demande d'ESTA en ligne, mais elle est en instance.","breadcrumb":{"@id":"https:\/\/www.esta-officiel-usa.com\/fr\/lesta-en-instance-dautorisation\/#breadcrumb"},"inLanguage":"fr-FR","potentialAction":[{"@type":"ReadAction","target":["https:\/\/www.esta-officiel-usa.com\/fr\/lesta-en-instance-dautorisation\/"]}]},{"@type":"BreadcrumbList","@id":"https:\/\/www.esta-officiel-usa.com\/fr\/lesta-en-instance-dautorisation\/#breadcrumb","itemListElement":[{"@type":"ListItem","position":1,"name":"Home","item":"https:\/\/www.esta-officiel-usa.com\/fr\/"},{"@type":"ListItem","position":2,"name":"Demande d&rsquo;autorisation ESTA en instance"}]},{"@type":"WebSite","@id":"https:\/\/www.esta-officiel-usa.com\/fr\/#website","url":"https:\/\/www.esta-officiel-usa.com\/fr\/","name":"ESTA - Etats-Unis","description":"Formulaire de demande ESTA","potentialAction":[{"@type":"SearchAction","target":{"@type":"EntryPoint","urlTemplate":"https:\/\/www.esta-officiel-usa.com\/fr\/?s={search_term_string}"},"query-input":{"@type":"PropertyValueSpecification","valueRequired":true,"valueName":"search_term_string"}}],"inLanguage":"fr-FR"}]}},"_links":{"self":[{"href":"https:\/\/www.esta-officiel-usa.com\/fr\/wp-json\/wp\/v2\/pages\/29","targetHints":{"allow":["GET"]}}],"collection":[{"href":"https:\/\/www.esta-officiel-usa.com\/fr\/wp-json\/wp\/v2\/pages"}],"about":[{"href":"https:\/\/www.esta-officiel-usa.com\/fr\/wp-json\/wp\/v2\/types\/page"}],"author":[{"embeddable":true,"href":"https:\/\/www.esta-officiel-usa.com\/fr\/wp-json\/wp\/v2\/users\/1"}],"replies":[{"embeddable":true,"href":"https:\/\/www.esta-officiel-usa.com\/fr\/wp-json\/wp\/v2\/comments?post=29"}],"version-history":[{"count":2,"href":"https:\/\/www.esta-officiel-usa.com\/fr\/wp-json\/wp\/v2\/pages\/29\/revisions"}],"predecessor-version":[{"id":527,"href":"https:\/\/www.esta-officiel-usa.com\/fr\/wp-json\/wp\/v2\/pages\/29\/revisions\/527"}],"wp:attachment":[{"href":"https:\/\/www.esta-officiel-usa.com\/fr\/wp-json\/wp\/v2\/media?parent=29"}],"curies":[{"name":"wp","href":"https:\/\/api.w.org\/{rel}","templated":true}]}}