{"id":31,"date":"2020-01-16T12:44:19","date_gmt":"2020-01-16T12:44:19","guid":{"rendered":"http:\/\/esta-officiel-usa.com\/?page_id=31"},"modified":"2024-04-12T07:38:37","modified_gmt":"2024-04-12T07:38:37","slug":"obtenir-un-esta-en-ligne","status":"publish","type":"page","link":"https:\/\/www.esta-officiel-usa.com\/fr\/obtenir-un-esta-en-ligne\/","title":{"rendered":"Comment obtenir un ESTA en ligne"},"content":{"rendered":"\n<h1 class=\"wp-block-heading\">R\u00c9ALISER VOTRE DEMANDE ESTA EN LIGNE<\/h1>\n\n\n\n<p>Apr\u00e8s des mois de planification et d&rsquo;attente, il est finalement temps de partir aux \u00c9tats-Unis ! Pour vous permettre de faire les derni\u00e8res pr\u00e9parations en toute s\u00e9r\u00e9nit\u00e9, nous vous proposons un guide pratique pour obtenir votre ESTA en ligne.<\/p>\n\n\n\n<h2 class=\"wp-block-heading\">ESTA EN LIGNE : FORMALIT\u00c9 OBLIGATOIRE ?<\/h2>\n\n\n\n<p>Depuis 2009, l\u2019ESTA permet \u00e0 des millions d\u2019individus de se rendre aux USA pour une dur\u00e9e de 90 jours maximum sans avoir \u00e0 se munir d\u2019un visa classique. L\u2019ESTA attire la grande majorit\u00e9 des voyageurs de par son faible co\u00fbt et la simplicit\u00e9 de la d\u00e9marche, ainsi que sa validit\u00e9 de deux ans. La condition principale pour pouvoir en faire la\u00a0<a href=\"https:\/\/www.esta-officiel-usa.com\/fr\/completer-sa-demande-officielle-desta\/\">demande<\/a>\u00a0est d\u2019\u00eatre ressortissant d\u2019un des pays participant au Visa Waiver Program (<a href=\"https:\/\/www.esta-officiel-usa.com\/fr\/les-38-pays-partenaires-du-visa-waiver-program\/\">VWP<\/a>).<\/p>\n\n\n\n<p>Le but de cette&nbsp;<a href=\"https:\/\/www.esta-officiel-usa.com\/fr\/les-formalites-dentree-aux-etats-unis\/\">formalit\u00e9<\/a>&nbsp;est de permettre \u00e0 la douane am\u00e9ricaine de v\u00e9rifier pr\u00e9alablement votre identit\u00e9 et les raisons de votre voyage. En \u00e9change, vous n\u2019avez pas besoin d\u2019obtenir un visa USA dont l\u2019obtention est bien plus longue et on\u00e9reuse. Cette situation est donc b\u00e9n\u00e9fique tant pour les voyageurs que pour le gouvernement am\u00e9ricain. De par le succ\u00e8s de cette d\u00e9marche, le&nbsp;<a href=\"https:\/\/www.esta-officiel-usa.com\/fr\/lautorisation-de-voyage-esta-canada\/\">Canada<\/a>&nbsp;a tr\u00e8s r\u00e9cemment instaur\u00e9 une autorisation similaire.<\/p>\n\n\n\n<p>Nos clients nous demandent souvent si la d\u00e9marche est possible sur internet : sachez qu\u2019il est uniquement possible de faire une demande d\u2019ESTA en ligne !<\/p>\n\n\n\n<h2 class=\"wp-block-heading\">O\u00d9 S\u2019ADRESSER POUR OBTENIR UN ESTA EN LIGNE ?<\/h2>\n\n\n\n<p>Pour r\u00e9aliser votre demande d\u2019ESTA en ligne, plusieurs choix s\u2019offrent \u00e0 vous. Vous pouvez utiliser le site officiel de la douane am\u00e9ricaine, sur lequel figure le formulaire complet compos\u00e9 de 6 parties accessibles apr\u00e8s avoir cliqu\u00e9 sur l\u2019onglet \u201cnouvelle demande\u201d. &nbsp;<\/p>\n\n\n\n<p>Le formulaire ESTA en ligne contient des&nbsp;<a href=\"https:\/\/www.esta-officiel-usa.com\/fr\/toutes-les-questions-posees-formulaire-esta-etats-unis\/\">questions<\/a>&nbsp;\u00e0 propos de :<\/p>\n\n\n\n<ol class=\"wp-block-list\">\n<li>Votre identit\u00e9 (nom, pr\u00e9nom, adresse, num\u00e9ro de passeport etc.) ;<\/li>\n\n\n\n<li>Votre \u00e9tat de sant\u00e9 (pr\u00e9sent et pass\u00e9) ;<\/li>\n\n\n\n<li>Votre pass\u00e9 judiciaire ;<\/li>\n\n\n\n<li>Le motif de votre voyage. La\u00a0<a href=\"https:\/\/www.esta-officiel-usa.com\/fr\/demander-un-esta-sans-projet-precis\/\">demande d&rsquo;ESTA est possible sans projet pr\u00e9cis<\/a>.<\/li>\n<\/ol>\n\n\n\n<p>Note : La demande ESTA en ligne sera automatiquement rejet\u00e9e si votre passeport n\u2019est pas \u00e9lectronique ou biom\u00e9trique.<\/p>\n\n\n\n<p>Notre \u00e9quipe de voyageurs aguerris sait, par exp\u00e9rience, que remplir un long formulaire peut s\u2019av\u00e9rer stressant. En effet, la moindre erreur commise lors du renseignement du formulaire ESTA en ligne peut \u00eatre le&nbsp;<a href=\"https:\/\/www.esta-officiel-usa.com\/fr\/quels-motifs-menent-a-un-refus-de-lesta\/\">motif d\u2019un refus<\/a>. Il faut \u00eatre vigilant aux chiffres et aux espaces contenus dans les informations saisies. Afin de vous aider \u00e0 concr\u00e9tiser votre r\u00eave, notre plateforme vous propose un formulaire simplifi\u00e9 et en fran\u00e7ais, la v\u00e9rification consciencieuse de vos informations ainsi que leur correction si n\u00e9cessaire et ce, dans les plus brefs d\u00e9lais.<\/p>\n\n\n\n<p>Quelle que soit la m\u00e9thode choisie, la <a href=\"https:\/\/www.esta-officiel-usa.com\/fr\/lautorisation-esta-gratuit\/\">demande d&rsquo;ESTA n&rsquo;est pas\u00a0gratuite<\/a>, il faudra s\u2019acquitter au minimum d\u2019une somme de 21 dollars afin de compl\u00e9ter le formulaire d&rsquo;obtention de votre <a href=\"https:\/\/www.esta-officiel-usa.com\/fr\/comment-faire-une-demande-esta-officiel\/\">ESTA\u00a0officiel<\/a>\u00a0en ligne. La demande sera trait\u00e9e dans un d\u00e9lai maximum de 72 h, bien que la grande majorit\u00e9 des voyageurs re\u00e7oivent leur document en quelques minutes.<\/p>\n","protected":false},"excerpt":{"rendered":"<p>R\u00c9ALISER VOTRE DEMANDE ESTA EN LIGNE Apr\u00e8s des mois de planification et d&rsquo;attente, il est finalement temps de partir aux \u00c9tats-Unis ! Pour vous permettre de faire les derni\u00e8res pr\u00e9parations en toute s\u00e9r\u00e9nit\u00e9, nous vous proposons un guide pratique pour obtenir votre ESTA en ligne. ESTA EN LIGNE : FORMALIT\u00c9 OBLIGATOIRE ? Depuis 2009, l\u2019ESTA [&hellip;]<\/p>\n","protected":false},"author":1,"featured_media":0,"parent":0,"menu_order":0,"comment_status":"closed","ping_status":"closed","template":"","meta":{"footnotes":""},"class_list":["post-31","page","type-page","status-publish","hentry"],"yoast_head":"<!-- This site is optimized with the Yoast SEO plugin v26.2 - https:\/\/yoast.com\/wordpress\/plugins\/seo\/ -->\n<title>Comment obtenir un ESTA en ligne<\/title>\n<meta name=\"description\" content=\"Pour vous permettre de faire votre demande d&#039;autorisation en ligne en toute s\u00e9r\u00e9nit\u00e9, retrouvez toutes les informationssur notre page.\" \/>\n<meta name=\"robots\" content=\"index, follow, max-snippet:-1, max-image-preview:large, max-video-preview:-1\" \/>\n<link rel=\"canonical\" href=\"https:\/\/www.esta-officiel-usa.com\/fr\/obtenir-un-esta-en-ligne\/\" \/>\n<meta property=\"og:locale\" content=\"fr_FR\" \/>\n<meta property=\"og:type\" content=\"article\" \/>\n<meta property=\"og:title\" content=\"Comment obtenir un ESTA en ligne\" \/>\n<meta property=\"og:description\" content=\"Pour vous permettre de faire votre demande d&#039;autorisation en ligne en toute s\u00e9r\u00e9nit\u00e9, retrouvez toutes les informationssur notre page.\" \/>\n<meta property=\"og:url\" content=\"https:\/\/www.esta-officiel-usa.com\/fr\/obtenir-un-esta-en-ligne\/\" \/>\n<meta property=\"og:site_name\" content=\"ESTA - Etats-Unis\" \/>\n<meta property=\"article:modified_time\" content=\"2024-04-12T07:38:37+00:00\" \/>\n<meta name=\"twitter:card\" content=\"summary_large_image\" \/>\n<meta name=\"twitter:label1\" content=\"Dur\u00e9e de lecture estim\u00e9e\" \/>\n\t<meta name=\"twitter:data1\" content=\"3 minutes\" \/>\n<script type=\"application\/ld+json\" class=\"yoast-schema-graph\">{\"@context\":\"https:\/\/schema.org\",\"@graph\":[{\"@type\":\"WebPage\",\"@id\":\"https:\/\/www.esta-officiel-usa.com\/fr\/obtenir-un-esta-en-ligne\/\",\"url\":\"https:\/\/www.esta-officiel-usa.com\/fr\/obtenir-un-esta-en-ligne\/\",\"name\":\"Comment obtenir un ESTA en ligne\",\"isPartOf\":{\"@id\":\"https:\/\/www.esta-officiel-usa.com\/fr\/#website\"},\"datePublished\":\"2020-01-16T12:44:19+00:00\",\"dateModified\":\"2024-04-12T07:38:37+00:00\",\"description\":\"Pour vous permettre de faire votre demande d'autorisation en ligne en toute s\u00e9r\u00e9nit\u00e9, retrouvez toutes les informationssur notre page.\",\"breadcrumb\":{\"@id\":\"https:\/\/www.esta-officiel-usa.com\/fr\/obtenir-un-esta-en-ligne\/#breadcrumb\"},\"inLanguage\":\"fr-FR\",\"potentialAction\":[{\"@type\":\"ReadAction\",\"target\":[\"https:\/\/www.esta-officiel-usa.com\/fr\/obtenir-un-esta-en-ligne\/\"]}]},{\"@type\":\"BreadcrumbList\",\"@id\":\"https:\/\/www.esta-officiel-usa.com\/fr\/obtenir-un-esta-en-ligne\/#breadcrumb\",\"itemListElement\":[{\"@type\":\"ListItem\",\"position\":1,\"name\":\"Home\",\"item\":\"https:\/\/www.esta-officiel-usa.com\/fr\/\"},{\"@type\":\"ListItem\",\"position\":2,\"name\":\"Comment obtenir un ESTA en ligne\"}]},{\"@type\":\"WebSite\",\"@id\":\"https:\/\/www.esta-officiel-usa.com\/fr\/#website\",\"url\":\"https:\/\/www.esta-officiel-usa.com\/fr\/\",\"name\":\"ESTA - Etats-Unis\",\"description\":\"Formulaire de demande ESTA\",\"potentialAction\":[{\"@type\":\"SearchAction\",\"target\":{\"@type\":\"EntryPoint\",\"urlTemplate\":\"https:\/\/www.esta-officiel-usa.com\/fr\/?s={search_term_string}\"},\"query-input\":{\"@type\":\"PropertyValueSpecification\",\"valueRequired\":true,\"valueName\":\"search_term_string\"}}],\"inLanguage\":\"fr-FR\"}]}<\/script>\n<!-- \/ Yoast SEO plugin. -->","yoast_head_json":{"title":"Comment obtenir un ESTA en ligne","description":"Pour vous permettre de faire votre demande d'autorisation en ligne en toute s\u00e9r\u00e9nit\u00e9, retrouvez toutes les informationssur notre page.","robots":{"index":"index","follow":"follow","max-snippet":"max-snippet:-1","max-image-preview":"max-image-preview:large","max-video-preview":"max-video-preview:-1"},"canonical":"https:\/\/www.esta-officiel-usa.com\/fr\/obtenir-un-esta-en-ligne\/","og_locale":"fr_FR","og_type":"article","og_title":"Comment obtenir un ESTA en ligne","og_description":"Pour vous permettre de faire votre demande d'autorisation en ligne en toute s\u00e9r\u00e9nit\u00e9, retrouvez toutes les informationssur notre page.","og_url":"https:\/\/www.esta-officiel-usa.com\/fr\/obtenir-un-esta-en-ligne\/","og_site_name":"ESTA - Etats-Unis","article_modified_time":"2024-04-12T07:38:37+00:00","twitter_card":"summary_large_image","twitter_misc":{"Dur\u00e9e de lecture estim\u00e9e":"3 minutes"},"schema":{"@context":"https:\/\/schema.org","@graph":[{"@type":"WebPage","@id":"https:\/\/www.esta-officiel-usa.com\/fr\/obtenir-un-esta-en-ligne\/","url":"https:\/\/www.esta-officiel-usa.com\/fr\/obtenir-un-esta-en-ligne\/","name":"Comment obtenir un ESTA en ligne","isPartOf":{"@id":"https:\/\/www.esta-officiel-usa.com\/fr\/#website"},"datePublished":"2020-01-16T12:44:19+00:00","dateModified":"2024-04-12T07:38:37+00:00","description":"Pour vous permettre de faire votre demande d'autorisation en ligne en toute s\u00e9r\u00e9nit\u00e9, retrouvez toutes les informationssur notre page.","breadcrumb":{"@id":"https:\/\/www.esta-officiel-usa.com\/fr\/obtenir-un-esta-en-ligne\/#breadcrumb"},"inLanguage":"fr-FR","potentialAction":[{"@type":"ReadAction","target":["https:\/\/www.esta-officiel-usa.com\/fr\/obtenir-un-esta-en-ligne\/"]}]},{"@type":"BreadcrumbList","@id":"https:\/\/www.esta-officiel-usa.com\/fr\/obtenir-un-esta-en-ligne\/#breadcrumb","itemListElement":[{"@type":"ListItem","position":1,"name":"Home","item":"https:\/\/www.esta-officiel-usa.com\/fr\/"},{"@type":"ListItem","position":2,"name":"Comment obtenir un ESTA en ligne"}]},{"@type":"WebSite","@id":"https:\/\/www.esta-officiel-usa.com\/fr\/#website","url":"https:\/\/www.esta-officiel-usa.com\/fr\/","name":"ESTA - Etats-Unis","description":"Formulaire de demande ESTA","potentialAction":[{"@type":"SearchAction","target":{"@type":"EntryPoint","urlTemplate":"https:\/\/www.esta-officiel-usa.com\/fr\/?s={search_term_string}"},"query-input":{"@type":"PropertyValueSpecification","valueRequired":true,"valueName":"search_term_string"}}],"inLanguage":"fr-FR"}]}},"_links":{"self":[{"href":"https:\/\/www.esta-officiel-usa.com\/fr\/wp-json\/wp\/v2\/pages\/31","targetHints":{"allow":["GET"]}}],"collection":[{"href":"https:\/\/www.esta-officiel-usa.com\/fr\/wp-json\/wp\/v2\/pages"}],"about":[{"href":"https:\/\/www.esta-officiel-usa.com\/fr\/wp-json\/wp\/v2\/types\/page"}],"author":[{"embeddable":true,"href":"https:\/\/www.esta-officiel-usa.com\/fr\/wp-json\/wp\/v2\/users\/1"}],"replies":[{"embeddable":true,"href":"https:\/\/www.esta-officiel-usa.com\/fr\/wp-json\/wp\/v2\/comments?post=31"}],"version-history":[{"count":5,"href":"https:\/\/www.esta-officiel-usa.com\/fr\/wp-json\/wp\/v2\/pages\/31\/revisions"}],"predecessor-version":[{"id":772,"href":"https:\/\/www.esta-officiel-usa.com\/fr\/wp-json\/wp\/v2\/pages\/31\/revisions\/772"}],"wp:attachment":[{"href":"https:\/\/www.esta-officiel-usa.com\/fr\/wp-json\/wp\/v2\/media?parent=31"}],"curies":[{"name":"wp","href":"https:\/\/api.w.org\/{rel}","templated":true}]}}