{"id":323,"date":"2020-01-29T17:58:15","date_gmt":"2020-01-29T17:58:15","guid":{"rendered":"http:\/\/www.esta-officiel-usa.com\/?page_id=323"},"modified":"2024-04-12T09:50:31","modified_gmt":"2024-04-12T09:50:31","slug":"comment-faire-pour-investir-aux-etats-unis-avec-le-visa-e1-e2","status":"publish","type":"page","link":"https:\/\/www.esta-officiel-usa.com\/fr\/comment-faire-pour-investir-aux-etats-unis-avec-le-visa-e1-e2\/","title":{"rendered":"Investir aux USA avec le visa E1\/E2"},"content":{"rendered":"\n<h1 class=\"wp-block-heading\">Obtenir un visa E1 ou E2 pour investir aux USA<\/h1>\n\n\n\n<p>Alors qu\u2019un simple <a href=\"https:\/\/www.esta-officiel-usa.com\/fr\/\">ESTA<\/a> suffit pour se rendre en vacances ou pour effectuer un voyage d\u2019affaires aux \u00c9tats-Unis, partir vivre aux USA et notamment y travailler requiert l\u2019obtention d\u2019un visa. Il existe plusieurs types de visas sp\u00e9cifiques \u00e0 chaque cas. Dans cet article, nous allons nous  int\u00e9resser aux Visa E1 (visa de commerce) et au visa E2 (visa  investisseur).<\/p>\n\n\n\n<h2 class=\"wp-block-heading\">Le visa E1 et E2 : qu\u2019est-ce que c\u2019est ?<\/h2>\n\n\n\n<p>Dans de nombreux cas, la d\u00e9cision de partir vivre aux \u00c9tats-Unis est prise pour des raisons professionnelles. Travailler aux USA n\u2019est cependant pas si simple et n\u00e9cessite l\u2019obtention d\u2019un visa adapt\u00e9. En ce sens, les visas d\u2019investisseurs et de Conventions Commerciales (visa E1  et E2) permettent aux citoyens des pays ayant accept\u00e9 et sign\u00e9 les conventions commerciales d\u00e9cid\u00e9es par les USA de pouvoir travailler, investir, mais \u00e9galement diriger une entreprise depuis les USA. Les ressortissants des pays suivants sont par ailleurs, autoris\u00e9s \u00e0 pouvoir effectuer une demande de visa E1\/E2 :<\/p>\n\n\n\n<p>L\u2019Argentine, l\u2019Australie, l\u2019Autriche, la Belgique, la \nBosnie-Herz\u00e9govine, le Canada, la Chine, la Colombie, le Costa Rica, \nl\u2019Estonie, l\u2019\u00c9thiopie, la Finlande, la France, la Georgie, l\u2019Allemagne, \nles Honduras, l\u2019Iran, l\u2019Irlande, l\u2019Italie, la Jama\u00efque, le Japon, la \nCor\u00e9e, le Liberia, la Latvia, le Luxembourg, la Mac\u00e9doine, le Mexique, \nles Pays-Bas, la Norv\u00e8ge, l\u2019\u00c9mirat d\u2019Oman, le Pakistan, le Paraguay, les\n Philippines, la Slov\u00e9nie, l\u2019Espagne, le Sri Lanka, Suriname, la Su\u00e8de, \nla Suisse, la Tha\u00eflande, le Togo, la Turquie, le Royaume-Uni et la \nYougoslavie.<\/p>\n\n\n\n<p>Le visa E1 autorise un citoyen ayant sign\u00e9 les conventions commerciales mises en place par l\u2019\u00c9tat am\u00e9ricain \u00e0 effectuer des \u00e9changes commerciaux entre son pays et les USA depuis le sol am\u00e9ricain tandis que le visa E2 est un visa accord\u00e9 aux personnes qui investissent dans la cr\u00e9ation ou le rachat d\u2019une entreprise sur le territoire  am\u00e9ricain.<\/p>\n\n\n\n<p>La demande d\u2019un visa E1 et E2 s\u2019effectue aupr\u00e8s des services consulaires de l\u2019ambassade am\u00e9ricaine ou du consulat dans le pays du demandeur. L\u2019ambassade fran\u00e7aise est situ\u00e9e \u00e0 Paris. Il sera n\u00e9cessaire de constituer un dossier compos\u00e9 notamment du formulaire DS-160 et de le joindre \u00e0 l\u2019ambassade. Vous serez ensuite contact\u00e9 par cette derni\u00e8re pour pr\u00e9voir un entretien physique avec un agent de l&rsquo;ambassade afin d\u2019\u00e9valuer la pertinence de votre demande de visa. \u00c0 l\u2019issue de cet entretien, une r\u00e9ponse vous sera communiqu\u00e9e. S&rsquo;il s\u2019agit d\u2019une r\u00e9ponse positive, le visa vous sera d\u00e9livr\u00e9 dans les 3 \u00e0 5 jours.<\/p>\n\n\n\n<p>Sachez que si le visa E1 et E2 vous est refus\u00e9, vous avez la possibilit\u00e9 d\u2019effectuer une demande de <a href=\"https:\/\/www.esta-officiel-usa.com\/fr\/quest-ce-que-la-green-card\/\">green-card<\/a> qui est la carte de r\u00e9sident permanent am\u00e9ricain. Pour obtenir cette derni\u00e8re vous pouvez en faire une demande ou bien participer \u00e0 la loterie des cartes vertes qui a lieu chaque ann\u00e9e (green card lottery). Cependant il vous est formellement interdit d\u2019exercer une activit\u00e9 professionnelle sur le sol am\u00e9ricain avec uniquement un ESTA ou un visa non-immigrant comme <a href=\"https:\/\/www.esta-officiel-usa.com\/fr\/lessentiel-que-vous-devez-connaitre-sur-le-visa-j1-pour-les-usa\/\">le visa J1<\/a>. Les autorit\u00e9s am\u00e9ricaines sont intransigeantes et tr\u00e8s vigilantes quant \u00e0 l\u2019immigration clandestine et vous pourrez vous retrouver dans une situation extr\u00eamement d\u00e9licate.<\/p>\n\n\n\n<p>Si vous souhaitez vous procurer un visa E1 et E2 vous devez dans un  premier temps, vous assurer que vous poss\u00e9dez un passeport en cours de  validit\u00e9 et que vous respectez bien les conditions requises pour  l\u2019obtention de l\u2019un de ces visas.<\/p>\n\n\n\n<h2 class=\"wp-block-heading\">Les conditions d\u2019obtention de visa de cat\u00e9gorie E1 et E2<\/h2>\n\n\n\n<p>Les conditions d\u2019obtention diff\u00e8rent pour un visa de cat\u00e9gorie E1 et E2.<\/p>\n\n\n\n<h3 class=\"wp-block-heading\">Conditions d\u2019obtention du visa de cat\u00e9gorie E1<\/h3>\n\n\n\n<ul class=\"wp-block-list\">\n<li>L\u2019entreprise du demandeur, situ\u00e9e aux \u00c9tats-Unis ainsi que le  demandeur lui-m\u00eame doivent avoir la nationalit\u00e9 d\u2019un pays qui fait  partie de la convention ;<\/li>\n\n\n\n<li>les \u00e9changes commerciaux doivent \u00eatre \u00abconsid\u00e9rables\u00bb, il doit y avoir un volume d\u2019affaires assez important et continu ;<\/li>\n\n\n\n<li>le commerce au sein de l\u2019entreprise doit se faire principalement  entre les \u00c9tats-Unis et le pays faisant partie de la convention (plus de  50 % des \u00e9changes doivent \u00eatre en direction des USA) ;<\/li>\n\n\n\n<li>le demandeur du visa doit avoir le statut de cadre et doit poss\u00e9der des comp\u00e9tences hautement sp\u00e9cialis\u00e9es, tout comme pour <a href=\"https:\/\/www.esta-officiel-usa.com\/fr\/trouver-un-emploi-aux-usa-grace-au-visa-h1b\/\">le visa H1-B<\/a>.<\/li>\n<\/ul>\n\n\n\n<h3 class=\"wp-block-heading\">Conditions d\u2019obtention du visa de cat\u00e9gorie E2<\/h3>\n\n\n\n<ul class=\"wp-block-list\">\n<li>l\u2019investisseur (soit une personne physique, soit une personne <br>morale) doit \u00eatre citoyen d\u2019un pays qui fait partie de la convention.<\/li>\n\n\n\n<li>l\u2019investissement doit \u00eatre consid\u00e9rable et suffisant pour assurer la p\u00e9rennit\u00e9 de l\u2019entreprise.<\/li>\n\n\n\n<li>l\u2019investissement ne doit pas \u00eatre sp\u00e9culatif ni dormant.<\/li>\n\n\n\n<li>l\u2019investissement doit g\u00e9n\u00e9rer consid\u00e9rablement plus de revenus <br>qu\u2019il n\u2019est n\u00e9cessaire pour faire vivre l\u2019investisseur et sa famille.<\/li>\n\n\n\n<li>le demandeur doit, soit \u00eatre l\u2019un des investisseurs principaux ou <br>soit \u00eatre employ\u00e9 comme cadre. Il doit venir aux \u00c9tats-Unis pour <br>d\u00e9velopper et diriger l\u2019entreprise.<\/li>\n<\/ul>\n\n\n\n<p>Le visa de cat\u00e9gorie E1 ou E2 permet \u00e0 la famille du d\u00e9tenteur du \nvisa de venir \u00e9galement vivre et travailler outre-Atlantique. De plus, \nIl donne la possibilit\u00e9 aux enfants d\u2019\u00e9tudier aux USA. Concernant la \ndur\u00e9e de validit\u00e9 du visa de cat\u00e9gorie E-1 ou E-2, le d\u00e9tenteur du visa \naura la possibilit\u00e9 de le renouveler tant que l\u2019entreprise existera et \nremplira les conditions pour l\u2019obtenir. Il n\u2019existe \u00e0 ce jour, aucune \nlimite de renouvellement.<\/p>\n","protected":false},"excerpt":{"rendered":"<p>Obtenir un visa E1 ou E2 pour investir aux USA Alors qu\u2019un simple ESTA suffit pour se rendre en vacances ou pour effectuer un voyage d\u2019affaires aux \u00c9tats-Unis, partir vivre aux USA et notamment y travailler requiert l\u2019obtention d\u2019un visa. Il existe plusieurs types de visas sp\u00e9cifiques \u00e0 chaque cas. Dans cet article, nous allons [&hellip;]<\/p>\n","protected":false},"author":1,"featured_media":0,"parent":0,"menu_order":0,"comment_status":"closed","ping_status":"closed","template":"","meta":{"footnotes":""},"class_list":["post-323","page","type-page","status-publish","hentry"],"yoast_head":"<!-- This site is optimized with the Yoast SEO plugin v26.2 - https:\/\/yoast.com\/wordpress\/plugins\/seo\/ -->\n<title>Investir aux USA avec le visa E1\/E2<\/title>\n<meta name=\"description\" content=\"Partir vivre aux USA et notamment y travailler requiert l\u2019obtention d\u2019un visa. Nous allons nous vous pr\u00e9senter les Visa E1 (commerce) et E2 (investisseur)\" \/>\n<meta name=\"robots\" content=\"index, follow, max-snippet:-1, max-image-preview:large, max-video-preview:-1\" \/>\n<link rel=\"canonical\" href=\"https:\/\/www.esta-officiel-usa.com\/fr\/comment-faire-pour-investir-aux-etats-unis-avec-le-visa-e1-e2\/\" \/>\n<meta property=\"og:locale\" content=\"fr_FR\" \/>\n<meta property=\"og:type\" content=\"article\" \/>\n<meta property=\"og:title\" content=\"Investir aux USA avec le visa E1\/E2\" \/>\n<meta property=\"og:description\" content=\"Partir vivre aux USA et notamment y travailler requiert l\u2019obtention d\u2019un visa. Nous allons nous vous pr\u00e9senter les Visa E1 (commerce) et E2 (investisseur)\" \/>\n<meta property=\"og:url\" content=\"https:\/\/www.esta-officiel-usa.com\/fr\/comment-faire-pour-investir-aux-etats-unis-avec-le-visa-e1-e2\/\" \/>\n<meta property=\"og:site_name\" content=\"ESTA - Etats-Unis\" \/>\n<meta property=\"article:modified_time\" content=\"2024-04-12T09:50:31+00:00\" \/>\n<meta name=\"twitter:card\" content=\"summary_large_image\" \/>\n<meta name=\"twitter:label1\" content=\"Dur\u00e9e de lecture estim\u00e9e\" \/>\n\t<meta name=\"twitter:data1\" content=\"5 minutes\" \/>\n<script type=\"application\/ld+json\" class=\"yoast-schema-graph\">{\"@context\":\"https:\/\/schema.org\",\"@graph\":[{\"@type\":\"WebPage\",\"@id\":\"https:\/\/www.esta-officiel-usa.com\/fr\/comment-faire-pour-investir-aux-etats-unis-avec-le-visa-e1-e2\/\",\"url\":\"https:\/\/www.esta-officiel-usa.com\/fr\/comment-faire-pour-investir-aux-etats-unis-avec-le-visa-e1-e2\/\",\"name\":\"Investir aux USA avec le visa E1\/E2\",\"isPartOf\":{\"@id\":\"https:\/\/www.esta-officiel-usa.com\/fr\/#website\"},\"datePublished\":\"2020-01-29T17:58:15+00:00\",\"dateModified\":\"2024-04-12T09:50:31+00:00\",\"description\":\"Partir vivre aux USA et notamment y travailler requiert l\u2019obtention d\u2019un visa. Nous allons nous vous pr\u00e9senter les Visa E1 (commerce) et E2 (investisseur)\",\"breadcrumb\":{\"@id\":\"https:\/\/www.esta-officiel-usa.com\/fr\/comment-faire-pour-investir-aux-etats-unis-avec-le-visa-e1-e2\/#breadcrumb\"},\"inLanguage\":\"fr-FR\",\"potentialAction\":[{\"@type\":\"ReadAction\",\"target\":[\"https:\/\/www.esta-officiel-usa.com\/fr\/comment-faire-pour-investir-aux-etats-unis-avec-le-visa-e1-e2\/\"]}]},{\"@type\":\"BreadcrumbList\",\"@id\":\"https:\/\/www.esta-officiel-usa.com\/fr\/comment-faire-pour-investir-aux-etats-unis-avec-le-visa-e1-e2\/#breadcrumb\",\"itemListElement\":[{\"@type\":\"ListItem\",\"position\":1,\"name\":\"Home\",\"item\":\"https:\/\/www.esta-officiel-usa.com\/fr\/\"},{\"@type\":\"ListItem\",\"position\":2,\"name\":\"Investir aux USA avec le visa E1\/E2\"}]},{\"@type\":\"WebSite\",\"@id\":\"https:\/\/www.esta-officiel-usa.com\/fr\/#website\",\"url\":\"https:\/\/www.esta-officiel-usa.com\/fr\/\",\"name\":\"ESTA - Etats-Unis\",\"description\":\"Formulaire de demande ESTA\",\"potentialAction\":[{\"@type\":\"SearchAction\",\"target\":{\"@type\":\"EntryPoint\",\"urlTemplate\":\"https:\/\/www.esta-officiel-usa.com\/fr\/?s={search_term_string}\"},\"query-input\":{\"@type\":\"PropertyValueSpecification\",\"valueRequired\":true,\"valueName\":\"search_term_string\"}}],\"inLanguage\":\"fr-FR\"}]}<\/script>\n<!-- \/ Yoast SEO plugin. -->","yoast_head_json":{"title":"Investir aux USA avec le visa E1\/E2","description":"Partir vivre aux USA et notamment y travailler requiert l\u2019obtention d\u2019un visa. Nous allons nous vous pr\u00e9senter les Visa E1 (commerce) et E2 (investisseur)","robots":{"index":"index","follow":"follow","max-snippet":"max-snippet:-1","max-image-preview":"max-image-preview:large","max-video-preview":"max-video-preview:-1"},"canonical":"https:\/\/www.esta-officiel-usa.com\/fr\/comment-faire-pour-investir-aux-etats-unis-avec-le-visa-e1-e2\/","og_locale":"fr_FR","og_type":"article","og_title":"Investir aux USA avec le visa E1\/E2","og_description":"Partir vivre aux USA et notamment y travailler requiert l\u2019obtention d\u2019un visa. Nous allons nous vous pr\u00e9senter les Visa E1 (commerce) et E2 (investisseur)","og_url":"https:\/\/www.esta-officiel-usa.com\/fr\/comment-faire-pour-investir-aux-etats-unis-avec-le-visa-e1-e2\/","og_site_name":"ESTA - Etats-Unis","article_modified_time":"2024-04-12T09:50:31+00:00","twitter_card":"summary_large_image","twitter_misc":{"Dur\u00e9e de lecture estim\u00e9e":"5 minutes"},"schema":{"@context":"https:\/\/schema.org","@graph":[{"@type":"WebPage","@id":"https:\/\/www.esta-officiel-usa.com\/fr\/comment-faire-pour-investir-aux-etats-unis-avec-le-visa-e1-e2\/","url":"https:\/\/www.esta-officiel-usa.com\/fr\/comment-faire-pour-investir-aux-etats-unis-avec-le-visa-e1-e2\/","name":"Investir aux USA avec le visa E1\/E2","isPartOf":{"@id":"https:\/\/www.esta-officiel-usa.com\/fr\/#website"},"datePublished":"2020-01-29T17:58:15+00:00","dateModified":"2024-04-12T09:50:31+00:00","description":"Partir vivre aux USA et notamment y travailler requiert l\u2019obtention d\u2019un visa. Nous allons nous vous pr\u00e9senter les Visa E1 (commerce) et E2 (investisseur)","breadcrumb":{"@id":"https:\/\/www.esta-officiel-usa.com\/fr\/comment-faire-pour-investir-aux-etats-unis-avec-le-visa-e1-e2\/#breadcrumb"},"inLanguage":"fr-FR","potentialAction":[{"@type":"ReadAction","target":["https:\/\/www.esta-officiel-usa.com\/fr\/comment-faire-pour-investir-aux-etats-unis-avec-le-visa-e1-e2\/"]}]},{"@type":"BreadcrumbList","@id":"https:\/\/www.esta-officiel-usa.com\/fr\/comment-faire-pour-investir-aux-etats-unis-avec-le-visa-e1-e2\/#breadcrumb","itemListElement":[{"@type":"ListItem","position":1,"name":"Home","item":"https:\/\/www.esta-officiel-usa.com\/fr\/"},{"@type":"ListItem","position":2,"name":"Investir aux USA avec le visa E1\/E2"}]},{"@type":"WebSite","@id":"https:\/\/www.esta-officiel-usa.com\/fr\/#website","url":"https:\/\/www.esta-officiel-usa.com\/fr\/","name":"ESTA - Etats-Unis","description":"Formulaire de demande ESTA","potentialAction":[{"@type":"SearchAction","target":{"@type":"EntryPoint","urlTemplate":"https:\/\/www.esta-officiel-usa.com\/fr\/?s={search_term_string}"},"query-input":{"@type":"PropertyValueSpecification","valueRequired":true,"valueName":"search_term_string"}}],"inLanguage":"fr-FR"}]}},"_links":{"self":[{"href":"https:\/\/www.esta-officiel-usa.com\/fr\/wp-json\/wp\/v2\/pages\/323","targetHints":{"allow":["GET"]}}],"collection":[{"href":"https:\/\/www.esta-officiel-usa.com\/fr\/wp-json\/wp\/v2\/pages"}],"about":[{"href":"https:\/\/www.esta-officiel-usa.com\/fr\/wp-json\/wp\/v2\/types\/page"}],"author":[{"embeddable":true,"href":"https:\/\/www.esta-officiel-usa.com\/fr\/wp-json\/wp\/v2\/users\/1"}],"replies":[{"embeddable":true,"href":"https:\/\/www.esta-officiel-usa.com\/fr\/wp-json\/wp\/v2\/comments?post=323"}],"version-history":[{"count":4,"href":"https:\/\/www.esta-officiel-usa.com\/fr\/wp-json\/wp\/v2\/pages\/323\/revisions"}],"predecessor-version":[{"id":821,"href":"https:\/\/www.esta-officiel-usa.com\/fr\/wp-json\/wp\/v2\/pages\/323\/revisions\/821"}],"wp:attachment":[{"href":"https:\/\/www.esta-officiel-usa.com\/fr\/wp-json\/wp\/v2\/media?parent=323"}],"curies":[{"name":"wp","href":"https:\/\/api.w.org\/{rel}","templated":true}]}}