{"id":325,"date":"2020-01-29T18:06:38","date_gmt":"2020-01-29T18:06:38","guid":{"rendered":"http:\/\/www.esta-officiel-usa.com\/?page_id=325"},"modified":"2020-02-01T15:25:28","modified_gmt":"2020-02-01T15:25:28","slug":"quels-sont-les-differents-visas-pour-les-usa","status":"publish","type":"page","link":"https:\/\/www.esta-officiel-usa.com\/fr\/quels-sont-les-differents-visas-pour-les-usa\/","title":{"rendered":"Les principaux visas pour les Etats-Unis"},"content":{"rendered":"\n<h1 class=\"wp-block-heading\">Les diff\u00e9rents visas pour se rendre aux USA<\/h1>\n\n\n\n<p>Aller aux \u00c9tats-Unis n\u2019est pas une mince affaire, mais c\u2019est une mission tout de m\u00eame r\u00e9alisable. Il y a quelques d\u00e9marches administratives \u00e0 faire avant le d\u00e9part afin de se rendre aux USA en toute l\u00e9galit\u00e9 et s\u00e9r\u00e9nit\u00e9.<\/p>\n\n\n\n<p>Dans le but de prot\u00e9ger le pays et de renforcer la s\u00e9curit\u00e9 int\u00e9rieure, la politique d&rsquo;immigration am\u00e9ricaine est assez s\u00e9v\u00e8re : toute demande d\u2019entr\u00e9e sur le sol am\u00e9ricain s\u2019effectue par le biais d\u2019un visa pour USA ou d\u2019un <a href=\"https:\/\/www.esta-officiel-usa.com\/fr\/\">ESTA<\/a>. Retrouvez dans cet article les diff\u00e9rents visas disponibles pour s\u00e9journer aux \u00c9tats-Unis.<\/p>\n\n\n\n<h2 class=\"wp-block-heading\">Quelles sont les diff\u00e9rentes d\u00e9marches pour obtenir un visa ?<\/h2>\n\n\n\n<p>Vous \u00eates dans l\u2019obligation d\u2019obtenir une autorisation de s\u00e9journer  sur le territoire am\u00e9ricain, et ce, avant votre d\u00e9part. Pour ce faire, il faudra vous rendre \u00e0 l\u2019ambassade des USA la plus proche de votre lieu de r\u00e9sidence, apr\u00e8s avoir pr\u00e9alablement pris rendez-vous.<\/p>\n\n\n\n<p>Il existe diff\u00e9rents visas, adapt\u00e9s \u00e0 chaque type de s\u00e9jour (tourisme, travail, stage aux USA, \u00e9tudes, etc. ) et \u00e0 votre profil.<\/p>\n\n\n\n<p>L\u2019entretien \u00e0 l\u2019ambassade am\u00e9ricaine ou au consulat am\u00e9ricain est une  \u00e9tape importante et in\u00e9vitable dans le processus de demande de visa. Il  faudra, en anglais, expliquer les diff\u00e9rentes raisons qui vous motivent \u00e0 vous rendre aux USA (un niveau d\u2019anglais correct est donc exig\u00e9) : il faudra bien pr\u00e9parer cette \u00e9tape afin de ne pas faire face \u00e0 un refus de la part des autorit\u00e9s am\u00e9ricaines.<\/p>\n\n\n\n<p>Veillez \u00e0 bien prendre avec vous votre passeport \u00e9lectronique ou passeport biom\u00e9trique (avec empreintes digitales) en cours de validit\u00e9 et autres documents n\u00e9cessaires tout en pr\u00e9parant bien vos r\u00e9ponses aux questions qui vous seront pos\u00e9es.<\/p>\n\n\n\n<h2 class=\"wp-block-heading\">Quels sont les diff\u00e9rents visas USA ?<\/h2>\n\n\n\n<p>Comme mentionn\u00e9 pr\u00e9c\u00e9demment, il existe de nombreux types de visa,  adapt\u00e9s \u00e0 chaque situation. Voici un tableau r\u00e9capitulatif des diff\u00e9rents <a href=\"https:\/\/www.esta-officiel-usa.com\/fr\/la-liste-des-visas-pour-les-usa\/\">visas USA<\/a> qui existent actuellement pour se rendre aux \u00c9tats-Unis.<\/p>\n\n\n\n<figure class=\"wp-block-table\"><table class=\"\"><tbody><tr><td><strong>visa <\/strong><\/td><td><strong> Motifs du voyage <\/strong><\/td><\/tr><tr><td>\n\t\t\tB1\n\t\t\t<\/td><td>\n\t\t\tVoyage d\u2019affaires\n\t\t\t<\/td><\/tr><tr><td>\n\t\t\tB2\n\t\t\t<\/td><td>\n\t\t\tVisite touristique (visa touristique)\n\t\t\t<\/td><\/tr><tr><td>\n\t\t\tB2\n\t\t\t<\/td><td>\n\t\t\tS\u00e9jour pour traitements m\u00e9dicaux\n\t\t\t<\/td><\/tr><tr><td>\n\t\t\tC\n\t\t\t<\/td><td>\n\t\t\tEscale ou transit pour les \u00c9tats-Unis\n\t\t\t<\/td><\/tr><tr><td> <a href=\"https:\/\/www.esta-officiel-usa.com\/fr\/demande-de-visa-f1-pour-les-usa\/\">F<\/a>, M <\/td><td>\n\t\t\tvisa pour \u00e9tudier aux USA\n\t\t\t<\/td><\/tr><tr><td> <a href=\"https:\/\/www.esta-officiel-usa.com\/fr\/lessentiel-que-vous-devez-connaitre-sur-le-visa-j1-pour-les-usa\/\">J1<\/a>, Q <\/td><td>\n\t\t\tvisa pour les professeurs, les enseignants et pour faire un stage\n\t\t\t<\/td><\/tr><tr><td>\n\t\t\tK\n\t\t\t<\/td><td>\n\t\t\tvisa pour \u00e9poux\/\u00e9pouse d\u2019un citoyen am\u00e9ricain\n\t\t\t<\/td><\/tr><tr><td> <a href=\"https:\/\/www.esta-officiel-usa.com\/fr\/aller-aux-usa-en-tant-quathlete-ou-artiste-avec-un-visa-o-et-p\/\">O et P<\/a> <\/td><td>\n\t\t\tvisa pour comp\u00e9tences extraordinaires (artistes, sportifs, scientifiques,&#8230;)\n\t\t\t<\/td><\/tr><tr><td>\n\t\t\tR\n\t\t\t<\/td><td>\n\t\t\tvisa pour religieux\n\t\t\t<\/td><\/tr><tr><td>\n\t\t\tBCC\n\t\t\t<\/td><td>\n\t\t\tvisa pour le passage de fronti\u00e8re en venant du Mexique\n\t\t\t<\/td><\/tr><tr><td>\n\t\t\tD\n\t\t\t<\/td><td>\n\t\t\tvisa pour membres d\u2019\u00e9quipage (avion, bateau)\n\t\t\t<\/td><\/tr><tr><td>\n\t\t\tH-1B\n\t\t\t<\/td><td>\n\t\t\tvisa pour travailleur sp\u00e9cialis\u00e9\n\t\t\t<\/td><\/tr><tr><td>\n\t\t\tH-2A\n\t\t\t<\/td><td>\n\t\t\tvisa pour travailleur en agriculture\n\t\t\t<\/td><\/tr><\/tbody><\/table><\/figure>\n\n\n\n<p>Il existe donc pas mal de diff\u00e9rents visas, en fonction de votre  situation : si vous souhaitez travailler aux USA, il faudra faire une  demande de visa H1B (permis de travail). Si vous comptez cr\u00e9er une  entreprise, il faudra faire la demande du visa E1\/E2 (visa  investisseur).<\/p>\n\n\n\n<p>Pour ceux qui veulent s&rsquo;expatrier dans le but d\u2019\u00e9tudier dans une  grande universit\u00e9 am\u00e9ricaine, il faudra faire la demande du visa F ou du visa M.<\/p>\n\n\n\n<h2 class=\"wp-block-heading\">Quelles sont les alternatives au visa pour USA ?<\/h2>\n\n\n\n<p>Il existe des alternatives aux diff\u00e9rents visas am\u00e9ricain, afin de vivre aux USA plus ou moins longtemps.<\/p>\n\n\n\n<h3 class=\"wp-block-heading\">L\u2019ESTA comme alternative au visa pour USA<\/h3>\n\n\n\n<p>L\u2019autorisation ESTA est un syst\u00e8me \u00e9lectronique d\u2019autorisation de  voyage qui permet \u00e0 son d\u00e9tenteur de se rendre aux USA sans devoir  demander un visa pour USA. Il est disponible pour les ressortissants des  pays faisant partie du Visa Waiver Program (VWP). Actuellement, <a href=\"https:\/\/www.esta-officiel-usa.com\/fr\/les-38-pays-partenaires-du-visa-waiver-program\/\">38 pays<\/a> en font partie, dont la France et la Belgique.<\/p>\n\n\n\n<p>Il faut pour cela faire une demande en ligne via le site officiel du \ngouvernement am\u00e9ricain ou faire appel \u00e0 un site ind\u00e9pendant qui vous \naidera dans la d\u00e9marche et v\u00e9rifiera vos donn\u00e9es.<\/p>\n\n\n\n<h3 class=\"wp-block-heading\">La green Card ou carte verte<\/h3>\n\n\n\n<p>La Green Card est une carte de r\u00e9sident am\u00e9ricaine qui permet de  vivre aux USA de mani\u00e8re permanente. Les personnes poss\u00e9dant ce document  n\u2019ont pas le statut de citoyen am\u00e9ricain, mais peuvent travailler aux  \u00c9tats-Unis et s\u2019y installer de mani\u00e8re tout \u00e0 fait l\u00e9gale sans avoir  besoin de visa. Ce document peut \u00eatre obtenu de diff\u00e9rentes mani\u00e8res,  par exemple via son employeur, sa famille ou encore gr\u00e2ce \u00e0 des  comp\u00e9tences exceptionnelles. Il existe \u00e9galement un syst\u00e8me de <a href=\"https:\/\/www.esta-officiel-usa.com\/fr\/obtenir-une-green-card-par-la-loterie\/\">loterie green card<\/a> qui permet \u00e0 des millions d\u2019immigrants de par le monde de r\u00e9aliser leur r\u00eave am\u00e9ricain.<\/p>\n\n\n\n<p>Si vous comptez vous immigrer aux USA, n\u2019h\u00e9sitez pas \u00e0 prendre \ncontact avec notre \u00e9quipe pour toute question relative \u00e0 l\u2019expatriation,\n \u00e0 la demande d\u2019ESTA ou au visa pour USA.<\/p>\n","protected":false},"excerpt":{"rendered":"<p>Les diff\u00e9rents visas pour se rendre aux USA Aller aux \u00c9tats-Unis n\u2019est pas une mince affaire, mais c\u2019est une mission tout de m\u00eame r\u00e9alisable. Il y a quelques d\u00e9marches administratives \u00e0 faire avant le d\u00e9part afin de se rendre aux USA en toute l\u00e9galit\u00e9 et s\u00e9r\u00e9nit\u00e9. Dans le but de prot\u00e9ger le pays et de [&hellip;]<\/p>\n","protected":false},"author":1,"featured_media":0,"parent":0,"menu_order":0,"comment_status":"closed","ping_status":"closed","template":"","meta":{"footnotes":""},"class_list":["post-325","page","type-page","status-publish","hentry"],"yoast_head":"<!-- This site is optimized with the Yoast SEO plugin v26.2 - https:\/\/yoast.com\/wordpress\/plugins\/seo\/ -->\n<title>Les principaux visas pour les Etats-Unis<\/title>\n<meta name=\"description\" content=\"Nous allons vous pr\u00e9senter les principaux visas qui existe pour vous rendre aux Etats-Unis\" \/>\n<meta name=\"robots\" content=\"index, follow, max-snippet:-1, max-image-preview:large, max-video-preview:-1\" \/>\n<link rel=\"canonical\" href=\"https:\/\/www.esta-officiel-usa.com\/fr\/quels-sont-les-differents-visas-pour-les-usa\/\" \/>\n<meta property=\"og:locale\" content=\"fr_FR\" \/>\n<meta property=\"og:type\" content=\"article\" \/>\n<meta property=\"og:title\" content=\"Les principaux visas pour les Etats-Unis\" \/>\n<meta property=\"og:description\" content=\"Nous allons vous pr\u00e9senter les principaux visas qui existe pour vous rendre aux Etats-Unis\" \/>\n<meta property=\"og:url\" content=\"https:\/\/www.esta-officiel-usa.com\/fr\/quels-sont-les-differents-visas-pour-les-usa\/\" \/>\n<meta property=\"og:site_name\" content=\"ESTA - Etats-Unis\" \/>\n<meta property=\"article:modified_time\" content=\"2020-02-01T15:25:28+00:00\" \/>\n<meta name=\"twitter:card\" content=\"summary_large_image\" \/>\n<meta name=\"twitter:label1\" content=\"Dur\u00e9e de lecture estim\u00e9e\" \/>\n\t<meta name=\"twitter:data1\" content=\"4 minutes\" \/>\n<script type=\"application\/ld+json\" class=\"yoast-schema-graph\">{\"@context\":\"https:\/\/schema.org\",\"@graph\":[{\"@type\":\"WebPage\",\"@id\":\"https:\/\/www.esta-officiel-usa.com\/fr\/quels-sont-les-differents-visas-pour-les-usa\/\",\"url\":\"https:\/\/www.esta-officiel-usa.com\/fr\/quels-sont-les-differents-visas-pour-les-usa\/\",\"name\":\"Les principaux visas pour les Etats-Unis\",\"isPartOf\":{\"@id\":\"https:\/\/www.esta-officiel-usa.com\/fr\/#website\"},\"datePublished\":\"2020-01-29T18:06:38+00:00\",\"dateModified\":\"2020-02-01T15:25:28+00:00\",\"description\":\"Nous allons vous pr\u00e9senter les principaux visas qui existe pour vous rendre aux Etats-Unis\",\"breadcrumb\":{\"@id\":\"https:\/\/www.esta-officiel-usa.com\/fr\/quels-sont-les-differents-visas-pour-les-usa\/#breadcrumb\"},\"inLanguage\":\"fr-FR\",\"potentialAction\":[{\"@type\":\"ReadAction\",\"target\":[\"https:\/\/www.esta-officiel-usa.com\/fr\/quels-sont-les-differents-visas-pour-les-usa\/\"]}]},{\"@type\":\"BreadcrumbList\",\"@id\":\"https:\/\/www.esta-officiel-usa.com\/fr\/quels-sont-les-differents-visas-pour-les-usa\/#breadcrumb\",\"itemListElement\":[{\"@type\":\"ListItem\",\"position\":1,\"name\":\"Home\",\"item\":\"https:\/\/www.esta-officiel-usa.com\/fr\/\"},{\"@type\":\"ListItem\",\"position\":2,\"name\":\"Les principaux visas pour les Etats-Unis\"}]},{\"@type\":\"WebSite\",\"@id\":\"https:\/\/www.esta-officiel-usa.com\/fr\/#website\",\"url\":\"https:\/\/www.esta-officiel-usa.com\/fr\/\",\"name\":\"ESTA - Etats-Unis\",\"description\":\"Formulaire de demande ESTA\",\"potentialAction\":[{\"@type\":\"SearchAction\",\"target\":{\"@type\":\"EntryPoint\",\"urlTemplate\":\"https:\/\/www.esta-officiel-usa.com\/fr\/?s={search_term_string}\"},\"query-input\":{\"@type\":\"PropertyValueSpecification\",\"valueRequired\":true,\"valueName\":\"search_term_string\"}}],\"inLanguage\":\"fr-FR\"}]}<\/script>\n<!-- \/ Yoast SEO plugin. -->","yoast_head_json":{"title":"Les principaux visas pour les Etats-Unis","description":"Nous allons vous pr\u00e9senter les principaux visas qui existe pour vous rendre aux Etats-Unis","robots":{"index":"index","follow":"follow","max-snippet":"max-snippet:-1","max-image-preview":"max-image-preview:large","max-video-preview":"max-video-preview:-1"},"canonical":"https:\/\/www.esta-officiel-usa.com\/fr\/quels-sont-les-differents-visas-pour-les-usa\/","og_locale":"fr_FR","og_type":"article","og_title":"Les principaux visas pour les Etats-Unis","og_description":"Nous allons vous pr\u00e9senter les principaux visas qui existe pour vous rendre aux Etats-Unis","og_url":"https:\/\/www.esta-officiel-usa.com\/fr\/quels-sont-les-differents-visas-pour-les-usa\/","og_site_name":"ESTA - Etats-Unis","article_modified_time":"2020-02-01T15:25:28+00:00","twitter_card":"summary_large_image","twitter_misc":{"Dur\u00e9e de lecture estim\u00e9e":"4 minutes"},"schema":{"@context":"https:\/\/schema.org","@graph":[{"@type":"WebPage","@id":"https:\/\/www.esta-officiel-usa.com\/fr\/quels-sont-les-differents-visas-pour-les-usa\/","url":"https:\/\/www.esta-officiel-usa.com\/fr\/quels-sont-les-differents-visas-pour-les-usa\/","name":"Les principaux visas pour les Etats-Unis","isPartOf":{"@id":"https:\/\/www.esta-officiel-usa.com\/fr\/#website"},"datePublished":"2020-01-29T18:06:38+00:00","dateModified":"2020-02-01T15:25:28+00:00","description":"Nous allons vous pr\u00e9senter les principaux visas qui existe pour vous rendre aux Etats-Unis","breadcrumb":{"@id":"https:\/\/www.esta-officiel-usa.com\/fr\/quels-sont-les-differents-visas-pour-les-usa\/#breadcrumb"},"inLanguage":"fr-FR","potentialAction":[{"@type":"ReadAction","target":["https:\/\/www.esta-officiel-usa.com\/fr\/quels-sont-les-differents-visas-pour-les-usa\/"]}]},{"@type":"BreadcrumbList","@id":"https:\/\/www.esta-officiel-usa.com\/fr\/quels-sont-les-differents-visas-pour-les-usa\/#breadcrumb","itemListElement":[{"@type":"ListItem","position":1,"name":"Home","item":"https:\/\/www.esta-officiel-usa.com\/fr\/"},{"@type":"ListItem","position":2,"name":"Les principaux visas pour les Etats-Unis"}]},{"@type":"WebSite","@id":"https:\/\/www.esta-officiel-usa.com\/fr\/#website","url":"https:\/\/www.esta-officiel-usa.com\/fr\/","name":"ESTA - Etats-Unis","description":"Formulaire de demande ESTA","potentialAction":[{"@type":"SearchAction","target":{"@type":"EntryPoint","urlTemplate":"https:\/\/www.esta-officiel-usa.com\/fr\/?s={search_term_string}"},"query-input":{"@type":"PropertyValueSpecification","valueRequired":true,"valueName":"search_term_string"}}],"inLanguage":"fr-FR"}]}},"_links":{"self":[{"href":"https:\/\/www.esta-officiel-usa.com\/fr\/wp-json\/wp\/v2\/pages\/325","targetHints":{"allow":["GET"]}}],"collection":[{"href":"https:\/\/www.esta-officiel-usa.com\/fr\/wp-json\/wp\/v2\/pages"}],"about":[{"href":"https:\/\/www.esta-officiel-usa.com\/fr\/wp-json\/wp\/v2\/types\/page"}],"author":[{"embeddable":true,"href":"https:\/\/www.esta-officiel-usa.com\/fr\/wp-json\/wp\/v2\/users\/1"}],"replies":[{"embeddable":true,"href":"https:\/\/www.esta-officiel-usa.com\/fr\/wp-json\/wp\/v2\/comments?post=325"}],"version-history":[{"count":5,"href":"https:\/\/www.esta-officiel-usa.com\/fr\/wp-json\/wp\/v2\/pages\/325\/revisions"}],"predecessor-version":[{"id":505,"href":"https:\/\/www.esta-officiel-usa.com\/fr\/wp-json\/wp\/v2\/pages\/325\/revisions\/505"}],"wp:attachment":[{"href":"https:\/\/www.esta-officiel-usa.com\/fr\/wp-json\/wp\/v2\/media?parent=325"}],"curies":[{"name":"wp","href":"https:\/\/api.w.org\/{rel}","templated":true}]}}