{"id":33,"date":"2020-01-16T12:47:14","date_gmt":"2020-01-16T12:47:14","guid":{"rendered":"http:\/\/esta-officiel-usa.com\/?page_id=33"},"modified":"2024-04-12T07:35:22","modified_gmt":"2024-04-12T07:35:22","slug":"comment-faire-une-demande-esta-officiel","status":"publish","type":"page","link":"https:\/\/www.esta-officiel-usa.com\/fr\/comment-faire-une-demande-esta-officiel\/","title":{"rendered":"Comment faire une demande d&rsquo;ESTA officiel"},"content":{"rendered":"\n<h1 class=\"wp-block-heading\">R\u00c9ALISER UNE DEMANDE D\u2019ESTA OFFICIEL<\/h1>\n\n\n\n<p>Tous les voyageurs d\u00e9sirant visiter les \u00c9tats-Unis doivent pr\u00e9alablement obtenir un visa USA ou une autorisation de voyage ESTA. Si vous \u00eates ressortissant de l\u2019un des pays participant au Visa Waiver Program, vous \u00eates alors tenu de faire une demande d\u2019ESTA officiel. Nous allons vous expliquer le processus au travers de ce guide pour obtenir votre document.<\/p>\n\n\n\n<h2 class=\"wp-block-heading\">QUELS SONT LES PR\u00c9REQUIS POUR UNE DEMANDE D\u2019ESTA OFFICIEL ?<\/h2>\n\n\n\n<p>Avant d\u2019entamer la d\u00e9marche, il est important de conna\u00eetre les conditions d\u2019obtention de l\u2019ESTA officiel afin d\u2019\u00e9viter un refus de votre demande par le gouvernement am\u00e9ricain. Comme mentionn\u00e9 pr\u00e9c\u00e9demment, seuls les ressortissants des pays participant au\u00a0<a href=\"https:\/\/www.esta-officiel-usa.com\/fr\/les-38-pays-partenaires-du-visa-waiver-program\/\">Visa Waiver Program<\/a>\u00a0peuvent postuler pour obtenir un ESTA. Les personnes \u00e9ligibles peuvent alors voyager vers les \u00c9tats-Unis, pour des motifs touristiques ou d&rsquo;affaires, pour des s\u00e9jours de 90 jours cons\u00e9cutifs maximum.<\/p>\n\n\n\n<ul class=\"wp-block-list\">\n<li>Pour le tourisme : voyager dans tout le pays, seul ou en groupe, rendre visite \u00e0 des proches, participer \u00e0 des activit\u00e9s culturelles vari\u00e9es, visiter les\u00a0<a href=\"https:\/\/www.esta-officiel-usa.com\/fr\/visite-des-parcs-nationaux-aux-etats-unis\/\">parcs nationaux<\/a>, s\u2019inscrire \u00e0 des cours qui ne donnent pas de cr\u00e9dits pour obtenir un dipl\u00f4me universitaire, etc.<br>\u00a0<\/li>\n\n\n\n<li>Pour les affaires : assister \u00e0 des r\u00e9unions, signer des contrats avec des partenaires ou participer \u00e0 des formations de courte dur\u00e9e, non r\u00e9mun\u00e9r\u00e9es.<\/li>\n<\/ul>\n\n\n\n<p>Le&nbsp;<a href=\"https:\/\/www.esta-officiel-usa.com\/fr\/obtenir-le-certificat-esta\/\">certificat ESTA<\/a>&nbsp;demeure valide pour deux ans, permettant d\u2019entreprendre de multiples voyages ou&nbsp;simplement&nbsp;<a href=\"https:\/\/www.esta-officiel-usa.com\/fr\/esta-pour-transit-aux-etats-unis\/\">transiter<\/a>&nbsp;par les USA en utilisant la m\u00eame autorisation. Cependant, il existe une liste de pr\u00e9requis \u00e0 respecter afin de pouvoir obtenir l\u2019autorisation de voyage :<\/p>\n\n\n\n<ul class=\"wp-block-list\">\n<li>Le passeport doit \u00eatre de type \u00e9lectronique ou biom\u00e9trique, en provenance de l\u2019un des pays du VWP ;<\/li>\n\n\n\n<li>La p\u00e9riode de validit\u00e9 du passeport doit couvrir l\u2019int\u00e9gralit\u00e9 du voyage ;<\/li>\n\n\n\n<li>Le voyage n\u2019est pas pr\u00e9vu pour une dur\u00e9e sup\u00e9rieure \u00e0 90 jours ;<\/li>\n\n\n\n<li>Les billets d\u2019avion ou de croisi\u00e8re (aller-retour ou continuation) doivent \u00eatre achet\u00e9s au pr\u00e9alable de la demande ;<\/li>\n\n\n\n<li>La compagnie a\u00e9rienne ou maritime choisie doit \u00eatre reconnue et approuv\u00e9e par le gouvernement am\u00e9ricain.<\/li>\n<\/ul>\n\n\n\n<p>Si vous remplissez tous les crit\u00e8res impos\u00e9s par les autorit\u00e9s am\u00e9ricaines, vous pouvez alors faire une demande&nbsp;en remplissant le formulaire d\u00e9di\u00e9.<\/p>\n\n\n\n<h2 class=\"wp-block-heading\">COMMENT R\u00c9ALISER UNE DEMANDE D\u2019ESTA OFFICIEL ?<\/h2>\n\n\n\n<p>Une demande d\u2019ESTA officiel se r\u00e9alise uniquement\u00a0<a href=\"https:\/\/www.esta-officiel-usa.com\/fr\/obtenir-un-esta-en-ligne\/\">en ligne<\/a>\u00a0et n\u00e9cessite d\u2019avoir son passeport \u00e0 disposition ainsi qu&rsquo;une vingtaine de\u00a0minutes de temps libre. Elle n&rsquo;est pas\u00a0<a href=\"https:\/\/www.esta-officiel-usa.com\/fr\/lautorisation-esta-gratuit\/\">gratuite<\/a>\u00a0mais n&rsquo;est pas non plus tr\u00e8s on\u00e9reuse : 21 dollars. Vous pouvez acc\u00e9der au formulaire d&rsquo;autorisation de voyage\u00a0en passant par le site internet de la douane am\u00e9ricaine ou en faisant appel \u00e0\u00a0des soci\u00e9t\u00e9s priv\u00e9es sp\u00e9cialis\u00e9es. Si vous ne savez pas \u00e0 partir de\u00a0<a href=\"https:\/\/www.esta-officiel-usa.com\/fr\/quand-faire-la-demande-desta\/\">quand faire la demande ESTA<\/a>, gardez \u00e0 l&rsquo;esprit que le plus t\u00f4t est le mieux !\u00a0<\/p>\n\n\n\n<p>Le formulaire se d\u00e9compose en trois parties :<\/p>\n\n\n\n<ol class=\"wp-block-list\">\n<li>Premi\u00e8re partie : les informations sur votre identit\u00e9 (nom, pr\u00e9nom, date et lieu de naissance, sexe, etc.) ;<\/li>\n\n\n\n<li>Deuxi\u00e8me partie : les informations relatives \u00e0 votre passeport (num\u00e9ro, date de d\u00e9livrance, date d\u2019expiration, etc.) ;<\/li>\n\n\n\n<li>Troisi\u00e8me partie : une s\u00e9rie de questions auxquelles il vous faudra r\u00e9pondre par oui ou par non concernant votre \u00e9tat de sant\u00e9 pr\u00e9sent et pass\u00e9, vos ant\u00e9c\u00e9dents judiciaires, ou si vous comptez commettre un acte terroriste sur le territoire am\u00e9ricain.<\/li>\n<\/ol>\n\n\n\n<p>Le gouvernement am\u00e9ricain prend la s\u00e9curit\u00e9 de son territoire tr\u00e8s au s\u00e9rieux et peut se montrer s\u00e9v\u00e8re concernant toute&nbsp;<a href=\"https:\/\/www.esta-officiel-usa.com\/fr\/\">demande ESTA<\/a> comportant des erreurs. En effet, il suffit d\u2019une simple erreur de frappe ou d\u2019un mauvais num\u00e9ro de passeport pour voir votre demande refus\u00e9e automatiquement. Pour mettre toutes vos chances de votre c\u00f4t\u00e9, vous pouvez faire appel \u00e0 notre \u00e9quipe d\u2019experts en formalit\u00e9s de voyage. Nous prenons en charge l\u2019int\u00e9gralit\u00e9 de votre d\u00e9marche et proc\u00e9dons \u00e0 la v\u00e9rification ainsi que la correction des informations transmises afin que votre dossier corresponde parfaitement aux attentes du gouvernement am\u00e9ricain. Nous garantissons le succ\u00e8s de votre demande d\u2019ESTA officiel ainsi que sa d\u00e9livrance directement dans votre boite mail. Des milliers de personnes nous font confiance chaque ann\u00e9e, pourquoi pas vous ?<\/p>\n","protected":false},"excerpt":{"rendered":"<p>R\u00c9ALISER UNE DEMANDE D\u2019ESTA OFFICIEL Tous les voyageurs d\u00e9sirant visiter les \u00c9tats-Unis doivent pr\u00e9alablement obtenir un visa USA ou une autorisation de voyage ESTA. Si vous \u00eates ressortissant de l\u2019un des pays participant au Visa Waiver Program, vous \u00eates alors tenu de faire une demande d\u2019ESTA officiel. Nous allons vous expliquer le processus au travers [&hellip;]<\/p>\n","protected":false},"author":1,"featured_media":0,"parent":0,"menu_order":0,"comment_status":"closed","ping_status":"closed","template":"","meta":{"footnotes":""},"class_list":["post-33","page","type-page","status-publish","hentry"],"yoast_head":"<!-- This site is optimized with the Yoast SEO plugin v26.2 - https:\/\/yoast.com\/wordpress\/plugins\/seo\/ -->\n<title>Comment faire une demande d&#039;ESTA officiel<\/title>\n<meta name=\"description\" content=\"Pour rentrer sur le territoire am\u00e9ricain vous devez vous munir au pr\u00e9alable d&#039;une autorisation ESTA officielle.\" \/>\n<meta name=\"robots\" content=\"index, follow, max-snippet:-1, max-image-preview:large, max-video-preview:-1\" \/>\n<link rel=\"canonical\" href=\"https:\/\/www.esta-officiel-usa.com\/fr\/comment-faire-une-demande-esta-officiel\/\" \/>\n<meta property=\"og:locale\" content=\"fr_FR\" \/>\n<meta property=\"og:type\" content=\"article\" \/>\n<meta property=\"og:title\" content=\"Comment faire une demande d&#039;ESTA officiel\" \/>\n<meta property=\"og:description\" content=\"Pour rentrer sur le territoire am\u00e9ricain vous devez vous munir au pr\u00e9alable d&#039;une autorisation ESTA officielle.\" \/>\n<meta property=\"og:url\" content=\"https:\/\/www.esta-officiel-usa.com\/fr\/comment-faire-une-demande-esta-officiel\/\" \/>\n<meta property=\"og:site_name\" content=\"ESTA - Etats-Unis\" \/>\n<meta property=\"article:modified_time\" content=\"2024-04-12T07:35:22+00:00\" \/>\n<meta name=\"twitter:card\" content=\"summary_large_image\" \/>\n<meta name=\"twitter:label1\" content=\"Dur\u00e9e de lecture estim\u00e9e\" \/>\n\t<meta name=\"twitter:data1\" content=\"4 minutes\" \/>\n<script type=\"application\/ld+json\" class=\"yoast-schema-graph\">{\"@context\":\"https:\/\/schema.org\",\"@graph\":[{\"@type\":\"WebPage\",\"@id\":\"https:\/\/www.esta-officiel-usa.com\/fr\/comment-faire-une-demande-esta-officiel\/\",\"url\":\"https:\/\/www.esta-officiel-usa.com\/fr\/comment-faire-une-demande-esta-officiel\/\",\"name\":\"Comment faire une demande d'ESTA officiel\",\"isPartOf\":{\"@id\":\"https:\/\/www.esta-officiel-usa.com\/fr\/#website\"},\"datePublished\":\"2020-01-16T12:47:14+00:00\",\"dateModified\":\"2024-04-12T07:35:22+00:00\",\"description\":\"Pour rentrer sur le territoire am\u00e9ricain vous devez vous munir au pr\u00e9alable d'une autorisation ESTA officielle.\",\"breadcrumb\":{\"@id\":\"https:\/\/www.esta-officiel-usa.com\/fr\/comment-faire-une-demande-esta-officiel\/#breadcrumb\"},\"inLanguage\":\"fr-FR\",\"potentialAction\":[{\"@type\":\"ReadAction\",\"target\":[\"https:\/\/www.esta-officiel-usa.com\/fr\/comment-faire-une-demande-esta-officiel\/\"]}]},{\"@type\":\"BreadcrumbList\",\"@id\":\"https:\/\/www.esta-officiel-usa.com\/fr\/comment-faire-une-demande-esta-officiel\/#breadcrumb\",\"itemListElement\":[{\"@type\":\"ListItem\",\"position\":1,\"name\":\"Home\",\"item\":\"https:\/\/www.esta-officiel-usa.com\/fr\/\"},{\"@type\":\"ListItem\",\"position\":2,\"name\":\"Comment faire une demande d&rsquo;ESTA officiel\"}]},{\"@type\":\"WebSite\",\"@id\":\"https:\/\/www.esta-officiel-usa.com\/fr\/#website\",\"url\":\"https:\/\/www.esta-officiel-usa.com\/fr\/\",\"name\":\"ESTA - Etats-Unis\",\"description\":\"Formulaire de demande ESTA\",\"potentialAction\":[{\"@type\":\"SearchAction\",\"target\":{\"@type\":\"EntryPoint\",\"urlTemplate\":\"https:\/\/www.esta-officiel-usa.com\/fr\/?s={search_term_string}\"},\"query-input\":{\"@type\":\"PropertyValueSpecification\",\"valueRequired\":true,\"valueName\":\"search_term_string\"}}],\"inLanguage\":\"fr-FR\"}]}<\/script>\n<!-- \/ Yoast SEO plugin. -->","yoast_head_json":{"title":"Comment faire une demande d'ESTA officiel","description":"Pour rentrer sur le territoire am\u00e9ricain vous devez vous munir au pr\u00e9alable d'une autorisation ESTA officielle.","robots":{"index":"index","follow":"follow","max-snippet":"max-snippet:-1","max-image-preview":"max-image-preview:large","max-video-preview":"max-video-preview:-1"},"canonical":"https:\/\/www.esta-officiel-usa.com\/fr\/comment-faire-une-demande-esta-officiel\/","og_locale":"fr_FR","og_type":"article","og_title":"Comment faire une demande d'ESTA officiel","og_description":"Pour rentrer sur le territoire am\u00e9ricain vous devez vous munir au pr\u00e9alable d'une autorisation ESTA officielle.","og_url":"https:\/\/www.esta-officiel-usa.com\/fr\/comment-faire-une-demande-esta-officiel\/","og_site_name":"ESTA - Etats-Unis","article_modified_time":"2024-04-12T07:35:22+00:00","twitter_card":"summary_large_image","twitter_misc":{"Dur\u00e9e de lecture estim\u00e9e":"4 minutes"},"schema":{"@context":"https:\/\/schema.org","@graph":[{"@type":"WebPage","@id":"https:\/\/www.esta-officiel-usa.com\/fr\/comment-faire-une-demande-esta-officiel\/","url":"https:\/\/www.esta-officiel-usa.com\/fr\/comment-faire-une-demande-esta-officiel\/","name":"Comment faire une demande d'ESTA officiel","isPartOf":{"@id":"https:\/\/www.esta-officiel-usa.com\/fr\/#website"},"datePublished":"2020-01-16T12:47:14+00:00","dateModified":"2024-04-12T07:35:22+00:00","description":"Pour rentrer sur le territoire am\u00e9ricain vous devez vous munir au pr\u00e9alable d'une autorisation ESTA officielle.","breadcrumb":{"@id":"https:\/\/www.esta-officiel-usa.com\/fr\/comment-faire-une-demande-esta-officiel\/#breadcrumb"},"inLanguage":"fr-FR","potentialAction":[{"@type":"ReadAction","target":["https:\/\/www.esta-officiel-usa.com\/fr\/comment-faire-une-demande-esta-officiel\/"]}]},{"@type":"BreadcrumbList","@id":"https:\/\/www.esta-officiel-usa.com\/fr\/comment-faire-une-demande-esta-officiel\/#breadcrumb","itemListElement":[{"@type":"ListItem","position":1,"name":"Home","item":"https:\/\/www.esta-officiel-usa.com\/fr\/"},{"@type":"ListItem","position":2,"name":"Comment faire une demande d&rsquo;ESTA officiel"}]},{"@type":"WebSite","@id":"https:\/\/www.esta-officiel-usa.com\/fr\/#website","url":"https:\/\/www.esta-officiel-usa.com\/fr\/","name":"ESTA - Etats-Unis","description":"Formulaire de demande ESTA","potentialAction":[{"@type":"SearchAction","target":{"@type":"EntryPoint","urlTemplate":"https:\/\/www.esta-officiel-usa.com\/fr\/?s={search_term_string}"},"query-input":{"@type":"PropertyValueSpecification","valueRequired":true,"valueName":"search_term_string"}}],"inLanguage":"fr-FR"}]}},"_links":{"self":[{"href":"https:\/\/www.esta-officiel-usa.com\/fr\/wp-json\/wp\/v2\/pages\/33","targetHints":{"allow":["GET"]}}],"collection":[{"href":"https:\/\/www.esta-officiel-usa.com\/fr\/wp-json\/wp\/v2\/pages"}],"about":[{"href":"https:\/\/www.esta-officiel-usa.com\/fr\/wp-json\/wp\/v2\/types\/page"}],"author":[{"embeddable":true,"href":"https:\/\/www.esta-officiel-usa.com\/fr\/wp-json\/wp\/v2\/users\/1"}],"replies":[{"embeddable":true,"href":"https:\/\/www.esta-officiel-usa.com\/fr\/wp-json\/wp\/v2\/comments?post=33"}],"version-history":[{"count":5,"href":"https:\/\/www.esta-officiel-usa.com\/fr\/wp-json\/wp\/v2\/pages\/33\/revisions"}],"predecessor-version":[{"id":769,"href":"https:\/\/www.esta-officiel-usa.com\/fr\/wp-json\/wp\/v2\/pages\/33\/revisions\/769"}],"wp:attachment":[{"href":"https:\/\/www.esta-officiel-usa.com\/fr\/wp-json\/wp\/v2\/media?parent=33"}],"curies":[{"name":"wp","href":"https:\/\/api.w.org\/{rel}","templated":true}]}}