{"id":330,"date":"2020-01-29T18:27:53","date_gmt":"2020-01-29T18:27:53","guid":{"rendered":"http:\/\/www.esta-officiel-usa.com\/?page_id=330"},"modified":"2020-02-01T10:17:16","modified_gmt":"2020-02-01T10:17:16","slug":"connaissez-vous-les-differences-entre-les-visas-j1-et-f1","status":"publish","type":"page","link":"https:\/\/www.esta-officiel-usa.com\/fr\/connaissez-vous-les-differences-entre-les-visas-j1-et-f1\/","title":{"rendered":"Pr\u00e9sentation des sp\u00e9cificit\u00e9s des visas J1 et F1"},"content":{"rendered":"\n<h1 class=\"wp-block-heading\">Visas J1 et F1 : quelle diff\u00e9rence ?<\/h1>\n\n\n\n<p>Si vous souhaitez partir aux USA dans le cadre de vos \u00e9tudes, vous avez probablement d\u00e9j\u00e0 entendu parler des visas J1 et F1, sans conna\u00eetre leur diff\u00e9rence.<\/p>\n\n\n\n<p>Si vous \u00eates \u00e9tudiant et que votre r\u00eave am\u00e9ricain est de venir \u00e9tudier ou avoir une exp\u00e9rience professionnelle aux USA, il faudra faire une demande de visa sp\u00e9cifique \u00e0 votre venue. Les \u00e9tudes n\u2019entrent pas de les crit\u00e8res d\u2019obtention de l\u2019<a href=\"https:\/\/www.esta-officiel-usa.com\/fr\/\">autorisation ESTA<\/a>, il faudra donc trouver autre chose. C\u2019est l\u00e0 qu&rsquo;entrent en jeu les visas J1 et F1 et leur diff\u00e9rence.<\/p>\n\n\n\n<p>Quelle est la diff\u00e9rence entre les visas J1 et F1 ? C\u2019est ce que nous allons d\u00e9couvrir dans cet article.<br>\n&nbsp;<\/p>\n\n\n\n<h2 class=\"wp-block-heading\">La diff\u00e9rence entre les visas J1 et F1 : le visa USA J1 pour les stages et programmes d\u2019\u00e9change<\/h2>\n\n\n\n<p>Le visa J1 est un USA visa non-immigrant pour les personnes  participant \u00e0 un programme d\u2019\u00e9change aux USA, mais aussi pour les  \u00e9tudiants \u00e9trangers souhaitant effectuer un stage aux USA, les  travailleurs au pair, les travailleurs sp\u00e9cialis\u00e9s, les visiteurs gouvernementaux, etc.<\/p>\n\n\n\n<p>Ce visa est une autorisation de travail qui permet \u00e0 son d\u00e9tenteur de\n travailler sur le sol am\u00e9ricain pendant une dur\u00e9e maximale de 18 mois. \nPour obtenir un visa J1 dans le cadre d\u2019un stage, plusieurs crit\u00e8res \nsont n\u00e9cessaires dont le principal est de trouver un sponsor.<\/p>\n\n\n\n<p>Pour ce faire, il faut se rendre sur le site du gouvernement \nam\u00e9ricain sp\u00e9cifique \u00e0 la recherche de sponsor. Il y a une liste \nd\u2019entreprises partenaires du programme pour chaque pays. Apr\u00e8s avoir \nchoisi le sponsor dans la liste pr\u00e9vue \u00e0 cet effet, il faudra le \ncontacter afin de prendre part \u00e0 un de ses programmes d\u2019\u00e9change.<\/p>\n\n\n\n<p>Ensuite, il faudra le payer. Les frais varient en fonction du \nsponsor, c\u2019est pourquoi il est conseill\u00e9 d\u2019en contacter plusieurs afin \nd\u2019avoir une id\u00e9e du montant et de la r\u00e9partition des co\u00fbts.<\/p>\n\n\n\n<p>Si vous \u00eates finalement accept\u00e9 pour un programme d\u2019\u00e9change, le sponsor vous d\u00e9livrera le formulaire DS-2019 \u00e0 compl\u00e9ter.<\/p>\n\n\n\n<p>Apr\u00e8s cette \u00e9tape, il faudra \u00e9galement payer les frais du SEVIS (Student and Exchange Visitor Information System).<\/p>\n\n\n\n<p>D\u2019autres frais s\u2019ajoutent \u00e9galement : apr\u00e8s avoir rempli le \nformulaire DS-160, il faudra payer les frais de visa am\u00e9ricain qui \ns\u2019\u00e9l\u00e8vent \u00e0 160 $ et planifier une interview avec l\u2019ambassade des USA ou\n avec le consulat am\u00e9ricain.<\/p>\n\n\n\n<p>Le jour de l\u2019entretien, il faut amener :<\/p>\n\n\n\n<ul class=\"wp-block-list\"><li>le formulaire original DS-2019 ;<\/li><li>l\u2019accus\u00e9 de r\u00e9ception du formulaire DS-160 ;<\/li><li><a href=\"https:\/\/www.esta-officiel-usa.com\/fr\/quel-type-de-passeport-pour-les-usa\/\">votre passeport<\/a> valide (biom\u00e9trique ou \u00e9lectronique) en cours de validit\u00e9 ;<\/li><li>une photo ;<\/li><li>une enveloppe chronopost ;<\/li><li>le re\u00e7u du paiement des frais de visa.<\/li><\/ul>\n\n\n\n<p>N\u2019h\u00e9sitez pas \u00e0 consulter le site web de l&rsquo;ambassade am\u00e9ricaine (ou \ndu consulat g\u00e9n\u00e9ral) o\u00f9 vous allez vous rendre afin de savoir si des \ndocuments additionnels sont n\u00e9cessaires.<\/p>\n\n\n\n<p>Suite \u00e0 l\u2019entretien, l\u2019agent repr\u00e9sentant le gouvernement am\u00e9ricain  vous dira si votre visa J1 a \u00e9t\u00e9 accept\u00e9 ou non. Il est conseill\u00e9 de  continuer \u00e0 garder contact avec son sponsor afin de bien pr\u00e9parer le  s\u00e9jour aux USA.<\/p>\n\n\n\n<h2 class=\"wp-block-heading\">Le visa F1 pour les \u00e9tudiants<\/h2>\n\n\n\n<p>Le visa F1 est un visa \u00e9tudiant pour non-immigrant qui permet d\u2019aller\n \u00e9tudier aux USA, de l\u2019\u00e9cole \u00e9l\u00e9mentaire jusqu\u2019\u00e0 l\u2019universit\u00e9 \nam\u00e9ricaine. Il n\u2019est pas possible d\u2019\u00e9tudier aux USA avec le formulaire \nen ligne ESTA, c\u2019est pourquoi il faut faire une demande de visa F1.<\/p>\n\n\n\n<p>A la diff\u00e9rence du J1, le visa F1 ne poss\u00e8de pas de plafond, ce qui \nveut dire que tout \u00e9tudiant ayant le profil et les crit\u00e8res \ncorrespondants, peut, en effet, avoir le visa F1.<\/p>\n\n\n\n<p>Avec le visa F1, l\u2019\u00e9tudiant peut :<\/p>\n\n\n\n<ul class=\"wp-block-list\"><li>\u00e9tudier et vivre sur le territoire am\u00e9ricain ;<\/li><li>avoir son permis de conduire ;<\/li><li>ouvrir un compte bancaire ;<\/li><li>voyager dans et en dehors des \u00c9tats-Unis d\u2019Am\u00e9rique ;<\/li><li>travailler sous certaines conditions (job d\u2019\u00e9t\u00e9).<\/li><\/ul>\n\n\n\n<p>Le visa F1 est d\u00e9livr\u00e9 aux personnes montrant un lien fort avec leurs  pays d\u2019origine (famille, amis, possessions\u2026) et qu\u2019elles ont bien  l\u2019intention de retourner dans leurs pays une fois leurs \u00e9tudes  termin\u00e9es.<\/p>\n\n\n\n<p>Pour pr\u00e9tendre au visa F1 des autorit\u00e9s am\u00e9ricaines, il faut :<\/p>\n\n\n\n<ul class=\"wp-block-list\"><li>\u00eatre admis dans un des \u00e9tablissements faisant partie du SEVP (Student Exchange Visitor Program) ;<\/li><li>avoir un attachement incontestable \u00e0 son pays d\u2019origine ;<\/li><li>prouver qu\u2019on a des ressources financi\u00e8res suffisantes ;<\/li><li>prouver qu\u2019on a un niveau d\u2019anglais suffisant en passant le test TOEFL ou IELTS.<\/li><\/ul>\n\n\n\n<p>Ensuite, il faudra compl\u00e9ter des documents et payer les frais qui s\u2019y rapportent.<\/p>\n\n\n\n<ul class=\"wp-block-list\"><li>payer les frais de demande de visa F1 : 160 $ ;<\/li><li>payer les frais de SEVIS : 200 $ ;<\/li><li>compl\u00e9ter le formulaire DS-160 et planifier un entretien aux services consulaires de l\u2019ambassade des USA ;<\/li><li>rassembler les documents n\u00e9cessaires tels que : votre passeport \n\u00e9lectronique valide, l\u2019accus\u00e9 de r\u00e9ception du DS-160, les re\u00e7us qui \nprouvent que vous avez pay\u00e9 les diff\u00e9rents frais, des photos d\u2019identit\u00e9,\n la convocation pour l\u2019entretien, le formulaire original I-20 et une \ncopie, les documents qui prouvent votre niveau scolaire (dipl\u00f4mes, \nscores des tests, lettre d&rsquo;acceptation de l\u2019\u00e9tablissement am\u00e9ricain, \netc.), et les documents qui prouvent vos ressources financi\u00e8res.<\/li><\/ul>\n\n\n\n<h2 class=\"wp-block-heading\">Diff\u00e9rencier les visas J1 et F1<\/h2>\n\n\n\n<p>Vous l\u2019avez compris, il y a des diff\u00e9rences entre les visas J1 et F1,\n mais aussi des ressemblances entre les visas J1 et F1. Voici comment \ndiff\u00e9rencier les visas J1 et F1 :<\/p>\n\n\n\n<ul class=\"wp-block-list\"><li>les ressources financi\u00e8res pour le visa J1 doivent \u00eatre couvertes \u00e0\n 50 % par une bourse d\u2019\u00e9tudes (ou aide de l\u2019\u00c9tat) alors que pour le visa\n F1 elles peuvent provenir de fond personnel ou d\u2019aide externe ;<\/li><li>les personnes \u00e0 charge du d\u00e9tenteur du visa F1 ne peuvent pas \ntrouver d\u2019emploi, alors que celles du d\u00e9tenteur du visa J1 le peuvent ;<\/li><li>etc.<\/li><\/ul>\n\n\n\n<p>Maintenant que vous savez comment diff\u00e9rencier les visas J1 et F1, vous n\u2019avez plus qu\u2019\u00e0 en faire la demande !<\/p>\n","protected":false},"excerpt":{"rendered":"<p>Visas J1 et F1 : quelle diff\u00e9rence ? Si vous souhaitez partir aux USA dans le cadre de vos \u00e9tudes, vous avez probablement d\u00e9j\u00e0 entendu parler des visas J1 et F1, sans conna\u00eetre leur diff\u00e9rence. Si vous \u00eates \u00e9tudiant et que votre r\u00eave am\u00e9ricain est de venir \u00e9tudier ou avoir une exp\u00e9rience professionnelle aux USA, [&hellip;]<\/p>\n","protected":false},"author":1,"featured_media":0,"parent":0,"menu_order":0,"comment_status":"closed","ping_status":"closed","template":"","meta":{"footnotes":""},"class_list":["post-330","page","type-page","status-publish","hentry"],"yoast_head":"<!-- This site is optimized with the Yoast SEO plugin v26.2 - https:\/\/yoast.com\/wordpress\/plugins\/seo\/ -->\n<title>Pr\u00e9sentation des sp\u00e9cificit\u00e9s des visas J1 et F1<\/title>\n<meta name=\"description\" content=\"Quelle sont les principales diff\u00e9rences entre le visa J1 et le visa F1 ? C\u2019est ce que nous allons d\u00e9couvrir dans cet article.\" \/>\n<meta name=\"robots\" content=\"index, follow, max-snippet:-1, max-image-preview:large, max-video-preview:-1\" \/>\n<link rel=\"canonical\" href=\"https:\/\/www.esta-officiel-usa.com\/fr\/connaissez-vous-les-differences-entre-les-visas-j1-et-f1\/\" \/>\n<meta property=\"og:locale\" content=\"fr_FR\" \/>\n<meta property=\"og:type\" content=\"article\" \/>\n<meta property=\"og:title\" content=\"Pr\u00e9sentation des sp\u00e9cificit\u00e9s des visas J1 et F1\" \/>\n<meta property=\"og:description\" content=\"Quelle sont les principales diff\u00e9rences entre le visa J1 et le visa F1 ? C\u2019est ce que nous allons d\u00e9couvrir dans cet article.\" \/>\n<meta property=\"og:url\" content=\"https:\/\/www.esta-officiel-usa.com\/fr\/connaissez-vous-les-differences-entre-les-visas-j1-et-f1\/\" \/>\n<meta property=\"og:site_name\" content=\"ESTA - Etats-Unis\" \/>\n<meta property=\"article:modified_time\" content=\"2020-02-01T10:17:16+00:00\" \/>\n<meta name=\"twitter:card\" content=\"summary_large_image\" \/>\n<meta name=\"twitter:label1\" content=\"Dur\u00e9e de lecture estim\u00e9e\" \/>\n\t<meta name=\"twitter:data1\" content=\"5 minutes\" \/>\n<script type=\"application\/ld+json\" class=\"yoast-schema-graph\">{\"@context\":\"https:\/\/schema.org\",\"@graph\":[{\"@type\":\"WebPage\",\"@id\":\"https:\/\/www.esta-officiel-usa.com\/fr\/connaissez-vous-les-differences-entre-les-visas-j1-et-f1\/\",\"url\":\"https:\/\/www.esta-officiel-usa.com\/fr\/connaissez-vous-les-differences-entre-les-visas-j1-et-f1\/\",\"name\":\"Pr\u00e9sentation des sp\u00e9cificit\u00e9s des visas J1 et F1\",\"isPartOf\":{\"@id\":\"https:\/\/www.esta-officiel-usa.com\/fr\/#website\"},\"datePublished\":\"2020-01-29T18:27:53+00:00\",\"dateModified\":\"2020-02-01T10:17:16+00:00\",\"description\":\"Quelle sont les principales diff\u00e9rences entre le visa J1 et le visa F1 ? C\u2019est ce que nous allons d\u00e9couvrir dans cet article.\",\"breadcrumb\":{\"@id\":\"https:\/\/www.esta-officiel-usa.com\/fr\/connaissez-vous-les-differences-entre-les-visas-j1-et-f1\/#breadcrumb\"},\"inLanguage\":\"fr-FR\",\"potentialAction\":[{\"@type\":\"ReadAction\",\"target\":[\"https:\/\/www.esta-officiel-usa.com\/fr\/connaissez-vous-les-differences-entre-les-visas-j1-et-f1\/\"]}]},{\"@type\":\"BreadcrumbList\",\"@id\":\"https:\/\/www.esta-officiel-usa.com\/fr\/connaissez-vous-les-differences-entre-les-visas-j1-et-f1\/#breadcrumb\",\"itemListElement\":[{\"@type\":\"ListItem\",\"position\":1,\"name\":\"Home\",\"item\":\"https:\/\/www.esta-officiel-usa.com\/fr\/\"},{\"@type\":\"ListItem\",\"position\":2,\"name\":\"Pr\u00e9sentation des sp\u00e9cificit\u00e9s des visas J1 et F1\"}]},{\"@type\":\"WebSite\",\"@id\":\"https:\/\/www.esta-officiel-usa.com\/fr\/#website\",\"url\":\"https:\/\/www.esta-officiel-usa.com\/fr\/\",\"name\":\"ESTA - Etats-Unis\",\"description\":\"Formulaire de demande ESTA\",\"potentialAction\":[{\"@type\":\"SearchAction\",\"target\":{\"@type\":\"EntryPoint\",\"urlTemplate\":\"https:\/\/www.esta-officiel-usa.com\/fr\/?s={search_term_string}\"},\"query-input\":{\"@type\":\"PropertyValueSpecification\",\"valueRequired\":true,\"valueName\":\"search_term_string\"}}],\"inLanguage\":\"fr-FR\"}]}<\/script>\n<!-- \/ Yoast SEO plugin. -->","yoast_head_json":{"title":"Pr\u00e9sentation des sp\u00e9cificit\u00e9s des visas J1 et F1","description":"Quelle sont les principales diff\u00e9rences entre le visa J1 et le visa F1 ? C\u2019est ce que nous allons d\u00e9couvrir dans cet article.","robots":{"index":"index","follow":"follow","max-snippet":"max-snippet:-1","max-image-preview":"max-image-preview:large","max-video-preview":"max-video-preview:-1"},"canonical":"https:\/\/www.esta-officiel-usa.com\/fr\/connaissez-vous-les-differences-entre-les-visas-j1-et-f1\/","og_locale":"fr_FR","og_type":"article","og_title":"Pr\u00e9sentation des sp\u00e9cificit\u00e9s des visas J1 et F1","og_description":"Quelle sont les principales diff\u00e9rences entre le visa J1 et le visa F1 ? C\u2019est ce que nous allons d\u00e9couvrir dans cet article.","og_url":"https:\/\/www.esta-officiel-usa.com\/fr\/connaissez-vous-les-differences-entre-les-visas-j1-et-f1\/","og_site_name":"ESTA - Etats-Unis","article_modified_time":"2020-02-01T10:17:16+00:00","twitter_card":"summary_large_image","twitter_misc":{"Dur\u00e9e de lecture estim\u00e9e":"5 minutes"},"schema":{"@context":"https:\/\/schema.org","@graph":[{"@type":"WebPage","@id":"https:\/\/www.esta-officiel-usa.com\/fr\/connaissez-vous-les-differences-entre-les-visas-j1-et-f1\/","url":"https:\/\/www.esta-officiel-usa.com\/fr\/connaissez-vous-les-differences-entre-les-visas-j1-et-f1\/","name":"Pr\u00e9sentation des sp\u00e9cificit\u00e9s des visas J1 et F1","isPartOf":{"@id":"https:\/\/www.esta-officiel-usa.com\/fr\/#website"},"datePublished":"2020-01-29T18:27:53+00:00","dateModified":"2020-02-01T10:17:16+00:00","description":"Quelle sont les principales diff\u00e9rences entre le visa J1 et le visa F1 ? C\u2019est ce que nous allons d\u00e9couvrir dans cet article.","breadcrumb":{"@id":"https:\/\/www.esta-officiel-usa.com\/fr\/connaissez-vous-les-differences-entre-les-visas-j1-et-f1\/#breadcrumb"},"inLanguage":"fr-FR","potentialAction":[{"@type":"ReadAction","target":["https:\/\/www.esta-officiel-usa.com\/fr\/connaissez-vous-les-differences-entre-les-visas-j1-et-f1\/"]}]},{"@type":"BreadcrumbList","@id":"https:\/\/www.esta-officiel-usa.com\/fr\/connaissez-vous-les-differences-entre-les-visas-j1-et-f1\/#breadcrumb","itemListElement":[{"@type":"ListItem","position":1,"name":"Home","item":"https:\/\/www.esta-officiel-usa.com\/fr\/"},{"@type":"ListItem","position":2,"name":"Pr\u00e9sentation des sp\u00e9cificit\u00e9s des visas J1 et F1"}]},{"@type":"WebSite","@id":"https:\/\/www.esta-officiel-usa.com\/fr\/#website","url":"https:\/\/www.esta-officiel-usa.com\/fr\/","name":"ESTA - Etats-Unis","description":"Formulaire de demande ESTA","potentialAction":[{"@type":"SearchAction","target":{"@type":"EntryPoint","urlTemplate":"https:\/\/www.esta-officiel-usa.com\/fr\/?s={search_term_string}"},"query-input":{"@type":"PropertyValueSpecification","valueRequired":true,"valueName":"search_term_string"}}],"inLanguage":"fr-FR"}]}},"_links":{"self":[{"href":"https:\/\/www.esta-officiel-usa.com\/fr\/wp-json\/wp\/v2\/pages\/330","targetHints":{"allow":["GET"]}}],"collection":[{"href":"https:\/\/www.esta-officiel-usa.com\/fr\/wp-json\/wp\/v2\/pages"}],"about":[{"href":"https:\/\/www.esta-officiel-usa.com\/fr\/wp-json\/wp\/v2\/types\/page"}],"author":[{"embeddable":true,"href":"https:\/\/www.esta-officiel-usa.com\/fr\/wp-json\/wp\/v2\/users\/1"}],"replies":[{"embeddable":true,"href":"https:\/\/www.esta-officiel-usa.com\/fr\/wp-json\/wp\/v2\/comments?post=330"}],"version-history":[{"count":3,"href":"https:\/\/www.esta-officiel-usa.com\/fr\/wp-json\/wp\/v2\/pages\/330\/revisions"}],"predecessor-version":[{"id":425,"href":"https:\/\/www.esta-officiel-usa.com\/fr\/wp-json\/wp\/v2\/pages\/330\/revisions\/425"}],"wp:attachment":[{"href":"https:\/\/www.esta-officiel-usa.com\/fr\/wp-json\/wp\/v2\/media?parent=330"}],"curies":[{"name":"wp","href":"https:\/\/api.w.org\/{rel}","templated":true}]}}