{"id":337,"date":"2020-01-29T18:40:24","date_gmt":"2020-01-29T18:40:24","guid":{"rendered":"http:\/\/www.esta-officiel-usa.com\/?page_id=337"},"modified":"2024-04-12T07:47:08","modified_gmt":"2024-04-12T07:47:08","slug":"decouvrir-hawai-avec-lesta","status":"publish","type":"page","link":"https:\/\/www.esta-officiel-usa.com\/fr\/decouvrir-hawai-avec-lesta\/","title":{"rendered":"D\u00e9couvrez Hawa\u00ef grace \u00e0 votre autorisation ESTA"},"content":{"rendered":"\n<h1 class=\"wp-block-heading\">Partez \u00e0 la d\u00e9couverte d\u2019Hawa\u00ef avec l\u2019ESTA<\/h1>\n\n\n\n<p>Aloha chers lecteurs ! Des millions de touristes se rendent chaque  ann\u00e9e sur cet archipel volcanique situ\u00e9 dans l\u2019oc\u00e9an Pacifique gr\u00e2ce \u00e0 <a href=\"https:\/\/www.esta-officiel-usa.com\/fr\/\">l\u2019ESTA.<\/a>  Un savant m\u00e9lange de falaises, de for\u00eats tropicales, de r\u00e9cifs de  corail, de plages de sable et de temp\u00e9ratures douces tout au long de  l\u2019ann\u00e9e qui fait tout son charme. Ce paradis naturel compos\u00e9 de 122 \u00eeles  et de divers paysages se trouve \u00e0 3 900 kilom\u00e8tres de la Californie et  pourtant, il est le 50e \u00c9tat am\u00e9ricain depuis 1959. Loin de la statue de  la Libert\u00e9 et du d\u00e9sert du Nevada, voyagez hors des sentiers battus.  Vous souhaitez passer vos prochaines vacances sur l\u2019archipel ? Il vous  suffit de demander un ESTA pour vous envoler vers Hawa\u00ef ! Notre \u00e9quipe  d\u2019experts vous expliquent tout \u00e0 ce sujet.<\/p>\n\n\n\n<h2 class=\"wp-block-heading\">Les activit\u00e9s incontournables d\u2019Hawa\u00ef<\/h2>\n\n\n\n<p>Avant de partir en vacances \u00e0 Hawa\u00ef, il vous faut organiser votre \nvoyage pour ne rien rater ! Voici nos conseils pour passer de \nmerveilleuses vacances.<\/p>\n\n\n\n<h3 class=\"wp-block-heading\">D\u00e9couvrir la capitale : Honolulu<\/h3>\n\n\n\n<p>Laissez-vous envahir par l\u2019ambiance hawa\u00efenne en vous rendant sur la \nc\u00e9l\u00e8bre plage de Waikiki Beach pour une immersion totale, profitez du \nsoleil, observez les surfeurs et faites la f\u00eate. Baladez-vous dans les \nrues \u00e0 l\u2019architecture victorienne et aux l\u00e9g\u00e8res notes asiatiques. \nN\u2019oubliez pas de vous rendre \u00e0 Pearl Harbor, lieu mythique qui vous \npermet d\u2019en apprendre plus sur cette bataille. Finissez votre balade par\n le centre historique avec le palais royal.<\/p>\n\n\n\n<h3 class=\"wp-block-heading\">Partez \u00e0 l\u2019aventure dans le parc national des volcans d\u2019Hawa\u00ef<\/h3>\n\n\n\n<p>Paysage d\u2019une rare beaut\u00e9, les deux volcans les plus actifs du monde \nsurplombent le Pacifique. On y retrouve le Mauna Loa et le Kileaua. Les \nvisiteurs peuvent profiter de la faune et de la flore du parc. Vous \npouvez y rencontrer des esp\u00e8ces d\u2019oiseaux rares.<\/p>\n\n\n\n<p>Ces nombreuses plages sont consid\u00e9r\u00e9es comme les plus belles d\u2019Hawa\u00ef.\n Vous pouvez trouver de petites criques avec une eau turquoise et un \nspot de plong\u00e9e \u00e0 Kanaha Beach Park. C\u2019est \u00e9galement l\u2019occasion id\u00e9ale \npour vous de surfer. Un v\u00e9ritable paradis \u00e0 d\u00e9couvrir.<\/p>\n\n\n\n<h3 class=\"wp-block-heading\">Observer les baleines et les dauphins<\/h3>\n\n\n\n<p>En hiver, des petits et moyens navires proposent aux touristes \nd\u2019observer les baleines et les dauphins. Une belle opportunit\u00e9 pour \nentrer dans l&rsquo;intimit\u00e9 de la vie de ces animaux et d\u2019en apprendre plus \nsur eux !<\/p>\n\n\n\n<h3 class=\"wp-block-heading\">D\u00e9gustez les plats typiques<\/h3>\n\n\n\n<p>Si vous aimez manger, vous serez sans doute charm\u00e9 par la cuisine  diverse que propose Hawa\u00ef. Les saveurs aux influences chinoises,  japonaises, vietnamiennes et portugaises sont propos\u00e9es. Go\u00fbtez le Lomi  Lomi Salmon, un plat cuisin\u00e9 \u00e0 base de saumon, tomates et oignons ou  encore le Chicken Luau, un poulet cuit dans des feuilles de taro et de  lait de coco.<\/p>\n\n\n\n<h2 class=\"wp-block-heading\">Demander l\u2019ESTA pour d\u00e9couvrir l\u2019archipel d\u2019Hawa\u00ef<\/h2>\n\n\n\n<p>Compl\u00e8tement s\u00e9duit par cette destination de r\u00eave ? Vous pouvez \nvoyager aux USA sans visa depuis 2009 gr\u00e2ce au programme d\u2019exemption de \nvisa ou Visa Waiver Program en anglais. L\u2019ESTA (Electronic System for \nTravel Authorization) a \u00e9t\u00e9 mis en place afin de faciliter le travail \ndes autorit\u00e9s am\u00e9ricaines et de simplifier l\u2019obtention d\u2019autorisation de\n voyage aux demandeurs.<\/p>\n\n\n\n<p>Pour faire une <a href=\"https:\/\/www.esta-officiel-usa.com\/fr\/obtenir-un-esta-en-ligne\/\">demande ESTA en ligne<\/a>, il suffit de respecter certaines conditions : \u00eatre ressortissant de l\u2019un des pays concern\u00e9s par le <a href=\"https:\/\/www.esta-officiel-usa.com\/fr\/a-propos-du-visa-waiver-program\/\">VWP<\/a>, avoir un passeport valide (passeport biom\u00e9trique ou passeport \u00e9lectronique), voyager aux USA par voie a\u00e9rienne ou voie maritime et partir faire un voyage touristique, d\u2019affaires ou un transit.<\/p>\n\n\n\n<p>Si vous r\u00e9pondez \u00e0 tous ces crit\u00e8res, deux solutions s\u2019offrent \u00e0 vous :<\/p>\n\n\n\n<ul class=\"wp-block-list\">\n<li> la demande sur le site officiel du gouvernement am\u00e9ricain. Il faut  remplir un formulaire ESTA tr\u00e8s complet \u00e0 l\u2019aide de vos informations  personnelles (nom, pr\u00e9nom, date de naissance, num\u00e9ro de passeport,  etc.). Quelques questions vous seront \u00e9galement pos\u00e9es concernant vos ant\u00e9c\u00e9dents judiciaires et votre sant\u00e9 physique et mentale. Vous devez  r\u00e9pondre \u00e0 ce questionnaire avec la plus grande honn\u00eatet\u00e9 possible. Vous n\u2019avez acc\u00e8s \u00e0 aucune aide sur cette plateforme. <\/li>\n\n\n\n<li> la demande sur un site priv\u00e9 telle que la plateforme de notre  partenaire. Vous devez simplement remplir un formulaire en ligne  simplifi\u00e9. C\u2019est une personne habilit\u00e9e qui se chargera d\u2019effectuer la  demande en votre nom. Si besoin, une assistance peut vous \u00eatre fournie, n\u2019h\u00e9sitez pas \u00e0 contacter l\u2019\u00e9quipe du service client. <\/li>\n<\/ul>\n\n\n\n<p>Une r\u00e9ponse vous sera transmise dans les 72 heures suite au d\u00e9p\u00f4t de votre dossier. Et si vous n\u2019avez pas le temps de visiter Hawa\u00ef enti\u00e8rement lors de votre s\u00e9jour, il vous suffira de prendre de nouveaux billets d\u2019avion, car l\u2019ESTA a une <a href=\"https:\/\/www.esta-officiel-usa.com\/fr\/la-duree-de-validite-de-lesta\/\">dur\u00e9e de validit\u00e9<\/a> de deux ans !<\/p>\n\n\n\n<p>Un refus d\u2019ESTA reste rare, malheureusement si cela vous arrive, cela est peut-\u00eatre d\u00fb \u00e0 une erreur lors du remplissage du formulaire ; dans ce cas, vous pouvez retenter votre chance une dizaine de jours suite \u00e0 votre premi\u00e8re demande. Sinon, il faut faire une demande de visa \u00e0 l\u2019ambassade am\u00e9ricaine ou au consulat.<\/p>\n\n\n\n<p>Un air de ukul\u00e9l\u00e9, des paysages \u00e0 couper le souffle et une mer turquoise, bient\u00f4t une r\u00e9alit\u00e9 pour vous gr\u00e2ce \u00e0 l\u2019autorisation ESTA. Bon voyage aux USA !<\/p>\n","protected":false},"excerpt":{"rendered":"<p>Partez \u00e0 la d\u00e9couverte d\u2019Hawa\u00ef avec l\u2019ESTA Aloha chers lecteurs ! Des millions de touristes se rendent chaque ann\u00e9e sur cet archipel volcanique situ\u00e9 dans l\u2019oc\u00e9an Pacifique gr\u00e2ce \u00e0 l\u2019ESTA. Un savant m\u00e9lange de falaises, de for\u00eats tropicales, de r\u00e9cifs de corail, de plages de sable et de temp\u00e9ratures douces tout au long de l\u2019ann\u00e9e [&hellip;]<\/p>\n","protected":false},"author":1,"featured_media":0,"parent":0,"menu_order":0,"comment_status":"closed","ping_status":"closed","template":"","meta":{"footnotes":""},"class_list":["post-337","page","type-page","status-publish","hentry"],"yoast_head":"<!-- This site is optimized with the Yoast SEO plugin v26.2 - https:\/\/yoast.com\/wordpress\/plugins\/seo\/ -->\n<title>D\u00e9couvrez Hawa\u00ef grace \u00e0 votre autorisation ESTA<\/title>\n<meta name=\"description\" content=\"Partez \u00e0 la d\u00e9couverte d\u2019Hawa\u00ef avec votre autorisation ESTA en poche\" \/>\n<meta name=\"robots\" content=\"index, follow, max-snippet:-1, max-image-preview:large, max-video-preview:-1\" \/>\n<link rel=\"canonical\" href=\"https:\/\/www.esta-officiel-usa.com\/fr\/decouvrir-hawai-avec-lesta\/\" \/>\n<meta property=\"og:locale\" content=\"fr_FR\" \/>\n<meta property=\"og:type\" content=\"article\" \/>\n<meta property=\"og:title\" content=\"D\u00e9couvrez Hawa\u00ef grace \u00e0 votre autorisation ESTA\" \/>\n<meta property=\"og:description\" content=\"Partez \u00e0 la d\u00e9couverte d\u2019Hawa\u00ef avec votre autorisation ESTA en poche\" \/>\n<meta property=\"og:url\" content=\"https:\/\/www.esta-officiel-usa.com\/fr\/decouvrir-hawai-avec-lesta\/\" \/>\n<meta property=\"og:site_name\" content=\"ESTA - Etats-Unis\" \/>\n<meta property=\"article:modified_time\" content=\"2024-04-12T07:47:08+00:00\" \/>\n<meta name=\"twitter:card\" content=\"summary_large_image\" \/>\n<meta name=\"twitter:label1\" content=\"Dur\u00e9e de lecture estim\u00e9e\" \/>\n\t<meta name=\"twitter:data1\" content=\"5 minutes\" \/>\n<script type=\"application\/ld+json\" class=\"yoast-schema-graph\">{\"@context\":\"https:\/\/schema.org\",\"@graph\":[{\"@type\":\"WebPage\",\"@id\":\"https:\/\/www.esta-officiel-usa.com\/fr\/decouvrir-hawai-avec-lesta\/\",\"url\":\"https:\/\/www.esta-officiel-usa.com\/fr\/decouvrir-hawai-avec-lesta\/\",\"name\":\"D\u00e9couvrez Hawa\u00ef grace \u00e0 votre autorisation ESTA\",\"isPartOf\":{\"@id\":\"https:\/\/www.esta-officiel-usa.com\/fr\/#website\"},\"datePublished\":\"2020-01-29T18:40:24+00:00\",\"dateModified\":\"2024-04-12T07:47:08+00:00\",\"description\":\"Partez \u00e0 la d\u00e9couverte d\u2019Hawa\u00ef avec votre autorisation ESTA en poche\",\"breadcrumb\":{\"@id\":\"https:\/\/www.esta-officiel-usa.com\/fr\/decouvrir-hawai-avec-lesta\/#breadcrumb\"},\"inLanguage\":\"fr-FR\",\"potentialAction\":[{\"@type\":\"ReadAction\",\"target\":[\"https:\/\/www.esta-officiel-usa.com\/fr\/decouvrir-hawai-avec-lesta\/\"]}]},{\"@type\":\"BreadcrumbList\",\"@id\":\"https:\/\/www.esta-officiel-usa.com\/fr\/decouvrir-hawai-avec-lesta\/#breadcrumb\",\"itemListElement\":[{\"@type\":\"ListItem\",\"position\":1,\"name\":\"Home\",\"item\":\"https:\/\/www.esta-officiel-usa.com\/fr\/\"},{\"@type\":\"ListItem\",\"position\":2,\"name\":\"D\u00e9couvrez Hawa\u00ef grace \u00e0 votre autorisation ESTA\"}]},{\"@type\":\"WebSite\",\"@id\":\"https:\/\/www.esta-officiel-usa.com\/fr\/#website\",\"url\":\"https:\/\/www.esta-officiel-usa.com\/fr\/\",\"name\":\"ESTA - Etats-Unis\",\"description\":\"Formulaire de demande ESTA\",\"potentialAction\":[{\"@type\":\"SearchAction\",\"target\":{\"@type\":\"EntryPoint\",\"urlTemplate\":\"https:\/\/www.esta-officiel-usa.com\/fr\/?s={search_term_string}\"},\"query-input\":{\"@type\":\"PropertyValueSpecification\",\"valueRequired\":true,\"valueName\":\"search_term_string\"}}],\"inLanguage\":\"fr-FR\"}]}<\/script>\n<!-- \/ Yoast SEO plugin. -->","yoast_head_json":{"title":"D\u00e9couvrez Hawa\u00ef grace \u00e0 votre autorisation ESTA","description":"Partez \u00e0 la d\u00e9couverte d\u2019Hawa\u00ef avec votre autorisation ESTA en poche","robots":{"index":"index","follow":"follow","max-snippet":"max-snippet:-1","max-image-preview":"max-image-preview:large","max-video-preview":"max-video-preview:-1"},"canonical":"https:\/\/www.esta-officiel-usa.com\/fr\/decouvrir-hawai-avec-lesta\/","og_locale":"fr_FR","og_type":"article","og_title":"D\u00e9couvrez Hawa\u00ef grace \u00e0 votre autorisation ESTA","og_description":"Partez \u00e0 la d\u00e9couverte d\u2019Hawa\u00ef avec votre autorisation ESTA en poche","og_url":"https:\/\/www.esta-officiel-usa.com\/fr\/decouvrir-hawai-avec-lesta\/","og_site_name":"ESTA - Etats-Unis","article_modified_time":"2024-04-12T07:47:08+00:00","twitter_card":"summary_large_image","twitter_misc":{"Dur\u00e9e de lecture estim\u00e9e":"5 minutes"},"schema":{"@context":"https:\/\/schema.org","@graph":[{"@type":"WebPage","@id":"https:\/\/www.esta-officiel-usa.com\/fr\/decouvrir-hawai-avec-lesta\/","url":"https:\/\/www.esta-officiel-usa.com\/fr\/decouvrir-hawai-avec-lesta\/","name":"D\u00e9couvrez Hawa\u00ef grace \u00e0 votre autorisation ESTA","isPartOf":{"@id":"https:\/\/www.esta-officiel-usa.com\/fr\/#website"},"datePublished":"2020-01-29T18:40:24+00:00","dateModified":"2024-04-12T07:47:08+00:00","description":"Partez \u00e0 la d\u00e9couverte d\u2019Hawa\u00ef avec votre autorisation ESTA en poche","breadcrumb":{"@id":"https:\/\/www.esta-officiel-usa.com\/fr\/decouvrir-hawai-avec-lesta\/#breadcrumb"},"inLanguage":"fr-FR","potentialAction":[{"@type":"ReadAction","target":["https:\/\/www.esta-officiel-usa.com\/fr\/decouvrir-hawai-avec-lesta\/"]}]},{"@type":"BreadcrumbList","@id":"https:\/\/www.esta-officiel-usa.com\/fr\/decouvrir-hawai-avec-lesta\/#breadcrumb","itemListElement":[{"@type":"ListItem","position":1,"name":"Home","item":"https:\/\/www.esta-officiel-usa.com\/fr\/"},{"@type":"ListItem","position":2,"name":"D\u00e9couvrez Hawa\u00ef grace \u00e0 votre autorisation ESTA"}]},{"@type":"WebSite","@id":"https:\/\/www.esta-officiel-usa.com\/fr\/#website","url":"https:\/\/www.esta-officiel-usa.com\/fr\/","name":"ESTA - Etats-Unis","description":"Formulaire de demande ESTA","potentialAction":[{"@type":"SearchAction","target":{"@type":"EntryPoint","urlTemplate":"https:\/\/www.esta-officiel-usa.com\/fr\/?s={search_term_string}"},"query-input":{"@type":"PropertyValueSpecification","valueRequired":true,"valueName":"search_term_string"}}],"inLanguage":"fr-FR"}]}},"_links":{"self":[{"href":"https:\/\/www.esta-officiel-usa.com\/fr\/wp-json\/wp\/v2\/pages\/337","targetHints":{"allow":["GET"]}}],"collection":[{"href":"https:\/\/www.esta-officiel-usa.com\/fr\/wp-json\/wp\/v2\/pages"}],"about":[{"href":"https:\/\/www.esta-officiel-usa.com\/fr\/wp-json\/wp\/v2\/types\/page"}],"author":[{"embeddable":true,"href":"https:\/\/www.esta-officiel-usa.com\/fr\/wp-json\/wp\/v2\/users\/1"}],"replies":[{"embeddable":true,"href":"https:\/\/www.esta-officiel-usa.com\/fr\/wp-json\/wp\/v2\/comments?post=337"}],"version-history":[{"count":5,"href":"https:\/\/www.esta-officiel-usa.com\/fr\/wp-json\/wp\/v2\/pages\/337\/revisions"}],"predecessor-version":[{"id":781,"href":"https:\/\/www.esta-officiel-usa.com\/fr\/wp-json\/wp\/v2\/pages\/337\/revisions\/781"}],"wp:attachment":[{"href":"https:\/\/www.esta-officiel-usa.com\/fr\/wp-json\/wp\/v2\/media?parent=337"}],"curies":[{"name":"wp","href":"https:\/\/api.w.org\/{rel}","templated":true}]}}