{"id":339,"date":"2020-01-29T18:53:05","date_gmt":"2020-01-29T18:53:05","guid":{"rendered":"http:\/\/www.esta-officiel-usa.com\/?page_id=339"},"modified":"2020-02-01T16:57:10","modified_gmt":"2020-02-01T16:57:10","slug":"demande-de-visa-f1-pour-les-usa","status":"publish","type":"page","link":"https:\/\/www.esta-officiel-usa.com\/fr\/demande-de-visa-f1-pour-les-usa\/","title":{"rendered":"Visa F1 pour faire des \u00e9tudes aux \u00c9tats-Unis"},"content":{"rendered":"\n<h1 class=\"wp-block-heading\">Visa F1 : la solution pour des \u00e9tudes aux \u00c9tats-Unis<\/h1>\n\n\n\n<p>Tout voyage sur le territoire am\u00e9ricain passe par une \u00e9tape plus ou moins longue et co\u00fbteuse : l\u2019obtention d\u2019un titre de s\u00e9jour. Il peut  s\u2019agir\u00a0d\u2019un <a href=\"https:\/\/www.esta-officiel-usa.com\/fr\/\">ESTA officiel<\/a> ou d\u2019un visa par exemple. C\u2019est le second qui nous int\u00e9resse ici, et  plus particuli\u00e8rement le visa F1. En effet, il en existe une multitude,  souvent identifi\u00e9s par une lettre et un chiffre ; chacun correspond \u00e0 un  motif de voyage. Selon que vous vous rendiez aux \u00c9tats-Unis d\u2019Am\u00e9rique  pour un s\u00e9jour linguistique, travailler \u00e0 l\u2019\u00e9tranger ou devenir fille au  pair par exemple, vous devez commander un visa sp\u00e9cifique.<\/p>\n\n\n\n<p>Le visa <a href=\"https:\/\/www.esta-officiel-usa.com\/fr\/connaissez-vous-les-differences-entre-les-visas-j1-et-f1\/\">F1<\/a> est une autorisation accord\u00e9e \u00e0 des \u00e9tudiants souhaitant assister \u00e0 des cours dans une universit\u00e9 am\u00e9ricaine. Cet article a vocation \u00e0 vous  donner un maximum d\u2019explications sur ce document sollicit\u00e9 chaque ann\u00e9e  par de nombreux jeunes Fran\u00e7ais en qu\u00eate d\u2019aventure et de r\u00eave  am\u00e9ricain.<br> \u00a0<\/p>\n\n\n\n<h2 class=\"wp-block-heading\">\u00c9tudier aux \u00c9tats-Unis avec le visa F1<\/h2>\n\n\n\n<p>N\u2019esp\u00e9rez pas partir vivre chez l\u2019Oncle Sam avec une simple carte \nd\u2019identit\u00e9 et votre sac \u00e0 dos : votre aventure s\u2019ach\u00e8vera \u00e0 l\u2019a\u00e9roport !\n Les voyages \u00e0 l\u2019international demandent aujourd\u2019hui davantage de \nformalit\u00e9s que par le pass\u00e9, pour diverses raisons \u00e9conomiques et \nsurtout de s\u00e9curit\u00e9 int\u00e9rieure. Il faudra vous munir au moins de votre \npasseport valide et d\u2019une autorisation d\u00e9livr\u00e9e par les autorit\u00e9s \nam\u00e9ricaines pour franchir la fronti\u00e8re du pays.<\/p>\n\n\n\n<p>Le type d\u2019autorisation n\u00e9cessaire d\u00e9pend tout simplement du but du  s\u00e9jour aux \u00c9tats-Unis, de sa dur\u00e9e ainsi que du pays d\u2019origine de  l\u2019individu. Par exemple, les citoyens faisant partie du <a href=\"https:\/\/www.esta-officiel-usa.com\/fr\/a-propos-du-visa-waiver-program\/\">Visa Waiver Program<\/a> (Programme d\u2019Exemption de Visa) profitent d\u2019une d\u00e9marche simple pour se rendre aux States, dans le cadre d\u2019un voyage touristique, de transit ou d\u2019affaires durant 90 jours cons\u00e9cutifs maximum. Seuls 38 \u00c9tats ont cette chance.<\/p>\n\n\n\n<p>Les personnes d\u00e9sirant r\u00e9sider durablement sur le sol am\u00e9ricain requi\u00e8rent un visa \u201cimmigrant\u201d (\u201c<a href=\"https:\/\/www.esta-officiel-usa.com\/fr\/quest-ce-que-la-green-card\/\">green card<\/a>\u201d), tandis que les visiteurs temporaires doivent se tourner vers un <a href=\"https:\/\/www.esta-officiel-usa.com\/fr\/les-conditions-a-respecter-pour-obtenir-le-visa-usa\/\">visa USA<\/a>, sauf s\u2019ils satisfont les crit\u00e8res de l\u2019autorisation ESTA. L\u2019univers des visas peut para\u00eetre labyrinthique \u00e0 premi\u00e8re vue. Cela dit, il suffit de bien pr\u00e9ciser l\u2019objectif de votre voyage aux \u00c9tats-Unis, afin de trouver facilement le document qu\u2019il vous faut.<\/p>\n\n\n\n<p>Vous souhaitez partir pour chercher du travail ? Faire du tourisme dans les parcs nationaux ? Am\u00e9liorer votre niveau d\u2019anglais dans une famille d\u2019accueil ? Chaque situation a sa solution de visa USA. Ici, nous nous adressons aux jeunes Fran\u00e7ais qui comptent s\u2019envoler vers l\u2019Am\u00e9rique du Nord en vue d\u2019\u00e9tudier pendant quelques mois, dans un \u00e9tablissement d\u2019enseignement (universit\u00e9, lyc\u00e9e, institution de langue\u2026). C\u2019est un projet passionnant qui tente beaucoup de monde apr\u00e8s le bac ou en fin d\u2019\u00e9tudes.<\/p>\n\n\n\n<p>Pour accomplir votre r\u00eave, procurez-vous le visa F1 USA. Celui-ci concerne tout s\u00e9jour impliquant au moins 18 heures de cours par semaine. Attention, il n\u2019est pas question de trouver un job \u00e9tudiant en parall\u00e8le : le visa permet exclusivement de participer aux le\u00e7ons.<\/p>\n\n\n\n<p>Comment obtenir ce visa F1 pour \u00e9tudiants \u00e9trangers ? R\u00e9ponse dans le paragraphe suivant.<\/p>\n\n\n\n<h2 class=\"wp-block-heading\">Demander le visa F1 USA<\/h2>\n\n\n\n<p>Gardez \u00e0 l\u2019esprit qu\u2019une demande de visa n\u2019implique pas toujours une  r\u00e9ponse positive de la part des autorit\u00e9s. Vous devez valider correctement toutes les \u00e9tapes et correspondre aux conditions d\u2019acceptation des \u00c9tats-Unis. Cependant, mieux vaut \u00eatre confiant et assur\u00e9 pour faire une demande : cela mettra notamment toutes les chances de votre c\u00f4t\u00e9 lors de l\u2019entretien \u00e0 l\u2019ambassade am\u00e9ricaine.<\/p>\n\n\n\n<p>S\u2019agissant du visa F1, le premier obstacle \u00e0 franchir consiste en l\u2019accord d\u2019un \u00e9tablissement d\u2019accueil. Pas question de chercher une fois sur place ; vous avez besoin d\u2019un formulaire pour entamer la d\u00e9marche, or celui-ci est d\u00e9livr\u00e9 par l\u2019\u00e9cole en question. R\u00e9coltez des informations aupr\u00e8s de votre \u00e9tablissement d\u2019\u00e9tudes fran\u00e7ais, qui a peut-\u00eatre d\u00e9j\u00e0 des contacts avec des partenaires internationaux.<\/p>\n\n\n\n<p>Une fois le premier formulaire (i-20) compl\u00e9t\u00e9, vous devez en remplir\n un autre : le DS-160. Concentrez-vous, car une coquille dans les champs\n compromettra votre projet de partir aux USA ; prenez le temps \nn\u00e9cessaire pour renseigner vos coordonn\u00e9es, votre identit\u00e9, vos \nintentions, etc.<\/p>\n\n\n\n<p>Enfin, il vous restera \u00e0 rassembler plusieurs pi\u00e8ces justificatives  pour constituer votre dossier et l\u2019apporter \u00e0 l\u2019ambassade des \u00c9tats-Unis, lors d\u2019un rendez-vous planifi\u00e9. Une fois sur place, pr\u00e9parez votre plus beau discours pour prouver votre volont\u00e9 d\u2019\u00e9tudier aux USA, votre int\u00e9r\u00eat pour le pays et votre m\u00e9rite. Si tout se passe bien, vous recevrez rapidement votre visa !<\/p>\n\n\n\n<p>En parall\u00e8le, divers frais devront \u00eatre r\u00e9gl\u00e9s au fur et \u00e0 mesure de la d\u00e9marche, afin de financer les modalit\u00e9s administratives. Au bout du  compte, l\u2019obtention de visa F1 USA peut n\u00e9cessiter plusieurs centaines  d\u2019euros.<\/p>\n\n\n\n<p>Pr\u00eat pour partir aux \u00c9tats-Unis et profiter de vos \u00e9tudes \u00e0 l\u2019\u00e9tranger gr\u00e2ce au visa F1 ? Nous vous souhaitons bon vent, pensez \u00e0 multiplier vos excursions dans le Grand Canyon, la Floride ou la Californie !<\/p>\n","protected":false},"excerpt":{"rendered":"<p>Visa F1 : la solution pour des \u00e9tudes aux \u00c9tats-Unis Tout voyage sur le territoire am\u00e9ricain passe par une \u00e9tape plus ou moins longue et co\u00fbteuse : l\u2019obtention d\u2019un titre de s\u00e9jour. Il peut s\u2019agir\u00a0d\u2019un ESTA officiel ou d\u2019un visa par exemple. C\u2019est le second qui nous int\u00e9resse ici, et plus particuli\u00e8rement le visa F1. [&hellip;]<\/p>\n","protected":false},"author":1,"featured_media":0,"parent":0,"menu_order":0,"comment_status":"closed","ping_status":"closed","template":"","meta":{"footnotes":""},"class_list":["post-339","page","type-page","status-publish","hentry"],"yoast_head":"<!-- This site is optimized with the Yoast SEO plugin v26.2 - https:\/\/yoast.com\/wordpress\/plugins\/seo\/ -->\n<title>Visa F1 pour faire des \u00e9tudes aux \u00c9tats-Unis<\/title>\n<meta name=\"description\" content=\"D\u00e9couvrez le visa F1, c&#039;est une autorisation accord\u00e9e aux \u00e9tudiants souhaitant assister \u00e0 des cours dans une universit\u00e9 am\u00e9ricaine\" \/>\n<meta name=\"robots\" content=\"index, follow, max-snippet:-1, max-image-preview:large, max-video-preview:-1\" \/>\n<link rel=\"canonical\" href=\"https:\/\/www.esta-officiel-usa.com\/fr\/demande-de-visa-f1-pour-les-usa\/\" \/>\n<meta property=\"og:locale\" content=\"fr_FR\" \/>\n<meta property=\"og:type\" content=\"article\" \/>\n<meta property=\"og:title\" content=\"Visa F1 pour faire des \u00e9tudes aux \u00c9tats-Unis\" \/>\n<meta property=\"og:description\" content=\"D\u00e9couvrez le visa F1, c&#039;est une autorisation accord\u00e9e aux \u00e9tudiants souhaitant assister \u00e0 des cours dans une universit\u00e9 am\u00e9ricaine\" \/>\n<meta property=\"og:url\" content=\"https:\/\/www.esta-officiel-usa.com\/fr\/demande-de-visa-f1-pour-les-usa\/\" \/>\n<meta property=\"og:site_name\" content=\"ESTA - Etats-Unis\" \/>\n<meta property=\"article:modified_time\" content=\"2020-02-01T16:57:10+00:00\" \/>\n<meta name=\"twitter:card\" content=\"summary_large_image\" \/>\n<meta name=\"twitter:label1\" content=\"Dur\u00e9e de lecture estim\u00e9e\" \/>\n\t<meta name=\"twitter:data1\" content=\"4 minutes\" \/>\n<script type=\"application\/ld+json\" class=\"yoast-schema-graph\">{\"@context\":\"https:\/\/schema.org\",\"@graph\":[{\"@type\":\"WebPage\",\"@id\":\"https:\/\/www.esta-officiel-usa.com\/fr\/demande-de-visa-f1-pour-les-usa\/\",\"url\":\"https:\/\/www.esta-officiel-usa.com\/fr\/demande-de-visa-f1-pour-les-usa\/\",\"name\":\"Visa F1 pour faire des \u00e9tudes aux \u00c9tats-Unis\",\"isPartOf\":{\"@id\":\"https:\/\/www.esta-officiel-usa.com\/fr\/#website\"},\"datePublished\":\"2020-01-29T18:53:05+00:00\",\"dateModified\":\"2020-02-01T16:57:10+00:00\",\"description\":\"D\u00e9couvrez le visa F1, c'est une autorisation accord\u00e9e aux \u00e9tudiants souhaitant assister \u00e0 des cours dans une universit\u00e9 am\u00e9ricaine\",\"breadcrumb\":{\"@id\":\"https:\/\/www.esta-officiel-usa.com\/fr\/demande-de-visa-f1-pour-les-usa\/#breadcrumb\"},\"inLanguage\":\"fr-FR\",\"potentialAction\":[{\"@type\":\"ReadAction\",\"target\":[\"https:\/\/www.esta-officiel-usa.com\/fr\/demande-de-visa-f1-pour-les-usa\/\"]}]},{\"@type\":\"BreadcrumbList\",\"@id\":\"https:\/\/www.esta-officiel-usa.com\/fr\/demande-de-visa-f1-pour-les-usa\/#breadcrumb\",\"itemListElement\":[{\"@type\":\"ListItem\",\"position\":1,\"name\":\"Home\",\"item\":\"https:\/\/www.esta-officiel-usa.com\/fr\/\"},{\"@type\":\"ListItem\",\"position\":2,\"name\":\"Visa F1 pour faire des \u00e9tudes aux \u00c9tats-Unis\"}]},{\"@type\":\"WebSite\",\"@id\":\"https:\/\/www.esta-officiel-usa.com\/fr\/#website\",\"url\":\"https:\/\/www.esta-officiel-usa.com\/fr\/\",\"name\":\"ESTA - Etats-Unis\",\"description\":\"Formulaire de demande ESTA\",\"potentialAction\":[{\"@type\":\"SearchAction\",\"target\":{\"@type\":\"EntryPoint\",\"urlTemplate\":\"https:\/\/www.esta-officiel-usa.com\/fr\/?s={search_term_string}\"},\"query-input\":{\"@type\":\"PropertyValueSpecification\",\"valueRequired\":true,\"valueName\":\"search_term_string\"}}],\"inLanguage\":\"fr-FR\"}]}<\/script>\n<!-- \/ Yoast SEO plugin. -->","yoast_head_json":{"title":"Visa F1 pour faire des \u00e9tudes aux \u00c9tats-Unis","description":"D\u00e9couvrez le visa F1, c'est une autorisation accord\u00e9e aux \u00e9tudiants souhaitant assister \u00e0 des cours dans une universit\u00e9 am\u00e9ricaine","robots":{"index":"index","follow":"follow","max-snippet":"max-snippet:-1","max-image-preview":"max-image-preview:large","max-video-preview":"max-video-preview:-1"},"canonical":"https:\/\/www.esta-officiel-usa.com\/fr\/demande-de-visa-f1-pour-les-usa\/","og_locale":"fr_FR","og_type":"article","og_title":"Visa F1 pour faire des \u00e9tudes aux \u00c9tats-Unis","og_description":"D\u00e9couvrez le visa F1, c'est une autorisation accord\u00e9e aux \u00e9tudiants souhaitant assister \u00e0 des cours dans une universit\u00e9 am\u00e9ricaine","og_url":"https:\/\/www.esta-officiel-usa.com\/fr\/demande-de-visa-f1-pour-les-usa\/","og_site_name":"ESTA - Etats-Unis","article_modified_time":"2020-02-01T16:57:10+00:00","twitter_card":"summary_large_image","twitter_misc":{"Dur\u00e9e de lecture estim\u00e9e":"4 minutes"},"schema":{"@context":"https:\/\/schema.org","@graph":[{"@type":"WebPage","@id":"https:\/\/www.esta-officiel-usa.com\/fr\/demande-de-visa-f1-pour-les-usa\/","url":"https:\/\/www.esta-officiel-usa.com\/fr\/demande-de-visa-f1-pour-les-usa\/","name":"Visa F1 pour faire des \u00e9tudes aux \u00c9tats-Unis","isPartOf":{"@id":"https:\/\/www.esta-officiel-usa.com\/fr\/#website"},"datePublished":"2020-01-29T18:53:05+00:00","dateModified":"2020-02-01T16:57:10+00:00","description":"D\u00e9couvrez le visa F1, c'est une autorisation accord\u00e9e aux \u00e9tudiants souhaitant assister \u00e0 des cours dans une universit\u00e9 am\u00e9ricaine","breadcrumb":{"@id":"https:\/\/www.esta-officiel-usa.com\/fr\/demande-de-visa-f1-pour-les-usa\/#breadcrumb"},"inLanguage":"fr-FR","potentialAction":[{"@type":"ReadAction","target":["https:\/\/www.esta-officiel-usa.com\/fr\/demande-de-visa-f1-pour-les-usa\/"]}]},{"@type":"BreadcrumbList","@id":"https:\/\/www.esta-officiel-usa.com\/fr\/demande-de-visa-f1-pour-les-usa\/#breadcrumb","itemListElement":[{"@type":"ListItem","position":1,"name":"Home","item":"https:\/\/www.esta-officiel-usa.com\/fr\/"},{"@type":"ListItem","position":2,"name":"Visa F1 pour faire des \u00e9tudes aux \u00c9tats-Unis"}]},{"@type":"WebSite","@id":"https:\/\/www.esta-officiel-usa.com\/fr\/#website","url":"https:\/\/www.esta-officiel-usa.com\/fr\/","name":"ESTA - Etats-Unis","description":"Formulaire de demande ESTA","potentialAction":[{"@type":"SearchAction","target":{"@type":"EntryPoint","urlTemplate":"https:\/\/www.esta-officiel-usa.com\/fr\/?s={search_term_string}"},"query-input":{"@type":"PropertyValueSpecification","valueRequired":true,"valueName":"search_term_string"}}],"inLanguage":"fr-FR"}]}},"_links":{"self":[{"href":"https:\/\/www.esta-officiel-usa.com\/fr\/wp-json\/wp\/v2\/pages\/339","targetHints":{"allow":["GET"]}}],"collection":[{"href":"https:\/\/www.esta-officiel-usa.com\/fr\/wp-json\/wp\/v2\/pages"}],"about":[{"href":"https:\/\/www.esta-officiel-usa.com\/fr\/wp-json\/wp\/v2\/types\/page"}],"author":[{"embeddable":true,"href":"https:\/\/www.esta-officiel-usa.com\/fr\/wp-json\/wp\/v2\/users\/1"}],"replies":[{"embeddable":true,"href":"https:\/\/www.esta-officiel-usa.com\/fr\/wp-json\/wp\/v2\/comments?post=339"}],"version-history":[{"count":3,"href":"https:\/\/www.esta-officiel-usa.com\/fr\/wp-json\/wp\/v2\/pages\/339\/revisions"}],"predecessor-version":[{"id":508,"href":"https:\/\/www.esta-officiel-usa.com\/fr\/wp-json\/wp\/v2\/pages\/339\/revisions\/508"}],"wp:attachment":[{"href":"https:\/\/www.esta-officiel-usa.com\/fr\/wp-json\/wp\/v2\/media?parent=339"}],"curies":[{"name":"wp","href":"https:\/\/api.w.org\/{rel}","templated":true}]}}