{"id":341,"date":"2020-01-29T19:38:11","date_gmt":"2020-01-29T19:38:11","guid":{"rendered":"http:\/\/www.esta-officiel-usa.com\/?page_id=341"},"modified":"2020-02-14T09:03:51","modified_gmt":"2020-02-14T09:03:51","slug":"esta-usa-pour-90-jours","status":"publish","type":"page","link":"https:\/\/www.esta-officiel-usa.com\/fr\/esta-usa-pour-90-jours\/","title":{"rendered":"L\u2019ESTA valable pour 90 jours aux \u00c9tats-Unis"},"content":{"rendered":"\n<h1 class=\"wp-block-heading\">L\u2019ESTA de 90 jours pour les \u00c9tats-Unis<\/h1>\n\n\n\n<p>Partir aux USA pour des vacances, un stage, un semestre d\u2019\u00e9tudes ou  encore un job d\u2019\u00e9t\u00e9 implique d\u2019obtenir un titre de s\u00e9jour tel qu\u2019un visa ou un <a href=\"https:\/\/www.esta-officiel-usa.com\/fr\/\">ESTA officiel<\/a>.  Selon le document, vous pourrez rester plus ou moins longtemps sur le sol am\u00e9ricain. Nos experts pr\u00e9sentent sur cette page la dur\u00e9e de l\u2019ESTA, 90 jours cons\u00e9cutifs en l\u2019occurrence. Il s\u2019agit d\u2019une p\u00e9riode  maximale ; vous pouvez tout \u00e0 fait voyager aux \u00c9tats-Unis deux semaines  et repartir.<\/p>\n\n\n\n<p>En premier lieu, nous vous donnons les cl\u00e9s pour conna\u00eetre dans les  grandes lignes la demande d\u2019ESTA, bien connue des voyageurs fran\u00e7ais  passant leurs vacances ou transitant sur le territoire am\u00e9ricain. Ensuite, vous d\u00e9couvrirez les risques \u00e0 rester l\u00e0-bas en d\u00e9pit d\u2019un titre p\u00e9rim\u00e9, m\u00eame si vous poss\u00e9dez un passeport \u00e9lectronique en cours de validit\u00e9. Lisez bien cet article, cela vous \u00e9vitera d\u2019\u00e9ventuelles complications avec les autorit\u00e9s am\u00e9ricaines, d\u2019autant plus que le d\u00e9partement de la s\u00e9curit\u00e9 int\u00e9rieure plaisante rarement avec les visiteurs ne respectant pas les r\u00e8gles en vigueur.<br> &nbsp;<\/p>\n\n\n\n<h2 class=\"wp-block-heading\">Avec l\u2019autorisation ESTA, jusqu\u2019\u00e0 90 jours de suite aux USA<\/h2>\n\n\n\n<p>Vous \u00eates Fran\u00e7ais et souhaitez visiter les \u00c9tats-Unis pour quelques \nsemaines de vacances ? Pas besoin de visa dans ce cas, il vous suffit de\n partir gr\u00e2ce au Visa Waiver Program (Programme d\u2019Exemption de Visa). Le\n VWP vous permet d\u2019\u00e9viter la longue d\u00e9marche d\u2019obtention de visa en \ndemandant simplement un ESTA. Cette autorisation ne n\u00e9cessite aucun \nentretien \u00e0 l\u2019ambassade am\u00e9ricaine, en plus de co\u00fbter bien moins cher \nqu\u2019un visa USA. La contre-partie ? Vous ne pouvez r\u00e9sider que 90 jours \ncons\u00e9cutifs maximum (six mois pour son homologue).<\/p>\n\n\n\n<p>L\u2019ESTA 90 jours vaut pour des vacances, mais aussi pour des voyages d\u2019affaires ou un <a href=\"https:\/\/www.esta-officiel-usa.com\/fr\/esta-pour-transit-aux-etats-unis\/\">transit<\/a> (correspondance a\u00e9rienne sans quitter l\u2019a\u00e9roport am\u00e9ricain). Seule  condition suppl\u00e9mentaire : poss\u00e9der un passeport biom\u00e9trique ou  \u00e9lectronique. \u00c9videmment, celui-ci doit \u00eatre valide ; en outre, son  expiration ne doit pas survenir au cours du voyage aux USA. V\u00e9rifiez  bien la date de validit\u00e9 du passeport.<\/p>\n\n\n\n<p>Afin de s\u2019assurer qu\u2019un visiteur ne compte pas d\u00e9passer les 90 jours  maximum autoris\u00e9s, tout demandeur doit renseigner ses dates d\u2019arriv\u00e9e et  de d\u00e9part (c\u2019est-\u00e0-dire les dates aller-retour des vols ou des  embarquements) dans le <a href=\"https:\/\/www.esta-officiel-usa.com\/fr\/formulaire-esta-a-qui-est-il-destine\/\">formulaire ESTA<\/a>, accessible uniquement sur Internet. En effet, \u00e0 la diff\u00e9rence de la  demande de visa, celle de l\u2019ESTA requiert seulement de remplir le  formulaire en ligne ad\u00e9quat, disponible sur le site officiel du  gouvernement (ou sur une plateforme priv\u00e9e). Bien s\u00fbr, vous devez  attendre de recevoir une r\u00e9ponse affirmative des syst\u00e8mes \u00e9lectroniques  avant d\u2019accomplir votre voyage aux \u00c9tats-Unis, sous peine de ne pas  passer le contr\u00f4le.<\/p>\n\n\n\n<p>Attention, la dur\u00e9e de 90 jours de l\u2019ESTA ne doit pas \u00eatre confondue avec la <a href=\"https:\/\/www.esta-officiel-usa.com\/fr\/la-duree-de-validite-de-lesta\/\">dur\u00e9e de validit\u00e9<\/a> de deux ans. Le document ESTA permet un nombre illimit\u00e9 de d\u00e9placements  chez l\u2019Oncle Sam pendant 2 ans, tant que chaque d\u00e9placement ne d\u00e9passe  pas 90 jours. Il convient de patienter durant une p\u00e9riode \u00ab raisonnable \u00bb  entre chaque s\u00e9jour (ceci est \u00e9valu\u00e9 par un officier de l\u2019immigration).  Pour faire simple, lorsque vous revenez d\u2019une excursion de 3 mois, ne  retournez pas aux USA quelques jours plus tard, m\u00eame si votre ESTA est  toujours valide. Attendez quelques semaines pour \u00eatre s\u00fbr d\u2019\u00eatre  accept\u00e9.<\/p>\n\n\n\n<h2 class=\"wp-block-heading\">Que se passe-t-il en cas de d\u00e9passement des 90 jours ?<\/h2>\n\n\n\n<p>Plusieurs raisons peuvent amener \u00e0 d\u00e9passer la dur\u00e9e autoris\u00e9e par l\u2019ESTA :<\/p>\n\n\n\n<ul class=\"wp-block-list\"><li>Un oubli : vous vous plaisez un peu trop en Floride ou en \nCalifornie et avez oubli\u00e9 de prendre votre avion de retour. Ceci est peu\n probable mais pas impossible ;<\/li><li>Un probl\u00e8me avec la compagnie a\u00e9rienne ou maritime : votre s\u00e9jour \naux \u00c9tats-Unis devait se terminer exactement au bout de 90 jours avec \nl\u2019ESTA, malheureusement, vous n\u2019\u00eates pas parvenu \u00e0 prendre l\u2019avion ou le\n bateau vous ramenant en France (ou dans un autre pays b\u00e9n\u00e9ficiaire du \nprogramme d\u2019exemption de visa am\u00e9ricain) ;<\/li><li>Une volont\u00e9 de rester plus longtemps que pr\u00e9vu : en connaissance de\n cause, vous d\u00e9cidez de d\u00e9passer la dur\u00e9e permise par votre autorisation\n de s\u00e9jour temporaire ;<\/li><\/ul>\n\n\n\n<p>Peu importe le contexte, le r\u00e9sultat est le m\u00eame : vous devenez un \nimmigrant ill\u00e9gal aux yeux du gouvernement am\u00e9ricain. Ceci finira \ns\u00fbrement par se savoir, soit lorsque vous quitterez le pays (contr\u00f4le de\n l\u2019ESTA par les officiers \u00e0 l\u2019a\u00e9roport ou au port), soit lors d\u2019un \ncontr\u00f4le de routine \u00e0 l\u2019int\u00e9rieur des fronti\u00e8res.<\/p>\n\n\n\n<p>Les ennuis commencent alors : non seulement vous pouvez oublier toute\n nouvelle demande d\u2019ESTA, et plus globalement tout nouveau voyage aux \nUSA, car m\u00eame une demande de visa risque d\u2019aboutir \u00e0 un refus en cas \nd\u2019abus. Peut-\u00eatre aurez-vous de la chance si vous n\u2019avez d\u00e9pass\u00e9 que de \ntr\u00e8s peu les 90 jours autoris\u00e9s.<\/p>\n\n\n\n<p>Plus grave, vous pouvez \u00eatre arr\u00eat\u00e9, expuls\u00e9 voire passer quelque \ntemps en d\u00e9tention. Mieux vaut vous pr\u00e9venir d\u2019une telle situation en \nprenant les dispositions n\u00e9cessaires. Ainsi, pr\u00e9voyez par exemple \nquelques jours de s\u00e9curit\u00e9 en cas de voyage de 3 mois : r\u00e9servez votre \nbillet d\u2019avion aller-retour pour 87 jours au cas o\u00f9. Sinon, optez pour \nun visa.<\/p>\n\n\n\n<p>Note : parfois, un souci majeur vous emp\u00eache de sortir des \u00c9tats-Unis  d\u2019Am\u00e9rique avant les 90 jours de l\u2019ESTA. Par exemple, une  hospitalisation. Il faut alors tout faire pour obtenir et conserver  pr\u00e9cieusement une preuve mat\u00e9rielle de ce genre de situations impr\u00e9visibles. Les responsables de la s\u00e9curit\u00e9 nationale pourront se montrer indulgents.<\/p>\n\n\n\n<p>Vous l\u2019avez compris : il est essentiel de bien s\u2019organiser et de rester attentif \u00e0 la validit\u00e9 de votre ESTA 90 jours quand vous planifiez de voyager aux \u00c9tats-Unis. Sinon, votre s\u00e9jour touristique ou d\u2019affaires se transformera rapidement en m\u00e9saventure \u00e0 oublier plut\u00f4t qu\u2019en r\u00eave am\u00e9ricain.<\/p>\n","protected":false},"excerpt":{"rendered":"<p>L\u2019ESTA de 90 jours pour les \u00c9tats-Unis Partir aux USA pour des vacances, un stage, un semestre d\u2019\u00e9tudes ou encore un job d\u2019\u00e9t\u00e9 implique d\u2019obtenir un titre de s\u00e9jour tel qu\u2019un visa ou un ESTA officiel. Selon le document, vous pourrez rester plus ou moins longtemps sur le sol am\u00e9ricain. Nos experts pr\u00e9sentent sur cette [&hellip;]<\/p>\n","protected":false},"author":1,"featured_media":0,"parent":0,"menu_order":0,"comment_status":"closed","ping_status":"closed","template":"","meta":{"footnotes":""},"class_list":["post-341","page","type-page","status-publish","hentry"],"yoast_head":"<!-- This site is optimized with the Yoast SEO plugin v26.2 - https:\/\/yoast.com\/wordpress\/plugins\/seo\/ -->\n<title>L\u2019ESTA valable pour 90 jours aux \u00c9tats-Unis<\/title>\n<meta name=\"description\" content=\"La dur\u00e9e d&#039;un s\u00e9jour aux Etats-Unis grace \u00e0 un ESTA ne peut exc\u00e9der 90 jours sur place, au risque d&#039;encourir des poursuites des autorit\u00e9s am\u00e9ricaines\" \/>\n<meta name=\"robots\" content=\"index, follow, max-snippet:-1, max-image-preview:large, max-video-preview:-1\" \/>\n<link rel=\"canonical\" href=\"https:\/\/www.esta-officiel-usa.com\/fr\/esta-usa-pour-90-jours\/\" \/>\n<meta property=\"og:locale\" content=\"fr_FR\" \/>\n<meta property=\"og:type\" content=\"article\" \/>\n<meta property=\"og:title\" content=\"L\u2019ESTA valable pour 90 jours aux \u00c9tats-Unis\" \/>\n<meta property=\"og:description\" content=\"La dur\u00e9e d&#039;un s\u00e9jour aux Etats-Unis grace \u00e0 un ESTA ne peut exc\u00e9der 90 jours sur place, au risque d&#039;encourir des poursuites des autorit\u00e9s am\u00e9ricaines\" \/>\n<meta property=\"og:url\" content=\"https:\/\/www.esta-officiel-usa.com\/fr\/esta-usa-pour-90-jours\/\" \/>\n<meta property=\"og:site_name\" content=\"ESTA - Etats-Unis\" \/>\n<meta property=\"article:modified_time\" content=\"2020-02-14T09:03:51+00:00\" \/>\n<meta name=\"twitter:card\" content=\"summary_large_image\" \/>\n<meta name=\"twitter:label1\" content=\"Dur\u00e9e de lecture estim\u00e9e\" \/>\n\t<meta name=\"twitter:data1\" content=\"5 minutes\" \/>\n<script type=\"application\/ld+json\" class=\"yoast-schema-graph\">{\"@context\":\"https:\/\/schema.org\",\"@graph\":[{\"@type\":\"WebPage\",\"@id\":\"https:\/\/www.esta-officiel-usa.com\/fr\/esta-usa-pour-90-jours\/\",\"url\":\"https:\/\/www.esta-officiel-usa.com\/fr\/esta-usa-pour-90-jours\/\",\"name\":\"L\u2019ESTA valable pour 90 jours aux \u00c9tats-Unis\",\"isPartOf\":{\"@id\":\"https:\/\/www.esta-officiel-usa.com\/fr\/#website\"},\"datePublished\":\"2020-01-29T19:38:11+00:00\",\"dateModified\":\"2020-02-14T09:03:51+00:00\",\"description\":\"La dur\u00e9e d'un s\u00e9jour aux Etats-Unis grace \u00e0 un ESTA ne peut exc\u00e9der 90 jours sur place, au risque d'encourir des poursuites des autorit\u00e9s am\u00e9ricaines\",\"breadcrumb\":{\"@id\":\"https:\/\/www.esta-officiel-usa.com\/fr\/esta-usa-pour-90-jours\/#breadcrumb\"},\"inLanguage\":\"fr-FR\",\"potentialAction\":[{\"@type\":\"ReadAction\",\"target\":[\"https:\/\/www.esta-officiel-usa.com\/fr\/esta-usa-pour-90-jours\/\"]}]},{\"@type\":\"BreadcrumbList\",\"@id\":\"https:\/\/www.esta-officiel-usa.com\/fr\/esta-usa-pour-90-jours\/#breadcrumb\",\"itemListElement\":[{\"@type\":\"ListItem\",\"position\":1,\"name\":\"Home\",\"item\":\"https:\/\/www.esta-officiel-usa.com\/fr\/\"},{\"@type\":\"ListItem\",\"position\":2,\"name\":\"L\u2019ESTA valable pour 90 jours aux \u00c9tats-Unis\"}]},{\"@type\":\"WebSite\",\"@id\":\"https:\/\/www.esta-officiel-usa.com\/fr\/#website\",\"url\":\"https:\/\/www.esta-officiel-usa.com\/fr\/\",\"name\":\"ESTA - Etats-Unis\",\"description\":\"Formulaire de demande ESTA\",\"potentialAction\":[{\"@type\":\"SearchAction\",\"target\":{\"@type\":\"EntryPoint\",\"urlTemplate\":\"https:\/\/www.esta-officiel-usa.com\/fr\/?s={search_term_string}\"},\"query-input\":{\"@type\":\"PropertyValueSpecification\",\"valueRequired\":true,\"valueName\":\"search_term_string\"}}],\"inLanguage\":\"fr-FR\"}]}<\/script>\n<!-- \/ Yoast SEO plugin. -->","yoast_head_json":{"title":"L\u2019ESTA valable pour 90 jours aux \u00c9tats-Unis","description":"La dur\u00e9e d'un s\u00e9jour aux Etats-Unis grace \u00e0 un ESTA ne peut exc\u00e9der 90 jours sur place, au risque d'encourir des poursuites des autorit\u00e9s am\u00e9ricaines","robots":{"index":"index","follow":"follow","max-snippet":"max-snippet:-1","max-image-preview":"max-image-preview:large","max-video-preview":"max-video-preview:-1"},"canonical":"https:\/\/www.esta-officiel-usa.com\/fr\/esta-usa-pour-90-jours\/","og_locale":"fr_FR","og_type":"article","og_title":"L\u2019ESTA valable pour 90 jours aux \u00c9tats-Unis","og_description":"La dur\u00e9e d'un s\u00e9jour aux Etats-Unis grace \u00e0 un ESTA ne peut exc\u00e9der 90 jours sur place, au risque d'encourir des poursuites des autorit\u00e9s am\u00e9ricaines","og_url":"https:\/\/www.esta-officiel-usa.com\/fr\/esta-usa-pour-90-jours\/","og_site_name":"ESTA - Etats-Unis","article_modified_time":"2020-02-14T09:03:51+00:00","twitter_card":"summary_large_image","twitter_misc":{"Dur\u00e9e de lecture estim\u00e9e":"5 minutes"},"schema":{"@context":"https:\/\/schema.org","@graph":[{"@type":"WebPage","@id":"https:\/\/www.esta-officiel-usa.com\/fr\/esta-usa-pour-90-jours\/","url":"https:\/\/www.esta-officiel-usa.com\/fr\/esta-usa-pour-90-jours\/","name":"L\u2019ESTA valable pour 90 jours aux \u00c9tats-Unis","isPartOf":{"@id":"https:\/\/www.esta-officiel-usa.com\/fr\/#website"},"datePublished":"2020-01-29T19:38:11+00:00","dateModified":"2020-02-14T09:03:51+00:00","description":"La dur\u00e9e d'un s\u00e9jour aux Etats-Unis grace \u00e0 un ESTA ne peut exc\u00e9der 90 jours sur place, au risque d'encourir des poursuites des autorit\u00e9s am\u00e9ricaines","breadcrumb":{"@id":"https:\/\/www.esta-officiel-usa.com\/fr\/esta-usa-pour-90-jours\/#breadcrumb"},"inLanguage":"fr-FR","potentialAction":[{"@type":"ReadAction","target":["https:\/\/www.esta-officiel-usa.com\/fr\/esta-usa-pour-90-jours\/"]}]},{"@type":"BreadcrumbList","@id":"https:\/\/www.esta-officiel-usa.com\/fr\/esta-usa-pour-90-jours\/#breadcrumb","itemListElement":[{"@type":"ListItem","position":1,"name":"Home","item":"https:\/\/www.esta-officiel-usa.com\/fr\/"},{"@type":"ListItem","position":2,"name":"L\u2019ESTA valable pour 90 jours aux \u00c9tats-Unis"}]},{"@type":"WebSite","@id":"https:\/\/www.esta-officiel-usa.com\/fr\/#website","url":"https:\/\/www.esta-officiel-usa.com\/fr\/","name":"ESTA - Etats-Unis","description":"Formulaire de demande ESTA","potentialAction":[{"@type":"SearchAction","target":{"@type":"EntryPoint","urlTemplate":"https:\/\/www.esta-officiel-usa.com\/fr\/?s={search_term_string}"},"query-input":{"@type":"PropertyValueSpecification","valueRequired":true,"valueName":"search_term_string"}}],"inLanguage":"fr-FR"}]}},"_links":{"self":[{"href":"https:\/\/www.esta-officiel-usa.com\/fr\/wp-json\/wp\/v2\/pages\/341","targetHints":{"allow":["GET"]}}],"collection":[{"href":"https:\/\/www.esta-officiel-usa.com\/fr\/wp-json\/wp\/v2\/pages"}],"about":[{"href":"https:\/\/www.esta-officiel-usa.com\/fr\/wp-json\/wp\/v2\/types\/page"}],"author":[{"embeddable":true,"href":"https:\/\/www.esta-officiel-usa.com\/fr\/wp-json\/wp\/v2\/users\/1"}],"replies":[{"embeddable":true,"href":"https:\/\/www.esta-officiel-usa.com\/fr\/wp-json\/wp\/v2\/comments?post=341"}],"version-history":[{"count":4,"href":"https:\/\/www.esta-officiel-usa.com\/fr\/wp-json\/wp\/v2\/pages\/341\/revisions"}],"predecessor-version":[{"id":564,"href":"https:\/\/www.esta-officiel-usa.com\/fr\/wp-json\/wp\/v2\/pages\/341\/revisions\/564"}],"wp:attachment":[{"href":"https:\/\/www.esta-officiel-usa.com\/fr\/wp-json\/wp\/v2\/media?parent=341"}],"curies":[{"name":"wp","href":"https:\/\/api.w.org\/{rel}","templated":true}]}}