{"id":343,"date":"2020-01-29T19:43:52","date_gmt":"2020-01-29T19:43:52","guid":{"rendered":"http:\/\/www.esta-officiel-usa.com\/?page_id=343"},"modified":"2024-04-12T08:09:23","modified_gmt":"2024-04-12T08:09:23","slug":"etats-unis-demander-un-visa-ou-lesta","status":"publish","type":"page","link":"https:\/\/www.esta-officiel-usa.com\/fr\/etats-unis-demander-un-visa-ou-lesta\/","title":{"rendered":"Diff\u00e9rence entre l&rsquo;ESTA et un visa am\u00e9ricain"},"content":{"rendered":"\n<h1 class=\"wp-block-heading\">ESTA ou visa : lequel demander ?<\/h1>\n\n\n\n<p>Tout voyage temporaire aux \u00c9tats-Unis n\u00e9cessite une autorisation de \ns\u00e9jour. Il en existe plusieurs, notamment le visa et l\u2019ESTA pour un \nressortissant fran\u00e7ais. Mais lequel des deux est le mieux adapt\u00e9 \u00e0 votre\n projet ? Nous vous expliquons dans cet article les diff\u00e9rences entre \nles deux documents, que ce soit en termes d\u2019obtention, d\u2019objectif ou \nd\u2019opportunit\u00e9&nbsp;qu\u2019ils vous offrent.<\/p>\n\n\n\n<h2 class=\"wp-block-heading\">L\u2019ESTA, beaucoup plus simple qu\u2019un visa<\/h2>\n\n\n\n<p><a href=\"https:\/\/www.esta-officiel-usa.com\/fr\/quelles-sont-les-regles-dobtention-de-lesta\/\">Les r\u00e8gles d\u2019obtention<\/a> de l\u2019<a href=\"https:\/\/www.esta-officiel-usa.com\/fr\/\">ESTA officiel<\/a>  sont contr\u00f4l\u00e9es et renforc\u00e9es par un questionnaire en ligne auquel  chaque pr\u00e9tendant doit r\u00e9pondre. Si vous ne respectez pas les crit\u00e8res  ci-dessous, vous devez vous r\u00e9f\u00e9rer \u00e0 la partie suivante sur le <a href=\"https:\/\/www.esta-officiel-usa.com\/fr\/quels-sont-les-differents-visas-pour-les-usa\/\">visa pour les USA<\/a>.  En effet, vous n\u2019avez aucune chance de recevoir l\u2019autorisation d\u2019ESTA  si votre voyage ne correspond pas \u00e0 TOUS les points \u00e9voqu\u00e9s :<\/p>\n\n\n\n<ul class=\"wp-block-list\">\n<li>s\u00e9jour de <a href=\"https:\/\/www.esta-officiel-usa.com\/fr\/esta-usa-pour-90-jours\/\">90 jours cons\u00e9cutifs maximum<\/a> ;<\/li>\n\n\n\n<li>s\u00e9jour touristique, d\u2019affaires ou\u00a0transit ;\u00a0<\/li>\n\n\n\n<li>vous n&rsquo;avez pas de casier judiciaire, troubles mentaux ou maladie  contagieuse et n&rsquo;avez pas voyag\u00e9 dans un pays dit incompatible avec les  USA depuis le 1er mars 2011 ;<\/li>\n\n\n\n<li>votre passeport est biom\u00e9trique ou \u00e9lectronique, et valide jusqu\u2019\u00e0 la fin de votre voyage ;<\/li>\n\n\n\n<li>vous \u00eates ressortissant d\u2019un pays du programme d\u2019exemption de visa, et n&rsquo;avez pas pour double nationalit\u00e9 la nationalit\u00e9 irakienne, syrienne, soudanaise ou iranienne.<\/li>\n<\/ul>\n\n\n\n<p>Si tout ceci est respect\u00e9, vous pouvez <a href=\"https:\/\/www.esta-officiel-usa.com\/fr\/le-formulaire-esta-pour-les-usa-a-completer\/\">compl\u00e9ter le formulaire ESTA<\/a>  disponible sur Internet.  Attention toutefois de comprendre que l&rsquo;approbation n&rsquo;est pas garantie.  L\u2019avantage principal de l\u2019ESTA est son accessibilit\u00e9, autant en termes  de temps que de co\u00fbt. Le formulaire se remplit rapidement et la  r\u00e9ponse&nbsp;vous parvient en 72h maximum (en g\u00e9n\u00e9ral le jour m\u00eame), sous  format PDF. Notre conseil : imprimez la fiche pour \u00e9viter toute  complication \u00e0 la fronti\u00e8re, m\u00eame si ce n\u2019est pas impos\u00e9.<\/p>\n\n\n\n<p>Si vous comptez travailler aux \u00c9tats-Unis, y effectuer un stage, <a href=\"https:\/\/www.esta-officiel-usa.com\/fr\/comment-etudier-dans-une-universite-americaine\/\">\u00e9tudier dans une universit\u00e9 am\u00e9ricaine<\/a>, vous expatrier\u2026, ne perdez pas de temps avec une commande d\u2019ESTA : tournez vous directement vers un visa.<\/p>\n\n\n\n<h2 class=\"wp-block-heading\">Le visa est plus sp\u00e9cifique que l\u2019ESTA<\/h2>\n\n\n\n<p>Contrairement \u00e0 l\u2019ESTA qui couvre un \u00e9ventail vari\u00e9 de raisons de s\u00e9jour, le <a href=\"https:\/\/www.esta-officiel-usa.com\/fr\/quelle-est-la-duree-de-validite-dun-visa-usa\/\">visa am\u00e9ricain<\/a> se d\u00e9cline en de multiples documents propres \u00e0 chaque situation.  D\u2019ailleurs, la cr\u00e9ation r\u00e9cente de l\u2019ESTA a permis de soulager les  services de traitement des demandes de visa. Ce dernier s\u2019adresse aux  \u00e9trangers qui ne sont pas concern\u00e9s par le <a href=\"https:\/\/www.esta-officiel-usa.com\/fr\/a-propos-du-visa-waiver-program\/\">Visa Waiver Program<\/a>, ou ne satisfont pas les crit\u00e8res mentionn\u00e9s ci-dessus.<\/p>\n\n\n\n<p>Cette autorisation est plus co\u00fbteuse et longue que la premi\u00e8re. Vous devez par exemple vous rendre au consulat ou \u00e0 <a href=\"https:\/\/www.esta-officiel-usa.com\/fr\/se-rendre-a-lambassade-des-usa-pour-un-visa\/\">l\u2019ambassade des USA<\/a> (\u00e0 Paris) pour passer un entretien d\u00e9terminant, et justifier de moyens financiers suffisants pour vivre sur le territoire am\u00e9ricain. Prenez de l\u2019avance, car il n\u2019est plus du tout question des 72h de l\u2019ESTA. Comptez plut\u00f4t plusieurs semaines voire plusieurs mois.<\/p>\n\n\n\n<p>Chaque motif a son visa correspondant :<\/p>\n\n\n\n<ul class=\"wp-block-list\">\n<li>affaires : visa B1<\/li>\n\n\n\n<li>tourisme : visa B2<\/li>\n\n\n\n<li>stage : visa H3\u00a0<\/li>\n\n\n\n<li>\u00e9tudes : <a href=\"https:\/\/www.esta-officiel-usa.com\/fr\/demande-de-visa-f1-pour-les-usa\/\">visa F1<\/a><\/li>\n\n\n\n<li>emploi temporaire : visa H2A<\/li>\n\n\n\n<li>emploi sp\u00e9cialis\u00e9 : <a href=\"https:\/\/www.esta-officiel-usa.com\/fr\/trouver-un-emploi-aux-usa-grace-au-visa-h1b\/\">visa H1B<\/a><\/li>\n\n\n\n<li>direction d\u2019entreprise : <a href=\"https:\/\/www.esta-officiel-usa.com\/fr\/comment-faire-pour-investir-aux-etats-unis-avec-le-visa-e1-e2\/\">visa E1<\/a><\/li>\n\n\n\n<li>investir dans une entreprise : <a href=\"https:\/\/www.esta-officiel-usa.com\/fr\/comment-faire-pour-investir-aux-etats-unis-avec-le-visa-e1-e2\/\">visa E2<\/a><\/li>\n\n\n\n<li>transfert de g\u00e9rant, cadre, employ\u00e9 sp\u00e9cialis\u00e9 : <a href=\"https:\/\/www.esta-officiel-usa.com\/fr\/tout-savoir-sur-le-visa-l1-concernant-le-transfert-de-cadre-aux-usa\/\">visa L1<\/a><\/li>\n\n\n\n<li>programme d&rsquo;\u00e9change : <a href=\"https:\/\/www.esta-officiel-usa.com\/fr\/lessentiel-que-vous-devez-connaitre-sur-le-visa-j1-pour-les-usa\/\">visa J1<\/a><\/li>\n\n\n\n<li>artistes, athl\u00e8tes et scientifiques de haut niveau : <a href=\"https:\/\/www.esta-officiel-usa.com\/fr\/aller-aux-usa-en-tant-quathlete-ou-artiste-avec-un-visa-o-et-p\/\">visa O et P<\/a><\/li>\n\n\n\n<li>etc.<\/li>\n<\/ul>\n\n\n\n<p><a href=\"https:\/\/www.esta-officiel-usa.com\/fr\/la-liste-des-visas-pour-les-usa\/\">La liste des visas am\u00e9ricains<\/a> est tr\u00e8s longue, alors choisissez bien votre visa avant d\u2019en faire la demande. Sachez \u00e9galement que l&rsquo;id\u00e9e d&rsquo;un <a href=\"https:\/\/www.esta-officiel-usa.com\/fr\/le-start-up-visa-program-aux-usa\/\">Start-up Visa Program<\/a> pour les investisseurs aux USA a \u00e9t\u00e9 abandonn\u00e9e en 2018.<\/p>\n","protected":false},"excerpt":{"rendered":"<p>ESTA ou visa : lequel demander ? Tout voyage temporaire aux \u00c9tats-Unis n\u00e9cessite une autorisation de s\u00e9jour. Il en existe plusieurs, notamment le visa et l\u2019ESTA pour un ressortissant fran\u00e7ais. Mais lequel des deux est le mieux adapt\u00e9 \u00e0 votre projet ? Nous vous expliquons dans cet article les diff\u00e9rences entre les deux documents, que [&hellip;]<\/p>\n","protected":false},"author":1,"featured_media":0,"parent":0,"menu_order":0,"comment_status":"closed","ping_status":"closed","template":"","meta":{"footnotes":""},"class_list":["post-343","page","type-page","status-publish","hentry"],"yoast_head":"<!-- This site is optimized with the Yoast SEO plugin v26.2 - https:\/\/yoast.com\/wordpress\/plugins\/seo\/ -->\n<title>Diff\u00e9rence entre l&#039;ESTA et un visa am\u00e9ricain<\/title>\n<meta name=\"description\" content=\"Tout voyage aux \u00c9tats-Unis n\u00e9cessite une autorisation de s\u00e9jour. Il en existe plusieurs, notamment le visa et l\u2019ESTA\" \/>\n<meta name=\"robots\" content=\"index, follow, max-snippet:-1, max-image-preview:large, max-video-preview:-1\" \/>\n<link rel=\"canonical\" href=\"https:\/\/www.esta-officiel-usa.com\/fr\/etats-unis-demander-un-visa-ou-lesta\/\" \/>\n<meta property=\"og:locale\" content=\"fr_FR\" \/>\n<meta property=\"og:type\" content=\"article\" \/>\n<meta property=\"og:title\" content=\"Diff\u00e9rence entre l&#039;ESTA et un visa am\u00e9ricain\" \/>\n<meta property=\"og:description\" content=\"Tout voyage aux \u00c9tats-Unis n\u00e9cessite une autorisation de s\u00e9jour. Il en existe plusieurs, notamment le visa et l\u2019ESTA\" \/>\n<meta property=\"og:url\" content=\"https:\/\/www.esta-officiel-usa.com\/fr\/etats-unis-demander-un-visa-ou-lesta\/\" \/>\n<meta property=\"og:site_name\" content=\"ESTA - Etats-Unis\" \/>\n<meta property=\"article:modified_time\" content=\"2024-04-12T08:09:23+00:00\" \/>\n<meta name=\"twitter:card\" content=\"summary_large_image\" \/>\n<meta name=\"twitter:label1\" content=\"Dur\u00e9e de lecture estim\u00e9e\" \/>\n\t<meta name=\"twitter:data1\" content=\"3 minutes\" \/>\n<script type=\"application\/ld+json\" class=\"yoast-schema-graph\">{\"@context\":\"https:\/\/schema.org\",\"@graph\":[{\"@type\":\"WebPage\",\"@id\":\"https:\/\/www.esta-officiel-usa.com\/fr\/etats-unis-demander-un-visa-ou-lesta\/\",\"url\":\"https:\/\/www.esta-officiel-usa.com\/fr\/etats-unis-demander-un-visa-ou-lesta\/\",\"name\":\"Diff\u00e9rence entre l'ESTA et un visa am\u00e9ricain\",\"isPartOf\":{\"@id\":\"https:\/\/www.esta-officiel-usa.com\/fr\/#website\"},\"datePublished\":\"2020-01-29T19:43:52+00:00\",\"dateModified\":\"2024-04-12T08:09:23+00:00\",\"description\":\"Tout voyage aux \u00c9tats-Unis n\u00e9cessite une autorisation de s\u00e9jour. Il en existe plusieurs, notamment le visa et l\u2019ESTA\",\"breadcrumb\":{\"@id\":\"https:\/\/www.esta-officiel-usa.com\/fr\/etats-unis-demander-un-visa-ou-lesta\/#breadcrumb\"},\"inLanguage\":\"fr-FR\",\"potentialAction\":[{\"@type\":\"ReadAction\",\"target\":[\"https:\/\/www.esta-officiel-usa.com\/fr\/etats-unis-demander-un-visa-ou-lesta\/\"]}]},{\"@type\":\"BreadcrumbList\",\"@id\":\"https:\/\/www.esta-officiel-usa.com\/fr\/etats-unis-demander-un-visa-ou-lesta\/#breadcrumb\",\"itemListElement\":[{\"@type\":\"ListItem\",\"position\":1,\"name\":\"Home\",\"item\":\"https:\/\/www.esta-officiel-usa.com\/fr\/\"},{\"@type\":\"ListItem\",\"position\":2,\"name\":\"Diff\u00e9rence entre l&rsquo;ESTA et un visa am\u00e9ricain\"}]},{\"@type\":\"WebSite\",\"@id\":\"https:\/\/www.esta-officiel-usa.com\/fr\/#website\",\"url\":\"https:\/\/www.esta-officiel-usa.com\/fr\/\",\"name\":\"ESTA - Etats-Unis\",\"description\":\"Formulaire de demande ESTA\",\"potentialAction\":[{\"@type\":\"SearchAction\",\"target\":{\"@type\":\"EntryPoint\",\"urlTemplate\":\"https:\/\/www.esta-officiel-usa.com\/fr\/?s={search_term_string}\"},\"query-input\":{\"@type\":\"PropertyValueSpecification\",\"valueRequired\":true,\"valueName\":\"search_term_string\"}}],\"inLanguage\":\"fr-FR\"}]}<\/script>\n<!-- \/ Yoast SEO plugin. -->","yoast_head_json":{"title":"Diff\u00e9rence entre l'ESTA et un visa am\u00e9ricain","description":"Tout voyage aux \u00c9tats-Unis n\u00e9cessite une autorisation de s\u00e9jour. Il en existe plusieurs, notamment le visa et l\u2019ESTA","robots":{"index":"index","follow":"follow","max-snippet":"max-snippet:-1","max-image-preview":"max-image-preview:large","max-video-preview":"max-video-preview:-1"},"canonical":"https:\/\/www.esta-officiel-usa.com\/fr\/etats-unis-demander-un-visa-ou-lesta\/","og_locale":"fr_FR","og_type":"article","og_title":"Diff\u00e9rence entre l'ESTA et un visa am\u00e9ricain","og_description":"Tout voyage aux \u00c9tats-Unis n\u00e9cessite une autorisation de s\u00e9jour. Il en existe plusieurs, notamment le visa et l\u2019ESTA","og_url":"https:\/\/www.esta-officiel-usa.com\/fr\/etats-unis-demander-un-visa-ou-lesta\/","og_site_name":"ESTA - Etats-Unis","article_modified_time":"2024-04-12T08:09:23+00:00","twitter_card":"summary_large_image","twitter_misc":{"Dur\u00e9e de lecture estim\u00e9e":"3 minutes"},"schema":{"@context":"https:\/\/schema.org","@graph":[{"@type":"WebPage","@id":"https:\/\/www.esta-officiel-usa.com\/fr\/etats-unis-demander-un-visa-ou-lesta\/","url":"https:\/\/www.esta-officiel-usa.com\/fr\/etats-unis-demander-un-visa-ou-lesta\/","name":"Diff\u00e9rence entre l'ESTA et un visa am\u00e9ricain","isPartOf":{"@id":"https:\/\/www.esta-officiel-usa.com\/fr\/#website"},"datePublished":"2020-01-29T19:43:52+00:00","dateModified":"2024-04-12T08:09:23+00:00","description":"Tout voyage aux \u00c9tats-Unis n\u00e9cessite une autorisation de s\u00e9jour. Il en existe plusieurs, notamment le visa et l\u2019ESTA","breadcrumb":{"@id":"https:\/\/www.esta-officiel-usa.com\/fr\/etats-unis-demander-un-visa-ou-lesta\/#breadcrumb"},"inLanguage":"fr-FR","potentialAction":[{"@type":"ReadAction","target":["https:\/\/www.esta-officiel-usa.com\/fr\/etats-unis-demander-un-visa-ou-lesta\/"]}]},{"@type":"BreadcrumbList","@id":"https:\/\/www.esta-officiel-usa.com\/fr\/etats-unis-demander-un-visa-ou-lesta\/#breadcrumb","itemListElement":[{"@type":"ListItem","position":1,"name":"Home","item":"https:\/\/www.esta-officiel-usa.com\/fr\/"},{"@type":"ListItem","position":2,"name":"Diff\u00e9rence entre l&rsquo;ESTA et un visa am\u00e9ricain"}]},{"@type":"WebSite","@id":"https:\/\/www.esta-officiel-usa.com\/fr\/#website","url":"https:\/\/www.esta-officiel-usa.com\/fr\/","name":"ESTA - Etats-Unis","description":"Formulaire de demande ESTA","potentialAction":[{"@type":"SearchAction","target":{"@type":"EntryPoint","urlTemplate":"https:\/\/www.esta-officiel-usa.com\/fr\/?s={search_term_string}"},"query-input":{"@type":"PropertyValueSpecification","valueRequired":true,"valueName":"search_term_string"}}],"inLanguage":"fr-FR"}]}},"_links":{"self":[{"href":"https:\/\/www.esta-officiel-usa.com\/fr\/wp-json\/wp\/v2\/pages\/343","targetHints":{"allow":["GET"]}}],"collection":[{"href":"https:\/\/www.esta-officiel-usa.com\/fr\/wp-json\/wp\/v2\/pages"}],"about":[{"href":"https:\/\/www.esta-officiel-usa.com\/fr\/wp-json\/wp\/v2\/types\/page"}],"author":[{"embeddable":true,"href":"https:\/\/www.esta-officiel-usa.com\/fr\/wp-json\/wp\/v2\/users\/1"}],"replies":[{"embeddable":true,"href":"https:\/\/www.esta-officiel-usa.com\/fr\/wp-json\/wp\/v2\/comments?post=343"}],"version-history":[{"count":5,"href":"https:\/\/www.esta-officiel-usa.com\/fr\/wp-json\/wp\/v2\/pages\/343\/revisions"}],"predecessor-version":[{"id":789,"href":"https:\/\/www.esta-officiel-usa.com\/fr\/wp-json\/wp\/v2\/pages\/343\/revisions\/789"}],"wp:attachment":[{"href":"https:\/\/www.esta-officiel-usa.com\/fr\/wp-json\/wp\/v2\/media?parent=343"}],"curies":[{"name":"wp","href":"https:\/\/api.w.org\/{rel}","templated":true}]}}