{"id":345,"date":"2020-01-29T19:49:09","date_gmt":"2020-01-29T19:49:09","guid":{"rendered":"http:\/\/www.esta-officiel-usa.com\/?page_id=345"},"modified":"2025-09-13T11:43:00","modified_gmt":"2025-09-13T11:43:00","slug":"la-declaration-esta","status":"publish","type":"page","link":"https:\/\/www.esta-officiel-usa.com\/fr\/la-declaration-esta\/","title":{"rendered":"D\u00e9claration ESTA pour \u00c9tats-Unis"},"content":{"rendered":"\n<h1 class=\"wp-block-heading\">Qu\u2019est-ce que la d\u00e9claration ESTA ?<\/h1>\n\n\n\n<p>Existant depuis 2009, la d\u00e9claration ESTA permet de se pr\u00e9senter aux fronti\u00e8res des \u00c9tats-Unis sans visa. Mais \u00e0 quoi correspond-elle exactement et comment l\u2019obtenir ?<\/p>\n\n\n\n<h2 class=\"wp-block-heading\">D\u00e9claration ESTA pour \u00c9tats-Unis : qu\u2019est-ce que c\u2019est ?<\/h2>\n\n\n\n<p>Le d\u00e9claration ESTA est une <a href=\"https:\/\/www.esta-officiel-usa.com\/fr\/la-procedure-esta-pour-etats-unis\/\">proc\u00e9dure<\/a> d\u2019autorisation de voyage vers les USA. Elle&nbsp;permet&nbsp;aux ressortissants des pays participant au VWP (<a href=\"https:\/\/www.esta-officiel-usa.com\/fr\/a-propos-du-visa-waiver-program\/\">Visa Waiver Program<\/a>, ou Programme d\u2019exemption de visa en fran\u00e7ais) de simplement faire une <a href=\"https:\/\/www.esta-officiel-usa.com\/fr\/\">demande ESTA<\/a>  pour se rendre sur le territoire am\u00e9ricain. Il est tout de m\u00eame  important de noter que seul l\u2019agent de l\u2019immigration, lors du <a href=\"https:\/\/www.esta-officiel-usa.com\/fr\/passer-les-controles-des-douanes-americaines\/\">passage aux douanes<\/a>, est en mesure d&rsquo;autoriser votre entr\u00e9e aux USA. L\u2019ESTA n\u2019est qu\u2019un \u00ab  ticket \u00bb vous autorisant \u00e0 vous pr\u00e9senter \u00e0 la fronti\u00e8re du pays.<\/p>\n\n\n\n<p>Mais pas d\u2019inqui\u00e9tude \u00e0 avoir, si vous avez correctement rempli votre <a href=\"https:\/\/www.esta-officiel-usa.com\/fr\/remplir-le-questionnaire-est-en-francais\/\">questionnaire ESTA<\/a>,  il n\u2019y a pas de raison que l\u2019agent vous refuse l\u2019entr\u00e9e ! Pour pouvoir  faire votre demande, il est n\u00e9cessaire de remplir certaines conditions :<\/p>\n\n\n\n<ul class=\"wp-block-list\">\n<li>Pr\u00e9voir un s\u00e9jour de 90 jours maximum ;<\/li>\n\n\n\n<li>Arriver aux USA par voie a\u00e9rienne ou maritime (l&rsquo;ESTA n&rsquo;est pas requis pour&nbsp; une <a href=\"https:\/\/www.esta-officiel-usa.com\/fr\/les-formalites-darrivee-aux-usa-par-voie-terrestre\/\">arriv\u00e9e aux USA par voie terrestre<\/a>) ;<\/li>\n\n\n\n<li>Pr\u00e9voir un s\u00e9jour dans un but touristique ou d\u2019affaire (non r\u00e9mun\u00e9r\u00e9) ;<\/li>\n\n\n\n<li>Poss\u00e9der un <a href=\"https:\/\/www.esta-officiel-usa.com\/fr\/quel-type-de-passeport-pour-les-usa\/\">passeport biom\u00e9trique ou \u00e9lectronique<\/a> en cours de validit\u00e9.<\/li>\n<\/ul>\n\n\n\n<h2 class=\"wp-block-heading\">D\u00e9claration ESTA : comment l\u2019obtenir ?<\/h2>\n\n\n\n<p>La d\u00e9claration ESTA est une autorisation simplifi\u00e9e de voyage vers les USA. En ce sens, l\u2019obtenir est chose ais\u00e9e ! Les d\u00e9marches pour effectuer sa demande se d\u00e9roulent uniquement en ligne. Veiller \u00e0 poss\u00e9der un moyen de paiement en ligne (carte bancaire ou compte Paypal). Vous pouvez vous rendre sur le <a href=\"https:\/\/www.esta-officiel-usa.com\/fr\/demande-desta-sur-site-officiel\/\">site officiel am\u00e9ricain ESTA<\/a> ou remplir directement le formulaire sur une plateforme priv\u00e9e.<\/p>\n\n\n\n<p>La d\u00e9claration <a href=\"https:\/\/www.esta-officiel-usa.com\/fr\/demander-une-autorisation-esta-pour-mineur\/\">ESTA pour mineur<\/a> ou majeur, se pr\u00e9sente sous la forme d\u2019un formulaire o\u00f9 vous devez renseigner des informations vous concernant (nom, pr\u00e9nom, num\u00e9ro de passeport&#8230;) et sur votre voyage (motif, adresse sur place, contact d&rsquo;urgence). Attention \u00e0 ne pas omettre certains d\u00e9tails&nbsp;car cela peut mener \u00e0 une d\u00e9claration refus\u00e9e par les douanes ou \u00e0 l&rsquo;obligation de&nbsp;<a href=\"https:\/\/www.esta-officiel-usa.com\/fr\/modifier-le-formulaire-esta-usa\/\">modifier votre ESTA<\/a>. Chaque demande requiert le paiement des frais de dossiers s\u2019\u00e9levant \u00e0 <a href=\"https:\/\/www.esta-officiel-usa.com\/fr\/lesta-pour-14\/\">21 $<\/a>.<\/p>\n\n\n\n<p>Vous ne savez pas&nbsp;<a href=\"https:\/\/www.esta-officiel-usa.com\/fr\/quand-faire-la-demande-desta\/\">quand faire votre demande d&rsquo;ESTA<\/a> ? C&rsquo;est simple, les <a href=\"https:\/\/www.esta-officiel-usa.com\/fr\/obtention-de-lesta-usa-dans-les-plus-brefs-delais\/\">d\u00e9lais d&rsquo;obtention<\/a>&nbsp;sont  plut\u00f4t cours mais nous vous conseillons de la faire&nbsp;le plus t\u00f4t  possible ! Si vous avez de plus amples questions concernant votre demande, nous mettons \u00e0 votre disposition notre service d\u2019assistance en ligne.<\/p>\n\n\n\n<p><\/p>\n","protected":false},"excerpt":{"rendered":"<p>Qu\u2019est-ce que la d\u00e9claration ESTA ? Existant depuis 2009, la d\u00e9claration ESTA permet de se pr\u00e9senter aux fronti\u00e8res des \u00c9tats-Unis sans visa. Mais \u00e0 quoi correspond-elle exactement et comment l\u2019obtenir ? D\u00e9claration ESTA pour \u00c9tats-Unis : qu\u2019est-ce que c\u2019est ? Le d\u00e9claration ESTA est une proc\u00e9dure d\u2019autorisation de voyage vers les USA. Elle&nbsp;permet&nbsp;aux ressortissants des [&hellip;]<\/p>\n","protected":false},"author":1,"featured_media":0,"parent":0,"menu_order":0,"comment_status":"closed","ping_status":"closed","template":"","meta":{"footnotes":""},"class_list":["post-345","page","type-page","status-publish","hentry"],"yoast_head":"<!-- This site is optimized with the Yoast SEO plugin v26.2 - https:\/\/yoast.com\/wordpress\/plugins\/seo\/ -->\n<title>D\u00e9claration ESTA pour \u00c9tats-Unis<\/title>\n<meta name=\"description\" content=\"La d\u00e9claration ESTA permet de se pr\u00e9senter aux fronti\u00e8res des \u00c9tats-Unis sans visa. Mais \u00e0 quoi correspond elle exactement ?\" \/>\n<meta name=\"robots\" content=\"index, follow, max-snippet:-1, max-image-preview:large, max-video-preview:-1\" \/>\n<link rel=\"canonical\" href=\"https:\/\/www.esta-officiel-usa.com\/fr\/la-declaration-esta\/\" \/>\n<meta property=\"og:locale\" content=\"fr_FR\" \/>\n<meta property=\"og:type\" content=\"article\" \/>\n<meta property=\"og:title\" content=\"D\u00e9claration ESTA pour \u00c9tats-Unis\" \/>\n<meta property=\"og:description\" content=\"La d\u00e9claration ESTA permet de se pr\u00e9senter aux fronti\u00e8res des \u00c9tats-Unis sans visa. Mais \u00e0 quoi correspond elle exactement ?\" \/>\n<meta property=\"og:url\" content=\"https:\/\/www.esta-officiel-usa.com\/fr\/la-declaration-esta\/\" \/>\n<meta property=\"og:site_name\" content=\"ESTA - Etats-Unis\" \/>\n<meta property=\"article:modified_time\" content=\"2025-09-13T11:43:00+00:00\" \/>\n<meta name=\"twitter:card\" content=\"summary_large_image\" \/>\n<meta name=\"twitter:label1\" content=\"Dur\u00e9e de lecture estim\u00e9e\" \/>\n\t<meta name=\"twitter:data1\" content=\"3 minutes\" \/>\n<script type=\"application\/ld+json\" class=\"yoast-schema-graph\">{\"@context\":\"https:\/\/schema.org\",\"@graph\":[{\"@type\":\"WebPage\",\"@id\":\"https:\/\/www.esta-officiel-usa.com\/fr\/la-declaration-esta\/\",\"url\":\"https:\/\/www.esta-officiel-usa.com\/fr\/la-declaration-esta\/\",\"name\":\"D\u00e9claration ESTA pour \u00c9tats-Unis\",\"isPartOf\":{\"@id\":\"https:\/\/www.esta-officiel-usa.com\/fr\/#website\"},\"datePublished\":\"2020-01-29T19:49:09+00:00\",\"dateModified\":\"2025-09-13T11:43:00+00:00\",\"description\":\"La d\u00e9claration ESTA permet de se pr\u00e9senter aux fronti\u00e8res des \u00c9tats-Unis sans visa. Mais \u00e0 quoi correspond elle exactement ?\",\"breadcrumb\":{\"@id\":\"https:\/\/www.esta-officiel-usa.com\/fr\/la-declaration-esta\/#breadcrumb\"},\"inLanguage\":\"fr-FR\",\"potentialAction\":[{\"@type\":\"ReadAction\",\"target\":[\"https:\/\/www.esta-officiel-usa.com\/fr\/la-declaration-esta\/\"]}]},{\"@type\":\"BreadcrumbList\",\"@id\":\"https:\/\/www.esta-officiel-usa.com\/fr\/la-declaration-esta\/#breadcrumb\",\"itemListElement\":[{\"@type\":\"ListItem\",\"position\":1,\"name\":\"Home\",\"item\":\"https:\/\/www.esta-officiel-usa.com\/fr\/\"},{\"@type\":\"ListItem\",\"position\":2,\"name\":\"D\u00e9claration ESTA pour \u00c9tats-Unis\"}]},{\"@type\":\"WebSite\",\"@id\":\"https:\/\/www.esta-officiel-usa.com\/fr\/#website\",\"url\":\"https:\/\/www.esta-officiel-usa.com\/fr\/\",\"name\":\"ESTA - Etats-Unis\",\"description\":\"Formulaire de demande ESTA\",\"potentialAction\":[{\"@type\":\"SearchAction\",\"target\":{\"@type\":\"EntryPoint\",\"urlTemplate\":\"https:\/\/www.esta-officiel-usa.com\/fr\/?s={search_term_string}\"},\"query-input\":{\"@type\":\"PropertyValueSpecification\",\"valueRequired\":true,\"valueName\":\"search_term_string\"}}],\"inLanguage\":\"fr-FR\"}]}<\/script>\n<!-- \/ Yoast SEO plugin. -->","yoast_head_json":{"title":"D\u00e9claration ESTA pour \u00c9tats-Unis","description":"La d\u00e9claration ESTA permet de se pr\u00e9senter aux fronti\u00e8res des \u00c9tats-Unis sans visa. Mais \u00e0 quoi correspond elle exactement ?","robots":{"index":"index","follow":"follow","max-snippet":"max-snippet:-1","max-image-preview":"max-image-preview:large","max-video-preview":"max-video-preview:-1"},"canonical":"https:\/\/www.esta-officiel-usa.com\/fr\/la-declaration-esta\/","og_locale":"fr_FR","og_type":"article","og_title":"D\u00e9claration ESTA pour \u00c9tats-Unis","og_description":"La d\u00e9claration ESTA permet de se pr\u00e9senter aux fronti\u00e8res des \u00c9tats-Unis sans visa. Mais \u00e0 quoi correspond elle exactement ?","og_url":"https:\/\/www.esta-officiel-usa.com\/fr\/la-declaration-esta\/","og_site_name":"ESTA - Etats-Unis","article_modified_time":"2025-09-13T11:43:00+00:00","twitter_card":"summary_large_image","twitter_misc":{"Dur\u00e9e de lecture estim\u00e9e":"3 minutes"},"schema":{"@context":"https:\/\/schema.org","@graph":[{"@type":"WebPage","@id":"https:\/\/www.esta-officiel-usa.com\/fr\/la-declaration-esta\/","url":"https:\/\/www.esta-officiel-usa.com\/fr\/la-declaration-esta\/","name":"D\u00e9claration ESTA pour \u00c9tats-Unis","isPartOf":{"@id":"https:\/\/www.esta-officiel-usa.com\/fr\/#website"},"datePublished":"2020-01-29T19:49:09+00:00","dateModified":"2025-09-13T11:43:00+00:00","description":"La d\u00e9claration ESTA permet de se pr\u00e9senter aux fronti\u00e8res des \u00c9tats-Unis sans visa. Mais \u00e0 quoi correspond elle exactement ?","breadcrumb":{"@id":"https:\/\/www.esta-officiel-usa.com\/fr\/la-declaration-esta\/#breadcrumb"},"inLanguage":"fr-FR","potentialAction":[{"@type":"ReadAction","target":["https:\/\/www.esta-officiel-usa.com\/fr\/la-declaration-esta\/"]}]},{"@type":"BreadcrumbList","@id":"https:\/\/www.esta-officiel-usa.com\/fr\/la-declaration-esta\/#breadcrumb","itemListElement":[{"@type":"ListItem","position":1,"name":"Home","item":"https:\/\/www.esta-officiel-usa.com\/fr\/"},{"@type":"ListItem","position":2,"name":"D\u00e9claration ESTA pour \u00c9tats-Unis"}]},{"@type":"WebSite","@id":"https:\/\/www.esta-officiel-usa.com\/fr\/#website","url":"https:\/\/www.esta-officiel-usa.com\/fr\/","name":"ESTA - Etats-Unis","description":"Formulaire de demande ESTA","potentialAction":[{"@type":"SearchAction","target":{"@type":"EntryPoint","urlTemplate":"https:\/\/www.esta-officiel-usa.com\/fr\/?s={search_term_string}"},"query-input":{"@type":"PropertyValueSpecification","valueRequired":true,"valueName":"search_term_string"}}],"inLanguage":"fr-FR"}]}},"_links":{"self":[{"href":"https:\/\/www.esta-officiel-usa.com\/fr\/wp-json\/wp\/v2\/pages\/345","targetHints":{"allow":["GET"]}}],"collection":[{"href":"https:\/\/www.esta-officiel-usa.com\/fr\/wp-json\/wp\/v2\/pages"}],"about":[{"href":"https:\/\/www.esta-officiel-usa.com\/fr\/wp-json\/wp\/v2\/types\/page"}],"author":[{"embeddable":true,"href":"https:\/\/www.esta-officiel-usa.com\/fr\/wp-json\/wp\/v2\/users\/1"}],"replies":[{"embeddable":true,"href":"https:\/\/www.esta-officiel-usa.com\/fr\/wp-json\/wp\/v2\/comments?post=345"}],"version-history":[{"count":6,"href":"https:\/\/www.esta-officiel-usa.com\/fr\/wp-json\/wp\/v2\/pages\/345\/revisions"}],"predecessor-version":[{"id":841,"href":"https:\/\/www.esta-officiel-usa.com\/fr\/wp-json\/wp\/v2\/pages\/345\/revisions\/841"}],"wp:attachment":[{"href":"https:\/\/www.esta-officiel-usa.com\/fr\/wp-json\/wp\/v2\/media?parent=345"}],"curies":[{"name":"wp","href":"https:\/\/api.w.org\/{rel}","templated":true}]}}