{"id":347,"date":"2020-01-29T19:56:17","date_gmt":"2020-01-29T19:56:17","guid":{"rendered":"http:\/\/www.esta-officiel-usa.com\/?page_id=347"},"modified":"2023-07-24T16:16:15","modified_gmt":"2023-07-24T16:16:15","slug":"la-liste-des-visas-pour-les-usa","status":"publish","type":"page","link":"https:\/\/www.esta-officiel-usa.com\/fr\/la-liste-des-visas-pour-les-usa\/","title":{"rendered":"Les visas am\u00e9ricains pour entrer aux USA"},"content":{"rendered":"\n<h1 class=\"wp-block-heading\">Quel visa pour se rendre aux USA ?<\/h1>\n\n\n\n<p>Tout s\u00e9jour aux \u00c9tats-Unis est soumis \u00e0 une autorisation de voyage. L\u2019autorisation de voyage la plus facile \u00e0 obtenir pour un ressortissant \u00e9tranger est une <a href=\"https:\/\/www.esta-officiel-usa.com\/fr\/\">autorisation ESTA<\/a> issue du programme d\u2019exemption de visa. Cependant il existe un grand nombre de visas pour se rendre aux USA. Voici les principaux visas am\u00e9ricains que propose le <a href=\"https:\/\/www.esta-officiel-usa.com\/fr\/quest-ce-que-le-dos-department-of-state\/\">Department of State<\/a> aux USA.<br> \u00a0<\/p>\n\n\n\n<h2 class=\"wp-block-heading\">Visa pour les USA : les visas de s\u00e9jour temporaire<\/h2>\n\n\n\n<p>Les visas de s\u00e9jour temporaire, \u00e9galement appel\u00e9s visas  non immigrants, permettent, comme leur nom l\u2019indique, d\u2019entrer  temporairement sur le sol am\u00e9ricain. Ils ne permettent pas de  s\u2019expatrier. \u00a0<\/p>\n\n\n\n<h3 class=\"wp-block-heading\">Visa visiteur<\/h3>\n\n\n\n<p>Le visa visiteur est le visa pour les USA d\u00e9livr\u00e9 pour les voyages d\u2019affaires, les s\u00e9jours touristiques, les soins m\u00e9dicaux ou pour le transit.<\/p>\n\n\n\n<p>Les voyages d\u2019affaires se font gr\u00e2ce \u00e0 un visa B1. Le <a href=\"https:\/\/www.esta-officiel-usa.com\/fr\/visa-b1-b2-pour-les-etats-unis\/\">visa touristique USA<\/a> est le visa B2. Les transits ou les escales n\u00e9cessitent un visa C.<\/p>\n\n\n\n<h3 class=\"wp-block-heading\">Visa \u00e9tudiant<\/h3>\n\n\n\n<p>Le visa \u00e9tudiant se d\u00e9cline sous trois cat\u00e9gories :<\/p>\n\n\n\n<ul class=\"wp-block-list\">\n<li>le visa F pour les \u00e9tudiants suivant un programme acad\u00e9mique et souhaitant, par exemple, rejoindre une universit\u00e9 am\u00e9ricaine ;<\/li>\n\n\n\n<li>le visa M pour les \u00e9tudiants non-universitaires ou en formation professionnelle ;<\/li>\n\n\n\n<li>le visa J pour les programmes d\u2019\u00e9changes, incluant l\u2019au pair.<\/li>\n<\/ul>\n\n\n\n<p>\u00c0 moins d\u2019un s\u00e9jour linguistique, il est demand\u00e9 d\u2019avoir un bon niveau d\u2019anglais (le test le plus r\u00e9pandu \u00e9tant le TOEFL).<\/p>\n\n\n\n<p>L\u2019obtention d\u2019un visa \u00e9tudiant d\u00e9pend de l\u2019acceptation de l\u2019\u00e9tudiant \ndans un \u00e9tablissement d\u2019enseignement, reconnu par le gouvernement \nam\u00e9ricain (sponsors), pour des \u00e9tudes \u00e0 plein temps .<\/p>\n\n\n\n<p>Toute demande de visa \u00e9tudiant doit \u00eatre compl\u00e9t\u00e9e par une \ninscription, payante, au SEVIS (Student and Exchange Information \nSystem). Le formulaire \u00e0 remplir d\u00e9pendra du visa : le formulaire I20 \npour visa F et M et le formulaire DS-2019 pour le visa J.<\/p>\n\n\n\n<p>Une autorisation de travail peut \u00eatre accord\u00e9e sous certaines conditions.<\/p>\n\n\n\n<p>Notons que le visa F1, M1 et <a href=\"https:\/\/www.esta-officiel-usa.com\/fr\/lessentiel-que-vous-devez-connaitre-sur-le-visa-j1-pour-les-usa\/\">J1<\/a> sont destin\u00e9s au demandeur alors que le F2, M2 et J2 sont propos\u00e9s au  conjoint du demandeur et \u00e0 ses enfants (de moins de 21 ans).<\/p>\n\n\n\n<h3 class=\"wp-block-heading\">Visa Travail<\/h3>\n\n\n\n<p>Cette cat\u00e9gorie de visa est compos\u00e9e d\u2019un grand nombre de visas diff\u00e9rents, class\u00e9s en fonction de la profession :<\/p>\n\n\n\n<ul class=\"wp-block-list\">\n<li>visa D pour les membres d\u2019\u00e9quipage (navire et avion) ;<\/li>\n\n\n\n<li>visa E pour les ressortissants d\u2019un partenaire commercial des  \u00c9tats-Unis dans le cadre d\u2019activit\u00e9s commerciales d\u2019envergure et pour  les Australiens sp\u00e9cialis\u00e9s dans un domaine professionnel (E3) ;<\/li>\n\n\n\n<li><a href=\"https:\/\/www.esta-officiel-usa.com\/fr\/trouver-un-emploi-aux-usa-grace-au-visa-h1b\/\">visa H<\/a>  pour un travail temporaire ou pour faire un stage aux \u00c9tats-Unis, visa  class\u00e9 en fonction de leur domaine d\u2019activit\u00e9 et uniquement avec  l\u2019accord du USCIS (services d\u2019immigration) ;<\/li>\n\n\n\n<li>visa I pour les m\u00e9dias ;<\/li>\n\n\n\n<li>visa L pour les mutations intra-entreprises de responsables, cadres  dirigeants et employ\u00e9s sp\u00e9cialis\u00e9s dans une soci\u00e9t\u00e9 am\u00e9ricaine ;<\/li>\n\n\n\n<li><a href=\"https:\/\/www.esta-officiel-usa.com\/fr\/aller-aux-usa-en-tant-quathlete-ou-artiste-avec-un-visa-o-et-p\/\">visa O et visa P<\/a>  pour les s\u00e9jours professionnels\u00a0temporaires. Le visa O pour les  travailleurs ou stagiaires aux capacit\u00e9s extraordinaires dans les  domaines des sciences, du commerce, du sport, de l\u2019art et de  l\u2019\u00e9ducation. Le visa P pour les athl\u00e8tes et les artistes souhaitant  participer\u00a0\u00e0 un ou plusieurs \u00e9v\u00e9nements en relation avec leur discipline ;<\/li>\n\n\n\n<li>visa Q pour les \u00e9changes culturels internationaux ;<\/li>\n\n\n\n<li>Visa R pour les travailleurs religieux (organisation religieuse reconnue et \u00e0 but non-lucratif) ;<\/li>\n\n\n\n<li>Visa TD et TN pour les professionnels issus de l\u2019ALENA (Accord de  Libre \u00c9change Nord-Am\u00e9ricain) c\u2019est-\u00e0-dire les professionnels canadiens  et mexicains ayant re\u00e7u une offre d\u2019emploi d\u2019un employeur am\u00e9ricain.<\/li>\n<\/ul>\n\n\n\n<h3 class=\"wp-block-heading\">Autres<\/h3>\n\n\n\n<p>Deux cat\u00e9gories de visa ont \u00e9t\u00e9 mises en place pour les victimes. Les  victimes de la traite de personnes devant se pr\u00e9senter aux USA pour une  enqu\u00eate ou la poursuite des coupables peuvent demander un visa T. Les  victimes d\u2019actes criminels ont, quant \u00e0 elles, la possibilit\u00e9 de  demander un visa U.<\/p>\n\n\n\n<h2 class=\"wp-block-heading\">Visa pour les USA : les visas immigrants<\/h2>\n\n\n\n<p>Les visas immigrants se destinent aux ressortissants \u00e9trangers \nsouhaitant immigrer et vivre aux \u00c9tats-Unis d\u00e9finitivement. Il s\u2019agit l\u00e0\n d\u2019un visa pour les USA offrant le statut de r\u00e9sident permanent l\u00e9gal.<\/p>\n\n\n\n<p>Le visa immigrant ne peut \u00eatre obtenu que par le biais d\u2019un \nparrainage, \u00e0 moins de tenter sa chance \u00e0 la loterie carte verte pour \nobtenir un visa de diversit\u00e9.<\/p>\n\n\n\n<p>La loterie green card est ouverte en octobre de chaque ann\u00e9e et offre\n la chance \u00e0 50 000 personnes de d\u00e9crocher la r\u00e9sidence permanente \nOutre-atlantique, qui est d\u2019ailleurs \u00eatre la premi\u00e8re \u00e9tape pour une \ndemande de naturalisation.<\/p>\n\n\n\n<p>Cette famille de visas regroupent 5 cat\u00e9gories :<\/p>\n\n\n\n<ul class=\"wp-block-list\">\n<li>visa E pour travailler aux \u00c9tats-Unis et notamment E1 pour les  Treaty Trader et E2 pour les Treaty Investor (ce visa agit comme permis  de travail) ;<\/li>\n\n\n\n<li>visa F2 pour certains membres de la famille d\u2019un r\u00e9sident permanent ;<\/li>\n\n\n\n<li>visa IR1 et CR1 pour l\u2019\u00e9poux\/\u00e9pouse d\u2019un citoyen am\u00e9ricain ;<\/li>\n\n\n\n<li>visa IR3 et IH3 pour les orphelins adopt\u00e9s par un citoyen am\u00e9ricain ;<\/li>\n\n\n\n<li>visa K pour la fianc\u00e9e\/le fianc\u00e9 d\u2019un citoyen am\u00e9ricain (K2 pour les enfants mineurs de cette personne) ;<\/li>\n\n\n\n<li>visa de diversit\u00e9 (DV) plus connu sous le terme de green card\/carte verte.<\/li>\n<\/ul>\n\n\n\n<h2 class=\"wp-block-heading\">Comment obtenir un visa am\u00e9ricain ?<\/h2>\n\n\n\n<p>L\u2019obtention d\u2019un visa USA, ou toute autre autorisation, est \nobligatoire. Il est inutile de chercher \u00e0 voyager aux USA sans visa, \nl\u2019acc\u00e8s au bateau ou avion sera refus\u00e9.<\/p>\n\n\n\n<p>Contrairement \u00e0 l\u2019autorisation de voyage ESTA, dont la demande se fait uniquement en remplissant <a href=\"https:\/\/www.esta-officiel-usa.com\/fr\/remplir-le-formulaire-esta-en-ligne\/\">un formulaire en ligne<\/a>,  la demande de visa requiert de se pr\u00e9senter \u00e0 l\u2019ambassade des  \u00c9tats-Unis (ou au consulat am\u00e9ricain le cas \u00e9ch\u00e9ant) pour l\u2019\u00e9tude du  dossier de demande.<\/p>\n\n\n\n<p>La s\u00e9curit\u00e9 int\u00e9rieure des \u00c9tats-Unis est un sujet politique tr\u00e8s \nsensible et les autorit\u00e9s am\u00e9ricaines s\u2019engagent \u00e0 pr\u00e9server leur \ns\u00e9curit\u00e9 nationale en contr\u00f4lant, entre autres, les fronti\u00e8res et le \nflux de l\u2019immigration.<\/p>\n\n\n\n<p>Les pi\u00e8ces \u00e0 pr\u00e9senter lors de la demande de visa pour les USA varient selon le visa demand\u00e9. Il est requis d\u2019avoir un <a href=\"https:\/\/www.esta-officiel-usa.com\/fr\/quel-type-de-passeport-pour-les-usa\/\">passeport valide<\/a> pour la dur\u00e9e du visa demand\u00e9. Notons qu\u2019il doit s\u2019agir d\u2019un passeport \u00e9lectronique ou d\u2019un passeport biom\u00e9trique, car ces derniers correspondent aux mesures de s\u00e9curit\u00e9 exig\u00e9es par le gouvernement. Notons que le passeport biom\u00e9trique contient la photo num\u00e9ris\u00e9e du d\u00e9tenteur ainsi que ses empreintes digitales.<\/p>\n\n\n\n<p>D\u2019une mani\u00e8re g\u00e9n\u00e9rale, pour une demande de visa temporaire, il est \ndemand\u00e9 de remplir en ligne le formulaire DS-160, t\u00e9l\u00e9charger une photo \nd\u2019identit\u00e9 num\u00e9rique et s\u2019acquitter des frais de visa. Une preuve \nd\u2019attachement au pays d\u2019origine et de ressources financi\u00e8res est \n\u00e9galement souvent demand\u00e9e.<\/p>\n\n\n\n<p>La demande de visa immigrant se fait en g\u00e9n\u00e9ral en 5 \u00e9tapes : la  demande de p\u00e9tition aupr\u00e8s de l\u2019USCIS (US Citizenship and Immigration Services), la validation de la p\u00e9tition par le NVC (National Visa Center), la pr\u00e9paration du rendez-vous \u00e0 l\u2019ambassade am\u00e9ricaine (examen m\u00e9dical, inscription en ligne, dossier de demande), le RDV \u00e0 l&rsquo;ambassade avec un agent consulaire pour l\u2019\u00e9tude du dossier complet, la r\u00e9ponse \u00e0 la demande de visa pour les USA.<\/p>\n","protected":false},"excerpt":{"rendered":"<p>Quel visa pour se rendre aux USA ? Tout s\u00e9jour aux \u00c9tats-Unis est soumis \u00e0 une autorisation de voyage. L\u2019autorisation de voyage la plus facile \u00e0 obtenir pour un ressortissant \u00e9tranger est une autorisation ESTA issue du programme d\u2019exemption de visa. Cependant il existe un grand nombre de visas pour se rendre aux USA. Voici [&hellip;]<\/p>\n","protected":false},"author":1,"featured_media":0,"parent":0,"menu_order":0,"comment_status":"closed","ping_status":"closed","template":"","meta":{"footnotes":""},"class_list":["post-347","page","type-page","status-publish","hentry"],"yoast_head":"<!-- This site is optimized with the Yoast SEO plugin v26.2 - https:\/\/yoast.com\/wordpress\/plugins\/seo\/ -->\n<title>Les visas am\u00e9ricains pour entrer aux USA<\/title>\n<meta name=\"description\" content=\"Il existe un grand nombre de visas pour se rendre aux USA, nous avons \u00e9tabli une liste des principaux visas existants pour entrer aux USA\" \/>\n<meta name=\"robots\" content=\"index, follow, max-snippet:-1, max-image-preview:large, max-video-preview:-1\" \/>\n<link rel=\"canonical\" href=\"https:\/\/www.esta-officiel-usa.com\/fr\/la-liste-des-visas-pour-les-usa\/\" \/>\n<meta property=\"og:locale\" content=\"fr_FR\" \/>\n<meta property=\"og:type\" content=\"article\" \/>\n<meta property=\"og:title\" content=\"Les visas am\u00e9ricains pour entrer aux USA\" \/>\n<meta property=\"og:description\" content=\"Il existe un grand nombre de visas pour se rendre aux USA, nous avons \u00e9tabli une liste des principaux visas existants pour entrer aux USA\" \/>\n<meta property=\"og:url\" content=\"https:\/\/www.esta-officiel-usa.com\/fr\/la-liste-des-visas-pour-les-usa\/\" \/>\n<meta property=\"og:site_name\" content=\"ESTA - Etats-Unis\" \/>\n<meta property=\"article:modified_time\" content=\"2023-07-24T16:16:15+00:00\" \/>\n<meta name=\"twitter:card\" content=\"summary_large_image\" \/>\n<meta name=\"twitter:label1\" content=\"Dur\u00e9e de lecture estim\u00e9e\" \/>\n\t<meta name=\"twitter:data1\" content=\"6 minutes\" \/>\n<script type=\"application\/ld+json\" class=\"yoast-schema-graph\">{\"@context\":\"https:\/\/schema.org\",\"@graph\":[{\"@type\":\"WebPage\",\"@id\":\"https:\/\/www.esta-officiel-usa.com\/fr\/la-liste-des-visas-pour-les-usa\/\",\"url\":\"https:\/\/www.esta-officiel-usa.com\/fr\/la-liste-des-visas-pour-les-usa\/\",\"name\":\"Les visas am\u00e9ricains pour entrer aux USA\",\"isPartOf\":{\"@id\":\"https:\/\/www.esta-officiel-usa.com\/fr\/#website\"},\"datePublished\":\"2020-01-29T19:56:17+00:00\",\"dateModified\":\"2023-07-24T16:16:15+00:00\",\"description\":\"Il existe un grand nombre de visas pour se rendre aux USA, nous avons \u00e9tabli une liste des principaux visas existants pour entrer aux USA\",\"breadcrumb\":{\"@id\":\"https:\/\/www.esta-officiel-usa.com\/fr\/la-liste-des-visas-pour-les-usa\/#breadcrumb\"},\"inLanguage\":\"fr-FR\",\"potentialAction\":[{\"@type\":\"ReadAction\",\"target\":[\"https:\/\/www.esta-officiel-usa.com\/fr\/la-liste-des-visas-pour-les-usa\/\"]}]},{\"@type\":\"BreadcrumbList\",\"@id\":\"https:\/\/www.esta-officiel-usa.com\/fr\/la-liste-des-visas-pour-les-usa\/#breadcrumb\",\"itemListElement\":[{\"@type\":\"ListItem\",\"position\":1,\"name\":\"Home\",\"item\":\"https:\/\/www.esta-officiel-usa.com\/fr\/\"},{\"@type\":\"ListItem\",\"position\":2,\"name\":\"Les visas am\u00e9ricains pour entrer aux USA\"}]},{\"@type\":\"WebSite\",\"@id\":\"https:\/\/www.esta-officiel-usa.com\/fr\/#website\",\"url\":\"https:\/\/www.esta-officiel-usa.com\/fr\/\",\"name\":\"ESTA - Etats-Unis\",\"description\":\"Formulaire de demande ESTA\",\"potentialAction\":[{\"@type\":\"SearchAction\",\"target\":{\"@type\":\"EntryPoint\",\"urlTemplate\":\"https:\/\/www.esta-officiel-usa.com\/fr\/?s={search_term_string}\"},\"query-input\":{\"@type\":\"PropertyValueSpecification\",\"valueRequired\":true,\"valueName\":\"search_term_string\"}}],\"inLanguage\":\"fr-FR\"}]}<\/script>\n<!-- \/ Yoast SEO plugin. -->","yoast_head_json":{"title":"Les visas am\u00e9ricains pour entrer aux USA","description":"Il existe un grand nombre de visas pour se rendre aux USA, nous avons \u00e9tabli une liste des principaux visas existants pour entrer aux USA","robots":{"index":"index","follow":"follow","max-snippet":"max-snippet:-1","max-image-preview":"max-image-preview:large","max-video-preview":"max-video-preview:-1"},"canonical":"https:\/\/www.esta-officiel-usa.com\/fr\/la-liste-des-visas-pour-les-usa\/","og_locale":"fr_FR","og_type":"article","og_title":"Les visas am\u00e9ricains pour entrer aux USA","og_description":"Il existe un grand nombre de visas pour se rendre aux USA, nous avons \u00e9tabli une liste des principaux visas existants pour entrer aux USA","og_url":"https:\/\/www.esta-officiel-usa.com\/fr\/la-liste-des-visas-pour-les-usa\/","og_site_name":"ESTA - Etats-Unis","article_modified_time":"2023-07-24T16:16:15+00:00","twitter_card":"summary_large_image","twitter_misc":{"Dur\u00e9e de lecture estim\u00e9e":"6 minutes"},"schema":{"@context":"https:\/\/schema.org","@graph":[{"@type":"WebPage","@id":"https:\/\/www.esta-officiel-usa.com\/fr\/la-liste-des-visas-pour-les-usa\/","url":"https:\/\/www.esta-officiel-usa.com\/fr\/la-liste-des-visas-pour-les-usa\/","name":"Les visas am\u00e9ricains pour entrer aux USA","isPartOf":{"@id":"https:\/\/www.esta-officiel-usa.com\/fr\/#website"},"datePublished":"2020-01-29T19:56:17+00:00","dateModified":"2023-07-24T16:16:15+00:00","description":"Il existe un grand nombre de visas pour se rendre aux USA, nous avons \u00e9tabli une liste des principaux visas existants pour entrer aux USA","breadcrumb":{"@id":"https:\/\/www.esta-officiel-usa.com\/fr\/la-liste-des-visas-pour-les-usa\/#breadcrumb"},"inLanguage":"fr-FR","potentialAction":[{"@type":"ReadAction","target":["https:\/\/www.esta-officiel-usa.com\/fr\/la-liste-des-visas-pour-les-usa\/"]}]},{"@type":"BreadcrumbList","@id":"https:\/\/www.esta-officiel-usa.com\/fr\/la-liste-des-visas-pour-les-usa\/#breadcrumb","itemListElement":[{"@type":"ListItem","position":1,"name":"Home","item":"https:\/\/www.esta-officiel-usa.com\/fr\/"},{"@type":"ListItem","position":2,"name":"Les visas am\u00e9ricains pour entrer aux USA"}]},{"@type":"WebSite","@id":"https:\/\/www.esta-officiel-usa.com\/fr\/#website","url":"https:\/\/www.esta-officiel-usa.com\/fr\/","name":"ESTA - Etats-Unis","description":"Formulaire de demande ESTA","potentialAction":[{"@type":"SearchAction","target":{"@type":"EntryPoint","urlTemplate":"https:\/\/www.esta-officiel-usa.com\/fr\/?s={search_term_string}"},"query-input":{"@type":"PropertyValueSpecification","valueRequired":true,"valueName":"search_term_string"}}],"inLanguage":"fr-FR"}]}},"_links":{"self":[{"href":"https:\/\/www.esta-officiel-usa.com\/fr\/wp-json\/wp\/v2\/pages\/347","targetHints":{"allow":["GET"]}}],"collection":[{"href":"https:\/\/www.esta-officiel-usa.com\/fr\/wp-json\/wp\/v2\/pages"}],"about":[{"href":"https:\/\/www.esta-officiel-usa.com\/fr\/wp-json\/wp\/v2\/types\/page"}],"author":[{"embeddable":true,"href":"https:\/\/www.esta-officiel-usa.com\/fr\/wp-json\/wp\/v2\/users\/1"}],"replies":[{"embeddable":true,"href":"https:\/\/www.esta-officiel-usa.com\/fr\/wp-json\/wp\/v2\/comments?post=347"}],"version-history":[{"count":5,"href":"https:\/\/www.esta-officiel-usa.com\/fr\/wp-json\/wp\/v2\/pages\/347\/revisions"}],"predecessor-version":[{"id":742,"href":"https:\/\/www.esta-officiel-usa.com\/fr\/wp-json\/wp\/v2\/pages\/347\/revisions\/742"}],"wp:attachment":[{"href":"https:\/\/www.esta-officiel-usa.com\/fr\/wp-json\/wp\/v2\/media?parent=347"}],"curies":[{"name":"wp","href":"https:\/\/api.w.org\/{rel}","templated":true}]}}