{"id":35,"date":"2020-01-16T12:50:25","date_gmt":"2020-01-16T12:50:25","guid":{"rendered":"http:\/\/esta-officiel-usa.com\/?page_id=35"},"modified":"2020-02-13T19:30:47","modified_gmt":"2020-02-13T19:30:47","slug":"toutes-les-questions-posees-formulaire-esta-etats-unis","status":"publish","type":"page","link":"https:\/\/www.esta-officiel-usa.com\/fr\/toutes-les-questions-posees-formulaire-esta-etats-unis\/","title":{"rendered":"Toutes les questions pos\u00e9es sur le formulaire ESTA"},"content":{"rendered":"\n<h1 class=\"wp-block-heading\">LES QUESTIONS DU FORMULAIRE ESTA<\/h1>\n\n\n\n<p>Vous fa\u00eetes partie des chanceux pr\u00eats \u00e0 s\u2019envoler vers les \u00c9tats-Unis ? Notre \u00e9quipe vous accompagne dans votre projet. Nos experts vous renseignent sur les questions figurant sur le formulaire&nbsp;<a href=\"https:\/\/www.esta-officiel-usa.com\/fr\/\">ESTA USA<\/a>.<\/p>\n\n\n\n<h2 class=\"wp-block-heading\">LES QUESTIONS POS\u00c9ES POUR L\u2019ESTA<\/h2>\n\n\n\n<p>Lorsque vous effectuez une demande d\u2019ESTA, vous acc\u00e9dez \u00e0 un questionnaire comprenant plusieurs questions r\u00e9parties en rubriques.<\/p>\n\n\n\n<ul class=\"wp-block-list\"><li>La premi\u00e8re concerne les renseignements propres au voyageur et \u00e0 son passeport. Vous devez renseigner vos noms et pr\u00e9noms, votre sexe, votre date de naissance ainsi que le lieu, les donn\u00e9es de votre passeport, votre statut marital, votre adresse e-mail, les noms et pr\u00e9noms de vos parents ainsi que le d\u00e9tail de votre emploi.<\/li><li>La seconde porte sur&nbsp;votre s\u00e9jour aux&nbsp;<strong>\u00c9<\/strong>tats-Unis : motif du s\u00e9jour (vous pouvez toutefois r\u00e9aliser une&nbsp;<a href=\"https:\/\/www.esta-officiel-usa.com\/fr\/demander-un-esta-sans-projet-precis\/\">demande d&rsquo;ESTA sans projet pr\u00e9cis<\/a>), adresse compl\u00e8te sur place et contact d&rsquo;urgence.<\/li><li>Enfin, vous acc\u00e9dez \u00e0 une liste de&nbsp;questions auxquelles il faut r\u00e9pondre par \u201coui\u201d ou \u201cnon\u201d. Les questions portent sur votre sant\u00e9 et votre comportement (ant\u00e9c\u00e9dents judiciaires, rapport \u00e0 la loi am\u00e9ricaine).<\/li><\/ul>\n\n\n\n<p>Soyez vigilant au moment de r\u00e9pondre. Les autorit\u00e9s am\u00e9ricaines, tr\u00e8s soucieuses de maintenir leur s\u00e9curit\u00e9 int\u00e9rieure, filtrent les arriv\u00e9es sur leur sol. La moindre erreur commise dans le formulaire pourrait conduire \u00e0 un rejet de votre demande.<\/p>\n\n\n\n<p>Une fois toutes les questions trait\u00e9es, vous devez valider votre demande ESTA en cochant la derni\u00e8re case. Vous attestez ainsi avoir lu et compris le formulaire et d\u00e9clarez officiellement renoncer au droit de contester la d\u00e9cision que pourrait prendre l\u2019agent de l\u2019immigration lors de votre arriv\u00e9e aux \u00c9tats-Unis. Une demande valid\u00e9e entra\u00eene une autorisation, une mise en&nbsp;<a href=\"https:\/\/www.esta-officiel-usa.com\/fr\/lesta-en-instance-dautorisation\/\">instance<\/a>&nbsp;ou un refus.&nbsp;<\/p>\n\n\n\n<h2 class=\"wp-block-heading\">R\u00c9PONDRE CORRECTEMENT AUX QUESTIONS DU FORMULAIRE<\/h2>\n\n\n\n<p>Afin de limiter le risque d\u2019erreur aux questions ESTA, nous vous recommandons d&rsquo;\u00eatre attentif tout au long de la d\u00e9marche. V\u00e9rifiez une \u00e0 une vos r\u00e9ponses, avant de soumettre votre demande au service habilit\u00e9 \u00e0 la d\u00e9livrance de l\u2019<a href=\"https:\/\/www.esta-officiel-usa.com\/fr\/lautorisation-esta\/\">autorisation ESTA<\/a>.<\/p>\n\n\n\n<p>Vous recevez rapidement votre ESTA. G\u00e9n\u00e9ralement le jour m\u00eame, mais au plus tard dans les 72 h.<br><\/p>\n","protected":false},"excerpt":{"rendered":"<p>LES QUESTIONS DU FORMULAIRE ESTA Vous fa\u00eetes partie des chanceux pr\u00eats \u00e0 s\u2019envoler vers les \u00c9tats-Unis ? Notre \u00e9quipe vous accompagne dans votre projet. Nos experts vous renseignent sur les questions figurant sur le formulaire&nbsp;ESTA USA. LES QUESTIONS POS\u00c9ES POUR L\u2019ESTA Lorsque vous effectuez une demande d\u2019ESTA, vous acc\u00e9dez \u00e0 un questionnaire comprenant plusieurs questions [&hellip;]<\/p>\n","protected":false},"author":1,"featured_media":0,"parent":0,"menu_order":0,"comment_status":"closed","ping_status":"closed","template":"","meta":{"footnotes":""},"class_list":["post-35","page","type-page","status-publish","hentry"],"yoast_head":"<!-- This site is optimized with the Yoast SEO plugin v26.2 - https:\/\/yoast.com\/wordpress\/plugins\/seo\/ -->\n<title>Toutes les questions pos\u00e9es sur le formulaire ESTA<\/title>\n<meta name=\"description\" content=\"Vous voyagez bient\u00f4t aux USA et devez vous pr\u00e9munir de votre autorisation ESTA, nous vous renseignons sur les questions qui sont pos\u00e9es sur le formulaire.\" \/>\n<meta name=\"robots\" content=\"index, follow, max-snippet:-1, max-image-preview:large, max-video-preview:-1\" \/>\n<link rel=\"canonical\" href=\"https:\/\/www.esta-officiel-usa.com\/fr\/toutes-les-questions-posees-formulaire-esta-etats-unis\/\" \/>\n<meta property=\"og:locale\" content=\"fr_FR\" \/>\n<meta property=\"og:type\" content=\"article\" \/>\n<meta property=\"og:title\" content=\"Toutes les questions pos\u00e9es sur le formulaire ESTA\" \/>\n<meta property=\"og:description\" content=\"Vous voyagez bient\u00f4t aux USA et devez vous pr\u00e9munir de votre autorisation ESTA, nous vous renseignons sur les questions qui sont pos\u00e9es sur le formulaire.\" \/>\n<meta property=\"og:url\" content=\"https:\/\/www.esta-officiel-usa.com\/fr\/toutes-les-questions-posees-formulaire-esta-etats-unis\/\" \/>\n<meta property=\"og:site_name\" content=\"ESTA - Etats-Unis\" \/>\n<meta property=\"article:modified_time\" content=\"2020-02-13T19:30:47+00:00\" \/>\n<meta name=\"twitter:card\" content=\"summary_large_image\" \/>\n<meta name=\"twitter:label1\" content=\"Dur\u00e9e de lecture estim\u00e9e\" \/>\n\t<meta name=\"twitter:data1\" content=\"2 minutes\" \/>\n<script type=\"application\/ld+json\" class=\"yoast-schema-graph\">{\"@context\":\"https:\/\/schema.org\",\"@graph\":[{\"@type\":\"WebPage\",\"@id\":\"https:\/\/www.esta-officiel-usa.com\/fr\/toutes-les-questions-posees-formulaire-esta-etats-unis\/\",\"url\":\"https:\/\/www.esta-officiel-usa.com\/fr\/toutes-les-questions-posees-formulaire-esta-etats-unis\/\",\"name\":\"Toutes les questions pos\u00e9es sur le formulaire ESTA\",\"isPartOf\":{\"@id\":\"https:\/\/www.esta-officiel-usa.com\/fr\/#website\"},\"datePublished\":\"2020-01-16T12:50:25+00:00\",\"dateModified\":\"2020-02-13T19:30:47+00:00\",\"description\":\"Vous voyagez bient\u00f4t aux USA et devez vous pr\u00e9munir de votre autorisation ESTA, nous vous renseignons sur les questions qui sont pos\u00e9es sur le formulaire.\",\"breadcrumb\":{\"@id\":\"https:\/\/www.esta-officiel-usa.com\/fr\/toutes-les-questions-posees-formulaire-esta-etats-unis\/#breadcrumb\"},\"inLanguage\":\"fr-FR\",\"potentialAction\":[{\"@type\":\"ReadAction\",\"target\":[\"https:\/\/www.esta-officiel-usa.com\/fr\/toutes-les-questions-posees-formulaire-esta-etats-unis\/\"]}]},{\"@type\":\"BreadcrumbList\",\"@id\":\"https:\/\/www.esta-officiel-usa.com\/fr\/toutes-les-questions-posees-formulaire-esta-etats-unis\/#breadcrumb\",\"itemListElement\":[{\"@type\":\"ListItem\",\"position\":1,\"name\":\"Home\",\"item\":\"https:\/\/www.esta-officiel-usa.com\/fr\/\"},{\"@type\":\"ListItem\",\"position\":2,\"name\":\"Toutes les questions pos\u00e9es sur le formulaire ESTA\"}]},{\"@type\":\"WebSite\",\"@id\":\"https:\/\/www.esta-officiel-usa.com\/fr\/#website\",\"url\":\"https:\/\/www.esta-officiel-usa.com\/fr\/\",\"name\":\"ESTA - Etats-Unis\",\"description\":\"Formulaire de demande ESTA\",\"potentialAction\":[{\"@type\":\"SearchAction\",\"target\":{\"@type\":\"EntryPoint\",\"urlTemplate\":\"https:\/\/www.esta-officiel-usa.com\/fr\/?s={search_term_string}\"},\"query-input\":{\"@type\":\"PropertyValueSpecification\",\"valueRequired\":true,\"valueName\":\"search_term_string\"}}],\"inLanguage\":\"fr-FR\"}]}<\/script>\n<!-- \/ Yoast SEO plugin. -->","yoast_head_json":{"title":"Toutes les questions pos\u00e9es sur le formulaire ESTA","description":"Vous voyagez bient\u00f4t aux USA et devez vous pr\u00e9munir de votre autorisation ESTA, nous vous renseignons sur les questions qui sont pos\u00e9es sur le formulaire.","robots":{"index":"index","follow":"follow","max-snippet":"max-snippet:-1","max-image-preview":"max-image-preview:large","max-video-preview":"max-video-preview:-1"},"canonical":"https:\/\/www.esta-officiel-usa.com\/fr\/toutes-les-questions-posees-formulaire-esta-etats-unis\/","og_locale":"fr_FR","og_type":"article","og_title":"Toutes les questions pos\u00e9es sur le formulaire ESTA","og_description":"Vous voyagez bient\u00f4t aux USA et devez vous pr\u00e9munir de votre autorisation ESTA, nous vous renseignons sur les questions qui sont pos\u00e9es sur le formulaire.","og_url":"https:\/\/www.esta-officiel-usa.com\/fr\/toutes-les-questions-posees-formulaire-esta-etats-unis\/","og_site_name":"ESTA - Etats-Unis","article_modified_time":"2020-02-13T19:30:47+00:00","twitter_card":"summary_large_image","twitter_misc":{"Dur\u00e9e de lecture estim\u00e9e":"2 minutes"},"schema":{"@context":"https:\/\/schema.org","@graph":[{"@type":"WebPage","@id":"https:\/\/www.esta-officiel-usa.com\/fr\/toutes-les-questions-posees-formulaire-esta-etats-unis\/","url":"https:\/\/www.esta-officiel-usa.com\/fr\/toutes-les-questions-posees-formulaire-esta-etats-unis\/","name":"Toutes les questions pos\u00e9es sur le formulaire ESTA","isPartOf":{"@id":"https:\/\/www.esta-officiel-usa.com\/fr\/#website"},"datePublished":"2020-01-16T12:50:25+00:00","dateModified":"2020-02-13T19:30:47+00:00","description":"Vous voyagez bient\u00f4t aux USA et devez vous pr\u00e9munir de votre autorisation ESTA, nous vous renseignons sur les questions qui sont pos\u00e9es sur le formulaire.","breadcrumb":{"@id":"https:\/\/www.esta-officiel-usa.com\/fr\/toutes-les-questions-posees-formulaire-esta-etats-unis\/#breadcrumb"},"inLanguage":"fr-FR","potentialAction":[{"@type":"ReadAction","target":["https:\/\/www.esta-officiel-usa.com\/fr\/toutes-les-questions-posees-formulaire-esta-etats-unis\/"]}]},{"@type":"BreadcrumbList","@id":"https:\/\/www.esta-officiel-usa.com\/fr\/toutes-les-questions-posees-formulaire-esta-etats-unis\/#breadcrumb","itemListElement":[{"@type":"ListItem","position":1,"name":"Home","item":"https:\/\/www.esta-officiel-usa.com\/fr\/"},{"@type":"ListItem","position":2,"name":"Toutes les questions pos\u00e9es sur le formulaire ESTA"}]},{"@type":"WebSite","@id":"https:\/\/www.esta-officiel-usa.com\/fr\/#website","url":"https:\/\/www.esta-officiel-usa.com\/fr\/","name":"ESTA - Etats-Unis","description":"Formulaire de demande ESTA","potentialAction":[{"@type":"SearchAction","target":{"@type":"EntryPoint","urlTemplate":"https:\/\/www.esta-officiel-usa.com\/fr\/?s={search_term_string}"},"query-input":{"@type":"PropertyValueSpecification","valueRequired":true,"valueName":"search_term_string"}}],"inLanguage":"fr-FR"}]}},"_links":{"self":[{"href":"https:\/\/www.esta-officiel-usa.com\/fr\/wp-json\/wp\/v2\/pages\/35","targetHints":{"allow":["GET"]}}],"collection":[{"href":"https:\/\/www.esta-officiel-usa.com\/fr\/wp-json\/wp\/v2\/pages"}],"about":[{"href":"https:\/\/www.esta-officiel-usa.com\/fr\/wp-json\/wp\/v2\/types\/page"}],"author":[{"embeddable":true,"href":"https:\/\/www.esta-officiel-usa.com\/fr\/wp-json\/wp\/v2\/users\/1"}],"replies":[{"embeddable":true,"href":"https:\/\/www.esta-officiel-usa.com\/fr\/wp-json\/wp\/v2\/comments?post=35"}],"version-history":[{"count":3,"href":"https:\/\/www.esta-officiel-usa.com\/fr\/wp-json\/wp\/v2\/pages\/35\/revisions"}],"predecessor-version":[{"id":551,"href":"https:\/\/www.esta-officiel-usa.com\/fr\/wp-json\/wp\/v2\/pages\/35\/revisions\/551"}],"wp:attachment":[{"href":"https:\/\/www.esta-officiel-usa.com\/fr\/wp-json\/wp\/v2\/media?parent=35"}],"curies":[{"name":"wp","href":"https:\/\/api.w.org\/{rel}","templated":true}]}}