{"id":357,"date":"2020-01-29T22:12:26","date_gmt":"2020-01-29T22:12:26","guid":{"rendered":"http:\/\/www.esta-officiel-usa.com\/fr\/?page_id=357"},"modified":"2024-04-12T07:32:09","modified_gmt":"2024-04-12T07:32:09","slug":"la-veritable-utilite-de-lesta","status":"publish","type":"page","link":"https:\/\/www.esta-officiel-usa.com\/fr\/la-veritable-utilite-de-lesta\/","title":{"rendered":"A quoi sert l\u2019ESTA lors d&rsquo;un voyage aux Etats-Unis"},"content":{"rendered":"\n<h1 class=\"wp-block-heading\">Tout savoir sur l\u2019utilit\u00e9 de l\u2019ESTA<\/h1>\n\n\n\n<p>Gr\u00e2ce au Visa Waiver Program, entreprendre un voyage vers les \u00c9tats-Unis est devenu plus simple. Cette collaboration entre les USA et les pays participants permet \u00e0 des millions de personnes de b\u00e9n\u00e9ficier de l\u2019utilit\u00e9 de l\u2019Electronic System for Travel Authorisation (<a href=\"https:\/\/www.esta-officiel-usa.com\/fr\/\">ESTA<\/a>) chaque ann\u00e9e. Cette autorisation de voyage vous permet de vous pr\u00e9senter aux fronti\u00e8res am\u00e9ricaines sans l\u2019obligation de poss\u00e9der un visa.<\/p>\n\n\n\n<h2 class=\"wp-block-heading\">Pourquoi l\u2019ESTA est-il utile ?<\/h2>\n\n\n\n<p>Sur papier, on peut croire que l\u2019ESTA  n\u2019est qu\u2019un document vous autorisant \u00e0 monter dans un avion ou un bateau  en direction des \u00c9tats-Unis. Mais, comme peuvent le t\u00e9moigner les  voyageurs exp\u00e9riment\u00e9s, il repr\u00e9sente bien plus que cela. Le <a href=\"https:\/\/www.esta-officiel-usa.com\/fr\/les-38-pays-partenaires-du-visa-waiver-program\/\">Visa Waiver Program<\/a> vous permet de s\u00e9journer dans n\u2019importe quelle ville des \u00c9tats-Unis  pour une dur\u00e9e de 90 jours cons\u00e9cutifs. Avec une validit\u00e9 de deux ans, l\u2019ESTA vous permet d\u2019entreprendre plusieurs s\u00e9jours en utilisant la m\u00eame  autorisation, \u00e0 condition de respecter le d\u00e9lai de 90 jours par s\u00e9jour.<\/p>\n\n\n\n<p>Si vous voyagez pour des raisons touristiques ou professionnelles, l\u2019ESTA vous permet de :<\/p>\n\n\n\n<ul class=\"wp-block-list\">\n<li> acc\u00e9der \u00e0 tout le territoire am\u00e9ricain ; <\/li>\n\n\n\n<li> rendre visite \u00e0 votre famille ou vos amis proches ; <\/li>\n\n\n\n<li> participer \u00e0 des activit\u00e9s culturelles (sociales, sportives, musicales, etc.) non r\u00e9mun\u00e9r\u00e9es ; <\/li>\n\n\n\n<li> faire du camping dans la nature ; <\/li>\n\n\n\n<li> prendre part \u00e0 des activit\u00e9s b\u00e9n\u00e9voles (communautaire, nettoyage de rue, recyclage, etc.) non r\u00e9mun\u00e9r\u00e9es ; <\/li>\n\n\n\n<li> suivre des cours universitaires \u00e0 condition qu\u2019ils ne d\u00e9livrent pas de cr\u00e9dits pour l\u2019obtention d\u2019un dipl\u00f4me ; <\/li>\n\n\n\n<li> participer \u00e0 des r\u00e9unions d\u2019affaires ; <\/li>\n\n\n\n<li> vous rendre \u00e0 une conf\u00e9rence professionnelle ; <\/li>\n\n\n\n<li> n\u00e9gocier ou signer des contrats ; <\/li>\n\n\n\n<li> faire un <a href=\"https:\/\/www.esta-officiel-usa.com\/fr\/esta-pour-transit-aux-etats-unis\/\">transit<\/a> par le territoire am\u00e9ricain. <\/li>\n<\/ul>\n\n\n\n<p>En plus de vous \u00e9viter les longues \nattentes \u00e0 l\u2019ambassade et les frais souvent on\u00e9reux d\u2019un visa classique,\n l\u2019ESTA vous permet donc de r\u00e9aliser une grande vari\u00e9t\u00e9 d\u2019activit\u00e9s vous\n permettant de vous immerger dans la culture de l\u2019oncle Sam.<\/p>\n\n\n\n<h2 class=\"wp-block-heading\">Comment b\u00e9n\u00e9ficier de l\u2019utilit\u00e9 d\u2019un ESTA ?<\/h2>\n\n\n\n<p>Il est important de pr\u00e9ciser que l\u2019ESTA ne  garantit pas \u00e0 100 % votre entr\u00e9e sur le territoire am\u00e9ricain, cette  d\u00e9cision demeure entre les mains des agents de la douane am\u00e9ricaine lors  des contr\u00f4les de s\u00e9curit\u00e9 \u00e0 l\u2019a\u00e9roport. Ceci dit, ne vous inqui\u00e9tez  pas, si vous respectez les crit\u00e8res d\u2019obtention de l\u2019ESTA, vous avez  alors toutes les chances de votre c\u00f4t\u00e9 pour franchir la fronti\u00e8re en  toute s\u00e9r\u00e9nit\u00e9. Mises en place par le <a href=\"https:\/\/www.esta-officiel-usa.com\/fr\/le-departement-de-la-securite-interieure-americain\/\">Department of Homeland Security<\/a>, ces r\u00e9glementations permettent de renforcer la s\u00e9curit\u00e9 du territoire am\u00e9ricain :<\/p>\n\n\n\n<ul class=\"wp-block-list\">\n<li>Il faut \u00eatre citoyen d\u2019un des pays participants ;<\/li>\n\n\n\n<li>Il faut poss\u00e9der un passeport \u00e9lectronique ou biom\u00e9trique ;<\/li>\n\n\n\n<li>Votre voyage ne doit pas durer plus de 90 jours cons\u00e9cutifs ;<\/li>\n\n\n\n<li>Une demande de visa ne vous a pas \u00e9t\u00e9 refus\u00e9e r\u00e9cemment.<\/li>\n<\/ul>\n\n\n\n<p>La demande d\u2019ESTA n\u2019est pas gratuite mais reste cependant moins on\u00e9reuse que le visa, avec un prix de 21 dollars. Pour obtenir votre autorisation, il suffit de vous rendre sur le site de la douane am\u00e9ricaine. Pour gagner du temps, vous pouvez \u00e9galement utiliser le <a href=\"https:\/\/www.esta-officiel-usa.com\/fr\/le-formulaire-esta-usa-en-francais\/\">formulaire ESTA en fran\u00e7ais<\/a>.<\/p>\n","protected":false},"excerpt":{"rendered":"<p>Tout savoir sur l\u2019utilit\u00e9 de l\u2019ESTA Gr\u00e2ce au Visa Waiver Program, entreprendre un voyage vers les \u00c9tats-Unis est devenu plus simple. Cette collaboration entre les USA et les pays participants permet \u00e0 des millions de personnes de b\u00e9n\u00e9ficier de l\u2019utilit\u00e9 de l\u2019Electronic System for Travel Authorisation (ESTA) chaque ann\u00e9e. Cette autorisation de voyage vous permet [&hellip;]<\/p>\n","protected":false},"author":1,"featured_media":0,"parent":0,"menu_order":0,"comment_status":"closed","ping_status":"closed","template":"","meta":{"footnotes":""},"class_list":["post-357","page","type-page","status-publish","hentry"],"yoast_head":"<!-- This site is optimized with the Yoast SEO plugin v26.2 - https:\/\/yoast.com\/wordpress\/plugins\/seo\/ -->\n<title>A quoi sert l\u2019ESTA lors d&#039;un voyage aux Etats-Unis<\/title>\n<meta name=\"description\" content=\"Gr\u00e2ce au Visa Waiver Program et \u00e0 la cr\u00e9ation de l&#039;ESTA, entreprendre un voyage vers les \u00c9tats-Unis est devenu plus simple\" \/>\n<meta name=\"robots\" content=\"index, follow, max-snippet:-1, max-image-preview:large, max-video-preview:-1\" \/>\n<link rel=\"canonical\" href=\"https:\/\/www.esta-officiel-usa.com\/fr\/la-veritable-utilite-de-lesta\/\" \/>\n<meta property=\"og:locale\" content=\"fr_FR\" \/>\n<meta property=\"og:type\" content=\"article\" \/>\n<meta property=\"og:title\" content=\"A quoi sert l\u2019ESTA lors d&#039;un voyage aux Etats-Unis\" \/>\n<meta property=\"og:description\" content=\"Gr\u00e2ce au Visa Waiver Program et \u00e0 la cr\u00e9ation de l&#039;ESTA, entreprendre un voyage vers les \u00c9tats-Unis est devenu plus simple\" \/>\n<meta property=\"og:url\" content=\"https:\/\/www.esta-officiel-usa.com\/fr\/la-veritable-utilite-de-lesta\/\" \/>\n<meta property=\"og:site_name\" content=\"ESTA - Etats-Unis\" \/>\n<meta property=\"article:modified_time\" content=\"2024-04-12T07:32:09+00:00\" \/>\n<meta name=\"twitter:card\" content=\"summary_large_image\" \/>\n<meta name=\"twitter:label1\" content=\"Dur\u00e9e de lecture estim\u00e9e\" \/>\n\t<meta name=\"twitter:data1\" content=\"3 minutes\" \/>\n<script type=\"application\/ld+json\" class=\"yoast-schema-graph\">{\"@context\":\"https:\/\/schema.org\",\"@graph\":[{\"@type\":\"WebPage\",\"@id\":\"https:\/\/www.esta-officiel-usa.com\/fr\/la-veritable-utilite-de-lesta\/\",\"url\":\"https:\/\/www.esta-officiel-usa.com\/fr\/la-veritable-utilite-de-lesta\/\",\"name\":\"A quoi sert l\u2019ESTA lors d'un voyage aux Etats-Unis\",\"isPartOf\":{\"@id\":\"https:\/\/www.esta-officiel-usa.com\/fr\/#website\"},\"datePublished\":\"2020-01-29T22:12:26+00:00\",\"dateModified\":\"2024-04-12T07:32:09+00:00\",\"description\":\"Gr\u00e2ce au Visa Waiver Program et \u00e0 la cr\u00e9ation de l'ESTA, entreprendre un voyage vers les \u00c9tats-Unis est devenu plus simple\",\"breadcrumb\":{\"@id\":\"https:\/\/www.esta-officiel-usa.com\/fr\/la-veritable-utilite-de-lesta\/#breadcrumb\"},\"inLanguage\":\"fr-FR\",\"potentialAction\":[{\"@type\":\"ReadAction\",\"target\":[\"https:\/\/www.esta-officiel-usa.com\/fr\/la-veritable-utilite-de-lesta\/\"]}]},{\"@type\":\"BreadcrumbList\",\"@id\":\"https:\/\/www.esta-officiel-usa.com\/fr\/la-veritable-utilite-de-lesta\/#breadcrumb\",\"itemListElement\":[{\"@type\":\"ListItem\",\"position\":1,\"name\":\"Home\",\"item\":\"https:\/\/www.esta-officiel-usa.com\/fr\/\"},{\"@type\":\"ListItem\",\"position\":2,\"name\":\"A quoi sert l\u2019ESTA lors d&rsquo;un voyage aux Etats-Unis\"}]},{\"@type\":\"WebSite\",\"@id\":\"https:\/\/www.esta-officiel-usa.com\/fr\/#website\",\"url\":\"https:\/\/www.esta-officiel-usa.com\/fr\/\",\"name\":\"ESTA - Etats-Unis\",\"description\":\"Formulaire de demande ESTA\",\"potentialAction\":[{\"@type\":\"SearchAction\",\"target\":{\"@type\":\"EntryPoint\",\"urlTemplate\":\"https:\/\/www.esta-officiel-usa.com\/fr\/?s={search_term_string}\"},\"query-input\":{\"@type\":\"PropertyValueSpecification\",\"valueRequired\":true,\"valueName\":\"search_term_string\"}}],\"inLanguage\":\"fr-FR\"}]}<\/script>\n<!-- \/ Yoast SEO plugin. -->","yoast_head_json":{"title":"A quoi sert l\u2019ESTA lors d'un voyage aux Etats-Unis","description":"Gr\u00e2ce au Visa Waiver Program et \u00e0 la cr\u00e9ation de l'ESTA, entreprendre un voyage vers les \u00c9tats-Unis est devenu plus simple","robots":{"index":"index","follow":"follow","max-snippet":"max-snippet:-1","max-image-preview":"max-image-preview:large","max-video-preview":"max-video-preview:-1"},"canonical":"https:\/\/www.esta-officiel-usa.com\/fr\/la-veritable-utilite-de-lesta\/","og_locale":"fr_FR","og_type":"article","og_title":"A quoi sert l\u2019ESTA lors d'un voyage aux Etats-Unis","og_description":"Gr\u00e2ce au Visa Waiver Program et \u00e0 la cr\u00e9ation de l'ESTA, entreprendre un voyage vers les \u00c9tats-Unis est devenu plus simple","og_url":"https:\/\/www.esta-officiel-usa.com\/fr\/la-veritable-utilite-de-lesta\/","og_site_name":"ESTA - Etats-Unis","article_modified_time":"2024-04-12T07:32:09+00:00","twitter_card":"summary_large_image","twitter_misc":{"Dur\u00e9e de lecture estim\u00e9e":"3 minutes"},"schema":{"@context":"https:\/\/schema.org","@graph":[{"@type":"WebPage","@id":"https:\/\/www.esta-officiel-usa.com\/fr\/la-veritable-utilite-de-lesta\/","url":"https:\/\/www.esta-officiel-usa.com\/fr\/la-veritable-utilite-de-lesta\/","name":"A quoi sert l\u2019ESTA lors d'un voyage aux Etats-Unis","isPartOf":{"@id":"https:\/\/www.esta-officiel-usa.com\/fr\/#website"},"datePublished":"2020-01-29T22:12:26+00:00","dateModified":"2024-04-12T07:32:09+00:00","description":"Gr\u00e2ce au Visa Waiver Program et \u00e0 la cr\u00e9ation de l'ESTA, entreprendre un voyage vers les \u00c9tats-Unis est devenu plus simple","breadcrumb":{"@id":"https:\/\/www.esta-officiel-usa.com\/fr\/la-veritable-utilite-de-lesta\/#breadcrumb"},"inLanguage":"fr-FR","potentialAction":[{"@type":"ReadAction","target":["https:\/\/www.esta-officiel-usa.com\/fr\/la-veritable-utilite-de-lesta\/"]}]},{"@type":"BreadcrumbList","@id":"https:\/\/www.esta-officiel-usa.com\/fr\/la-veritable-utilite-de-lesta\/#breadcrumb","itemListElement":[{"@type":"ListItem","position":1,"name":"Home","item":"https:\/\/www.esta-officiel-usa.com\/fr\/"},{"@type":"ListItem","position":2,"name":"A quoi sert l\u2019ESTA lors d&rsquo;un voyage aux Etats-Unis"}]},{"@type":"WebSite","@id":"https:\/\/www.esta-officiel-usa.com\/fr\/#website","url":"https:\/\/www.esta-officiel-usa.com\/fr\/","name":"ESTA - Etats-Unis","description":"Formulaire de demande ESTA","potentialAction":[{"@type":"SearchAction","target":{"@type":"EntryPoint","urlTemplate":"https:\/\/www.esta-officiel-usa.com\/fr\/?s={search_term_string}"},"query-input":{"@type":"PropertyValueSpecification","valueRequired":true,"valueName":"search_term_string"}}],"inLanguage":"fr-FR"}]}},"_links":{"self":[{"href":"https:\/\/www.esta-officiel-usa.com\/fr\/wp-json\/wp\/v2\/pages\/357","targetHints":{"allow":["GET"]}}],"collection":[{"href":"https:\/\/www.esta-officiel-usa.com\/fr\/wp-json\/wp\/v2\/pages"}],"about":[{"href":"https:\/\/www.esta-officiel-usa.com\/fr\/wp-json\/wp\/v2\/types\/page"}],"author":[{"embeddable":true,"href":"https:\/\/www.esta-officiel-usa.com\/fr\/wp-json\/wp\/v2\/users\/1"}],"replies":[{"embeddable":true,"href":"https:\/\/www.esta-officiel-usa.com\/fr\/wp-json\/wp\/v2\/comments?post=357"}],"version-history":[{"count":7,"href":"https:\/\/www.esta-officiel-usa.com\/fr\/wp-json\/wp\/v2\/pages\/357\/revisions"}],"predecessor-version":[{"id":766,"href":"https:\/\/www.esta-officiel-usa.com\/fr\/wp-json\/wp\/v2\/pages\/357\/revisions\/766"}],"wp:attachment":[{"href":"https:\/\/www.esta-officiel-usa.com\/fr\/wp-json\/wp\/v2\/media?parent=357"}],"curies":[{"name":"wp","href":"https:\/\/api.w.org\/{rel}","templated":true}]}}