{"id":359,"date":"2020-01-29T22:15:51","date_gmt":"2020-01-29T22:15:51","guid":{"rendered":"http:\/\/www.esta-officiel-usa.com\/fr\/?page_id=359"},"modified":"2020-02-14T08:44:44","modified_gmt":"2020-02-14T08:44:44","slug":"le-start-up-visa-program-aux-usa","status":"publish","type":"page","link":"https:\/\/www.esta-officiel-usa.com\/fr\/le-start-up-visa-program-aux-usa\/","title":{"rendered":"Start-up Visa Program aux \u00c9tats-Unis"},"content":{"rendered":"\n<h1 class=\"wp-block-heading\">Start-up Visa Program : la situation aux \u00c9tats-Unis<\/h1>\n\n\n\n<p>Pas facile de suivre l\u2019actualit\u00e9 aux \u00c9tats-Unis. L\u2019administration entame, valide, modifie, annule ou encore met en suspens de nombreux projets. Si vous \u00eates entrepreneur, vous vous int\u00e9ressez peut-\u00eatre \u00e0 un dispositif bien particulier, le Start-up Visa Program. Qu\u2019en est-il \u00e0 l\u2019heure actuelle ? Peut-on imaginer une mise en vigueur prochainement ?<\/p>\n\n\n\n<p>Le programme pourrait profiter \u00e0 de nombreux immigrants, en s\u2019ajoutant \u00e0 la liste des autorisations de s\u00e9jour telles que <a href=\"https:\/\/www.esta-officiel-usa.com\/fr\/\">l\u2019ESTA<\/a> et le visa touristique. D\u2019ailleurs, ce syst\u00e8me de visa startup fonctionne d\u00e9j\u00e0 au Canada par exemple. Toutefois, le gouvernement am\u00e9ricain montre des r\u00e9ticences \u00e0 adopter ce syst\u00e8me que certains jugent dangereux en termes d\u2019immigration.<\/p>\n\n\n\n<h2 class=\"wp-block-heading\">Qu\u2019est-ce que le Start-Up Visa Program ?<\/h2>\n\n\n\n<p>Pour immigrer aux \u00c9tats-Unis, la demande de visa (ou d\u2019un titre comme <a href=\"https:\/\/www.esta-officiel-usa.com\/fr\/qu-est-ce-que-l-esta\/\">l\u2019ESTA<\/a>  dans certains cas) est obligatoire. En effet, il faut obtenir une  autorisation d\u00e9livr\u00e9e par les autorit\u00e9s am\u00e9ricaines, qui jugent si votre  profil et votre projet sur leur sol ne pr\u00e9sentent aucun risque pour la  s\u00e9curit\u00e9 int\u00e9rieure. Tout voyage doit \u00eatre justifi\u00e9 : rejoindre de la  famille, suivre des cours durant un semestre en universit\u00e9, occuper un  emploi, visiter le pays, etc. \u00c0 chaque motif correspond un visa.<\/p>\n\n\n\n<p>Toute personne souhaitant cr\u00e9er une entreprise aux States, startup ou non, doit obtenir un visa E-1, pas forc\u00e9ment adapt\u00e9 \u00e0 de petites structures et compliqu\u00e9 \u00e0 obtenir. Cette situation d\u00e9courage de nombreux \u00e9trangers attir\u00e9s par les \u00c9tats-Unis afin d\u2019y lancer leur business. \u00c0 titre de comparaison, beaucoup de pays ont mis en place un Start-up Visa Program (programme de visa pour start-up) pour accueillir dans les meilleures conditions des investisseurs \u00e9trangers : vous pouvez immigrer au Canada, en Espagne ou encore en Nouvelle-Z\u00e9lande gr\u00e2ce au visa startup. En outre, on trouve des mesures sp\u00e9cifiques en Italie, en Allemagne et m\u00eame en France.<\/p>\n\n\n\n<p>Afin de faciliter l\u2019arriv\u00e9e des \u201cstartupers\u201d sur son territoire, le \ngouvernement am\u00e9ricain a souvent abord\u00e9 la question d\u2019un \u00e9ventuel visa \nstartup, dans le cadre de \u201cl\u2019International Entrepreneur Rule\u201d. Ce \nprogramme vise \u00e0 augmenter le nombre d\u2019entrepreneurs internationaux aux \n\u00c9tats-Unis, car de nombreuses \u00e9tudes montrent le b\u00e9n\u00e9fice que cela \nentra\u00eenerait en ce qui concerne les cr\u00e9ations d\u2019emplois.<\/p>\n\n\n\n<p>Attention \u00e0 la confusion avec le <a href=\"https:\/\/www.esta-officiel-usa.com\/fr\/a-propos-du-visa-waiver-program\/\">Visa Waiver Program<\/a>.  Ce dernier n\u2019a rien \u00e0 voir, et a justement pour but d\u2019exempter certains  voyageurs de visa am\u00e9ricain. Ceci ne vaut pas pour les investisseurs ou  les fondateurs d\u2019entreprises.<\/p>\n\n\n\n<p>Sous l\u2019administration Obama, le Start-up Visa Program a failli voir  le jour de mani\u00e8re p\u00e9renne, mais l\u2019\u00e9lection de Donald Trump a chang\u00e9 la  donne. Le dispositif ne s\u2019aligne pas sur la politique d\u2019immigration  voulue par le nouveau pr\u00e9sident.<\/p>\n\n\n\n<h2 class=\"wp-block-heading\">Programme de visa pour start-up : un projet en voie d\u2019abrogation<\/h2>\n\n\n\n<p>Malheureusement, si vous esp\u00e9rez faire une demande de titre de s\u00e9jour  aux USA via le Start-up Visa Program, vous allez devoir r\u00e9viser vos  plans, en tout cas pour le moment. Le <a href=\"https:\/\/www.esta-officiel-usa.com\/fr\/le-departement-de-la-securite-interieure-americain\/\">DHS (D\u00e9partement de la S\u00e9curit\u00e9  Int\u00e9rieure)<\/a> a abandonn\u00e9 cette id\u00e9e pourtant proche de devenir une  r\u00e9alit\u00e9 en 2017. Tout d\u2019abord repouss\u00e9, le projet est d\u00e9sormais en cours  d\u2019abrogation, depuis un rapport du 29 mai 2018. La raison avanc\u00e9e ? Le  Startup Visa Program ne respecte pas la politique actuelle des DHS, et  ne prot\u00e8ge pas suffisamment les travailleurs et investisseurs am\u00e9ricains  face aux ressortissants \u00e9trangers.<\/p>\n\n\n\n<p>Soutenue par une partie de la Silicon Valley, la mesure ne devrait \ndonc pas devenir op\u00e9rationnelle avant un certain temps. Peut-\u00eatre qu\u2019une\n future \u00e9lection pr\u00e9sidentielle la remettra au go\u00fbt du jour. Nul doute \nque Trump ne prendra jamais position en faveur d\u2019une mise en place d\u2019un \ntel programme de visa investisseur pour start-up ; au contraire, son \nintention se focalise sur la r\u00e9duction de l\u2019\u00e9migration vers les USA. \nD\u2019ailleurs, les quotas des visas existants risquent de diminuer d\u2019ici la\n fin de son mandat.<\/p>\n\n\n\n<p>R\u00e9sultat : aujourd\u2019hui, pour r\u00e9sider aux \u00c9tats-Unis en investissant  ou en lan\u00e7ant une entreprise, vous ne pouvez pas pr\u00e9tendre \u00e0 un Start-up  Visa Program. Vous devez vous conformer aux d\u00e9marches difficiles  d\u00e9coulant des visas en place (s\u00e9jour temporaire) ou de la <a href=\"https:\/\/www.esta-officiel-usa.com\/fr\/quest-ce-que-la-green-card\/\">green card<\/a> (r\u00e9sidence permanente).<\/p>\n","protected":false},"excerpt":{"rendered":"<p>Start-up Visa Program : la situation aux \u00c9tats-Unis Pas facile de suivre l\u2019actualit\u00e9 aux \u00c9tats-Unis. L\u2019administration entame, valide, modifie, annule ou encore met en suspens de nombreux projets. Si vous \u00eates entrepreneur, vous vous int\u00e9ressez peut-\u00eatre \u00e0 un dispositif bien particulier, le Start-up Visa Program. Qu\u2019en est-il \u00e0 l\u2019heure actuelle ? Peut-on imaginer une mise [&hellip;]<\/p>\n","protected":false},"author":1,"featured_media":0,"parent":0,"menu_order":0,"comment_status":"closed","ping_status":"closed","template":"","meta":{"footnotes":""},"class_list":["post-359","page","type-page","status-publish","hentry"],"yoast_head":"<!-- This site is optimized with the Yoast SEO plugin v26.2 - https:\/\/yoast.com\/wordpress\/plugins\/seo\/ -->\n<title>Start-up Visa Program aux \u00c9tats-Unis<\/title>\n<meta name=\"description\" content=\"Si vous \u00eates entrepreneur, vous vous int\u00e9ressez peut-\u00eatre \u00e0 un dispositif bien particulier, le Start-up Visa Program aux Etats-Unis\" \/>\n<meta name=\"robots\" content=\"index, follow, max-snippet:-1, max-image-preview:large, max-video-preview:-1\" \/>\n<link rel=\"canonical\" href=\"https:\/\/www.esta-officiel-usa.com\/fr\/le-start-up-visa-program-aux-usa\/\" \/>\n<meta property=\"og:locale\" content=\"fr_FR\" \/>\n<meta property=\"og:type\" content=\"article\" \/>\n<meta property=\"og:title\" content=\"Start-up Visa Program aux \u00c9tats-Unis\" \/>\n<meta property=\"og:description\" content=\"Si vous \u00eates entrepreneur, vous vous int\u00e9ressez peut-\u00eatre \u00e0 un dispositif bien particulier, le Start-up Visa Program aux Etats-Unis\" \/>\n<meta property=\"og:url\" content=\"https:\/\/www.esta-officiel-usa.com\/fr\/le-start-up-visa-program-aux-usa\/\" \/>\n<meta property=\"og:site_name\" content=\"ESTA - Etats-Unis\" \/>\n<meta property=\"article:modified_time\" content=\"2020-02-14T08:44:44+00:00\" \/>\n<meta name=\"twitter:card\" content=\"summary_large_image\" \/>\n<meta name=\"twitter:label1\" content=\"Dur\u00e9e de lecture estim\u00e9e\" \/>\n\t<meta name=\"twitter:data1\" content=\"4 minutes\" \/>\n<script type=\"application\/ld+json\" class=\"yoast-schema-graph\">{\"@context\":\"https:\/\/schema.org\",\"@graph\":[{\"@type\":\"WebPage\",\"@id\":\"https:\/\/www.esta-officiel-usa.com\/fr\/le-start-up-visa-program-aux-usa\/\",\"url\":\"https:\/\/www.esta-officiel-usa.com\/fr\/le-start-up-visa-program-aux-usa\/\",\"name\":\"Start-up Visa Program aux \u00c9tats-Unis\",\"isPartOf\":{\"@id\":\"https:\/\/www.esta-officiel-usa.com\/fr\/#website\"},\"datePublished\":\"2020-01-29T22:15:51+00:00\",\"dateModified\":\"2020-02-14T08:44:44+00:00\",\"description\":\"Si vous \u00eates entrepreneur, vous vous int\u00e9ressez peut-\u00eatre \u00e0 un dispositif bien particulier, le Start-up Visa Program aux Etats-Unis\",\"breadcrumb\":{\"@id\":\"https:\/\/www.esta-officiel-usa.com\/fr\/le-start-up-visa-program-aux-usa\/#breadcrumb\"},\"inLanguage\":\"fr-FR\",\"potentialAction\":[{\"@type\":\"ReadAction\",\"target\":[\"https:\/\/www.esta-officiel-usa.com\/fr\/le-start-up-visa-program-aux-usa\/\"]}]},{\"@type\":\"BreadcrumbList\",\"@id\":\"https:\/\/www.esta-officiel-usa.com\/fr\/le-start-up-visa-program-aux-usa\/#breadcrumb\",\"itemListElement\":[{\"@type\":\"ListItem\",\"position\":1,\"name\":\"Home\",\"item\":\"https:\/\/www.esta-officiel-usa.com\/fr\/\"},{\"@type\":\"ListItem\",\"position\":2,\"name\":\"Start-up Visa Program aux \u00c9tats-Unis\"}]},{\"@type\":\"WebSite\",\"@id\":\"https:\/\/www.esta-officiel-usa.com\/fr\/#website\",\"url\":\"https:\/\/www.esta-officiel-usa.com\/fr\/\",\"name\":\"ESTA - Etats-Unis\",\"description\":\"Formulaire de demande ESTA\",\"potentialAction\":[{\"@type\":\"SearchAction\",\"target\":{\"@type\":\"EntryPoint\",\"urlTemplate\":\"https:\/\/www.esta-officiel-usa.com\/fr\/?s={search_term_string}\"},\"query-input\":{\"@type\":\"PropertyValueSpecification\",\"valueRequired\":true,\"valueName\":\"search_term_string\"}}],\"inLanguage\":\"fr-FR\"}]}<\/script>\n<!-- \/ Yoast SEO plugin. -->","yoast_head_json":{"title":"Start-up Visa Program aux \u00c9tats-Unis","description":"Si vous \u00eates entrepreneur, vous vous int\u00e9ressez peut-\u00eatre \u00e0 un dispositif bien particulier, le Start-up Visa Program aux Etats-Unis","robots":{"index":"index","follow":"follow","max-snippet":"max-snippet:-1","max-image-preview":"max-image-preview:large","max-video-preview":"max-video-preview:-1"},"canonical":"https:\/\/www.esta-officiel-usa.com\/fr\/le-start-up-visa-program-aux-usa\/","og_locale":"fr_FR","og_type":"article","og_title":"Start-up Visa Program aux \u00c9tats-Unis","og_description":"Si vous \u00eates entrepreneur, vous vous int\u00e9ressez peut-\u00eatre \u00e0 un dispositif bien particulier, le Start-up Visa Program aux Etats-Unis","og_url":"https:\/\/www.esta-officiel-usa.com\/fr\/le-start-up-visa-program-aux-usa\/","og_site_name":"ESTA - Etats-Unis","article_modified_time":"2020-02-14T08:44:44+00:00","twitter_card":"summary_large_image","twitter_misc":{"Dur\u00e9e de lecture estim\u00e9e":"4 minutes"},"schema":{"@context":"https:\/\/schema.org","@graph":[{"@type":"WebPage","@id":"https:\/\/www.esta-officiel-usa.com\/fr\/le-start-up-visa-program-aux-usa\/","url":"https:\/\/www.esta-officiel-usa.com\/fr\/le-start-up-visa-program-aux-usa\/","name":"Start-up Visa Program aux \u00c9tats-Unis","isPartOf":{"@id":"https:\/\/www.esta-officiel-usa.com\/fr\/#website"},"datePublished":"2020-01-29T22:15:51+00:00","dateModified":"2020-02-14T08:44:44+00:00","description":"Si vous \u00eates entrepreneur, vous vous int\u00e9ressez peut-\u00eatre \u00e0 un dispositif bien particulier, le Start-up Visa Program aux Etats-Unis","breadcrumb":{"@id":"https:\/\/www.esta-officiel-usa.com\/fr\/le-start-up-visa-program-aux-usa\/#breadcrumb"},"inLanguage":"fr-FR","potentialAction":[{"@type":"ReadAction","target":["https:\/\/www.esta-officiel-usa.com\/fr\/le-start-up-visa-program-aux-usa\/"]}]},{"@type":"BreadcrumbList","@id":"https:\/\/www.esta-officiel-usa.com\/fr\/le-start-up-visa-program-aux-usa\/#breadcrumb","itemListElement":[{"@type":"ListItem","position":1,"name":"Home","item":"https:\/\/www.esta-officiel-usa.com\/fr\/"},{"@type":"ListItem","position":2,"name":"Start-up Visa Program aux \u00c9tats-Unis"}]},{"@type":"WebSite","@id":"https:\/\/www.esta-officiel-usa.com\/fr\/#website","url":"https:\/\/www.esta-officiel-usa.com\/fr\/","name":"ESTA - Etats-Unis","description":"Formulaire de demande ESTA","potentialAction":[{"@type":"SearchAction","target":{"@type":"EntryPoint","urlTemplate":"https:\/\/www.esta-officiel-usa.com\/fr\/?s={search_term_string}"},"query-input":{"@type":"PropertyValueSpecification","valueRequired":true,"valueName":"search_term_string"}}],"inLanguage":"fr-FR"}]}},"_links":{"self":[{"href":"https:\/\/www.esta-officiel-usa.com\/fr\/wp-json\/wp\/v2\/pages\/359","targetHints":{"allow":["GET"]}}],"collection":[{"href":"https:\/\/www.esta-officiel-usa.com\/fr\/wp-json\/wp\/v2\/pages"}],"about":[{"href":"https:\/\/www.esta-officiel-usa.com\/fr\/wp-json\/wp\/v2\/types\/page"}],"author":[{"embeddable":true,"href":"https:\/\/www.esta-officiel-usa.com\/fr\/wp-json\/wp\/v2\/users\/1"}],"replies":[{"embeddable":true,"href":"https:\/\/www.esta-officiel-usa.com\/fr\/wp-json\/wp\/v2\/comments?post=359"}],"version-history":[{"count":5,"href":"https:\/\/www.esta-officiel-usa.com\/fr\/wp-json\/wp\/v2\/pages\/359\/revisions"}],"predecessor-version":[{"id":555,"href":"https:\/\/www.esta-officiel-usa.com\/fr\/wp-json\/wp\/v2\/pages\/359\/revisions\/555"}],"wp:attachment":[{"href":"https:\/\/www.esta-officiel-usa.com\/fr\/wp-json\/wp\/v2\/media?parent=359"}],"curies":[{"name":"wp","href":"https:\/\/api.w.org\/{rel}","templated":true}]}}