{"id":362,"date":"2020-01-29T22:19:24","date_gmt":"2020-01-29T22:19:24","guid":{"rendered":"http:\/\/www.esta-officiel-usa.com\/fr\/?page_id=362"},"modified":"2020-02-01T17:18:21","modified_gmt":"2020-02-01T17:18:21","slug":"les-mesures-de-securite-pour-entrer-aux-etats-unis","status":"publish","type":"page","link":"https:\/\/www.esta-officiel-usa.com\/fr\/les-mesures-de-securite-pour-entrer-aux-etats-unis\/","title":{"rendered":"Mesures de s\u00e9curit\u00e9 pour entrer aux \u00c9tats-Unis"},"content":{"rendered":"\n<h1 class=\"wp-block-heading\">Les nouvelles mesures de s\u00e9curit\u00e9 pour entrer aux \u00c9tats-Unis<\/h1>\n\n\n\n<p>Vous d\u00e9sirez voyager aux \u00c9tats-Unis d\u2019Am\u00e9rique, d\u00e9couvrir la d\u00e9mesure  des gratte-ciels des villes am\u00e9ricaines, notamment ceux de New-York, les plages de Floride et de Californie ou encore la nature et les grands espaces d\u2019 Arizona ? Sachez que partir aux USA n\u2019est pas forc\u00e9ment facile, car les autorit\u00e9s am\u00e9ricaines sont de plus en plus vigilantes gr\u00e2ce \u00e0 de nouvelles mesures de s\u00e9curit\u00e9 aux \u00c9tats-Unis (<a href=\"https:\/\/www.esta-officiel-usa.com\/fr\/\">ESTA<\/a>, visa, green card\u2026). Vous souhaitez d\u00e9couvrir comment proc\u00e9der pour voyager aux \u00c9tats-Unis en respectant ces mesures de s\u00e9curit\u00e9 ? Lisez notre article, bonne lecture !<\/p>\n\n\n\n<h2 class=\"wp-block-heading\">Pourquoi autant de mesures de s\u00e9curit\u00e9 aux USA ?<\/h2>\n\n\n\n<p>Le gouvernement am\u00e9ricain a toujours \u00e9t\u00e9 tr\u00e8s prudent quant aux \nvoyageurs qui arrivent dans son pays. Mais depuis les attentats du 11 \nseptembre, les mesures de s\u00e9curit\u00e9 pour entrer aux \u00c9tats-Unis ont \u00e9t\u00e9 \nrenforc\u00e9es. En effet, pour se rendre sur le territoire am\u00e9ricain, il \nfaut obtenir un laissez-passer, que ce soit un ESTA, un visa ou encore \nune carte verte. Sans cela, il n\u2019est pas possible pour un voyageur de se\n rendre aux \u00c9tats-Unis.<\/p>\n\n\n\n<p>De plus, \u00e0 la demande du gouvernement am\u00e9ricain, les voyageurs vont \nd\u00e9sormais subir des entretiens de s\u00e9curit\u00e9 lors de l\u2019enregistrement \u00e0 \nl\u2019a\u00e9roport de d\u00e9part. Un questionnaire devra \u00eatre rempli par les \nvoyageurs souhaitant s\u2019envoler outre-Atlantique.<\/p>\n\n\n\n<h2 class=\"wp-block-heading\">Voyage aux \u00c9tats-Unis : quelles sont les mesures de s\u00e9curit\u00e9 ?<\/h2>\n\n\n\n<p>Afin d\u2019assurer la protection du pays et des citoyens am\u00e9ricains, le \ngouvernement a mis en place des laissez-passer permettant \u00e0 certains \ndemandeurs de s\u00e9journer aux \u00c9tats-Unis tout en renfor\u00e7ant les mesures de\n s\u00e9curit\u00e9. Pour ce faire, il existe notamment l\u2019ESTA ainsi que le visa, \nque nous allons pr\u00e9senter dans cette partie.<\/p>\n\n\n\n<h3 class=\"wp-block-heading\">L\u2019ESTA<\/h3>\n\n\n\n<p>L\u2019ESTA ou Electronic System For Travel Authorization est une \nautorisation de voyage pour les \u00c9tats-Unis qui ne peut \u00eatre d\u00e9livr\u00e9e \nqu\u2019aux ressortissants du Visa Waiver Program (VWP), en fran\u00e7ais \nProgramme d\u2019Exemption de Visa (PEV). Ainsi, ce programme permet \u00e0 de \nnombreux voyageurs de faire un s\u00e9jour temporaire touristique, d\u2019affaires\n ou un transit aux States, sans visa. Ce dispositif a \u00e9t\u00e9 mis en place \nafin de faciliter le travail des autorit\u00e9s am\u00e9ricaines concernant les \nmesures de s\u00e9curit\u00e9 et de permettre \u00e0 certains voyageurs de venir aux \n\u00c9tats-Unis sans visa.<\/p>\n\n\n\n<p><strong>Qui peut en b\u00e9n\u00e9ficier ?<\/strong><\/p>\n\n\n\n<p>Pour b\u00e9n\u00e9ficier de ce programme, <a href=\"https:\/\/www.esta-officiel-usa.com\/fr\/les-conditions-a-respecter-pour-obtenir-le-visa-usa\/\">certaines conditions doivent \u00eatre respect\u00e9es<\/a>.<\/p>\n\n\n\n<ul class=\"wp-block-list\"><li>\n\tVous devez \u00eatre muni d\u2019un passeport valide (passeport biom\u00e9trique ou \u00e9lectronique)\n\t<\/li><li>\n\tVous devez \u00eatre un ressortissant d\u2019un des 38 pays concern\u00e9s par le programme d\u2019exemption de visa\n\t<\/li><li>\n\tVotre s\u00e9jour ne doit pas aller au-del\u00e0 de 90 jours\n\t<\/li><li>\n\tVous devez arriver sur le sol am\u00e9ricain par voie a\u00e9rienne ou maritime\n\t<\/li><li>\n\tLe but de votre s\u00e9jour doit \u00eatre touristique, d\u2019affaires ou un transit\n\t<\/li><\/ul>\n\n\n\n<p><strong>Comment l\u2019obtenir ?<\/strong><\/p>\n\n\n\n<p>Pour obtenir une <a href=\"https:\/\/www.esta-officiel-usa.com\/fr\/lautorisation-esta\/\">autorisation ESTA<\/a>, tout se passe en ligne ; deux solutions s\u2019offrent \u00e0 vous :<\/p>\n\n\n\n<ul class=\"wp-block-list\"><li> une demande d\u2019ESTA USA sur le site officiel du gouvernement am\u00e9ricain. La demande se pr\u00e9sente sous la forme d\u2019un <a href=\"https:\/\/www.esta-officiel-usa.com\/fr\/remplir-le-formulaire-esta-en-ligne\/\">formulaire ESTA en ligne<\/a>,  vous devez le compl\u00e9ter avec vos informations personnelles. Veillez \u00e0  vous concentrer lors du remplissage du questionnaire, car une erreur  dans une lettre ou dans un chiffre peut avoir comme cons\u00e9quence un  refus. <\/li><li> la plateforme de notre partenaire vous propose de remplir un  formulaire simplifi\u00e9 et se charge de faire la demande d\u2019autorisation  ESTA \u00e0 votre place. Une r\u00e9ponse vous sera transmise sous 72 heures. <\/li><\/ul>\n\n\n\n<h3 class=\"wp-block-heading\">Le visa<\/h3>\n\n\n\n<p>L\u2019ESTA est tr\u00e8s rapide \u00e0 obtenir lorsque vous r\u00e9pondez aux crit\u00e8res \nde s\u00e9lection alors que le visa peut \u00eatre plus long \u00e0 obtenir et plus \ncher aussi.<\/p>\n\n\n\n<p>La demande de visa se d\u00e9roule en plusieurs \u00e9tapes ; pour commencer, \nvous devez choisir le type de visa qui correspond \u00e0 vos motivations. \nVoyagez-vous aux \u00c9tats-Unis pour visiter, \u00e9tudier ou faire un stage ? \nUne fois le visa choisi, vous devez remplir le formulaire DS-160, \nprendre un rendez-vous au consulat des \u00c9tats-Unis et payer les frais de \ntraitement du dossier. Vous devez amener votre dossier complet \u00e0 \nl\u2019entretien au consulat. Sur place, un agent vous pose des questions sur\n la raison de votre voyage aux \u00c9tats-Unis. Si tout se passe bien, votre \nvisa est d\u00e9livr\u00e9 sous quelques jours, par courrier, \u00e0 votre domicile.<\/p>\n\n\n\n<p>Vous en savez d\u00e9sormais plus sur les mesures de s\u00e9curit\u00e9 aux \u00c9tats-Unis !<\/p>\n","protected":false},"excerpt":{"rendered":"<p>Les nouvelles mesures de s\u00e9curit\u00e9 pour entrer aux \u00c9tats-Unis Vous d\u00e9sirez voyager aux \u00c9tats-Unis d\u2019Am\u00e9rique, d\u00e9couvrir la d\u00e9mesure des gratte-ciels des villes am\u00e9ricaines, notamment ceux de New-York, les plages de Floride et de Californie ou encore la nature et les grands espaces d\u2019 Arizona ? Sachez que partir aux USA n\u2019est pas forc\u00e9ment facile, car [&hellip;]<\/p>\n","protected":false},"author":1,"featured_media":0,"parent":0,"menu_order":0,"comment_status":"closed","ping_status":"closed","template":"","meta":{"footnotes":""},"class_list":["post-362","page","type-page","status-publish","hentry"],"yoast_head":"<!-- This site is optimized with the Yoast SEO plugin v26.2 - https:\/\/yoast.com\/wordpress\/plugins\/seo\/ -->\n<title>Mesures de s\u00e9curit\u00e9 pour entrer aux \u00c9tats-Unis<\/title>\n<meta name=\"description\" content=\"Sachez que partir aux USA n\u2019est pas forc\u00e9ment facile, car les autorit\u00e9s am\u00e9ricaines sont de plus en plus vigilantes gr\u00e2ce \u00e0 de nouvelles mesures de s\u00e9curit\u00e9\" \/>\n<meta name=\"robots\" content=\"index, follow, max-snippet:-1, max-image-preview:large, max-video-preview:-1\" \/>\n<link rel=\"canonical\" href=\"https:\/\/www.esta-officiel-usa.com\/fr\/les-mesures-de-securite-pour-entrer-aux-etats-unis\/\" \/>\n<meta property=\"og:locale\" content=\"fr_FR\" \/>\n<meta property=\"og:type\" content=\"article\" \/>\n<meta property=\"og:title\" content=\"Mesures de s\u00e9curit\u00e9 pour entrer aux \u00c9tats-Unis\" \/>\n<meta property=\"og:description\" content=\"Sachez que partir aux USA n\u2019est pas forc\u00e9ment facile, car les autorit\u00e9s am\u00e9ricaines sont de plus en plus vigilantes gr\u00e2ce \u00e0 de nouvelles mesures de s\u00e9curit\u00e9\" \/>\n<meta property=\"og:url\" content=\"https:\/\/www.esta-officiel-usa.com\/fr\/les-mesures-de-securite-pour-entrer-aux-etats-unis\/\" \/>\n<meta property=\"og:site_name\" content=\"ESTA - Etats-Unis\" \/>\n<meta property=\"article:modified_time\" content=\"2020-02-01T17:18:21+00:00\" \/>\n<meta name=\"twitter:card\" content=\"summary_large_image\" \/>\n<meta name=\"twitter:label1\" content=\"Dur\u00e9e de lecture estim\u00e9e\" \/>\n\t<meta name=\"twitter:data1\" content=\"4 minutes\" \/>\n<script type=\"application\/ld+json\" class=\"yoast-schema-graph\">{\"@context\":\"https:\/\/schema.org\",\"@graph\":[{\"@type\":\"WebPage\",\"@id\":\"https:\/\/www.esta-officiel-usa.com\/fr\/les-mesures-de-securite-pour-entrer-aux-etats-unis\/\",\"url\":\"https:\/\/www.esta-officiel-usa.com\/fr\/les-mesures-de-securite-pour-entrer-aux-etats-unis\/\",\"name\":\"Mesures de s\u00e9curit\u00e9 pour entrer aux \u00c9tats-Unis\",\"isPartOf\":{\"@id\":\"https:\/\/www.esta-officiel-usa.com\/fr\/#website\"},\"datePublished\":\"2020-01-29T22:19:24+00:00\",\"dateModified\":\"2020-02-01T17:18:21+00:00\",\"description\":\"Sachez que partir aux USA n\u2019est pas forc\u00e9ment facile, car les autorit\u00e9s am\u00e9ricaines sont de plus en plus vigilantes gr\u00e2ce \u00e0 de nouvelles mesures de s\u00e9curit\u00e9\",\"breadcrumb\":{\"@id\":\"https:\/\/www.esta-officiel-usa.com\/fr\/les-mesures-de-securite-pour-entrer-aux-etats-unis\/#breadcrumb\"},\"inLanguage\":\"fr-FR\",\"potentialAction\":[{\"@type\":\"ReadAction\",\"target\":[\"https:\/\/www.esta-officiel-usa.com\/fr\/les-mesures-de-securite-pour-entrer-aux-etats-unis\/\"]}]},{\"@type\":\"BreadcrumbList\",\"@id\":\"https:\/\/www.esta-officiel-usa.com\/fr\/les-mesures-de-securite-pour-entrer-aux-etats-unis\/#breadcrumb\",\"itemListElement\":[{\"@type\":\"ListItem\",\"position\":1,\"name\":\"Home\",\"item\":\"https:\/\/www.esta-officiel-usa.com\/fr\/\"},{\"@type\":\"ListItem\",\"position\":2,\"name\":\"Mesures de s\u00e9curit\u00e9 pour entrer aux \u00c9tats-Unis\"}]},{\"@type\":\"WebSite\",\"@id\":\"https:\/\/www.esta-officiel-usa.com\/fr\/#website\",\"url\":\"https:\/\/www.esta-officiel-usa.com\/fr\/\",\"name\":\"ESTA - Etats-Unis\",\"description\":\"Formulaire de demande ESTA\",\"potentialAction\":[{\"@type\":\"SearchAction\",\"target\":{\"@type\":\"EntryPoint\",\"urlTemplate\":\"https:\/\/www.esta-officiel-usa.com\/fr\/?s={search_term_string}\"},\"query-input\":{\"@type\":\"PropertyValueSpecification\",\"valueRequired\":true,\"valueName\":\"search_term_string\"}}],\"inLanguage\":\"fr-FR\"}]}<\/script>\n<!-- \/ Yoast SEO plugin. -->","yoast_head_json":{"title":"Mesures de s\u00e9curit\u00e9 pour entrer aux \u00c9tats-Unis","description":"Sachez que partir aux USA n\u2019est pas forc\u00e9ment facile, car les autorit\u00e9s am\u00e9ricaines sont de plus en plus vigilantes gr\u00e2ce \u00e0 de nouvelles mesures de s\u00e9curit\u00e9","robots":{"index":"index","follow":"follow","max-snippet":"max-snippet:-1","max-image-preview":"max-image-preview:large","max-video-preview":"max-video-preview:-1"},"canonical":"https:\/\/www.esta-officiel-usa.com\/fr\/les-mesures-de-securite-pour-entrer-aux-etats-unis\/","og_locale":"fr_FR","og_type":"article","og_title":"Mesures de s\u00e9curit\u00e9 pour entrer aux \u00c9tats-Unis","og_description":"Sachez que partir aux USA n\u2019est pas forc\u00e9ment facile, car les autorit\u00e9s am\u00e9ricaines sont de plus en plus vigilantes gr\u00e2ce \u00e0 de nouvelles mesures de s\u00e9curit\u00e9","og_url":"https:\/\/www.esta-officiel-usa.com\/fr\/les-mesures-de-securite-pour-entrer-aux-etats-unis\/","og_site_name":"ESTA - Etats-Unis","article_modified_time":"2020-02-01T17:18:21+00:00","twitter_card":"summary_large_image","twitter_misc":{"Dur\u00e9e de lecture estim\u00e9e":"4 minutes"},"schema":{"@context":"https:\/\/schema.org","@graph":[{"@type":"WebPage","@id":"https:\/\/www.esta-officiel-usa.com\/fr\/les-mesures-de-securite-pour-entrer-aux-etats-unis\/","url":"https:\/\/www.esta-officiel-usa.com\/fr\/les-mesures-de-securite-pour-entrer-aux-etats-unis\/","name":"Mesures de s\u00e9curit\u00e9 pour entrer aux \u00c9tats-Unis","isPartOf":{"@id":"https:\/\/www.esta-officiel-usa.com\/fr\/#website"},"datePublished":"2020-01-29T22:19:24+00:00","dateModified":"2020-02-01T17:18:21+00:00","description":"Sachez que partir aux USA n\u2019est pas forc\u00e9ment facile, car les autorit\u00e9s am\u00e9ricaines sont de plus en plus vigilantes gr\u00e2ce \u00e0 de nouvelles mesures de s\u00e9curit\u00e9","breadcrumb":{"@id":"https:\/\/www.esta-officiel-usa.com\/fr\/les-mesures-de-securite-pour-entrer-aux-etats-unis\/#breadcrumb"},"inLanguage":"fr-FR","potentialAction":[{"@type":"ReadAction","target":["https:\/\/www.esta-officiel-usa.com\/fr\/les-mesures-de-securite-pour-entrer-aux-etats-unis\/"]}]},{"@type":"BreadcrumbList","@id":"https:\/\/www.esta-officiel-usa.com\/fr\/les-mesures-de-securite-pour-entrer-aux-etats-unis\/#breadcrumb","itemListElement":[{"@type":"ListItem","position":1,"name":"Home","item":"https:\/\/www.esta-officiel-usa.com\/fr\/"},{"@type":"ListItem","position":2,"name":"Mesures de s\u00e9curit\u00e9 pour entrer aux \u00c9tats-Unis"}]},{"@type":"WebSite","@id":"https:\/\/www.esta-officiel-usa.com\/fr\/#website","url":"https:\/\/www.esta-officiel-usa.com\/fr\/","name":"ESTA - Etats-Unis","description":"Formulaire de demande ESTA","potentialAction":[{"@type":"SearchAction","target":{"@type":"EntryPoint","urlTemplate":"https:\/\/www.esta-officiel-usa.com\/fr\/?s={search_term_string}"},"query-input":{"@type":"PropertyValueSpecification","valueRequired":true,"valueName":"search_term_string"}}],"inLanguage":"fr-FR"}]}},"_links":{"self":[{"href":"https:\/\/www.esta-officiel-usa.com\/fr\/wp-json\/wp\/v2\/pages\/362","targetHints":{"allow":["GET"]}}],"collection":[{"href":"https:\/\/www.esta-officiel-usa.com\/fr\/wp-json\/wp\/v2\/pages"}],"about":[{"href":"https:\/\/www.esta-officiel-usa.com\/fr\/wp-json\/wp\/v2\/types\/page"}],"author":[{"embeddable":true,"href":"https:\/\/www.esta-officiel-usa.com\/fr\/wp-json\/wp\/v2\/users\/1"}],"replies":[{"embeddable":true,"href":"https:\/\/www.esta-officiel-usa.com\/fr\/wp-json\/wp\/v2\/comments?post=362"}],"version-history":[{"count":3,"href":"https:\/\/www.esta-officiel-usa.com\/fr\/wp-json\/wp\/v2\/pages\/362\/revisions"}],"predecessor-version":[{"id":525,"href":"https:\/\/www.esta-officiel-usa.com\/fr\/wp-json\/wp\/v2\/pages\/362\/revisions\/525"}],"wp:attachment":[{"href":"https:\/\/www.esta-officiel-usa.com\/fr\/wp-json\/wp\/v2\/media?parent=362"}],"curies":[{"name":"wp","href":"https:\/\/api.w.org\/{rel}","templated":true}]}}