{"id":367,"date":"2020-01-30T10:59:10","date_gmt":"2020-01-30T10:59:10","guid":{"rendered":"http:\/\/www.esta-officiel-usa.com\/?page_id=367"},"modified":"2024-04-12T08:11:52","modified_gmt":"2024-04-12T08:11:52","slug":"liste-des-documents-de-voyage-pour-les-usa","status":"publish","type":"page","link":"https:\/\/www.esta-officiel-usa.com\/fr\/liste-des-documents-de-voyage-pour-les-usa\/","title":{"rendered":"Documents de voyage pour les USA"},"content":{"rendered":"\n<h1 class=\"wp-block-heading\">Quels sont les documents de voyage USA \u00e0 pr\u00e9senter ?<\/h1>\n\n\n\n<p>Tout voyage se pr\u00e9pare et un voyage aux \u00c9tats-Unis ne fait bien  \u00e9videmment pas exception. Les autorit\u00e9s am\u00e9ricaines sont r\u00e9put\u00e9es pour  prendre tr\u00e8s \u00e0 c\u0153ur la s\u00e9curit\u00e9 int\u00e9rieure de leur pays et ne feront aucune exception. Nous vous pr\u00e9sentons ici la liste des documents de voyage \u00e0 pr\u00e9voir pour un s\u00e9jour aux USA : le passeport, l\u2019autorisation de voyage, qu\u2019il s\u2019agisse d\u2019un visa ou d\u2019un <a href=\"https:\/\/www.esta-officiel-usa.com\/fr\/\">ESTA<\/a>, billet de transport, etc.<\/p>\n\n\n\n<h2 class=\"wp-block-heading\">Liste des documents de voyage pour tout s\u00e9jour<\/h2>\n\n\n\n<h3 class=\"wp-block-heading\">Passeport<\/h3>\n\n\n\n<p>La premi\u00e8re obligation \u00e0 prendre en compte pour tout voyage \u00e0 \nl\u2019\u00e9tranger est le passeport, qui est, bien entendu, l\u2019un des documents \nde voyage indispensables. Exception faite des s\u00e9jours au sein de \nl\u2019espace Schengen pour les citoyens europ\u00e9ens o\u00f9 le passeport n\u2019est pas \nobligatoire, mais recommand\u00e9.<\/p>\n\n\n\n<p>Pour un s\u00e9jour aux \u00c9tats-Unis ou un transit sur le sol am\u00e9ricain, \nvous devez \u00e0 pr\u00e9sent pr\u00e9senter un passeport \u00e9lectronique ou biom\u00e9trique.\n Afin de diff\u00e9rencier les types de passeports, vous pouvez vous r\u00e9f\u00e9rer \u00e0\n la couverture : le passeport \u00e9lectronique, tout comme le passeport \nbiom\u00e9trique, ont le symbole s\u00e9curis\u00e9 (cercle dans un rectangle), ce que \nn\u2019ont pas les passeports \u00e0 lecture optique. Le passeport biom\u00e9trique a \n\u00e9galement le mot \u201cpasseport\u201d soulign\u00e9 juste au-dessus du symbole. Les \ndates de d\u00e9livrance sont \u00e9galement un facteur de diff\u00e9renciation : les \npasseports \u00e9lectroniques ont \u00e9t\u00e9 mis en circulation \u00e0 compter d\u2019avril \n2006 et les passeports biom\u00e9triques \u00e0 compter de juin 2009.<\/p>\n\n\n\n<p>Pr\u00e9cisons que les informations enregistr\u00e9es dans la puce \u00e9lectronique\n du passeport \u00e9lectronique sont le nom complet, la date de naissance, la\n nationalit\u00e9 et le num\u00e9ro de passeport. La puce du passeport biom\u00e9trique\n stocke ces m\u00eames informations ainsi qu\u2019une photo num\u00e9ris\u00e9e et les \nempreintes digitales.<\/p>\n\n\n\n<p>Il n\u2019est plus demand\u00e9 que le passeport ait une dur\u00e9e de validit\u00e9  restante d\u2019au moins six mois suivant la date d\u2019entr\u00e9e sur le territoire  am\u00e9ricain, mais il se doit d\u2019\u00eatre valide pour la dur\u00e9e du s\u00e9jour. Il est  \u00e9galement demand\u00e9 d\u2019avoir un nombre de pages suffisant dans le  passeport pour le tamponnage \u00e0 l\u2019entr\u00e9e et \u00e0 la sortie du territoire.<\/p>\n\n\n\n<h3 class=\"wp-block-heading\">L\u2019autorisation de voyage<\/h3>\n\n\n\n<p>Tous les ressortissants \u00e9trangers sont dans l\u2019obligation de poss\u00e9der \nune autorisation de voyage avant de se rendre aux \u00c9tats-Unis.<\/p>\n\n\n\n<h4 class=\"wp-block-heading\">L\u2019ESTA<\/h4>\n\n\n\n<p>Du fait de son format \u00e9lectronique, nous pourrions \u00eatre tent\u00e9s \nd\u2019oublier l\u2019un des documents de voyage obligatoires pour un d\u00e9part vers \nles \u00c9tats-Unis : l\u2019ESTA. &nbsp;Il s\u2019agirait l\u00e0 d\u2019une grave erreur car \nl\u2019absence d\u2019ESTA est un motif valable pour refuser l\u2019acc\u00e8s \u00e0 l\u2019avion ou \nau navire.<\/p>\n\n\n\n<p>L\u2019autorisation de voyage ESTA permet d\u2019effectuer un voyage aux USA, de courte dur\u00e9e de 90 jours maximum sans visa. Elle est r\u00e9serv\u00e9e aux ressortissants des pays participant au <a href=\"https:\/\/www.esta-officiel-usa.com\/fr\/a-propos-du-visa-waiver-program\/\">programme d\u2019exemption de visa<\/a> mis en place par le gouvernement am\u00e9ricain.<\/p>\n\n\n\n<p>\u00c0 noter que les ressortissants d\u2019Irak, d\u2019Iran, de Syrie et du Soudan \nne peuvent pas b\u00e9n\u00e9ficier de l\u2019ESTA et ce, m\u00eame s\u2019ils ont pour double \nnationalit\u00e9 l\u2019une de celles accept\u00e9es par le programme.<\/p>\n\n\n\n<p>L\u2019ESTA ne couvre que les s\u00e9jours temporaires d\u2019une dur\u00e9e maximale de  90 jours, qu\u2019il s\u2019agisse de s\u00e9jours touristiques ou de voyages  d\u2019affaires r\u00e9alis\u00e9s par voie a\u00e9rienne et maritime. Les s\u00e9jours par voie  terrestre ne requi\u00e8rent pas l\u2019autorisation ESTA, mais ne sont pas pour  autant sans <a href=\"https:\/\/www.esta-officiel-usa.com\/fr\/les-formalites-darrivee-aux-usa-par-voie-terrestre\/\">formalit\u00e9s \u00e0 respecter<\/a>.<\/p>\n\n\n\n<p>Pr\u00e9cisons que les transits pour les \u00c9tats-Unis sont \u00e9galement sujets \u00e0\n cette autorisation. Il n\u2019est toutefois pas n\u00e9cessaire de faire une \ndemande ESTA pour chaque s\u00e9jour aux USA ou escale puisque l\u2019ESTA a une \ndur\u00e9e de validit\u00e9 de deux ans (ou jusqu\u2019\u00e0 expiration du passeport si \nl\u2019expiration est pr\u00e9vue avant). En cas de nouveau passeport ou de \nmodification de ses donn\u00e9es, une nouvelle demande d\u2019ESTA devra \u00eatre \nfaite.<\/p>\n\n\n\n<p>La demande ESTA se fait en ligne sous la forme d\u2019un formulaire \u00e0 remplir. Le formulaire ESTA est disponible sur le site du gouvernement am\u00e9ricain. Pour <a href=\"https:\/\/www.esta-officiel-usa.com\/fr\/remplir-le-formulaire-esta-en-ligne\/\">remplir le formulaire en ligne<\/a>, il requiert d\u2019entrer les donn\u00e9es personnelles du demandeur et les d\u00e9tails du voyage. Attention \u00e0 ce que toutes les informations soient entr\u00e9es correctement au risque de voir sa demande d\u2019autorisation refus\u00e9e.<\/p>\n\n\n\n<p>Le formulaire est compl\u00e9t\u00e9 par une s\u00e9rie de questions ferm\u00e9es \n(r\u00e9ponses possibles : oui ou non uniquement) portant sur la sant\u00e9 \nmentale et physique du demandeur, son pass\u00e9 juridique, son regard \nvis-\u00e0-vis des lois, etc. La derni\u00e8re question porte sur un \u00e9ventuel \ns\u00e9jour en Irak, Iran, Libye, Y\u00e9men, Syrie, Somalie et Soudan depuis le \n01 mars 2011. Pr\u00e9cisons qu\u2019un tel s\u00e9jour est consid\u00e9r\u00e9 comme une entrave\n \u00e0 l\u2019obtention de l\u2019ESTA.<\/p>\n\n\n\n<p>La demande en ligne sera valid\u00e9e une fois le paiement ESTA effectu\u00e9. La r\u00e9ponse peut \u00eatre imm\u00e9diate ou donn\u00e9e sous 72 heures.<\/p>\n\n\n\n<h4 class=\"wp-block-heading\">Le visa am\u00e9ricain<\/h4>\n\n\n\n<p>Contrairement \u00e0 l\u2019ESTA, le visa est coll\u00e9 sur l\u2019une des pages du \npasseport faisant de ces documents (visa et passeport) des documents de \nvoyage \u00e0 ne surtout pas oublier.<\/p>\n\n\n\n<p>Le visa requiert une proc\u00e9dure plus longue puisque la prise de \nrendez-vous avec un agent consulaire est obligatoire, ce qui implique \ndonc de se rendre \u00e0 l\u2019ambassade am\u00e9ricaine.<\/p>\n\n\n\n<p>\u00c0 chaque type de s\u00e9jour un visa. Il existe deux types de visas : les  visas immigrants (carte verte, par exemple, pour les r\u00e9sidents  permanents) et les visas non-immigrants (<a href=\"https:\/\/www.esta-officiel-usa.com\/fr\/visa-b1-b2-pour-les-etats-unis\/\">visa touristique<\/a>, par exemple). D\u00e9coulent de ses deux <a href=\"https:\/\/www.esta-officiel-usa.com\/fr\/la-liste-des-visas-pour-les-usa\/\">familles de visa<\/a>, plusieurs possibilit\u00e9s : un visa pour \u00e9tudier aux USA n\u2019est pas le m\u00eame qu\u2019un visa pour y travailler, par exemple.<\/p>\n\n\n\n<p>La demande de visa doit \u00eatre compl\u00e9t\u00e9e avant de se rendre \u00e0 \nl\u2019ambassade des \u00c9tats-Unis. Toute demande doit comporter le formulaire \nDS-160 , la preuve de paiement des frais de visa et au moins une photo \nd\u2019identit\u00e9. Les pi\u00e8ces justificatives pour appuyer le dossier d\u00e9pendent \nensuite du type de visa demand\u00e9. &nbsp;<\/p>\n\n\n\n<p>Pour un s\u00e9jour de longue dur\u00e9e, la souscription \u00e0 une assurance  voyage ou \u00e0 une assurance priv\u00e9e am\u00e9ricaine peut \u00eatre une bonne id\u00e9e  pour couvrir les \u00e9ventuels frais m\u00e9dicaux sur place. Certains visas  requi\u00e8rent \u00e9galement la preuve de ressources financi\u00e8res suffisantes ou  la preuve de liens familiaux, etc.<\/p>\n\n\n\n<h2 class=\"wp-block-heading\">Passage aux douanes am\u00e9ricaines<\/h2>\n\n\n\n<p>Plusieurs documents de voyage pourront \u00eatre demand\u00e9s par l\u2019agent \nd\u2019immigration au point d\u2019entr\u00e9e. La liste d\u00e9pend du type de s\u00e9jour.<\/p>\n\n\n\n<p>Sera demand\u00e9e pour s\u00fbr la fiche bleue, formulaire 6059B, remis par le\n personnel de bord lors du vol ou de la travers\u00e9e. Pour les voyageurs \nsans ESTA, la fiche verte, I94W, sera \u00e9galement demand\u00e9e.<\/p>\n\n\n\n<p>Pour les courts s\u00e9jours couverts par l\u2019ESTA, il est possible que \nl\u2019agent demande \u00e0 voir le billet de retour ou de continuation ; la \nsortie de territoire devant prendre place au plus tard 90 jours apr\u00e8s \nl\u2019arriv\u00e9e.<\/p>\n\n\n\n<p>Notons qu\u2019il n\u2019est pas requis d\u2019imprimer l\u2019autorisation \u00e9lectronique \nde voyage ESTA. Cette derni\u00e8re est consultable \u00e9lectroniquement par \nl\u2019agent des douanes.<\/p>\n\n\n\n<p>L\u2019agent d\u2019immigration, en plus des documents de voyage, posera sans \ndoute quelques questions sur le s\u00e9jour, prendra une photo et les \nempreintes digitales.<\/p>\n","protected":false},"excerpt":{"rendered":"<p>Quels sont les documents de voyage USA \u00e0 pr\u00e9senter ? Tout voyage se pr\u00e9pare et un voyage aux \u00c9tats-Unis ne fait bien \u00e9videmment pas exception. Les autorit\u00e9s am\u00e9ricaines sont r\u00e9put\u00e9es pour prendre tr\u00e8s \u00e0 c\u0153ur la s\u00e9curit\u00e9 int\u00e9rieure de leur pays et ne feront aucune exception. Nous vous pr\u00e9sentons ici la liste des documents de [&hellip;]<\/p>\n","protected":false},"author":1,"featured_media":0,"parent":0,"menu_order":0,"comment_status":"closed","ping_status":"closed","template":"","meta":{"footnotes":""},"class_list":["post-367","page","type-page","status-publish","hentry"],"yoast_head":"<!-- This site is optimized with the Yoast SEO plugin v26.2 - https:\/\/yoast.com\/wordpress\/plugins\/seo\/ -->\n<title>Documents de voyage pour les USA<\/title>\n<meta name=\"description\" content=\"Nous vous pr\u00e9sentons ici la liste des documents de voyage \u00e0 pr\u00e9voir pour un s\u00e9jour aux USA : le passeport et l\u2019autorisation de voyage\" \/>\n<meta name=\"robots\" content=\"index, follow, max-snippet:-1, max-image-preview:large, max-video-preview:-1\" \/>\n<link rel=\"canonical\" href=\"https:\/\/www.esta-officiel-usa.com\/fr\/liste-des-documents-de-voyage-pour-les-usa\/\" \/>\n<meta property=\"og:locale\" content=\"fr_FR\" \/>\n<meta property=\"og:type\" content=\"article\" \/>\n<meta property=\"og:title\" content=\"Documents de voyage pour les USA\" \/>\n<meta property=\"og:description\" content=\"Nous vous pr\u00e9sentons ici la liste des documents de voyage \u00e0 pr\u00e9voir pour un s\u00e9jour aux USA : le passeport et l\u2019autorisation de voyage\" \/>\n<meta property=\"og:url\" content=\"https:\/\/www.esta-officiel-usa.com\/fr\/liste-des-documents-de-voyage-pour-les-usa\/\" \/>\n<meta property=\"og:site_name\" content=\"ESTA - Etats-Unis\" \/>\n<meta property=\"article:modified_time\" content=\"2024-04-12T08:11:52+00:00\" \/>\n<meta name=\"twitter:card\" content=\"summary_large_image\" \/>\n<meta name=\"twitter:label1\" content=\"Dur\u00e9e de lecture estim\u00e9e\" \/>\n\t<meta name=\"twitter:data1\" content=\"6 minutes\" \/>\n<script type=\"application\/ld+json\" class=\"yoast-schema-graph\">{\"@context\":\"https:\/\/schema.org\",\"@graph\":[{\"@type\":\"WebPage\",\"@id\":\"https:\/\/www.esta-officiel-usa.com\/fr\/liste-des-documents-de-voyage-pour-les-usa\/\",\"url\":\"https:\/\/www.esta-officiel-usa.com\/fr\/liste-des-documents-de-voyage-pour-les-usa\/\",\"name\":\"Documents de voyage pour les USA\",\"isPartOf\":{\"@id\":\"https:\/\/www.esta-officiel-usa.com\/fr\/#website\"},\"datePublished\":\"2020-01-30T10:59:10+00:00\",\"dateModified\":\"2024-04-12T08:11:52+00:00\",\"description\":\"Nous vous pr\u00e9sentons ici la liste des documents de voyage \u00e0 pr\u00e9voir pour un s\u00e9jour aux USA : le passeport et l\u2019autorisation de voyage\",\"breadcrumb\":{\"@id\":\"https:\/\/www.esta-officiel-usa.com\/fr\/liste-des-documents-de-voyage-pour-les-usa\/#breadcrumb\"},\"inLanguage\":\"fr-FR\",\"potentialAction\":[{\"@type\":\"ReadAction\",\"target\":[\"https:\/\/www.esta-officiel-usa.com\/fr\/liste-des-documents-de-voyage-pour-les-usa\/\"]}]},{\"@type\":\"BreadcrumbList\",\"@id\":\"https:\/\/www.esta-officiel-usa.com\/fr\/liste-des-documents-de-voyage-pour-les-usa\/#breadcrumb\",\"itemListElement\":[{\"@type\":\"ListItem\",\"position\":1,\"name\":\"Home\",\"item\":\"https:\/\/www.esta-officiel-usa.com\/fr\/\"},{\"@type\":\"ListItem\",\"position\":2,\"name\":\"Documents de voyage pour les USA\"}]},{\"@type\":\"WebSite\",\"@id\":\"https:\/\/www.esta-officiel-usa.com\/fr\/#website\",\"url\":\"https:\/\/www.esta-officiel-usa.com\/fr\/\",\"name\":\"ESTA - Etats-Unis\",\"description\":\"Formulaire de demande ESTA\",\"potentialAction\":[{\"@type\":\"SearchAction\",\"target\":{\"@type\":\"EntryPoint\",\"urlTemplate\":\"https:\/\/www.esta-officiel-usa.com\/fr\/?s={search_term_string}\"},\"query-input\":{\"@type\":\"PropertyValueSpecification\",\"valueRequired\":true,\"valueName\":\"search_term_string\"}}],\"inLanguage\":\"fr-FR\"}]}<\/script>\n<!-- \/ Yoast SEO plugin. -->","yoast_head_json":{"title":"Documents de voyage pour les USA","description":"Nous vous pr\u00e9sentons ici la liste des documents de voyage \u00e0 pr\u00e9voir pour un s\u00e9jour aux USA : le passeport et l\u2019autorisation de voyage","robots":{"index":"index","follow":"follow","max-snippet":"max-snippet:-1","max-image-preview":"max-image-preview:large","max-video-preview":"max-video-preview:-1"},"canonical":"https:\/\/www.esta-officiel-usa.com\/fr\/liste-des-documents-de-voyage-pour-les-usa\/","og_locale":"fr_FR","og_type":"article","og_title":"Documents de voyage pour les USA","og_description":"Nous vous pr\u00e9sentons ici la liste des documents de voyage \u00e0 pr\u00e9voir pour un s\u00e9jour aux USA : le passeport et l\u2019autorisation de voyage","og_url":"https:\/\/www.esta-officiel-usa.com\/fr\/liste-des-documents-de-voyage-pour-les-usa\/","og_site_name":"ESTA - Etats-Unis","article_modified_time":"2024-04-12T08:11:52+00:00","twitter_card":"summary_large_image","twitter_misc":{"Dur\u00e9e de lecture estim\u00e9e":"6 minutes"},"schema":{"@context":"https:\/\/schema.org","@graph":[{"@type":"WebPage","@id":"https:\/\/www.esta-officiel-usa.com\/fr\/liste-des-documents-de-voyage-pour-les-usa\/","url":"https:\/\/www.esta-officiel-usa.com\/fr\/liste-des-documents-de-voyage-pour-les-usa\/","name":"Documents de voyage pour les USA","isPartOf":{"@id":"https:\/\/www.esta-officiel-usa.com\/fr\/#website"},"datePublished":"2020-01-30T10:59:10+00:00","dateModified":"2024-04-12T08:11:52+00:00","description":"Nous vous pr\u00e9sentons ici la liste des documents de voyage \u00e0 pr\u00e9voir pour un s\u00e9jour aux USA : le passeport et l\u2019autorisation de voyage","breadcrumb":{"@id":"https:\/\/www.esta-officiel-usa.com\/fr\/liste-des-documents-de-voyage-pour-les-usa\/#breadcrumb"},"inLanguage":"fr-FR","potentialAction":[{"@type":"ReadAction","target":["https:\/\/www.esta-officiel-usa.com\/fr\/liste-des-documents-de-voyage-pour-les-usa\/"]}]},{"@type":"BreadcrumbList","@id":"https:\/\/www.esta-officiel-usa.com\/fr\/liste-des-documents-de-voyage-pour-les-usa\/#breadcrumb","itemListElement":[{"@type":"ListItem","position":1,"name":"Home","item":"https:\/\/www.esta-officiel-usa.com\/fr\/"},{"@type":"ListItem","position":2,"name":"Documents de voyage pour les USA"}]},{"@type":"WebSite","@id":"https:\/\/www.esta-officiel-usa.com\/fr\/#website","url":"https:\/\/www.esta-officiel-usa.com\/fr\/","name":"ESTA - Etats-Unis","description":"Formulaire de demande ESTA","potentialAction":[{"@type":"SearchAction","target":{"@type":"EntryPoint","urlTemplate":"https:\/\/www.esta-officiel-usa.com\/fr\/?s={search_term_string}"},"query-input":{"@type":"PropertyValueSpecification","valueRequired":true,"valueName":"search_term_string"}}],"inLanguage":"fr-FR"}]}},"_links":{"self":[{"href":"https:\/\/www.esta-officiel-usa.com\/fr\/wp-json\/wp\/v2\/pages\/367","targetHints":{"allow":["GET"]}}],"collection":[{"href":"https:\/\/www.esta-officiel-usa.com\/fr\/wp-json\/wp\/v2\/pages"}],"about":[{"href":"https:\/\/www.esta-officiel-usa.com\/fr\/wp-json\/wp\/v2\/types\/page"}],"author":[{"embeddable":true,"href":"https:\/\/www.esta-officiel-usa.com\/fr\/wp-json\/wp\/v2\/users\/1"}],"replies":[{"embeddable":true,"href":"https:\/\/www.esta-officiel-usa.com\/fr\/wp-json\/wp\/v2\/comments?post=367"}],"version-history":[{"count":3,"href":"https:\/\/www.esta-officiel-usa.com\/fr\/wp-json\/wp\/v2\/pages\/367\/revisions"}],"predecessor-version":[{"id":791,"href":"https:\/\/www.esta-officiel-usa.com\/fr\/wp-json\/wp\/v2\/pages\/367\/revisions\/791"}],"wp:attachment":[{"href":"https:\/\/www.esta-officiel-usa.com\/fr\/wp-json\/wp\/v2\/media?parent=367"}],"curies":[{"name":"wp","href":"https:\/\/api.w.org\/{rel}","templated":true}]}}