{"id":369,"date":"2020-01-30T11:03:33","date_gmt":"2020-01-30T11:03:33","guid":{"rendered":"http:\/\/www.esta-officiel-usa.com\/?page_id=369"},"modified":"2024-04-12T07:44:43","modified_gmt":"2024-04-12T07:44:43","slug":"obtenir-un-esta-conditions-dadmission","status":"publish","type":"page","link":"https:\/\/www.esta-officiel-usa.com\/fr\/obtenir-un-esta-conditions-dadmission\/","title":{"rendered":"Conditions d\u2019admission pour un voyage aux \u00c9tats-Unis"},"content":{"rendered":"\n<h1 class=\"wp-block-heading\">L\u2019ESTA : les conditions d\u2019admission pour un voyage aux \u00c9tats-Unis<\/h1>\n\n\n\n<p>Si vous partez en voyage aux USA, il vous faut effectuer une demande d\u2019admission <a href=\"https:\/\/www.esta-officiel-usa.com\/fr\/\">ESTA<\/a> (Electronic System of Travel Authorization), afin d\u2019atterrir sur le sol am\u00e9ricain. Cette autorisation de voyage est obligatoire depuis 2009 pour les ressortissants des pays membres du Programme d&rsquo;exemption de visa am\u00e9ricain.<\/p>\n\n\n\n<h2 class=\"wp-block-heading\">L\u2019ESTA : qu\u2019est-ce que c\u2019est ?<\/h2>\n\n\n\n<p>L\u2019autorisation de voyage ESTA a \u00e9t\u00e9 cr\u00e9\u00e9e dans le cadre du \u201cVisa Waiver Program\u201d ou VWP afin de faciliter les \u00e9changes et les flux humains \u00e0 destination des \u00c9tats-Unis. En fran\u00e7ais, ce programme est appel\u00e9 le \u201cprogramme d\u2019exemption de visa\u201d ou PEV. Les pays qui font partie du programme sont les suivants :<\/p>\n\n\n\n<figure class=\"wp-block-table\"><table><tbody><tr><td>\n\t\t\tAllemagne\n\t\t\t<\/td><td>\n\t\t\tGr\u00e8ce\n\t\t\t<\/td><td>\n\t\t\tNorv\u00e8ge\n\t\t\t<\/td><\/tr><tr><td>\n\t\t\tAndorre\n\t\t\t<\/td><td>\n\t\t\tHongrie\n\t\t\t<\/td><td>\n\t\t\tNouvelle-Z\u00e9lande\n\t\t\t<\/td><\/tr><tr><td>\n\t\t\tAustralie\n\t\t\t<\/td><td>\n\t\t\tIrlande\n\t\t\t<\/td><td>\n\t\t\tPortugal\n\t\t\t<\/td><\/tr><tr><td>\n\t\t\tAutriche\n\t\t\t<\/td><td>\n\t\t\tItalie\n\t\t\t<\/td><td>\n\t\t\tR\u00e9publique Tch\u00e8que\n\t\t\t<\/td><\/tr><tr><td>\n\t\t\tBelgique\n\t\t\t<\/td><td>\n\t\t\tIslande\n\t\t\t<\/td><td>\n\t\t\tRoyaume-Uni\n\t\t\t<\/td><\/tr><tr><td>\n\t\t\tBrunei\n\t\t\t<\/td><td>\n\t\t\tJapon\n\t\t\t<\/td><td>\n\t\t\tSaint Martin\n\t\t\t<\/td><\/tr><tr><td>\n\t\t\tChili\n\t\t\t<\/td><td>\n\t\t\tPays-Bas\n\t\t\t<\/td><td>\n\t\t\tSingapour\n\t\t\t<\/td><\/tr><tr><td>\n\t\t\tCor\u00e9e du Sud\n\t\t\t<\/td><td>\n\t\t\tLettonie\n\t\t\t<\/td><td>\n\t\t\tSlovaquie\n\t\t\t<\/td><\/tr><tr><td>\n\t\t\tDanemark\n\t\t\t<\/td><td>\n\t\t\tLiechtenstein\n\t\t\t<\/td><td>\n\t\t\tSlov\u00e9nie\n\t\t\t<\/td><\/tr><tr><td>\n\t\t\tEspagne\n\t\t\t<\/td><td>\n\t\t\tLituanie\n\t\t\t<\/td><td>\n\t\t\tSu\u00e8de\n\t\t\t<\/td><\/tr><tr><td>\n\t\t\tEstonie\n\t\t\t<\/td><td>\n\t\t\tLuxembourg\n\t\t\t<\/td><td>\n\t\t\tSuisse\n\t\t\t<\/td><\/tr><tr><td>\n\t\t\tFinlande\n\t\t\t<\/td><td>\n\t\t\tMalte\n\t\t\t<\/td><td>\n\t\t\tTa\u00efwan\n\t\t\t<\/td><\/tr><tr><td>\n\t\t\tFrance\n\t\t\t<\/td><td>\n\t\t\tMonaco\n\t\t\t<\/td><td>\u00a0Croatie<\/td><\/tr><tr><td>Pologne<\/td><td>Isra\u00ebl<\/td><td><\/td><\/tr><\/tbody><\/table><figcaption class=\"wp-element-caption\">Liste pays membres du Visa Waiver Program<\/figcaption><\/figure>\n\n\n\n<p>Afin de se rendre sur le territoire am\u00e9ricain&nbsp;pour un s\u00e9jour touristique, un voyage d\u2019affaires ou bien pour un transit, les citoyens ressortissants de ces pays doivent donc se procurer une admission ESTA.<\/p>\n\n\n\n<p>Attention ! L\u2019autorisation de voyage ESTA est uniquement un laissez-passer, mais elle n\u2019est en aucun cas une garantie d\u2019acc\u00e8s au sol am\u00e9ricain. Ce sont les agents de douane \u00e0 l&rsquo;a\u00e9roport de votre destination finale qui d\u00e9termineront si vous \u00eates en droit de s\u00e9journer aux USA.<\/p>\n\n\n\n<p>\u00c0 savoir : <a href=\"https:\/\/www.esta-officiel-usa.com\/fr\/la-duree-de-validite-de-lesta\/\">la dur\u00e9e de validit\u00e9 d\u2019une admission ESTA<\/a> est de 2 ans. Ce qui signifie que vous avez la possibilit\u00e9 de vous rendre aux USA autant de fois que vous le souhaitez durant cette p\u00e9riode. Les voyages ne doivent cependant pas d\u00e9passer 90 jours.<\/p>\n\n\n\n<h2 class=\"wp-block-heading\">Comment obtenir mon admission ESTA ?<\/h2>\n\n\n\n<p>Il est tr\u00e8s important d\u2019effectuer votre demande d\u2019ESTA en ligne, au \nminimum 72 heures avant votre s\u00e9jour aux \u00c9tats-Unis. Il s\u2019agit en effet \ndu d\u00e9lai maximum de traitement d\u2019une demande ESTA.<\/p>\n\n\n\n<p>Votre demande en ligne peut \u00eatre effectu\u00e9e directement depuis le site\n du gouvernement am\u00e9ricain. Elle s\u2019effectue sous forme de formulaire \u00e0 \nremplir.<\/p>\n\n\n\n<p>Avant de remplir le <a href=\"https:\/\/www.esta-officiel-usa.com\/fr\/remplir-le-formulaire-esta-en-ligne\/\">formulaire en ligne<\/a>,  il est important de se munir de son passeport biom\u00e9trique ou  \u00e9lectronique, car le num\u00e9ro ainsi qu\u2019une photo ce dernier vous seront  requis.<\/p>\n\n\n\n<p>Si vous \u00eates en possession d\u2019un passeport ancienne g\u00e9n\u00e9ration, appel\u00e9  le passeport \u201coptique\u201d, il vous faut effectuer une demande de nouveau  passeport aupr\u00e8s de votre mairie avant de faire votre demande d\u2019ESTA. En  effet, ce dernier n\u2019est pas valable pour se rendre sur le territoire  am\u00e9ricain. Afin de reconna\u00eetre un <a href=\"https:\/\/www.esta-officiel-usa.com\/fr\/quel-type-de-passeport-pour-les-usa\/\">passeport  \u00e9lectronique et biom\u00e9trique<\/a>, vous pouvez observer la couverture de  votre passeport : un petit logo de la forme d\u2019une puce est affich\u00e9.<\/p>\n\n\n\n<p>Il est \u00e9galement tr\u00e8s important de prendre votre temps pour r\u00e9pondre au formulaire. Bien que les questions soient tr\u00e8s faciles puisqu\u2019elles vous concernent, les petites erreurs sont possibles. Or, les autorit\u00e9s am\u00e9ricaines sont intransigeantes et la moindre petite faute pourrait engendrer un refus de votre admission ESTA. Il est \u00e9galement fondamental d\u2019\u00eatre honn\u00eate et ne surtout pas renseigner de fausses informations. Sachez que cela vous porterait pr\u00e9judice et pourrait vous co\u00fbter votre ESTA.<\/p>\n\n\n\n<p>Si vous souhaitez obtenir de l\u2019aide pour remplir le formulaire, sachez que vous pouvez vous tourner vers un service priv\u00e9, ce dernier vous fournira une assistance personnalis\u00e9e pour remplir le formulaire sereinement. Il pourra \u00e9galement corriger votre formulaire avant de le soumettre ; ainsi, pas de risque de se tromper.<\/p>\n\n\n\n<h2 class=\"wp-block-heading\">Pour quelles raisons l\u2019admission ESTA ne peut \u00eatre d\u00e9livr\u00e9e ?<\/h2>\n\n\n\n<p>L\u2019autorisation de voyage ESTA est tr\u00e8s rarement refus\u00e9e. Cependant, dans les cas suivants, il pourra vous \u00eatre refus\u00e9 :<\/p>\n\n\n\n<ul class=\"wp-block-list\">\n<li>vous avez d\u00e9j\u00e0 commis une infraction aux \u00c9tats-Unis ;<\/li>\n\n\n\n<li>votre casier judiciaire n\u2019est pas vierge de certaines mentions graves ;\t<\/li>\n\n\n\n<li>vous \u00eates atteint d\u2019une maladie contagieuse ou tr\u00e8s grave ;\t<\/li>\n\n\n\n<li>vous avez voyag\u00e9 en Syrie, Iran, Y\u00e9men, Libye, Somalie, Soudan depuis le 1er mars 2011 ;\t<\/li>\n\n\n\n<li>vous disposez d\u2019un passeport valide, mais la date de validit\u00e9 arrive \u00e0 expiration ou expirera durant votre voyage aux USA ;\t<\/li>\n\n\n\n<li>vous avez fait une erreur dans le formulaire ESTA et ce dernier vous a \u00e9t\u00e9 refus\u00e9. Si c\u2019est le cas, vous pourrez effectuer une nouvelle demande 10 jours apr\u00e8s la premi\u00e8re.<\/li>\n<\/ul>\n\n\n\n<p>Si malheureusement, l\u2019admission ESTA ne vous a pas \u00e9t\u00e9 d\u00e9livr\u00e9e, il est n\u00e9cessaire d\u2019effectuer une demande de visa aupr\u00e8s de l\u2019ambassade des \u00c9tats-Unis ou bien aupr\u00e8s du consulat am\u00e9ricain.<\/p>\n","protected":false},"excerpt":{"rendered":"<p>L\u2019ESTA : les conditions d\u2019admission pour un voyage aux \u00c9tats-Unis Si vous partez en voyage aux USA, il vous faut effectuer une demande d\u2019admission ESTA (Electronic System of Travel Authorization), afin d\u2019atterrir sur le sol am\u00e9ricain. Cette autorisation de voyage est obligatoire depuis 2009 pour les ressortissants des pays membres du Programme d&rsquo;exemption de visa [&hellip;]<\/p>\n","protected":false},"author":1,"featured_media":0,"parent":0,"menu_order":0,"comment_status":"closed","ping_status":"closed","template":"","meta":{"footnotes":""},"class_list":["post-369","page","type-page","status-publish","hentry"],"yoast_head":"<!-- This site is optimized with the Yoast SEO plugin v26.2 - https:\/\/yoast.com\/wordpress\/plugins\/seo\/ -->\n<title>Conditions d\u2019admission pour un voyage aux \u00c9tats-Unis<\/title>\n<meta name=\"description\" content=\"L&#039;admission ESTA est obligatoire depuis 2009 pour se rendre aux USA. D\u00e9couvrez comment l&#039;obtenir facilement dans les plus brefs d\u00e9lais\" \/>\n<meta name=\"robots\" content=\"index, follow, max-snippet:-1, max-image-preview:large, max-video-preview:-1\" \/>\n<link rel=\"canonical\" href=\"https:\/\/www.esta-officiel-usa.com\/fr\/obtenir-un-esta-conditions-dadmission\/\" \/>\n<meta property=\"og:locale\" content=\"fr_FR\" \/>\n<meta property=\"og:type\" content=\"article\" \/>\n<meta property=\"og:title\" content=\"Conditions d\u2019admission pour un voyage aux \u00c9tats-Unis\" \/>\n<meta property=\"og:description\" content=\"L&#039;admission ESTA est obligatoire depuis 2009 pour se rendre aux USA. D\u00e9couvrez comment l&#039;obtenir facilement dans les plus brefs d\u00e9lais\" \/>\n<meta property=\"og:url\" content=\"https:\/\/www.esta-officiel-usa.com\/fr\/obtenir-un-esta-conditions-dadmission\/\" \/>\n<meta property=\"og:site_name\" content=\"ESTA - Etats-Unis\" \/>\n<meta property=\"article:modified_time\" content=\"2024-04-12T07:44:43+00:00\" \/>\n<meta name=\"twitter:card\" content=\"summary_large_image\" \/>\n<meta name=\"twitter:label1\" content=\"Dur\u00e9e de lecture estim\u00e9e\" \/>\n\t<meta name=\"twitter:data1\" content=\"4 minutes\" \/>\n<script type=\"application\/ld+json\" class=\"yoast-schema-graph\">{\"@context\":\"https:\/\/schema.org\",\"@graph\":[{\"@type\":\"WebPage\",\"@id\":\"https:\/\/www.esta-officiel-usa.com\/fr\/obtenir-un-esta-conditions-dadmission\/\",\"url\":\"https:\/\/www.esta-officiel-usa.com\/fr\/obtenir-un-esta-conditions-dadmission\/\",\"name\":\"Conditions d\u2019admission pour un voyage aux \u00c9tats-Unis\",\"isPartOf\":{\"@id\":\"https:\/\/www.esta-officiel-usa.com\/fr\/#website\"},\"datePublished\":\"2020-01-30T11:03:33+00:00\",\"dateModified\":\"2024-04-12T07:44:43+00:00\",\"description\":\"L'admission ESTA est obligatoire depuis 2009 pour se rendre aux USA. D\u00e9couvrez comment l'obtenir facilement dans les plus brefs d\u00e9lais\",\"breadcrumb\":{\"@id\":\"https:\/\/www.esta-officiel-usa.com\/fr\/obtenir-un-esta-conditions-dadmission\/#breadcrumb\"},\"inLanguage\":\"fr-FR\",\"potentialAction\":[{\"@type\":\"ReadAction\",\"target\":[\"https:\/\/www.esta-officiel-usa.com\/fr\/obtenir-un-esta-conditions-dadmission\/\"]}]},{\"@type\":\"BreadcrumbList\",\"@id\":\"https:\/\/www.esta-officiel-usa.com\/fr\/obtenir-un-esta-conditions-dadmission\/#breadcrumb\",\"itemListElement\":[{\"@type\":\"ListItem\",\"position\":1,\"name\":\"Home\",\"item\":\"https:\/\/www.esta-officiel-usa.com\/fr\/\"},{\"@type\":\"ListItem\",\"position\":2,\"name\":\"Conditions d\u2019admission pour un voyage aux \u00c9tats-Unis\"}]},{\"@type\":\"WebSite\",\"@id\":\"https:\/\/www.esta-officiel-usa.com\/fr\/#website\",\"url\":\"https:\/\/www.esta-officiel-usa.com\/fr\/\",\"name\":\"ESTA - Etats-Unis\",\"description\":\"Formulaire de demande ESTA\",\"potentialAction\":[{\"@type\":\"SearchAction\",\"target\":{\"@type\":\"EntryPoint\",\"urlTemplate\":\"https:\/\/www.esta-officiel-usa.com\/fr\/?s={search_term_string}\"},\"query-input\":{\"@type\":\"PropertyValueSpecification\",\"valueRequired\":true,\"valueName\":\"search_term_string\"}}],\"inLanguage\":\"fr-FR\"}]}<\/script>\n<!-- \/ Yoast SEO plugin. -->","yoast_head_json":{"title":"Conditions d\u2019admission pour un voyage aux \u00c9tats-Unis","description":"L'admission ESTA est obligatoire depuis 2009 pour se rendre aux USA. D\u00e9couvrez comment l'obtenir facilement dans les plus brefs d\u00e9lais","robots":{"index":"index","follow":"follow","max-snippet":"max-snippet:-1","max-image-preview":"max-image-preview:large","max-video-preview":"max-video-preview:-1"},"canonical":"https:\/\/www.esta-officiel-usa.com\/fr\/obtenir-un-esta-conditions-dadmission\/","og_locale":"fr_FR","og_type":"article","og_title":"Conditions d\u2019admission pour un voyage aux \u00c9tats-Unis","og_description":"L'admission ESTA est obligatoire depuis 2009 pour se rendre aux USA. D\u00e9couvrez comment l'obtenir facilement dans les plus brefs d\u00e9lais","og_url":"https:\/\/www.esta-officiel-usa.com\/fr\/obtenir-un-esta-conditions-dadmission\/","og_site_name":"ESTA - Etats-Unis","article_modified_time":"2024-04-12T07:44:43+00:00","twitter_card":"summary_large_image","twitter_misc":{"Dur\u00e9e de lecture estim\u00e9e":"4 minutes"},"schema":{"@context":"https:\/\/schema.org","@graph":[{"@type":"WebPage","@id":"https:\/\/www.esta-officiel-usa.com\/fr\/obtenir-un-esta-conditions-dadmission\/","url":"https:\/\/www.esta-officiel-usa.com\/fr\/obtenir-un-esta-conditions-dadmission\/","name":"Conditions d\u2019admission pour un voyage aux \u00c9tats-Unis","isPartOf":{"@id":"https:\/\/www.esta-officiel-usa.com\/fr\/#website"},"datePublished":"2020-01-30T11:03:33+00:00","dateModified":"2024-04-12T07:44:43+00:00","description":"L'admission ESTA est obligatoire depuis 2009 pour se rendre aux USA. D\u00e9couvrez comment l'obtenir facilement dans les plus brefs d\u00e9lais","breadcrumb":{"@id":"https:\/\/www.esta-officiel-usa.com\/fr\/obtenir-un-esta-conditions-dadmission\/#breadcrumb"},"inLanguage":"fr-FR","potentialAction":[{"@type":"ReadAction","target":["https:\/\/www.esta-officiel-usa.com\/fr\/obtenir-un-esta-conditions-dadmission\/"]}]},{"@type":"BreadcrumbList","@id":"https:\/\/www.esta-officiel-usa.com\/fr\/obtenir-un-esta-conditions-dadmission\/#breadcrumb","itemListElement":[{"@type":"ListItem","position":1,"name":"Home","item":"https:\/\/www.esta-officiel-usa.com\/fr\/"},{"@type":"ListItem","position":2,"name":"Conditions d\u2019admission pour un voyage aux \u00c9tats-Unis"}]},{"@type":"WebSite","@id":"https:\/\/www.esta-officiel-usa.com\/fr\/#website","url":"https:\/\/www.esta-officiel-usa.com\/fr\/","name":"ESTA - Etats-Unis","description":"Formulaire de demande ESTA","potentialAction":[{"@type":"SearchAction","target":{"@type":"EntryPoint","urlTemplate":"https:\/\/www.esta-officiel-usa.com\/fr\/?s={search_term_string}"},"query-input":{"@type":"PropertyValueSpecification","valueRequired":true,"valueName":"search_term_string"}}],"inLanguage":"fr-FR"}]}},"_links":{"self":[{"href":"https:\/\/www.esta-officiel-usa.com\/fr\/wp-json\/wp\/v2\/pages\/369","targetHints":{"allow":["GET"]}}],"collection":[{"href":"https:\/\/www.esta-officiel-usa.com\/fr\/wp-json\/wp\/v2\/pages"}],"about":[{"href":"https:\/\/www.esta-officiel-usa.com\/fr\/wp-json\/wp\/v2\/types\/page"}],"author":[{"embeddable":true,"href":"https:\/\/www.esta-officiel-usa.com\/fr\/wp-json\/wp\/v2\/users\/1"}],"replies":[{"embeddable":true,"href":"https:\/\/www.esta-officiel-usa.com\/fr\/wp-json\/wp\/v2\/comments?post=369"}],"version-history":[{"count":5,"href":"https:\/\/www.esta-officiel-usa.com\/fr\/wp-json\/wp\/v2\/pages\/369\/revisions"}],"predecessor-version":[{"id":777,"href":"https:\/\/www.esta-officiel-usa.com\/fr\/wp-json\/wp\/v2\/pages\/369\/revisions\/777"}],"wp:attachment":[{"href":"https:\/\/www.esta-officiel-usa.com\/fr\/wp-json\/wp\/v2\/media?parent=369"}],"curies":[{"name":"wp","href":"https:\/\/api.w.org\/{rel}","templated":true}]}}