{"id":37,"date":"2020-01-16T12:53:23","date_gmt":"2020-01-16T12:53:23","guid":{"rendered":"http:\/\/esta-officiel-usa.com\/?page_id=37"},"modified":"2020-02-13T19:02:47","modified_gmt":"2020-02-13T19:02:47","slug":"obtenir-le-formulaire-esta-en-ligne","status":"publish","type":"page","link":"https:\/\/www.esta-officiel-usa.com\/fr\/obtenir-le-formulaire-esta-en-ligne\/","title":{"rendered":"Obtenir le formulaire ESTA en ligne"},"content":{"rendered":"\n<h1 class=\"wp-block-heading\">FAIRE SON ESTA EN LIGNE<\/h1>\n\n\n\n<p>Pour vous rendre aux \u00c9tats-Unis, vous devez imp\u00e9rativement \u00eatre muni d\u2019une autorisation de s\u00e9jour. L\u2019ESTA en ligne constitue le document le plus simple et le plus\u00a0<a href=\"https:\/\/www.esta-officiel-usa.com\/fr\/la-veritable-utilite-de-lesta\/\">utile<\/a>\u00a0\u00e0 obtenir. Notre \u00e9quipe vous explique comment vous le procurer.<\/p>\n\n\n\n<h2 class=\"wp-block-heading\">ESTA EN LIGNE USA<\/h2>\n\n\n\n<p>Les autorit\u00e9s am\u00e9ricaines, soucieuses de pr\u00e9server la s\u00e9curit\u00e9 de leur pays, filtrent les entr\u00e9es sur leur territoire. Ainsi, tout citoyen non am\u00e9ricain doit r\u00e9aliser des\u00a0<a href=\"https:\/\/www.esta-officiel-usa.com\/fr\/les-formalites-dentree-aux-etats-unis\/\">formalit\u00e9s avant un d\u00e9part vers les Etats-Unis<\/a>, telles que poss\u00e9der un passeport en cours de validit\u00e9, ainsi qu\u2019un document \u00e0 jour l\u2019autorisant \u00e0 y entrer.<\/p>\n\n\n\n<p>\u00c0 ce jour, il existe trois formes d\u2019autorisation :<\/p>\n\n\n\n<ul class=\"wp-block-list\"><li>le\u00a0<a href=\"https:\/\/www.esta-officiel-usa.com\/fr\/difference-entre-esta-et-demande-de-visa-usa\/\">visa\u00a0USA<\/a>\u00a0;<\/li><li>la\u00a0<a href=\"https:\/\/www.esta-officiel-usa.com\/fr\/obtenir-une-green-card-par-la-loterie\/\">green card<\/a>\u00a0;<\/li><li>l\u2019<a href=\"https:\/\/www.esta-officiel-usa.com\/fr\/\">ESTA<\/a>.<\/li><\/ul>\n\n\n\n<p>Pour les voyageurs souhaitant se rendre aux \u00c9tats-Unis pour une dur\u00e9e de 90 jours cons\u00e9cutifs maximum, l\u2019ESTA en ligne constitue la meilleure solution.<\/p>\n\n\n\n<p>Valable deux ans (ou jusqu&rsquo;\u00e0 expiration du passeport si elle a lieu avant), cette autorisation permet d\u2019effectuer de multiples s\u00e9jours, que ce soit pour motif touristique ou d&rsquo;affaires.<\/p>\n\n\n\n<p>Facile \u00e0 r\u00e9aliser, toute demande d\u2019ESTA doit imp\u00e9rativement \u00eatre effectu\u00e9e en ligne. Il n\u2019existe pas \u00e0 ce jour d\u2019autres moyens d\u2019obtention. Vous pouvez commander votre formulaire d\u00e8s \u00e0 pr\u00e9sent. Toutes les d\u00e9marches relatives \u00e0 l&rsquo;ESTA se font en ligne, comme par exemple\u00a0pour retrouver un\u00a0<a href=\"https:\/\/www.esta-officiel-usa.com\/fr\/esta-perdu-que-faire\/\">ESTA perdu<\/a>.<\/p>\n\n\n\n<h2 class=\"wp-block-heading\">FORMULAIRE ESTA EN LIGNE<\/h2>\n\n\n\n<p>Sur la plateforme officielle vous acc\u00e9dez \u00e0 un <a href=\"https:\/\/www.esta-officiel-usa.com\/fr\/le-formulaire-esta-usa-en-francais\/\">formulaire ESTA traduit en\u00a0fran\u00e7ais<\/a>.<\/p>\n\n\n\n<p>Les\u00a0<a href=\"https:\/\/www.esta-officiel-usa.com\/fr\/toutes-les-questions-posees-formulaire-esta-etats-unis\/\">questions<\/a>\u00a0\u00e0 compl\u00e9ter portent sur votre \u00e9tat civil, votre s\u00e9jour, votre \u00e9tat de sant\u00e9 ainsi que vos ant\u00e9c\u00e9dents judiciaires. Une partie des informations \u00e0 renseigner figure\u00a0sur votre passeport (qui se doit d&rsquo;\u00eatre\u00a0\u00e9lectronique ou biom\u00e9trique), pensez donc \u00e0 l\u2019avoir \u00e0 vos c\u00f4t\u00e9s au moment d\u2019effectuer votre demande.<\/p>\n\n\n\n<p>D\u00e8s lors que votre formulaire ESTA en ligne est d\u00fbment compl\u00e9t\u00e9, v\u00e9rifiez toutes les informations transmises, puis validez votre demande en ligne.<\/p>\n\n\n\n<p>Vous le recevez le jour m\u00eame ou au plus tard dans les 72 heures ! Vous pouvez ensuite<a href=\"https:\/\/www.esta-officiel-usa.com\/fr\/doit-on-obligatoirement-imprimer-lesta\/\">\u00a0imprimer l&rsquo;ESTA<\/a>, ou le sauvegarder, pour \u00e9viter toute complication lors des contr\u00f4les.<\/p>\n","protected":false},"excerpt":{"rendered":"<p>FAIRE SON ESTA EN LIGNE Pour vous rendre aux \u00c9tats-Unis, vous devez imp\u00e9rativement \u00eatre muni d\u2019une autorisation de s\u00e9jour. L\u2019ESTA en ligne constitue le document le plus simple et le plus\u00a0utile\u00a0\u00e0 obtenir. Notre \u00e9quipe vous explique comment vous le procurer. ESTA EN LIGNE USA Les autorit\u00e9s am\u00e9ricaines, soucieuses de pr\u00e9server la s\u00e9curit\u00e9 de leur pays, [&hellip;]<\/p>\n","protected":false},"author":1,"featured_media":0,"parent":0,"menu_order":0,"comment_status":"closed","ping_status":"closed","template":"","meta":{"footnotes":""},"class_list":["post-37","page","type-page","status-publish","hentry"],"yoast_head":"<!-- This site is optimized with the Yoast SEO plugin v26.2 - https:\/\/yoast.com\/wordpress\/plugins\/seo\/ -->\n<title>Obtenir le formulaire ESTA en ligne<\/title>\n<meta name=\"description\" content=\"Pour renforcer la s\u00e9curit\u00e9 aux USA, le gouvernement a mis en place l&#039;ESTA, nous vous expliquons sur notre page comment obtenir le formulaire en ligne.\" \/>\n<meta name=\"robots\" content=\"index, follow, max-snippet:-1, max-image-preview:large, max-video-preview:-1\" \/>\n<link rel=\"canonical\" href=\"https:\/\/www.esta-officiel-usa.com\/fr\/obtenir-le-formulaire-esta-en-ligne\/\" \/>\n<meta property=\"og:locale\" content=\"fr_FR\" \/>\n<meta property=\"og:type\" content=\"article\" \/>\n<meta property=\"og:title\" content=\"Obtenir le formulaire ESTA en ligne\" \/>\n<meta property=\"og:description\" content=\"Pour renforcer la s\u00e9curit\u00e9 aux USA, le gouvernement a mis en place l&#039;ESTA, nous vous expliquons sur notre page comment obtenir le formulaire en ligne.\" \/>\n<meta property=\"og:url\" content=\"https:\/\/www.esta-officiel-usa.com\/fr\/obtenir-le-formulaire-esta-en-ligne\/\" \/>\n<meta property=\"og:site_name\" content=\"ESTA - Etats-Unis\" \/>\n<meta property=\"article:modified_time\" content=\"2020-02-13T19:02:47+00:00\" \/>\n<meta name=\"twitter:card\" content=\"summary_large_image\" \/>\n<meta name=\"twitter:label1\" content=\"Dur\u00e9e de lecture estim\u00e9e\" \/>\n\t<meta name=\"twitter:data1\" content=\"2 minutes\" \/>\n<script type=\"application\/ld+json\" class=\"yoast-schema-graph\">{\"@context\":\"https:\/\/schema.org\",\"@graph\":[{\"@type\":\"WebPage\",\"@id\":\"https:\/\/www.esta-officiel-usa.com\/fr\/obtenir-le-formulaire-esta-en-ligne\/\",\"url\":\"https:\/\/www.esta-officiel-usa.com\/fr\/obtenir-le-formulaire-esta-en-ligne\/\",\"name\":\"Obtenir le formulaire ESTA en ligne\",\"isPartOf\":{\"@id\":\"https:\/\/www.esta-officiel-usa.com\/fr\/#website\"},\"datePublished\":\"2020-01-16T12:53:23+00:00\",\"dateModified\":\"2020-02-13T19:02:47+00:00\",\"description\":\"Pour renforcer la s\u00e9curit\u00e9 aux USA, le gouvernement a mis en place l'ESTA, nous vous expliquons sur notre page comment obtenir le formulaire en ligne.\",\"breadcrumb\":{\"@id\":\"https:\/\/www.esta-officiel-usa.com\/fr\/obtenir-le-formulaire-esta-en-ligne\/#breadcrumb\"},\"inLanguage\":\"fr-FR\",\"potentialAction\":[{\"@type\":\"ReadAction\",\"target\":[\"https:\/\/www.esta-officiel-usa.com\/fr\/obtenir-le-formulaire-esta-en-ligne\/\"]}]},{\"@type\":\"BreadcrumbList\",\"@id\":\"https:\/\/www.esta-officiel-usa.com\/fr\/obtenir-le-formulaire-esta-en-ligne\/#breadcrumb\",\"itemListElement\":[{\"@type\":\"ListItem\",\"position\":1,\"name\":\"Home\",\"item\":\"https:\/\/www.esta-officiel-usa.com\/fr\/\"},{\"@type\":\"ListItem\",\"position\":2,\"name\":\"Obtenir le formulaire ESTA en ligne\"}]},{\"@type\":\"WebSite\",\"@id\":\"https:\/\/www.esta-officiel-usa.com\/fr\/#website\",\"url\":\"https:\/\/www.esta-officiel-usa.com\/fr\/\",\"name\":\"ESTA - Etats-Unis\",\"description\":\"Formulaire de demande ESTA\",\"potentialAction\":[{\"@type\":\"SearchAction\",\"target\":{\"@type\":\"EntryPoint\",\"urlTemplate\":\"https:\/\/www.esta-officiel-usa.com\/fr\/?s={search_term_string}\"},\"query-input\":{\"@type\":\"PropertyValueSpecification\",\"valueRequired\":true,\"valueName\":\"search_term_string\"}}],\"inLanguage\":\"fr-FR\"}]}<\/script>\n<!-- \/ Yoast SEO plugin. -->","yoast_head_json":{"title":"Obtenir le formulaire ESTA en ligne","description":"Pour renforcer la s\u00e9curit\u00e9 aux USA, le gouvernement a mis en place l'ESTA, nous vous expliquons sur notre page comment obtenir le formulaire en ligne.","robots":{"index":"index","follow":"follow","max-snippet":"max-snippet:-1","max-image-preview":"max-image-preview:large","max-video-preview":"max-video-preview:-1"},"canonical":"https:\/\/www.esta-officiel-usa.com\/fr\/obtenir-le-formulaire-esta-en-ligne\/","og_locale":"fr_FR","og_type":"article","og_title":"Obtenir le formulaire ESTA en ligne","og_description":"Pour renforcer la s\u00e9curit\u00e9 aux USA, le gouvernement a mis en place l'ESTA, nous vous expliquons sur notre page comment obtenir le formulaire en ligne.","og_url":"https:\/\/www.esta-officiel-usa.com\/fr\/obtenir-le-formulaire-esta-en-ligne\/","og_site_name":"ESTA - Etats-Unis","article_modified_time":"2020-02-13T19:02:47+00:00","twitter_card":"summary_large_image","twitter_misc":{"Dur\u00e9e de lecture estim\u00e9e":"2 minutes"},"schema":{"@context":"https:\/\/schema.org","@graph":[{"@type":"WebPage","@id":"https:\/\/www.esta-officiel-usa.com\/fr\/obtenir-le-formulaire-esta-en-ligne\/","url":"https:\/\/www.esta-officiel-usa.com\/fr\/obtenir-le-formulaire-esta-en-ligne\/","name":"Obtenir le formulaire ESTA en ligne","isPartOf":{"@id":"https:\/\/www.esta-officiel-usa.com\/fr\/#website"},"datePublished":"2020-01-16T12:53:23+00:00","dateModified":"2020-02-13T19:02:47+00:00","description":"Pour renforcer la s\u00e9curit\u00e9 aux USA, le gouvernement a mis en place l'ESTA, nous vous expliquons sur notre page comment obtenir le formulaire en ligne.","breadcrumb":{"@id":"https:\/\/www.esta-officiel-usa.com\/fr\/obtenir-le-formulaire-esta-en-ligne\/#breadcrumb"},"inLanguage":"fr-FR","potentialAction":[{"@type":"ReadAction","target":["https:\/\/www.esta-officiel-usa.com\/fr\/obtenir-le-formulaire-esta-en-ligne\/"]}]},{"@type":"BreadcrumbList","@id":"https:\/\/www.esta-officiel-usa.com\/fr\/obtenir-le-formulaire-esta-en-ligne\/#breadcrumb","itemListElement":[{"@type":"ListItem","position":1,"name":"Home","item":"https:\/\/www.esta-officiel-usa.com\/fr\/"},{"@type":"ListItem","position":2,"name":"Obtenir le formulaire ESTA en ligne"}]},{"@type":"WebSite","@id":"https:\/\/www.esta-officiel-usa.com\/fr\/#website","url":"https:\/\/www.esta-officiel-usa.com\/fr\/","name":"ESTA - Etats-Unis","description":"Formulaire de demande ESTA","potentialAction":[{"@type":"SearchAction","target":{"@type":"EntryPoint","urlTemplate":"https:\/\/www.esta-officiel-usa.com\/fr\/?s={search_term_string}"},"query-input":{"@type":"PropertyValueSpecification","valueRequired":true,"valueName":"search_term_string"}}],"inLanguage":"fr-FR"}]}},"_links":{"self":[{"href":"https:\/\/www.esta-officiel-usa.com\/fr\/wp-json\/wp\/v2\/pages\/37","targetHints":{"allow":["GET"]}}],"collection":[{"href":"https:\/\/www.esta-officiel-usa.com\/fr\/wp-json\/wp\/v2\/pages"}],"about":[{"href":"https:\/\/www.esta-officiel-usa.com\/fr\/wp-json\/wp\/v2\/types\/page"}],"author":[{"embeddable":true,"href":"https:\/\/www.esta-officiel-usa.com\/fr\/wp-json\/wp\/v2\/users\/1"}],"replies":[{"embeddable":true,"href":"https:\/\/www.esta-officiel-usa.com\/fr\/wp-json\/wp\/v2\/comments?post=37"}],"version-history":[{"count":3,"href":"https:\/\/www.esta-officiel-usa.com\/fr\/wp-json\/wp\/v2\/pages\/37\/revisions"}],"predecessor-version":[{"id":548,"href":"https:\/\/www.esta-officiel-usa.com\/fr\/wp-json\/wp\/v2\/pages\/37\/revisions\/548"}],"wp:attachment":[{"href":"https:\/\/www.esta-officiel-usa.com\/fr\/wp-json\/wp\/v2\/media?parent=37"}],"curies":[{"name":"wp","href":"https:\/\/api.w.org\/{rel}","templated":true}]}}