{"id":372,"date":"2020-01-30T11:22:32","date_gmt":"2020-01-30T11:22:32","guid":{"rendered":"http:\/\/www.esta-officiel-usa.com\/?page_id=372"},"modified":"2020-02-13T18:56:02","modified_gmt":"2020-02-13T18:56:02","slug":"se-rendre-a-lambassade-des-usa-pour-un-visa","status":"publish","type":"page","link":"https:\/\/www.esta-officiel-usa.com\/fr\/se-rendre-a-lambassade-des-usa-pour-un-visa\/","title":{"rendered":"Se rendre \u00e0 l&rsquo;ambassade des USA pour un visa"},"content":{"rendered":"\n<h1 class=\"wp-block-heading\">Aller \u00e0 l\u2019ambassade des USA pour un visa&nbsp;<\/h1>\n\n\n\n<p>Vous souhaitez vous installer aux \u00c9tats-Unis ? Un passage \u00e0 l\u2019ambassade am\u00e9ricaine \u00e0 Paris sera donc indispensable, et pour cause, vous devez obtenir un visa am\u00e9ricain pour cela ! Dans cet article, nos experts vous expliquent le d\u00e9roulement de ce rendez-vous.<\/p>\n\n\n\n<p>Si vous souhaitez en revanche partir visiter les USA pour une dur\u00e9e inf\u00e9rieure \u00e0 90 jours, l\u2019obtention d&rsquo;un <a href=\"https:\/\/www.esta-officiel-usa.com\/fr\/\">ESTA<\/a> sera n\u00e9cessaire. Nous vous expliquons dans une seconde partie en quoi cette autorisation de voyage consiste.<\/p>\n\n\n\n<h2 class=\"wp-block-heading\">Le rendez-vous \u00e0 l\u2019ambassade des USA<\/h2>\n\n\n\n<p>Afin de s\u00e9journer aux USA pour une dur\u00e9e sup\u00e9rieure \u00e0 90 jours, \nl\u2019obtention d\u2019un visa sera n\u00e9cessaire. Pour obtenir un visa am\u00e9ricain, \nvous devez vous tourner vers l\u2019ambassade am\u00e9ricaine de votre pays. En \nFrance, l\u2019ambassade des \u00c9tats-Unis est situ\u00e9e \u00e0 Paris. Vous avez \n\u00e9galement la possibilit\u00e9 de contacter l\u2019un des 6 consulats des \n\u00c9tats-Unis situ\u00e9 \u00e0 Bordeaux, Lyon, Marseille, Rennes, Strasbourg ou \nencore Toulouse. Il s\u2019agit en quelque sorte d\u2019une antenne de \nl\u2019ambassade, tenue par un consul. Ces deux organes sont une \nrepr\u00e9sentation du gouvernement am\u00e9ricain en France. L\u2019ambassade \nam\u00e9ricaine a notamment pour r\u00f4le de g\u00e9rer les demandes de visa des \nressortissants fran\u00e7ais souhaitant s\u00e9journer aux \u00c9tats-Unis. Il existe \ndeux grands types de visa : les visas non-immigrants d\u00e9livr\u00e9s pour des \ns\u00e9jours temporaires et les visas immigrants pour les individus \nsouhaitant devenir r\u00e9sidents permanents dans le pays de l\u2019oncle Sam \n(exemple : la green card).<\/p>\n\n\n\n<p>Voici ici quelques exemples de visas :<\/p>\n\n\n\n<ul class=\"wp-block-list\"><li>le visa B1 pour effectuer un voyage d\u2019affaires sur le territoire am\u00e9ricain<\/li><li>le visa B2 pour un voyage touristique aux USA<\/li><li>le visa J1 indispensable si vous souhaitez effectuer un stage outre-Atlantique<\/li><li>le visa F1 pour les personnes souhaitant partir \u00e9tudier aux \u00c9tats-Unis d\u2019Am\u00e9rique<\/li><\/ul>\n\n\n\n<p>Afin d\u2019obtenir un visa pour s\u00e9journer sur le territoire am\u00e9ricain, un\n rendez-vous \u00e0 l&rsquo;ambassade des \u00c9tats-Unis est obligatoire. Ce \nrendez-vous a pour but d\u2019\u00e9valuer votre motivation pour partir aux USA. \nLes rendez-vous \u00e0 l\u2019ambassade pour l\u2019obtention d\u2019un visa s\u2019obtiennent \ng\u00e9n\u00e9ralement sous 4 \u00e0 5 jours. Il est n\u00e9cessaire de se pr\u00e9parer avant de\n s\u2019y rendre, car les autorit\u00e9s am\u00e9ricaines sont tr\u00e8s vigilantes, ainsi \nle visa n\u2019est d\u00e9livr\u00e9 qu\u2019aux personnes qui ne pr\u00e9sentent aucun risque. \nVeuillez par ailleurs \u00eatre pr\u00e9sent \u00e0 l\u2019ambassade 15 \u00e0 30 minutes avant \nl\u2019heure de votre rendez-vous.<\/p>\n\n\n\n<p>Ce dernier se d\u00e9roule ensuite ainsi :<\/p>\n\n\n\n<p>\u00c9tape 1 : \u00e0 l\u2019entr\u00e9e de l\u2019ambassade, un agent de s\u00e9curit\u00e9 vous \ninterrogera sur votre identit\u00e9 et sur l\u2019heure de votre rendez-vous. Il \nvous fera ensuite passer dans un scanner de s\u00e9curit\u00e9, et vous serez \nsoumis \u00e0 une fouille tout comme dans un a\u00e9roport (les produits liquides y\n sont proscrits). En effet, il est important de comprendre qu\u2019au sein de\n l\u2019ambassade am\u00e9ricaine, vous n\u2019\u00eates plus en France, mais sur le sol \nam\u00e9ricain.<\/p>\n\n\n\n<p>\u00c9tape 2 : une fois sur le territoire des \u00c9tats-Unis, un repr\u00e9sentant \nde l\u2019\u00c9tat am\u00e9ricain vous remettra un num\u00e9ro. Il vous faudra donc \nattendre jusqu\u2019\u00e0 ce que votre num\u00e9ro s\u2019affiche sur un \u00e9cran. Lorsque \nvotre tour arrive, vous \u00eates de nouveau soumis \u00e0 un contr\u00f4le de \ns\u00e9curit\u00e9, cette fois sous forme de prise d\u2019empreintes digitales.<\/p>\n\n\n\n<p>\u00c9tape 3 : vous \u00eates amen\u00e9 dans une salle d\u2019entretien, o\u00f9 vous \u00eates \ninterrog\u00e9 sur vos motivations pour vous rendre aux \u00c9tats-Unis \nd\u2019Am\u00e9rique. Les questions sont g\u00e9n\u00e9ralement les suivantes :<\/p>\n\n\n\n<ul class=\"wp-block-list\"><li>pourquoi souhaitez-vous partir aux USA ? Vous devez expliquer les raisons de votre volont\u00e9 de partir au pays de l\u2019oncle Sam.<\/li><li>quels sont vos moyens financiers pour payer votre s\u00e9jour aux \n\u00c9tats-Unis ? Il vous sera n\u00e9cessaire d\u2019apporter une preuve de votre \nfinancement (contrat de travail).<\/li><li>si vous avez pour objectif de travailler aux \u00c9tats-Unis, il vous \nfaudra pr\u00e9senter une offre d\u2019emploi am\u00e9ricaine \u00e0 laquelle vous \u00eates \nsusceptible de postuler.<\/li><\/ul>\n\n\n\n<p>\u00c0 l\u2019issu de l\u2019entretien, vous saurez imm\u00e9diatement si votre demande  de visa est accept\u00e9e ou refus\u00e9e. Si votre demande est accept\u00e9e, les  repr\u00e9sentants des autorit\u00e9s am\u00e9ricaines de l&rsquo;ambassade garderont votre <a href=\"https:\/\/www.esta-officiel-usa.com\/fr\/quel-type-de-passeport-pour-les-usa\/\">passeport <\/a>et  vous le retourneront tamponn\u00e9 du visa obtenu. Votre passeport peut vous  \u00eatre rendu apr\u00e8s une semaine, veillez donc \u00e0 pr\u00e9voir une seconde pi\u00e8ce  d\u2019identit\u00e9 si vous vous rendez \u00e0 l\u2019ambassade des \u00c9tats-Unis en avion par  exemple.<\/p>\n\n\n\n<p>Vous souhaitez partir en vacances \u00e0 <a href=\"https:\/\/www.esta-officiel-usa.com\/fr\/decouvrir-la-ville-de-new-york-city\/\">New-York<\/a>,  \u00e0 Miami ou en Floride ? Vous devez vous rendre en voyage d\u2019affaire ou  en transit aux USA ? Vous avez la possibilit\u00e9 de vous rendre sur le sol  am\u00e9ricain sans visa ! Comment ? Gr\u00e2ce \u00e0 l\u2019ESTA !<\/p>\n\n\n\n<h2 class=\"wp-block-heading\">L\u2019ESTA : explications<\/h2>\n\n\n\n<p>Contrairement au visa, il ne faut pas se rendre \u00e0\u00a0l&rsquo;ambassade des  \u00c9tats-Unis pour l&rsquo;ESTA. L\u2019autorisation de voyage ESTA (Electronic System  for Travel Authorization) a \u00e9t\u00e9 cr\u00e9\u00e9e dans le cadre du <a href=\"https:\/\/www.esta-officiel-usa.com\/fr\/a-propos-du-visa-waiver-program\/\">Visa Waiver Program<\/a>  (VWP) \u00e9galement appel\u00e9 programme d\u2019exemption de visa en fran\u00e7ais. Ce  programme vise \u00e0 faciliter les \u00e9changes et entre 38 pays dits \u201chautement  s\u00e9curis\u00e9s\u201d et les \u00c9tats-Unis. Il concerne donc les ressortissants des  pays suivants :<\/p>\n\n\n\n<p>Allemagne, Andorre, Australie, Autriche, Belgique, Brunei, Chili, \nCor\u00e9e du Sud, Danemark, Espagne, Estonie, Finlande, France, Gr\u00e8ce, \nHongrie, Irlande, Islande, Italie, Japon, Pays-Bas, Lettonie, \nLiechtenstein, Lituanie, Luxembourg, Malte, Monaco, Norv\u00e8ge, \nNouvelle-Z\u00e9lande, Portugal, R\u00e9publique Tch\u00e8que, Royaume-Uni, \nSaint-Marin, Singapour, Slovaquie, Slov\u00e9nie, Su\u00e8de, Suisse et Ta\u00efwan.<\/p>\n\n\n\n<p>Attention ! Veuillez r\u00e9pondre aux questions du formulaire avec \nattention et concentration. Une petite erreur d&rsquo;inattention n\u2019est pas \nimpossible, mais peut pourtant vous co\u00fbter l\u2019obtention de votre ESTA. Si\n vous souhaitez \u00e9viter de faire des erreurs, il est possible de vous \ntourner vers notre partenaire. Il vous proposera une aide pour remplir \nle formulaire ESTA. Si une erreur est constat\u00e9e, le service client \nconstitu\u00e9 d\u2019experts pourra la corriger, avant de soumettre le formulaire\n aux autorit\u00e9s am\u00e9ricaines.Pour obtenir un ESTA, vous avez la \npossibilit\u00e9 de vous rendre directement sur le site du gouvernement \nam\u00e9ricain. La demande d\u2019ESTA s\u2019effectue sous forme de formulaire en \nligne.Il est n\u00e9cessaire de poss\u00e9der cette autorisation de voyage si vous\n souhaitez effectuer un transit, un voyage touristique ou un voyage \nd\u2019affaires de 90 jours maximum aux USA. Au-del\u00e0 de 90 jours, il vous \nfaudra cependant effectuer une demande de visa aupr\u00e8s de l\u2019ambassade des\n \u00c9tats-Unis.<\/p>\n","protected":false},"excerpt":{"rendered":"<p>Aller \u00e0 l\u2019ambassade des USA pour un visa&nbsp; Vous souhaitez vous installer aux \u00c9tats-Unis ? Un passage \u00e0 l\u2019ambassade am\u00e9ricaine \u00e0 Paris sera donc indispensable, et pour cause, vous devez obtenir un visa am\u00e9ricain pour cela ! Dans cet article, nos experts vous expliquent le d\u00e9roulement de ce rendez-vous. Si vous souhaitez en revanche partir [&hellip;]<\/p>\n","protected":false},"author":1,"featured_media":0,"parent":0,"menu_order":0,"comment_status":"closed","ping_status":"closed","template":"","meta":{"footnotes":""},"class_list":["post-372","page","type-page","status-publish","hentry"],"yoast_head":"<!-- This site is optimized with the Yoast SEO plugin v26.2 - https:\/\/yoast.com\/wordpress\/plugins\/seo\/ -->\n<title>Se rendre \u00e0 l&#039;ambassade des USA pour un visa<\/title>\n<meta name=\"description\" content=\"Nos experts vous d\u00e9voilent au sein de cet article le d\u00e9roulement du rendez-vous \u00e0 l&#039;ambassade des USA pour obtenir le visa am\u00e9ricain tant convoit\u00e9 !\" \/>\n<meta name=\"robots\" content=\"index, follow, max-snippet:-1, max-image-preview:large, max-video-preview:-1\" \/>\n<link rel=\"canonical\" href=\"https:\/\/www.esta-officiel-usa.com\/fr\/se-rendre-a-lambassade-des-usa-pour-un-visa\/\" \/>\n<meta property=\"og:locale\" content=\"fr_FR\" \/>\n<meta property=\"og:type\" content=\"article\" \/>\n<meta property=\"og:title\" content=\"Se rendre \u00e0 l&#039;ambassade des USA pour un visa\" \/>\n<meta property=\"og:description\" content=\"Nos experts vous d\u00e9voilent au sein de cet article le d\u00e9roulement du rendez-vous \u00e0 l&#039;ambassade des USA pour obtenir le visa am\u00e9ricain tant convoit\u00e9 !\" \/>\n<meta property=\"og:url\" content=\"https:\/\/www.esta-officiel-usa.com\/fr\/se-rendre-a-lambassade-des-usa-pour-un-visa\/\" \/>\n<meta property=\"og:site_name\" content=\"ESTA - Etats-Unis\" \/>\n<meta property=\"article:modified_time\" content=\"2020-02-13T18:56:02+00:00\" \/>\n<meta name=\"twitter:card\" content=\"summary_large_image\" \/>\n<meta name=\"twitter:label1\" content=\"Dur\u00e9e de lecture estim\u00e9e\" \/>\n\t<meta name=\"twitter:data1\" content=\"5 minutes\" \/>\n<script type=\"application\/ld+json\" class=\"yoast-schema-graph\">{\"@context\":\"https:\/\/schema.org\",\"@graph\":[{\"@type\":\"WebPage\",\"@id\":\"https:\/\/www.esta-officiel-usa.com\/fr\/se-rendre-a-lambassade-des-usa-pour-un-visa\/\",\"url\":\"https:\/\/www.esta-officiel-usa.com\/fr\/se-rendre-a-lambassade-des-usa-pour-un-visa\/\",\"name\":\"Se rendre \u00e0 l'ambassade des USA pour un visa\",\"isPartOf\":{\"@id\":\"https:\/\/www.esta-officiel-usa.com\/fr\/#website\"},\"datePublished\":\"2020-01-30T11:22:32+00:00\",\"dateModified\":\"2020-02-13T18:56:02+00:00\",\"description\":\"Nos experts vous d\u00e9voilent au sein de cet article le d\u00e9roulement du rendez-vous \u00e0 l'ambassade des USA pour obtenir le visa am\u00e9ricain tant convoit\u00e9 !\",\"breadcrumb\":{\"@id\":\"https:\/\/www.esta-officiel-usa.com\/fr\/se-rendre-a-lambassade-des-usa-pour-un-visa\/#breadcrumb\"},\"inLanguage\":\"fr-FR\",\"potentialAction\":[{\"@type\":\"ReadAction\",\"target\":[\"https:\/\/www.esta-officiel-usa.com\/fr\/se-rendre-a-lambassade-des-usa-pour-un-visa\/\"]}]},{\"@type\":\"BreadcrumbList\",\"@id\":\"https:\/\/www.esta-officiel-usa.com\/fr\/se-rendre-a-lambassade-des-usa-pour-un-visa\/#breadcrumb\",\"itemListElement\":[{\"@type\":\"ListItem\",\"position\":1,\"name\":\"Home\",\"item\":\"https:\/\/www.esta-officiel-usa.com\/fr\/\"},{\"@type\":\"ListItem\",\"position\":2,\"name\":\"Se rendre \u00e0 l&rsquo;ambassade des USA pour un visa\"}]},{\"@type\":\"WebSite\",\"@id\":\"https:\/\/www.esta-officiel-usa.com\/fr\/#website\",\"url\":\"https:\/\/www.esta-officiel-usa.com\/fr\/\",\"name\":\"ESTA - Etats-Unis\",\"description\":\"Formulaire de demande ESTA\",\"potentialAction\":[{\"@type\":\"SearchAction\",\"target\":{\"@type\":\"EntryPoint\",\"urlTemplate\":\"https:\/\/www.esta-officiel-usa.com\/fr\/?s={search_term_string}\"},\"query-input\":{\"@type\":\"PropertyValueSpecification\",\"valueRequired\":true,\"valueName\":\"search_term_string\"}}],\"inLanguage\":\"fr-FR\"}]}<\/script>\n<!-- \/ Yoast SEO plugin. -->","yoast_head_json":{"title":"Se rendre \u00e0 l'ambassade des USA pour un visa","description":"Nos experts vous d\u00e9voilent au sein de cet article le d\u00e9roulement du rendez-vous \u00e0 l'ambassade des USA pour obtenir le visa am\u00e9ricain tant convoit\u00e9 !","robots":{"index":"index","follow":"follow","max-snippet":"max-snippet:-1","max-image-preview":"max-image-preview:large","max-video-preview":"max-video-preview:-1"},"canonical":"https:\/\/www.esta-officiel-usa.com\/fr\/se-rendre-a-lambassade-des-usa-pour-un-visa\/","og_locale":"fr_FR","og_type":"article","og_title":"Se rendre \u00e0 l'ambassade des USA pour un visa","og_description":"Nos experts vous d\u00e9voilent au sein de cet article le d\u00e9roulement du rendez-vous \u00e0 l'ambassade des USA pour obtenir le visa am\u00e9ricain tant convoit\u00e9 !","og_url":"https:\/\/www.esta-officiel-usa.com\/fr\/se-rendre-a-lambassade-des-usa-pour-un-visa\/","og_site_name":"ESTA - Etats-Unis","article_modified_time":"2020-02-13T18:56:02+00:00","twitter_card":"summary_large_image","twitter_misc":{"Dur\u00e9e de lecture estim\u00e9e":"5 minutes"},"schema":{"@context":"https:\/\/schema.org","@graph":[{"@type":"WebPage","@id":"https:\/\/www.esta-officiel-usa.com\/fr\/se-rendre-a-lambassade-des-usa-pour-un-visa\/","url":"https:\/\/www.esta-officiel-usa.com\/fr\/se-rendre-a-lambassade-des-usa-pour-un-visa\/","name":"Se rendre \u00e0 l'ambassade des USA pour un visa","isPartOf":{"@id":"https:\/\/www.esta-officiel-usa.com\/fr\/#website"},"datePublished":"2020-01-30T11:22:32+00:00","dateModified":"2020-02-13T18:56:02+00:00","description":"Nos experts vous d\u00e9voilent au sein de cet article le d\u00e9roulement du rendez-vous \u00e0 l'ambassade des USA pour obtenir le visa am\u00e9ricain tant convoit\u00e9 !","breadcrumb":{"@id":"https:\/\/www.esta-officiel-usa.com\/fr\/se-rendre-a-lambassade-des-usa-pour-un-visa\/#breadcrumb"},"inLanguage":"fr-FR","potentialAction":[{"@type":"ReadAction","target":["https:\/\/www.esta-officiel-usa.com\/fr\/se-rendre-a-lambassade-des-usa-pour-un-visa\/"]}]},{"@type":"BreadcrumbList","@id":"https:\/\/www.esta-officiel-usa.com\/fr\/se-rendre-a-lambassade-des-usa-pour-un-visa\/#breadcrumb","itemListElement":[{"@type":"ListItem","position":1,"name":"Home","item":"https:\/\/www.esta-officiel-usa.com\/fr\/"},{"@type":"ListItem","position":2,"name":"Se rendre \u00e0 l&rsquo;ambassade des USA pour un visa"}]},{"@type":"WebSite","@id":"https:\/\/www.esta-officiel-usa.com\/fr\/#website","url":"https:\/\/www.esta-officiel-usa.com\/fr\/","name":"ESTA - Etats-Unis","description":"Formulaire de demande ESTA","potentialAction":[{"@type":"SearchAction","target":{"@type":"EntryPoint","urlTemplate":"https:\/\/www.esta-officiel-usa.com\/fr\/?s={search_term_string}"},"query-input":{"@type":"PropertyValueSpecification","valueRequired":true,"valueName":"search_term_string"}}],"inLanguage":"fr-FR"}]}},"_links":{"self":[{"href":"https:\/\/www.esta-officiel-usa.com\/fr\/wp-json\/wp\/v2\/pages\/372","targetHints":{"allow":["GET"]}}],"collection":[{"href":"https:\/\/www.esta-officiel-usa.com\/fr\/wp-json\/wp\/v2\/pages"}],"about":[{"href":"https:\/\/www.esta-officiel-usa.com\/fr\/wp-json\/wp\/v2\/types\/page"}],"author":[{"embeddable":true,"href":"https:\/\/www.esta-officiel-usa.com\/fr\/wp-json\/wp\/v2\/users\/1"}],"replies":[{"embeddable":true,"href":"https:\/\/www.esta-officiel-usa.com\/fr\/wp-json\/wp\/v2\/comments?post=372"}],"version-history":[{"count":2,"href":"https:\/\/www.esta-officiel-usa.com\/fr\/wp-json\/wp\/v2\/pages\/372\/revisions"}],"predecessor-version":[{"id":546,"href":"https:\/\/www.esta-officiel-usa.com\/fr\/wp-json\/wp\/v2\/pages\/372\/revisions\/546"}],"wp:attachment":[{"href":"https:\/\/www.esta-officiel-usa.com\/fr\/wp-json\/wp\/v2\/media?parent=372"}],"curies":[{"name":"wp","href":"https:\/\/api.w.org\/{rel}","templated":true}]}}