{"id":376,"date":"2020-01-30T20:25:28","date_gmt":"2020-01-30T20:25:28","guid":{"rendered":"http:\/\/www.esta-officiel-usa.com\/?page_id=376"},"modified":"2020-02-01T13:23:18","modified_gmt":"2020-02-01T13:23:18","slug":"quelle-assurance-sante-pour-un-voyage-aux-usa","status":"publish","type":"page","link":"https:\/\/www.esta-officiel-usa.com\/fr\/quelle-assurance-sante-pour-un-voyage-aux-usa\/","title":{"rendered":"Quelle assurance sant\u00e9 pour un voyage aux usa ?"},"content":{"rendered":"\n<h1 class=\"wp-block-heading\">Nos conseils pour choisir une assurance sant\u00e9 USA<\/h1>\n\n\n\n<p>Partir r\u00e9aliser un voyage \u00e0 l\u2019\u00e9tranger n\u2019est pas quelque chose  d\u2019anodin, surtout lorsqu\u2019il s\u2019agit de s\u2019aventurer sur le territoire  am\u00e9ricain. Apr\u00e8s avoir fait votre <a href=\"https:\/\/www.esta-officiel-usa.com\/fr\/\">demande d\u2019ESTA<\/a> ou de visa, il faut \u00e9galement prendre en compte le choix d\u2019une bonne assurance sant\u00e9. Les co\u00fbts des soins m\u00e9dicaux, aux \u00c9tats-Unis, peuvent atteindre un prix exorbitant et le remboursement des frais peut drastiquement varier selon votre mutuelle sant\u00e9 ou votre compagnie d\u2019assurances.<\/p>\n\n\n\n<p>Si <a href=\"https:\/\/www.esta-officiel-usa.com\/fr\/voyager-aux-usa-et-decouvrir-las-vegas\/\">Las Vegas<\/a> et <a href=\"https:\/\/www.esta-officiel-usa.com\/fr\/decouvrir-la-ville-de-new-york-city\/\">New-York <\/a>font r\u00eaver, ce n\u2019est pas le cas du syst\u00e8me de sant\u00e9 am\u00e9ricain. En effet, celui-ci ne fonctionne pas du tout de la m\u00eame mani\u00e8re qu\u2019en France ou dans certains autres pays europ\u00e9ens de l\u2019espace Schengen. Si vous devez malheureusement vous faire hospitaliser aux USA, il y a de grandes chances pour que vous regrettiez ne pas pouvoir profiter de la carte europ\u00e9enne d&rsquo;assurance maladie ou de la s\u00e9curit\u00e9 sociale fran\u00e7aise\u2026 Il est alors important de bien anticiper toutes les possibilit\u00e9s d\u2019un \u00e9ventuel souci de sant\u00e9 lors de votre voyage aux USA et ainsi r\u00e9duire les mauvaises surprises.<\/p>\n\n\n\n<h2 class=\"wp-block-heading\">Vers quelle assurance sant\u00e9 am\u00e9ricaine se tourner ?<\/h2>\n\n\n\n<p>Pas \u00e9vident de s\u2019y retrouver entre l\u2019assurance expatriation (appel\u00e9e \n\u00e9galement assurance expatri\u00e9s), l\u2019assurance multirisques, ou encore la \nresponsabilit\u00e9 civile. Que choisir selon son statut ? Il est important \nde prendre son temps afin de faire le bon choix, \u00e0 l\u2019aide d\u2019un \ncomparatif assurance par exemple. De nombreux courtiers en assurance \npourront vous aiguiller afin de trouver le contrat qui vous correspond \nle plus.<\/p>\n\n\n\n<h3 class=\"wp-block-heading\">Syst\u00e8mes priv\u00e9s et syst\u00e8mes publics am\u00e9ricains<\/h3>\n\n\n\n<p>Le syst\u00e8me de sant\u00e9 am\u00e9ricain est un syst\u00e8me mutualiste, ce qui \nsignifie qu\u2019on cotise chacun de son c\u00f4t\u00e9 aupr\u00e8s d\u2019organismes priv\u00e9s. Les\n b\u00e9n\u00e9ficiaires versent un solde mensuel, dont le montant varie en \nfonction de certains crit\u00e8res (\u00e2ge, maladie, \u00e9tat de sant\u00e9 g\u00e9n\u00e9ral, \netc). Une personne ob\u00e8se ou une personne fumeuse devra, par exemple, \npayer plus cher, car les risques de d\u00e9velopper certaines maladies sont \nplus \u00e9lev\u00e9s. Ce syst\u00e8me est ainsi totalement diff\u00e9rent de notre syst\u00e8me \nbas\u00e9 sur la solidarit\u00e9.<\/p>\n\n\n\n<p>Il existe toutefois 2 syst\u00e8mes publics, financ\u00e9s par le gouvernement,\n et \u00e0 destination des plus d\u00e9munis et des personnes \u00e2g\u00e9es : MEDICARE et \nMEDICAID.<\/p>\n\n\n\n<p>Avec l\u2019application de la loi sur la Protection des Patients et Soins \nAbordables (traduction de Patient Protection and Affordable Care Act), \ntous les Am\u00e9ricains sont dans l\u2019obligation de souscrire une assurance \nsant\u00e9. Cette loi, surnomm\u00e9e Obamacare, puisque n\u00e9e de l&rsquo;initiative de \nl\u2019ancien pr\u00e9sident, a pour but de r\u00e9former le syst\u00e8me de sant\u00e9 am\u00e9ricain\n et de r\u00e9duire les in\u00e9galit\u00e9s en permettant \u00e0 des millions d\u2019Am\u00e9ricains \nd\u2019avoir acc\u00e8s \u00e0 une couverture sociale.<\/p>\n\n\n\n<h3 class=\"wp-block-heading\">Autres possibilit\u00e9s d\u2019assurances pour les \u00c9tats-Unis<\/h3>\n\n\n\n<p>Certaines cartes Visa ou Mastercard Gold peuvent \u00e9galement proposer \nune assurance sant\u00e9 expatri\u00e9s, ainsi que d\u2019autres services tels qu\u2019une \nassurance voyage, une assistance rapatriement ou encore le remboursement\n partiel de vos frais m\u00e9dicaux. Renseignez-vous afin de savoir quels \nsont vos droits en cas de p\u00e9pin.<\/p>\n\n\n\n<p>Une autre astuce afin d\u2019\u00eatre couvert partiellement est de s&rsquo;inscrire dans une universit\u00e9, m\u00eame pour un cours.<\/p>\n\n\n\n<p>Il est \u00e9galement tout \u00e0 fait possible de souscrire \u00e0 une assurance \ninternationale, il faut cependant \u00eatre vigilant \u00e0 sa compatibilit\u00e9 avec \nles exigences du gouvernement am\u00e9ricain.<\/p>\n\n\n\n<p>Votre choix entre ces diff\u00e9rentes assurances se fera en fonction de  votre profil : si vous \u00eates globe-trotter voulant visiter les <a href=\"https:\/\/www.esta-officiel-usa.com\/fr\/visite-des-parcs-nationaux-aux-etats-unis\/\">parcs nationaux<\/a>, \u00e9tudiant, stagiaire ou encore travailleur, le prix et la couverture de votre assurance ne seront pas les m\u00eames.<\/p>\n\n\n\n<h2 class=\"wp-block-heading\">Mentions importantes dans le contrat d\u2019assurance sant\u00e9<\/h2>\n\n\n\n<p>Il y a un vocabulaire bien pr\u00e9cis relatif aux assurances am\u00e9ricaines.\n Le conna\u00eetre et le prendre en compte vous \u00e9vitera de mauvaises \nsurprises.<\/p>\n\n\n\n<p>Certains \u00e9l\u00e9ments d\u00e9terminent l\u2019argent que vous allez devoir \nd\u00e9bourser mensuellement ou en cas d\u2019intervention de l\u2019assurance. Il vous\n faudra v\u00e9rifier les mentions \u201cCopay\u201d (le montant restant \u00e0 verser), \n\u201cout of pocket maximum\u201d (le plafond), \u201cdeductible\u201d (la franchise), \n\u201cexclusions\u201d ou encore le r\u00e9seau des m\u00e9decins couverts par l\u2019assurance \navec \u201cnetwork\u201d. Ces mentions vous seront utiles afin de d\u00e9terminer \nquelle assistance m\u00e9dicale choisir en cas d\u2019accident de la vie.<\/p>\n\n\n\n<p>Il est g\u00e9n\u00e9ralement recommand\u00e9 de faire une demande de couverture \ntotale, bien que celle-ci soit plus co\u00fbteuse. Notons que dans certains \ncas de figure, il est financi\u00e8rement plus &nbsp;avantageux d\u2019\u00eatre rapatri\u00e9 \ndans son pays afin de recevoir les soins.<\/p>\n\n\n\n<p>Pour que votre s\u00e9jour \u00e0 l\u2019\u00e9tranger soit optimal, souscrivez \u00e9galement\n \u00e0 d\u2019autres assurances comme l\u2019assurance habitation, l\u2019assistance \njuridique ou encore l\u2019assistance voyage (protections des effets \npersonnels) si n\u00e9cessaire. Une assurance annulation de voyage peut \n\u00e9galement \u00eatre utile dans certains cas. Vous pouvez trouver certains \norganismes qui proposent des packs, par exemple chez Chapka assurances \nou encore Mondial assistance (Allianz travel).<\/p>\n","protected":false},"excerpt":{"rendered":"<p>Nos conseils pour choisir une assurance sant\u00e9 USA Partir r\u00e9aliser un voyage \u00e0 l\u2019\u00e9tranger n\u2019est pas quelque chose d\u2019anodin, surtout lorsqu\u2019il s\u2019agit de s\u2019aventurer sur le territoire am\u00e9ricain. Apr\u00e8s avoir fait votre demande d\u2019ESTA ou de visa, il faut \u00e9galement prendre en compte le choix d\u2019une bonne assurance sant\u00e9. Les co\u00fbts des soins m\u00e9dicaux, aux [&hellip;]<\/p>\n","protected":false},"author":1,"featured_media":0,"parent":0,"menu_order":0,"comment_status":"closed","ping_status":"closed","template":"","meta":{"footnotes":""},"class_list":["post-376","page","type-page","status-publish","hentry"],"yoast_head":"<!-- This site is optimized with the Yoast SEO plugin v26.2 - https:\/\/yoast.com\/wordpress\/plugins\/seo\/ -->\n<title>Quelle assurance sant\u00e9 pour un voyage aux usa ?<\/title>\n<meta name=\"description\" content=\"Les \u00c9tats-Unis d&#039;Am\u00e9rique ayant un des syst\u00e8mes de sant\u00e9 les plus co\u00fbteux du monde, il est primordial de souscrire une assurance sant\u00e9 avant le s\u00e9jour.\" \/>\n<meta name=\"robots\" content=\"index, follow, max-snippet:-1, max-image-preview:large, max-video-preview:-1\" \/>\n<link rel=\"canonical\" href=\"https:\/\/www.esta-officiel-usa.com\/fr\/quelle-assurance-sante-pour-un-voyage-aux-usa\/\" \/>\n<meta property=\"og:locale\" content=\"fr_FR\" \/>\n<meta property=\"og:type\" content=\"article\" \/>\n<meta property=\"og:title\" content=\"Quelle assurance sant\u00e9 pour un voyage aux usa ?\" \/>\n<meta property=\"og:description\" content=\"Les \u00c9tats-Unis d&#039;Am\u00e9rique ayant un des syst\u00e8mes de sant\u00e9 les plus co\u00fbteux du monde, il est primordial de souscrire une assurance sant\u00e9 avant le s\u00e9jour.\" \/>\n<meta property=\"og:url\" content=\"https:\/\/www.esta-officiel-usa.com\/fr\/quelle-assurance-sante-pour-un-voyage-aux-usa\/\" \/>\n<meta property=\"og:site_name\" content=\"ESTA - Etats-Unis\" \/>\n<meta property=\"article:modified_time\" content=\"2020-02-01T13:23:18+00:00\" \/>\n<meta name=\"twitter:card\" content=\"summary_large_image\" \/>\n<meta name=\"twitter:label1\" content=\"Dur\u00e9e de lecture estim\u00e9e\" \/>\n\t<meta name=\"twitter:data1\" content=\"4 minutes\" \/>\n<script type=\"application\/ld+json\" class=\"yoast-schema-graph\">{\"@context\":\"https:\/\/schema.org\",\"@graph\":[{\"@type\":\"WebPage\",\"@id\":\"https:\/\/www.esta-officiel-usa.com\/fr\/quelle-assurance-sante-pour-un-voyage-aux-usa\/\",\"url\":\"https:\/\/www.esta-officiel-usa.com\/fr\/quelle-assurance-sante-pour-un-voyage-aux-usa\/\",\"name\":\"Quelle assurance sant\u00e9 pour un voyage aux usa ?\",\"isPartOf\":{\"@id\":\"https:\/\/www.esta-officiel-usa.com\/fr\/#website\"},\"datePublished\":\"2020-01-30T20:25:28+00:00\",\"dateModified\":\"2020-02-01T13:23:18+00:00\",\"description\":\"Les \u00c9tats-Unis d'Am\u00e9rique ayant un des syst\u00e8mes de sant\u00e9 les plus co\u00fbteux du monde, il est primordial de souscrire une assurance sant\u00e9 avant le s\u00e9jour.\",\"breadcrumb\":{\"@id\":\"https:\/\/www.esta-officiel-usa.com\/fr\/quelle-assurance-sante-pour-un-voyage-aux-usa\/#breadcrumb\"},\"inLanguage\":\"fr-FR\",\"potentialAction\":[{\"@type\":\"ReadAction\",\"target\":[\"https:\/\/www.esta-officiel-usa.com\/fr\/quelle-assurance-sante-pour-un-voyage-aux-usa\/\"]}]},{\"@type\":\"BreadcrumbList\",\"@id\":\"https:\/\/www.esta-officiel-usa.com\/fr\/quelle-assurance-sante-pour-un-voyage-aux-usa\/#breadcrumb\",\"itemListElement\":[{\"@type\":\"ListItem\",\"position\":1,\"name\":\"Home\",\"item\":\"https:\/\/www.esta-officiel-usa.com\/fr\/\"},{\"@type\":\"ListItem\",\"position\":2,\"name\":\"Quelle assurance sant\u00e9 pour un voyage aux usa ?\"}]},{\"@type\":\"WebSite\",\"@id\":\"https:\/\/www.esta-officiel-usa.com\/fr\/#website\",\"url\":\"https:\/\/www.esta-officiel-usa.com\/fr\/\",\"name\":\"ESTA - Etats-Unis\",\"description\":\"Formulaire de demande ESTA\",\"potentialAction\":[{\"@type\":\"SearchAction\",\"target\":{\"@type\":\"EntryPoint\",\"urlTemplate\":\"https:\/\/www.esta-officiel-usa.com\/fr\/?s={search_term_string}\"},\"query-input\":{\"@type\":\"PropertyValueSpecification\",\"valueRequired\":true,\"valueName\":\"search_term_string\"}}],\"inLanguage\":\"fr-FR\"}]}<\/script>\n<!-- \/ Yoast SEO plugin. -->","yoast_head_json":{"title":"Quelle assurance sant\u00e9 pour un voyage aux usa ?","description":"Les \u00c9tats-Unis d'Am\u00e9rique ayant un des syst\u00e8mes de sant\u00e9 les plus co\u00fbteux du monde, il est primordial de souscrire une assurance sant\u00e9 avant le s\u00e9jour.","robots":{"index":"index","follow":"follow","max-snippet":"max-snippet:-1","max-image-preview":"max-image-preview:large","max-video-preview":"max-video-preview:-1"},"canonical":"https:\/\/www.esta-officiel-usa.com\/fr\/quelle-assurance-sante-pour-un-voyage-aux-usa\/","og_locale":"fr_FR","og_type":"article","og_title":"Quelle assurance sant\u00e9 pour un voyage aux usa ?","og_description":"Les \u00c9tats-Unis d'Am\u00e9rique ayant un des syst\u00e8mes de sant\u00e9 les plus co\u00fbteux du monde, il est primordial de souscrire une assurance sant\u00e9 avant le s\u00e9jour.","og_url":"https:\/\/www.esta-officiel-usa.com\/fr\/quelle-assurance-sante-pour-un-voyage-aux-usa\/","og_site_name":"ESTA - Etats-Unis","article_modified_time":"2020-02-01T13:23:18+00:00","twitter_card":"summary_large_image","twitter_misc":{"Dur\u00e9e de lecture estim\u00e9e":"4 minutes"},"schema":{"@context":"https:\/\/schema.org","@graph":[{"@type":"WebPage","@id":"https:\/\/www.esta-officiel-usa.com\/fr\/quelle-assurance-sante-pour-un-voyage-aux-usa\/","url":"https:\/\/www.esta-officiel-usa.com\/fr\/quelle-assurance-sante-pour-un-voyage-aux-usa\/","name":"Quelle assurance sant\u00e9 pour un voyage aux usa ?","isPartOf":{"@id":"https:\/\/www.esta-officiel-usa.com\/fr\/#website"},"datePublished":"2020-01-30T20:25:28+00:00","dateModified":"2020-02-01T13:23:18+00:00","description":"Les \u00c9tats-Unis d'Am\u00e9rique ayant un des syst\u00e8mes de sant\u00e9 les plus co\u00fbteux du monde, il est primordial de souscrire une assurance sant\u00e9 avant le s\u00e9jour.","breadcrumb":{"@id":"https:\/\/www.esta-officiel-usa.com\/fr\/quelle-assurance-sante-pour-un-voyage-aux-usa\/#breadcrumb"},"inLanguage":"fr-FR","potentialAction":[{"@type":"ReadAction","target":["https:\/\/www.esta-officiel-usa.com\/fr\/quelle-assurance-sante-pour-un-voyage-aux-usa\/"]}]},{"@type":"BreadcrumbList","@id":"https:\/\/www.esta-officiel-usa.com\/fr\/quelle-assurance-sante-pour-un-voyage-aux-usa\/#breadcrumb","itemListElement":[{"@type":"ListItem","position":1,"name":"Home","item":"https:\/\/www.esta-officiel-usa.com\/fr\/"},{"@type":"ListItem","position":2,"name":"Quelle assurance sant\u00e9 pour un voyage aux usa ?"}]},{"@type":"WebSite","@id":"https:\/\/www.esta-officiel-usa.com\/fr\/#website","url":"https:\/\/www.esta-officiel-usa.com\/fr\/","name":"ESTA - Etats-Unis","description":"Formulaire de demande ESTA","potentialAction":[{"@type":"SearchAction","target":{"@type":"EntryPoint","urlTemplate":"https:\/\/www.esta-officiel-usa.com\/fr\/?s={search_term_string}"},"query-input":{"@type":"PropertyValueSpecification","valueRequired":true,"valueName":"search_term_string"}}],"inLanguage":"fr-FR"}]}},"_links":{"self":[{"href":"https:\/\/www.esta-officiel-usa.com\/fr\/wp-json\/wp\/v2\/pages\/376","targetHints":{"allow":["GET"]}}],"collection":[{"href":"https:\/\/www.esta-officiel-usa.com\/fr\/wp-json\/wp\/v2\/pages"}],"about":[{"href":"https:\/\/www.esta-officiel-usa.com\/fr\/wp-json\/wp\/v2\/types\/page"}],"author":[{"embeddable":true,"href":"https:\/\/www.esta-officiel-usa.com\/fr\/wp-json\/wp\/v2\/users\/1"}],"replies":[{"embeddable":true,"href":"https:\/\/www.esta-officiel-usa.com\/fr\/wp-json\/wp\/v2\/comments?post=376"}],"version-history":[{"count":2,"href":"https:\/\/www.esta-officiel-usa.com\/fr\/wp-json\/wp\/v2\/pages\/376\/revisions"}],"predecessor-version":[{"id":494,"href":"https:\/\/www.esta-officiel-usa.com\/fr\/wp-json\/wp\/v2\/pages\/376\/revisions\/494"}],"wp:attachment":[{"href":"https:\/\/www.esta-officiel-usa.com\/fr\/wp-json\/wp\/v2\/media?parent=376"}],"curies":[{"name":"wp","href":"https:\/\/api.w.org\/{rel}","templated":true}]}}