{"id":378,"date":"2020-01-30T20:28:56","date_gmt":"2020-01-30T20:28:56","guid":{"rendered":"http:\/\/www.esta-officiel-usa.com\/?page_id=378"},"modified":"2020-02-01T13:22:08","modified_gmt":"2020-02-01T13:22:08","slug":"quelle-est-la-duree-de-validite-dun-visa-usa","status":"publish","type":"page","link":"https:\/\/www.esta-officiel-usa.com\/fr\/quelle-est-la-duree-de-validite-dun-visa-usa\/","title":{"rendered":"Quelle est la dur\u00e9e de validit\u00e9 d&rsquo;un visa usa ?"},"content":{"rendered":"\n<h1 class=\"wp-block-heading\">Tout sur la validit\u00e9 d\u2019un visa pour les USA<\/h1>\n\n\n\n<p>Vous voulez immigrer aux USA pour une p\u00e9riode plus ou moins longue ? \nVous pr\u00e9voyez de partir travailler, r\u00e9aliser un stage, \u00e9tudier dans une \nuniversit\u00e9 am\u00e9ricaine ou tout simplement voyager aux \u00c9tats-Unis dans un \nbut touristique ? Il faudra alors r\u00e9aliser une demande de visa. Le visa \nam\u00e9ricain n\u2019est pas facile \u00e0 obtenir et la proc\u00e9dure est bien souvent \ntr\u00e8s longue. Dans cet article, vous retrouverez toutes les r\u00e9ponses \u00e0 \nvos questions \u00e0 propos de la validit\u00e9 d\u2019un visa.<\/p>\n\n\n\n<p>Pour r\u00e9aliser un voyage aux \u00c9tats-Unis, il vous faudra des documents  ad\u00e9quats afin de vous rendre dans le pays de l\u2019oncle Sam en toute  l\u00e9galit\u00e9. Malheureusement, contrairement \u00e0 l\u2019espace Schengen, une carte  d&rsquo;identit\u00e9 valide n\u2019est pas suffisante. De plus, si vous comptez  r\u00e9aliser un voyage de plus de 90 jours, le formulaire <a href=\"https:\/\/www.esta-officiel-usa.com\/fr\/\">ESTA<\/a> ne sera pas valable. Il faudra alors vous rendre \u00e0 l\u2019ambassade des USA afin de faire une demande de visa am\u00e9ricain.<\/p>\n\n\n\n<p>Le visa USA accorde l\u2019autorisation \u00e0 un ressortissant \u00e9tranger de se \nrendre aux \u00c9tats-Unis avec un but pr\u00e9cis : \u00e7a peut \u00eatre un stage, pour \ntravailler ou encore pour faire des \u00e9tudes aux USA.<\/p>\n\n\n\n<p>Il existe un grand nombre de visas diff\u00e9rents, adapt\u00e9s \u00e0 chaque situation que l\u2019immigrant pourrait rencontrer.<\/p>\n\n\n\n<p>Il y a 2 grandes cat\u00e9gories de visas :<\/p>\n\n\n\n<ul class=\"wp-block-list\"><li>les visas non-immigrants : sont destin\u00e9s aux personnes qui ne \ncomptent pas vivre toute leur vie aux USA, qui y restent pendant un \ns\u00e9jour temporaire d\u00e9fini. Par exemple un s\u00e9jour touristique, un stage \ndans une entreprise am\u00e9ricaine ou pour r\u00e9aliser des \u00e9tudes.<\/li><li>les visas immigrants : ils sont destin\u00e9s au personne qui souhaitent d\u00e9m\u00e9nager aux USA de mani\u00e8re permanente.<\/li><\/ul>\n\n\n\n<h2 class=\"wp-block-heading\">Un visa ou un ESTA ?<\/h2>\n\n\n\n<p>Il y a des <a href=\"https:\/\/www.esta-officiel-usa.com\/fr\/difference-entre-esta-et-demande-de-visa-usa\/\">diff\u00e9rences entre l\u2019ESTA et le visa<\/a>.  En comparaison avec l\u2019ESTA, qui est le syst\u00e8me \u00e9lectronique  d\u2019autorisation de voyage et d\u2019exemption de visa, le visa permet de  rester beaucoup plus longtemps et est ouvert \u00e0 plus de possibilit\u00e9s.<\/p>\n\n\n\n<p>L\u2019autorisation ESTA est recommand\u00e9e pour les s\u00e9jours touristiques, de transit ou d\u2019affaires de 90 jours maximum.<\/p>\n\n\n\n<p>Le visa est plus on\u00e9reux et moins \u00e9vident \u00e0 obtenir (l\u2019ESTA co\u00fbte 14 $\n et peut \u00eatre rapidement obtenu via une demande en ligne), mais il offre\n la possibilit\u00e9 de rester pendant de tr\u00e8s longues p\u00e9riodes aux USA.<\/p>\n\n\n\n<h3 class=\"wp-block-heading\">Demander un visa valide<\/h3>\n\n\n\n<p><a href=\"https:\/\/www.esta-officiel-usa.com\/fr\/etats-unis-demander-un-visa-ou-lesta\/\">Demander un visa USA<\/a>  n\u2019est pas de tout repos, la d\u00e9livrance de ce document se fait apr\u00e8s une  p\u00e9riode plus ou moins longue et plusieurs d\u00e9marches administratives.  Vous devez r\u00e9aliser un dossier de visa aupr\u00e8s de l\u2019ambassade ou du  consulat am\u00e9ricain.<\/p>\n\n\n\n<p>Les demandeurs de visa devront passer un entretien aupr\u00e8s des \nservices consulaires, et la p\u00e9riode d\u2019attente varie en fonction du \nconsulat ou de l\u2019ambassade am\u00e9ricaine. Il faudra r\u00e9pondre \u00e0 quelques \nquestions.<\/p>\n\n\n\n<p>Vous devez apporter votre dossier de visa, qui comprend les documents suivants :<\/p>\n\n\n\n<ul class=\"wp-block-list\"><li>un passeport biom\u00e9trique (ou passeport \u00e9lectronique) valide ;<\/li><li>acte de naissance ;<\/li><li>acte de mariage ;<\/li><li>photos d\u2019identit\u00e9 ;<\/li><li>preuve de ressources financi\u00e8res suffisantes (photocopie d\u2019extrait bancaire par exemple) ;<\/li><li>bulletin de casier judiciaire ;<\/li><li>lettre de votre futur employeur, si vous vous rendez aux USA dans le cadre d\u2019un travail ;<\/li><li>etc.<\/li><\/ul>\n\n\n\n<p>Il faut traduire les documents qui ne sont pas en anglais afin de \nfaire une demande de visa valide. D\u2019autres documents n\u00e9cessaires seront \n\u00e9galement demand\u00e9s : carnet de vaccinations, la preuve que vous avez \nbien pass\u00e9 un examen m\u00e9dical et le re\u00e7u montrant que vous avez bien pay\u00e9\n les frais administratifs de demande de visa (environ 335 $).<\/p>\n\n\n\n<p>Si vous r\u00e9ussissez l\u2019entretien, vos empreintes digitales seront \npr\u00e9lev\u00e9es. Une fois le visa \u00e9mis, vous devez entrer sur le territoire \nam\u00e9ricain dans les 6 mois.<\/p>\n\n\n\n<h2 class=\"wp-block-heading\">La validit\u00e9 d\u2019un visa USA<\/h2>\n\n\n\n<p>Le type de visa dont vous avez besoin d\u00e9pend du type de voyage et du \nbut de celui-ci. Il existe en r\u00e9alit\u00e9 plus de 20 visas diff\u00e9rents pour \nles non-immigrants et qui r\u00e9alisent un voyage temporaire aux USA.<\/p>\n\n\n\n<p>La dur\u00e9e de validit\u00e9 d\u2019un visa USA varie \u00e9galement en fonction du type de voyage que vous d\u00e9sirez r\u00e9aliser aux USA.<\/p>\n\n\n\n<figure class=\"wp-block-table\"><table class=\"\"><tbody><tr><td>\n\t\t\tMotif du voyage\n\t\t\t<\/td><td>\n\t\t\tType de visa\n\t\t\t<\/td><td>\n\t\t\tDur\u00e9e de validit\u00e9 d\u2019un visa\n\t\t\t<\/td><\/tr><tr><td>\n\t\t\tvoyages d\u2019affaires\n\t\t\t<\/td><td>\n\t\t\tB1\n\t\t\t<\/td><td>\n\t\t\tde 1 mois \u00e0 10 ans\n\t\t\t<\/td><\/tr><tr><td>\n\t\t\tvoyages touristiques\n\t\t\t<\/td><td>\n\t\t\tB2\n\t\t\t<\/td><td>\n\t\t\tde 1 mois \u00e0 10 ans\n\t\t\t<\/td><\/tr><tr><td>\n\t\t\ttraitements m\u00e9dicaux\n\t\t\t<\/td><td>\n\t\t\tB2\n\t\t\t<\/td><td>\n\t\t\tde 1 mois \u00e0 10 ans\n\t\t\t<\/td><\/tr><tr><td>\n\t\t\ttransit\n\t\t\t<\/td><td>\n\t\t\tC\n\t\t\t<\/td><td>\n\t\t\t29 jours\n\t\t\t<\/td><\/tr><tr><td>\n\t\t\t\u00e9tudiant\n\t\t\t<\/td><td>\n\t\t\tF,M\n\t\t\t<\/td><td>\n\t\t\tcouvre la dur\u00e9e des \u00e9tudes\n\t\t\t<\/td><\/tr><tr><td>\n\t\t\ttravailleur sp\u00e9cialis\u00e9\n\t\t\t<\/td><td>\n\t\t\tH-1B\n\t\t\t<\/td><td>\n\t\t\t3 ans renouvelable\n\t\t\t<\/td><\/tr><tr><td>\n\t\t\ttravailleur en agriculture\n\t\t\t<\/td><td>\n\t\t\tH-2A\n\t\t\t<\/td><td>\n\t\t\tun an renouvelable\n\t\t\t<\/td><\/tr><tr><td>\n\t\t\tprofesseur, enseignant\n\t\t\t<\/td><td>\n\t\t\tJ1,Q\n\t\t\t<\/td><td>\n\t\t\tla dur\u00e9e du contrat ou du programme d\u2019\u00e9change\n\t\t\t<\/td><\/tr><tr><td>\n\t\t\t\u00e9poux(se) d\u2019un citoyen am\u00e9ricain\n\t\t\t<\/td><td>\n\t\t\tK-1\n\t\t\t<\/td><td>\n\t\t\t6 mois\n\t\t\t<\/td><\/tr><tr><td>\n\t\t\tcomp\u00e9tences extraordinaires\n\t\t\t<\/td><td>\n\t\t\tO\n\t\t\t<\/td><td>\n\t\t\t3 ans\n\t\t\t<\/td><\/tr><tr><td>\n\t\t\treligieux\n\t\t\t<\/td><td>\n\t\t\tR\n\t\t\t<\/td><td>\n\t\t\t2 ans renouvelable\n\t\t\t<\/td><\/tr><tr><td>\n\t\t\tpassage de fronti\u00e8re pour le Mexique\n\t\t\t<\/td><td>\n\t\t\tBCC\n\t\t\t<\/td><td>\n\t\t\t10 ans\n\t\t\t<\/td><\/tr><tr><td>\n\t\t\tmembre d\u2019\u00e9quipage\n\t\t\t<\/td><td>\n\t\t\tD\n\t\t\t<\/td><td>\n\t\t\t2 ans\n\t\t\t<\/td><\/tr><\/tbody><\/table><\/figure>\n\n\n\n<p>Par exemple, une personne souhaitant r\u00e9aliser un s\u00e9jour afin de \nvoyager aux USA et d\u00e9couvrir la Floride, la Louisiane ou encore la \nCalifornie et ce pendant plusieurs mois, devra demander un visa \ntouristique B2. Si un \u00e9tudiant veut avoir un dipl\u00f4me universitaire \nam\u00e9ricain, il devra faire une demande de visa F. La dur\u00e9e de validit\u00e9 \nd\u2019un visa va \u00e9galement d\u00e9pendre du douanier qui vous recevra \u00e0 la \nfronti\u00e8re am\u00e9ricaine.<\/p>\n\n\n\n<h2 class=\"wp-block-heading\">Alternative au visa USA<\/h2>\n\n\n\n<p>Il existe d\u2019autres documents permettant de r\u00e9sider aux USA l\u00e9galement : la Green Card et l\u2019ESTA.<\/p>\n\n\n\n<p>La <a href=\"https:\/\/www.esta-officiel-usa.com\/fr\/quest-ce-que-la-green-card\/\">Green Card<\/a>  peut \u00eatre obtenue par la loterie et vous permet de devenir un r\u00e9sident  permanent sur le sol am\u00e9ricain, alors que l\u2019ESTA permet uniquement un  s\u00e9jour temporaire de 90 jours maximum, dans un but touristique, de  transit ou d\u2019affaires.<\/p>\n\n\n\n<p>Les conditions requises pour obtenir sa Green Card sont nombreuses alors qu\u2019un ESTA peut \u00eatre d\u00e9livr\u00e9 beaucoup plus facilement.<\/p>\n\n\n\n<p>Quoiqu\u2019il arrive, votre r\u00eave am\u00e9ricain peut se r\u00e9aliser !<\/p>\n","protected":false},"excerpt":{"rendered":"<p>Tout sur la validit\u00e9 d\u2019un visa pour les USA Vous voulez immigrer aux USA pour une p\u00e9riode plus ou moins longue ? Vous pr\u00e9voyez de partir travailler, r\u00e9aliser un stage, \u00e9tudier dans une universit\u00e9 am\u00e9ricaine ou tout simplement voyager aux \u00c9tats-Unis dans un but touristique ? Il faudra alors r\u00e9aliser une demande de visa. Le [&hellip;]<\/p>\n","protected":false},"author":1,"featured_media":0,"parent":0,"menu_order":0,"comment_status":"closed","ping_status":"closed","template":"","meta":{"footnotes":""},"class_list":["post-378","page","type-page","status-publish","hentry"],"yoast_head":"<!-- This site is optimized with the Yoast SEO plugin v26.2 - https:\/\/yoast.com\/wordpress\/plugins\/seo\/ -->\n<title>Quelle est la dur\u00e9e de validit\u00e9 d&#039;un visa usa ?<\/title>\n<meta name=\"description\" content=\"Obtenir un visa usa n&#039;est pas \u00e9vident, il faut bien savoir quelle est sa dur\u00e9e de validit\u00e9 pour ne pas avoir d&#039;ennuis avec les autorit\u00e9s am\u00e9ricaines.\" \/>\n<meta name=\"robots\" content=\"index, follow, max-snippet:-1, max-image-preview:large, max-video-preview:-1\" \/>\n<link rel=\"canonical\" href=\"https:\/\/www.esta-officiel-usa.com\/fr\/quelle-est-la-duree-de-validite-dun-visa-usa\/\" \/>\n<meta property=\"og:locale\" content=\"fr_FR\" \/>\n<meta property=\"og:type\" content=\"article\" \/>\n<meta property=\"og:title\" content=\"Quelle est la dur\u00e9e de validit\u00e9 d&#039;un visa usa ?\" \/>\n<meta property=\"og:description\" content=\"Obtenir un visa usa n&#039;est pas \u00e9vident, il faut bien savoir quelle est sa dur\u00e9e de validit\u00e9 pour ne pas avoir d&#039;ennuis avec les autorit\u00e9s am\u00e9ricaines.\" \/>\n<meta property=\"og:url\" content=\"https:\/\/www.esta-officiel-usa.com\/fr\/quelle-est-la-duree-de-validite-dun-visa-usa\/\" \/>\n<meta property=\"og:site_name\" content=\"ESTA - Etats-Unis\" \/>\n<meta property=\"article:modified_time\" content=\"2020-02-01T13:22:08+00:00\" \/>\n<meta name=\"twitter:card\" content=\"summary_large_image\" \/>\n<meta name=\"twitter:label1\" content=\"Dur\u00e9e de lecture estim\u00e9e\" \/>\n\t<meta name=\"twitter:data1\" content=\"5 minutes\" \/>\n<script type=\"application\/ld+json\" class=\"yoast-schema-graph\">{\"@context\":\"https:\/\/schema.org\",\"@graph\":[{\"@type\":\"WebPage\",\"@id\":\"https:\/\/www.esta-officiel-usa.com\/fr\/quelle-est-la-duree-de-validite-dun-visa-usa\/\",\"url\":\"https:\/\/www.esta-officiel-usa.com\/fr\/quelle-est-la-duree-de-validite-dun-visa-usa\/\",\"name\":\"Quelle est la dur\u00e9e de validit\u00e9 d'un visa usa ?\",\"isPartOf\":{\"@id\":\"https:\/\/www.esta-officiel-usa.com\/fr\/#website\"},\"datePublished\":\"2020-01-30T20:28:56+00:00\",\"dateModified\":\"2020-02-01T13:22:08+00:00\",\"description\":\"Obtenir un visa usa n'est pas \u00e9vident, il faut bien savoir quelle est sa dur\u00e9e de validit\u00e9 pour ne pas avoir d'ennuis avec les autorit\u00e9s am\u00e9ricaines.\",\"breadcrumb\":{\"@id\":\"https:\/\/www.esta-officiel-usa.com\/fr\/quelle-est-la-duree-de-validite-dun-visa-usa\/#breadcrumb\"},\"inLanguage\":\"fr-FR\",\"potentialAction\":[{\"@type\":\"ReadAction\",\"target\":[\"https:\/\/www.esta-officiel-usa.com\/fr\/quelle-est-la-duree-de-validite-dun-visa-usa\/\"]}]},{\"@type\":\"BreadcrumbList\",\"@id\":\"https:\/\/www.esta-officiel-usa.com\/fr\/quelle-est-la-duree-de-validite-dun-visa-usa\/#breadcrumb\",\"itemListElement\":[{\"@type\":\"ListItem\",\"position\":1,\"name\":\"Home\",\"item\":\"https:\/\/www.esta-officiel-usa.com\/fr\/\"},{\"@type\":\"ListItem\",\"position\":2,\"name\":\"Quelle est la dur\u00e9e de validit\u00e9 d&rsquo;un visa usa ?\"}]},{\"@type\":\"WebSite\",\"@id\":\"https:\/\/www.esta-officiel-usa.com\/fr\/#website\",\"url\":\"https:\/\/www.esta-officiel-usa.com\/fr\/\",\"name\":\"ESTA - Etats-Unis\",\"description\":\"Formulaire de demande ESTA\",\"potentialAction\":[{\"@type\":\"SearchAction\",\"target\":{\"@type\":\"EntryPoint\",\"urlTemplate\":\"https:\/\/www.esta-officiel-usa.com\/fr\/?s={search_term_string}\"},\"query-input\":{\"@type\":\"PropertyValueSpecification\",\"valueRequired\":true,\"valueName\":\"search_term_string\"}}],\"inLanguage\":\"fr-FR\"}]}<\/script>\n<!-- \/ Yoast SEO plugin. -->","yoast_head_json":{"title":"Quelle est la dur\u00e9e de validit\u00e9 d'un visa usa ?","description":"Obtenir un visa usa n'est pas \u00e9vident, il faut bien savoir quelle est sa dur\u00e9e de validit\u00e9 pour ne pas avoir d'ennuis avec les autorit\u00e9s am\u00e9ricaines.","robots":{"index":"index","follow":"follow","max-snippet":"max-snippet:-1","max-image-preview":"max-image-preview:large","max-video-preview":"max-video-preview:-1"},"canonical":"https:\/\/www.esta-officiel-usa.com\/fr\/quelle-est-la-duree-de-validite-dun-visa-usa\/","og_locale":"fr_FR","og_type":"article","og_title":"Quelle est la dur\u00e9e de validit\u00e9 d'un visa usa ?","og_description":"Obtenir un visa usa n'est pas \u00e9vident, il faut bien savoir quelle est sa dur\u00e9e de validit\u00e9 pour ne pas avoir d'ennuis avec les autorit\u00e9s am\u00e9ricaines.","og_url":"https:\/\/www.esta-officiel-usa.com\/fr\/quelle-est-la-duree-de-validite-dun-visa-usa\/","og_site_name":"ESTA - Etats-Unis","article_modified_time":"2020-02-01T13:22:08+00:00","twitter_card":"summary_large_image","twitter_misc":{"Dur\u00e9e de lecture estim\u00e9e":"5 minutes"},"schema":{"@context":"https:\/\/schema.org","@graph":[{"@type":"WebPage","@id":"https:\/\/www.esta-officiel-usa.com\/fr\/quelle-est-la-duree-de-validite-dun-visa-usa\/","url":"https:\/\/www.esta-officiel-usa.com\/fr\/quelle-est-la-duree-de-validite-dun-visa-usa\/","name":"Quelle est la dur\u00e9e de validit\u00e9 d'un visa usa ?","isPartOf":{"@id":"https:\/\/www.esta-officiel-usa.com\/fr\/#website"},"datePublished":"2020-01-30T20:28:56+00:00","dateModified":"2020-02-01T13:22:08+00:00","description":"Obtenir un visa usa n'est pas \u00e9vident, il faut bien savoir quelle est sa dur\u00e9e de validit\u00e9 pour ne pas avoir d'ennuis avec les autorit\u00e9s am\u00e9ricaines.","breadcrumb":{"@id":"https:\/\/www.esta-officiel-usa.com\/fr\/quelle-est-la-duree-de-validite-dun-visa-usa\/#breadcrumb"},"inLanguage":"fr-FR","potentialAction":[{"@type":"ReadAction","target":["https:\/\/www.esta-officiel-usa.com\/fr\/quelle-est-la-duree-de-validite-dun-visa-usa\/"]}]},{"@type":"BreadcrumbList","@id":"https:\/\/www.esta-officiel-usa.com\/fr\/quelle-est-la-duree-de-validite-dun-visa-usa\/#breadcrumb","itemListElement":[{"@type":"ListItem","position":1,"name":"Home","item":"https:\/\/www.esta-officiel-usa.com\/fr\/"},{"@type":"ListItem","position":2,"name":"Quelle est la dur\u00e9e de validit\u00e9 d&rsquo;un visa usa ?"}]},{"@type":"WebSite","@id":"https:\/\/www.esta-officiel-usa.com\/fr\/#website","url":"https:\/\/www.esta-officiel-usa.com\/fr\/","name":"ESTA - Etats-Unis","description":"Formulaire de demande ESTA","potentialAction":[{"@type":"SearchAction","target":{"@type":"EntryPoint","urlTemplate":"https:\/\/www.esta-officiel-usa.com\/fr\/?s={search_term_string}"},"query-input":{"@type":"PropertyValueSpecification","valueRequired":true,"valueName":"search_term_string"}}],"inLanguage":"fr-FR"}]}},"_links":{"self":[{"href":"https:\/\/www.esta-officiel-usa.com\/fr\/wp-json\/wp\/v2\/pages\/378","targetHints":{"allow":["GET"]}}],"collection":[{"href":"https:\/\/www.esta-officiel-usa.com\/fr\/wp-json\/wp\/v2\/pages"}],"about":[{"href":"https:\/\/www.esta-officiel-usa.com\/fr\/wp-json\/wp\/v2\/types\/page"}],"author":[{"embeddable":true,"href":"https:\/\/www.esta-officiel-usa.com\/fr\/wp-json\/wp\/v2\/users\/1"}],"replies":[{"embeddable":true,"href":"https:\/\/www.esta-officiel-usa.com\/fr\/wp-json\/wp\/v2\/comments?post=378"}],"version-history":[{"count":2,"href":"https:\/\/www.esta-officiel-usa.com\/fr\/wp-json\/wp\/v2\/pages\/378\/revisions"}],"predecessor-version":[{"id":493,"href":"https:\/\/www.esta-officiel-usa.com\/fr\/wp-json\/wp\/v2\/pages\/378\/revisions\/493"}],"wp:attachment":[{"href":"https:\/\/www.esta-officiel-usa.com\/fr\/wp-json\/wp\/v2\/media?parent=378"}],"curies":[{"name":"wp","href":"https:\/\/api.w.org\/{rel}","templated":true}]}}