{"id":380,"date":"2020-01-30T20:34:47","date_gmt":"2020-01-30T20:34:47","guid":{"rendered":"http:\/\/www.esta-officiel-usa.com\/?page_id=380"},"modified":"2020-02-01T13:20:49","modified_gmt":"2020-02-01T13:20:49","slug":"quelles-sont-les-demarches-pour-obtenir-un-visa-travail-usa","status":"publish","type":"page","link":"https:\/\/www.esta-officiel-usa.com\/fr\/quelles-sont-les-demarches-pour-obtenir-un-visa-travail-usa\/","title":{"rendered":"Quelles sont les d\u00e9marches pour obtenir un visa travail USA ?"},"content":{"rendered":"\n<h1 class=\"wp-block-heading\">Visa travail pour les USA : comment l\u2019obtenir ?<\/h1>\n\n\n\n<p>Les \u00c9tats-Unis sont intransigeants sur l\u2019immigration. Pour chaque cas, il y a un visa sp\u00e9cifique. Alors, obtenir un visa travail pour les USA est une \u00e9tape primordiale pour toute personne qui souhaite travailler au sein de l\u2019\u00c9tat am\u00e9ricain. \u00c0 chaque cat\u00e9gorie de m\u00e9tier correspond un visa adapt\u00e9, portant un code alphanum\u00e9rique distinct.<\/p>\n\n\n\n<p>Si vous souhaitez <a href=\"https:\/\/www.esta-officiel-usa.com\/fr\/partir-en-voyage-aux-etats-unis\/\">vivre aux USA<\/a>, mais aussi y travailler, il faudra faire une demande de visa.<\/p>\n\n\n\n<p>D\u00e9couvrez dans cet article quel visa vous devez obtenir afin de \npartir travailler aux USA et de vous faire embaucher par une entreprise \nam\u00e9ricaine.<br>\n&nbsp;<\/p>\n\n\n\n<h2 class=\"wp-block-heading\">Les visas travail pour les USA : les diff\u00e9rentes cat\u00e9gories<\/h2>\n\n\n\n<p>Comme mentionn\u00e9 pr\u00e9c\u00e9demment, il existe plusieurs cat\u00e9gories de <a href=\"https:\/\/www.esta-officiel-usa.com\/fr\/trouver-un-emploi-aux-usa-grace-au-visa-h1b\/\">visas travail pour les USA<\/a>,  en fonction du statut professionnel du demandeur, de certaines  qualifications particuli\u00e8res, de son exp\u00e9rience professionnelle ou  encore du domaine d\u2019activit\u00e9 de celui-ci.<\/p>\n\n\n\n<p>La dur\u00e9e de validit\u00e9 ainsi que la possibilit\u00e9 ou non de renouveler le\n visa USA travail d\u00e9pend du type de visa que vous devez obtenir.<\/p>\n\n\n\n<h3 class=\"wp-block-heading\">Tableau r\u00e9capitulatif des diff\u00e9rents permis de travail pour les USA&nbsp;<\/h3>\n\n\n\n<figure class=\"wp-block-table\"><table class=\"\"><tbody><tr><td>visa H1B <\/td><td>\n\t\t\tvisa pour emplois sp\u00e9cialis\u00e9s et qui exige un dipl\u00f4me de l&rsquo;enseignement sup\u00e9rieur\n\t\t\t<\/td><\/tr><tr><td>visa H1B1 <\/td><td>\n\t\t\tvisa pour chercheurs voulant travailler aux \u00c9tats-Unis temporairement et en collaboration aux USA\n\t\t\t<\/td><\/tr><tr><td>visa H2A <\/td><td>\n\t\t\tvisa pour ouvriers agricoles temporaires ou saisonniers\n\t\t\t<\/td><\/tr><tr><td>visa H2B <\/td><td>\n\t\t\tvisa pour des emplois temporaires qui n\u2019ont pas pu \u00eatre attribu\u00e9s \u00e0 des Am\u00e9ricains\n\t\t\t<\/td><\/tr><tr><td>visa H3 <\/td><td>\n\t\t\tvisa pour stagiaires dans une entreprise am\u00e9ricaine ou filiale d\u2019une entreprise \u00e9trang\u00e8re\n\t\t\t<\/td><\/tr><tr><td>visa L <\/td><td>\n\t\t\tvisa pour g\u00e9rants ou cadres ex\u00e9cutifs expatri\u00e9s venant travailler dans la filiale am\u00e9ricaine\n\t\t\t<\/td><\/tr><tr><td>visa O <\/td><td>\n\t\t\tvisa pour personnes ayant des comp\u00e9tences extraordinaires dans le domaine de la science, des arts, du sport, etc.\n\t\t\t<\/td><\/tr><tr><td>visa P1 <\/td><td>\n\t\t\tvisa pour sportif qui participe \u00e0 une comp\u00e9tition\n\t\t\t<\/td><\/tr><tr><td>visa P2 <\/td><td>\n\t\t\tvisa pour artiste qui se produit dans le cadre d\u2019un programme d\u2019\u00e9change culturel avec les USA\n\t\t\t<\/td><\/tr><tr><td>visa P3 <\/td><td>\n\t\t\tvisa pour artiste qui se produit aux USA dans le cadre d\u2019un programme culture uniquement\n\t\t\t<\/td><\/tr><tr><td>visa Q1 <\/td><td>\n\t\t\tvisa pour individus participants \u00e0 des programmes d\u2019\u00e9changes culturels\n\t\t\t<\/td><\/tr><tr><td>visa I <\/td><td>\n\t\t\tvisa pour les journalistes\n\t\t\t<\/td><\/tr><\/tbody><\/table><\/figure>\n\n\n\n<p>Vous devez trouver un emploi avant de faire votre demande de permis de  travail, car une offre d\u2019emploi devra toujours \u00eatre apport\u00e9e dans le  dossier de votre demande de visa. Le futur employeur doit pour cela  d\u00e9poser une demande aupr\u00e8s du D\u00e9partement de la S\u00e9curit\u00e9 Int\u00e9rieure.  Votre futur employeur recevra votre autorisation de travail sous la  forme du document I-797 si la demande est accept\u00e9e. Il faudra ajouter le  document \u00e0 votre dossier de demande de visa travail USA. Avec cette  autorisation, le demandeur peut maintenant poursuivre la suite de ses  d\u00e9marches aux services consulaires de l\u2019ambassade am\u00e9ricaine (ou du  consulat am\u00e9ricain).<\/p>\n\n\n\n<h2 class=\"wp-block-heading\">Comment obtenir un visa travail pour les USA ? : les d\u00e9marches<\/h2>\n\n\n\n<p>Comme expliqu\u00e9 pr\u00e9c\u00e9demment, pour obtenir un permis de travail, il \nfaut que le demandeur se rendre \u00e0 l\u2019ambassade am\u00e9ricaine ou au consulat \ng\u00e9n\u00e9ral le plus proche de son domicile. Il devra constituer un dossier \npour l\u2019ambassade, avec les documents n\u00e9cessaires :<\/p>\n\n\n\n<ul class=\"wp-block-list\"><li>un passeport biom\u00e9trique (avec empreintes digitales) ou passeport \u00e9lectronique en cours de validit\u00e9 ;<\/li><li>une enveloppe chronopost<\/li><li>une copie imprim\u00e9e du formulaire DS-160, pr\u00e9alablement rempli ;<\/li><li>une photo d&rsquo;identit\u00e9 r\u00e9cente ;<\/li><li>l\u2019autorisation de travail I-797 qui prouve que l\u2019offre d\u2019emploi a \u00e9t\u00e9 valid\u00e9e par le DHS ;<\/li><li>des pi\u00e8ces justificatives comme le relev\u00e9 du compte bancaire.<\/li><\/ul>\n\n\n\n<p>Une fois que l\u2019ambassade des USA aura examin\u00e9 votre cas, elle vous \ncontactera afin de fixer un rendez-vous ainsi qu\u2019un examen m\u00e9dical. \nL\u2019entretien dure g\u00e9n\u00e9ralement entre dix et quinze minutes et consistera \nen une s\u00e9rie de questions que le repr\u00e9sentant officiel des autorit\u00e9s \nam\u00e9ricaines vous posera afin de d\u00e9terminer votre situation \nprofessionnelle et personnelle. Ces questions ont pour but principal de \nd\u00e9terminer votre \u00e9ligibilit\u00e9 \u00e0 s\u00e9journer sur le territoire am\u00e9ricain.<\/p>\n\n\n\n<p>Suite \u00e0 l\u2019entretien, le repr\u00e9sentant l\u00e9gal du gouvernement am\u00e9ricain \nvous indiquera si vous \u00eates autoris\u00e9 \u00e0 vous rendre sur le sol am\u00e9ricain \ndans le cadre du permis de travail. Vous ne recevrez pas directement le \nvisa apr\u00e8s votre entretien. L\u2019ambassade ou le consulat g\u00e9n\u00e9ral de France\n gardera le passeport valide durant quelques jours et vous le rendra \ntamponn\u00e9 avec le visa travail USA.<\/p>\n\n\n\n<p>Voil\u00e0, vous \u00eates pr\u00eat \u00e0 commencer votre carri\u00e8re et \u00e0 immigrer aux USA !<\/p>\n\n\n\n<p>Si vous avez des difficult\u00e9s \u00e0 trouver un travail au USA et \u00e0 trouver\n un employeur qui vous correspond, nous vous conseillons de bien \npr\u00e9parer votre CV anglais et de revoir votre niveau d\u2019anglais. Si vous \ndisposez d\u2019un niveau de langue \u00e9lev\u00e9, passez l\u2019examen du Toefl. Ce \ndernier est connu internationalement et permet aux entreprises d\u2019avoir \nune r\u00e9f\u00e9rence linguistique valable lors de l\u2019\u00e9tude de votre candidature.<\/p>\n\n\n\n<p>Sinon, il est parfois pr\u00e9f\u00e9rable de commencer par effectuer un stage \naux USA ou un job d\u2019\u00e9t\u00e9 (qui demande le visa J1) avant de penser \u00e0 une \nexpatriation et \u00e0 partir vivre aux \u00c9tats-Unis.<\/p>\n\n\n\n<h3 class=\"wp-block-heading\">Travailler aux USA gr\u00e2ce \u00e0 la green card<\/h3>\n\n\n\n<p>Il existe une alternative au permis de travail, il s\u2019agit de la <a href=\"https:\/\/www.esta-officiel-usa.com\/fr\/quest-ce-que-la-green-card\/\">green card<\/a>. Chaque ann\u00e9e, une <a href=\"https:\/\/www.esta-officiel-usa.com\/fr\/obtenir-une-green-card-par-la-loterie\/\">loterie carte verte<\/a>  se fait entre des participants du monde entier qui veulent vivre leur  r\u00eave am\u00e9ricain, afin de d\u00e9terminer qui va pouvoir obtenir la carte de  r\u00e9sidence permanente. Pour obtenir une carte de r\u00e9sident permanent et  s\u2019expatrier aux \u00c9tats-Unis, il faut compl\u00e9ter un formulaire sur le site  officiel de la loterie green card.<\/p>\n\n\n\n<h3 class=\"wp-block-heading\">L&rsquo;ESTA pour d\u00e9couvrir les \u00c9tats-Unis<\/h3>\n\n\n\n<p>Si vous souhaitez d\u2019abord vous rendre aux USA afin de visiter et voir\n si la vie l\u00e0-bas vous plaira, il est possible de vous y rendre sans \ndevoir faire de demande de visa au pr\u00e9alable. En effet, gr\u00e2ce \u00e0 l\u2019ESTA \n(autorisation \u00e9lectronique de voyage), vous pouvez vous rendre aux \n\u00c9tats-Unis sans visa et \u00e0 condition de remplir les crit\u00e8res \nd\u2019admissibilit\u00e9 (\u00eatre de nationalit\u00e9 d\u2019un des pays membres du VWP, avoir\n un passeport valide, etc.). Si vous n\u2019\u00eates pas admissible \u00e0 l\u2019ESTA, il \nfaudra vous tourner vers le visa touristique B.<\/p>\n\n\n\n<p>Pour plus d\u2019informations, n\u2019h\u00e9sitez pas \u00e0 prendre contact avec notre \u00e9quipe et \u00e0 parcourir notre site sur l\u2019<a href=\"https:\/\/www.esta-officiel-usa.com\/fr\/\">ESTA<\/a>.<\/p>\n","protected":false},"excerpt":{"rendered":"<p>Visa travail pour les USA : comment l\u2019obtenir ? Les \u00c9tats-Unis sont intransigeants sur l\u2019immigration. Pour chaque cas, il y a un visa sp\u00e9cifique. Alors, obtenir un visa travail pour les USA est une \u00e9tape primordiale pour toute personne qui souhaite travailler au sein de l\u2019\u00c9tat am\u00e9ricain. \u00c0 chaque cat\u00e9gorie de m\u00e9tier correspond un visa [&hellip;]<\/p>\n","protected":false},"author":1,"featured_media":0,"parent":0,"menu_order":0,"comment_status":"closed","ping_status":"closed","template":"","meta":{"footnotes":""},"class_list":["post-380","page","type-page","status-publish","hentry"],"yoast_head":"<!-- This site is optimized with the Yoast SEO plugin v26.2 - https:\/\/yoast.com\/wordpress\/plugins\/seo\/ -->\n<title>Quelles sont les d\u00e9marches pour obtenir un visa travail USA ?<\/title>\n<meta name=\"description\" content=\"Toute personne qui souhaite se rendre aux USA afin d&#039;y travailler, doit faire une demande de visa travail pour les USA. D\u00e9couvrez comment l&#039;obtenir.\" \/>\n<meta name=\"robots\" content=\"index, follow, max-snippet:-1, max-image-preview:large, max-video-preview:-1\" \/>\n<link rel=\"canonical\" href=\"https:\/\/www.esta-officiel-usa.com\/fr\/quelles-sont-les-demarches-pour-obtenir-un-visa-travail-usa\/\" \/>\n<meta property=\"og:locale\" content=\"fr_FR\" \/>\n<meta property=\"og:type\" content=\"article\" \/>\n<meta property=\"og:title\" content=\"Quelles sont les d\u00e9marches pour obtenir un visa travail USA ?\" \/>\n<meta property=\"og:description\" content=\"Toute personne qui souhaite se rendre aux USA afin d&#039;y travailler, doit faire une demande de visa travail pour les USA. D\u00e9couvrez comment l&#039;obtenir.\" \/>\n<meta property=\"og:url\" content=\"https:\/\/www.esta-officiel-usa.com\/fr\/quelles-sont-les-demarches-pour-obtenir-un-visa-travail-usa\/\" \/>\n<meta property=\"og:site_name\" content=\"ESTA - Etats-Unis\" \/>\n<meta property=\"article:modified_time\" content=\"2020-02-01T13:20:49+00:00\" \/>\n<meta name=\"twitter:card\" content=\"summary_large_image\" \/>\n<meta name=\"twitter:label1\" content=\"Dur\u00e9e de lecture estim\u00e9e\" \/>\n\t<meta name=\"twitter:data1\" content=\"6 minutes\" \/>\n<script type=\"application\/ld+json\" class=\"yoast-schema-graph\">{\"@context\":\"https:\/\/schema.org\",\"@graph\":[{\"@type\":\"WebPage\",\"@id\":\"https:\/\/www.esta-officiel-usa.com\/fr\/quelles-sont-les-demarches-pour-obtenir-un-visa-travail-usa\/\",\"url\":\"https:\/\/www.esta-officiel-usa.com\/fr\/quelles-sont-les-demarches-pour-obtenir-un-visa-travail-usa\/\",\"name\":\"Quelles sont les d\u00e9marches pour obtenir un visa travail USA ?\",\"isPartOf\":{\"@id\":\"https:\/\/www.esta-officiel-usa.com\/fr\/#website\"},\"datePublished\":\"2020-01-30T20:34:47+00:00\",\"dateModified\":\"2020-02-01T13:20:49+00:00\",\"description\":\"Toute personne qui souhaite se rendre aux USA afin d'y travailler, doit faire une demande de visa travail pour les USA. D\u00e9couvrez comment l'obtenir.\",\"breadcrumb\":{\"@id\":\"https:\/\/www.esta-officiel-usa.com\/fr\/quelles-sont-les-demarches-pour-obtenir-un-visa-travail-usa\/#breadcrumb\"},\"inLanguage\":\"fr-FR\",\"potentialAction\":[{\"@type\":\"ReadAction\",\"target\":[\"https:\/\/www.esta-officiel-usa.com\/fr\/quelles-sont-les-demarches-pour-obtenir-un-visa-travail-usa\/\"]}]},{\"@type\":\"BreadcrumbList\",\"@id\":\"https:\/\/www.esta-officiel-usa.com\/fr\/quelles-sont-les-demarches-pour-obtenir-un-visa-travail-usa\/#breadcrumb\",\"itemListElement\":[{\"@type\":\"ListItem\",\"position\":1,\"name\":\"Home\",\"item\":\"https:\/\/www.esta-officiel-usa.com\/fr\/\"},{\"@type\":\"ListItem\",\"position\":2,\"name\":\"Quelles sont les d\u00e9marches pour obtenir un visa travail USA ?\"}]},{\"@type\":\"WebSite\",\"@id\":\"https:\/\/www.esta-officiel-usa.com\/fr\/#website\",\"url\":\"https:\/\/www.esta-officiel-usa.com\/fr\/\",\"name\":\"ESTA - Etats-Unis\",\"description\":\"Formulaire de demande ESTA\",\"potentialAction\":[{\"@type\":\"SearchAction\",\"target\":{\"@type\":\"EntryPoint\",\"urlTemplate\":\"https:\/\/www.esta-officiel-usa.com\/fr\/?s={search_term_string}\"},\"query-input\":{\"@type\":\"PropertyValueSpecification\",\"valueRequired\":true,\"valueName\":\"search_term_string\"}}],\"inLanguage\":\"fr-FR\"}]}<\/script>\n<!-- \/ Yoast SEO plugin. -->","yoast_head_json":{"title":"Quelles sont les d\u00e9marches pour obtenir un visa travail USA ?","description":"Toute personne qui souhaite se rendre aux USA afin d'y travailler, doit faire une demande de visa travail pour les USA. D\u00e9couvrez comment l'obtenir.","robots":{"index":"index","follow":"follow","max-snippet":"max-snippet:-1","max-image-preview":"max-image-preview:large","max-video-preview":"max-video-preview:-1"},"canonical":"https:\/\/www.esta-officiel-usa.com\/fr\/quelles-sont-les-demarches-pour-obtenir-un-visa-travail-usa\/","og_locale":"fr_FR","og_type":"article","og_title":"Quelles sont les d\u00e9marches pour obtenir un visa travail USA ?","og_description":"Toute personne qui souhaite se rendre aux USA afin d'y travailler, doit faire une demande de visa travail pour les USA. D\u00e9couvrez comment l'obtenir.","og_url":"https:\/\/www.esta-officiel-usa.com\/fr\/quelles-sont-les-demarches-pour-obtenir-un-visa-travail-usa\/","og_site_name":"ESTA - Etats-Unis","article_modified_time":"2020-02-01T13:20:49+00:00","twitter_card":"summary_large_image","twitter_misc":{"Dur\u00e9e de lecture estim\u00e9e":"6 minutes"},"schema":{"@context":"https:\/\/schema.org","@graph":[{"@type":"WebPage","@id":"https:\/\/www.esta-officiel-usa.com\/fr\/quelles-sont-les-demarches-pour-obtenir-un-visa-travail-usa\/","url":"https:\/\/www.esta-officiel-usa.com\/fr\/quelles-sont-les-demarches-pour-obtenir-un-visa-travail-usa\/","name":"Quelles sont les d\u00e9marches pour obtenir un visa travail USA ?","isPartOf":{"@id":"https:\/\/www.esta-officiel-usa.com\/fr\/#website"},"datePublished":"2020-01-30T20:34:47+00:00","dateModified":"2020-02-01T13:20:49+00:00","description":"Toute personne qui souhaite se rendre aux USA afin d'y travailler, doit faire une demande de visa travail pour les USA. D\u00e9couvrez comment l'obtenir.","breadcrumb":{"@id":"https:\/\/www.esta-officiel-usa.com\/fr\/quelles-sont-les-demarches-pour-obtenir-un-visa-travail-usa\/#breadcrumb"},"inLanguage":"fr-FR","potentialAction":[{"@type":"ReadAction","target":["https:\/\/www.esta-officiel-usa.com\/fr\/quelles-sont-les-demarches-pour-obtenir-un-visa-travail-usa\/"]}]},{"@type":"BreadcrumbList","@id":"https:\/\/www.esta-officiel-usa.com\/fr\/quelles-sont-les-demarches-pour-obtenir-un-visa-travail-usa\/#breadcrumb","itemListElement":[{"@type":"ListItem","position":1,"name":"Home","item":"https:\/\/www.esta-officiel-usa.com\/fr\/"},{"@type":"ListItem","position":2,"name":"Quelles sont les d\u00e9marches pour obtenir un visa travail USA ?"}]},{"@type":"WebSite","@id":"https:\/\/www.esta-officiel-usa.com\/fr\/#website","url":"https:\/\/www.esta-officiel-usa.com\/fr\/","name":"ESTA - Etats-Unis","description":"Formulaire de demande ESTA","potentialAction":[{"@type":"SearchAction","target":{"@type":"EntryPoint","urlTemplate":"https:\/\/www.esta-officiel-usa.com\/fr\/?s={search_term_string}"},"query-input":{"@type":"PropertyValueSpecification","valueRequired":true,"valueName":"search_term_string"}}],"inLanguage":"fr-FR"}]}},"_links":{"self":[{"href":"https:\/\/www.esta-officiel-usa.com\/fr\/wp-json\/wp\/v2\/pages\/380","targetHints":{"allow":["GET"]}}],"collection":[{"href":"https:\/\/www.esta-officiel-usa.com\/fr\/wp-json\/wp\/v2\/pages"}],"about":[{"href":"https:\/\/www.esta-officiel-usa.com\/fr\/wp-json\/wp\/v2\/types\/page"}],"author":[{"embeddable":true,"href":"https:\/\/www.esta-officiel-usa.com\/fr\/wp-json\/wp\/v2\/users\/1"}],"replies":[{"embeddable":true,"href":"https:\/\/www.esta-officiel-usa.com\/fr\/wp-json\/wp\/v2\/comments?post=380"}],"version-history":[{"count":2,"href":"https:\/\/www.esta-officiel-usa.com\/fr\/wp-json\/wp\/v2\/pages\/380\/revisions"}],"predecessor-version":[{"id":491,"href":"https:\/\/www.esta-officiel-usa.com\/fr\/wp-json\/wp\/v2\/pages\/380\/revisions\/491"}],"wp:attachment":[{"href":"https:\/\/www.esta-officiel-usa.com\/fr\/wp-json\/wp\/v2\/media?parent=380"}],"curies":[{"name":"wp","href":"https:\/\/api.w.org\/{rel}","templated":true}]}}