{"id":382,"date":"2020-01-30T20:40:13","date_gmt":"2020-01-30T20:40:13","guid":{"rendered":"http:\/\/www.esta-officiel-usa.com\/?page_id=382"},"modified":"2020-02-01T12:46:48","modified_gmt":"2020-02-01T12:46:48","slug":"quels-sont-les-differents-visas-de-transit-pour-les-etats-unis","status":"publish","type":"page","link":"https:\/\/www.esta-officiel-usa.com\/fr\/quels-sont-les-differents-visas-de-transit-pour-les-etats-unis\/","title":{"rendered":"Quels sont les diff\u00e9rents visas de transit pour les \u00e9tats-unis ?"},"content":{"rendered":"\n<h1 class=\"wp-block-heading\">Visa pour un transit aux USA : est-ce obligatoire ?<\/h1>\n\n\n\n<p>Qu\u2019il s\u2019agisse d\u2019une installation, d\u2019un voyage aux USA ou bien d\u2019un  simple transit, une autorisation de voyage est requise pour atterrir sur  le sol am\u00e9ricain. Cependant, <a href=\"https:\/\/www.esta-officiel-usa.com\/fr\/\">ESTA<\/a> ou visa : quel type d&rsquo;autorisation faut-il pour un transit aux \u00c9tats-Unis ? D\u00e9couvrez-le dans cet article !<\/p>\n\n\n\n<h2 class=\"wp-block-heading\">Le visa transit pour les USA<\/h2>\n\n\n\n<p>Tous ressortissants de pays \u00e9trangers voyageant en transit aux \n\u00c9tats-Unis ont l\u2019obligation de se procurer un visa, tout comme pour un \nvoyage aux USA. Si vous souhaitez profiter de votre transit pour \neffectuer un s\u00e9jour aux \u00c9tats-Unis, il sera n\u00e9cessaire d\u2019obtenir un visa\n B. En revanche si vous souhaitez obtenir un visa, simplement pour votre\n transit (escale \u00e0 San Francisco pour vous rendre en Nouvelle-Z\u00e9lande \npar exemple) vous devrez effectuer une demande de visa C. Ce visa de \ntransit est class\u00e9 en 5 cat\u00e9gories :<\/p>\n\n\n\n<ul class=\"wp-block-list\"><li>le visa C1 r\u00e9serv\u00e9 aux passagers a\u00e9riens ou maritimes.<\/li><li>le visa C1D r\u00e9serv\u00e9 aux membres d\u2019\u00e9quipage d\u2019avion ou bateau.<\/li><li>le visa C2 r\u00e9serv\u00e9 au personnel des Nations Unies.<\/li><li>le visa C3 r\u00e9serv\u00e9 aux hauts fonctionnaires en transit.<\/li><li>le visa C4 r\u00e9serv\u00e9 aux passagers en transit selon le programme ATP (formation de pilotes).<\/li><\/ul>\n\n\n\n<p>Si vous souhaitez obtenir un visa de transit, vous devez effectuer \nune demande de visa aupr\u00e8s de l\u2019ambassade des USA (ou du consulat \ng\u00e9n\u00e9ral). La constitution d\u2019un dossier sera alors requise. Ce dernier \ndevra \u00eatre compos\u00e9 des pi\u00e8ces justificatives suivantes :<\/p>\n\n\n\n<ul class=\"wp-block-list\"><li>le formulaire DS-160 compl\u00e9t\u00e9<\/li><li>un passeport biom\u00e9trique ou \u00e9lectronique en cours de validit\u00e9<\/li><li>une photo d\u2019identit\u00e9 prise au cours des 6 derniers mois maximum (5 cm x 5 cm)<\/li><li>vos billets d\u2019avion aller retour (et prouvant qu\u2019il s\u2019agit bien d\u2019un transit vers les USA)<\/li><li>un re\u00e7u du paiement des frais de proc\u00e9dure de demande de visa non-immigrant, d&rsquo;un montant de 160 $ pay\u00e9 en devise locale.<\/li><\/ul>\n\n\n\n<p>Il vous sera demand\u00e9 d\u2019emmener la totalit\u00e9 de ces pi\u00e8ces lors de \nvotre rendez-vous \u00e0 l\u2019ambassade des \u00c9tats-Unis. Cette derni\u00e8re est \nsitu\u00e9e \u00e0 Paris. Veillez \u00e0 bien constituer votre dossier, car il s\u2019agit \nd\u2019un \u00e9l\u00e9ment d\u00e9terminant pour la d\u00e9livrance de votre visa de transit. \nLes officiers consulaires v\u00e9rifieront chaque document avec attention. \nBien entendu, si vous effectuez une demande de visa pour chaque membre \nde votre famille, un dossier devra \u00eatre constitu\u00e9 pour chacun.<\/p>\n\n\n\n<p>Important : si vous tentez de mentir ou de pr\u00e9senter de faux \ndocuments, vous risquez une in\u00e9ligibilit\u00e9 permanente \u00e0 l\u2019obtention de \nvisa.<br>\n&nbsp;<\/p>\n\n\n\n<h2 class=\"wp-block-heading\">Une alternative au visa de transit : l\u2019ESTA<\/h2>\n\n\n\n<p>Sachez par ailleurs que selon votre profil, vous n\u2019\u00eates pas dans l\u2019obligation d\u2019obtenir un visa<\/p>\n\n\n\n<p>de transit afin d&rsquo;atterrir sur le territoire am\u00e9ricain. En effet, il  existe un programme d&rsquo;exemption de visa appel\u00e9 \u00e9galement le <a href=\"https:\/\/www.esta-officiel-usa.com\/fr\/a-propos-du-visa-waiver-program\/\">Visa Waiver Program<\/a> (VWP). Ce dernier vise \u00e0 faciliter les \u00e9changes vers les \u00c9tats-Unis, pour des voyageurs en provenance d\u2019une s\u00e9lection de pays.<br> <br> C\u2019est dans le cadre de ce programme qu\u2019a \u00e9t\u00e9 cr\u00e9\u00e9 l\u2019ESTA. Il s\u2019agit  d\u2019une autorisation de voyage officiel pour un court s\u00e9jour de 90 jours  maximum aux USA (transit, voyage touristique, voyage d\u2019affaires).<br> <br> Les ressortissants de nationalit\u00e9 d\u2019un des pays membres de ce programme  ne sont pas dans l\u2019obligation d\u2019effectuer une demande de visa de transit  pour partir aux USA ; en revanche, ils devront effectuer une demande  d\u2019ESTA. Voici la liste des pays concern\u00e9s par le programme :<\/p>\n\n\n\n<p>Allemagne, Andorre, Australie, Autriche, Belgique, Brunei, Chili, \nCor\u00e9e du Sud, Danemark, Espagne, Estonie, Finlande, France, Gr\u00e8ce, \nHongrie, Irlande, Islande, Italie, Japon, Pays-Bas, Lettonie, \nLiechtenstein, Lituanie, Luxembourg, Malte, Monaco, Norv\u00e8ge, \nNouvelle-Z\u00e9lande, Portugal, R\u00e9publique Tch\u00e8que, Royaume-Uni, \nSaint-Marin, Singapour, Slovaquie, Slov\u00e9nie, Su\u00e8de, Suisse et Ta\u00efwan.<\/p>\n\n\n\n<p><a href=\"https:\/\/www.esta-officiel-usa.com\/fr\/lautorisation-esta\/\">L\u2019autorisation ESTA<\/a> est beaucoup moins contraignante qu\u2019un visa. En effet, elle co\u00fbte  uniquement 14 dollars et s\u2019obtient tr\u00e8s facilement en remplissant un  formulaire en ligne. Vous avez la possibilit\u00e9 d\u2019effectuer une demande  d\u2019ESTA depuis le site du gouvernement am\u00e9ricain.<\/p>\n\n\n\n<p>Attention ! Le formulaire ESTA doit \u00eatre compl\u00e9t\u00e9 avec attention. Bien qu\u2019il ne s\u2019agisse pas d\u2019un visa, les autorit\u00e9s am\u00e9ricaines restent intransigeantes et la moindre erreur dans le formulaire pourrait vous co\u00fbter votre ESTA.<\/p>\n\n\n\n<p>Si vous \u00eatre stress\u00e9 \u00e0 l\u2019id\u00e9e de remplir le formulaire, vous avez \u00e9galement la possibilit\u00e9 de vous tourner vers un service priv\u00e9. Ce dernier vous apportera une aide personnalis\u00e9e pour remplir le formulaire et pourra le corriger en cas d\u2019erreur, avant de le soumettre aux autorit\u00e9s am\u00e9ricaines.<\/p>\n\n\n\n<p>Conseils aux voyageurs : afin d\u2019effectuer une demande d\u2019ESTA, vous devez, tout comme pour un visa de transit, \u00eatre muni d\u2019un passeport \u00e9lectronique ou biom\u00e9trique dont la dur\u00e9e de validit\u00e9 est en cours. Si vous poss\u00e9dez un passeport valide mais d\u2019une ancienne g\u00e9n\u00e9ration (passeport optique), vous ne pourrez pas voyager aux USA. Dans ce cas, il vous faut donc faire une demande de nouveau passeport aupr\u00e8s de votre mairie.<\/p>\n\n\n\n<p>Si malheureusement vous ne remplissez pas tous les crit\u00e8res pour recevoir votre ESTA, ou que <a href=\"https:\/\/www.esta-officiel-usa.com\/fr\/quels-motifs-menent-a-un-refus-de-lesta\/\">l\u2019autorisation ESTA vous a \u00e9t\u00e9 refus\u00e9e<\/a>, vous devrez effectuer une demande de visa transit aupr\u00e8s de l\u2019ambassade am\u00e9ricaine ou bien du consulat des \u00c9tats-Unis.<\/p>\n","protected":false},"excerpt":{"rendered":"<p>Visa pour un transit aux USA : est-ce obligatoire ? Qu\u2019il s\u2019agisse d\u2019une installation, d\u2019un voyage aux USA ou bien d\u2019un simple transit, une autorisation de voyage est requise pour atterrir sur le sol am\u00e9ricain. Cependant, ESTA ou visa : quel type d&rsquo;autorisation faut-il pour un transit aux \u00c9tats-Unis ? D\u00e9couvrez-le dans cet article ! [&hellip;]<\/p>\n","protected":false},"author":1,"featured_media":0,"parent":0,"menu_order":0,"comment_status":"closed","ping_status":"closed","template":"","meta":{"footnotes":""},"class_list":["post-382","page","type-page","status-publish","hentry"],"yoast_head":"<!-- This site is optimized with the Yoast SEO plugin v26.2 - https:\/\/yoast.com\/wordpress\/plugins\/seo\/ -->\n<title>Quels sont les diff\u00e9rents visas de transit pour les \u00e9tats-unis ?<\/title>\n<meta name=\"description\" content=\"Le visa pour un transit aux \u00c9tats-Unis est-il obligatoire ? Nos experts vous expliquent tout cela dans cet article. Bonne lecture et surtout bon voyage !\" \/>\n<meta name=\"robots\" content=\"index, follow, max-snippet:-1, max-image-preview:large, max-video-preview:-1\" \/>\n<link rel=\"canonical\" href=\"https:\/\/www.esta-officiel-usa.com\/fr\/quels-sont-les-differents-visas-de-transit-pour-les-etats-unis\/\" \/>\n<meta property=\"og:locale\" content=\"fr_FR\" \/>\n<meta property=\"og:type\" content=\"article\" \/>\n<meta property=\"og:title\" content=\"Quels sont les diff\u00e9rents visas de transit pour les \u00e9tats-unis ?\" \/>\n<meta property=\"og:description\" content=\"Le visa pour un transit aux \u00c9tats-Unis est-il obligatoire ? Nos experts vous expliquent tout cela dans cet article. Bonne lecture et surtout bon voyage !\" \/>\n<meta property=\"og:url\" content=\"https:\/\/www.esta-officiel-usa.com\/fr\/quels-sont-les-differents-visas-de-transit-pour-les-etats-unis\/\" \/>\n<meta property=\"og:site_name\" content=\"ESTA - Etats-Unis\" \/>\n<meta property=\"article:modified_time\" content=\"2020-02-01T12:46:48+00:00\" \/>\n<meta name=\"twitter:card\" content=\"summary_large_image\" \/>\n<meta name=\"twitter:label1\" content=\"Dur\u00e9e de lecture estim\u00e9e\" \/>\n\t<meta name=\"twitter:data1\" content=\"5 minutes\" \/>\n<script type=\"application\/ld+json\" class=\"yoast-schema-graph\">{\"@context\":\"https:\/\/schema.org\",\"@graph\":[{\"@type\":\"WebPage\",\"@id\":\"https:\/\/www.esta-officiel-usa.com\/fr\/quels-sont-les-differents-visas-de-transit-pour-les-etats-unis\/\",\"url\":\"https:\/\/www.esta-officiel-usa.com\/fr\/quels-sont-les-differents-visas-de-transit-pour-les-etats-unis\/\",\"name\":\"Quels sont les diff\u00e9rents visas de transit pour les \u00e9tats-unis ?\",\"isPartOf\":{\"@id\":\"https:\/\/www.esta-officiel-usa.com\/fr\/#website\"},\"datePublished\":\"2020-01-30T20:40:13+00:00\",\"dateModified\":\"2020-02-01T12:46:48+00:00\",\"description\":\"Le visa pour un transit aux \u00c9tats-Unis est-il obligatoire ? Nos experts vous expliquent tout cela dans cet article. Bonne lecture et surtout bon voyage !\",\"breadcrumb\":{\"@id\":\"https:\/\/www.esta-officiel-usa.com\/fr\/quels-sont-les-differents-visas-de-transit-pour-les-etats-unis\/#breadcrumb\"},\"inLanguage\":\"fr-FR\",\"potentialAction\":[{\"@type\":\"ReadAction\",\"target\":[\"https:\/\/www.esta-officiel-usa.com\/fr\/quels-sont-les-differents-visas-de-transit-pour-les-etats-unis\/\"]}]},{\"@type\":\"BreadcrumbList\",\"@id\":\"https:\/\/www.esta-officiel-usa.com\/fr\/quels-sont-les-differents-visas-de-transit-pour-les-etats-unis\/#breadcrumb\",\"itemListElement\":[{\"@type\":\"ListItem\",\"position\":1,\"name\":\"Home\",\"item\":\"https:\/\/www.esta-officiel-usa.com\/fr\/\"},{\"@type\":\"ListItem\",\"position\":2,\"name\":\"Quels sont les diff\u00e9rents visas de transit pour les \u00e9tats-unis ?\"}]},{\"@type\":\"WebSite\",\"@id\":\"https:\/\/www.esta-officiel-usa.com\/fr\/#website\",\"url\":\"https:\/\/www.esta-officiel-usa.com\/fr\/\",\"name\":\"ESTA - Etats-Unis\",\"description\":\"Formulaire de demande ESTA\",\"potentialAction\":[{\"@type\":\"SearchAction\",\"target\":{\"@type\":\"EntryPoint\",\"urlTemplate\":\"https:\/\/www.esta-officiel-usa.com\/fr\/?s={search_term_string}\"},\"query-input\":{\"@type\":\"PropertyValueSpecification\",\"valueRequired\":true,\"valueName\":\"search_term_string\"}}],\"inLanguage\":\"fr-FR\"}]}<\/script>\n<!-- \/ Yoast SEO plugin. -->","yoast_head_json":{"title":"Quels sont les diff\u00e9rents visas de transit pour les \u00e9tats-unis ?","description":"Le visa pour un transit aux \u00c9tats-Unis est-il obligatoire ? Nos experts vous expliquent tout cela dans cet article. Bonne lecture et surtout bon voyage !","robots":{"index":"index","follow":"follow","max-snippet":"max-snippet:-1","max-image-preview":"max-image-preview:large","max-video-preview":"max-video-preview:-1"},"canonical":"https:\/\/www.esta-officiel-usa.com\/fr\/quels-sont-les-differents-visas-de-transit-pour-les-etats-unis\/","og_locale":"fr_FR","og_type":"article","og_title":"Quels sont les diff\u00e9rents visas de transit pour les \u00e9tats-unis ?","og_description":"Le visa pour un transit aux \u00c9tats-Unis est-il obligatoire ? Nos experts vous expliquent tout cela dans cet article. Bonne lecture et surtout bon voyage !","og_url":"https:\/\/www.esta-officiel-usa.com\/fr\/quels-sont-les-differents-visas-de-transit-pour-les-etats-unis\/","og_site_name":"ESTA - Etats-Unis","article_modified_time":"2020-02-01T12:46:48+00:00","twitter_card":"summary_large_image","twitter_misc":{"Dur\u00e9e de lecture estim\u00e9e":"5 minutes"},"schema":{"@context":"https:\/\/schema.org","@graph":[{"@type":"WebPage","@id":"https:\/\/www.esta-officiel-usa.com\/fr\/quels-sont-les-differents-visas-de-transit-pour-les-etats-unis\/","url":"https:\/\/www.esta-officiel-usa.com\/fr\/quels-sont-les-differents-visas-de-transit-pour-les-etats-unis\/","name":"Quels sont les diff\u00e9rents visas de transit pour les \u00e9tats-unis ?","isPartOf":{"@id":"https:\/\/www.esta-officiel-usa.com\/fr\/#website"},"datePublished":"2020-01-30T20:40:13+00:00","dateModified":"2020-02-01T12:46:48+00:00","description":"Le visa pour un transit aux \u00c9tats-Unis est-il obligatoire ? Nos experts vous expliquent tout cela dans cet article. Bonne lecture et surtout bon voyage !","breadcrumb":{"@id":"https:\/\/www.esta-officiel-usa.com\/fr\/quels-sont-les-differents-visas-de-transit-pour-les-etats-unis\/#breadcrumb"},"inLanguage":"fr-FR","potentialAction":[{"@type":"ReadAction","target":["https:\/\/www.esta-officiel-usa.com\/fr\/quels-sont-les-differents-visas-de-transit-pour-les-etats-unis\/"]}]},{"@type":"BreadcrumbList","@id":"https:\/\/www.esta-officiel-usa.com\/fr\/quels-sont-les-differents-visas-de-transit-pour-les-etats-unis\/#breadcrumb","itemListElement":[{"@type":"ListItem","position":1,"name":"Home","item":"https:\/\/www.esta-officiel-usa.com\/fr\/"},{"@type":"ListItem","position":2,"name":"Quels sont les diff\u00e9rents visas de transit pour les \u00e9tats-unis ?"}]},{"@type":"WebSite","@id":"https:\/\/www.esta-officiel-usa.com\/fr\/#website","url":"https:\/\/www.esta-officiel-usa.com\/fr\/","name":"ESTA - Etats-Unis","description":"Formulaire de demande ESTA","potentialAction":[{"@type":"SearchAction","target":{"@type":"EntryPoint","urlTemplate":"https:\/\/www.esta-officiel-usa.com\/fr\/?s={search_term_string}"},"query-input":{"@type":"PropertyValueSpecification","valueRequired":true,"valueName":"search_term_string"}}],"inLanguage":"fr-FR"}]}},"_links":{"self":[{"href":"https:\/\/www.esta-officiel-usa.com\/fr\/wp-json\/wp\/v2\/pages\/382","targetHints":{"allow":["GET"]}}],"collection":[{"href":"https:\/\/www.esta-officiel-usa.com\/fr\/wp-json\/wp\/v2\/pages"}],"about":[{"href":"https:\/\/www.esta-officiel-usa.com\/fr\/wp-json\/wp\/v2\/types\/page"}],"author":[{"embeddable":true,"href":"https:\/\/www.esta-officiel-usa.com\/fr\/wp-json\/wp\/v2\/users\/1"}],"replies":[{"embeddable":true,"href":"https:\/\/www.esta-officiel-usa.com\/fr\/wp-json\/wp\/v2\/comments?post=382"}],"version-history":[{"count":3,"href":"https:\/\/www.esta-officiel-usa.com\/fr\/wp-json\/wp\/v2\/pages\/382\/revisions"}],"predecessor-version":[{"id":471,"href":"https:\/\/www.esta-officiel-usa.com\/fr\/wp-json\/wp\/v2\/pages\/382\/revisions\/471"}],"wp:attachment":[{"href":"https:\/\/www.esta-officiel-usa.com\/fr\/wp-json\/wp\/v2\/media?parent=382"}],"curies":[{"name":"wp","href":"https:\/\/api.w.org\/{rel}","templated":true}]}}