{"id":386,"date":"2020-01-31T08:03:02","date_gmt":"2020-01-31T08:03:02","guid":{"rendered":"http:\/\/www.esta-officiel-usa.com\/?page_id=386"},"modified":"2020-02-01T13:05:04","modified_gmt":"2020-02-01T13:05:04","slug":"visa-b1-b2-pour-les-etats-unis","status":"publish","type":"page","link":"https:\/\/www.esta-officiel-usa.com\/fr\/visa-b1-b2-pour-les-etats-unis\/","title":{"rendered":"Visa b1 et visa b2 pour entrer aux \u00e9tats-unis"},"content":{"rendered":"\n<h1 class=\"wp-block-heading\">Tout savoir sur les visa B1 et B2 pour se rendre aux USA<\/h1>\n\n\n\n<p>Il existe un grand nombre de visas am\u00e9ricains, sp\u00e9cifiques \u00e0 chaque  situation. Les visas B1 et B2 sont d\u00e9livr\u00e9s \u00e0 ceux qui veulent r\u00e9aliser  un voyage d\u2019affaires ou un voyage touristique aux USA, comme le propose <a href=\"https:\/\/www.esta-officiel-usa.com\/fr\/\">l\u2019ESTA<\/a>.  L\u2019ESTA est un syst\u00e8me \u00e9lectronique d\u2019autorisation de voyage, et permet  de r\u00e9aliser un voyage touristique, de transit ou d\u2019affaires. Cependant,  il n\u2019est possible de r\u00e9aliser un voyage que de 90 jours maximum,  contrairement aux visas B1 ou B2 qui permettent un s\u00e9jour de 6 mois au  plus sur le territoire am\u00e9ricain.<\/p>\n\n\n\n<p>Quelle est l\u2019utilit\u00e9 du visa B1-B2 ? Comment obtenir un visa B1 ou B2  et quelles sont les conditions d\u2019obtention ? \u00c0 qui s\u2019adresse ce type de  visa ? Toutes les r\u00e9ponses dans cet article.<br> &nbsp;<\/p>\n\n\n\n<h2 class=\"wp-block-heading\">Les visas B1 et B2 : utilit\u00e9<\/h2>\n\n\n\n<p>Si vous souhaitez rester aux USA pour une longue p\u00e9riode, il faudra r\u00e9aliser une <a href=\"https:\/\/www.esta-officiel-usa.com\/fr\/les-conditions-a-respecter-pour-obtenir-le-visa-usa\/\">demande de visa<\/a>, sp\u00e9cifique au but de votre s\u00e9jour. On parle souvent de visa B1-B2 ou  visa B, mais ce sont bien 2 visas distincts, avec 2 objectifs  diff\u00e9rents. Le premier, le visa B1, permet \u00e0 son d\u00e9tenteur de r\u00e9aliser  un voyage d\u2019affaires : on l\u2019appelle le visa affaires B1. Le second, est  un visa pour raisons touristiques : c\u2019est le visa tourisme B2. Que  peut-on faire avec ces 2 visas ?<\/p>\n\n\n\n<h3 class=\"wp-block-heading\">Le visa affaires B1<\/h3>\n\n\n\n<p>Le B1 permet de s\u00e9journer au maximum 6 mois aux USA, et ce pour \nraisons professionnelles. Il est important de mentionner que ces \n\u201craisons professionnelles\u201d n\u2019incluent pas un emploi en tant que tel ! Le\n B1, contrairement au visa H1B, n\u2019est pas un permis de travail : il \npermet uniquement de faire des affaires avec des partenaires commerciaux\n am\u00e9ricains et compagnies am\u00e9ricaines. Le visa B1 a une validit\u00e9 entre 1\n an et 10 ans selon les cas. Il vous permet :<\/p>\n\n\n\n<ul class=\"wp-block-list\"><li>de rencontrer des partenaires am\u00e9ricains ;<\/li><li>de participer \u00e0 des r\u00e9unions avec des associ\u00e9s (si vous travaillez pour une bo\u00eete US) ;<\/li><li>d\u2019assister \u00e0 des s\u00e9minaires et conf\u00e9rences sur le sol am\u00e9ricain ;<\/li><li>de repr\u00e9senter votre entreprise lors de la signature d\u2019un contrat, d\u2019une n\u00e9gociation ou encore dans une commande de biens.<\/li><\/ul>\n\n\n\n<p>Contrairement au permis de travail, vous ne pourrez pas, avec un visa\n B1, percevoir une r\u00e9mun\u00e9ration de la part d\u2019une entreprise am\u00e9ricaine ;\n il n\u2019est donc pas possible d\u2019exercer une activit\u00e9 r\u00e9mun\u00e9r\u00e9e.<\/p>\n\n\n\n<h3 class=\"wp-block-heading\">Le visa tourisme B2<\/h3>\n\n\n\n<p>Le <a href=\"https:\/\/www.esta-officiel-usa.com\/fr\/comment-obtenir-un-visa-usa\/\">visa<\/a> tourisme B2 est d\u00e9livr\u00e9 aux personnes qui souhaitent visiter les USA  pour une dur\u00e9e sup\u00e9rieure \u00e0 90 jours (pour les s\u00e9jours plus courts, il est possible de faire une demande d\u2019autorisation ESTA). Le B2 peut \u00e9galement \u00eatre demand\u00e9 pour des personnes souhaitant se rendre aux USA afin de recevoir des soins m\u00e9dicaux. Avec un B2, on peut :<\/p>\n\n\n\n<ul class=\"wp-block-list\"><li>assister \u00e0 des \u00e9v\u00e9nements culturels, sportifs, artistiques, etc. ;<\/li><li>faire du b\u00e9n\u00e9volat ;<\/li><li>rendre visite \u00e0 sa famille et ses amis aux USA ;<\/li><li>r\u00e9aliser des activit\u00e9s touristiques telles que visiter des mus\u00e9es, \nmonuments, sites historiques, aller dans les parcs nationaux, etc. ;<\/li><li>r\u00e9aliser un roadtrip et du camping ;<\/li><li>b\u00e9n\u00e9ficier de soins m\u00e9dicaux dans un h\u00f4pital am\u00e9ricain.<\/li><\/ul>\n\n\n\n<p>Le visa B2, comme le visa B1, n\u2019autorise pas son d\u00e9tenteur \u00e0 r\u00e9aliser  des activit\u00e9s r\u00e9mun\u00e9r\u00e9es, ou un stage aux USA sur le territoire  am\u00e9ricain.<\/p>\n\n\n\n<h2 class=\"wp-block-heading\">Obtenir les visa B1 ou B2 : d\u00e9marches et conditions d\u2019obtention<\/h2>\n\n\n\n<p>Les visas B1\/B2 sont des autorisations temporaires de s\u00e9journer aux \nUSA. Elles ne permettent en aucun cas de s\u2019installer ou d\u2019immigrer \nd\u00e9finitivement, ni de travailler aux USA.<\/p>\n\n\n\n<p>Pour r\u00e9aliser une demande de visa, vous devez vous rendre \u00e0 \nl\u2019ambassade am\u00e9ricaine ou au consulat am\u00e9ricain de votre pays. Une des \npremi\u00e8res choses \u00e0 faire est de rassembler un maximum de documents \nofficiels afin de montrer que vous avez des attaches dans votre pays et \nque vous ne comptez pas devenir migrant ill\u00e9gal aux USA. Ces documents \npeuvent \u00eatre un acte de mariage, un titre de propri\u00e9t\u00e9, un carnet de \nfamille, votre contrat de travail, etc.<\/p>\n\n\n\n<p>On vous demandera de remplir le formulaire DS-160, qui est une \npremi\u00e8re s\u00e9lection. En effet, les informations fournies sont transmises \naux services consulaires de l\u2019ambassade des USA. Apr\u00e8s l\u2019envoi du \nformulaire, il faut prendre rendez-vous pour un entretien \u00e0 l\u2019ambassade \nam\u00e9ricaine. C\u2019est une \u00e9tape obligatoire qui permet aux autorit\u00e9s \nam\u00e9ricaines de v\u00e9rifier votre identit\u00e9 ainsi que le motif de votre \nvoyage. Le repr\u00e9sentant am\u00e9ricain<\/p>\n\n\n\n<p>d\u00e9cidera de votre \u00e9ligibilit\u00e9 au visa B1 ou B2. Il faudra alors payer le jour m\u00eame les 120 \u20ac pour le visa.<\/p>\n\n\n\n<p>Le visa touristique et le visa d\u2019affaires demandent, comme tout visa  am\u00e9ricain, du temps et de la paperasse. Si finalement vous vous rendez  compte que vous ne comptez pas rester plus de 90 jours aux USA pour du  tourisme ou des affaires, vous pourrez faire <a href=\"https:\/\/www.esta-officiel-usa.com\/fr\/esta-usa-comment-obtenir-ce-document\/\">une demande d\u2019ESTA<\/a> sur le site officiel du gouvernement ou sur un site ind\u00e9pendant \u00e0 la place d\u2019une demande de visa.<\/p>\n","protected":false},"excerpt":{"rendered":"<p>Tout savoir sur les visa B1 et B2 pour se rendre aux USA Il existe un grand nombre de visas am\u00e9ricains, sp\u00e9cifiques \u00e0 chaque situation. Les visas B1 et B2 sont d\u00e9livr\u00e9s \u00e0 ceux qui veulent r\u00e9aliser un voyage d\u2019affaires ou un voyage touristique aux USA, comme le propose l\u2019ESTA. L\u2019ESTA est un syst\u00e8me \u00e9lectronique [&hellip;]<\/p>\n","protected":false},"author":1,"featured_media":0,"parent":0,"menu_order":0,"comment_status":"closed","ping_status":"closed","template":"","meta":{"footnotes":""},"class_list":["post-386","page","type-page","status-publish","hentry"],"yoast_head":"<!-- This site is optimized with the Yoast SEO plugin v26.2 - https:\/\/yoast.com\/wordpress\/plugins\/seo\/ -->\n<title>Visa b1 et visa b2 pour entrer aux \u00e9tats-unis<\/title>\n<meta name=\"description\" content=\"Pour faire un voyage touristique ou d&#039;affaires aux USA de plus de 90 jours, il faut une demande de visa B1 ou B2. Plus d&#039;infos dans l&#039;article.\" \/>\n<meta name=\"robots\" content=\"index, follow, max-snippet:-1, max-image-preview:large, max-video-preview:-1\" \/>\n<link rel=\"canonical\" href=\"https:\/\/www.esta-officiel-usa.com\/fr\/visa-b1-b2-pour-les-etats-unis\/\" \/>\n<meta property=\"og:locale\" content=\"fr_FR\" \/>\n<meta property=\"og:type\" content=\"article\" \/>\n<meta property=\"og:title\" content=\"Visa b1 et visa b2 pour entrer aux \u00e9tats-unis\" \/>\n<meta property=\"og:description\" content=\"Pour faire un voyage touristique ou d&#039;affaires aux USA de plus de 90 jours, il faut une demande de visa B1 ou B2. Plus d&#039;infos dans l&#039;article.\" \/>\n<meta property=\"og:url\" content=\"https:\/\/www.esta-officiel-usa.com\/fr\/visa-b1-b2-pour-les-etats-unis\/\" \/>\n<meta property=\"og:site_name\" content=\"ESTA - Etats-Unis\" \/>\n<meta property=\"article:modified_time\" content=\"2020-02-01T13:05:04+00:00\" \/>\n<meta name=\"twitter:card\" content=\"summary_large_image\" \/>\n<meta name=\"twitter:label1\" content=\"Dur\u00e9e de lecture estim\u00e9e\" \/>\n\t<meta name=\"twitter:data1\" content=\"4 minutes\" \/>\n<script type=\"application\/ld+json\" class=\"yoast-schema-graph\">{\"@context\":\"https:\/\/schema.org\",\"@graph\":[{\"@type\":\"WebPage\",\"@id\":\"https:\/\/www.esta-officiel-usa.com\/fr\/visa-b1-b2-pour-les-etats-unis\/\",\"url\":\"https:\/\/www.esta-officiel-usa.com\/fr\/visa-b1-b2-pour-les-etats-unis\/\",\"name\":\"Visa b1 et visa b2 pour entrer aux \u00e9tats-unis\",\"isPartOf\":{\"@id\":\"https:\/\/www.esta-officiel-usa.com\/fr\/#website\"},\"datePublished\":\"2020-01-31T08:03:02+00:00\",\"dateModified\":\"2020-02-01T13:05:04+00:00\",\"description\":\"Pour faire un voyage touristique ou d'affaires aux USA de plus de 90 jours, il faut une demande de visa B1 ou B2. Plus d'infos dans l'article.\",\"breadcrumb\":{\"@id\":\"https:\/\/www.esta-officiel-usa.com\/fr\/visa-b1-b2-pour-les-etats-unis\/#breadcrumb\"},\"inLanguage\":\"fr-FR\",\"potentialAction\":[{\"@type\":\"ReadAction\",\"target\":[\"https:\/\/www.esta-officiel-usa.com\/fr\/visa-b1-b2-pour-les-etats-unis\/\"]}]},{\"@type\":\"BreadcrumbList\",\"@id\":\"https:\/\/www.esta-officiel-usa.com\/fr\/visa-b1-b2-pour-les-etats-unis\/#breadcrumb\",\"itemListElement\":[{\"@type\":\"ListItem\",\"position\":1,\"name\":\"Home\",\"item\":\"https:\/\/www.esta-officiel-usa.com\/fr\/\"},{\"@type\":\"ListItem\",\"position\":2,\"name\":\"Visa b1 et visa b2 pour entrer aux \u00e9tats-unis\"}]},{\"@type\":\"WebSite\",\"@id\":\"https:\/\/www.esta-officiel-usa.com\/fr\/#website\",\"url\":\"https:\/\/www.esta-officiel-usa.com\/fr\/\",\"name\":\"ESTA - Etats-Unis\",\"description\":\"Formulaire de demande ESTA\",\"potentialAction\":[{\"@type\":\"SearchAction\",\"target\":{\"@type\":\"EntryPoint\",\"urlTemplate\":\"https:\/\/www.esta-officiel-usa.com\/fr\/?s={search_term_string}\"},\"query-input\":{\"@type\":\"PropertyValueSpecification\",\"valueRequired\":true,\"valueName\":\"search_term_string\"}}],\"inLanguage\":\"fr-FR\"}]}<\/script>\n<!-- \/ Yoast SEO plugin. -->","yoast_head_json":{"title":"Visa b1 et visa b2 pour entrer aux \u00e9tats-unis","description":"Pour faire un voyage touristique ou d'affaires aux USA de plus de 90 jours, il faut une demande de visa B1 ou B2. Plus d'infos dans l'article.","robots":{"index":"index","follow":"follow","max-snippet":"max-snippet:-1","max-image-preview":"max-image-preview:large","max-video-preview":"max-video-preview:-1"},"canonical":"https:\/\/www.esta-officiel-usa.com\/fr\/visa-b1-b2-pour-les-etats-unis\/","og_locale":"fr_FR","og_type":"article","og_title":"Visa b1 et visa b2 pour entrer aux \u00e9tats-unis","og_description":"Pour faire un voyage touristique ou d'affaires aux USA de plus de 90 jours, il faut une demande de visa B1 ou B2. Plus d'infos dans l'article.","og_url":"https:\/\/www.esta-officiel-usa.com\/fr\/visa-b1-b2-pour-les-etats-unis\/","og_site_name":"ESTA - Etats-Unis","article_modified_time":"2020-02-01T13:05:04+00:00","twitter_card":"summary_large_image","twitter_misc":{"Dur\u00e9e de lecture estim\u00e9e":"4 minutes"},"schema":{"@context":"https:\/\/schema.org","@graph":[{"@type":"WebPage","@id":"https:\/\/www.esta-officiel-usa.com\/fr\/visa-b1-b2-pour-les-etats-unis\/","url":"https:\/\/www.esta-officiel-usa.com\/fr\/visa-b1-b2-pour-les-etats-unis\/","name":"Visa b1 et visa b2 pour entrer aux \u00e9tats-unis","isPartOf":{"@id":"https:\/\/www.esta-officiel-usa.com\/fr\/#website"},"datePublished":"2020-01-31T08:03:02+00:00","dateModified":"2020-02-01T13:05:04+00:00","description":"Pour faire un voyage touristique ou d'affaires aux USA de plus de 90 jours, il faut une demande de visa B1 ou B2. Plus d'infos dans l'article.","breadcrumb":{"@id":"https:\/\/www.esta-officiel-usa.com\/fr\/visa-b1-b2-pour-les-etats-unis\/#breadcrumb"},"inLanguage":"fr-FR","potentialAction":[{"@type":"ReadAction","target":["https:\/\/www.esta-officiel-usa.com\/fr\/visa-b1-b2-pour-les-etats-unis\/"]}]},{"@type":"BreadcrumbList","@id":"https:\/\/www.esta-officiel-usa.com\/fr\/visa-b1-b2-pour-les-etats-unis\/#breadcrumb","itemListElement":[{"@type":"ListItem","position":1,"name":"Home","item":"https:\/\/www.esta-officiel-usa.com\/fr\/"},{"@type":"ListItem","position":2,"name":"Visa b1 et visa b2 pour entrer aux \u00e9tats-unis"}]},{"@type":"WebSite","@id":"https:\/\/www.esta-officiel-usa.com\/fr\/#website","url":"https:\/\/www.esta-officiel-usa.com\/fr\/","name":"ESTA - Etats-Unis","description":"Formulaire de demande ESTA","potentialAction":[{"@type":"SearchAction","target":{"@type":"EntryPoint","urlTemplate":"https:\/\/www.esta-officiel-usa.com\/fr\/?s={search_term_string}"},"query-input":{"@type":"PropertyValueSpecification","valueRequired":true,"valueName":"search_term_string"}}],"inLanguage":"fr-FR"}]}},"_links":{"self":[{"href":"https:\/\/www.esta-officiel-usa.com\/fr\/wp-json\/wp\/v2\/pages\/386","targetHints":{"allow":["GET"]}}],"collection":[{"href":"https:\/\/www.esta-officiel-usa.com\/fr\/wp-json\/wp\/v2\/pages"}],"about":[{"href":"https:\/\/www.esta-officiel-usa.com\/fr\/wp-json\/wp\/v2\/types\/page"}],"author":[{"embeddable":true,"href":"https:\/\/www.esta-officiel-usa.com\/fr\/wp-json\/wp\/v2\/users\/1"}],"replies":[{"embeddable":true,"href":"https:\/\/www.esta-officiel-usa.com\/fr\/wp-json\/wp\/v2\/comments?post=386"}],"version-history":[{"count":2,"href":"https:\/\/www.esta-officiel-usa.com\/fr\/wp-json\/wp\/v2\/pages\/386\/revisions"}],"predecessor-version":[{"id":479,"href":"https:\/\/www.esta-officiel-usa.com\/fr\/wp-json\/wp\/v2\/pages\/386\/revisions\/479"}],"wp:attachment":[{"href":"https:\/\/www.esta-officiel-usa.com\/fr\/wp-json\/wp\/v2\/media?parent=386"}],"curies":[{"name":"wp","href":"https:\/\/api.w.org\/{rel}","templated":true}]}}