{"id":40,"date":"2020-01-20T08:00:18","date_gmt":"2020-01-20T08:00:18","guid":{"rendered":"http:\/\/esta-officiel-usa.com\/?page_id=40"},"modified":"2020-02-13T19:44:49","modified_gmt":"2020-02-13T19:44:49","slug":"le-formulaire-esta-pour-les-usa-a-completer","status":"publish","type":"page","link":"https:\/\/www.esta-officiel-usa.com\/fr\/le-formulaire-esta-pour-les-usa-a-completer\/","title":{"rendered":"Le formulaire ESTA \u00e0 compl\u00e9ter pour les Etats-Unis"},"content":{"rendered":"\n<h1 class=\"wp-block-heading\">REMPLIR LE FORMULAIRE ESTA POUR LES USA<\/h1>\n\n\n\n<p>Pr\u00eat \u00e0&nbsp;<a href=\"https:\/\/www.esta-officiel-usa.com\/fr\/les-demarches-pour-visiter-les-etats-unis\/\">visiter les \u00c9tats-Unis<\/a>&nbsp;? Avant votre d\u00e9part, pensez \u00e0 vous munir de votre autorisation de s\u00e9jour. Notre \u00e9quipe vous accompagne dans la d\u00e9marche d\u2019obtention de l\u2019ESTA.<\/p>\n\n\n\n<h2 class=\"wp-block-heading\">QUAND REMPLIR LE FORMULAIRE ESTA<\/h2>\n\n\n\n<p>Le formulaire&nbsp;<a href=\"https:\/\/www.esta-officiel-usa.com\/fr\/\">ESTA<\/a>&nbsp;s\u2019adresse aux ressortissants des pays membres du&nbsp;<a href=\"https:\/\/www.esta-officiel-usa.com\/fr\/les-38-pays-partenaires-du-visa-waiver-program\/\">Visa Waiver Program<\/a>.<\/p>\n\n\n\n<p>Il a \u00e9t\u00e9 cr\u00e9e dans le but de permettre aux citoyens non am\u00e9ricains de se rendr&nbsp;aux&nbsp;<a href=\"https:\/\/www.esta-officiel-usa.com\/fr\/les-formalites-dentree-aux-etats-unis\/\">\u00c9tats-Unis<\/a>, sans avoir avoir \u00e0 se lancer dans une d\u00e9marche longue et on\u00e9reuse comme c\u2019est le cas pour obtenir la&nbsp;<a href=\"https:\/\/www.esta-officiel-usa.com\/fr\/quest-ce-que-la-green-card\/\">green card<\/a>&nbsp;ou le&nbsp;<a href=\"https:\/\/www.esta-officiel-usa.com\/fr\/difference-entre-esta-et-demande-de-visa-usa\/\">visa USA<\/a>.<\/p>\n\n\n\n<p>Remplir le formulaire ESTA offre \u00e9galement l\u2019avantage de pouvoir effectuer de multiples s\u00e9jours aux \u00c9tats-Unis durant les deux ans de validit\u00e9 de l&rsquo;autorisation et d\u2019\u00eatre en mesure de renouveler l\u2019autorisation apr\u00e8s expiration.<\/p>\n\n\n\n<p>Pour \u00eatre valable, la demande doit \u00eatre effectu\u00e9e au plus tard 72 h avant le d\u00e9part ; une demande pouvant en effet \u00eatre mise en&nbsp;<a href=\"https:\/\/www.esta-officiel-usa.com\/fr\/lesta-en-instance-dautorisation\/\">instance<\/a>. Pass\u00e9 ce d\u00e9lai, vous encourez le risque de ne pas recevoir votre document dans les temps et donc de devoir modifier votre s\u00e9jour.<\/p>\n\n\n\n<p>N\u2019attendez plus et remplissez votre<a href=\"https:\/\/www.esta-officiel-usa.com\/fr\/obtenir-le-formulaire-esta-en-ligne\/\">\u00a0formulaire ESTA en ligne<\/a>.<\/p>\n\n\n\n<h2 class=\"wp-block-heading\">COMMENT REMPLIR UN FORMULAIRE ESTA ?<\/h2>\n\n\n\n<p>En allant sur le site officiel sur Internet vous acc\u00e9dez \u00e0 un formulaire ESTA USA \u00e0 remplir. Traduit en fran\u00e7ais, plusieurs champs sont \u00e0 compl\u00e9ter :<\/p>\n\n\n\n<ul class=\"wp-block-list\"><li>la premi\u00e8re partie porte sur l\u2019identit\u00e9 du voyageur ;<\/li><li>la seconde partie concerne votre s\u00e9jour ainsi que les donn\u00e9es relatives \u00e0 votre passeport ;<\/li><li>la troisi\u00e8me partie comprend des questions auxquelles il faut r\u00e9pondre par oui ou non sur les th\u00e8mes suivants : votre sant\u00e9, votre rapport \u00e0 la loi et vos voyages pass\u00e9s.<\/li><\/ul>\n\n\n\n<p>Une fois le questionnaire rempli, vous devez cocher une derni\u00e8re case attestant que vous avez compris le formulaire et que vous d&rsquo;accord avec les conditions d\u2019obtention de l\u2019autorisation.<\/p>\n\n\n\n<p>Vous recevez votre document, directement dans votre bo\u00eete mail, le jour m\u00eame ou au plus tard dans les 72 h.<\/p>\n\n\n\n<p>Des questions ? N\u2019h\u00e9sitez pas \u00e0 consulter nos rubriques\u00a0<a href=\"https:\/\/www.esta-officiel-usa.com\/fr\/help\/\">aide<\/a> et <a href=\"https:\/\/www.esta-officiel-usa.com\/fr\/faq\/\">FAQ<\/a>. Notre service assistance se tient \u00e9galement \u00e0 votre enti\u00e8re disposition,\u00a0et vous r\u00e9pond dans les plus brefs d\u00e9lais.<\/p>\n","protected":false},"excerpt":{"rendered":"<p>REMPLIR LE FORMULAIRE ESTA POUR LES USA Pr\u00eat \u00e0&nbsp;visiter les \u00c9tats-Unis&nbsp;? Avant votre d\u00e9part, pensez \u00e0 vous munir de votre autorisation de s\u00e9jour. Notre \u00e9quipe vous accompagne dans la d\u00e9marche d\u2019obtention de l\u2019ESTA. QUAND REMPLIR LE FORMULAIRE ESTA Le formulaire&nbsp;ESTA&nbsp;s\u2019adresse aux ressortissants des pays membres du&nbsp;Visa Waiver Program. Il a \u00e9t\u00e9 cr\u00e9e dans le but [&hellip;]<\/p>\n","protected":false},"author":1,"featured_media":0,"parent":0,"menu_order":0,"comment_status":"closed","ping_status":"closed","template":"","meta":{"footnotes":""},"class_list":["post-40","page","type-page","status-publish","hentry"],"yoast_head":"<!-- This site is optimized with the Yoast SEO plugin v26.2 - https:\/\/yoast.com\/wordpress\/plugins\/seo\/ -->\n<title>Le formulaire ESTA \u00e0 compl\u00e9ter pour les Etats-Unis<\/title>\n<meta name=\"description\" content=\"Avant votre d\u00e9part vous devez penser \u00e0 vous munir de votre autorisation de s\u00e9jour, d\u00e9couvrez sur notre page tous nos conseils pour faire votre ESTA.\" \/>\n<meta name=\"robots\" content=\"index, follow, max-snippet:-1, max-image-preview:large, max-video-preview:-1\" \/>\n<link rel=\"canonical\" href=\"https:\/\/www.esta-officiel-usa.com\/fr\/le-formulaire-esta-pour-les-usa-a-completer\/\" \/>\n<meta property=\"og:locale\" content=\"fr_FR\" \/>\n<meta property=\"og:type\" content=\"article\" \/>\n<meta property=\"og:title\" content=\"Le formulaire ESTA \u00e0 compl\u00e9ter pour les Etats-Unis\" \/>\n<meta property=\"og:description\" content=\"Avant votre d\u00e9part vous devez penser \u00e0 vous munir de votre autorisation de s\u00e9jour, d\u00e9couvrez sur notre page tous nos conseils pour faire votre ESTA.\" \/>\n<meta property=\"og:url\" content=\"https:\/\/www.esta-officiel-usa.com\/fr\/le-formulaire-esta-pour-les-usa-a-completer\/\" \/>\n<meta property=\"og:site_name\" content=\"ESTA - Etats-Unis\" \/>\n<meta property=\"article:modified_time\" content=\"2020-02-13T19:44:49+00:00\" \/>\n<meta name=\"twitter:card\" content=\"summary_large_image\" \/>\n<meta name=\"twitter:label1\" content=\"Dur\u00e9e de lecture estim\u00e9e\" \/>\n\t<meta name=\"twitter:data1\" content=\"2 minutes\" \/>\n<script type=\"application\/ld+json\" class=\"yoast-schema-graph\">{\"@context\":\"https:\/\/schema.org\",\"@graph\":[{\"@type\":\"WebPage\",\"@id\":\"https:\/\/www.esta-officiel-usa.com\/fr\/le-formulaire-esta-pour-les-usa-a-completer\/\",\"url\":\"https:\/\/www.esta-officiel-usa.com\/fr\/le-formulaire-esta-pour-les-usa-a-completer\/\",\"name\":\"Le formulaire ESTA \u00e0 compl\u00e9ter pour les Etats-Unis\",\"isPartOf\":{\"@id\":\"https:\/\/www.esta-officiel-usa.com\/fr\/#website\"},\"datePublished\":\"2020-01-20T08:00:18+00:00\",\"dateModified\":\"2020-02-13T19:44:49+00:00\",\"description\":\"Avant votre d\u00e9part vous devez penser \u00e0 vous munir de votre autorisation de s\u00e9jour, d\u00e9couvrez sur notre page tous nos conseils pour faire votre ESTA.\",\"breadcrumb\":{\"@id\":\"https:\/\/www.esta-officiel-usa.com\/fr\/le-formulaire-esta-pour-les-usa-a-completer\/#breadcrumb\"},\"inLanguage\":\"fr-FR\",\"potentialAction\":[{\"@type\":\"ReadAction\",\"target\":[\"https:\/\/www.esta-officiel-usa.com\/fr\/le-formulaire-esta-pour-les-usa-a-completer\/\"]}]},{\"@type\":\"BreadcrumbList\",\"@id\":\"https:\/\/www.esta-officiel-usa.com\/fr\/le-formulaire-esta-pour-les-usa-a-completer\/#breadcrumb\",\"itemListElement\":[{\"@type\":\"ListItem\",\"position\":1,\"name\":\"Home\",\"item\":\"https:\/\/www.esta-officiel-usa.com\/fr\/\"},{\"@type\":\"ListItem\",\"position\":2,\"name\":\"Le formulaire ESTA \u00e0 compl\u00e9ter pour les Etats-Unis\"}]},{\"@type\":\"WebSite\",\"@id\":\"https:\/\/www.esta-officiel-usa.com\/fr\/#website\",\"url\":\"https:\/\/www.esta-officiel-usa.com\/fr\/\",\"name\":\"ESTA - Etats-Unis\",\"description\":\"Formulaire de demande ESTA\",\"potentialAction\":[{\"@type\":\"SearchAction\",\"target\":{\"@type\":\"EntryPoint\",\"urlTemplate\":\"https:\/\/www.esta-officiel-usa.com\/fr\/?s={search_term_string}\"},\"query-input\":{\"@type\":\"PropertyValueSpecification\",\"valueRequired\":true,\"valueName\":\"search_term_string\"}}],\"inLanguage\":\"fr-FR\"}]}<\/script>\n<!-- \/ Yoast SEO plugin. -->","yoast_head_json":{"title":"Le formulaire ESTA \u00e0 compl\u00e9ter pour les Etats-Unis","description":"Avant votre d\u00e9part vous devez penser \u00e0 vous munir de votre autorisation de s\u00e9jour, d\u00e9couvrez sur notre page tous nos conseils pour faire votre ESTA.","robots":{"index":"index","follow":"follow","max-snippet":"max-snippet:-1","max-image-preview":"max-image-preview:large","max-video-preview":"max-video-preview:-1"},"canonical":"https:\/\/www.esta-officiel-usa.com\/fr\/le-formulaire-esta-pour-les-usa-a-completer\/","og_locale":"fr_FR","og_type":"article","og_title":"Le formulaire ESTA \u00e0 compl\u00e9ter pour les Etats-Unis","og_description":"Avant votre d\u00e9part vous devez penser \u00e0 vous munir de votre autorisation de s\u00e9jour, d\u00e9couvrez sur notre page tous nos conseils pour faire votre ESTA.","og_url":"https:\/\/www.esta-officiel-usa.com\/fr\/le-formulaire-esta-pour-les-usa-a-completer\/","og_site_name":"ESTA - Etats-Unis","article_modified_time":"2020-02-13T19:44:49+00:00","twitter_card":"summary_large_image","twitter_misc":{"Dur\u00e9e de lecture estim\u00e9e":"2 minutes"},"schema":{"@context":"https:\/\/schema.org","@graph":[{"@type":"WebPage","@id":"https:\/\/www.esta-officiel-usa.com\/fr\/le-formulaire-esta-pour-les-usa-a-completer\/","url":"https:\/\/www.esta-officiel-usa.com\/fr\/le-formulaire-esta-pour-les-usa-a-completer\/","name":"Le formulaire ESTA \u00e0 compl\u00e9ter pour les Etats-Unis","isPartOf":{"@id":"https:\/\/www.esta-officiel-usa.com\/fr\/#website"},"datePublished":"2020-01-20T08:00:18+00:00","dateModified":"2020-02-13T19:44:49+00:00","description":"Avant votre d\u00e9part vous devez penser \u00e0 vous munir de votre autorisation de s\u00e9jour, d\u00e9couvrez sur notre page tous nos conseils pour faire votre ESTA.","breadcrumb":{"@id":"https:\/\/www.esta-officiel-usa.com\/fr\/le-formulaire-esta-pour-les-usa-a-completer\/#breadcrumb"},"inLanguage":"fr-FR","potentialAction":[{"@type":"ReadAction","target":["https:\/\/www.esta-officiel-usa.com\/fr\/le-formulaire-esta-pour-les-usa-a-completer\/"]}]},{"@type":"BreadcrumbList","@id":"https:\/\/www.esta-officiel-usa.com\/fr\/le-formulaire-esta-pour-les-usa-a-completer\/#breadcrumb","itemListElement":[{"@type":"ListItem","position":1,"name":"Home","item":"https:\/\/www.esta-officiel-usa.com\/fr\/"},{"@type":"ListItem","position":2,"name":"Le formulaire ESTA \u00e0 compl\u00e9ter pour les Etats-Unis"}]},{"@type":"WebSite","@id":"https:\/\/www.esta-officiel-usa.com\/fr\/#website","url":"https:\/\/www.esta-officiel-usa.com\/fr\/","name":"ESTA - Etats-Unis","description":"Formulaire de demande ESTA","potentialAction":[{"@type":"SearchAction","target":{"@type":"EntryPoint","urlTemplate":"https:\/\/www.esta-officiel-usa.com\/fr\/?s={search_term_string}"},"query-input":{"@type":"PropertyValueSpecification","valueRequired":true,"valueName":"search_term_string"}}],"inLanguage":"fr-FR"}]}},"_links":{"self":[{"href":"https:\/\/www.esta-officiel-usa.com\/fr\/wp-json\/wp\/v2\/pages\/40","targetHints":{"allow":["GET"]}}],"collection":[{"href":"https:\/\/www.esta-officiel-usa.com\/fr\/wp-json\/wp\/v2\/pages"}],"about":[{"href":"https:\/\/www.esta-officiel-usa.com\/fr\/wp-json\/wp\/v2\/types\/page"}],"author":[{"embeddable":true,"href":"https:\/\/www.esta-officiel-usa.com\/fr\/wp-json\/wp\/v2\/users\/1"}],"replies":[{"embeddable":true,"href":"https:\/\/www.esta-officiel-usa.com\/fr\/wp-json\/wp\/v2\/comments?post=40"}],"version-history":[{"count":3,"href":"https:\/\/www.esta-officiel-usa.com\/fr\/wp-json\/wp\/v2\/pages\/40\/revisions"}],"predecessor-version":[{"id":556,"href":"https:\/\/www.esta-officiel-usa.com\/fr\/wp-json\/wp\/v2\/pages\/40\/revisions\/556"}],"wp:attachment":[{"href":"https:\/\/www.esta-officiel-usa.com\/fr\/wp-json\/wp\/v2\/media?parent=40"}],"curies":[{"name":"wp","href":"https:\/\/api.w.org\/{rel}","templated":true}]}}