{"id":406,"date":"2020-01-31T08:29:21","date_gmt":"2020-01-31T08:29:21","guid":{"rendered":"http:\/\/www.esta-officiel-usa.com\/?page_id=406"},"modified":"2020-02-01T17:18:44","modified_gmt":"2020-02-01T17:18:44","slug":"lessentiel-que-vous-devez-connaitre-sur-le-visa-j1-pour-les-usa","status":"publish","type":"page","link":"https:\/\/www.esta-officiel-usa.com\/fr\/lessentiel-que-vous-devez-connaitre-sur-le-visa-j1-pour-les-usa\/","title":{"rendered":"L&rsquo;essentiel \u00e0 savoir sur le visa J"},"content":{"rendered":"\n<h1 class=\"wp-block-heading\">Le visa J1 pour un \u00e9change aux \u00c9tats-Unis<\/h1>\n\n\n\n<p>D\u00e9livr\u00e9 par les autorit\u00e9s am\u00e9ricaines pour un certain type de  voyageurs, le visa J1 correspond \u00e0 une carte de s\u00e9jour temporaire aux  USA. \u00c0 qui est-il destin\u00e9 ? Comment faire la demande de visa ? Combien  cela co\u00fbte-t-il ? Voil\u00e0 suffisamment de questions \u00e0 creuser pour r\u00e9diger  un article d\u00e9di\u00e9 ! Nos experts des formalit\u00e9s administratives vous  donnent toutes les informations essentielles pour savoir si le J1 vous  concerne. Dans ce cas, vous n\u2019aurez plus qu\u2019\u00e0 suivre nos directives afin  de partir en toute s\u00e9r\u00e9nit\u00e9 chez l\u2019Oncle Sam, et profiter de votre  expatriation. Si ce n\u2019est pas le cas, vous devez rechercher un autre  titre tel qu\u2019un <a href=\"https:\/\/www.esta-officiel-usa.com\/fr\/\">ESTA<\/a>.<\/p>\n\n\n\n<h2 class=\"wp-block-heading\">Qui a besoin d\u2019un visa J1 pour se rendre aux USA ?<\/h2>\n\n\n\n<p>Il n\u2019est vraiment pas \u00e9vident de s\u2019y retrouver parmi les multiples visas am\u00e9ricains. Plus pr\u00e9cis\u00e9ment, nous parlons des visas non-immigrants, c\u2019est-\u00e0-dire distribu\u00e9s \u00e0 des personnes qui ne se rendent sur le territoire que pour une dur\u00e9e limit\u00e9e et relativement courte. En principe, chaque motif de s\u00e9jour correspond \u00e0 un visa particulier, mais les choses ne sont pas aussi simples. Dans les faits, un visa peut servir plusieurs objectifs, et un m\u00eame dessein peut se retrouver dans plusieurs visas. On peut facilement h\u00e9siter entre deux documents. Voil\u00e0 pourquoi se renseigner attentivement au pr\u00e9alable est primordial.<\/p>\n\n\n\n<p>Le <a href=\"https:\/\/www.esta-officiel-usa.com\/fr\/connaissez-vous-les-differences-entre-les-visas-j1-et-f1\/\">visa J1<\/a> a pour vis\u00e9e de d\u00e9velopper les \u00e9changes culturels et \u00e9ducatifs entre  les \u00c9tats-Unis et les pays tiers. Pour cela, le gouvernement d\u00e9signe des  organismes ayant le droit d\u2019accueillir les ressortissants \u00e9trangers, dans le cadre de programmes vari\u00e9s. Exemple typique : une entreprise  accr\u00e9dit\u00e9e qui re\u00e7oit un stagiaire. Cela dit, l\u2019\u00e9ventail de possibilit\u00e9s  est bien plus large, entre autres :<\/p>\n\n\n\n<ul class=\"wp-block-list\"><li>travail au pair dans une famille h\u00f4te ;<\/li><li>suivre des \u00e9tudes correspondant aux niveaux coll\u00e8ge et lyc\u00e9e en France ;<\/li><li>enseigner des cours \u00e0 l\u2019\u00e9cole (avant le cycle universitaire) ;<\/li><li>occuper un job d\u2019\u00e9t\u00e9.<\/li><\/ul>\n\n\n\n<p>Comme vous le voyez, le visa J1 ne se limite ni \u00e0 un seul profil de \nvoyageurs, ni \u00e0 une seule dur\u00e9e ou une seule situation de s\u00e9jour. Seul \npoint commun : l\u2019aspect de travail ou d\u2019\u00e9tudes.<\/p>\n\n\n\n<p>Il est n\u00e9cessaire de trouver un sponsor pour obtenir ce s\u00e9same, qui \npeut autant \u00eatre public (\u00e9cole par exemple) que priv\u00e9 (entreprise). Le \nsponsor se charge d\u2019accepter ou non la candidature, en fonction des \ndiverses conditions \u00e0 remplir, apr\u00e8s votre d\u00e9p\u00f4t de dossier.<\/p>\n\n\n\n<p>Vous recherchez un permis de s\u00e9jour pour du tourisme, un semestre  d\u2019\u00e9tudes sup\u00e9rieures ou cr\u00e9er votre entreprise outre-Atlantique ? Oubliez l\u2019autorisation J1, il n\u2019est pas fait pour vous (renseignez-vous par exemple sur les <a href=\"https:\/\/www.esta-officiel-usa.com\/fr\/difference-entre-esta-et-demande-de-visa-usa\/\">diff\u00e9rences entre ESTA et visa<\/a>) ! En revanche, si c\u2019est bien le certificat qu\u2019il vous faut,  reportez-vous ci-dessous \u00e0 la proc\u00e9dure de commande, qui n\u00e9cessite du  temps et de l\u2019argent.<br> &nbsp;<\/p>\n\n\n\n<h2 class=\"wp-block-heading\">Accomplissez votre demande d\u2019autorisation J1<\/h2>\n\n\n\n<p>Pour d\u00e9crocher ce titre de voyage et r\u00e9aliser votre r\u00eave de d\u00e9couvrir les States tout en participant \u00e0 un programme culturellement et  professionnellement enrichissant, suivez le guide. Nous vous conseillons  bien s\u00fbr de prendre beaucoup d\u2019avance au regard de la date pr\u00e9vue du  d\u00e9part ;<a href=\"https:\/\/www.esta-officiel-usa.com\/fr\/la-liste-des-visas-pour-les-usa\/\"> tout processus de visa<\/a> requiert du temps.<\/p>\n\n\n\n<h3 class=\"wp-block-heading\">1\u00e8re \u00e9tape : v\u00e9rifiez votre \u00e9ligibilit\u00e9<\/h3>\n\n\n\n<p>Avant de vous lancer dans les \u00e9tapes de demande, mieux vaut vous \nassurer que l\u2019autorisation J1 et le programme d\u2019\u00e9change vous concernent \nbien. Au-del\u00e0 du simple motif de s\u00e9jour \u00e0 respecter, sachez que \ncertaines conditions doivent \u00eatre valid\u00e9es : votre situation financi\u00e8re \np\u00e8se aussi dans la balance, puisqu\u2019en plus des co\u00fbts de proc\u00e9dure, vous \ndevez souscrire une assurance vous offrant une couverture minimale pas \ntoujours donn\u00e9e ; ceci sera v\u00e9rifi\u00e9 par le sponsor. En outre, votre \nniveau d\u2019anglais peut influencer votre \u00e9ligibilit\u00e9 : l\u2019acc\u00e8s \u00e0 un \nprogramme et donc au territoire des \u00c9tats-Unis est refus\u00e9 en cas de \ncomp\u00e9tences linguistiques trop faibles.<\/p>\n\n\n\n<h3 class=\"wp-block-heading\">2\u00e8me \u00e9tape : le programme et le sponsor<\/h3>\n\n\n\n<p>Voil\u00e0 sans doute l\u2019\u00e9tape la plus d\u00e9cisive de l\u2019obtention du visa J1 :  trouver et faire valider votre candidature par un sponsor am\u00e9ricain,  apr\u00e8s avoir d\u00e9fini le programme d\u2019\u00e9change id\u00e9al. Rendez-vous sur le site du gouvernement am\u00e9ricain pour trouver la liste des organismes asserment\u00e9s. Une fois votre demande transmise, c\u2019est au sponsor d\u2019\u00e9tudier votre profil et de vous accepter ou non. Pour cela, il sera notamment n\u00e9cessaire de payer les frais exig\u00e9s par l\u2019organisme. N\u2019h\u00e9sitez pas \u00e0 comparer les tarifs avant de vous engager.<\/p>\n\n\n\n<h3 class=\"wp-block-heading\">3\u00e8me \u00e9tape : le dossier et les frais<\/h3>\n\n\n\n<p>Votre sponsor est d\u2019accord pour vous accueillir et vous accompagner tout au long de votre voyage ? C\u2019est une excellente nouvelle, mais ne faites pas encore vos valises, vous n\u2019avez pas votre autorisation J1 en poche ! Votre interlocuteur va vous d\u00e9livrer un formulaire \u00e0 compl\u00e9ter, le DS-2019. Payez ensuite de nouveaux frais, ceux de la participation au  programme cette fois.<\/p>\n\n\n\n<p>Prochaine \u00e9tape : direction le site du d\u00e9partement d\u2019\u00c9tat des USA. Il\n faut alors remplir le formulaire DS-160 qui concerne toute requ\u00eate de \nvisa : J1 mais aussi L1, E1, etc. Ici encore, vous devez vous acquitter \nde frais de dossier : 160 $.<\/p>\n\n\n\n<h3 class=\"wp-block-heading\">4\u00e8me \u00e9tape : le rendez-vous \u00e0 l\u2019ambassade<\/h3>\n\n\n\n<p>Votre visa J1 est \u00e0 port\u00e9e de main ! Reste \u00e0 parachever la d\u00e9marche en beaut\u00e9 : rencontrez un repr\u00e9sentant am\u00e9ricain \u00e0 l\u2019ambassade de votre  pays. Si vous lisez cet article, il est fort probable que vous soyez fran\u00e7ais. Contactez alors cet \u00e9tablissement afin de planifier un  rendez-vous \u00e0 Paris. Lors de ce face-\u00e0-face, apportez votre formulaire DS-2019 original, la copie de la page de confirmation du formulaire DS-160 (\u00e0 compl\u00e9ter et envoyer en ligne), votre passeport, une photo et  les re\u00e7us de paiement.<\/p>\n\n\n\n<p>Le but de l\u2019entretien ? V\u00e9rifier que votre dossier est en r\u00e8gle et que votre projet valide les crit\u00e8res du voyage aux \u00c9tats-Unis muni du visa J1. Au bout du compte, on vous communiquera la r\u00e9ponse tant attendue : une r\u00e9ponse affirmative ou n\u00e9gative. Si la demande aboutit, commencez \u00e0 pr\u00e9parer vos valises et avertissez votre sponsor !<\/p>\n\n\n\n<p>Dans l\u2019hypoth\u00e8se d\u2019un refus de visa, vous ne pourrez malheureusement pas voyager \u00e0 l\u2019int\u00e9rieur des fronti\u00e8res nord-am\u00e9ricaines.<\/p>\n","protected":false},"excerpt":{"rendered":"<p>Le visa J1 pour un \u00e9change aux \u00c9tats-Unis D\u00e9livr\u00e9 par les autorit\u00e9s am\u00e9ricaines pour un certain type de voyageurs, le visa J1 correspond \u00e0 une carte de s\u00e9jour temporaire aux USA. \u00c0 qui est-il destin\u00e9 ? Comment faire la demande de visa ? Combien cela co\u00fbte-t-il ? Voil\u00e0 suffisamment de questions \u00e0 creuser pour r\u00e9diger [&hellip;]<\/p>\n","protected":false},"author":1,"featured_media":0,"parent":0,"menu_order":0,"comment_status":"closed","ping_status":"closed","template":"","meta":{"footnotes":""},"class_list":["post-406","page","type-page","status-publish","hentry"],"yoast_head":"<!-- This site is optimized with the Yoast SEO plugin v26.2 - https:\/\/yoast.com\/wordpress\/plugins\/seo\/ -->\n<title>L&#039;essentiel \u00e0 savoir sur le visa J<\/title>\n<meta name=\"description\" content=\"Selon le projet de voyage aux \u00c9tats-Unis, l&#039;autorisation \u00e0 demander peut \u00eatre le visa J1. Voyons les cas concern\u00e9s par cette d\u00e9marche de visa sp\u00e9cifique.\" \/>\n<meta name=\"robots\" content=\"index, follow, max-snippet:-1, max-image-preview:large, max-video-preview:-1\" \/>\n<link rel=\"canonical\" href=\"https:\/\/www.esta-officiel-usa.com\/fr\/lessentiel-que-vous-devez-connaitre-sur-le-visa-j1-pour-les-usa\/\" \/>\n<meta property=\"og:locale\" content=\"fr_FR\" \/>\n<meta property=\"og:type\" content=\"article\" \/>\n<meta property=\"og:title\" content=\"L&#039;essentiel \u00e0 savoir sur le visa J\" \/>\n<meta property=\"og:description\" content=\"Selon le projet de voyage aux \u00c9tats-Unis, l&#039;autorisation \u00e0 demander peut \u00eatre le visa J1. Voyons les cas concern\u00e9s par cette d\u00e9marche de visa sp\u00e9cifique.\" \/>\n<meta property=\"og:url\" content=\"https:\/\/www.esta-officiel-usa.com\/fr\/lessentiel-que-vous-devez-connaitre-sur-le-visa-j1-pour-les-usa\/\" \/>\n<meta property=\"og:site_name\" content=\"ESTA - Etats-Unis\" \/>\n<meta property=\"article:modified_time\" content=\"2020-02-01T17:18:44+00:00\" \/>\n<meta name=\"twitter:card\" content=\"summary_large_image\" \/>\n<meta name=\"twitter:label1\" content=\"Dur\u00e9e de lecture estim\u00e9e\" \/>\n\t<meta name=\"twitter:data1\" content=\"5 minutes\" \/>\n<script type=\"application\/ld+json\" class=\"yoast-schema-graph\">{\"@context\":\"https:\/\/schema.org\",\"@graph\":[{\"@type\":\"WebPage\",\"@id\":\"https:\/\/www.esta-officiel-usa.com\/fr\/lessentiel-que-vous-devez-connaitre-sur-le-visa-j1-pour-les-usa\/\",\"url\":\"https:\/\/www.esta-officiel-usa.com\/fr\/lessentiel-que-vous-devez-connaitre-sur-le-visa-j1-pour-les-usa\/\",\"name\":\"L'essentiel \u00e0 savoir sur le visa J\",\"isPartOf\":{\"@id\":\"https:\/\/www.esta-officiel-usa.com\/fr\/#website\"},\"datePublished\":\"2020-01-31T08:29:21+00:00\",\"dateModified\":\"2020-02-01T17:18:44+00:00\",\"description\":\"Selon le projet de voyage aux \u00c9tats-Unis, l'autorisation \u00e0 demander peut \u00eatre le visa J1. Voyons les cas concern\u00e9s par cette d\u00e9marche de visa sp\u00e9cifique.\",\"breadcrumb\":{\"@id\":\"https:\/\/www.esta-officiel-usa.com\/fr\/lessentiel-que-vous-devez-connaitre-sur-le-visa-j1-pour-les-usa\/#breadcrumb\"},\"inLanguage\":\"fr-FR\",\"potentialAction\":[{\"@type\":\"ReadAction\",\"target\":[\"https:\/\/www.esta-officiel-usa.com\/fr\/lessentiel-que-vous-devez-connaitre-sur-le-visa-j1-pour-les-usa\/\"]}]},{\"@type\":\"BreadcrumbList\",\"@id\":\"https:\/\/www.esta-officiel-usa.com\/fr\/lessentiel-que-vous-devez-connaitre-sur-le-visa-j1-pour-les-usa\/#breadcrumb\",\"itemListElement\":[{\"@type\":\"ListItem\",\"position\":1,\"name\":\"Home\",\"item\":\"https:\/\/www.esta-officiel-usa.com\/fr\/\"},{\"@type\":\"ListItem\",\"position\":2,\"name\":\"L&rsquo;essentiel \u00e0 savoir sur le visa J\"}]},{\"@type\":\"WebSite\",\"@id\":\"https:\/\/www.esta-officiel-usa.com\/fr\/#website\",\"url\":\"https:\/\/www.esta-officiel-usa.com\/fr\/\",\"name\":\"ESTA - Etats-Unis\",\"description\":\"Formulaire de demande ESTA\",\"potentialAction\":[{\"@type\":\"SearchAction\",\"target\":{\"@type\":\"EntryPoint\",\"urlTemplate\":\"https:\/\/www.esta-officiel-usa.com\/fr\/?s={search_term_string}\"},\"query-input\":{\"@type\":\"PropertyValueSpecification\",\"valueRequired\":true,\"valueName\":\"search_term_string\"}}],\"inLanguage\":\"fr-FR\"}]}<\/script>\n<!-- \/ Yoast SEO plugin. -->","yoast_head_json":{"title":"L'essentiel \u00e0 savoir sur le visa J","description":"Selon le projet de voyage aux \u00c9tats-Unis, l'autorisation \u00e0 demander peut \u00eatre le visa J1. Voyons les cas concern\u00e9s par cette d\u00e9marche de visa sp\u00e9cifique.","robots":{"index":"index","follow":"follow","max-snippet":"max-snippet:-1","max-image-preview":"max-image-preview:large","max-video-preview":"max-video-preview:-1"},"canonical":"https:\/\/www.esta-officiel-usa.com\/fr\/lessentiel-que-vous-devez-connaitre-sur-le-visa-j1-pour-les-usa\/","og_locale":"fr_FR","og_type":"article","og_title":"L'essentiel \u00e0 savoir sur le visa J","og_description":"Selon le projet de voyage aux \u00c9tats-Unis, l'autorisation \u00e0 demander peut \u00eatre le visa J1. Voyons les cas concern\u00e9s par cette d\u00e9marche de visa sp\u00e9cifique.","og_url":"https:\/\/www.esta-officiel-usa.com\/fr\/lessentiel-que-vous-devez-connaitre-sur-le-visa-j1-pour-les-usa\/","og_site_name":"ESTA - Etats-Unis","article_modified_time":"2020-02-01T17:18:44+00:00","twitter_card":"summary_large_image","twitter_misc":{"Dur\u00e9e de lecture estim\u00e9e":"5 minutes"},"schema":{"@context":"https:\/\/schema.org","@graph":[{"@type":"WebPage","@id":"https:\/\/www.esta-officiel-usa.com\/fr\/lessentiel-que-vous-devez-connaitre-sur-le-visa-j1-pour-les-usa\/","url":"https:\/\/www.esta-officiel-usa.com\/fr\/lessentiel-que-vous-devez-connaitre-sur-le-visa-j1-pour-les-usa\/","name":"L'essentiel \u00e0 savoir sur le visa J","isPartOf":{"@id":"https:\/\/www.esta-officiel-usa.com\/fr\/#website"},"datePublished":"2020-01-31T08:29:21+00:00","dateModified":"2020-02-01T17:18:44+00:00","description":"Selon le projet de voyage aux \u00c9tats-Unis, l'autorisation \u00e0 demander peut \u00eatre le visa J1. Voyons les cas concern\u00e9s par cette d\u00e9marche de visa sp\u00e9cifique.","breadcrumb":{"@id":"https:\/\/www.esta-officiel-usa.com\/fr\/lessentiel-que-vous-devez-connaitre-sur-le-visa-j1-pour-les-usa\/#breadcrumb"},"inLanguage":"fr-FR","potentialAction":[{"@type":"ReadAction","target":["https:\/\/www.esta-officiel-usa.com\/fr\/lessentiel-que-vous-devez-connaitre-sur-le-visa-j1-pour-les-usa\/"]}]},{"@type":"BreadcrumbList","@id":"https:\/\/www.esta-officiel-usa.com\/fr\/lessentiel-que-vous-devez-connaitre-sur-le-visa-j1-pour-les-usa\/#breadcrumb","itemListElement":[{"@type":"ListItem","position":1,"name":"Home","item":"https:\/\/www.esta-officiel-usa.com\/fr\/"},{"@type":"ListItem","position":2,"name":"L&rsquo;essentiel \u00e0 savoir sur le visa J"}]},{"@type":"WebSite","@id":"https:\/\/www.esta-officiel-usa.com\/fr\/#website","url":"https:\/\/www.esta-officiel-usa.com\/fr\/","name":"ESTA - Etats-Unis","description":"Formulaire de demande ESTA","potentialAction":[{"@type":"SearchAction","target":{"@type":"EntryPoint","urlTemplate":"https:\/\/www.esta-officiel-usa.com\/fr\/?s={search_term_string}"},"query-input":{"@type":"PropertyValueSpecification","valueRequired":true,"valueName":"search_term_string"}}],"inLanguage":"fr-FR"}]}},"_links":{"self":[{"href":"https:\/\/www.esta-officiel-usa.com\/fr\/wp-json\/wp\/v2\/pages\/406","targetHints":{"allow":["GET"]}}],"collection":[{"href":"https:\/\/www.esta-officiel-usa.com\/fr\/wp-json\/wp\/v2\/pages"}],"about":[{"href":"https:\/\/www.esta-officiel-usa.com\/fr\/wp-json\/wp\/v2\/types\/page"}],"author":[{"embeddable":true,"href":"https:\/\/www.esta-officiel-usa.com\/fr\/wp-json\/wp\/v2\/users\/1"}],"replies":[{"embeddable":true,"href":"https:\/\/www.esta-officiel-usa.com\/fr\/wp-json\/wp\/v2\/comments?post=406"}],"version-history":[{"count":2,"href":"https:\/\/www.esta-officiel-usa.com\/fr\/wp-json\/wp\/v2\/pages\/406\/revisions"}],"predecessor-version":[{"id":526,"href":"https:\/\/www.esta-officiel-usa.com\/fr\/wp-json\/wp\/v2\/pages\/406\/revisions\/526"}],"wp:attachment":[{"href":"https:\/\/www.esta-officiel-usa.com\/fr\/wp-json\/wp\/v2\/media?parent=406"}],"curies":[{"name":"wp","href":"https:\/\/api.w.org\/{rel}","templated":true}]}}