{"id":42,"date":"2020-01-20T08:04:07","date_gmt":"2020-01-20T08:04:07","guid":{"rendered":"http:\/\/esta-officiel-usa.com\/?page_id=42"},"modified":"2020-02-01T17:06:27","modified_gmt":"2020-02-01T17:06:27","slug":"le-formulaire-esta-usa-en-francais","status":"publish","type":"page","link":"https:\/\/www.esta-officiel-usa.com\/fr\/le-formulaire-esta-usa-en-francais\/","title":{"rendered":"Le formulaire ESTA \u00e0 compl\u00e9ter en francais"},"content":{"rendered":"\n<h1 class=\"wp-block-heading\">COMPL\u00c9TER LE FORMULAIRE ESTA EN FRAN\u00c7AIS<\/h1>\n\n\n\n<p>La France fait partie des\u00a0<a href=\"https:\/\/www.esta-officiel-usa.com\/fr\/les-38-pays-partenaires-du-visa-waiver-program\/\">38 pays partenaires<\/a>\u00a0du programme d&rsquo;exemption de visa (<a href=\"https:\/\/www.esta-officiel-usa.com\/fr\/a-propos-du-visa-waiver-program\/\">Visa Waiver Program<\/a>\u00a0en anglais),\u00a0qui conf\u00e8re aux citoyens fran\u00e7ais la possibilit\u00e9 d\u2019obtenir une autorisation de voyage ESTA. Dans cet article, nous revenons sur le formulaire\u00a0<a href=\"https:\/\/www.esta-officiel-usa.com\/fr\/\">ESTA<\/a>\u00a0en fran\u00e7ais et\u00a0nous vous expliquons comment y acc\u00e9der et ce qu\u2019il contient.<\/p>\n\n\n\n<h2 class=\"wp-block-heading\">COMMENT REMPLIR LE FORMULAIRE ESTA EN FRAN\u00c7AIS ?<\/h2>\n\n\n\n<p>Comme expliqu\u00e9 en introduction, dans la cadre d\u2019un voyage vers les \u00c9tats-Unis (<a href=\"https:\/\/www.esta-officiel-usa.com\/fr\/decouvrir-la-ville-de-new-york-city\/\">New York<\/a>, Los Angeles, Miami&#8230;), il est\u00a0<a href=\"https:\/\/www.esta-officiel-usa.com\/fr\/a-propos-du-visa-waiver-program\/\">obligatoire<\/a>\u00a0d\u2019obtenir une autorisation de voyage, visa ou\u00a0ESTA. L&rsquo;ESTA vous permet de s\u00e9journer,\u00a0plusieurs fois durant ses deux ans de\u00a0<a href=\"https:\/\/www.esta-officiel-usa.com\/fr\/verifier-la-validite-de-votre-esta\/\">validit\u00e9<\/a>, sur le territoire am\u00e9ricain et ce, pour une dur\u00e9e de 90 jours cons\u00e9cutifs. Avant toute chose, il faudra passer une premi\u00e8re s\u00e9lection pour d\u00e9terminer votre \u00e9ligibilit\u00e9 sous la forme d\u2019un formulaire ESTA en fran\u00e7ais.<\/p>\n\n\n\n<p>Les agents du d\u00e9partement de la s\u00e9curit\u00e9 int\u00e9rieure des USA (<a href=\"https:\/\/www.esta-officiel-usa.com\/fr\/le-departement-de-la-securite-interieure-americain\/\">DHS<\/a>) proc\u00e9deront \u00e0 la v\u00e9rification des informations transmises lors de votre demande et vous feront parvenir leur r\u00e9ponse dans les 72 heures. Afin de vous aider \u00e0 pr\u00e9parer votre dossier dans les meilleures conditions possibles, voici ce que le formulaire ESTA en fran\u00e7ais contient :<\/p>\n\n\n\n<ol class=\"wp-block-list\"><li>La premi\u00e8re partie contiendra des\u00a0<a href=\"https:\/\/www.esta-officiel-usa.com\/fr\/toutes-les-questions-posees-formulaire-esta-etats-unis\/\">questions<\/a>\u00a0sur votre identit\u00e9 ainsi que votre situation sociale : nom, pr\u00e9nom, \u00e2ge, sexe, date et lieu de naissance, votre emploi, etc ;<\/li><li>La deuxi\u00e8me partie consiste \u00e0 renseigner les informations relatives \u00e0 votre passeport en cours de validit\u00e9 : num\u00e9ro, date de d\u00e9livrance, date d\u2019expiration, etc. et votre s\u00e9jour aux USA ;<\/li><li>La troisi\u00e8me partie du formulaire prend la\u00a0forme d\u2019une s\u00e9rie de questions auxquelles il faudra r\u00e9pondre simplement par oui ou par non. Ces questions concernent votre situation m\u00e9dicale pr\u00e9sente et pass\u00e9e, ainsi que vos ant\u00e9c\u00e9dents judiciaires.<\/li><li>La quatri\u00e8me partie est l&rsquo;acquittement des frais de dossier afin de valider votre demande.<\/li><\/ol>\n\n\n\n<h2 class=\"wp-block-heading\">COMMENT ACC\u00c9DER AU FORMULAIRE ESTA EN FRAN\u00c7AIS ?<\/h2>\n\n\n\n<p>Nous conseillons \u00e0 tous nos utilisateurs de r\u00e9aliser une demande d\u2019autorisation de voyage par le biais d\u2019un formulaire ESTA en fran\u00e7ais afin d\u2019\u00e9viter toute erreur. En effet, le gouvernement am\u00e9ricain est\u00a0s\u00e9v\u00e8re dans l\u2019attribution de l\u2019ESTA obligatoire car sa mission principale est d\u2019assurer la s\u00e9curit\u00e9 int\u00e9rieure du territoire am\u00e9ricain. Cela veut dire qu\u2019une erreur de frappe ou encore la saisie du mauvais num\u00e9ro de passeport constituera automatiquement un\u00a0<a href=\"https:\/\/www.esta-officiel-usa.com\/fr\/quels-motifs-menent-a-un-refus-de-lesta\/\">motif de\u00a0refus<\/a>\u00a0de votre demande. Le site officiel de la douane am\u00e9ricaine propose l&rsquo;acc\u00e8s au formulaire en toutes les langues mais ne propose pas d\u2019aide au remplissage de celui-ci.<\/p>\n\n\n\n<p>Pour remplir correctement votre formulaire ESTA en fran\u00e7ais, notre plateforme sp\u00e9cialis\u00e9e esta-officiel-usa.com vous propose un accompagnement dans votre d\u00e9marche. Notre \u00e9quipe de sp\u00e9cialistes proc\u00e9de\u00a0\u00e0 la v\u00e9rification m\u00e9ticuleuse des informations transmises via notre formulaire simplifi\u00e9 et \u00e0 leur\u00a0correction\u00a0si n\u00e9cessaire. Nous nous assurons que votre dossier ne porte aucune erreur pouvant conduire au refus de votre demande. De plus, notre assistance en ligne se tient \u00e0 votre enti\u00e8re disposition pour r\u00e9pondre \u00e0 toutes vos questions\u00a0si besoin. \u00c0 l\u2019aide de notre connaissance approfondie du Visa Waiver Program, nous savons exactement quelles sont les attentes du\u00a0gouvernement am\u00e9ricain concernant les\u00a0<a href=\"https:\/\/www.esta-officiel-usa.com\/fr\/les-formalites-dentree-aux-etats-unis\/\">formalit\u00e9s d&rsquo;entr\u00e9e<\/a>\u00a0du territoire.<br><\/p>\n","protected":false},"excerpt":{"rendered":"<p>COMPL\u00c9TER LE FORMULAIRE ESTA EN FRAN\u00c7AIS La France fait partie des\u00a038 pays partenaires\u00a0du programme d&rsquo;exemption de visa (Visa Waiver Program\u00a0en anglais),\u00a0qui conf\u00e8re aux citoyens fran\u00e7ais la possibilit\u00e9 d\u2019obtenir une autorisation de voyage ESTA. Dans cet article, nous revenons sur le formulaire\u00a0ESTA\u00a0en fran\u00e7ais et\u00a0nous vous expliquons comment y acc\u00e9der et ce qu\u2019il contient. COMMENT REMPLIR LE [&hellip;]<\/p>\n","protected":false},"author":1,"featured_media":0,"parent":0,"menu_order":0,"comment_status":"closed","ping_status":"closed","template":"","meta":{"footnotes":""},"class_list":["post-42","page","type-page","status-publish","hentry"],"yoast_head":"<!-- This site is optimized with the Yoast SEO plugin v26.2 - https:\/\/yoast.com\/wordpress\/plugins\/seo\/ -->\n<title>Le formulaire ESTA \u00e0 compl\u00e9ter en francais<\/title>\n<meta name=\"description\" content=\"La France fait partie des 38 pays partenaires du programme d&#039;exemption de visa (VWP en anglais), un formulaire en Francais vous sera donc propos\u00e9.\" \/>\n<meta name=\"robots\" content=\"index, follow, max-snippet:-1, max-image-preview:large, max-video-preview:-1\" \/>\n<link rel=\"canonical\" href=\"https:\/\/www.esta-officiel-usa.com\/fr\/le-formulaire-esta-usa-en-francais\/\" \/>\n<meta property=\"og:locale\" content=\"fr_FR\" \/>\n<meta property=\"og:type\" content=\"article\" \/>\n<meta property=\"og:title\" content=\"Le formulaire ESTA \u00e0 compl\u00e9ter en francais\" \/>\n<meta property=\"og:description\" content=\"La France fait partie des 38 pays partenaires du programme d&#039;exemption de visa (VWP en anglais), un formulaire en Francais vous sera donc propos\u00e9.\" \/>\n<meta property=\"og:url\" content=\"https:\/\/www.esta-officiel-usa.com\/fr\/le-formulaire-esta-usa-en-francais\/\" \/>\n<meta property=\"og:site_name\" content=\"ESTA - Etats-Unis\" \/>\n<meta property=\"article:modified_time\" content=\"2020-02-01T17:06:27+00:00\" \/>\n<meta name=\"twitter:card\" content=\"summary_large_image\" \/>\n<meta name=\"twitter:label1\" content=\"Dur\u00e9e de lecture estim\u00e9e\" \/>\n\t<meta name=\"twitter:data1\" content=\"3 minutes\" \/>\n<script type=\"application\/ld+json\" class=\"yoast-schema-graph\">{\"@context\":\"https:\/\/schema.org\",\"@graph\":[{\"@type\":\"WebPage\",\"@id\":\"https:\/\/www.esta-officiel-usa.com\/fr\/le-formulaire-esta-usa-en-francais\/\",\"url\":\"https:\/\/www.esta-officiel-usa.com\/fr\/le-formulaire-esta-usa-en-francais\/\",\"name\":\"Le formulaire ESTA \u00e0 compl\u00e9ter en francais\",\"isPartOf\":{\"@id\":\"https:\/\/www.esta-officiel-usa.com\/fr\/#website\"},\"datePublished\":\"2020-01-20T08:04:07+00:00\",\"dateModified\":\"2020-02-01T17:06:27+00:00\",\"description\":\"La France fait partie des 38 pays partenaires du programme d'exemption de visa (VWP en anglais), un formulaire en Francais vous sera donc propos\u00e9.\",\"breadcrumb\":{\"@id\":\"https:\/\/www.esta-officiel-usa.com\/fr\/le-formulaire-esta-usa-en-francais\/#breadcrumb\"},\"inLanguage\":\"fr-FR\",\"potentialAction\":[{\"@type\":\"ReadAction\",\"target\":[\"https:\/\/www.esta-officiel-usa.com\/fr\/le-formulaire-esta-usa-en-francais\/\"]}]},{\"@type\":\"BreadcrumbList\",\"@id\":\"https:\/\/www.esta-officiel-usa.com\/fr\/le-formulaire-esta-usa-en-francais\/#breadcrumb\",\"itemListElement\":[{\"@type\":\"ListItem\",\"position\":1,\"name\":\"Home\",\"item\":\"https:\/\/www.esta-officiel-usa.com\/fr\/\"},{\"@type\":\"ListItem\",\"position\":2,\"name\":\"Le formulaire ESTA \u00e0 compl\u00e9ter en francais\"}]},{\"@type\":\"WebSite\",\"@id\":\"https:\/\/www.esta-officiel-usa.com\/fr\/#website\",\"url\":\"https:\/\/www.esta-officiel-usa.com\/fr\/\",\"name\":\"ESTA - Etats-Unis\",\"description\":\"Formulaire de demande ESTA\",\"potentialAction\":[{\"@type\":\"SearchAction\",\"target\":{\"@type\":\"EntryPoint\",\"urlTemplate\":\"https:\/\/www.esta-officiel-usa.com\/fr\/?s={search_term_string}\"},\"query-input\":{\"@type\":\"PropertyValueSpecification\",\"valueRequired\":true,\"valueName\":\"search_term_string\"}}],\"inLanguage\":\"fr-FR\"}]}<\/script>\n<!-- \/ Yoast SEO plugin. -->","yoast_head_json":{"title":"Le formulaire ESTA \u00e0 compl\u00e9ter en francais","description":"La France fait partie des 38 pays partenaires du programme d'exemption de visa (VWP en anglais), un formulaire en Francais vous sera donc propos\u00e9.","robots":{"index":"index","follow":"follow","max-snippet":"max-snippet:-1","max-image-preview":"max-image-preview:large","max-video-preview":"max-video-preview:-1"},"canonical":"https:\/\/www.esta-officiel-usa.com\/fr\/le-formulaire-esta-usa-en-francais\/","og_locale":"fr_FR","og_type":"article","og_title":"Le formulaire ESTA \u00e0 compl\u00e9ter en francais","og_description":"La France fait partie des 38 pays partenaires du programme d'exemption de visa (VWP en anglais), un formulaire en Francais vous sera donc propos\u00e9.","og_url":"https:\/\/www.esta-officiel-usa.com\/fr\/le-formulaire-esta-usa-en-francais\/","og_site_name":"ESTA - Etats-Unis","article_modified_time":"2020-02-01T17:06:27+00:00","twitter_card":"summary_large_image","twitter_misc":{"Dur\u00e9e de lecture estim\u00e9e":"3 minutes"},"schema":{"@context":"https:\/\/schema.org","@graph":[{"@type":"WebPage","@id":"https:\/\/www.esta-officiel-usa.com\/fr\/le-formulaire-esta-usa-en-francais\/","url":"https:\/\/www.esta-officiel-usa.com\/fr\/le-formulaire-esta-usa-en-francais\/","name":"Le formulaire ESTA \u00e0 compl\u00e9ter en francais","isPartOf":{"@id":"https:\/\/www.esta-officiel-usa.com\/fr\/#website"},"datePublished":"2020-01-20T08:04:07+00:00","dateModified":"2020-02-01T17:06:27+00:00","description":"La France fait partie des 38 pays partenaires du programme d'exemption de visa (VWP en anglais), un formulaire en Francais vous sera donc propos\u00e9.","breadcrumb":{"@id":"https:\/\/www.esta-officiel-usa.com\/fr\/le-formulaire-esta-usa-en-francais\/#breadcrumb"},"inLanguage":"fr-FR","potentialAction":[{"@type":"ReadAction","target":["https:\/\/www.esta-officiel-usa.com\/fr\/le-formulaire-esta-usa-en-francais\/"]}]},{"@type":"BreadcrumbList","@id":"https:\/\/www.esta-officiel-usa.com\/fr\/le-formulaire-esta-usa-en-francais\/#breadcrumb","itemListElement":[{"@type":"ListItem","position":1,"name":"Home","item":"https:\/\/www.esta-officiel-usa.com\/fr\/"},{"@type":"ListItem","position":2,"name":"Le formulaire ESTA \u00e0 compl\u00e9ter en francais"}]},{"@type":"WebSite","@id":"https:\/\/www.esta-officiel-usa.com\/fr\/#website","url":"https:\/\/www.esta-officiel-usa.com\/fr\/","name":"ESTA - Etats-Unis","description":"Formulaire de demande ESTA","potentialAction":[{"@type":"SearchAction","target":{"@type":"EntryPoint","urlTemplate":"https:\/\/www.esta-officiel-usa.com\/fr\/?s={search_term_string}"},"query-input":{"@type":"PropertyValueSpecification","valueRequired":true,"valueName":"search_term_string"}}],"inLanguage":"fr-FR"}]}},"_links":{"self":[{"href":"https:\/\/www.esta-officiel-usa.com\/fr\/wp-json\/wp\/v2\/pages\/42","targetHints":{"allow":["GET"]}}],"collection":[{"href":"https:\/\/www.esta-officiel-usa.com\/fr\/wp-json\/wp\/v2\/pages"}],"about":[{"href":"https:\/\/www.esta-officiel-usa.com\/fr\/wp-json\/wp\/v2\/types\/page"}],"author":[{"embeddable":true,"href":"https:\/\/www.esta-officiel-usa.com\/fr\/wp-json\/wp\/v2\/users\/1"}],"replies":[{"embeddable":true,"href":"https:\/\/www.esta-officiel-usa.com\/fr\/wp-json\/wp\/v2\/comments?post=42"}],"version-history":[{"count":2,"href":"https:\/\/www.esta-officiel-usa.com\/fr\/wp-json\/wp\/v2\/pages\/42\/revisions"}],"predecessor-version":[{"id":517,"href":"https:\/\/www.esta-officiel-usa.com\/fr\/wp-json\/wp\/v2\/pages\/42\/revisions\/517"}],"wp:attachment":[{"href":"https:\/\/www.esta-officiel-usa.com\/fr\/wp-json\/wp\/v2\/media?parent=42"}],"curies":[{"name":"wp","href":"https:\/\/api.w.org\/{rel}","templated":true}]}}