{"id":44,"date":"2020-01-20T08:07:30","date_gmt":"2020-01-20T08:07:30","guid":{"rendered":"http:\/\/esta-officiel-usa.com\/?page_id=44"},"modified":"2020-02-13T19:47:06","modified_gmt":"2020-02-13T19:47:06","slug":"la-procedure-esta-pour-etats-unis","status":"publish","type":"page","link":"https:\/\/www.esta-officiel-usa.com\/fr\/la-procedure-esta-pour-etats-unis\/","title":{"rendered":"La proc\u00e9dure ESTA pour les Etats-unis"},"content":{"rendered":"\n<h1 class=\"wp-block-heading\">QUELLE EST LA PROC\u00c9DURE POUR L\u2019ESTA ?<\/h1>\n\n\n\n<p>Toutes les personnes souhaitant voyager vers les \u00c9tats-Unis, pour y faire des\u00a0<a href=\"https:\/\/www.esta-officiel-usa.com\/fr\/les-demarches-pour-visiter-les-etats-unis\/\">visites\u00a0touristiques<\/a> ou pour affaire, se doivent d\u2019effectuer la proc\u00e9dure ESTA avant leur d\u00e9part. Cette autorisation est n\u00e9cessaire, car sans elle pas de voyage !<\/p>\n\n\n\n<h2 class=\"wp-block-heading\">LA PROC\u00c9DURE ESTA : LES CONDITIONS<\/h2>\n\n\n\n<p>L\u2019ESTA est un programme dont l&rsquo;<a href=\"https:\/\/www.esta-officiel-usa.com\/fr\/la-veritable-utilite-de-lesta\/\">utilit\u00e9<\/a>&nbsp;principale est de permettre aux ressortissants des pays&nbsp;participant au programme d&rsquo;exemption de visa de se passer de visa (<a href=\"https:\/\/www.esta-officiel-usa.com\/fr\/demande-de-visa-f1-pour-les-usa\/\">F1<\/a>, M1&#8230;) pour rejoindre le territoire am\u00e9ricain (<a href=\"https:\/\/www.esta-officiel-usa.com\/fr\/decouvrir-la-ville-de-new-york-city\/\">ESTA New-York<\/a>, Miami, Los Angeles&#8230;). Pour l\u2019obtenir, il faut remplir les&nbsp;<a href=\"https:\/\/www.esta-officiel-usa.com\/fr\/les-conditions-a-respecter-pour-obtenir-le-visa-usa\/\">conditions<\/a>&nbsp;suivantes :<\/p>\n\n\n\n<ul class=\"wp-block-list\"><li>Pr\u00e9voir un s\u00e9jour de 90 jours maximum ;<\/li><li>Le&nbsp;s\u00e9jour se doit d&rsquo;\u00eatre \u00e0 but touristique ou d\u2019affaires mais non r\u00e9mun\u00e9r\u00e9 ;<\/li><li>S\u2019assurer que la compagnie a\u00e9rienne ou maritime utilis\u00e9e est agr\u00e9\u00e9e pour transporter les personnes b\u00e9n\u00e9ficiant du programme (<a href=\"https:\/\/www.esta-officiel-usa.com\/fr\/les-formalites-darrivee-aux-usa-par-voie-terrestre\/\">arriver aux USA par voie terrestre<\/a>&nbsp;ne n\u00e9cessite pas une proc\u00e9dure ESTA).<\/li><\/ul>\n\n\n\n<p>Il est \u00e9galement obligatoire de poss\u00e9der :<\/p>\n\n\n\n<ul class=\"wp-block-list\"><li>un billet retour ou de&nbsp;continuation ;<\/li><li>un passeport biom\u00e9trique ou \u00e9lectronique en cours de validit\u00e9 ;<\/li><li>une carte de cr\u00e9dit permettant de r\u00e9aliser le paiement&nbsp;en ligne car la proc\u00e9dure ESTA ne peut se faire que sur Internet.<\/li><\/ul>\n\n\n\n<h2 class=\"wp-block-heading\">LA PROC\u00c9DURE ESTA : LES D\u00c9MARCHES<\/h2>\n\n\n\n<p>Une fois que vous vous \u00eates assur\u00e9 de bien remplir tous les crit\u00e8res list\u00e9s plus haut, vous pouvez entamer la proc\u00e9dure.<\/p>\n\n\n\n<p>Il vous est possible de vous rendre sur le site officiel du gouvernement am\u00e9ricain ou de passer par nos services afin de b\u00e9n\u00e9ficier de nombreux avantages (prise en charge du processus de demande,&nbsp;<a href=\"https:\/\/www.esta-officiel-usa.com\/fr\/le-formulaire-esta-usa-en-francais\/\">formulaire&nbsp;en fran\u00e7ais<\/a>&nbsp;simplifi\u00e9, assistance en ligne, etc).<\/p>\n\n\n\n<p>La\u00a0<a href=\"https:\/\/www.esta-officiel-usa.com\/fr\/demander-un-esta-obligatoire-pour-les-usa-sur-internet\/\">proc\u00e9dure\u00a0obligatoire<\/a>\u00a0se pr\u00e9sente sous la forme d\u2019un <a href=\"https:\/\/www.esta-officiel-usa.com\/fr\/remplir-le-questionnaire-est-en-francais\/\">questionnaire sp\u00e9cial ESTA<\/a>\u00a0\u00e0 remplir compos\u00e9 de plusieurs parties. Vous devez, dans un premier temps, r\u00e9pondre \u00e0 des questions sur votre identit\u00e9 (votre nom, pr\u00e9nom, date de naissance, etc.). Puis, il vous est demand\u00e9 des informations sur les raisons de votre s\u00e9jour (adresse sur place et contact d&rsquo;urgence) ainsi que sur votre passeport. La derni\u00e8re partie consiste \u00e0 r\u00e9pondre \u00e0 des questions par oui ou non (sur votre pass\u00e9 judiciaire, votre \u00e9tat de sant\u00e9, etc.).<\/p>\n\n\n\n<h2 class=\"wp-block-heading\">PROC\u00c9DURE ESTA : R\u00c8GLEMENT ET VALIDATION<\/h2>\n\n\n\n<p>Une fois le formulaire d\u00fbment rempli, il est n\u00e9cessaire de r\u00e9gler le paiement de 14 $ pour que votre demande soit \u00e9tudi\u00e9e. Une fois le paiement effectu\u00e9, les autorit\u00e9s am\u00e9ricaines assurent une r\u00e9ponse dans les 72 h. Les r\u00e9ponses possibles \u00e0 une demande sont : autorisation approuv\u00e9e, autorisation en&nbsp;<a href=\"https:\/\/www.esta-officiel-usa.com\/fr\/lesta-en-instance-dautorisation\/\">instance<\/a>&nbsp;et autorisation refus\u00e9e.<\/p>\n\n\n\n<p>Faites bien attention \u00e0 relire les r\u00e9ponses que vous avez apport\u00e9es car en cas de refus pour une simple erreur de frappe, il vous faudra repayer une nouvelle fois les frais de dossier car vous ne pouvez pas faire de modification ou de&nbsp;<a href=\"https:\/\/www.esta-officiel-usa.com\/fr\/autorisation-esta-mise-a-jour\/\">mise \u00e0 jour<\/a>&nbsp;de l&rsquo;ESTA. Si tout s\u2019est bien pass\u00e9, vous pouvoir recevoir votre validation ESTA plus rapidement que les 72 h annonc\u00e9es et \u00eates d\u00e8s lors&nbsp;autoris\u00e9 \u00e0 vous rendre aux \u00c9tats-Unis !<br><\/p>\n","protected":false},"excerpt":{"rendered":"<p>QUELLE EST LA PROC\u00c9DURE POUR L\u2019ESTA ? Toutes les personnes souhaitant voyager vers les \u00c9tats-Unis, pour y faire des\u00a0visites\u00a0touristiques ou pour affaire, se doivent d\u2019effectuer la proc\u00e9dure ESTA avant leur d\u00e9part. Cette autorisation est n\u00e9cessaire, car sans elle pas de voyage ! LA PROC\u00c9DURE ESTA : LES CONDITIONS L\u2019ESTA est un programme dont l&rsquo;utilit\u00e9&nbsp;principale est [&hellip;]<\/p>\n","protected":false},"author":1,"featured_media":0,"parent":0,"menu_order":0,"comment_status":"closed","ping_status":"closed","template":"","meta":{"footnotes":""},"class_list":["post-44","page","type-page","status-publish","hentry"],"yoast_head":"<!-- This site is optimized with the Yoast SEO plugin v26.2 - https:\/\/yoast.com\/wordpress\/plugins\/seo\/ -->\n<title>La proc\u00e9dure ESTA pour les Etats-unis<\/title>\n<meta name=\"description\" content=\"Vous envisagez de vous rendre aux Etats-Unis vous devez vous munir d&#039;une demande d&#039;ESTA, d\u00e9couvrez sur notre page la proc\u00e9dure.\" \/>\n<meta name=\"robots\" content=\"index, follow, max-snippet:-1, max-image-preview:large, max-video-preview:-1\" \/>\n<link rel=\"canonical\" href=\"https:\/\/www.esta-officiel-usa.com\/fr\/la-procedure-esta-pour-etats-unis\/\" \/>\n<meta property=\"og:locale\" content=\"fr_FR\" \/>\n<meta property=\"og:type\" content=\"article\" \/>\n<meta property=\"og:title\" content=\"La proc\u00e9dure ESTA pour les Etats-unis\" \/>\n<meta property=\"og:description\" content=\"Vous envisagez de vous rendre aux Etats-Unis vous devez vous munir d&#039;une demande d&#039;ESTA, d\u00e9couvrez sur notre page la proc\u00e9dure.\" \/>\n<meta property=\"og:url\" content=\"https:\/\/www.esta-officiel-usa.com\/fr\/la-procedure-esta-pour-etats-unis\/\" \/>\n<meta property=\"og:site_name\" content=\"ESTA - Etats-Unis\" \/>\n<meta property=\"article:modified_time\" content=\"2020-02-13T19:47:06+00:00\" \/>\n<meta name=\"twitter:card\" content=\"summary_large_image\" \/>\n<meta name=\"twitter:label1\" content=\"Dur\u00e9e de lecture estim\u00e9e\" \/>\n\t<meta name=\"twitter:data1\" content=\"3 minutes\" \/>\n<script type=\"application\/ld+json\" class=\"yoast-schema-graph\">{\"@context\":\"https:\/\/schema.org\",\"@graph\":[{\"@type\":\"WebPage\",\"@id\":\"https:\/\/www.esta-officiel-usa.com\/fr\/la-procedure-esta-pour-etats-unis\/\",\"url\":\"https:\/\/www.esta-officiel-usa.com\/fr\/la-procedure-esta-pour-etats-unis\/\",\"name\":\"La proc\u00e9dure ESTA pour les Etats-unis\",\"isPartOf\":{\"@id\":\"https:\/\/www.esta-officiel-usa.com\/fr\/#website\"},\"datePublished\":\"2020-01-20T08:07:30+00:00\",\"dateModified\":\"2020-02-13T19:47:06+00:00\",\"description\":\"Vous envisagez de vous rendre aux Etats-Unis vous devez vous munir d'une demande d'ESTA, d\u00e9couvrez sur notre page la proc\u00e9dure.\",\"breadcrumb\":{\"@id\":\"https:\/\/www.esta-officiel-usa.com\/fr\/la-procedure-esta-pour-etats-unis\/#breadcrumb\"},\"inLanguage\":\"fr-FR\",\"potentialAction\":[{\"@type\":\"ReadAction\",\"target\":[\"https:\/\/www.esta-officiel-usa.com\/fr\/la-procedure-esta-pour-etats-unis\/\"]}]},{\"@type\":\"BreadcrumbList\",\"@id\":\"https:\/\/www.esta-officiel-usa.com\/fr\/la-procedure-esta-pour-etats-unis\/#breadcrumb\",\"itemListElement\":[{\"@type\":\"ListItem\",\"position\":1,\"name\":\"Home\",\"item\":\"https:\/\/www.esta-officiel-usa.com\/fr\/\"},{\"@type\":\"ListItem\",\"position\":2,\"name\":\"La proc\u00e9dure ESTA pour les Etats-unis\"}]},{\"@type\":\"WebSite\",\"@id\":\"https:\/\/www.esta-officiel-usa.com\/fr\/#website\",\"url\":\"https:\/\/www.esta-officiel-usa.com\/fr\/\",\"name\":\"ESTA - Etats-Unis\",\"description\":\"Formulaire de demande ESTA\",\"potentialAction\":[{\"@type\":\"SearchAction\",\"target\":{\"@type\":\"EntryPoint\",\"urlTemplate\":\"https:\/\/www.esta-officiel-usa.com\/fr\/?s={search_term_string}\"},\"query-input\":{\"@type\":\"PropertyValueSpecification\",\"valueRequired\":true,\"valueName\":\"search_term_string\"}}],\"inLanguage\":\"fr-FR\"}]}<\/script>\n<!-- \/ Yoast SEO plugin. -->","yoast_head_json":{"title":"La proc\u00e9dure ESTA pour les Etats-unis","description":"Vous envisagez de vous rendre aux Etats-Unis vous devez vous munir d'une demande d'ESTA, d\u00e9couvrez sur notre page la proc\u00e9dure.","robots":{"index":"index","follow":"follow","max-snippet":"max-snippet:-1","max-image-preview":"max-image-preview:large","max-video-preview":"max-video-preview:-1"},"canonical":"https:\/\/www.esta-officiel-usa.com\/fr\/la-procedure-esta-pour-etats-unis\/","og_locale":"fr_FR","og_type":"article","og_title":"La proc\u00e9dure ESTA pour les Etats-unis","og_description":"Vous envisagez de vous rendre aux Etats-Unis vous devez vous munir d'une demande d'ESTA, d\u00e9couvrez sur notre page la proc\u00e9dure.","og_url":"https:\/\/www.esta-officiel-usa.com\/fr\/la-procedure-esta-pour-etats-unis\/","og_site_name":"ESTA - Etats-Unis","article_modified_time":"2020-02-13T19:47:06+00:00","twitter_card":"summary_large_image","twitter_misc":{"Dur\u00e9e de lecture estim\u00e9e":"3 minutes"},"schema":{"@context":"https:\/\/schema.org","@graph":[{"@type":"WebPage","@id":"https:\/\/www.esta-officiel-usa.com\/fr\/la-procedure-esta-pour-etats-unis\/","url":"https:\/\/www.esta-officiel-usa.com\/fr\/la-procedure-esta-pour-etats-unis\/","name":"La proc\u00e9dure ESTA pour les Etats-unis","isPartOf":{"@id":"https:\/\/www.esta-officiel-usa.com\/fr\/#website"},"datePublished":"2020-01-20T08:07:30+00:00","dateModified":"2020-02-13T19:47:06+00:00","description":"Vous envisagez de vous rendre aux Etats-Unis vous devez vous munir d'une demande d'ESTA, d\u00e9couvrez sur notre page la proc\u00e9dure.","breadcrumb":{"@id":"https:\/\/www.esta-officiel-usa.com\/fr\/la-procedure-esta-pour-etats-unis\/#breadcrumb"},"inLanguage":"fr-FR","potentialAction":[{"@type":"ReadAction","target":["https:\/\/www.esta-officiel-usa.com\/fr\/la-procedure-esta-pour-etats-unis\/"]}]},{"@type":"BreadcrumbList","@id":"https:\/\/www.esta-officiel-usa.com\/fr\/la-procedure-esta-pour-etats-unis\/#breadcrumb","itemListElement":[{"@type":"ListItem","position":1,"name":"Home","item":"https:\/\/www.esta-officiel-usa.com\/fr\/"},{"@type":"ListItem","position":2,"name":"La proc\u00e9dure ESTA pour les Etats-unis"}]},{"@type":"WebSite","@id":"https:\/\/www.esta-officiel-usa.com\/fr\/#website","url":"https:\/\/www.esta-officiel-usa.com\/fr\/","name":"ESTA - Etats-Unis","description":"Formulaire de demande ESTA","potentialAction":[{"@type":"SearchAction","target":{"@type":"EntryPoint","urlTemplate":"https:\/\/www.esta-officiel-usa.com\/fr\/?s={search_term_string}"},"query-input":{"@type":"PropertyValueSpecification","valueRequired":true,"valueName":"search_term_string"}}],"inLanguage":"fr-FR"}]}},"_links":{"self":[{"href":"https:\/\/www.esta-officiel-usa.com\/fr\/wp-json\/wp\/v2\/pages\/44","targetHints":{"allow":["GET"]}}],"collection":[{"href":"https:\/\/www.esta-officiel-usa.com\/fr\/wp-json\/wp\/v2\/pages"}],"about":[{"href":"https:\/\/www.esta-officiel-usa.com\/fr\/wp-json\/wp\/v2\/types\/page"}],"author":[{"embeddable":true,"href":"https:\/\/www.esta-officiel-usa.com\/fr\/wp-json\/wp\/v2\/users\/1"}],"replies":[{"embeddable":true,"href":"https:\/\/www.esta-officiel-usa.com\/fr\/wp-json\/wp\/v2\/comments?post=44"}],"version-history":[{"count":4,"href":"https:\/\/www.esta-officiel-usa.com\/fr\/wp-json\/wp\/v2\/pages\/44\/revisions"}],"predecessor-version":[{"id":558,"href":"https:\/\/www.esta-officiel-usa.com\/fr\/wp-json\/wp\/v2\/pages\/44\/revisions\/558"}],"wp:attachment":[{"href":"https:\/\/www.esta-officiel-usa.com\/fr\/wp-json\/wp\/v2\/media?parent=44"}],"curies":[{"name":"wp","href":"https:\/\/api.w.org\/{rel}","templated":true}]}}