{"id":47,"date":"2020-01-20T08:11:19","date_gmt":"2020-01-20T08:11:19","guid":{"rendered":"http:\/\/esta-officiel-usa.com\/?page_id=47"},"modified":"2024-04-12T07:41:23","modified_gmt":"2024-04-12T07:41:23","slug":"completer-sa-demande-officielle-desta","status":"publish","type":"page","link":"https:\/\/www.esta-officiel-usa.com\/fr\/completer-sa-demande-officielle-desta\/","title":{"rendered":"Compl\u00e9ter sa demande officielle ESTA"},"content":{"rendered":"\n<h1 class=\"wp-block-heading\">Comment effectuer une demande officielle ESTA ?<\/h1>\n\n\n\n<p>Pour entrer sur le territoire am\u00e9ricain il est n\u00e9cessaire d&rsquo;obtenir au pr\u00e9alable une autorisation de voyage administrative. <\/p>\n\n\n\n<p>Pour un s\u00e9jour de moins de 90 jours il n&rsquo;est pas n\u00e9cessaire d&rsquo;obtenir un visa pour les USA.<\/p>\n\n\n\n<p>Un ESTA est indispensable pour entrer sur le territoire am\u00e9ricain (<a href=\"https:\/\/www.esta-officiel-usa.com\/fr\/voyager-aux-usa-et-decouvrir-las-vegas\/\">ESTA Las Vegas<\/a>, New York, Los Angeles&#8230;). Il est tr\u00e8s simple et rapide \u00e0&nbsp;<a href=\"https:\/\/www.esta-officiel-usa.com\/fr\/obtenir-un-esta-en-ligne\/\">obtenir en ligne<\/a>, et vous le recevrez directement dans votre bo\u00eete email.<\/p>\n\n\n\n<h2 class=\"wp-block-heading\">PR\u00c9PARER LES DOCUMENTS \u00c0 TRANSMETTRE<\/h2>\n\n\n\n<p>Pour renseigner les informations qui vous seront demand\u00e9es par la suite, vous devez vous munir de plusieurs documents.<\/p>\n\n\n\n<p>1. Votre passeport, qui doit \u00eatre biom\u00e9trique ou \u00e9lectronique.<\/p>\n\n\n\n<p>2. Votre carte bancaire ou compte Paypal, car la demande d\u2019autorisation est payante et il vous faut vous acquitter du&nbsp;<a href=\"https:\/\/www.esta-officiel-usa.com\/fr\/le-prix-dun-esta\/\">prix de l\u2019ESTA<\/a>&nbsp;en ligne.<\/p>\n\n\n\n<h2 class=\"wp-block-heading\">COMPL\u00c9TER LES DIFF\u00c9RENTES \u00c9TAPES DU FORMULAIRE<\/h2>\n\n\n\n<p>Le formulaire se d\u00e9compose en plusieurs \u00e9tapes aussi importantes les unes que les autres. Soyez attentif \u00e0 remplir correctement et sinc\u00e8rement les informations. Toute erreur peut vous contraindre \u00e0 devoir&nbsp;<a href=\"https:\/\/www.esta-officiel-usa.com\/fr\/comment-faire-nouvelle-demande-esta-usa-apres-refus\/\">effectuer une nouvelle demande apr\u00e8s refus<\/a>&nbsp;des autorit\u00e9s de valider votre autorisation.Tout d\u2019abord, compl\u00e9tez les d\u00e9tails de base sur votre identit\u00e9 tels que votre nom, pr\u00e9nom, date et lieu de naissance, ou encore votre adresse e-mail. Ensuite, renseignez les raisons de votre voyage, et notamment l&rsquo;adresse sur place. Nous vous rappelons que le&nbsp;<a href=\"https:\/\/www.esta-officiel-usa.com\/fr\/obtenir-le-certificat-esta\/\">certificat ESTA<\/a>&nbsp;concerne les voyages touristiques ou d\u2019affaires de 90 jours maximum ainsi que le transit (vers&nbsp;<a href=\"https:\/\/www.esta-officiel-usa.com\/fr\/visiter-cuba-lors-dun-voyage-aux-etats-unis\/\">Cuba<\/a>&nbsp;ou&nbsp;<a href=\"https:\/\/www.esta-officiel-usa.com\/fr\/decouvrir-hawai-avec-lesta\/\">Hawa\u00ef<\/a>&nbsp;par exemple) . Enfin, les derni\u00e8res questions se rapportent \u00e0 votre sant\u00e9 et surtout \u00e0 votre pass\u00e9 judiciaire. Ce sont des questions ferm\u00e9es qui visent \u00e0 v\u00e9rifier que vous ne repr\u00e9sentez pas un danger pour les \u00c9tats-Unis.<\/p>\n\n\n\n<h2 class=\"wp-block-heading\">EFFECTUER LE PAIEMENT ET RECEVOIR L\u2019ESTA PAR E-MAIL<\/h2>\n\n\n\n<p>Derni\u00e8re \u00e9tape avant d\u2019obtenir votre pr\u00e9cieux ESTA : le paiement en ligne des frais de traitement par carte bancaire. Et voil\u00e0, la d\u00e9marche est termin\u00e9e et vous n\u2019avez plus qu\u2019\u00e0 attendre votre autorisation ! En ce qui concerne le&nbsp;<a href=\"https:\/\/www.esta-officiel-usa.com\/fr\/obtention-de-lesta-usa-dans-les-plus-brefs-delais\/\">d\u00e9lai d\u2019obtention<\/a>, il se situe g\u00e9n\u00e9ralement entre quelques minutes et 72 heures. Pratique lorsque vous devez d\u00e9coller dans les jours \u00e0 venir ! Votre document re\u00e7u par e-mail n\u2019est pas \u00e0 imprimer, toutefois vous pouvez le faire afin de garder une preuve \u00e9crite.<\/p>\n\n\n\n<p>Remarque : Par la suite, il arrive de remarquer une erreur dans la d\u00e9claration, ou de devoir&nbsp;<a href=\"https:\/\/www.esta-officiel-usa.com\/fr\/modifier-le-formulaire-esta-usa\/\">modifier l\u2019ESTA<\/a>&nbsp;pour&nbsp;<a href=\"https:\/\/www.esta-officiel-usa.com\/fr\/demander-une-autorisation-esta-pour-mineur\/\">mineur<\/a>&nbsp;ou majeur. Dans ce cas, vous pouvez proc\u00e9der \u00e0 une&nbsp;<a href=\"https:\/\/www.esta-officiel-usa.com\/fr\/autorisation-esta-mise-a-jour\/\">mise \u00e0 jour<\/a>&nbsp;de votre autorisation gratuitement, sous conditions.<br><\/p>\n","protected":false},"excerpt":{"rendered":"<p>Comment effectuer une demande officielle ESTA ? Pour entrer sur le territoire am\u00e9ricain il est n\u00e9cessaire d&rsquo;obtenir au pr\u00e9alable une autorisation de voyage administrative. Pour un s\u00e9jour de moins de 90 jours il n&rsquo;est pas n\u00e9cessaire d&rsquo;obtenir un visa pour les USA. Un ESTA est indispensable pour entrer sur le territoire am\u00e9ricain (ESTA Las Vegas, [&hellip;]<\/p>\n","protected":false},"author":1,"featured_media":0,"parent":0,"menu_order":0,"comment_status":"closed","ping_status":"closed","template":"","meta":{"footnotes":""},"class_list":["post-47","page","type-page","status-publish","hentry"],"yoast_head":"<!-- This site is optimized with the Yoast SEO plugin v26.2 - https:\/\/yoast.com\/wordpress\/plugins\/seo\/ -->\n<title>Compl\u00e9ter sa demande officielle ESTA<\/title>\n<meta name=\"description\" content=\"Pour vous rendre aux Etats-Unis vous devez obtenir une demande d&#039;autorisation d&#039;entr\u00e9e sur le territoire, compl\u00e9ter votre ESTA.\" \/>\n<meta name=\"robots\" content=\"index, follow, max-snippet:-1, max-image-preview:large, max-video-preview:-1\" \/>\n<link rel=\"canonical\" href=\"https:\/\/www.esta-officiel-usa.com\/fr\/completer-sa-demande-officielle-desta\/\" \/>\n<meta property=\"og:locale\" content=\"fr_FR\" \/>\n<meta property=\"og:type\" content=\"article\" \/>\n<meta property=\"og:title\" content=\"Compl\u00e9ter sa demande officielle ESTA\" \/>\n<meta property=\"og:description\" content=\"Pour vous rendre aux Etats-Unis vous devez obtenir une demande d&#039;autorisation d&#039;entr\u00e9e sur le territoire, compl\u00e9ter votre ESTA.\" \/>\n<meta property=\"og:url\" content=\"https:\/\/www.esta-officiel-usa.com\/fr\/completer-sa-demande-officielle-desta\/\" \/>\n<meta property=\"og:site_name\" content=\"ESTA - Etats-Unis\" \/>\n<meta property=\"article:modified_time\" content=\"2024-04-12T07:41:23+00:00\" \/>\n<meta name=\"twitter:card\" content=\"summary_large_image\" \/>\n<meta name=\"twitter:label1\" content=\"Dur\u00e9e de lecture estim\u00e9e\" \/>\n\t<meta name=\"twitter:data1\" content=\"3 minutes\" \/>\n<script type=\"application\/ld+json\" class=\"yoast-schema-graph\">{\"@context\":\"https:\/\/schema.org\",\"@graph\":[{\"@type\":\"WebPage\",\"@id\":\"https:\/\/www.esta-officiel-usa.com\/fr\/completer-sa-demande-officielle-desta\/\",\"url\":\"https:\/\/www.esta-officiel-usa.com\/fr\/completer-sa-demande-officielle-desta\/\",\"name\":\"Compl\u00e9ter sa demande officielle ESTA\",\"isPartOf\":{\"@id\":\"https:\/\/www.esta-officiel-usa.com\/fr\/#website\"},\"datePublished\":\"2020-01-20T08:11:19+00:00\",\"dateModified\":\"2024-04-12T07:41:23+00:00\",\"description\":\"Pour vous rendre aux Etats-Unis vous devez obtenir une demande d'autorisation d'entr\u00e9e sur le territoire, compl\u00e9ter votre ESTA.\",\"breadcrumb\":{\"@id\":\"https:\/\/www.esta-officiel-usa.com\/fr\/completer-sa-demande-officielle-desta\/#breadcrumb\"},\"inLanguage\":\"fr-FR\",\"potentialAction\":[{\"@type\":\"ReadAction\",\"target\":[\"https:\/\/www.esta-officiel-usa.com\/fr\/completer-sa-demande-officielle-desta\/\"]}]},{\"@type\":\"BreadcrumbList\",\"@id\":\"https:\/\/www.esta-officiel-usa.com\/fr\/completer-sa-demande-officielle-desta\/#breadcrumb\",\"itemListElement\":[{\"@type\":\"ListItem\",\"position\":1,\"name\":\"Home\",\"item\":\"https:\/\/www.esta-officiel-usa.com\/fr\/\"},{\"@type\":\"ListItem\",\"position\":2,\"name\":\"Compl\u00e9ter sa demande officielle ESTA\"}]},{\"@type\":\"WebSite\",\"@id\":\"https:\/\/www.esta-officiel-usa.com\/fr\/#website\",\"url\":\"https:\/\/www.esta-officiel-usa.com\/fr\/\",\"name\":\"ESTA - Etats-Unis\",\"description\":\"Formulaire de demande ESTA\",\"potentialAction\":[{\"@type\":\"SearchAction\",\"target\":{\"@type\":\"EntryPoint\",\"urlTemplate\":\"https:\/\/www.esta-officiel-usa.com\/fr\/?s={search_term_string}\"},\"query-input\":{\"@type\":\"PropertyValueSpecification\",\"valueRequired\":true,\"valueName\":\"search_term_string\"}}],\"inLanguage\":\"fr-FR\"}]}<\/script>\n<!-- \/ Yoast SEO plugin. -->","yoast_head_json":{"title":"Compl\u00e9ter sa demande officielle ESTA","description":"Pour vous rendre aux Etats-Unis vous devez obtenir une demande d'autorisation d'entr\u00e9e sur le territoire, compl\u00e9ter votre ESTA.","robots":{"index":"index","follow":"follow","max-snippet":"max-snippet:-1","max-image-preview":"max-image-preview:large","max-video-preview":"max-video-preview:-1"},"canonical":"https:\/\/www.esta-officiel-usa.com\/fr\/completer-sa-demande-officielle-desta\/","og_locale":"fr_FR","og_type":"article","og_title":"Compl\u00e9ter sa demande officielle ESTA","og_description":"Pour vous rendre aux Etats-Unis vous devez obtenir une demande d'autorisation d'entr\u00e9e sur le territoire, compl\u00e9ter votre ESTA.","og_url":"https:\/\/www.esta-officiel-usa.com\/fr\/completer-sa-demande-officielle-desta\/","og_site_name":"ESTA - Etats-Unis","article_modified_time":"2024-04-12T07:41:23+00:00","twitter_card":"summary_large_image","twitter_misc":{"Dur\u00e9e de lecture estim\u00e9e":"3 minutes"},"schema":{"@context":"https:\/\/schema.org","@graph":[{"@type":"WebPage","@id":"https:\/\/www.esta-officiel-usa.com\/fr\/completer-sa-demande-officielle-desta\/","url":"https:\/\/www.esta-officiel-usa.com\/fr\/completer-sa-demande-officielle-desta\/","name":"Compl\u00e9ter sa demande officielle ESTA","isPartOf":{"@id":"https:\/\/www.esta-officiel-usa.com\/fr\/#website"},"datePublished":"2020-01-20T08:11:19+00:00","dateModified":"2024-04-12T07:41:23+00:00","description":"Pour vous rendre aux Etats-Unis vous devez obtenir une demande d'autorisation d'entr\u00e9e sur le territoire, compl\u00e9ter votre ESTA.","breadcrumb":{"@id":"https:\/\/www.esta-officiel-usa.com\/fr\/completer-sa-demande-officielle-desta\/#breadcrumb"},"inLanguage":"fr-FR","potentialAction":[{"@type":"ReadAction","target":["https:\/\/www.esta-officiel-usa.com\/fr\/completer-sa-demande-officielle-desta\/"]}]},{"@type":"BreadcrumbList","@id":"https:\/\/www.esta-officiel-usa.com\/fr\/completer-sa-demande-officielle-desta\/#breadcrumb","itemListElement":[{"@type":"ListItem","position":1,"name":"Home","item":"https:\/\/www.esta-officiel-usa.com\/fr\/"},{"@type":"ListItem","position":2,"name":"Compl\u00e9ter sa demande officielle ESTA"}]},{"@type":"WebSite","@id":"https:\/\/www.esta-officiel-usa.com\/fr\/#website","url":"https:\/\/www.esta-officiel-usa.com\/fr\/","name":"ESTA - Etats-Unis","description":"Formulaire de demande ESTA","potentialAction":[{"@type":"SearchAction","target":{"@type":"EntryPoint","urlTemplate":"https:\/\/www.esta-officiel-usa.com\/fr\/?s={search_term_string}"},"query-input":{"@type":"PropertyValueSpecification","valueRequired":true,"valueName":"search_term_string"}}],"inLanguage":"fr-FR"}]}},"_links":{"self":[{"href":"https:\/\/www.esta-officiel-usa.com\/fr\/wp-json\/wp\/v2\/pages\/47","targetHints":{"allow":["GET"]}}],"collection":[{"href":"https:\/\/www.esta-officiel-usa.com\/fr\/wp-json\/wp\/v2\/pages"}],"about":[{"href":"https:\/\/www.esta-officiel-usa.com\/fr\/wp-json\/wp\/v2\/types\/page"}],"author":[{"embeddable":true,"href":"https:\/\/www.esta-officiel-usa.com\/fr\/wp-json\/wp\/v2\/users\/1"}],"replies":[{"embeddable":true,"href":"https:\/\/www.esta-officiel-usa.com\/fr\/wp-json\/wp\/v2\/comments?post=47"}],"version-history":[{"count":6,"href":"https:\/\/www.esta-officiel-usa.com\/fr\/wp-json\/wp\/v2\/pages\/47\/revisions"}],"predecessor-version":[{"id":775,"href":"https:\/\/www.esta-officiel-usa.com\/fr\/wp-json\/wp\/v2\/pages\/47\/revisions\/775"}],"wp:attachment":[{"href":"https:\/\/www.esta-officiel-usa.com\/fr\/wp-json\/wp\/v2\/media?parent=47"}],"curies":[{"name":"wp","href":"https:\/\/api.w.org\/{rel}","templated":true}]}}