{"id":50,"date":"2020-01-20T08:14:37","date_gmt":"2020-01-20T08:14:37","guid":{"rendered":"http:\/\/esta-officiel-usa.com\/?page_id=50"},"modified":"2024-04-12T08:14:51","modified_gmt":"2024-04-12T08:14:51","slug":"demande-desta-sur-site-officiel","status":"publish","type":"page","link":"https:\/\/www.esta-officiel-usa.com\/fr\/demande-desta-sur-site-officiel\/","title":{"rendered":"Effectuer sa demande d&rsquo;ESTA sur un site officiel"},"content":{"rendered":"\n<h1 class=\"wp-block-heading\">FAIRE SA DEMANDE D\u2019ESTA SUR LE SITE OFFICIEL<\/h1>\n\n\n\n<p>L\u2019obtention de l\u2019ESTA est ouverte \u00e0 tous les\u00a0<a href=\"https:\/\/www.esta-officiel-usa.com\/fr\/les-pays-partenaires-du-visa-waiver-program\/\">ressortissants des pays membres du Visa Waiver Program<\/a>\u00a0qui d\u00e9sirent s\u00e9journer temporairement (moins de 90 jours) aux \u00c9tats-Unis (<a href=\"https:\/\/www.esta-officiel-usa.com\/fr\/voyager-aux-usa-et-decouvrir-las-vegas\/\">ESTA Las Vegas<\/a>, Miami, New York&#8230;). Il est donc important de savoir o\u00f9 et comment remplir le formulaire, comme par exemple sur le site officiel am\u00e9ricain g\u00e9r\u00e9 par le \u00ab Department of Homeland Security \u00bb.<\/p>\n\n\n\n<h2 class=\"wp-block-heading\">POURQUOI UTILISER LE SITE OFFICIEL ?<\/h2>\n\n\n\n<p>Avant de vous rendre pour affaires, transit ou tourisme sur le sol am\u00e9ricain, n\u2019oubliez pas d\u2019effectuer votre&nbsp;<a href=\"https:\/\/www.esta-officiel-usa.com\/fr\/\">demande d\u2019ESTA<\/a>&nbsp;au moins 72h avant votre d\u00e9part. Sans cette autorisation qui s\u2019obtient sur Internet, vous ne pouvez pas m\u00eame embarquer ! Alors munissez-vous de votre&nbsp;<a href=\"https:\/\/www.esta-officiel-usa.com\/fr\/quel-type-de-passeport-pour-les-usa\/\">passeport valide pour les \u00c9tats-Unis<\/a>, de vos billets de voyage ainsi que de votre carte bancaire, et votre d\u00e9marche peut commencer.<\/p>\n\n\n\n<p>De nombreux sites sont disponibles pour collecter vos informations et vous envoyer votre document ESTA certifi\u00e9. Ainsi, vous pouvez choisir le site officiel du D\u00e9partement de la s\u00e9curit\u00e9 int\u00e9rieure (DOS). Celui-ci pr\u00e9sente l\u2019avantage d\u2019\u00eatre consultable en de nombreuses langues.<\/p>\n\n\n\n<p>La d\u00e9marche est simple : acc\u00e9dez au formulaire, puis renseignez progressivement toutes les informations telles qu\u2019elles vous sont demand\u00e9es. Si vous avez un doute quant aux documents auxquels vous r\u00e9f\u00e9rer, vous pouvez consulter facilement les pages de conseils. V\u00e9rifiez bien que vous remplissez tous les crit\u00e8res d\u2019un demandeur d\u2019ESTA, car dans le cas contraire, vous aurez besoin d\u2019un visa pour entrer sur le sol am\u00e9ricain.<\/p>\n\n\n\n<p>Le questionnaire se divise en trois types d\u2019\u00e9l\u00e9ments \u00e0 compl\u00e9ter :<\/p>\n\n\n\n<p>1. \u00a0 Votre identit\u00e9 et situation personnelle ;<\/p>\n\n\n\n<p>2. \u00a0 Votre passeport et votre voyage (but, lieu de r\u00e9sidence\u2026) ;<\/p>\n\n\n\n<p>3. &nbsp; Votre \u00e9tat de sant\u00e9 et votre \u00e9ventuel pass\u00e9 judiciaire.<\/p>\n\n\n\n<p>Le site officiel est donc pratique pour remplir tous les \u00e9l\u00e9ments requis, mais il ne vous met pas \u00e0 l\u2019abri d\u2019une erreur \u00e9ventuelle pouvant&nbsp;<a href=\"https:\/\/www.esta-officiel-usa.com\/fr\/comment-faire-nouvelle-demande-esta-usa-apres-refus\/\">n\u00e9cessiter une nouvelle demande apr\u00e8s refus<\/a>, ou vous obligeant \u00e0 apporter des&nbsp;<a href=\"https:\/\/www.esta-officiel-usa.com\/fr\/modifier-le-formulaire-esta-usa\/\">modifications \u00e0 votre ESTA<\/a>.<\/p>\n\n\n\n<p>L\u2019ESTA n\u2019est pas la seule \u00e9tape \u00e0 franchir avant de pouvoir profiter du r\u00eave am\u00e9ricain : gardez \u00e0 l\u2019esprit l\u2019ensemble des&nbsp;<a href=\"https:\/\/www.esta-officiel-usa.com\/fr\/les-formalites-dentree-aux-etats-unis\/\">formalit\u00e9s d\u2019entr\u00e9e aux \u00c9tats-Unis<\/a>.<\/p>\n","protected":false},"excerpt":{"rendered":"<p>FAIRE SA DEMANDE D\u2019ESTA SUR LE SITE OFFICIEL L\u2019obtention de l\u2019ESTA est ouverte \u00e0 tous les\u00a0ressortissants des pays membres du Visa Waiver Program\u00a0qui d\u00e9sirent s\u00e9journer temporairement (moins de 90 jours) aux \u00c9tats-Unis (ESTA Las Vegas, Miami, New York&#8230;). Il est donc important de savoir o\u00f9 et comment remplir le formulaire, comme par exemple sur le [&hellip;]<\/p>\n","protected":false},"author":1,"featured_media":0,"parent":0,"menu_order":0,"comment_status":"closed","ping_status":"closed","template":"","meta":{"footnotes":""},"class_list":["post-50","page","type-page","status-publish","hentry"],"yoast_head":"<!-- This site is optimized with the Yoast SEO plugin v26.2 - https:\/\/yoast.com\/wordpress\/plugins\/seo\/ -->\n<title>Effectuer sa demande d&#039;ESTA sur un site officiel<\/title>\n<meta name=\"description\" content=\"L&#039;ESTA est une modalit\u00e9 administrative obligatoire pour vous rendre aux USA, il est donc important de savoir remplir votre formulaire.\" \/>\n<meta name=\"robots\" content=\"index, follow, max-snippet:-1, max-image-preview:large, max-video-preview:-1\" \/>\n<link rel=\"canonical\" href=\"https:\/\/www.esta-officiel-usa.com\/fr\/demande-desta-sur-site-officiel\/\" \/>\n<meta property=\"og:locale\" content=\"fr_FR\" \/>\n<meta property=\"og:type\" content=\"article\" \/>\n<meta property=\"og:title\" content=\"Effectuer sa demande d&#039;ESTA sur un site officiel\" \/>\n<meta property=\"og:description\" content=\"L&#039;ESTA est une modalit\u00e9 administrative obligatoire pour vous rendre aux USA, il est donc important de savoir remplir votre formulaire.\" \/>\n<meta property=\"og:url\" content=\"https:\/\/www.esta-officiel-usa.com\/fr\/demande-desta-sur-site-officiel\/\" \/>\n<meta property=\"og:site_name\" content=\"ESTA - Etats-Unis\" \/>\n<meta property=\"article:modified_time\" content=\"2024-04-12T08:14:51+00:00\" \/>\n<meta name=\"twitter:card\" content=\"summary_large_image\" \/>\n<meta name=\"twitter:label1\" content=\"Dur\u00e9e de lecture estim\u00e9e\" \/>\n\t<meta name=\"twitter:data1\" content=\"2 minutes\" \/>\n<script type=\"application\/ld+json\" class=\"yoast-schema-graph\">{\"@context\":\"https:\/\/schema.org\",\"@graph\":[{\"@type\":\"WebPage\",\"@id\":\"https:\/\/www.esta-officiel-usa.com\/fr\/demande-desta-sur-site-officiel\/\",\"url\":\"https:\/\/www.esta-officiel-usa.com\/fr\/demande-desta-sur-site-officiel\/\",\"name\":\"Effectuer sa demande d'ESTA sur un site officiel\",\"isPartOf\":{\"@id\":\"https:\/\/www.esta-officiel-usa.com\/fr\/#website\"},\"datePublished\":\"2020-01-20T08:14:37+00:00\",\"dateModified\":\"2024-04-12T08:14:51+00:00\",\"description\":\"L'ESTA est une modalit\u00e9 administrative obligatoire pour vous rendre aux USA, il est donc important de savoir remplir votre formulaire.\",\"breadcrumb\":{\"@id\":\"https:\/\/www.esta-officiel-usa.com\/fr\/demande-desta-sur-site-officiel\/#breadcrumb\"},\"inLanguage\":\"fr-FR\",\"potentialAction\":[{\"@type\":\"ReadAction\",\"target\":[\"https:\/\/www.esta-officiel-usa.com\/fr\/demande-desta-sur-site-officiel\/\"]}]},{\"@type\":\"BreadcrumbList\",\"@id\":\"https:\/\/www.esta-officiel-usa.com\/fr\/demande-desta-sur-site-officiel\/#breadcrumb\",\"itemListElement\":[{\"@type\":\"ListItem\",\"position\":1,\"name\":\"Home\",\"item\":\"https:\/\/www.esta-officiel-usa.com\/fr\/\"},{\"@type\":\"ListItem\",\"position\":2,\"name\":\"Effectuer sa demande d&rsquo;ESTA sur un site officiel\"}]},{\"@type\":\"WebSite\",\"@id\":\"https:\/\/www.esta-officiel-usa.com\/fr\/#website\",\"url\":\"https:\/\/www.esta-officiel-usa.com\/fr\/\",\"name\":\"ESTA - Etats-Unis\",\"description\":\"Formulaire de demande ESTA\",\"potentialAction\":[{\"@type\":\"SearchAction\",\"target\":{\"@type\":\"EntryPoint\",\"urlTemplate\":\"https:\/\/www.esta-officiel-usa.com\/fr\/?s={search_term_string}\"},\"query-input\":{\"@type\":\"PropertyValueSpecification\",\"valueRequired\":true,\"valueName\":\"search_term_string\"}}],\"inLanguage\":\"fr-FR\"}]}<\/script>\n<!-- \/ Yoast SEO plugin. -->","yoast_head_json":{"title":"Effectuer sa demande d'ESTA sur un site officiel","description":"L'ESTA est une modalit\u00e9 administrative obligatoire pour vous rendre aux USA, il est donc important de savoir remplir votre formulaire.","robots":{"index":"index","follow":"follow","max-snippet":"max-snippet:-1","max-image-preview":"max-image-preview:large","max-video-preview":"max-video-preview:-1"},"canonical":"https:\/\/www.esta-officiel-usa.com\/fr\/demande-desta-sur-site-officiel\/","og_locale":"fr_FR","og_type":"article","og_title":"Effectuer sa demande d'ESTA sur un site officiel","og_description":"L'ESTA est une modalit\u00e9 administrative obligatoire pour vous rendre aux USA, il est donc important de savoir remplir votre formulaire.","og_url":"https:\/\/www.esta-officiel-usa.com\/fr\/demande-desta-sur-site-officiel\/","og_site_name":"ESTA - Etats-Unis","article_modified_time":"2024-04-12T08:14:51+00:00","twitter_card":"summary_large_image","twitter_misc":{"Dur\u00e9e de lecture estim\u00e9e":"2 minutes"},"schema":{"@context":"https:\/\/schema.org","@graph":[{"@type":"WebPage","@id":"https:\/\/www.esta-officiel-usa.com\/fr\/demande-desta-sur-site-officiel\/","url":"https:\/\/www.esta-officiel-usa.com\/fr\/demande-desta-sur-site-officiel\/","name":"Effectuer sa demande d'ESTA sur un site officiel","isPartOf":{"@id":"https:\/\/www.esta-officiel-usa.com\/fr\/#website"},"datePublished":"2020-01-20T08:14:37+00:00","dateModified":"2024-04-12T08:14:51+00:00","description":"L'ESTA est une modalit\u00e9 administrative obligatoire pour vous rendre aux USA, il est donc important de savoir remplir votre formulaire.","breadcrumb":{"@id":"https:\/\/www.esta-officiel-usa.com\/fr\/demande-desta-sur-site-officiel\/#breadcrumb"},"inLanguage":"fr-FR","potentialAction":[{"@type":"ReadAction","target":["https:\/\/www.esta-officiel-usa.com\/fr\/demande-desta-sur-site-officiel\/"]}]},{"@type":"BreadcrumbList","@id":"https:\/\/www.esta-officiel-usa.com\/fr\/demande-desta-sur-site-officiel\/#breadcrumb","itemListElement":[{"@type":"ListItem","position":1,"name":"Home","item":"https:\/\/www.esta-officiel-usa.com\/fr\/"},{"@type":"ListItem","position":2,"name":"Effectuer sa demande d&rsquo;ESTA sur un site officiel"}]},{"@type":"WebSite","@id":"https:\/\/www.esta-officiel-usa.com\/fr\/#website","url":"https:\/\/www.esta-officiel-usa.com\/fr\/","name":"ESTA - Etats-Unis","description":"Formulaire de demande ESTA","potentialAction":[{"@type":"SearchAction","target":{"@type":"EntryPoint","urlTemplate":"https:\/\/www.esta-officiel-usa.com\/fr\/?s={search_term_string}"},"query-input":{"@type":"PropertyValueSpecification","valueRequired":true,"valueName":"search_term_string"}}],"inLanguage":"fr-FR"}]}},"_links":{"self":[{"href":"https:\/\/www.esta-officiel-usa.com\/fr\/wp-json\/wp\/v2\/pages\/50","targetHints":{"allow":["GET"]}}],"collection":[{"href":"https:\/\/www.esta-officiel-usa.com\/fr\/wp-json\/wp\/v2\/pages"}],"about":[{"href":"https:\/\/www.esta-officiel-usa.com\/fr\/wp-json\/wp\/v2\/types\/page"}],"author":[{"embeddable":true,"href":"https:\/\/www.esta-officiel-usa.com\/fr\/wp-json\/wp\/v2\/users\/1"}],"replies":[{"embeddable":true,"href":"https:\/\/www.esta-officiel-usa.com\/fr\/wp-json\/wp\/v2\/comments?post=50"}],"version-history":[{"count":4,"href":"https:\/\/www.esta-officiel-usa.com\/fr\/wp-json\/wp\/v2\/pages\/50\/revisions"}],"predecessor-version":[{"id":794,"href":"https:\/\/www.esta-officiel-usa.com\/fr\/wp-json\/wp\/v2\/pages\/50\/revisions\/794"}],"wp:attachment":[{"href":"https:\/\/www.esta-officiel-usa.com\/fr\/wp-json\/wp\/v2\/media?parent=50"}],"curies":[{"name":"wp","href":"https:\/\/api.w.org\/{rel}","templated":true}]}}