{"id":52,"date":"2020-01-20T08:19:04","date_gmt":"2020-01-20T08:19:04","guid":{"rendered":"http:\/\/esta-officiel-usa.com\/?page_id=52"},"modified":"2020-02-01T13:10:10","modified_gmt":"2020-02-01T13:10:10","slug":"remplir-le-questionnaire-est-en-francais","status":"publish","type":"page","link":"https:\/\/www.esta-officiel-usa.com\/fr\/remplir-le-questionnaire-est-en-francais\/","title":{"rendered":"Remplir le questionnaire ESTA en francais"},"content":{"rendered":"\n<h1 class=\"wp-block-heading\">REMPLIR LE QUESTIONNAIRE ESTA<\/h1>\n\n\n\n<p>Les citoyens des pays participants au\u00a0<a href=\"https:\/\/www.esta-officiel-usa.com\/fr\/a-propos-du-visa-waiver-program\/\">Visa Waiver Program<\/a>\u00a0sont autoris\u00e9s \u00e0 effectuer une\u00a0<a href=\"https:\/\/www.esta-officiel-usa.com\/fr\/\">demande d\u2019ESTA<\/a>\u00a0en ligne. Le questionnaire peut \u00eatre rempli en quelques minutes, si vous disposez des quelques documents requis. \u00a0<\/p>\n\n\n\n<h2 class=\"wp-block-heading\">LE QUESTIONNAIRE ESTA USA C\u2019EST QUOI ?<\/h2>\n\n\n\n<p>Le questionnaire ESTA est un formulaire qui doit imp\u00e9rativement \u00eatre compl\u00e9t\u00e9, afin de recevoir une autorisation de s\u00e9jour pour les \u00c9tats-Unis (<a href=\"https:\/\/www.esta-officiel-usa.com\/fr\/voyager-aux-usa-et-decouvrir-las-vegas\/\">ESTA Las Vegas<\/a>, New York, Miami, Los Angeles&#8230;).<\/p>\n\n\n\n<p>Afin de le remplir correctement, assurez-vous d\u2019\u00eatre muni au pr\u00e9alable de :<\/p>\n\n\n\n<ul class=\"wp-block-list\"><li>votre\u00a0<a href=\"https:\/\/www.esta-officiel-usa.com\/fr\/quel-type-de-passeport-pour-les-usa\/\">passeport pour les USA<\/a>\u00a0;<\/li><li>une carte de paiement (les frais de traitement ne peuvent \u00eatre r\u00e9gl\u00e9s qu\u2019en ligne).<\/li><\/ul>\n\n\n\n<p>Le questionnaire ESTA comprend plusieurs rubriques. La premi\u00e8re porte sur les informations personnelles du voyageur. En premier lieu vous seront pos\u00e9es des questions relatives \u00e0 votre \u00e9tat civil : nom, pr\u00e9noms, date de naissance, nationalit\u00e9, num\u00e9ro de passeport, date de d\u00e9livrance et d\u2019expiration, noms des parents, adresse postale et \u00e9lectronique, num\u00e9ro de t\u00e9l\u00e9phone\u2026 Puis, si vous occupez un emploi, il vous sera demand\u00e9 de pr\u00e9ciser le nom de votre soci\u00e9t\u00e9, l\u2019adresse, ainsi que le num\u00e9ro de t\u00e9l\u00e9phone de votre employeur. Vous pouvez \u00e9galement pr\u00e9ciser si vous utilisez les r\u00e9seaux sociaux (compte Facebook\u2026). Cette question est facultative, sachez que vous n\u2019\u00eates pas oblig\u00e9 d\u2019y r\u00e9pondre.<\/p>\n\n\n\n<p>La seconde rubrique concerne le s\u00e9jour en lui-m\u00eame, pr\u00e9cisez les raisons de votre voyage, ainsi que l\u2019adresse \u00e0 laquelle vous vous rendez sur place.<\/p>\n\n\n\n<p>Les derni\u00e8res questions portent sur vos ant\u00e9c\u00e9dents m\u00e9dicaux (allergies, maladies infectieuses\u2026), vos ant\u00e9c\u00e9dents judiciaires (appartenance \u00e0 des groupes dangereux, s\u00e9jour ill\u00e9gal sur le sol am\u00e9ricain, refus ant\u00e9rieur de visa\u2026) ainsi que vos voyages pass\u00e9s en Irak, Iran, Syrie, Soudan, Y\u00e9men, Somalie et Libye depuis le 1er mars 2011.<\/p>\n\n\n\n<p>Le questionnaire doit \u00eatre rempli s\u00e9rieusement.\u00a0Toute r\u00e9ponse erron\u00e9e ou ne correspondant pas \u00e0 la r\u00e9alit\u00e9 peut g\u00e9n\u00e9rer un refus de d\u00e9livrance\u00a0de la part des autorit\u00e9s am\u00e9ricaines. Dans ce cas vous devez\u00a0<a href=\"https:\/\/www.esta-officiel-usa.com\/fr\/comment-faire-nouvelle-demande-esta-usa-apres-refus\/\">effectuer une nouvelle demande apr\u00e8s refus<\/a>.<\/p>\n\n\n\n<h2 class=\"wp-block-heading\">ACC\u00c9DER AU QUESTIONNAIRE ESTA EN LIGNE<\/h2>\n\n\n\n<p>Si vous \u00eates ressortissant d\u2019un des pays concern\u00e9s par le programme d\u2019exemption de visa et n&rsquo;\u00eates pas \u00e9galement citoyen irakien, iranien, syrien ou soudanais (double nationalit\u00e9), vous pouvez effectuer une demande d\u2019ESTA en ligne.<\/p>\n\n\n\n<p>Vous acc\u00e9dez au questionnaire obligatoire ESTA traduit en fran\u00e7ais. Une fois le document rempli, vous v\u00e9rifiez une \u00e0 une vos r\u00e9ponses afin de s\u2019assurer que votre questionnaire est compl\u00e9t\u00e9 en bonne et due forme et qu\u2019il ne manque rien. Votre demande ESTA est transmises aux autorit\u00e9s am\u00e9ricaines (notamment au\u00a0<a href=\"https:\/\/www.esta-officiel-usa.com\/fr\/le-departement-de-la-securite-interieure-americain\/\">d\u00e9partement de la s\u00e9curit\u00e9 int\u00e9rieure<\/a>) habilit\u00e9es\u00a0\u00e0 la d\u00e9livrance d\u2019autorisations de s\u00e9jour pour les \u00c9tats-Unis. Vous recevez votre document, \u00e0 t\u00e9l\u00e9charger au format PDF, sous 72 heures ! Il vous suffit ensuite de l\u2019imprimer\u00a0 ou de le sauvegarder et vous voil\u00e0 fin pr\u00eat \u00e0 conqu\u00e9rir l\u2019Am\u00e9rique.<\/p>\n","protected":false},"excerpt":{"rendered":"<p>REMPLIR LE QUESTIONNAIRE ESTA Les citoyens des pays participants au\u00a0Visa Waiver Program\u00a0sont autoris\u00e9s \u00e0 effectuer une\u00a0demande d\u2019ESTA\u00a0en ligne. Le questionnaire peut \u00eatre rempli en quelques minutes, si vous disposez des quelques documents requis. \u00a0 LE QUESTIONNAIRE ESTA USA C\u2019EST QUOI ? Le questionnaire ESTA est un formulaire qui doit imp\u00e9rativement \u00eatre compl\u00e9t\u00e9, afin de recevoir [&hellip;]<\/p>\n","protected":false},"author":1,"featured_media":0,"parent":0,"menu_order":0,"comment_status":"closed","ping_status":"closed","template":"","meta":{"footnotes":""},"class_list":["post-52","page","type-page","status-publish","hentry"],"yoast_head":"<!-- This site is optimized with the Yoast SEO plugin v26.2 - https:\/\/yoast.com\/wordpress\/plugins\/seo\/ -->\n<title>Remplir le questionnaire ESTA en francais<\/title>\n<meta name=\"description\" content=\"Les ressortissants des pays participants au VWP sont autoris\u00e9s \u00e0 faire une demande d\u2019ESTA en ligne, d\u00e9couvrez comment remplir le formulaire en Fran\u00e7ais.\" \/>\n<meta name=\"robots\" content=\"index, follow, max-snippet:-1, max-image-preview:large, max-video-preview:-1\" \/>\n<link rel=\"canonical\" href=\"https:\/\/www.esta-officiel-usa.com\/fr\/remplir-le-questionnaire-est-en-francais\/\" \/>\n<meta property=\"og:locale\" content=\"fr_FR\" \/>\n<meta property=\"og:type\" content=\"article\" \/>\n<meta property=\"og:title\" content=\"Remplir le questionnaire ESTA en francais\" \/>\n<meta property=\"og:description\" content=\"Les ressortissants des pays participants au VWP sont autoris\u00e9s \u00e0 faire une demande d\u2019ESTA en ligne, d\u00e9couvrez comment remplir le formulaire en Fran\u00e7ais.\" \/>\n<meta property=\"og:url\" content=\"https:\/\/www.esta-officiel-usa.com\/fr\/remplir-le-questionnaire-est-en-francais\/\" \/>\n<meta property=\"og:site_name\" content=\"ESTA - Etats-Unis\" \/>\n<meta property=\"article:modified_time\" content=\"2020-02-01T13:10:10+00:00\" \/>\n<meta name=\"twitter:card\" content=\"summary_large_image\" \/>\n<meta name=\"twitter:label1\" content=\"Dur\u00e9e de lecture estim\u00e9e\" \/>\n\t<meta name=\"twitter:data1\" content=\"3 minutes\" \/>\n<script type=\"application\/ld+json\" class=\"yoast-schema-graph\">{\"@context\":\"https:\/\/schema.org\",\"@graph\":[{\"@type\":\"WebPage\",\"@id\":\"https:\/\/www.esta-officiel-usa.com\/fr\/remplir-le-questionnaire-est-en-francais\/\",\"url\":\"https:\/\/www.esta-officiel-usa.com\/fr\/remplir-le-questionnaire-est-en-francais\/\",\"name\":\"Remplir le questionnaire ESTA en francais\",\"isPartOf\":{\"@id\":\"https:\/\/www.esta-officiel-usa.com\/fr\/#website\"},\"datePublished\":\"2020-01-20T08:19:04+00:00\",\"dateModified\":\"2020-02-01T13:10:10+00:00\",\"description\":\"Les ressortissants des pays participants au VWP sont autoris\u00e9s \u00e0 faire une demande d\u2019ESTA en ligne, d\u00e9couvrez comment remplir le formulaire en Fran\u00e7ais.\",\"breadcrumb\":{\"@id\":\"https:\/\/www.esta-officiel-usa.com\/fr\/remplir-le-questionnaire-est-en-francais\/#breadcrumb\"},\"inLanguage\":\"fr-FR\",\"potentialAction\":[{\"@type\":\"ReadAction\",\"target\":[\"https:\/\/www.esta-officiel-usa.com\/fr\/remplir-le-questionnaire-est-en-francais\/\"]}]},{\"@type\":\"BreadcrumbList\",\"@id\":\"https:\/\/www.esta-officiel-usa.com\/fr\/remplir-le-questionnaire-est-en-francais\/#breadcrumb\",\"itemListElement\":[{\"@type\":\"ListItem\",\"position\":1,\"name\":\"Home\",\"item\":\"https:\/\/www.esta-officiel-usa.com\/fr\/\"},{\"@type\":\"ListItem\",\"position\":2,\"name\":\"Remplir le questionnaire ESTA en francais\"}]},{\"@type\":\"WebSite\",\"@id\":\"https:\/\/www.esta-officiel-usa.com\/fr\/#website\",\"url\":\"https:\/\/www.esta-officiel-usa.com\/fr\/\",\"name\":\"ESTA - Etats-Unis\",\"description\":\"Formulaire de demande ESTA\",\"potentialAction\":[{\"@type\":\"SearchAction\",\"target\":{\"@type\":\"EntryPoint\",\"urlTemplate\":\"https:\/\/www.esta-officiel-usa.com\/fr\/?s={search_term_string}\"},\"query-input\":{\"@type\":\"PropertyValueSpecification\",\"valueRequired\":true,\"valueName\":\"search_term_string\"}}],\"inLanguage\":\"fr-FR\"}]}<\/script>\n<!-- \/ Yoast SEO plugin. -->","yoast_head_json":{"title":"Remplir le questionnaire ESTA en francais","description":"Les ressortissants des pays participants au VWP sont autoris\u00e9s \u00e0 faire une demande d\u2019ESTA en ligne, d\u00e9couvrez comment remplir le formulaire en Fran\u00e7ais.","robots":{"index":"index","follow":"follow","max-snippet":"max-snippet:-1","max-image-preview":"max-image-preview:large","max-video-preview":"max-video-preview:-1"},"canonical":"https:\/\/www.esta-officiel-usa.com\/fr\/remplir-le-questionnaire-est-en-francais\/","og_locale":"fr_FR","og_type":"article","og_title":"Remplir le questionnaire ESTA en francais","og_description":"Les ressortissants des pays participants au VWP sont autoris\u00e9s \u00e0 faire une demande d\u2019ESTA en ligne, d\u00e9couvrez comment remplir le formulaire en Fran\u00e7ais.","og_url":"https:\/\/www.esta-officiel-usa.com\/fr\/remplir-le-questionnaire-est-en-francais\/","og_site_name":"ESTA - Etats-Unis","article_modified_time":"2020-02-01T13:10:10+00:00","twitter_card":"summary_large_image","twitter_misc":{"Dur\u00e9e de lecture estim\u00e9e":"3 minutes"},"schema":{"@context":"https:\/\/schema.org","@graph":[{"@type":"WebPage","@id":"https:\/\/www.esta-officiel-usa.com\/fr\/remplir-le-questionnaire-est-en-francais\/","url":"https:\/\/www.esta-officiel-usa.com\/fr\/remplir-le-questionnaire-est-en-francais\/","name":"Remplir le questionnaire ESTA en francais","isPartOf":{"@id":"https:\/\/www.esta-officiel-usa.com\/fr\/#website"},"datePublished":"2020-01-20T08:19:04+00:00","dateModified":"2020-02-01T13:10:10+00:00","description":"Les ressortissants des pays participants au VWP sont autoris\u00e9s \u00e0 faire une demande d\u2019ESTA en ligne, d\u00e9couvrez comment remplir le formulaire en Fran\u00e7ais.","breadcrumb":{"@id":"https:\/\/www.esta-officiel-usa.com\/fr\/remplir-le-questionnaire-est-en-francais\/#breadcrumb"},"inLanguage":"fr-FR","potentialAction":[{"@type":"ReadAction","target":["https:\/\/www.esta-officiel-usa.com\/fr\/remplir-le-questionnaire-est-en-francais\/"]}]},{"@type":"BreadcrumbList","@id":"https:\/\/www.esta-officiel-usa.com\/fr\/remplir-le-questionnaire-est-en-francais\/#breadcrumb","itemListElement":[{"@type":"ListItem","position":1,"name":"Home","item":"https:\/\/www.esta-officiel-usa.com\/fr\/"},{"@type":"ListItem","position":2,"name":"Remplir le questionnaire ESTA en francais"}]},{"@type":"WebSite","@id":"https:\/\/www.esta-officiel-usa.com\/fr\/#website","url":"https:\/\/www.esta-officiel-usa.com\/fr\/","name":"ESTA - Etats-Unis","description":"Formulaire de demande ESTA","potentialAction":[{"@type":"SearchAction","target":{"@type":"EntryPoint","urlTemplate":"https:\/\/www.esta-officiel-usa.com\/fr\/?s={search_term_string}"},"query-input":{"@type":"PropertyValueSpecification","valueRequired":true,"valueName":"search_term_string"}}],"inLanguage":"fr-FR"}]}},"_links":{"self":[{"href":"https:\/\/www.esta-officiel-usa.com\/fr\/wp-json\/wp\/v2\/pages\/52","targetHints":{"allow":["GET"]}}],"collection":[{"href":"https:\/\/www.esta-officiel-usa.com\/fr\/wp-json\/wp\/v2\/pages"}],"about":[{"href":"https:\/\/www.esta-officiel-usa.com\/fr\/wp-json\/wp\/v2\/types\/page"}],"author":[{"embeddable":true,"href":"https:\/\/www.esta-officiel-usa.com\/fr\/wp-json\/wp\/v2\/users\/1"}],"replies":[{"embeddable":true,"href":"https:\/\/www.esta-officiel-usa.com\/fr\/wp-json\/wp\/v2\/comments?post=52"}],"version-history":[{"count":3,"href":"https:\/\/www.esta-officiel-usa.com\/fr\/wp-json\/wp\/v2\/pages\/52\/revisions"}],"predecessor-version":[{"id":483,"href":"https:\/\/www.esta-officiel-usa.com\/fr\/wp-json\/wp\/v2\/pages\/52\/revisions\/483"}],"wp:attachment":[{"href":"https:\/\/www.esta-officiel-usa.com\/fr\/wp-json\/wp\/v2\/media?parent=52"}],"curies":[{"name":"wp","href":"https:\/\/api.w.org\/{rel}","templated":true}]}}