{"id":55,"date":"2020-01-20T08:24:32","date_gmt":"2020-01-20T08:24:32","guid":{"rendered":"http:\/\/esta-officiel-usa.com\/?page_id=55"},"modified":"2020-02-01T10:26:17","modified_gmt":"2020-02-01T10:26:17","slug":"demander-un-esta-obligatoire-pour-les-usa-sur-internet","status":"publish","type":"page","link":"https:\/\/www.esta-officiel-usa.com\/fr\/demander-un-esta-obligatoire-pour-les-usa-sur-internet\/","title":{"rendered":"La demande obligatoire d&rsquo;ESTA pour les Etats-Unis sur internet"},"content":{"rendered":"\n<h1 class=\"wp-block-heading\">VOYAGER AVEC LE FORMULAIRE ESTA OBLIGATOIRE<\/h1>\n\n\n\n<p>Tout citoyen non am\u00e9ricain doit disposer d\u2019une autorisation de s\u00e9jour, l&rsquo;<a href=\"https:\/\/www.esta-officiel-usa.com\/fr\/\">ESTA<\/a>\u00a0par exemple,\u00a0afin de se rendre aux \u00c9tats-Unis. Nous vous expliquons dans cet article comment obtenir la v\u00f4tre \u00e0 moindre frais.<\/p>\n\n\n\n<h2 class=\"wp-block-heading\">ESTA, OBLIGATOIRE OU NON ?<\/h2>\n\n\n\n<p>\u00c0 ce jour, 3 types d\u2019autorisation&nbsp;permettent aux ressortissants fran\u00e7ais de se rendre aux USA. Chacune d\u2019entre elles pr\u00e9sente des avantages mais aussi quelques inconv\u00e9nients.<\/p>\n\n\n\n<figure class=\"wp-block-table\"><table class=\"\"><tbody><tr><td>TYPE D AUTORISATION<\/td><td>AVANTAGES<\/td><td>INCONVENIENTS<\/td><\/tr><tr><td><a href=\"https:\/\/www.esta-officiel-usa.com\/fr\/quest-ce-que-la-green-card\/\">Green card<\/a><\/td><td>s\u00e9jour de longue dur\u00e9epossibilit\u00e9 de travailler aux USA<\/td><td>tr\u00e8s difficile \u00e0 obtenird\u00e9lai de r\u00e9ception tr\u00e8s longco\u00fbt on\u00e9reux<\/td><\/tr><tr><td>Visa<\/td><td>s\u00e9jour de moyenne dur\u00e9epossibilit\u00e9 selon la forme de travailler aux USA<\/td><td>assez difficile \u00e0 obtenird\u00e9lai de r\u00e9ception assez longco\u00fbt on\u00e9reux<\/td><\/tr><tr><td>ESTA<\/td><td>facile \u00e0 obtenird\u00e9lai d\u2019obtention tr\u00e8s courtco\u00fbt faible<\/td><td>ne permet pas d\u2019occuper un poste aux USAdur\u00e9e du s\u00e9jour limit\u00e9e \u00e0 90 jours<\/td><\/tr><\/tbody><\/table><\/figure>\n\n\n\n<p>\u00c0 la lecture de ce tableau on remarque que l\u2019ESTA constitue la formule qui pr\u00e9sente le plus d\u2019avantages et le moins d\u2019inconv\u00e9nients.<\/p>\n\n\n\n<p>Ainsi, l\u2019ESTA appara\u00eet comme la solution id\u00e9ale des personnes souhaitant s\u00e9journer aux \u00c9tats-Unis pour une dur\u00e9e de 90 jours cons\u00e9cutifs maximum, pour raisons touristiques ou professionnelles. En effet, bien que l\u2019ESTA obligatoire ne permette pas d\u2019occuper un poste \u00e0 proprement parler aux \u00c9tats-Unis, il offre tout de m\u00eame la possibilit\u00e9 de se rendre sur le sol am\u00e9ricain pour assister \u00e0 des r\u00e9unions, des conf\u00e9rences, suivre une formation de courte dur\u00e9e non r\u00e9mun\u00e9r\u00e9e\u2026<\/p>\n\n\n\n<p>L\u2019ESTA, qui a pour acronyme \u201cElectric System for Travel Authorization\u201d, a justement \u00e9t\u00e9 cr\u00e9\u00e9 dans le but de simplifier les d\u00e9parts vers les \u00c9tats-Unis des ressortissants non am\u00e9ricains. N\u00e9 dans le cadre du\u00a0<a href=\"https:\/\/www.esta-officiel-usa.com\/fr\/a-propos-du-visa-waiver-program\/\">Visa Waiver Program<\/a>, \u00e0 ce jour 38 pays b\u00e9n\u00e9ficient du programme d\u2019exemption de visa.<\/p>\n\n\n\n<p>Depuis, chaque ann\u00e9e, des millions de voyageurs profitent de cette opportunit\u00e9 d\u2019autorisation simplifi\u00e9e. Si vous aussi vous souhaitez recevoir la v\u00f4tre, esta-officiel-usa.com vous accompagne dans votre d\u00e9marche.<\/p>\n\n\n\n<h2 class=\"wp-block-heading\">DEMANDER SON FORMULAIRE ESTA OBLIGATOIRE<\/h2>\n\n\n\n<p>esta-officiel-usa.com est un prestataire priv\u00e9 qui assiste les voyageurs dans leur demande d\u2019autorisation de s\u00e9jour vers les USA.<\/p>\n\n\n\n<p>En cliquant sur notre plateforme, vous acc\u00e9dez \u00e0 un questionnaire ESTA obligatoire r\u00e9dig\u00e9 en fran\u00e7ais. Une fois le formulaire rempli, notre \u00e9quipe prend le relais ! Nous v\u00e9rifions une \u00e0 une vos r\u00e9ponses afin de limiter les\u00a0risques d\u2019erreur. Cette \u00e9tape est importante car la moindre erreur commise au moment du remplissage du formulaire peut conduire \u00e0 un refus de d\u00e9livrance d\u2019autorisation. Nous proc\u00e9dons ensuite \u00e0 l\u2019envoi de votre questionnaire aux\u00a0<a href=\"https:\/\/www.esta-officiel-usa.com\/fr\/le-departement-de-la-securite-interieure-americain\/\">autorit\u00e9s am\u00e9ricaines du service de la s\u00e9curit\u00e9 int\u00e9rieure<\/a>, car \u00e0 ce jour, seul ce service est habilit\u00e9 \u00e0 accorder les autorisations de s\u00e9jour. Vous obtenez votre document directement dans votre bo\u00eete mail sous 72 heures, et le plus souvent le jour m\u00eame. Une fois le document re\u00e7u, il vous suffit de le t\u00e9l\u00e9charger sous format PDF, puis \u00e9ventuellement de l\u2019imprimer.<\/p>\n\n\n\n<p>Votre autorisation en poche, vous voil\u00e0 fin pr\u00eat \u00e0 vous pencher sur\u00a0les\u00a0<a href=\"https:\/\/www.esta-officiel-usa.com\/fr\/les-demarches-pour-visiter-les-etats-unis\/\">autres d\u00e9marches pour visiter les Etats-Unis<\/a>\u00a0(h\u00e9bergements, visites, sorties, d\u00e9placements\u2026).<br><br><\/p>\n","protected":false},"excerpt":{"rendered":"<p>VOYAGER AVEC LE FORMULAIRE ESTA OBLIGATOIRE Tout citoyen non am\u00e9ricain doit disposer d\u2019une autorisation de s\u00e9jour, l&rsquo;ESTA\u00a0par exemple,\u00a0afin de se rendre aux \u00c9tats-Unis. Nous vous expliquons dans cet article comment obtenir la v\u00f4tre \u00e0 moindre frais. ESTA, OBLIGATOIRE OU NON ? \u00c0 ce jour, 3 types d\u2019autorisation&nbsp;permettent aux ressortissants fran\u00e7ais de se rendre aux USA. [&hellip;]<\/p>\n","protected":false},"author":1,"featured_media":0,"parent":0,"menu_order":0,"comment_status":"closed","ping_status":"closed","template":"","meta":{"footnotes":""},"class_list":["post-55","page","type-page","status-publish","hentry"],"yoast_head":"<!-- This site is optimized with the Yoast SEO plugin v26.2 - https:\/\/yoast.com\/wordpress\/plugins\/seo\/ -->\n<title>La demande obligatoire d&#039;ESTA pour les Etats-Unis sur internet<\/title>\n<meta name=\"description\" content=\"Tout citoyen non Am\u00e9ricain doit disposer d&#039;une autorisation d&#039;entr\u00e9e aux Etats-Unis, d\u00e9couvrez les types de demandes obligatoires sur notre page.\" \/>\n<meta name=\"robots\" content=\"index, follow, max-snippet:-1, max-image-preview:large, max-video-preview:-1\" \/>\n<link rel=\"canonical\" href=\"https:\/\/www.esta-officiel-usa.com\/fr\/demander-un-esta-obligatoire-pour-les-usa-sur-internet\/\" \/>\n<meta property=\"og:locale\" content=\"fr_FR\" \/>\n<meta property=\"og:type\" content=\"article\" \/>\n<meta property=\"og:title\" content=\"La demande obligatoire d&#039;ESTA pour les Etats-Unis sur internet\" \/>\n<meta property=\"og:description\" content=\"Tout citoyen non Am\u00e9ricain doit disposer d&#039;une autorisation d&#039;entr\u00e9e aux Etats-Unis, d\u00e9couvrez les types de demandes obligatoires sur notre page.\" \/>\n<meta property=\"og:url\" content=\"https:\/\/www.esta-officiel-usa.com\/fr\/demander-un-esta-obligatoire-pour-les-usa-sur-internet\/\" \/>\n<meta property=\"og:site_name\" content=\"ESTA - Etats-Unis\" \/>\n<meta property=\"article:modified_time\" content=\"2020-02-01T10:26:17+00:00\" \/>\n<meta name=\"twitter:card\" content=\"summary_large_image\" \/>\n<meta name=\"twitter:label1\" content=\"Dur\u00e9e de lecture estim\u00e9e\" \/>\n\t<meta name=\"twitter:data1\" content=\"3 minutes\" \/>\n<script type=\"application\/ld+json\" class=\"yoast-schema-graph\">{\"@context\":\"https:\/\/schema.org\",\"@graph\":[{\"@type\":\"WebPage\",\"@id\":\"https:\/\/www.esta-officiel-usa.com\/fr\/demander-un-esta-obligatoire-pour-les-usa-sur-internet\/\",\"url\":\"https:\/\/www.esta-officiel-usa.com\/fr\/demander-un-esta-obligatoire-pour-les-usa-sur-internet\/\",\"name\":\"La demande obligatoire d'ESTA pour les Etats-Unis sur internet\",\"isPartOf\":{\"@id\":\"https:\/\/www.esta-officiel-usa.com\/fr\/#website\"},\"datePublished\":\"2020-01-20T08:24:32+00:00\",\"dateModified\":\"2020-02-01T10:26:17+00:00\",\"description\":\"Tout citoyen non Am\u00e9ricain doit disposer d'une autorisation d'entr\u00e9e aux Etats-Unis, d\u00e9couvrez les types de demandes obligatoires sur notre page.\",\"breadcrumb\":{\"@id\":\"https:\/\/www.esta-officiel-usa.com\/fr\/demander-un-esta-obligatoire-pour-les-usa-sur-internet\/#breadcrumb\"},\"inLanguage\":\"fr-FR\",\"potentialAction\":[{\"@type\":\"ReadAction\",\"target\":[\"https:\/\/www.esta-officiel-usa.com\/fr\/demander-un-esta-obligatoire-pour-les-usa-sur-internet\/\"]}]},{\"@type\":\"BreadcrumbList\",\"@id\":\"https:\/\/www.esta-officiel-usa.com\/fr\/demander-un-esta-obligatoire-pour-les-usa-sur-internet\/#breadcrumb\",\"itemListElement\":[{\"@type\":\"ListItem\",\"position\":1,\"name\":\"Home\",\"item\":\"https:\/\/www.esta-officiel-usa.com\/fr\/\"},{\"@type\":\"ListItem\",\"position\":2,\"name\":\"La demande obligatoire d&rsquo;ESTA pour les Etats-Unis sur internet\"}]},{\"@type\":\"WebSite\",\"@id\":\"https:\/\/www.esta-officiel-usa.com\/fr\/#website\",\"url\":\"https:\/\/www.esta-officiel-usa.com\/fr\/\",\"name\":\"ESTA - Etats-Unis\",\"description\":\"Formulaire de demande ESTA\",\"potentialAction\":[{\"@type\":\"SearchAction\",\"target\":{\"@type\":\"EntryPoint\",\"urlTemplate\":\"https:\/\/www.esta-officiel-usa.com\/fr\/?s={search_term_string}\"},\"query-input\":{\"@type\":\"PropertyValueSpecification\",\"valueRequired\":true,\"valueName\":\"search_term_string\"}}],\"inLanguage\":\"fr-FR\"}]}<\/script>\n<!-- \/ Yoast SEO plugin. -->","yoast_head_json":{"title":"La demande obligatoire d'ESTA pour les Etats-Unis sur internet","description":"Tout citoyen non Am\u00e9ricain doit disposer d'une autorisation d'entr\u00e9e aux Etats-Unis, d\u00e9couvrez les types de demandes obligatoires sur notre page.","robots":{"index":"index","follow":"follow","max-snippet":"max-snippet:-1","max-image-preview":"max-image-preview:large","max-video-preview":"max-video-preview:-1"},"canonical":"https:\/\/www.esta-officiel-usa.com\/fr\/demander-un-esta-obligatoire-pour-les-usa-sur-internet\/","og_locale":"fr_FR","og_type":"article","og_title":"La demande obligatoire d'ESTA pour les Etats-Unis sur internet","og_description":"Tout citoyen non Am\u00e9ricain doit disposer d'une autorisation d'entr\u00e9e aux Etats-Unis, d\u00e9couvrez les types de demandes obligatoires sur notre page.","og_url":"https:\/\/www.esta-officiel-usa.com\/fr\/demander-un-esta-obligatoire-pour-les-usa-sur-internet\/","og_site_name":"ESTA - Etats-Unis","article_modified_time":"2020-02-01T10:26:17+00:00","twitter_card":"summary_large_image","twitter_misc":{"Dur\u00e9e de lecture estim\u00e9e":"3 minutes"},"schema":{"@context":"https:\/\/schema.org","@graph":[{"@type":"WebPage","@id":"https:\/\/www.esta-officiel-usa.com\/fr\/demander-un-esta-obligatoire-pour-les-usa-sur-internet\/","url":"https:\/\/www.esta-officiel-usa.com\/fr\/demander-un-esta-obligatoire-pour-les-usa-sur-internet\/","name":"La demande obligatoire d'ESTA pour les Etats-Unis sur internet","isPartOf":{"@id":"https:\/\/www.esta-officiel-usa.com\/fr\/#website"},"datePublished":"2020-01-20T08:24:32+00:00","dateModified":"2020-02-01T10:26:17+00:00","description":"Tout citoyen non Am\u00e9ricain doit disposer d'une autorisation d'entr\u00e9e aux Etats-Unis, d\u00e9couvrez les types de demandes obligatoires sur notre page.","breadcrumb":{"@id":"https:\/\/www.esta-officiel-usa.com\/fr\/demander-un-esta-obligatoire-pour-les-usa-sur-internet\/#breadcrumb"},"inLanguage":"fr-FR","potentialAction":[{"@type":"ReadAction","target":["https:\/\/www.esta-officiel-usa.com\/fr\/demander-un-esta-obligatoire-pour-les-usa-sur-internet\/"]}]},{"@type":"BreadcrumbList","@id":"https:\/\/www.esta-officiel-usa.com\/fr\/demander-un-esta-obligatoire-pour-les-usa-sur-internet\/#breadcrumb","itemListElement":[{"@type":"ListItem","position":1,"name":"Home","item":"https:\/\/www.esta-officiel-usa.com\/fr\/"},{"@type":"ListItem","position":2,"name":"La demande obligatoire d&rsquo;ESTA pour les Etats-Unis sur internet"}]},{"@type":"WebSite","@id":"https:\/\/www.esta-officiel-usa.com\/fr\/#website","url":"https:\/\/www.esta-officiel-usa.com\/fr\/","name":"ESTA - Etats-Unis","description":"Formulaire de demande ESTA","potentialAction":[{"@type":"SearchAction","target":{"@type":"EntryPoint","urlTemplate":"https:\/\/www.esta-officiel-usa.com\/fr\/?s={search_term_string}"},"query-input":{"@type":"PropertyValueSpecification","valueRequired":true,"valueName":"search_term_string"}}],"inLanguage":"fr-FR"}]}},"_links":{"self":[{"href":"https:\/\/www.esta-officiel-usa.com\/fr\/wp-json\/wp\/v2\/pages\/55","targetHints":{"allow":["GET"]}}],"collection":[{"href":"https:\/\/www.esta-officiel-usa.com\/fr\/wp-json\/wp\/v2\/pages"}],"about":[{"href":"https:\/\/www.esta-officiel-usa.com\/fr\/wp-json\/wp\/v2\/types\/page"}],"author":[{"embeddable":true,"href":"https:\/\/www.esta-officiel-usa.com\/fr\/wp-json\/wp\/v2\/users\/1"}],"replies":[{"embeddable":true,"href":"https:\/\/www.esta-officiel-usa.com\/fr\/wp-json\/wp\/v2\/comments?post=55"}],"version-history":[{"count":2,"href":"https:\/\/www.esta-officiel-usa.com\/fr\/wp-json\/wp\/v2\/pages\/55\/revisions"}],"predecessor-version":[{"id":431,"href":"https:\/\/www.esta-officiel-usa.com\/fr\/wp-json\/wp\/v2\/pages\/55\/revisions\/431"}],"wp:attachment":[{"href":"https:\/\/www.esta-officiel-usa.com\/fr\/wp-json\/wp\/v2\/media?parent=55"}],"curies":[{"name":"wp","href":"https:\/\/api.w.org\/{rel}","templated":true}]}}