{"id":57,"date":"2020-01-20T08:28:16","date_gmt":"2020-01-20T08:28:16","guid":{"rendered":"http:\/\/esta-officiel-usa.com\/?page_id=57"},"modified":"2024-04-12T08:12:53","modified_gmt":"2024-04-12T08:12:53","slug":"doit-on-obligatoirement-imprimer-lesta","status":"publish","type":"page","link":"https:\/\/www.esta-officiel-usa.com\/fr\/doit-on-obligatoirement-imprimer-lesta\/","title":{"rendered":"Doit-on obligatoirement imprimer sa demande d&rsquo;ESTA?"},"content":{"rendered":"\n<h1 class=\"wp-block-heading\">L\u2019ESTA DOIT-IL \u00caTRE IMPRIM\u00c9 POUR \u00caTRE VALABLE ?<\/h1>\n\n\n\n<p>Cette question traverse de nombreux esprits lors de la r\u00e9ception d\u2019une\u00a0<a href=\"https:\/\/www.esta-officiel-usa.com\/fr\/\">autorisation ESTA<\/a>\u00a0permettant de voyager vers les \u00c9tats-Unis. La d\u00e9marche s\u2019effectue en ligne et le document se re\u00e7oit sous format num\u00e9rique. Alors que faire ensuite : est-il obligatoire de l\u2019imprimer afin de le pr\u00e9senter aux autorit\u00e9s d\u00e8s l\u2019envol de votre avion ? Ou peut-on se passer de toute preuve \u00e9crite ? Pour rappel, l\u2019ESTA n\u2019est accessible qu\u2019aux ressortissants des pays participant au Programme d\u2019exemption de visa. Les autres personnes comptant voyager aux \u00c9tats-Unis auront pour obligation de se procurer un visa, parmi les dizaines qui existent suivant la raison du s\u00e9jour.<\/p>\n\n\n\n<h2 class=\"wp-block-heading\">L\u2019IMPRESSION DE L\u2019ESTA N\u2019EST PAS OBLIGATOIRE<\/h2>\n\n\n\n<p>Lorsque vous faites une demande d\u2019entr\u00e9e aux USA, via un formulaire ESTA officiel, toute la suite des \u00e9v\u00e9nements s\u2019effectue de mani\u00e8re informatis\u00e9e : traitement des informations renseign\u00e9es, demande \u00e9ventuelle de&nbsp;<a href=\"https:\/\/www.esta-officiel-usa.com\/fr\/autorisation-esta-mise-a-jour\/\">mise \u00e0 jour de l\u2019ESTA<\/a>, envoi de l\u2019autorisation ou du refus, etc. De leur c\u00f4t\u00e9, les autorit\u00e9s am\u00e9ricaines ont donc la possibilit\u00e9 de conna\u00eetre votre statut \u00e0 tout moment, sans besoin de voir votre autorisation sur papier.<\/p>\n\n\n\n<p>L\u2019impression de l\u2019ESTA n\u2019est donc pas impos\u00e9e puisqu\u2019il est relativement simple de retrouver votre autorisation par voie informatique. Lors de votre arriv\u00e9e aux \u00c9tats-Unis, votre passeport sera contr\u00f4l\u00e9 et fera figure d\u2019identifiant, afin que les autorit\u00e9s acc\u00e8dent \u00e0 votre dossier et confirment votre permission de s\u00e9jour. Dans ce cas, vous n\u2019aurez nul besoin de pr\u00e9senter votre ESTA.<\/p>\n\n\n\n<p>Note : gardez \u00e0 l\u2019esprit que la d\u00e9livrance d\u2019ESTA est rapide (moins de 72h) mais pas automatique. Si vous comptez partir bient\u00f4t, prenez de l\u2019avance pour votre demande afin de ne pas vous retrouver dans l\u2019urgence et faire des erreurs d\u2019inattention en compl\u00e9tant les champs du formulaire en ligne.<\/p>\n\n\n\n<h2 class=\"wp-block-heading\">CONSERVER UNE COPIE DU DOCUMENT PAR PR\u00c9CAUTION<\/h2>\n\n\n\n<p>Il n\u2019est jamais trop prudent de parer \u00e0 toute \u00e9ventualit\u00e9&nbsp;et de s\u2019adapter aux hypoth\u00e8ses pessimistes. En effet, aucun syst\u00e8me informatique n\u2019est infaillible : des probl\u00e8mes ou des pannes peuvent parfois survenir, ce qui retardera votre&nbsp;<a href=\"https:\/\/www.esta-officiel-usa.com\/fr\/les-formalites-dentree-aux-etats-unis\/\">entr\u00e9e aux USA via l\u2019ESTA<\/a>. Pour parer au mieux \u00e0 toute \u00e9ventualit\u00e9, cela ne vous co\u00fbte rien d\u2019imprimer votre document.<\/p>\n\n\n\n<p>Par ailleurs, si par exemple vous voyagez jusqu\u2019aux \u00c9tats-Unis en bateau, il n\u2019est pas s\u00fbr que la compagnie dispose des moyens de v\u00e9rification \u00e9lectronique ad\u00e9quats. Mettez donc toutes les chances de votre c\u00f4t\u00e9 en conservant un exemplaire papier de votre ESTA.<\/p>\n\n\n\n<p>Non seulement vous pouvez v\u00e9rifier \u00e0 tout moment la dur\u00e9e de s\u00e9jour qu\u2019il vous reste avant la date d\u2019expiration (pour rappel, l\u2019autorisation vous permet de voyager sur le sol am\u00e9ricain durant 90 jours maximum), mais elle fera \u00e9galement office de preuve de&nbsp;<a href=\"https:\/\/www.esta-officiel-usa.com\/fr\/la-duree-de-validite-de-lesta\/\">validit\u00e9 de l\u2019ESTA&nbsp;<\/a>en cas de nouveau d\u00e9part aux USA, dans la p\u00e9riode accord\u00e9e de 2 ans.<\/p>\n\n\n\n<p>En parall\u00e8le, gardez un m\u00e9mo avev&nbsp;votre num\u00e9ro de r\u00e9f\u00e9rence sur un bout de papier ou sur votre t\u00e9l\u00e9phone. Ce num\u00e9ro vous parvient en m\u00eame temps que votre ESTA. Il vous sera pr\u00e9cieux pour acc\u00e9l\u00e9rer le processus de contr\u00f4le en cas de d\u00e9faillance technique du mat\u00e9riel informatique.<\/p>\n\n\n\n<p>Pour conclure, libre \u00e0 vous d&rsquo;imprimer votre autorisation ESTA ou non.<\/p>\n","protected":false},"excerpt":{"rendered":"<p>L\u2019ESTA DOIT-IL \u00caTRE IMPRIM\u00c9 POUR \u00caTRE VALABLE ? Cette question traverse de nombreux esprits lors de la r\u00e9ception d\u2019une\u00a0autorisation ESTA\u00a0permettant de voyager vers les \u00c9tats-Unis. La d\u00e9marche s\u2019effectue en ligne et le document se re\u00e7oit sous format num\u00e9rique. Alors que faire ensuite : est-il obligatoire de l\u2019imprimer afin de le pr\u00e9senter aux autorit\u00e9s d\u00e8s l\u2019envol [&hellip;]<\/p>\n","protected":false},"author":1,"featured_media":0,"parent":0,"menu_order":0,"comment_status":"closed","ping_status":"closed","template":"","meta":{"footnotes":""},"class_list":["post-57","page","type-page","status-publish","hentry"],"yoast_head":"<!-- This site is optimized with the Yoast SEO plugin v26.2 - https:\/\/yoast.com\/wordpress\/plugins\/seo\/ -->\n<title>Doit-on obligatoirement imprimer sa demande d&#039;ESTA?<\/title>\n<meta name=\"description\" content=\"Tout est pr\u00eat pour votre s\u00e9jour aux Etats-Unis, vous vous demandez si vous devez imprimer votre ESTA, nos experts vous r\u00e9pondent.\" \/>\n<meta name=\"robots\" content=\"index, follow, max-snippet:-1, max-image-preview:large, max-video-preview:-1\" \/>\n<link rel=\"canonical\" href=\"https:\/\/www.esta-officiel-usa.com\/fr\/doit-on-obligatoirement-imprimer-lesta\/\" \/>\n<meta property=\"og:locale\" content=\"fr_FR\" \/>\n<meta property=\"og:type\" content=\"article\" \/>\n<meta property=\"og:title\" content=\"Doit-on obligatoirement imprimer sa demande d&#039;ESTA?\" \/>\n<meta property=\"og:description\" content=\"Tout est pr\u00eat pour votre s\u00e9jour aux Etats-Unis, vous vous demandez si vous devez imprimer votre ESTA, nos experts vous r\u00e9pondent.\" \/>\n<meta property=\"og:url\" content=\"https:\/\/www.esta-officiel-usa.com\/fr\/doit-on-obligatoirement-imprimer-lesta\/\" \/>\n<meta property=\"og:site_name\" content=\"ESTA - Etats-Unis\" \/>\n<meta property=\"article:modified_time\" content=\"2024-04-12T08:12:53+00:00\" \/>\n<meta name=\"twitter:card\" content=\"summary_large_image\" \/>\n<meta name=\"twitter:label1\" content=\"Dur\u00e9e de lecture estim\u00e9e\" \/>\n\t<meta name=\"twitter:data1\" content=\"3 minutes\" \/>\n<script type=\"application\/ld+json\" class=\"yoast-schema-graph\">{\"@context\":\"https:\/\/schema.org\",\"@graph\":[{\"@type\":\"WebPage\",\"@id\":\"https:\/\/www.esta-officiel-usa.com\/fr\/doit-on-obligatoirement-imprimer-lesta\/\",\"url\":\"https:\/\/www.esta-officiel-usa.com\/fr\/doit-on-obligatoirement-imprimer-lesta\/\",\"name\":\"Doit-on obligatoirement imprimer sa demande d'ESTA?\",\"isPartOf\":{\"@id\":\"https:\/\/www.esta-officiel-usa.com\/fr\/#website\"},\"datePublished\":\"2020-01-20T08:28:16+00:00\",\"dateModified\":\"2024-04-12T08:12:53+00:00\",\"description\":\"Tout est pr\u00eat pour votre s\u00e9jour aux Etats-Unis, vous vous demandez si vous devez imprimer votre ESTA, nos experts vous r\u00e9pondent.\",\"breadcrumb\":{\"@id\":\"https:\/\/www.esta-officiel-usa.com\/fr\/doit-on-obligatoirement-imprimer-lesta\/#breadcrumb\"},\"inLanguage\":\"fr-FR\",\"potentialAction\":[{\"@type\":\"ReadAction\",\"target\":[\"https:\/\/www.esta-officiel-usa.com\/fr\/doit-on-obligatoirement-imprimer-lesta\/\"]}]},{\"@type\":\"BreadcrumbList\",\"@id\":\"https:\/\/www.esta-officiel-usa.com\/fr\/doit-on-obligatoirement-imprimer-lesta\/#breadcrumb\",\"itemListElement\":[{\"@type\":\"ListItem\",\"position\":1,\"name\":\"Home\",\"item\":\"https:\/\/www.esta-officiel-usa.com\/fr\/\"},{\"@type\":\"ListItem\",\"position\":2,\"name\":\"Doit-on obligatoirement imprimer sa demande d&rsquo;ESTA?\"}]},{\"@type\":\"WebSite\",\"@id\":\"https:\/\/www.esta-officiel-usa.com\/fr\/#website\",\"url\":\"https:\/\/www.esta-officiel-usa.com\/fr\/\",\"name\":\"ESTA - Etats-Unis\",\"description\":\"Formulaire de demande ESTA\",\"potentialAction\":[{\"@type\":\"SearchAction\",\"target\":{\"@type\":\"EntryPoint\",\"urlTemplate\":\"https:\/\/www.esta-officiel-usa.com\/fr\/?s={search_term_string}\"},\"query-input\":{\"@type\":\"PropertyValueSpecification\",\"valueRequired\":true,\"valueName\":\"search_term_string\"}}],\"inLanguage\":\"fr-FR\"}]}<\/script>\n<!-- \/ Yoast SEO plugin. -->","yoast_head_json":{"title":"Doit-on obligatoirement imprimer sa demande d'ESTA?","description":"Tout est pr\u00eat pour votre s\u00e9jour aux Etats-Unis, vous vous demandez si vous devez imprimer votre ESTA, nos experts vous r\u00e9pondent.","robots":{"index":"index","follow":"follow","max-snippet":"max-snippet:-1","max-image-preview":"max-image-preview:large","max-video-preview":"max-video-preview:-1"},"canonical":"https:\/\/www.esta-officiel-usa.com\/fr\/doit-on-obligatoirement-imprimer-lesta\/","og_locale":"fr_FR","og_type":"article","og_title":"Doit-on obligatoirement imprimer sa demande d'ESTA?","og_description":"Tout est pr\u00eat pour votre s\u00e9jour aux Etats-Unis, vous vous demandez si vous devez imprimer votre ESTA, nos experts vous r\u00e9pondent.","og_url":"https:\/\/www.esta-officiel-usa.com\/fr\/doit-on-obligatoirement-imprimer-lesta\/","og_site_name":"ESTA - Etats-Unis","article_modified_time":"2024-04-12T08:12:53+00:00","twitter_card":"summary_large_image","twitter_misc":{"Dur\u00e9e de lecture estim\u00e9e":"3 minutes"},"schema":{"@context":"https:\/\/schema.org","@graph":[{"@type":"WebPage","@id":"https:\/\/www.esta-officiel-usa.com\/fr\/doit-on-obligatoirement-imprimer-lesta\/","url":"https:\/\/www.esta-officiel-usa.com\/fr\/doit-on-obligatoirement-imprimer-lesta\/","name":"Doit-on obligatoirement imprimer sa demande d'ESTA?","isPartOf":{"@id":"https:\/\/www.esta-officiel-usa.com\/fr\/#website"},"datePublished":"2020-01-20T08:28:16+00:00","dateModified":"2024-04-12T08:12:53+00:00","description":"Tout est pr\u00eat pour votre s\u00e9jour aux Etats-Unis, vous vous demandez si vous devez imprimer votre ESTA, nos experts vous r\u00e9pondent.","breadcrumb":{"@id":"https:\/\/www.esta-officiel-usa.com\/fr\/doit-on-obligatoirement-imprimer-lesta\/#breadcrumb"},"inLanguage":"fr-FR","potentialAction":[{"@type":"ReadAction","target":["https:\/\/www.esta-officiel-usa.com\/fr\/doit-on-obligatoirement-imprimer-lesta\/"]}]},{"@type":"BreadcrumbList","@id":"https:\/\/www.esta-officiel-usa.com\/fr\/doit-on-obligatoirement-imprimer-lesta\/#breadcrumb","itemListElement":[{"@type":"ListItem","position":1,"name":"Home","item":"https:\/\/www.esta-officiel-usa.com\/fr\/"},{"@type":"ListItem","position":2,"name":"Doit-on obligatoirement imprimer sa demande d&rsquo;ESTA?"}]},{"@type":"WebSite","@id":"https:\/\/www.esta-officiel-usa.com\/fr\/#website","url":"https:\/\/www.esta-officiel-usa.com\/fr\/","name":"ESTA - Etats-Unis","description":"Formulaire de demande ESTA","potentialAction":[{"@type":"SearchAction","target":{"@type":"EntryPoint","urlTemplate":"https:\/\/www.esta-officiel-usa.com\/fr\/?s={search_term_string}"},"query-input":{"@type":"PropertyValueSpecification","valueRequired":true,"valueName":"search_term_string"}}],"inLanguage":"fr-FR"}]}},"_links":{"self":[{"href":"https:\/\/www.esta-officiel-usa.com\/fr\/wp-json\/wp\/v2\/pages\/57","targetHints":{"allow":["GET"]}}],"collection":[{"href":"https:\/\/www.esta-officiel-usa.com\/fr\/wp-json\/wp\/v2\/pages"}],"about":[{"href":"https:\/\/www.esta-officiel-usa.com\/fr\/wp-json\/wp\/v2\/types\/page"}],"author":[{"embeddable":true,"href":"https:\/\/www.esta-officiel-usa.com\/fr\/wp-json\/wp\/v2\/users\/1"}],"replies":[{"embeddable":true,"href":"https:\/\/www.esta-officiel-usa.com\/fr\/wp-json\/wp\/v2\/comments?post=57"}],"version-history":[{"count":4,"href":"https:\/\/www.esta-officiel-usa.com\/fr\/wp-json\/wp\/v2\/pages\/57\/revisions"}],"predecessor-version":[{"id":792,"href":"https:\/\/www.esta-officiel-usa.com\/fr\/wp-json\/wp\/v2\/pages\/57\/revisions\/792"}],"wp:attachment":[{"href":"https:\/\/www.esta-officiel-usa.com\/fr\/wp-json\/wp\/v2\/media?parent=57"}],"curies":[{"name":"wp","href":"https:\/\/api.w.org\/{rel}","templated":true}]}}