{"id":59,"date":"2020-01-20T08:30:52","date_gmt":"2020-01-20T08:30:52","guid":{"rendered":"http:\/\/esta-officiel-usa.com\/?page_id=59"},"modified":"2020-02-01T17:34:15","modified_gmt":"2020-02-01T17:34:15","slug":"obtenir-le-certificat-esta","status":"publish","type":"page","link":"https:\/\/www.esta-officiel-usa.com\/fr\/obtenir-le-certificat-esta\/","title":{"rendered":"Obtenir son certificat ESTA"},"content":{"rendered":"\n<h1 class=\"wp-block-heading\">LES AVANTAGES DU CERTIFICAT ESTA<\/h1>\n\n\n\n<p>Si vous souhaitez vous rendre aux \u00c9tats-Unis pour des raisons touristiques ou professionnelles, alors le\u00a0<a href=\"https:\/\/www.esta-officiel-usa.com\/fr\/\">certificat ESTA<\/a>\u00a0est fait pour vous. Celui-ci permet notamment aux touristes ou aux voyageurs d\u2019affaires d\u2019entrer aux \u00c9tats-Unis sans devoir pr\u00e9alablement obtenir un visa am\u00e9ricain. L&rsquo;ESTA entre dans le cadre du Visa Waiver Program et facilite l&rsquo;acc\u00e8s au territoire am\u00e9ricain tout en renfor\u00e7ant la s\u00e9curit\u00e9 de celui-ci. Comment fonctionne cette autorisation de voyage pas comme les autres ? R\u00e9ponse dans cet article d\u00e9di\u00e9.<\/p>\n\n\n\n<h2 class=\"wp-block-heading\">QUELLES SONT LES UTILIT\u00c9S DU CERTIFICAT ESTA ?<\/h2>\n\n\n\n<p>Depuis 2009, afin d\u2019\u00e9tablir un renforcement des contr\u00f4les de s\u00e9curit\u00e9 r\u00e9alis\u00e9s par les \u00c9tats-Unis, tous les voyageurs (adultes comme enfants) d\u00e9sirant se rendre aux USA, par avion ou par bateau, sont tenus de poss\u00e9der un Certificat ESTA (Electronic System for Travel Authorisation). Cette autorisation de voyage est une cr\u00e9ation issue d\u2019une coop\u00e9ration internationale faisant d\u00e9sormais partie des\u00a0<a href=\"https:\/\/www.esta-officiel-usa.com\/fr\/les-demarches-pour-visiter-les-etats-unis\/\">d\u00e9marches pour visiter les \u00c9tats-Unis<\/a>.<\/p>\n\n\n\n<p>Les pays participants au VWP sont :<\/p>\n\n\n\n<p>Andorre, Allemagne, Australie, Autriche, Belgique, Brunei, Cor\u00e9e du Sud, Danemark, Espagne, Estonie, Finlande, France, Gr\u00e8ce, Hongrie, Irlande, Islande, Italie, Japon, Lettonie, Liechtenstein, Lituanie, Luxembourg, Monaco, Norv\u00e8ge, Nouvelle-Z\u00e9lande, Pays-Bas, Portugal, R\u00e9publique de Malte, R\u00e9publique tch\u00e8que, Royaume-Uni, Saint-Marin, Singapour, Slovaquie, Slov\u00e9nie, Su\u00e8de, Suisse.<\/p>\n\n\n\n<p>Les d\u00e9tenteurs d\u2019un passeport d\u00e9livr\u00e9 par les pays list\u00e9s ci-dessus sont \u00e9ligibles \u00e0 faire une demande pour obtenir l\u2019ESTA. La demande d\u2019ESTA n\u00e9cessite de r\u00e9pondre \u00e0 plusieurs questions telles que : les noms et pr\u00e9noms, les pseudonymes, la ville de naissance, les informations contenues sur le passeport, les coordonn\u00e9es du voyageur, les noms et pr\u00e9noms des parents, les personnes \u00e0 contacter en cas d\u2019urgence, ainsi que l&rsquo;adresse aux \u00c9tats-Unis.<\/p>\n\n\n\n<p>Si la candidature est accept\u00e9e, la\u00a0<a href=\"https:\/\/www.esta-officiel-usa.com\/fr\/la-duree-de-validite-de-lesta\/\">dur\u00e9e de validit\u00e9 de l\u2019ESTA<\/a>\u00a0\u00a0de deux ans permet aux voyageurs d\u2019entreprendre des voyages r\u00e9guliers (90 jours maximum par s\u00e9jour).<\/p>\n\n\n\n<h2 class=\"wp-block-heading\">COMMENT OBTENIR UN CERTIFICAT ESTA ?<\/h2>\n\n\n\n<p>Le certificat ESTA ne peut \u00eatre demand\u00e9 que par Internet, via le site officiel de la douane am\u00e9ricaine ou sur des plateformes sp\u00e9cialis\u00e9es dans les voyages vers les \u00c9tats-Unis. Dans le contexte de risque terroriste qui existe d\u00e9sormais partout dans le monde, nous conseillons \u00e0 nos lecteurs de suivre scrupuleusement les crit\u00e8res d\u2019applications du certificat ESTA, sans quoi leur\u00a0<a href=\"https:\/\/www.esta-officiel-usa.com\/fr\/obtenir-un-esta-conditions-dadmission\/\">admission<\/a>\u00a0sera impossible\u00a0:<\/p>\n\n\n\n<ul class=\"wp-block-list\"><li>\u00eatre ressortissant d\u2019un pays participant au VWP sans \u00eatre \u00e9galement originaire\u00a0d&rsquo;Irak, d&rsquo;Iran, de Syrie ou du Soudan (double nationalit\u00e9)\u00a0;<\/li><li>poss\u00e9der un passeport \u00e9lectronique ou biom\u00e9trique ;<\/li><li>pr\u00e9voir un s\u00e9jour ne d\u00e9passant pas\u00a0<a href=\"https:\/\/www.esta-officiel-usa.com\/fr\/esta-usa-pour-90-jours\/\">90 jours cons\u00e9cutifs<\/a>\u00a0;<\/li><li>utiliser les services d\u2019une compagnie a\u00e9rienne ou maritime reconnue par le gouvernement am\u00e9ricain ;<\/li><li>ne pas avoir d\u2019ant\u00e9c\u00e9dents judiciaires aux \u00c9tats-Unis, ne pas souffrir de maladies contagieuses ou troubles mentaux, ne pas avoir visit\u00e9 l&rsquo;un des pays jug\u00e9s incompatibles par les autorit\u00e9s am\u00e9ricaines ;<\/li><li>ne pas avoir \u00e9t\u00e9 refus\u00e9 pour une demande de visa r\u00e9cemment.<\/li><\/ul>\n\n\n\n<p>De mani\u00e8re g\u00e9n\u00e9rale, nous conseillons aux voyageurs de proc\u00e9der \u00e0 la demande de certificat ESTA au moins 72 heures avant le d\u00e9part. Si la demande est urgente, esta-officiel-usa.com\u00a0peut vous aider \u00e0\u00a0<a href=\"https:\/\/www.esta-officiel-usa.com\/fr\/remplir-le-formulaire-esta-en-ligne\/\">remplir le formulaire ESTA en ligne<\/a>\u00a0et \u00e0 obtenir un certificat ESTA dans les plus brefs d\u00e9lais. Il offre l\u2019avantage d\u2019un service complet en fran\u00e7ais, incluant une assistance en ligne disponible 6 jours sur 7 pour r\u00e9pondre \u00e0 toutes vos questions.<\/p>\n","protected":false},"excerpt":{"rendered":"<p>LES AVANTAGES DU CERTIFICAT ESTA Si vous souhaitez vous rendre aux \u00c9tats-Unis pour des raisons touristiques ou professionnelles, alors le\u00a0certificat ESTA\u00a0est fait pour vous. Celui-ci permet notamment aux touristes ou aux voyageurs d\u2019affaires d\u2019entrer aux \u00c9tats-Unis sans devoir pr\u00e9alablement obtenir un visa am\u00e9ricain. L&rsquo;ESTA entre dans le cadre du Visa Waiver Program et facilite l&rsquo;acc\u00e8s [&hellip;]<\/p>\n","protected":false},"author":1,"featured_media":0,"parent":0,"menu_order":0,"comment_status":"closed","ping_status":"closed","template":"","meta":{"footnotes":""},"class_list":["post-59","page","type-page","status-publish","hentry"],"yoast_head":"<!-- This site is optimized with the Yoast SEO plugin v26.2 - https:\/\/yoast.com\/wordpress\/plugins\/seo\/ -->\n<title>Obtenir son certificat ESTA<\/title>\n<meta name=\"description\" content=\"Tous les voyageurs non Am\u00e9ricains d\u00e9sirants se rendre aux USA doivent se munir d&#039;une autorisation de voyage, d\u00e9couvrez comment obtenir votre ESTA.\" \/>\n<meta name=\"robots\" content=\"index, follow, max-snippet:-1, max-image-preview:large, max-video-preview:-1\" \/>\n<link rel=\"canonical\" href=\"https:\/\/www.esta-officiel-usa.com\/fr\/obtenir-le-certificat-esta\/\" \/>\n<meta property=\"og:locale\" content=\"fr_FR\" \/>\n<meta property=\"og:type\" content=\"article\" \/>\n<meta property=\"og:title\" content=\"Obtenir son certificat ESTA\" \/>\n<meta property=\"og:description\" content=\"Tous les voyageurs non Am\u00e9ricains d\u00e9sirants se rendre aux USA doivent se munir d&#039;une autorisation de voyage, d\u00e9couvrez comment obtenir votre ESTA.\" \/>\n<meta property=\"og:url\" content=\"https:\/\/www.esta-officiel-usa.com\/fr\/obtenir-le-certificat-esta\/\" \/>\n<meta property=\"og:site_name\" content=\"ESTA - Etats-Unis\" \/>\n<meta property=\"article:modified_time\" content=\"2020-02-01T17:34:15+00:00\" \/>\n<meta name=\"twitter:card\" content=\"summary_large_image\" \/>\n<meta name=\"twitter:label1\" content=\"Dur\u00e9e de lecture estim\u00e9e\" \/>\n\t<meta name=\"twitter:data1\" content=\"3 minutes\" \/>\n<script type=\"application\/ld+json\" class=\"yoast-schema-graph\">{\"@context\":\"https:\/\/schema.org\",\"@graph\":[{\"@type\":\"WebPage\",\"@id\":\"https:\/\/www.esta-officiel-usa.com\/fr\/obtenir-le-certificat-esta\/\",\"url\":\"https:\/\/www.esta-officiel-usa.com\/fr\/obtenir-le-certificat-esta\/\",\"name\":\"Obtenir son certificat ESTA\",\"isPartOf\":{\"@id\":\"https:\/\/www.esta-officiel-usa.com\/fr\/#website\"},\"datePublished\":\"2020-01-20T08:30:52+00:00\",\"dateModified\":\"2020-02-01T17:34:15+00:00\",\"description\":\"Tous les voyageurs non Am\u00e9ricains d\u00e9sirants se rendre aux USA doivent se munir d'une autorisation de voyage, d\u00e9couvrez comment obtenir votre ESTA.\",\"breadcrumb\":{\"@id\":\"https:\/\/www.esta-officiel-usa.com\/fr\/obtenir-le-certificat-esta\/#breadcrumb\"},\"inLanguage\":\"fr-FR\",\"potentialAction\":[{\"@type\":\"ReadAction\",\"target\":[\"https:\/\/www.esta-officiel-usa.com\/fr\/obtenir-le-certificat-esta\/\"]}]},{\"@type\":\"BreadcrumbList\",\"@id\":\"https:\/\/www.esta-officiel-usa.com\/fr\/obtenir-le-certificat-esta\/#breadcrumb\",\"itemListElement\":[{\"@type\":\"ListItem\",\"position\":1,\"name\":\"Home\",\"item\":\"https:\/\/www.esta-officiel-usa.com\/fr\/\"},{\"@type\":\"ListItem\",\"position\":2,\"name\":\"Obtenir son certificat ESTA\"}]},{\"@type\":\"WebSite\",\"@id\":\"https:\/\/www.esta-officiel-usa.com\/fr\/#website\",\"url\":\"https:\/\/www.esta-officiel-usa.com\/fr\/\",\"name\":\"ESTA - Etats-Unis\",\"description\":\"Formulaire de demande ESTA\",\"potentialAction\":[{\"@type\":\"SearchAction\",\"target\":{\"@type\":\"EntryPoint\",\"urlTemplate\":\"https:\/\/www.esta-officiel-usa.com\/fr\/?s={search_term_string}\"},\"query-input\":{\"@type\":\"PropertyValueSpecification\",\"valueRequired\":true,\"valueName\":\"search_term_string\"}}],\"inLanguage\":\"fr-FR\"}]}<\/script>\n<!-- \/ Yoast SEO plugin. -->","yoast_head_json":{"title":"Obtenir son certificat ESTA","description":"Tous les voyageurs non Am\u00e9ricains d\u00e9sirants se rendre aux USA doivent se munir d'une autorisation de voyage, d\u00e9couvrez comment obtenir votre ESTA.","robots":{"index":"index","follow":"follow","max-snippet":"max-snippet:-1","max-image-preview":"max-image-preview:large","max-video-preview":"max-video-preview:-1"},"canonical":"https:\/\/www.esta-officiel-usa.com\/fr\/obtenir-le-certificat-esta\/","og_locale":"fr_FR","og_type":"article","og_title":"Obtenir son certificat ESTA","og_description":"Tous les voyageurs non Am\u00e9ricains d\u00e9sirants se rendre aux USA doivent se munir d'une autorisation de voyage, d\u00e9couvrez comment obtenir votre ESTA.","og_url":"https:\/\/www.esta-officiel-usa.com\/fr\/obtenir-le-certificat-esta\/","og_site_name":"ESTA - Etats-Unis","article_modified_time":"2020-02-01T17:34:15+00:00","twitter_card":"summary_large_image","twitter_misc":{"Dur\u00e9e de lecture estim\u00e9e":"3 minutes"},"schema":{"@context":"https:\/\/schema.org","@graph":[{"@type":"WebPage","@id":"https:\/\/www.esta-officiel-usa.com\/fr\/obtenir-le-certificat-esta\/","url":"https:\/\/www.esta-officiel-usa.com\/fr\/obtenir-le-certificat-esta\/","name":"Obtenir son certificat ESTA","isPartOf":{"@id":"https:\/\/www.esta-officiel-usa.com\/fr\/#website"},"datePublished":"2020-01-20T08:30:52+00:00","dateModified":"2020-02-01T17:34:15+00:00","description":"Tous les voyageurs non Am\u00e9ricains d\u00e9sirants se rendre aux USA doivent se munir d'une autorisation de voyage, d\u00e9couvrez comment obtenir votre ESTA.","breadcrumb":{"@id":"https:\/\/www.esta-officiel-usa.com\/fr\/obtenir-le-certificat-esta\/#breadcrumb"},"inLanguage":"fr-FR","potentialAction":[{"@type":"ReadAction","target":["https:\/\/www.esta-officiel-usa.com\/fr\/obtenir-le-certificat-esta\/"]}]},{"@type":"BreadcrumbList","@id":"https:\/\/www.esta-officiel-usa.com\/fr\/obtenir-le-certificat-esta\/#breadcrumb","itemListElement":[{"@type":"ListItem","position":1,"name":"Home","item":"https:\/\/www.esta-officiel-usa.com\/fr\/"},{"@type":"ListItem","position":2,"name":"Obtenir son certificat ESTA"}]},{"@type":"WebSite","@id":"https:\/\/www.esta-officiel-usa.com\/fr\/#website","url":"https:\/\/www.esta-officiel-usa.com\/fr\/","name":"ESTA - Etats-Unis","description":"Formulaire de demande ESTA","potentialAction":[{"@type":"SearchAction","target":{"@type":"EntryPoint","urlTemplate":"https:\/\/www.esta-officiel-usa.com\/fr\/?s={search_term_string}"},"query-input":{"@type":"PropertyValueSpecification","valueRequired":true,"valueName":"search_term_string"}}],"inLanguage":"fr-FR"}]}},"_links":{"self":[{"href":"https:\/\/www.esta-officiel-usa.com\/fr\/wp-json\/wp\/v2\/pages\/59","targetHints":{"allow":["GET"]}}],"collection":[{"href":"https:\/\/www.esta-officiel-usa.com\/fr\/wp-json\/wp\/v2\/pages"}],"about":[{"href":"https:\/\/www.esta-officiel-usa.com\/fr\/wp-json\/wp\/v2\/types\/page"}],"author":[{"embeddable":true,"href":"https:\/\/www.esta-officiel-usa.com\/fr\/wp-json\/wp\/v2\/users\/1"}],"replies":[{"embeddable":true,"href":"https:\/\/www.esta-officiel-usa.com\/fr\/wp-json\/wp\/v2\/comments?post=59"}],"version-history":[{"count":2,"href":"https:\/\/www.esta-officiel-usa.com\/fr\/wp-json\/wp\/v2\/pages\/59\/revisions"}],"predecessor-version":[{"id":533,"href":"https:\/\/www.esta-officiel-usa.com\/fr\/wp-json\/wp\/v2\/pages\/59\/revisions\/533"}],"wp:attachment":[{"href":"https:\/\/www.esta-officiel-usa.com\/fr\/wp-json\/wp\/v2\/media?parent=59"}],"curies":[{"name":"wp","href":"https:\/\/api.w.org\/{rel}","templated":true}]}}