{"id":61,"date":"2020-01-20T08:33:59","date_gmt":"2020-01-20T08:33:59","guid":{"rendered":"http:\/\/esta-officiel-usa.com\/?page_id=61"},"modified":"2020-02-01T13:23:58","modified_gmt":"2020-02-01T13:23:58","slug":"quand-faire-la-demande-desta","status":"publish","type":"page","link":"https:\/\/www.esta-officiel-usa.com\/fr\/quand-faire-la-demande-desta\/","title":{"rendered":"Quand faire sa demande d&rsquo;ESTA"},"content":{"rendered":"\n<h1 class=\"wp-block-heading\">DEMANDE D\u2019ESTA : QUAND LA FAIRE ET QUEL D\u00c9LAI ?<\/h1>\n\n\n\n<p>Dans la plupart des cas, il est possible d\u2019obtenir son\u00a0<a href=\"https:\/\/www.esta-officiel-usa.com\/fr\/\">autorisation ESTA<\/a>\u00a0en quelques heures. Mais attention, la plupart ne signifie pas la totalit\u00e9 ! Nous vous conseillons donc de faire\u00a0votre demande au moins 72h \u00e0 l\u2019avance, afin d\u2019anticiper tout retard ou complication dans le traitement de votre formulaire. Vos pr\u00e9paratifs n\u2019en seront que plus tranquilles.<\/p>\n\n\n\n<h2 class=\"wp-block-heading\">LE TEMPS N\u00c9CESSAIRE POUR VOTRE R\u00c9PONSE D\u2019ESTA<\/h2>\n\n\n\n<p>L\u2019autorisation ESTA est obligatoire pour acc\u00e9der au territoire des USA, si vous remplissez les crit\u00e8res d\u2019obtention. Veillez toutefois \u00e0 vous y prendre \u00e0 temps pour envoyer votre demande. Tout d\u2019abord, vous devez \u00eatre citoyen de l\u2019un des 38 pays adh\u00e9rant au VWP ou Programme d\u2019Exemption de Visa (certaines exceptions s&rsquo;appliquent pour la double nationalit\u00e9). Dans le cas contraire, vous avez besoin d\u2019un visa pour vous rendre sur le sol am\u00e9ricain. L\u2019ESTA officiel est sujet \u00e0 d&rsquo;autres conditions&nbsp;:<\/p>\n\n\n\n<ul class=\"wp-block-list\"><li>90 jours cons\u00e9cutifs maximum ;<\/li><li>Pour tourisme, transit ou affaires ;<\/li><li>Avec un passeport biom\u00e9trique ou \u00e9lmectronique valide jusqu\u2019\u00e0 la fin du s\u00e9jour.<\/li><\/ul>\n\n\n\n<p>Vous respectez ces crit\u00e8res ? Vous pouvez donc vous munir de votre passeport et remplir le questionnaire en ligne, qui sera trait\u00e9 par les autorit\u00e9s am\u00e9ricaines.<\/p>\n\n\n\n<p>N\u2019attendez pas d\u2019avoir d\u00e9fini toutes les modalit\u00e9s du voyage (date de d\u00e9part, r\u00e9servation des billets\u2026) pour entamer la proc\u00e9dure. Le d\u00e9lai maximum de traitement est de 72h, ne prenez pas le risque de soumettre votre formulaire la veille du d\u00e9collage par exemple. En cas d\u2019erreur de frappe, vous pouvez vous retrouver sans ESTA \u00e0 l\u2019a\u00e9roport et dans ce cas, impossible d\u2019entrer aux \u00c9tats-Unis.<\/p>\n\n\n\n<p>Vous l\u2019aurez compris, m\u00eame si 99 % des demandes obtiennent une r\u00e9ponse positive rapidement, mieux vaut anticiper votre d\u00e9marche d\u00e8s que vous avez quelques minutes ! Dans le pire des cas, vous recevez un refus qui n\u00e9cessitera \u00e9ventuellement une sollicitation de visa. Si cela vous arrive, il vous faudra beaucoup plus de temps pour esp\u00e9rer voyager aux USA (et le co\u00fbt sera sup\u00e9rieur).<\/p>\n\n\n\n<h2 class=\"wp-block-heading\">UN SEUL MOT D\u2019ORDRE : ANTICIPER VOTRE DEMANDE !<\/h2>\n\n\n\n<p>Que se passe-t-il une fois votre\u00a0<a href=\"https:\/\/www.esta-officiel-usa.com\/fr\/le-formulaire-esta-usa-en-francais\/\">formulaire ESTA<\/a>\u00a0envoy\u00e9 aux autorit\u00e9s am\u00e9ricaines sur Internet ? Vos r\u00e9ponses sont trait\u00e9es informatiquement, afin de v\u00e9rifier que vos informations sont correctes et que vous ne repr\u00e9sentez aucun danger pour la s\u00e9curit\u00e9 int\u00e9rieure des \u00c9tats-Unis. Ne pensez pas qu\u2019\u00e0 partir du moment o\u00f9 votre formulaire vous semble bien rempli, l\u2019autorisation sera forc\u00e9ment d\u00e9livr\u00e9e rapidement. En effet, il arrive par exemple que votre dossier soit tir\u00e9 au hasard pour une \u00e9tude approfondie. Ceci est totalement impr\u00e9visible, c\u2019est la raison pour laquelle toute anticipation est la bienvenue.<\/p>\n\n\n\n<p>Nous rappelons toutefois qu\u2019un ESTA est g\u00e9n\u00e9ralement d\u00e9livr\u00e9 bien avant 72h. Si vous n\u2019avez pas pu anticiper le voyage (raison professionnelle de derni\u00e8re minute par exemple), soyez relativement serein : il est probable que vous puissiez tout de m\u00eame prendre votre avion ou votre bateau pour les USA.<\/p>\n\n\n\n<p>Beaucoup d\u2019autres questions se posent quant au\u00a0<a href=\"https:\/\/www.esta-officiel-usa.com\/fr\/le-prix-dun-esta\/\">prix de l\u2019ESTA<\/a>, aux types de passeport ou \u00e0 la\u00a0<a href=\"https:\/\/www.esta-officiel-usa.com\/fr\/demande-desta-sur-site-officiel\/\">demande d\u2019ESTA sur le site officiel<\/a>. Consultez nos autres pages pour avoir les r\u00e9ponses !<\/p>\n","protected":false},"excerpt":{"rendered":"<p>DEMANDE D\u2019ESTA : QUAND LA FAIRE ET QUEL D\u00c9LAI ? Dans la plupart des cas, il est possible d\u2019obtenir son\u00a0autorisation ESTA\u00a0en quelques heures. Mais attention, la plupart ne signifie pas la totalit\u00e9 ! Nous vous conseillons donc de faire\u00a0votre demande au moins 72h \u00e0 l\u2019avance, afin d\u2019anticiper tout retard ou complication dans le traitement de [&hellip;]<\/p>\n","protected":false},"author":1,"featured_media":0,"parent":0,"menu_order":0,"comment_status":"closed","ping_status":"closed","template":"","meta":{"footnotes":""},"class_list":["post-61","page","type-page","status-publish","hentry"],"yoast_head":"<!-- This site is optimized with the Yoast SEO plugin v26.2 - https:\/\/yoast.com\/wordpress\/plugins\/seo\/ -->\n<title>Quand faire sa demande d&#039;ESTA<\/title>\n<meta name=\"description\" content=\"M\u00eame s&#039;il est possible d&#039;obternir votre demande d&#039;ESTA en quelques heures, pour plus de s\u00e9r\u00e9nit\u00e9 d\u00e9couvrez quand faire votre demande.\" \/>\n<meta name=\"robots\" content=\"index, follow, max-snippet:-1, max-image-preview:large, max-video-preview:-1\" \/>\n<link rel=\"canonical\" href=\"https:\/\/www.esta-officiel-usa.com\/fr\/quand-faire-la-demande-desta\/\" \/>\n<meta property=\"og:locale\" content=\"fr_FR\" \/>\n<meta property=\"og:type\" content=\"article\" \/>\n<meta property=\"og:title\" content=\"Quand faire sa demande d&#039;ESTA\" \/>\n<meta property=\"og:description\" content=\"M\u00eame s&#039;il est possible d&#039;obternir votre demande d&#039;ESTA en quelques heures, pour plus de s\u00e9r\u00e9nit\u00e9 d\u00e9couvrez quand faire votre demande.\" \/>\n<meta property=\"og:url\" content=\"https:\/\/www.esta-officiel-usa.com\/fr\/quand-faire-la-demande-desta\/\" \/>\n<meta property=\"og:site_name\" content=\"ESTA - Etats-Unis\" \/>\n<meta property=\"article:modified_time\" content=\"2020-02-01T13:23:58+00:00\" \/>\n<meta name=\"twitter:card\" content=\"summary_large_image\" \/>\n<meta name=\"twitter:label1\" content=\"Dur\u00e9e de lecture estim\u00e9e\" \/>\n\t<meta name=\"twitter:data1\" content=\"3 minutes\" \/>\n<script type=\"application\/ld+json\" class=\"yoast-schema-graph\">{\"@context\":\"https:\/\/schema.org\",\"@graph\":[{\"@type\":\"WebPage\",\"@id\":\"https:\/\/www.esta-officiel-usa.com\/fr\/quand-faire-la-demande-desta\/\",\"url\":\"https:\/\/www.esta-officiel-usa.com\/fr\/quand-faire-la-demande-desta\/\",\"name\":\"Quand faire sa demande d'ESTA\",\"isPartOf\":{\"@id\":\"https:\/\/www.esta-officiel-usa.com\/fr\/#website\"},\"datePublished\":\"2020-01-20T08:33:59+00:00\",\"dateModified\":\"2020-02-01T13:23:58+00:00\",\"description\":\"M\u00eame s'il est possible d'obternir votre demande d'ESTA en quelques heures, pour plus de s\u00e9r\u00e9nit\u00e9 d\u00e9couvrez quand faire votre demande.\",\"breadcrumb\":{\"@id\":\"https:\/\/www.esta-officiel-usa.com\/fr\/quand-faire-la-demande-desta\/#breadcrumb\"},\"inLanguage\":\"fr-FR\",\"potentialAction\":[{\"@type\":\"ReadAction\",\"target\":[\"https:\/\/www.esta-officiel-usa.com\/fr\/quand-faire-la-demande-desta\/\"]}]},{\"@type\":\"BreadcrumbList\",\"@id\":\"https:\/\/www.esta-officiel-usa.com\/fr\/quand-faire-la-demande-desta\/#breadcrumb\",\"itemListElement\":[{\"@type\":\"ListItem\",\"position\":1,\"name\":\"Home\",\"item\":\"https:\/\/www.esta-officiel-usa.com\/fr\/\"},{\"@type\":\"ListItem\",\"position\":2,\"name\":\"Quand faire sa demande d&rsquo;ESTA\"}]},{\"@type\":\"WebSite\",\"@id\":\"https:\/\/www.esta-officiel-usa.com\/fr\/#website\",\"url\":\"https:\/\/www.esta-officiel-usa.com\/fr\/\",\"name\":\"ESTA - Etats-Unis\",\"description\":\"Formulaire de demande ESTA\",\"potentialAction\":[{\"@type\":\"SearchAction\",\"target\":{\"@type\":\"EntryPoint\",\"urlTemplate\":\"https:\/\/www.esta-officiel-usa.com\/fr\/?s={search_term_string}\"},\"query-input\":{\"@type\":\"PropertyValueSpecification\",\"valueRequired\":true,\"valueName\":\"search_term_string\"}}],\"inLanguage\":\"fr-FR\"}]}<\/script>\n<!-- \/ Yoast SEO plugin. -->","yoast_head_json":{"title":"Quand faire sa demande d'ESTA","description":"M\u00eame s'il est possible d'obternir votre demande d'ESTA en quelques heures, pour plus de s\u00e9r\u00e9nit\u00e9 d\u00e9couvrez quand faire votre demande.","robots":{"index":"index","follow":"follow","max-snippet":"max-snippet:-1","max-image-preview":"max-image-preview:large","max-video-preview":"max-video-preview:-1"},"canonical":"https:\/\/www.esta-officiel-usa.com\/fr\/quand-faire-la-demande-desta\/","og_locale":"fr_FR","og_type":"article","og_title":"Quand faire sa demande d'ESTA","og_description":"M\u00eame s'il est possible d'obternir votre demande d'ESTA en quelques heures, pour plus de s\u00e9r\u00e9nit\u00e9 d\u00e9couvrez quand faire votre demande.","og_url":"https:\/\/www.esta-officiel-usa.com\/fr\/quand-faire-la-demande-desta\/","og_site_name":"ESTA - Etats-Unis","article_modified_time":"2020-02-01T13:23:58+00:00","twitter_card":"summary_large_image","twitter_misc":{"Dur\u00e9e de lecture estim\u00e9e":"3 minutes"},"schema":{"@context":"https:\/\/schema.org","@graph":[{"@type":"WebPage","@id":"https:\/\/www.esta-officiel-usa.com\/fr\/quand-faire-la-demande-desta\/","url":"https:\/\/www.esta-officiel-usa.com\/fr\/quand-faire-la-demande-desta\/","name":"Quand faire sa demande d'ESTA","isPartOf":{"@id":"https:\/\/www.esta-officiel-usa.com\/fr\/#website"},"datePublished":"2020-01-20T08:33:59+00:00","dateModified":"2020-02-01T13:23:58+00:00","description":"M\u00eame s'il est possible d'obternir votre demande d'ESTA en quelques heures, pour plus de s\u00e9r\u00e9nit\u00e9 d\u00e9couvrez quand faire votre demande.","breadcrumb":{"@id":"https:\/\/www.esta-officiel-usa.com\/fr\/quand-faire-la-demande-desta\/#breadcrumb"},"inLanguage":"fr-FR","potentialAction":[{"@type":"ReadAction","target":["https:\/\/www.esta-officiel-usa.com\/fr\/quand-faire-la-demande-desta\/"]}]},{"@type":"BreadcrumbList","@id":"https:\/\/www.esta-officiel-usa.com\/fr\/quand-faire-la-demande-desta\/#breadcrumb","itemListElement":[{"@type":"ListItem","position":1,"name":"Home","item":"https:\/\/www.esta-officiel-usa.com\/fr\/"},{"@type":"ListItem","position":2,"name":"Quand faire sa demande d&rsquo;ESTA"}]},{"@type":"WebSite","@id":"https:\/\/www.esta-officiel-usa.com\/fr\/#website","url":"https:\/\/www.esta-officiel-usa.com\/fr\/","name":"ESTA - Etats-Unis","description":"Formulaire de demande ESTA","potentialAction":[{"@type":"SearchAction","target":{"@type":"EntryPoint","urlTemplate":"https:\/\/www.esta-officiel-usa.com\/fr\/?s={search_term_string}"},"query-input":{"@type":"PropertyValueSpecification","valueRequired":true,"valueName":"search_term_string"}}],"inLanguage":"fr-FR"}]}},"_links":{"self":[{"href":"https:\/\/www.esta-officiel-usa.com\/fr\/wp-json\/wp\/v2\/pages\/61","targetHints":{"allow":["GET"]}}],"collection":[{"href":"https:\/\/www.esta-officiel-usa.com\/fr\/wp-json\/wp\/v2\/pages"}],"about":[{"href":"https:\/\/www.esta-officiel-usa.com\/fr\/wp-json\/wp\/v2\/types\/page"}],"author":[{"embeddable":true,"href":"https:\/\/www.esta-officiel-usa.com\/fr\/wp-json\/wp\/v2\/users\/1"}],"replies":[{"embeddable":true,"href":"https:\/\/www.esta-officiel-usa.com\/fr\/wp-json\/wp\/v2\/comments?post=61"}],"version-history":[{"count":2,"href":"https:\/\/www.esta-officiel-usa.com\/fr\/wp-json\/wp\/v2\/pages\/61\/revisions"}],"predecessor-version":[{"id":495,"href":"https:\/\/www.esta-officiel-usa.com\/fr\/wp-json\/wp\/v2\/pages\/61\/revisions\/495"}],"wp:attachment":[{"href":"https:\/\/www.esta-officiel-usa.com\/fr\/wp-json\/wp\/v2\/media?parent=61"}],"curies":[{"name":"wp","href":"https:\/\/api.w.org\/{rel}","templated":true}]}}