{"id":63,"date":"2020-01-20T08:37:44","date_gmt":"2020-01-20T08:37:44","guid":{"rendered":"http:\/\/esta-officiel-usa.com\/?page_id=63"},"modified":"2020-02-01T17:22:57","modified_gmt":"2020-02-01T17:22:57","slug":"modifier-le-formulaire-esta-usa","status":"publish","type":"page","link":"https:\/\/www.esta-officiel-usa.com\/fr\/modifier-le-formulaire-esta-usa\/","title":{"rendered":"Modifier le formulaire d&rsquo;ESTA"},"content":{"rendered":"\n<h1 class=\"wp-block-heading\">MODIFIER UN FORMULAIRE ESTA<\/h1>\n\n\n\n<p>Si vous projetez de partir en voyage aux \u00c9tats-Unis, il vous faut imp\u00e9rativement une autorisation de s\u00e9jour (ESTA, green card, visa) \u00e0 jour.<\/p>\n\n\n\n<p>Si vous disposez d\u2019ores et d\u00e9j\u00e0 d\u2019un\u00a0<a href=\"https:\/\/www.esta-officiel-usa.com\/fr\/\">ESTA<\/a>\u00a0mais que ce dernier comporte une erreur ou ne correspond plus \u00e0 votre situation actuelle, vous devez imp\u00e9rativement le faire modifier.<br>\u00a0<\/p>\n\n\n\n<h2 class=\"wp-block-heading\">MODIFICATION DE L\u2019ESTA PAYANTE<\/h2>\n\n\n\n<p>Un ESTA peut \u00eatre modifi\u00e9 pour plusieurs raisons. En effet, le\u00a0<a href=\"https:\/\/www.esta-officiel-usa.com\/fr\/obtenir-le-formulaire-esta-en-ligne\/\">formulaire ESTA<\/a>\u00a0obligatoire comporte de nombreuses rubriques, avec une multitude de questions pour chacune d\u2019entre elles. Ainsi, nul n\u2019est \u00e0 l\u2019abri de commettre une erreur !<\/p>\n\n\n\n<p>esta-officiel-usa.com a \u00e9t\u00e9 cr\u00e9\u00e9 afin de limiter ce risque. Nos \u00e9quipes, expertes en formalit\u00e9s de voyage, v\u00e9rifient une \u00e0 une vos r\u00e9ponses afin de vous permettre de partir sereinement aux \u00c9tats-Unis. En effet, la moindre erreur commise au moment du remplissage peut conduire les\u00a0<a href=\"https:\/\/www.esta-officiel-usa.com\/fr\/passer-les-controles-des-douanes-americaines\/\">douanes<\/a>\u00a0am\u00e9ricaines \u00e0 vous refuser l\u2019acc\u00e8s \u00e0 leur sol, si elles s\u2019aper\u00e7oivent que vos donn\u00e9es sont erron\u00e9es ou non actualis\u00e9es.<\/p>\n\n\n\n<p>Ainsi, si vous devez proc\u00e9der \u00e0 une modification d\u2019ESTA, sachez que dans la plupart des cas, vous devez effectuer une nouvelle demande d\u2019autorisation. La proc\u00e9dure \u00e0 appliquer est la m\u00eame que celle utilis\u00e9e pour une premi\u00e8re demande, donc payante.<\/p>\n\n\n\n<p>Au moment du remplissage, afin de ne pas commettre une nouvelle erreur, soyez vigilant concernant les points suivants :<\/p>\n\n\n\n<ul class=\"wp-block-list\"><li>l\u2019\u00e9tat civil report\u00e9 sur le formulaire doit correspondre aux donn\u00e9es inscrites sur\u00a0<a href=\"https:\/\/www.esta-officiel-usa.com\/fr\/quel-type-de-passeport-pour-les-usa\/\">votre passeport<\/a>\u00a0(nom, pr\u00e9nom, statut marital\u2026).<\/li><li>les informations relatives au passeport (num\u00e9ro, date de d\u00e9livrance, date d\u2019expiration) doivent \u00eatre scrupuleusement report\u00e9es. Seuls les passeports de types \u00e9lectroniques ou biom\u00e9triques sont autoris\u00e9s. Leur dur\u00e9e de validit\u00e9 doit couvrir toute la dur\u00e9e du s\u00e9jour;<\/li><li>les donn\u00e9es en lien avec vos ant\u00e9c\u00e9dents judiciaires et m\u00e9dicaux doivent \u00e9galement correspondre \u00e0 la stricte r\u00e9alit\u00e9. En effet, on ne blague pas en mati\u00e8re de s\u00e9curit\u00e9 aux \u00c9tats-Unis !<\/li><\/ul>\n\n\n\n<p>Si vous souhaitez obtenir votre ESTA modifi\u00e9 rapidement, sachez que la d\u00e9marche peut \u00eatre r\u00e9alis\u00e9e tr\u00e8s facilement sur esta-officiel-usa.com. Vous recevrez votre ESTA \u00e0 jour, sous 72 heures, et le plus souvent le jour m\u00eame.<br>&nbsp;<\/p>\n\n\n\n<h2 class=\"wp-block-heading\">LA MODIFICATION DE L\u2019ESTA GRATUITE<\/h2>\n\n\n\n<p>Certaines donn\u00e9es de l\u2019ESTA peuvent&nbsp;\u00eatre modifi\u00e9es gratuitement en ligne.<\/p>\n\n\n\n<p>C\u2019est le cas si l\u2019adresse physique \u00e0 laquelle vous vous rendez est modifi\u00e9e, ou si vous avez chang\u00e9 d\u2019adresse mail.<\/p>\n\n\n\n<p>Dans tous les autres cas, la proc\u00e9dure de changement est payante comme \u00e9voqu\u00e9 pr\u00e9c\u00e9demment.<\/p>\n\n\n\n<p>Avant votre voyage, pensez \u00e9galement \u00e0 v\u00e9rifier que votre ESTA initial est toujours valable. Le document poss\u00e8de une dur\u00e9e de validit\u00e9 de deux ans.<\/p>\n\n\n\n<p>Si votre autorisation n\u2019est plus valide, vous devez imp\u00e9rativement en commander une nouvelle. La d\u00e9marche est la m\u00eame que celle requise pour une modification ou une demande initiale.<br><\/p>\n","protected":false},"excerpt":{"rendered":"<p>MODIFIER UN FORMULAIRE ESTA Si vous projetez de partir en voyage aux \u00c9tats-Unis, il vous faut imp\u00e9rativement une autorisation de s\u00e9jour (ESTA, green card, visa) \u00e0 jour. Si vous disposez d\u2019ores et d\u00e9j\u00e0 d\u2019un\u00a0ESTA\u00a0mais que ce dernier comporte une erreur ou ne correspond plus \u00e0 votre situation actuelle, vous devez imp\u00e9rativement le faire modifier.\u00a0 MODIFICATION [&hellip;]<\/p>\n","protected":false},"author":1,"featured_media":0,"parent":0,"menu_order":0,"comment_status":"closed","ping_status":"closed","template":"","meta":{"footnotes":""},"class_list":["post-63","page","type-page","status-publish","hentry"],"yoast_head":"<!-- This site is optimized with the Yoast SEO plugin v26.2 - https:\/\/yoast.com\/wordpress\/plugins\/seo\/ -->\n<title>Modifier le formulaire d&#039;ESTA<\/title>\n<meta name=\"description\" content=\"Vous disposez d\u00e9j\u00e0 d\u2019un ESTA mais il ne correspond plus \u00e0 votre situation actuelle, nos \u00e9quipes vous expliquent comment le modifier.\" \/>\n<meta name=\"robots\" content=\"index, follow, max-snippet:-1, max-image-preview:large, max-video-preview:-1\" \/>\n<link rel=\"canonical\" href=\"https:\/\/www.esta-officiel-usa.com\/fr\/modifier-le-formulaire-esta-usa\/\" \/>\n<meta property=\"og:locale\" content=\"fr_FR\" \/>\n<meta property=\"og:type\" content=\"article\" \/>\n<meta property=\"og:title\" content=\"Modifier le formulaire d&#039;ESTA\" \/>\n<meta property=\"og:description\" content=\"Vous disposez d\u00e9j\u00e0 d\u2019un ESTA mais il ne correspond plus \u00e0 votre situation actuelle, nos \u00e9quipes vous expliquent comment le modifier.\" \/>\n<meta property=\"og:url\" content=\"https:\/\/www.esta-officiel-usa.com\/fr\/modifier-le-formulaire-esta-usa\/\" \/>\n<meta property=\"og:site_name\" content=\"ESTA - Etats-Unis\" \/>\n<meta property=\"article:modified_time\" content=\"2020-02-01T17:22:57+00:00\" \/>\n<meta name=\"twitter:card\" content=\"summary_large_image\" \/>\n<meta name=\"twitter:label1\" content=\"Dur\u00e9e de lecture estim\u00e9e\" \/>\n\t<meta name=\"twitter:data1\" content=\"2 minutes\" \/>\n<script type=\"application\/ld+json\" class=\"yoast-schema-graph\">{\"@context\":\"https:\/\/schema.org\",\"@graph\":[{\"@type\":\"WebPage\",\"@id\":\"https:\/\/www.esta-officiel-usa.com\/fr\/modifier-le-formulaire-esta-usa\/\",\"url\":\"https:\/\/www.esta-officiel-usa.com\/fr\/modifier-le-formulaire-esta-usa\/\",\"name\":\"Modifier le formulaire d'ESTA\",\"isPartOf\":{\"@id\":\"https:\/\/www.esta-officiel-usa.com\/fr\/#website\"},\"datePublished\":\"2020-01-20T08:37:44+00:00\",\"dateModified\":\"2020-02-01T17:22:57+00:00\",\"description\":\"Vous disposez d\u00e9j\u00e0 d\u2019un ESTA mais il ne correspond plus \u00e0 votre situation actuelle, nos \u00e9quipes vous expliquent comment le modifier.\",\"breadcrumb\":{\"@id\":\"https:\/\/www.esta-officiel-usa.com\/fr\/modifier-le-formulaire-esta-usa\/#breadcrumb\"},\"inLanguage\":\"fr-FR\",\"potentialAction\":[{\"@type\":\"ReadAction\",\"target\":[\"https:\/\/www.esta-officiel-usa.com\/fr\/modifier-le-formulaire-esta-usa\/\"]}]},{\"@type\":\"BreadcrumbList\",\"@id\":\"https:\/\/www.esta-officiel-usa.com\/fr\/modifier-le-formulaire-esta-usa\/#breadcrumb\",\"itemListElement\":[{\"@type\":\"ListItem\",\"position\":1,\"name\":\"Home\",\"item\":\"https:\/\/www.esta-officiel-usa.com\/fr\/\"},{\"@type\":\"ListItem\",\"position\":2,\"name\":\"Modifier le formulaire d&rsquo;ESTA\"}]},{\"@type\":\"WebSite\",\"@id\":\"https:\/\/www.esta-officiel-usa.com\/fr\/#website\",\"url\":\"https:\/\/www.esta-officiel-usa.com\/fr\/\",\"name\":\"ESTA - Etats-Unis\",\"description\":\"Formulaire de demande ESTA\",\"potentialAction\":[{\"@type\":\"SearchAction\",\"target\":{\"@type\":\"EntryPoint\",\"urlTemplate\":\"https:\/\/www.esta-officiel-usa.com\/fr\/?s={search_term_string}\"},\"query-input\":{\"@type\":\"PropertyValueSpecification\",\"valueRequired\":true,\"valueName\":\"search_term_string\"}}],\"inLanguage\":\"fr-FR\"}]}<\/script>\n<!-- \/ Yoast SEO plugin. -->","yoast_head_json":{"title":"Modifier le formulaire d'ESTA","description":"Vous disposez d\u00e9j\u00e0 d\u2019un ESTA mais il ne correspond plus \u00e0 votre situation actuelle, nos \u00e9quipes vous expliquent comment le modifier.","robots":{"index":"index","follow":"follow","max-snippet":"max-snippet:-1","max-image-preview":"max-image-preview:large","max-video-preview":"max-video-preview:-1"},"canonical":"https:\/\/www.esta-officiel-usa.com\/fr\/modifier-le-formulaire-esta-usa\/","og_locale":"fr_FR","og_type":"article","og_title":"Modifier le formulaire d'ESTA","og_description":"Vous disposez d\u00e9j\u00e0 d\u2019un ESTA mais il ne correspond plus \u00e0 votre situation actuelle, nos \u00e9quipes vous expliquent comment le modifier.","og_url":"https:\/\/www.esta-officiel-usa.com\/fr\/modifier-le-formulaire-esta-usa\/","og_site_name":"ESTA - Etats-Unis","article_modified_time":"2020-02-01T17:22:57+00:00","twitter_card":"summary_large_image","twitter_misc":{"Dur\u00e9e de lecture estim\u00e9e":"2 minutes"},"schema":{"@context":"https:\/\/schema.org","@graph":[{"@type":"WebPage","@id":"https:\/\/www.esta-officiel-usa.com\/fr\/modifier-le-formulaire-esta-usa\/","url":"https:\/\/www.esta-officiel-usa.com\/fr\/modifier-le-formulaire-esta-usa\/","name":"Modifier le formulaire d'ESTA","isPartOf":{"@id":"https:\/\/www.esta-officiel-usa.com\/fr\/#website"},"datePublished":"2020-01-20T08:37:44+00:00","dateModified":"2020-02-01T17:22:57+00:00","description":"Vous disposez d\u00e9j\u00e0 d\u2019un ESTA mais il ne correspond plus \u00e0 votre situation actuelle, nos \u00e9quipes vous expliquent comment le modifier.","breadcrumb":{"@id":"https:\/\/www.esta-officiel-usa.com\/fr\/modifier-le-formulaire-esta-usa\/#breadcrumb"},"inLanguage":"fr-FR","potentialAction":[{"@type":"ReadAction","target":["https:\/\/www.esta-officiel-usa.com\/fr\/modifier-le-formulaire-esta-usa\/"]}]},{"@type":"BreadcrumbList","@id":"https:\/\/www.esta-officiel-usa.com\/fr\/modifier-le-formulaire-esta-usa\/#breadcrumb","itemListElement":[{"@type":"ListItem","position":1,"name":"Home","item":"https:\/\/www.esta-officiel-usa.com\/fr\/"},{"@type":"ListItem","position":2,"name":"Modifier le formulaire d&rsquo;ESTA"}]},{"@type":"WebSite","@id":"https:\/\/www.esta-officiel-usa.com\/fr\/#website","url":"https:\/\/www.esta-officiel-usa.com\/fr\/","name":"ESTA - Etats-Unis","description":"Formulaire de demande ESTA","potentialAction":[{"@type":"SearchAction","target":{"@type":"EntryPoint","urlTemplate":"https:\/\/www.esta-officiel-usa.com\/fr\/?s={search_term_string}"},"query-input":{"@type":"PropertyValueSpecification","valueRequired":true,"valueName":"search_term_string"}}],"inLanguage":"fr-FR"}]}},"_links":{"self":[{"href":"https:\/\/www.esta-officiel-usa.com\/fr\/wp-json\/wp\/v2\/pages\/63","targetHints":{"allow":["GET"]}}],"collection":[{"href":"https:\/\/www.esta-officiel-usa.com\/fr\/wp-json\/wp\/v2\/pages"}],"about":[{"href":"https:\/\/www.esta-officiel-usa.com\/fr\/wp-json\/wp\/v2\/types\/page"}],"author":[{"embeddable":true,"href":"https:\/\/www.esta-officiel-usa.com\/fr\/wp-json\/wp\/v2\/users\/1"}],"replies":[{"embeddable":true,"href":"https:\/\/www.esta-officiel-usa.com\/fr\/wp-json\/wp\/v2\/comments?post=63"}],"version-history":[{"count":2,"href":"https:\/\/www.esta-officiel-usa.com\/fr\/wp-json\/wp\/v2\/pages\/63\/revisions"}],"predecessor-version":[{"id":531,"href":"https:\/\/www.esta-officiel-usa.com\/fr\/wp-json\/wp\/v2\/pages\/63\/revisions\/531"}],"wp:attachment":[{"href":"https:\/\/www.esta-officiel-usa.com\/fr\/wp-json\/wp\/v2\/media?parent=63"}],"curies":[{"name":"wp","href":"https:\/\/api.w.org\/{rel}","templated":true}]}}